{"id":22645,"date":"2025-06-11T22:40:49","date_gmt":"2025-06-11T22:40:49","guid":{"rendered":"https:\/\/vitablanca.ma\/product\/vichy-liftactiv-supeme-h-a-epidermic-filler-serum-30ml\/"},"modified":"2025-08-21T13:25:27","modified_gmt":"2025-08-21T13:25:27","slug":"vichy-liftactiv-supeme-h-a-epidermic-filler-serum-30ml","status":"publish","type":"product","link":"https:\/\/vitablanca.ma\/en\/product\/vichy-liftactiv-supeme-h-a-epidermic-filler-serum-30ml\/","title":{"rendered":"Vichy Liftactiv Sup\u00eame HA Epidermic Filler Serum 30ml"},"content":{"rendered":"<h2>Vichy Liftactiv Sup\u00eame HA Epidermic Filler Serum 30ml<\/h2>\n<p>Naturally present in the skin, hyaluronic acid is a molecule that contributes to its firmness. However, its concentration and production begin to decline from the age of 20, and drop sharply from the age of 40. To maintain plump and smooth skin, it is essential to replenish daily hyaluronic acid losses with a hyaluronic acid serum.<\/p>\n<p>HA Epidermic Filler LIFTACTIV SUPREME is a highly concentrated anti-aging hyaluronic acid serum that targets wrinkles and loss of firmness on the face and eye area. Applied daily, this anti-aging facial serum delivers just the right dose of hyaluronic acid for fast, visible results.<\/p>\n<p>Designed for all skin types, its watery texture instantly absorbs into the skin, allowing you to continue your anti-aging skincare routine without delay.<\/p>\n<p>Day after day, wrinkles are less visible, the skin is plumped and bouncy.<\/p>\n<p>*Based on formula concentration with daily morning and evening application.<\/p>\n<p><strong><span>DIRECTIONS FOR USE:<\/span><\/strong><\/p>\n<p>Morning and evening on clean, dry skin, apply a few drops of HA Epidermic Filler hyaluronic acid serum directly to the crow&#039;s feet and nasolabial fold, then spread the product over the entire face.<\/p>\n<p>Complete your anti-wrinkle skincare routine with a LIFTACTIV SUPREME day or night cream, followed by a facial sunscreen only in the morning.<\/p>","protected":false},"excerpt":{"rendered":"<p>Vichy Liftactiv Sup\u00eame H.A. Epidermic Filler S\u00e9rum 30ml Naturellement pr\u00e9sent dans la peau, l\u2019acide hyaluronique est une mol\u00e9cule qui contribue \u00e0 sa fermet\u00e9. Mais sa concentration et sa production commencent \u00e0 d\u00e9cliner \u00e0 partir de la vingtaine, jusqu\u2019\u00e0 chuter brutalement \u00e0 partir de 40 ans. Pour conserver une peau rebondi et lisse, il est indispensable [&hellip;]<\/p>\n","protected":false},"featured_media":22644,"template":"","meta":{"om_disable_all_campaigns":false},"product_brand":[3358],"product_cat":[18],"product_tag":[3359,3360,3361],"class_list":{"0":"post-22645","1":"product","2":"type-product","3":"status-publish","4":"has-post-thumbnail","6":"product_brand-vichy-maroc-prix-vitablanca","7":"product_cat-beaute-sante","8":"product_tag-vichy","9":"product_tag-vichy-maroc","10":"product_tag-vichy-morocco","12":"first","13":"instock","14":"sale","15":"taxable","16":"shipping-taxable","17":"purchasable","18":"product-type-simple"},"yoast_head":"<!-- This site is optimized with the Yoast SEO plugin v27.5 - https:\/\/yoast.com\/product\/yoast-seo-wordpress\/ -->\n<title>Vichy Liftactiv Supreme H.A. Epidermic Filler S\u00e9rum 30ml - Maroc<\/title>\n<meta name=\"description\" content=\"Achetez Vichy Liftactiv Supreme H.A. Epidermic Filler S\u00e9rum 30ml au Maroc. Hydrate, repulpe et corrige les rides. Livraison rapide.\" \/>\n<meta name=\"robots\" content=\"index, follow, max-snippet:-1, max-image-preview:large, max-video-preview:-1\" \/>\n<link rel=\"canonical\" href=\"https:\/\/vitablanca.ma\/en\/product\/vichy-liftactiv-supeme-h-a-epidermic-filler-serum-30ml\/\" \/>\n<meta property=\"og:locale\" content=\"en_US\" \/>\n<meta property=\"og:type\" content=\"article\" \/>\n<meta property=\"og:title\" content=\"Vichy Liftactiv Supreme H.A. Epidermic Filler S\u00e9rum 30ml - Maroc\" \/>\n<meta property=\"og:description\" content=\"Achetez Vichy Liftactiv Supreme H.A. Epidermic Filler S\u00e9rum 30ml au Maroc. Hydrate, repulpe et corrige les rides. Livraison rapide.\" \/>\n<meta property=\"og:url\" content=\"https:\/\/vitablanca.ma\/en\/product\/vichy-liftactiv-supeme-h-a-epidermic-filler-serum-30ml\/\" \/>\n<meta property=\"og:site_name\" content=\"Vitablanca.ma &ndash; Sant&eacute;, vitalit&eacute; et bien-&ecirc;tre pour tous les Marocains\" \/>\n<meta property=\"article:publisher\" content=\"https:\/\/www.facebook.com\/profile.php?id=61576678196717\" \/>\n<meta property=\"article:modified_time\" content=\"2025-08-21T13:25:27+00:00\" \/>\n<meta property=\"og:image\" content=\"https:\/\/vitablanca.ma\/wp-content\/uploads\/2025\/06\/vichy-liftactiv-supeme-ha-epidermic-filler-serum-30ml-Nova-para-prix-Maroc.jpg\" \/>\n\t<meta property=\"og:image:width\" content=\"800\" \/>\n\t<meta property=\"og:image:height\" content=\"800\" \/>\n\t<meta property=\"og:image:type\" content=\"image\/jpeg\" \/>\n<meta name=\"twitter:card\" content=\"summary_large_image\" \/>\n<meta name=\"twitter:label1\" content=\"Est. reading time\" \/>\n\t<meta name=\"twitter:data1\" content=\"2 minutes\" \/>\n<script type=\"application\/ld+json\" class=\"yoast-schema-graph\">{\"@context\":\"https:\\\/\\\/schema.org\",\"@graph\":[{\"@type\":[\"WebPage\",\"ItemPage\"],\"@id\":\"https:\\\/\\\/vitablanca.ma\\\/produit\\\/vichy-liftactiv-supeme-h-a-epidermic-filler-serum-30ml\\\/\",\"url\":\"https:\\\/\\\/vitablanca.ma\\\/produit\\\/vichy-liftactiv-supeme-h-a-epidermic-filler-serum-30ml\\\/\",\"name\":\"Vichy Liftactiv Supreme H.A. Epidermic Filler S\u00e9rum 30ml - Maroc\",\"isPartOf\":{\"@id\":\"https:\\\/\\\/vitablanca.ma\\\/#website\"},\"primaryImageOfPage\":{\"@id\":\"https:\\\/\\\/vitablanca.ma\\\/produit\\\/vichy-liftactiv-supeme-h-a-epidermic-filler-serum-30ml\\\/#primaryimage\"},\"image\":{\"@id\":\"https:\\\/\\\/vitablanca.ma\\\/produit\\\/vichy-liftactiv-supeme-h-a-epidermic-filler-serum-30ml\\\/#primaryimage\"},\"thumbnailUrl\":\"https:\\\/\\\/vitablanca.ma\\\/wp-content\\\/uploads\\\/2025\\\/06\\\/vichy-liftactiv-supeme-ha-epidermic-filler-serum-30ml-Nova-para-prix-Maroc.jpg\",\"datePublished\":\"2025-06-11T22:40:49+00:00\",\"dateModified\":\"2025-08-21T13:25:27+00:00\",\"description\":\"Achetez Vichy Liftactiv Supreme H.A. Epidermic Filler S\u00e9rum 30ml au Maroc. Hydrate, repulpe et corrige les rides. Livraison rapide.\",\"breadcrumb\":{\"@id\":\"https:\\\/\\\/vitablanca.ma\\\/produit\\\/vichy-liftactiv-supeme-h-a-epidermic-filler-serum-30ml\\\/#breadcrumb\"},\"inLanguage\":\"en-US\",\"potentialAction\":[{\"@type\":\"ReadAction\",\"target\":[\"https:\\\/\\\/vitablanca.ma\\\/produit\\\/vichy-liftactiv-supeme-h-a-epidermic-filler-serum-30ml\\\/\"]}]},{\"@type\":\"ImageObject\",\"inLanguage\":\"en-US\",\"@id\":\"https:\\\/\\\/vitablanca.ma\\\/produit\\\/vichy-liftactiv-supeme-h-a-epidermic-filler-serum-30ml\\\/#primaryimage\",\"url\":\"https:\\\/\\\/vitablanca.ma\\\/wp-content\\\/uploads\\\/2025\\\/06\\\/vichy-liftactiv-supeme-ha-epidermic-filler-serum-30ml-Nova-para-prix-Maroc.jpg\",\"contentUrl\":\"https:\\\/\\\/vitablanca.ma\\\/wp-content\\\/uploads\\\/2025\\\/06\\\/vichy-liftactiv-supeme-ha-epidermic-filler-serum-30ml-Nova-para-prix-Maroc.jpg\",\"width\":800,\"height\":800},{\"@type\":\"BreadcrumbList\",\"@id\":\"https:\\\/\\\/vitablanca.ma\\\/produit\\\/vichy-liftactiv-supeme-h-a-epidermic-filler-serum-30ml\\\/#breadcrumb\",\"itemListElement\":[{\"@type\":\"ListItem\",\"position\":1,\"name\":\"Home\",\"item\":\"https:\\\/\\\/vitablanca.ma\\\/\"},{\"@type\":\"ListItem\",\"position\":2,\"name\":\"Tous Les Produits\",\"item\":\"https:\\\/\\\/vitablanca.ma\\\/tous-les-produits\\\/\"},{\"@type\":\"ListItem\",\"position\":3,\"name\":\"Vichy Liftactiv Sup\u00eame H.A. Epidermic Filler S\u00e9rum 30ml\"}]},{\"@type\":\"WebSite\",\"@id\":\"https:\\\/\\\/vitablanca.ma\\\/#website\",\"url\":\"https:\\\/\\\/vitablanca.ma\\\/\",\"name\":\"VitaBlanca.ma | Compl\u00e9ments alimentaires, sant\u00e9 & beaut\u00e9 au Maroc\",\"description\":\"vendre vitamines et compl\u00e9ments premium des USA &amp; Canada, Nouvelle Z\u00e9lande,Maroc (NOW Foods, Solgar, Manuka). Livraison rapide partout au Maroc.\",\"publisher\":{\"@id\":\"https:\\\/\\\/vitablanca.ma\\\/#organization\"},\"alternateName\":\"VitaBlanca.ma\",\"potentialAction\":[{\"@type\":\"SearchAction\",\"target\":{\"@type\":\"EntryPoint\",\"urlTemplate\":\"https:\\\/\\\/vitablanca.ma\\\/?s={search_term_string}\"},\"query-input\":{\"@type\":\"PropertyValueSpecification\",\"valueRequired\":true,\"valueName\":\"search_term_string\"}}],\"inLanguage\":\"en-US\"},{\"@type\":\"Organization\",\"@id\":\"https:\\\/\\\/vitablanca.ma\\\/#organization\",\"name\":\"VitaBlanca\",\"url\":\"https:\\\/\\\/vitablanca.ma\\\/\",\"logo\":{\"@type\":\"ImageObject\",\"inLanguage\":\"en-US\",\"@id\":\"https:\\\/\\\/vitablanca.ma\\\/#\\\/schema\\\/logo\\\/image\\\/\",\"url\":\"https:\\\/\\\/vitablanca.ma\\\/wp-content\\\/uploads\\\/2025\\\/05\\\/cropped-vitablanca.png\",\"contentUrl\":\"https:\\\/\\\/vitablanca.ma\\\/wp-content\\\/uploads\\\/2025\\\/05\\\/cropped-vitablanca.png\",\"width\":360,\"height\":67,\"caption\":\"VitaBlanca\"},\"image\":{\"@id\":\"https:\\\/\\\/vitablanca.ma\\\/#\\\/schema\\\/logo\\\/image\\\/\"},\"sameAs\":[\"https:\\\/\\\/www.facebook.com\\\/profile.php?id=61576678196717\",\"https:\\\/\\\/www.tiktok.com\\\/@vitablanca.ma\",\"https:\\\/\\\/www.instagram.com\\\/vitablanca.ma\\\/\"]}]}<\/script>\n<!-- \/ Yoast SEO plugin. -->","yoast_head_json":{"title":"Vichy Liftactiv Supreme HA Epidermic Filler Serum 30ml - Morocco","description":"Buy Vichy Liftactiv Supreme HA Epidermic Filler Serum 30ml in Morocco. Hydrates, plumps, and corrects wrinkles. Fast delivery.","robots":{"index":"index","follow":"follow","max-snippet":"max-snippet:-1","max-image-preview":"max-image-preview:large","max-video-preview":"max-video-preview:-1"},"canonical":"https:\/\/vitablanca.ma\/en\/product\/vichy-liftactiv-supeme-h-a-epidermic-filler-serum-30ml\/","og_locale":"en_US","og_type":"article","og_title":"Vichy Liftactiv Supreme H.A. Epidermic Filler S\u00e9rum 30ml - Maroc","og_description":"Achetez Vichy Liftactiv Supreme H.A. Epidermic Filler S\u00e9rum 30ml au Maroc. Hydrate, repulpe et corrige les rides. Livraison rapide.","og_url":"https:\/\/vitablanca.ma\/en\/product\/vichy-liftactiv-supeme-h-a-epidermic-filler-serum-30ml\/","og_site_name":"Vitablanca.ma &ndash; Sant&eacute;, vitalit&eacute; et bien-&ecirc;tre pour tous les Marocains","article_publisher":"https:\/\/www.facebook.com\/profile.php?id=61576678196717","article_modified_time":"2025-08-21T13:25:27+00:00","og_image":[{"width":800,"height":800,"url":"https:\/\/vitablanca.ma\/wp-content\/uploads\/2025\/06\/vichy-liftactiv-supeme-ha-epidermic-filler-serum-30ml-Nova-para-prix-Maroc.jpg","type":"image\/jpeg"}],"twitter_card":"summary_large_image","twitter_misc":{"Est. reading time":"2 minutes"},"schema":{"@context":"https:\/\/schema.org","@graph":[{"@type":["WebPage","ItemPage"],"@id":"https:\/\/vitablanca.ma\/produit\/vichy-liftactiv-supeme-h-a-epidermic-filler-serum-30ml\/","url":"https:\/\/vitablanca.ma\/produit\/vichy-liftactiv-supeme-h-a-epidermic-filler-serum-30ml\/","name":"Vichy Liftactiv Supreme HA Epidermic Filler Serum 30ml - Morocco","isPartOf":{"@id":"https:\/\/vitablanca.ma\/#website"},"primaryImageOfPage":{"@id":"https:\/\/vitablanca.ma\/produit\/vichy-liftactiv-supeme-h-a-epidermic-filler-serum-30ml\/#primaryimage"},"image":{"@id":"https:\/\/vitablanca.ma\/produit\/vichy-liftactiv-supeme-h-a-epidermic-filler-serum-30ml\/#primaryimage"},"thumbnailUrl":"https:\/\/vitablanca.ma\/wp-content\/uploads\/2025\/06\/vichy-liftactiv-supeme-ha-epidermic-filler-serum-30ml-Nova-para-prix-Maroc.jpg","datePublished":"2025-06-11T22:40:49+00:00","dateModified":"2025-08-21T13:25:27+00:00","description":"Buy Vichy Liftactiv Supreme HA Epidermic Filler Serum 30ml in Morocco. Hydrates, plumps, and corrects wrinkles. Fast delivery.","breadcrumb":{"@id":"https:\/\/vitablanca.ma\/produit\/vichy-liftactiv-supeme-h-a-epidermic-filler-serum-30ml\/#breadcrumb"},"inLanguage":"en-US","potentialAction":[{"@type":"ReadAction","target":["https:\/\/vitablanca.ma\/produit\/vichy-liftactiv-supeme-h-a-epidermic-filler-serum-30ml\/"]}]},{"@type":"ImageObject","inLanguage":"en-US","@id":"https:\/\/vitablanca.ma\/produit\/vichy-liftactiv-supeme-h-a-epidermic-filler-serum-30ml\/#primaryimage","url":"https:\/\/vitablanca.ma\/wp-content\/uploads\/2025\/06\/vichy-liftactiv-supeme-ha-epidermic-filler-serum-30ml-Nova-para-prix-Maroc.jpg","contentUrl":"https:\/\/vitablanca.ma\/wp-content\/uploads\/2025\/06\/vichy-liftactiv-supeme-ha-epidermic-filler-serum-30ml-Nova-para-prix-Maroc.jpg","width":800,"height":800},{"@type":"BreadcrumbList","@id":"https:\/\/vitablanca.ma\/produit\/vichy-liftactiv-supeme-h-a-epidermic-filler-serum-30ml\/#breadcrumb","itemListElement":[{"@type":"ListItem","position":1,"name":"Home","item":"https:\/\/vitablanca.ma\/"},{"@type":"ListItem","position":2,"name":"Tous Les Produits","item":"https:\/\/vitablanca.ma\/tous-les-produits\/"},{"@type":"ListItem","position":3,"name":"Vichy Liftactiv Sup\u00eame H.A. Epidermic Filler S\u00e9rum 30ml"}]},{"@type":"WebSite","@id":"https:\/\/vitablanca.ma\/#website","url":"https:\/\/vitablanca.ma\/","name":"VitaBlanca.ma | Food supplements, health &amp; beauty in Morocco","description":"sell premium vitamins and supplements from USA &amp; Canada, New Zealand, Morocco (NOW Foods, Solgar, Manuka). Fast delivery anywhere in Morocco.","publisher":{"@id":"https:\/\/vitablanca.ma\/#organization"},"alternateName":"VitaBlanca.ma","potentialAction":[{"@type":"SearchAction","target":{"@type":"EntryPoint","urlTemplate":"https:\/\/vitablanca.ma\/?s={search_term_string}"},"query-input":{"@type":"PropertyValueSpecification","valueRequired":true,"valueName":"search_term_string"}}],"inLanguage":"en-US"},{"@type":"Organization","@id":"https:\/\/vitablanca.ma\/#organization","name":"VitaBlanca","url":"https:\/\/vitablanca.ma\/","logo":{"@type":"ImageObject","inLanguage":"en-US","@id":"https:\/\/vitablanca.ma\/#\/schema\/logo\/image\/","url":"https:\/\/vitablanca.ma\/wp-content\/uploads\/2025\/05\/cropped-vitablanca.png","contentUrl":"https:\/\/vitablanca.ma\/wp-content\/uploads\/2025\/05\/cropped-vitablanca.png","width":360,"height":67,"caption":"VitaBlanca"},"image":{"@id":"https:\/\/vitablanca.ma\/#\/schema\/logo\/image\/"},"sameAs":["https:\/\/www.facebook.com\/profile.php?id=61576678196717","https:\/\/www.tiktok.com\/@vitablanca.ma","https:\/\/www.instagram.com\/vitablanca.ma\/"]}]}},"jetpack_sharing_enabled":true,"_links":{"self":[{"href":"https:\/\/vitablanca.ma\/en\/wp-json\/wp\/v2\/product\/22645","targetHints":{"allow":["GET"]}}],"collection":[{"href":"https:\/\/vitablanca.ma\/en\/wp-json\/wp\/v2\/product"}],"about":[{"href":"https:\/\/vitablanca.ma\/en\/wp-json\/wp\/v2\/types\/product"}],"wp:featuredmedia":[{"embeddable":true,"href":"https:\/\/vitablanca.ma\/en\/wp-json\/wp\/v2\/media\/22644"}],"wp:attachment":[{"href":"https:\/\/vitablanca.ma\/en\/wp-json\/wp\/v2\/media?parent=22645"}],"wp:term":[{"taxonomy":"product_brand","embeddable":true,"href":"https:\/\/vitablanca.ma\/en\/wp-json\/wp\/v2\/product_brand?post=22645"},{"taxonomy":"product_cat","embeddable":true,"href":"https:\/\/vitablanca.ma\/en\/wp-json\/wp\/v2\/product_cat?post=22645"},{"taxonomy":"product_tag","embeddable":true,"href":"https:\/\/vitablanca.ma\/en\/wp-json\/wp\/v2\/product_tag?post=22645"}],"curies":[{"name":"wp","href":"https:\/\/api.w.org\/{rel}","templated":true}]}}