{"id":22641,"date":"2025-06-11T22:40:43","date_gmt":"2025-06-11T22:40:43","guid":{"rendered":"https:\/\/vitablanca.ma\/product\/vichy-dercos-eco-recharge-shampoing-traitant-anti-pelliculaire-cheveux-secs-500-ml\/"},"modified":"2026-03-08T04:08:16","modified_gmt":"2026-03-08T04:08:16","slug":"vichy-dercos-eco-recharge-shampoing-traitant-anti-pelliculaire-cheveux-secs-500-ml","status":"publish","type":"product","link":"https:\/\/vitablanca.ma\/en\/product\/vichy-dercos-eco-recharge-shampoing-traitant-anti-pelliculaire-cheveux-secs-500-ml\/","title":{"rendered":"Vichy Dercos Eco-Refill Anti-Dandruff Treatment Shampoo for Dry Hair | 500 ml"},"content":{"rendered":"<h2 class=\"h1\">Vichy Dercos Eco-Refill Anti-Dandruff Treatment Shampoo for Dry Hair | 500 ml<\/h2>\n<p><strong>Features :<\/strong><\/p>\n<p>Want to get rid of the annoying and unsightly flakes that cover your dry scalp? Vichy has found the solution by developing Dercos Anti-Dandruff Shampoo for Dry Hair. Thanks to its composition with powerful active ingredients, it helps eliminate dandruff, prevents its reappearance and combats itching.<\/p>\n<p>Result: from the first shampoo, the scalp no longer itches, and dandruff is permanently eradicated.<\/p>\n<p><strong>Security :<\/strong><\/p>\n<p>\u2013 Paraben-free.<\/p>\n<p>\u2013 Dermatologically tested.<\/p>\n<p><strong>Ingr\u00e9dients & Principes Actifs Cl\u00e9s :<\/strong><\/p>\n<p>\u2013 S\u00e9l\u00e9nium DS (disulfure de s\u00e9l\u00e9nium): cible les cuirs chevelus \u00e0 probl\u00e8mes et lutte contre l\u2019apparition des pellicules, m\u00eame les plus tenaces.<\/p>\n<p>\u2013 Coh\u00e9syl : ce \u00ab ciment \u00bb agit sur la consolidation des cellules du cuir chevelu sec en pr\u00e9venant la r\u00e9apparition des pellicules. Il intervient d\u00e8s la premi\u00e8re utilisation en r\u00e9duisant les sensations de d\u00e9mangeaisons et maintient le cuir chevelu sain jusqu\u2019\u00e0 6 semaines apr\u00e8s l\u2019utilisation du shampooing.<\/p>\n<p><strong>Directions for Use:\u00a0<\/strong><\/p>\n<p>For the first application, leave on for 2 minutes, then rinse. For subsequent shampoos, massage in then rinse \u2013 use for periods of 4 weeks, 3 shampoos per week. In case of contact with eyes, rinse immediately.<\/p>\n<p><strong>Efficiency :<\/strong><\/p>\n<p>\u2013 Agit sur les pellicules tenaces d\u00e8s la 1\u00e8re application.<\/p>\n<p>\u2013 Anti-r\u00e9cidive jusqu\u2019\u00e0 6 semaines apr\u00e8s le traitement.<\/p>\n<p>\u2013 D\u00e9mangeaisons r\u00e9duites d\u00e8s la 1\u00e8re application.<\/p>\n<p>Your scalp regains its health: immediately purified and lastingly regulated.<\/p>\n<p>T 0: detached cells, dandruff on the scalp.<\/p>\n<p>T 4 weeks: reconstituted cells, healthy scalp.<\/p>\n<p><strong>Composition :<\/strong><\/p>\n<p>The ingredient lists used in our brand&#039;s products are regularly updated. Before using a product from our brand, you are encouraged to read the ingredient list on its packaging to ensure that the ingredients are suitable for your personal use.<\/p>\n<p>AQUA \/ WATER \u2013 SODIUM LAURETH SULFATE \u2013 COCO-BETAINE \u2013 GLYCERIN \u2013 DIMETHICONE \u2013 CETYL ALCOHOL \u2013 HYDROXYSTEARYL CETYL ETHER \u2013 CARBOMER \u2013 CI 19140 \/ YELLOW 5 \u2013 CITRIC ACID \u2013 2-OLEAMIDO-1,3-OCTADECANEDIOL \u2013 PPG-5-CETETH-20 \u2013 PROPYLENE GLYCOL \u2013 SALICYLIC ACID \u2013 SELENIUM SULFIDE \u2013 SODIUM CHLORIDE \u2013 SODIUM HYDROXIDE \u2013 SODIUM HYPOCHLORITE \u2013 PARFUM \/ FRAGRANCE.<\/p>","protected":false},"excerpt":{"rendered":"<p>Vichy Dercos Eco-Recharge Shampoing Traitant Anti-Pelliculaire Cheveux Secs | 500 Ml Caract\u00e9ristiques : Envie d\u2019en finir avec les pellicules incommodantes et disgracieuses qui recouvrent votre cuir chevelu sec ? Vichy a trouv\u00e9 la solution en d\u00e9veloppant le Shampooing Dercos Anti-Pelliculaire Cheveux Secs. Gr\u00e2ce \u00e0 sa composition dot\u00e9e d\u2019actifs puissants, il permet d\u2019\u00e9liminer les pellicules, tout [&hellip;]<\/p>\n","protected":false},"featured_media":22636,"template":"","meta":{"om_disable_all_campaigns":false},"product_brand":[3358],"product_cat":[18],"product_tag":[6206,6037,6235,7010,7007,7008,6290,7009,6392,3359,3360,3361],"class_list":{"0":"post-22641","1":"product","2":"type-product","3":"status-publish","4":"has-post-thumbnail","6":"product_brand-vichy-maroc-prix-vitablanca","7":"product_cat-beaute-sante","8":"product_tag-brillance","9":"product_tag-cheveux-doux","10":"product_tag-cheveux-forts","11":"product_tag-cheveux-sains","12":"product_tag-dercos","13":"product_tag-eco-recharge","14":"product_tag-shampooing","15":"product_tag-soin-ecoresponsable","16":"product_tag-usage-quotidien","17":"product_tag-vichy","18":"product_tag-vichy-maroc","19":"product_tag-vichy-morocco","21":"first","22":"outofstock","23":"sale","24":"taxable","25":"shipping-taxable","26":"purchasable","27":"product-type-simple"},"yoast_head":"<!-- This site is optimized with the Yoast SEO plugin v27.5 - https:\/\/yoast.com\/product\/yoast-seo-wordpress\/ -->\n<title>Vichy Dercos Eco-Recharge Shampooing - Maroc Prix<\/title>\n<meta name=\"description\" content=\"Le Shampooing Vichy Dercos Eco-Recharge fortifie les cheveux, nettoie en douceur et r\u00e9duit l\u2019impact environnemental gr\u00e2ce \u00e0 sa formule concentr\u00e9e .\" \/>\n<meta name=\"robots\" content=\"index, follow, max-snippet:-1, max-image-preview:large, max-video-preview:-1\" \/>\n<link rel=\"canonical\" href=\"https:\/\/vitablanca.ma\/en\/product\/vichy-dercos-eco-recharge-shampoing-traitant-anti-pelliculaire-cheveux-secs-500-ml\/\" \/>\n<meta property=\"og:locale\" content=\"en_US\" \/>\n<meta property=\"og:type\" content=\"article\" \/>\n<meta property=\"og:title\" content=\"Vichy Dercos Eco-Recharge Shampooing - Maroc Prix\" \/>\n<meta property=\"og:description\" content=\"Le Shampooing Vichy Dercos Eco-Recharge fortifie les cheveux, nettoie en douceur et r\u00e9duit l\u2019impact environnemental gr\u00e2ce \u00e0 sa formule concentr\u00e9e .\" \/>\n<meta property=\"og:url\" content=\"https:\/\/vitablanca.ma\/en\/product\/vichy-dercos-eco-recharge-shampoing-traitant-anti-pelliculaire-cheveux-secs-500-ml\/\" \/>\n<meta property=\"og:site_name\" content=\"Vitablanca.ma &ndash; Sant&eacute;, vitalit&eacute; et bien-&ecirc;tre pour tous les Marocains\" \/>\n<meta property=\"article:publisher\" content=\"https:\/\/www.facebook.com\/profile.php?id=61576678196717\" \/>\n<meta property=\"article:modified_time\" content=\"2026-03-08T04:08:16+00:00\" \/>\n<meta property=\"og:image\" content=\"https:\/\/vitablanca.ma\/wp-content\/uploads\/2025\/06\/vichy-dercos-eco-recharge-shampoing-traitant-anti-pelliculaire-cheveux-secs-500-ml1.jpg\" \/>\n\t<meta property=\"og:image:width\" content=\"800\" \/>\n\t<meta property=\"og:image:height\" content=\"800\" \/>\n\t<meta property=\"og:image:type\" content=\"image\/jpeg\" \/>\n<meta name=\"twitter:card\" content=\"summary_large_image\" \/>\n<meta name=\"twitter:label1\" content=\"Est. reading time\" \/>\n\t<meta name=\"twitter:data1\" content=\"2 minutes\" \/>\n<script type=\"application\/ld+json\" class=\"yoast-schema-graph\">{\"@context\":\"https:\\\/\\\/schema.org\",\"@graph\":[{\"@type\":[\"WebPage\",\"ItemPage\"],\"@id\":\"https:\\\/\\\/vitablanca.ma\\\/produit\\\/vichy-dercos-eco-recharge-shampoing-traitant-anti-pelliculaire-cheveux-secs-500-ml\\\/\",\"url\":\"https:\\\/\\\/vitablanca.ma\\\/produit\\\/vichy-dercos-eco-recharge-shampoing-traitant-anti-pelliculaire-cheveux-secs-500-ml\\\/\",\"name\":\"Vichy Dercos Eco-Recharge Shampooing - Maroc Prix\",\"isPartOf\":{\"@id\":\"https:\\\/\\\/vitablanca.ma\\\/#website\"},\"primaryImageOfPage\":{\"@id\":\"https:\\\/\\\/vitablanca.ma\\\/produit\\\/vichy-dercos-eco-recharge-shampoing-traitant-anti-pelliculaire-cheveux-secs-500-ml\\\/#primaryimage\"},\"image\":{\"@id\":\"https:\\\/\\\/vitablanca.ma\\\/produit\\\/vichy-dercos-eco-recharge-shampoing-traitant-anti-pelliculaire-cheveux-secs-500-ml\\\/#primaryimage\"},\"thumbnailUrl\":\"https:\\\/\\\/vitablanca.ma\\\/wp-content\\\/uploads\\\/2025\\\/06\\\/vichy-dercos-eco-recharge-shampoing-traitant-anti-pelliculaire-cheveux-secs-500-ml1.jpg\",\"datePublished\":\"2025-06-11T22:40:43+00:00\",\"dateModified\":\"2026-03-08T04:08:16+00:00\",\"description\":\"Le Shampooing Vichy Dercos Eco-Recharge fortifie les cheveux, nettoie en douceur et r\u00e9duit l\u2019impact environnemental gr\u00e2ce \u00e0 sa formule concentr\u00e9e .\",\"breadcrumb\":{\"@id\":\"https:\\\/\\\/vitablanca.ma\\\/produit\\\/vichy-dercos-eco-recharge-shampoing-traitant-anti-pelliculaire-cheveux-secs-500-ml\\\/#breadcrumb\"},\"inLanguage\":\"en-US\",\"potentialAction\":[{\"@type\":\"ReadAction\",\"target\":[\"https:\\\/\\\/vitablanca.ma\\\/produit\\\/vichy-dercos-eco-recharge-shampoing-traitant-anti-pelliculaire-cheveux-secs-500-ml\\\/\"]}]},{\"@type\":\"ImageObject\",\"inLanguage\":\"en-US\",\"@id\":\"https:\\\/\\\/vitablanca.ma\\\/produit\\\/vichy-dercos-eco-recharge-shampoing-traitant-anti-pelliculaire-cheveux-secs-500-ml\\\/#primaryimage\",\"url\":\"https:\\\/\\\/vitablanca.ma\\\/wp-content\\\/uploads\\\/2025\\\/06\\\/vichy-dercos-eco-recharge-shampoing-traitant-anti-pelliculaire-cheveux-secs-500-ml1.jpg\",\"contentUrl\":\"https:\\\/\\\/vitablanca.ma\\\/wp-content\\\/uploads\\\/2025\\\/06\\\/vichy-dercos-eco-recharge-shampoing-traitant-anti-pelliculaire-cheveux-secs-500-ml1.jpg\",\"width\":800,\"height\":800},{\"@type\":\"BreadcrumbList\",\"@id\":\"https:\\\/\\\/vitablanca.ma\\\/produit\\\/vichy-dercos-eco-recharge-shampoing-traitant-anti-pelliculaire-cheveux-secs-500-ml\\\/#breadcrumb\",\"itemListElement\":[{\"@type\":\"ListItem\",\"position\":1,\"name\":\"Home\",\"item\":\"https:\\\/\\\/vitablanca.ma\\\/\"},{\"@type\":\"ListItem\",\"position\":2,\"name\":\"Tous Les Produits\",\"item\":\"https:\\\/\\\/vitablanca.ma\\\/tous-les-produits\\\/\"},{\"@type\":\"ListItem\",\"position\":3,\"name\":\"Vichy Dercos Eco-Recharge Shampoing Traitant Anti-Pelliculaire Cheveux Secs | 500 Ml\"}]},{\"@type\":\"WebSite\",\"@id\":\"https:\\\/\\\/vitablanca.ma\\\/#website\",\"url\":\"https:\\\/\\\/vitablanca.ma\\\/\",\"name\":\"VitaBlanca.ma | Compl\u00e9ments alimentaires, sant\u00e9 & beaut\u00e9 au Maroc\",\"description\":\"vendre vitamines et compl\u00e9ments premium des USA &amp; Canada, Nouvelle Z\u00e9lande,Maroc (NOW Foods, Solgar, Manuka). Livraison rapide partout au Maroc.\",\"publisher\":{\"@id\":\"https:\\\/\\\/vitablanca.ma\\\/#organization\"},\"alternateName\":\"VitaBlanca.ma\",\"potentialAction\":[{\"@type\":\"SearchAction\",\"target\":{\"@type\":\"EntryPoint\",\"urlTemplate\":\"https:\\\/\\\/vitablanca.ma\\\/?s={search_term_string}\"},\"query-input\":{\"@type\":\"PropertyValueSpecification\",\"valueRequired\":true,\"valueName\":\"search_term_string\"}}],\"inLanguage\":\"en-US\"},{\"@type\":\"Organization\",\"@id\":\"https:\\\/\\\/vitablanca.ma\\\/#organization\",\"name\":\"VitaBlanca\",\"url\":\"https:\\\/\\\/vitablanca.ma\\\/\",\"logo\":{\"@type\":\"ImageObject\",\"inLanguage\":\"en-US\",\"@id\":\"https:\\\/\\\/vitablanca.ma\\\/#\\\/schema\\\/logo\\\/image\\\/\",\"url\":\"https:\\\/\\\/vitablanca.ma\\\/wp-content\\\/uploads\\\/2025\\\/05\\\/cropped-vitablanca.png\",\"contentUrl\":\"https:\\\/\\\/vitablanca.ma\\\/wp-content\\\/uploads\\\/2025\\\/05\\\/cropped-vitablanca.png\",\"width\":360,\"height\":67,\"caption\":\"VitaBlanca\"},\"image\":{\"@id\":\"https:\\\/\\\/vitablanca.ma\\\/#\\\/schema\\\/logo\\\/image\\\/\"},\"sameAs\":[\"https:\\\/\\\/www.facebook.com\\\/profile.php?id=61576678196717\",\"https:\\\/\\\/www.tiktok.com\\\/@vitablanca.ma\",\"https:\\\/\\\/www.instagram.com\\\/vitablanca.ma\\\/\"]}]}<\/script>\n<!-- \/ Yoast SEO plugin. -->","yoast_head_json":{"title":"Vichy Dercos Eco-Recharge Shampooing - Maroc Prix","description":"Le Shampooing Vichy Dercos Eco-Recharge fortifie les cheveux, nettoie en douceur et r\u00e9duit l\u2019impact environnemental gr\u00e2ce \u00e0 sa formule concentr\u00e9e .","robots":{"index":"index","follow":"follow","max-snippet":"max-snippet:-1","max-image-preview":"max-image-preview:large","max-video-preview":"max-video-preview:-1"},"canonical":"https:\/\/vitablanca.ma\/en\/product\/vichy-dercos-eco-recharge-shampoing-traitant-anti-pelliculaire-cheveux-secs-500-ml\/","og_locale":"en_US","og_type":"article","og_title":"Vichy Dercos Eco-Recharge Shampooing - Maroc Prix","og_description":"Le Shampooing Vichy Dercos Eco-Recharge fortifie les cheveux, nettoie en douceur et r\u00e9duit l\u2019impact environnemental gr\u00e2ce \u00e0 sa formule concentr\u00e9e .","og_url":"https:\/\/vitablanca.ma\/en\/product\/vichy-dercos-eco-recharge-shampoing-traitant-anti-pelliculaire-cheveux-secs-500-ml\/","og_site_name":"Vitablanca.ma &ndash; Sant&eacute;, vitalit&eacute; et bien-&ecirc;tre pour tous les Marocains","article_publisher":"https:\/\/www.facebook.com\/profile.php?id=61576678196717","article_modified_time":"2026-03-08T04:08:16+00:00","og_image":[{"width":800,"height":800,"url":"https:\/\/vitablanca.ma\/wp-content\/uploads\/2025\/06\/vichy-dercos-eco-recharge-shampoing-traitant-anti-pelliculaire-cheveux-secs-500-ml1.jpg","type":"image\/jpeg"}],"twitter_card":"summary_large_image","twitter_misc":{"Est. reading time":"2 minutes"},"schema":{"@context":"https:\/\/schema.org","@graph":[{"@type":["WebPage","ItemPage"],"@id":"https:\/\/vitablanca.ma\/produit\/vichy-dercos-eco-recharge-shampoing-traitant-anti-pelliculaire-cheveux-secs-500-ml\/","url":"https:\/\/vitablanca.ma\/produit\/vichy-dercos-eco-recharge-shampoing-traitant-anti-pelliculaire-cheveux-secs-500-ml\/","name":"Vichy Dercos Eco-Recharge Shampooing - Maroc Prix","isPartOf":{"@id":"https:\/\/vitablanca.ma\/#website"},"primaryImageOfPage":{"@id":"https:\/\/vitablanca.ma\/produit\/vichy-dercos-eco-recharge-shampoing-traitant-anti-pelliculaire-cheveux-secs-500-ml\/#primaryimage"},"image":{"@id":"https:\/\/vitablanca.ma\/produit\/vichy-dercos-eco-recharge-shampoing-traitant-anti-pelliculaire-cheveux-secs-500-ml\/#primaryimage"},"thumbnailUrl":"https:\/\/vitablanca.ma\/wp-content\/uploads\/2025\/06\/vichy-dercos-eco-recharge-shampoing-traitant-anti-pelliculaire-cheveux-secs-500-ml1.jpg","datePublished":"2025-06-11T22:40:43+00:00","dateModified":"2026-03-08T04:08:16+00:00","description":"Le Shampooing Vichy Dercos Eco-Recharge fortifie les cheveux, nettoie en douceur et r\u00e9duit l\u2019impact environnemental gr\u00e2ce \u00e0 sa formule concentr\u00e9e .","breadcrumb":{"@id":"https:\/\/vitablanca.ma\/produit\/vichy-dercos-eco-recharge-shampoing-traitant-anti-pelliculaire-cheveux-secs-500-ml\/#breadcrumb"},"inLanguage":"en-US","potentialAction":[{"@type":"ReadAction","target":["https:\/\/vitablanca.ma\/produit\/vichy-dercos-eco-recharge-shampoing-traitant-anti-pelliculaire-cheveux-secs-500-ml\/"]}]},{"@type":"ImageObject","inLanguage":"en-US","@id":"https:\/\/vitablanca.ma\/produit\/vichy-dercos-eco-recharge-shampoing-traitant-anti-pelliculaire-cheveux-secs-500-ml\/#primaryimage","url":"https:\/\/vitablanca.ma\/wp-content\/uploads\/2025\/06\/vichy-dercos-eco-recharge-shampoing-traitant-anti-pelliculaire-cheveux-secs-500-ml1.jpg","contentUrl":"https:\/\/vitablanca.ma\/wp-content\/uploads\/2025\/06\/vichy-dercos-eco-recharge-shampoing-traitant-anti-pelliculaire-cheveux-secs-500-ml1.jpg","width":800,"height":800},{"@type":"BreadcrumbList","@id":"https:\/\/vitablanca.ma\/produit\/vichy-dercos-eco-recharge-shampoing-traitant-anti-pelliculaire-cheveux-secs-500-ml\/#breadcrumb","itemListElement":[{"@type":"ListItem","position":1,"name":"Home","item":"https:\/\/vitablanca.ma\/"},{"@type":"ListItem","position":2,"name":"Tous Les Produits","item":"https:\/\/vitablanca.ma\/tous-les-produits\/"},{"@type":"ListItem","position":3,"name":"Vichy Dercos Eco-Recharge Shampoing Traitant Anti-Pelliculaire Cheveux Secs | 500 Ml"}]},{"@type":"WebSite","@id":"https:\/\/vitablanca.ma\/#website","url":"https:\/\/vitablanca.ma\/","name":"VitaBlanca.ma | Food supplements, health &amp; beauty in Morocco","description":"sell premium vitamins and supplements from USA &amp; Canada, New Zealand, Morocco (NOW Foods, Solgar, Manuka). Fast delivery anywhere in Morocco.","publisher":{"@id":"https:\/\/vitablanca.ma\/#organization"},"alternateName":"VitaBlanca.ma","potentialAction":[{"@type":"SearchAction","target":{"@type":"EntryPoint","urlTemplate":"https:\/\/vitablanca.ma\/?s={search_term_string}"},"query-input":{"@type":"PropertyValueSpecification","valueRequired":true,"valueName":"search_term_string"}}],"inLanguage":"en-US"},{"@type":"Organization","@id":"https:\/\/vitablanca.ma\/#organization","name":"VitaBlanca","url":"https:\/\/vitablanca.ma\/","logo":{"@type":"ImageObject","inLanguage":"en-US","@id":"https:\/\/vitablanca.ma\/#\/schema\/logo\/image\/","url":"https:\/\/vitablanca.ma\/wp-content\/uploads\/2025\/05\/cropped-vitablanca.png","contentUrl":"https:\/\/vitablanca.ma\/wp-content\/uploads\/2025\/05\/cropped-vitablanca.png","width":360,"height":67,"caption":"VitaBlanca"},"image":{"@id":"https:\/\/vitablanca.ma\/#\/schema\/logo\/image\/"},"sameAs":["https:\/\/www.facebook.com\/profile.php?id=61576678196717","https:\/\/www.tiktok.com\/@vitablanca.ma","https:\/\/www.instagram.com\/vitablanca.ma\/"]}]}},"jetpack_sharing_enabled":true,"_links":{"self":[{"href":"https:\/\/vitablanca.ma\/en\/wp-json\/wp\/v2\/product\/22641","targetHints":{"allow":["GET"]}}],"collection":[{"href":"https:\/\/vitablanca.ma\/en\/wp-json\/wp\/v2\/product"}],"about":[{"href":"https:\/\/vitablanca.ma\/en\/wp-json\/wp\/v2\/types\/product"}],"wp:featuredmedia":[{"embeddable":true,"href":"https:\/\/vitablanca.ma\/en\/wp-json\/wp\/v2\/media\/22636"}],"wp:attachment":[{"href":"https:\/\/vitablanca.ma\/en\/wp-json\/wp\/v2\/media?parent=22641"}],"wp:term":[{"taxonomy":"product_brand","embeddable":true,"href":"https:\/\/vitablanca.ma\/en\/wp-json\/wp\/v2\/product_brand?post=22641"},{"taxonomy":"product_cat","embeddable":true,"href":"https:\/\/vitablanca.ma\/en\/wp-json\/wp\/v2\/product_cat?post=22641"},{"taxonomy":"product_tag","embeddable":true,"href":"https:\/\/vitablanca.ma\/en\/wp-json\/wp\/v2\/product_tag?post=22641"}],"curies":[{"name":"wp","href":"https:\/\/api.w.org\/{rel}","templated":true}]}}