{"id":22633,"date":"2025-06-11T22:40:30","date_gmt":"2025-06-11T22:40:30","guid":{"rendered":"https:\/\/vitablanca.ma\/product\/vichy-normaderm-fluide-double-correction-hydratant-30ml\/"},"modified":"2026-02-01T22:02:01","modified_gmt":"2026-02-01T22:02:01","slug":"vichy-normaderm-fluide-double-correction-hydratant-30ml","status":"publish","type":"product","link":"https:\/\/vitablanca.ma\/en\/product\/vichy-normaderm-fluide-double-correction-hydratant-30ml\/","title":{"rendered":"Vichy Normaderm Double Correction Moisturizing Fluid 30ml"},"content":{"rendered":"<h2>Vichy Normaderm Double Correction Moisturizing Fluid 30ml<\/h2>\n<ul>\n<li>No matter your age or gender, acne is caused by hormones.<\/li>\n<li>The hypoallergenic formula of Double-Correction treatment is designed to correct all types of imperfections, even during hormonal peaks. It is now supported by two main dermal active ingredients: 2% salicylic acid and sarcosine. \u200b \u200b \u200b \u200b<\/li>\n<li>Because efficacy and safety are our priority, Double-Correction Moisturizer has been clinically tested on acne-prone skin during hormonal peaks.<\/li>\n<\/ul>\n<h3>Benefits:<\/h3>\n<p>Appliqu\u00e9 quotidiennement, cette\u00a0cr\u00e8me visage anti-imperfections\u00a0NORMADERM purifie et corrige les points noirs et autres boutons tout en hydratant et r\u00e9g\u00e9n\u00e9rant la peau.<\/p>\n<p>Its effectiveness is clinically proven:<\/p>\n<ul>\n<li>-62 %* of marks on acne-prone skin<\/li>\n<li>-36 %* blackheads<\/li>\n<li>-41 %* buttons<\/li>\n<li>+26 %* of radiance<\/li>\n<\/ul>\n<p>*Clinical study on 50 women aged 18 to 45, half of whom had oily, acne-prone skin and the other half had sensitive skin, for 8 weeks.<\/p>\n<div class=\"ctn_title\">\n<h2 class=\"t_title\">HOW TO USE IT?<\/h2>\n<\/div>\n<div class=\"ctn_toggle\">Apply NORMADERM Anti-Blemish Moisturizing Cream morning or evening to perfectly cleansed, dry skin. Avoid the eye area.<br \/>\nPensez \u00e0 bien prot\u00e9ger votre peau durant la journ\u00e9e avec une\u00a0protection solaire\u00a0visage\u00a0SPF 20 minimum, \u00e0 appliquer chaque matin en fin de routine beaut\u00e9.<\/p>\n<p>Complete your anti-blemish skincare routine with our NORMADERM Phytosolution purifying facial cleansing gel followed by our NORMADERM Probio-BHA anti-blemish serum.<\/p><\/div>","protected":false},"excerpt":{"rendered":"<p>Vichy Normaderm Fluide Double Correction Hydratant 30ml Peu importe votre \u00e2ge ou votre genre, l\u2019acn\u00e9 est caus\u00e9e par les hormones.\u200b\u200b \u200b La formule hypoallerg\u00e9nique du soin Double-Correction est con\u00e7ue pour corriger tous les types d\u2019imperfections, m\u00eame lors des pics hormonaux. Elle est d\u00e9sormais port\u00e9e par deux principaux actifs dermiques: 2% d\u2019acide salicylique et de sarcosine. [&hellip;]<\/p>\n","protected":false},"featured_media":22632,"template":"","meta":{"om_disable_all_campaigns":false},"product_brand":[3358],"product_cat":[18],"product_tag":[6414,6846,7018,6774,7019,7017,6353,6354,6415,5863,3359,3360,3361],"class_list":{"0":"post-22633","1":"product","2":"type-product","3":"status-publish","4":"has-post-thumbnail","6":"product_brand-vichy-maroc-prix-vitablanca","7":"product_cat-beaute-sante","8":"product_tag-anti-imperfections","9":"product_tag-boutons","10":"product_tag-fluide-double-correction","11":"product_tag-hydratant","12":"product_tag-matifiant","13":"product_tag-normaderm","14":"product_tag-peau-grasse","15":"product_tag-peau-mixte","16":"product_tag-points-noirs","17":"product_tag-soin-visage","18":"product_tag-vichy","19":"product_tag-vichy-maroc","20":"product_tag-vichy-morocco","22":"first","23":"instock","24":"sale","25":"taxable","26":"shipping-taxable","27":"purchasable","28":"product-type-simple"},"yoast_head":"<!-- This site is optimized with the Yoast SEO plugin v27.4 - https:\/\/yoast.com\/product\/yoast-seo-wordpress\/ -->\n<title>Vichy Normaderm Fluide Double Correction 30 ml - Maroc Prix<\/title>\n<meta name=\"description\" content=\"Le Fluide Double Correction Normaderm 30 ml hydrate et r\u00e9gule la peau mixte \u00e0 grasse tout en r\u00e9duisant imperfections et brillance, pour un teint mat\" \/>\n<meta name=\"robots\" content=\"index, follow, max-snippet:-1, max-image-preview:large, max-video-preview:-1\" \/>\n<link rel=\"canonical\" href=\"https:\/\/vitablanca.ma\/en\/product\/vichy-normaderm-fluide-double-correction-hydratant-30ml\/\" \/>\n<meta property=\"og:locale\" content=\"en_US\" \/>\n<meta property=\"og:type\" content=\"article\" \/>\n<meta property=\"og:title\" content=\"Vichy Normaderm Fluide Double Correction 30 ml - Maroc Prix\" \/>\n<meta property=\"og:description\" content=\"Le Fluide Double Correction Normaderm 30 ml hydrate et r\u00e9gule la peau mixte \u00e0 grasse tout en r\u00e9duisant imperfections et brillance, pour un teint mat\" \/>\n<meta property=\"og:url\" content=\"https:\/\/vitablanca.ma\/en\/product\/vichy-normaderm-fluide-double-correction-hydratant-30ml\/\" \/>\n<meta property=\"og:site_name\" content=\"Vitablanca.ma &ndash; Sant&eacute;, vitalit&eacute; et bien-&ecirc;tre pour tous les Marocains\" \/>\n<meta property=\"article:publisher\" content=\"https:\/\/www.facebook.com\/profile.php?id=61576678196717\" \/>\n<meta property=\"article:modified_time\" content=\"2026-02-01T22:02:01+00:00\" \/>\n<meta property=\"og:image\" content=\"https:\/\/vitablanca.ma\/wp-content\/uploads\/2025\/06\/Vichy-Normaderm-Fluide-Double-Correction-Hydratant-30ml-Parapharmacie-Casablanca-Maroc-Prix.jpg\" \/>\n\t<meta property=\"og:image:width\" content=\"1000\" \/>\n\t<meta property=\"og:image:height\" content=\"1000\" \/>\n\t<meta property=\"og:image:type\" content=\"image\/jpeg\" \/>\n<meta name=\"twitter:card\" content=\"summary_large_image\" \/>\n<meta name=\"twitter:label1\" content=\"Est. reading time\" \/>\n\t<meta name=\"twitter:data1\" content=\"2 minutes\" \/>\n<script type=\"application\/ld+json\" class=\"yoast-schema-graph\">{\"@context\":\"https:\\\/\\\/schema.org\",\"@graph\":[{\"@type\":[\"WebPage\",\"ItemPage\"],\"@id\":\"https:\\\/\\\/vitablanca.ma\\\/produit\\\/vichy-normaderm-fluide-double-correction-hydratant-30ml\\\/\",\"url\":\"https:\\\/\\\/vitablanca.ma\\\/produit\\\/vichy-normaderm-fluide-double-correction-hydratant-30ml\\\/\",\"name\":\"Vichy Normaderm Fluide Double Correction 30 ml - Maroc Prix\",\"isPartOf\":{\"@id\":\"https:\\\/\\\/vitablanca.ma\\\/#website\"},\"primaryImageOfPage\":{\"@id\":\"https:\\\/\\\/vitablanca.ma\\\/produit\\\/vichy-normaderm-fluide-double-correction-hydratant-30ml\\\/#primaryimage\"},\"image\":{\"@id\":\"https:\\\/\\\/vitablanca.ma\\\/produit\\\/vichy-normaderm-fluide-double-correction-hydratant-30ml\\\/#primaryimage\"},\"thumbnailUrl\":\"https:\\\/\\\/vitablanca.ma\\\/wp-content\\\/uploads\\\/2025\\\/06\\\/Vichy-Normaderm-Fluide-Double-Correction-Hydratant-30ml-Parapharmacie-Casablanca-Maroc-Prix.jpg\",\"datePublished\":\"2025-06-11T22:40:30+00:00\",\"dateModified\":\"2026-02-01T22:02:01+00:00\",\"description\":\"Le Fluide Double Correction Normaderm 30 ml hydrate et r\u00e9gule la peau mixte \u00e0 grasse tout en r\u00e9duisant imperfections et brillance, pour un teint mat\",\"breadcrumb\":{\"@id\":\"https:\\\/\\\/vitablanca.ma\\\/produit\\\/vichy-normaderm-fluide-double-correction-hydratant-30ml\\\/#breadcrumb\"},\"inLanguage\":\"en-US\",\"potentialAction\":[{\"@type\":\"ReadAction\",\"target\":[\"https:\\\/\\\/vitablanca.ma\\\/produit\\\/vichy-normaderm-fluide-double-correction-hydratant-30ml\\\/\"]}]},{\"@type\":\"ImageObject\",\"inLanguage\":\"en-US\",\"@id\":\"https:\\\/\\\/vitablanca.ma\\\/produit\\\/vichy-normaderm-fluide-double-correction-hydratant-30ml\\\/#primaryimage\",\"url\":\"https:\\\/\\\/vitablanca.ma\\\/wp-content\\\/uploads\\\/2025\\\/06\\\/Vichy-Normaderm-Fluide-Double-Correction-Hydratant-30ml-Parapharmacie-Casablanca-Maroc-Prix.jpg\",\"contentUrl\":\"https:\\\/\\\/vitablanca.ma\\\/wp-content\\\/uploads\\\/2025\\\/06\\\/Vichy-Normaderm-Fluide-Double-Correction-Hydratant-30ml-Parapharmacie-Casablanca-Maroc-Prix.jpg\",\"width\":1000,\"height\":1000},{\"@type\":\"BreadcrumbList\",\"@id\":\"https:\\\/\\\/vitablanca.ma\\\/produit\\\/vichy-normaderm-fluide-double-correction-hydratant-30ml\\\/#breadcrumb\",\"itemListElement\":[{\"@type\":\"ListItem\",\"position\":1,\"name\":\"Home\",\"item\":\"https:\\\/\\\/vitablanca.ma\\\/\"},{\"@type\":\"ListItem\",\"position\":2,\"name\":\"Tous Les Produits\",\"item\":\"https:\\\/\\\/vitablanca.ma\\\/tous-les-produits\\\/\"},{\"@type\":\"ListItem\",\"position\":3,\"name\":\"Vichy Normaderm Fluide Double Correction Hydratant 30ml\"}]},{\"@type\":\"WebSite\",\"@id\":\"https:\\\/\\\/vitablanca.ma\\\/#website\",\"url\":\"https:\\\/\\\/vitablanca.ma\\\/\",\"name\":\"VitaBlanca.ma | Compl\u00e9ments alimentaires, sant\u00e9 & beaut\u00e9 au Maroc\",\"description\":\"vendre vitamines et compl\u00e9ments premium des USA &amp; Canada, Nouvelle Z\u00e9lande,Maroc (NOW Foods, Solgar, Manuka). Livraison rapide partout au Maroc.\",\"publisher\":{\"@id\":\"https:\\\/\\\/vitablanca.ma\\\/#organization\"},\"alternateName\":\"VitaBlanca.ma\",\"potentialAction\":[{\"@type\":\"SearchAction\",\"target\":{\"@type\":\"EntryPoint\",\"urlTemplate\":\"https:\\\/\\\/vitablanca.ma\\\/?s={search_term_string}\"},\"query-input\":{\"@type\":\"PropertyValueSpecification\",\"valueRequired\":true,\"valueName\":\"search_term_string\"}}],\"inLanguage\":\"en-US\"},{\"@type\":\"Organization\",\"@id\":\"https:\\\/\\\/vitablanca.ma\\\/#organization\",\"name\":\"VitaBlanca\",\"url\":\"https:\\\/\\\/vitablanca.ma\\\/\",\"logo\":{\"@type\":\"ImageObject\",\"inLanguage\":\"en-US\",\"@id\":\"https:\\\/\\\/vitablanca.ma\\\/#\\\/schema\\\/logo\\\/image\\\/\",\"url\":\"https:\\\/\\\/vitablanca.ma\\\/wp-content\\\/uploads\\\/2025\\\/05\\\/cropped-vitablanca.png\",\"contentUrl\":\"https:\\\/\\\/vitablanca.ma\\\/wp-content\\\/uploads\\\/2025\\\/05\\\/cropped-vitablanca.png\",\"width\":360,\"height\":67,\"caption\":\"VitaBlanca\"},\"image\":{\"@id\":\"https:\\\/\\\/vitablanca.ma\\\/#\\\/schema\\\/logo\\\/image\\\/\"},\"sameAs\":[\"https:\\\/\\\/www.facebook.com\\\/profile.php?id=61576678196717\",\"https:\\\/\\\/www.tiktok.com\\\/@vitablanca.ma\",\"https:\\\/\\\/www.instagram.com\\\/vitablanca.ma\\\/\"]}]}<\/script>\n<!-- \/ Yoast SEO plugin. -->","yoast_head_json":{"title":"Vichy Normaderm Fluide Double Correction 30 ml - Maroc Prix","description":"Le Fluide Double Correction Normaderm 30 ml hydrate et r\u00e9gule la peau mixte \u00e0 grasse tout en r\u00e9duisant imperfections et brillance, pour un teint mat","robots":{"index":"index","follow":"follow","max-snippet":"max-snippet:-1","max-image-preview":"max-image-preview:large","max-video-preview":"max-video-preview:-1"},"canonical":"https:\/\/vitablanca.ma\/en\/product\/vichy-normaderm-fluide-double-correction-hydratant-30ml\/","og_locale":"en_US","og_type":"article","og_title":"Vichy Normaderm Fluide Double Correction 30 ml - Maroc Prix","og_description":"Le Fluide Double Correction Normaderm 30 ml hydrate et r\u00e9gule la peau mixte \u00e0 grasse tout en r\u00e9duisant imperfections et brillance, pour un teint mat","og_url":"https:\/\/vitablanca.ma\/en\/product\/vichy-normaderm-fluide-double-correction-hydratant-30ml\/","og_site_name":"Vitablanca.ma &ndash; Sant&eacute;, vitalit&eacute; et bien-&ecirc;tre pour tous les Marocains","article_publisher":"https:\/\/www.facebook.com\/profile.php?id=61576678196717","article_modified_time":"2026-02-01T22:02:01+00:00","og_image":[{"width":1000,"height":1000,"url":"https:\/\/vitablanca.ma\/wp-content\/uploads\/2025\/06\/Vichy-Normaderm-Fluide-Double-Correction-Hydratant-30ml-Parapharmacie-Casablanca-Maroc-Prix.jpg","type":"image\/jpeg"}],"twitter_card":"summary_large_image","twitter_misc":{"Est. reading time":"2 minutes"},"schema":{"@context":"https:\/\/schema.org","@graph":[{"@type":["WebPage","ItemPage"],"@id":"https:\/\/vitablanca.ma\/produit\/vichy-normaderm-fluide-double-correction-hydratant-30ml\/","url":"https:\/\/vitablanca.ma\/produit\/vichy-normaderm-fluide-double-correction-hydratant-30ml\/","name":"Vichy Normaderm Fluide Double Correction 30 ml - Maroc Prix","isPartOf":{"@id":"https:\/\/vitablanca.ma\/#website"},"primaryImageOfPage":{"@id":"https:\/\/vitablanca.ma\/produit\/vichy-normaderm-fluide-double-correction-hydratant-30ml\/#primaryimage"},"image":{"@id":"https:\/\/vitablanca.ma\/produit\/vichy-normaderm-fluide-double-correction-hydratant-30ml\/#primaryimage"},"thumbnailUrl":"https:\/\/vitablanca.ma\/wp-content\/uploads\/2025\/06\/Vichy-Normaderm-Fluide-Double-Correction-Hydratant-30ml-Parapharmacie-Casablanca-Maroc-Prix.jpg","datePublished":"2025-06-11T22:40:30+00:00","dateModified":"2026-02-01T22:02:01+00:00","description":"Le Fluide Double Correction Normaderm 30 ml hydrate et r\u00e9gule la peau mixte \u00e0 grasse tout en r\u00e9duisant imperfections et brillance, pour un teint mat","breadcrumb":{"@id":"https:\/\/vitablanca.ma\/produit\/vichy-normaderm-fluide-double-correction-hydratant-30ml\/#breadcrumb"},"inLanguage":"en-US","potentialAction":[{"@type":"ReadAction","target":["https:\/\/vitablanca.ma\/produit\/vichy-normaderm-fluide-double-correction-hydratant-30ml\/"]}]},{"@type":"ImageObject","inLanguage":"en-US","@id":"https:\/\/vitablanca.ma\/produit\/vichy-normaderm-fluide-double-correction-hydratant-30ml\/#primaryimage","url":"https:\/\/vitablanca.ma\/wp-content\/uploads\/2025\/06\/Vichy-Normaderm-Fluide-Double-Correction-Hydratant-30ml-Parapharmacie-Casablanca-Maroc-Prix.jpg","contentUrl":"https:\/\/vitablanca.ma\/wp-content\/uploads\/2025\/06\/Vichy-Normaderm-Fluide-Double-Correction-Hydratant-30ml-Parapharmacie-Casablanca-Maroc-Prix.jpg","width":1000,"height":1000},{"@type":"BreadcrumbList","@id":"https:\/\/vitablanca.ma\/produit\/vichy-normaderm-fluide-double-correction-hydratant-30ml\/#breadcrumb","itemListElement":[{"@type":"ListItem","position":1,"name":"Home","item":"https:\/\/vitablanca.ma\/"},{"@type":"ListItem","position":2,"name":"Tous Les Produits","item":"https:\/\/vitablanca.ma\/tous-les-produits\/"},{"@type":"ListItem","position":3,"name":"Vichy Normaderm Fluide Double Correction Hydratant 30ml"}]},{"@type":"WebSite","@id":"https:\/\/vitablanca.ma\/#website","url":"https:\/\/vitablanca.ma\/","name":"VitaBlanca.ma | Food supplements, health &amp; beauty in Morocco","description":"sell premium vitamins and supplements from USA &amp; Canada, New Zealand, Morocco (NOW Foods, Solgar, Manuka). Fast delivery anywhere in Morocco.","publisher":{"@id":"https:\/\/vitablanca.ma\/#organization"},"alternateName":"VitaBlanca.ma","potentialAction":[{"@type":"SearchAction","target":{"@type":"EntryPoint","urlTemplate":"https:\/\/vitablanca.ma\/?s={search_term_string}"},"query-input":{"@type":"PropertyValueSpecification","valueRequired":true,"valueName":"search_term_string"}}],"inLanguage":"en-US"},{"@type":"Organization","@id":"https:\/\/vitablanca.ma\/#organization","name":"VitaBlanca","url":"https:\/\/vitablanca.ma\/","logo":{"@type":"ImageObject","inLanguage":"en-US","@id":"https:\/\/vitablanca.ma\/#\/schema\/logo\/image\/","url":"https:\/\/vitablanca.ma\/wp-content\/uploads\/2025\/05\/cropped-vitablanca.png","contentUrl":"https:\/\/vitablanca.ma\/wp-content\/uploads\/2025\/05\/cropped-vitablanca.png","width":360,"height":67,"caption":"VitaBlanca"},"image":{"@id":"https:\/\/vitablanca.ma\/#\/schema\/logo\/image\/"},"sameAs":["https:\/\/www.facebook.com\/profile.php?id=61576678196717","https:\/\/www.tiktok.com\/@vitablanca.ma","https:\/\/www.instagram.com\/vitablanca.ma\/"]}]}},"jetpack_sharing_enabled":true,"_links":{"self":[{"href":"https:\/\/vitablanca.ma\/en\/wp-json\/wp\/v2\/product\/22633","targetHints":{"allow":["GET"]}}],"collection":[{"href":"https:\/\/vitablanca.ma\/en\/wp-json\/wp\/v2\/product"}],"about":[{"href":"https:\/\/vitablanca.ma\/en\/wp-json\/wp\/v2\/types\/product"}],"wp:featuredmedia":[{"embeddable":true,"href":"https:\/\/vitablanca.ma\/en\/wp-json\/wp\/v2\/media\/22632"}],"wp:attachment":[{"href":"https:\/\/vitablanca.ma\/en\/wp-json\/wp\/v2\/media?parent=22633"}],"wp:term":[{"taxonomy":"product_brand","embeddable":true,"href":"https:\/\/vitablanca.ma\/en\/wp-json\/wp\/v2\/product_brand?post=22633"},{"taxonomy":"product_cat","embeddable":true,"href":"https:\/\/vitablanca.ma\/en\/wp-json\/wp\/v2\/product_cat?post=22633"},{"taxonomy":"product_tag","embeddable":true,"href":"https:\/\/vitablanca.ma\/en\/wp-json\/wp\/v2\/product_tag?post=22633"}],"curies":[{"name":"wp","href":"https:\/\/api.w.org\/{rel}","templated":true}]}}