{"id":22619,"date":"2025-06-11T22:39:59","date_gmt":"2025-06-11T22:39:59","guid":{"rendered":"https:\/\/vitablanca.ma\/product\/vichy-mineral-89-creme-boost-dhydratation-riche-72h-50ml\/"},"modified":"2026-02-01T22:26:31","modified_gmt":"2026-02-01T22:26:31","slug":"vichy-mineral-89-creme-boost-dhydratation-riche-72h-50ml","status":"publish","type":"product","link":"https:\/\/vitablanca.ma\/en\/product\/vichy-mineral-89-creme-boost-dhydratation-riche-72h-50ml\/","title":{"rendered":"Vichy Min\u00e9ral 89 72h Rich Hydration Boost Cream \u2013 50ml"},"content":{"rendered":"<h1>Vichy Min\u00e9ral 89 72h Rich Hydration Boost Cream \u2013 50ml<\/h1>\n<p>The skin, our greatest shield against external aggressions, is constantly exposed to micro-attacks such as pollution and UV rays. This regular exposure weakens its skin barrier, leading to dehydration and a loss of essential nutrients such as minerals, lipids, vitamins, and hyaluronic acid. To restore its vitality, it is crucial to provide it with the nutrients it needs.<\/p>\n<p>The 72H Rich MIN\u00c9RAL 89 Hydration Boost Cream is specially designed to meet this need. For the first time, VICHY Laboratories have integrated fundamental skin active ingredients with a high concentration of naturally derived lipids into a rich, melting facial moisturizer. Formulated without controversial ingredients, this cream helps replenish skin lipid levels, strengthen the skin barrier, and provide long-lasting hydration for up to 72 hours.<\/p>\n<p>Its innovative formula is composed of 4 active ingredients that act in depth on the three levels of the epidermis: squalane strengthens the barrier function and reduces transepidermal water loss, pure hyaluronic acid hydrates and plumps the skin, vitamin E intensely replenishes lipids, and niacinamide and the minerals of VICHY Volcanic Water boost the production of ceramides and strengthen the epidermis.<\/p>\n<p>Thanks to this combination of active ingredients, the skin is better protected against external aggressions, which results in increased comfort throughout the day, a reduction in skin dryness, feelings of tightness and reduced redness. The skin is radiant, plumped and revitalized.<\/p>\n<div class=\"accordion-item itemForm expanded\">\n<h3 class=\"accordion-item-title\"><strong>Benefits:<\/strong><\/h3>\n<div class=\"accordion-content\">\n<ul>\n<li>Boosted hydration for 72 hours<\/li>\n<li>8 times faster and 100 % recovery of skin barrier function<\/li>\n<li>An 80 % increase in overall hydration<\/li>\n<li>A 79 % reduction in skin dryness<\/li>\n<\/ul>\n<p>This formula has been tested on sensitive skin by dermatologists to ensure its effectiveness and safety.<\/p>\n<h3><strong>Directions for use:<\/strong><\/h3>\n<ul>\n<li>Apply morning and evening to cleansed skin.<\/li>\n<li>Take a small amount of cream and gently massage onto the face and neck until completely absorbed.<\/li>\n<li>Ideal as a makeup base or after applying a serum.<\/li>\n<\/ul>\n<\/div>\n<\/div>","protected":false},"excerpt":{"rendered":"<p>Vichy Min\u00e9ral 89 Cr\u00e8me Boost d\u2019Hydratation Riche 72h \u2013 50ml La peau, notre plus grand bouclier contre les agressions ext\u00e9rieures, est constamment expos\u00e9e \u00e0 des micro-attaques telles que la pollution et les rayons UV. Cette exposition r\u00e9guli\u00e8re affaiblit sa barri\u00e8re cutan\u00e9e, entra\u00eenant une d\u00e9shydratation et une perte de nutriments essentiels tels que les min\u00e9raux, les [&hellip;]<\/p>\n","protected":false},"featured_media":22618,"template":"","meta":{"om_disable_all_campaigns":false},"product_brand":[3358],"product_cat":[18],"product_tag":[6138,6322,7042,7041,7044,6163,7040,7045,4932,6230,3359,3360,3361,7043],"class_list":{"0":"post-22619","1":"product","2":"type-product","3":"status-publish","4":"has-post-thumbnail","6":"product_brand-vichy-maroc-prix-vitablanca","7":"product_cat-beaute-sante","8":"product_tag-72h","9":"product_tag-acide-hyaluronique","10":"product_tag-barriere-cutanee","11":"product_tag-creme-riche","12":"product_tag-eau-thermale","13":"product_tag-hydratation-intense","14":"product_tag-mineral-89","15":"product_tag-peau-confortable","16":"product_tag-peau-seche","17":"product_tag-soin-quotidien","18":"product_tag-vichy","19":"product_tag-vichy-maroc","20":"product_tag-vichy-morocco","21":"product_tag-visage-et-cou","23":"first","24":"instock","25":"sale","26":"taxable","27":"shipping-taxable","28":"purchasable","29":"product-type-simple"},"yoast_head":"<!-- This site is optimized with the Yoast SEO plugin v27.4 - https:\/\/yoast.com\/product\/yoast-seo-wordpress\/ -->\n<title>Vichy Min\u00e9ral 89 Cr\u00e8me Boost Riche 72h - Maroc Prix<\/title>\n<meta name=\"description\" content=\"La Cr\u00e8me Min\u00e9ral 89 Riche 72h hydrate intens\u00e9ment la peau s\u00e8che, renforce la barri\u00e8re cutan\u00e9e et laisse un teint doux, confortable Vichy, Min\u00e9ral 89, Cr\u00e8me Riche, hydratation intense, peau s\u00e8che, barri\u00e8re cutan\u00e9e, visage et cou, 72h, acide hyaluronique, Eau Thermale, soin quotidien, peau confortable.\" \/>\n<meta name=\"robots\" content=\"index, follow, max-snippet:-1, max-image-preview:large, max-video-preview:-1\" \/>\n<link rel=\"canonical\" href=\"https:\/\/vitablanca.ma\/en\/product\/vichy-mineral-89-creme-boost-dhydratation-riche-72h-50ml\/\" \/>\n<meta property=\"og:locale\" content=\"en_US\" \/>\n<meta property=\"og:type\" content=\"article\" \/>\n<meta property=\"og:title\" content=\"Vichy Min\u00e9ral 89 Cr\u00e8me Boost Riche 72h - Maroc Prix\" \/>\n<meta property=\"og:description\" content=\"La Cr\u00e8me Min\u00e9ral 89 Riche 72h hydrate intens\u00e9ment la peau s\u00e8che, renforce la barri\u00e8re cutan\u00e9e et laisse un teint doux, confortable Vichy, Min\u00e9ral 89, Cr\u00e8me Riche, hydratation intense, peau s\u00e8che, barri\u00e8re cutan\u00e9e, visage et cou, 72h, acide hyaluronique, Eau Thermale, soin quotidien, peau confortable.\" \/>\n<meta property=\"og:url\" content=\"https:\/\/vitablanca.ma\/en\/product\/vichy-mineral-89-creme-boost-dhydratation-riche-72h-50ml\/\" \/>\n<meta property=\"og:site_name\" content=\"Vitablanca.ma &ndash; Sant&eacute;, vitalit&eacute; et bien-&ecirc;tre pour tous les Marocains\" \/>\n<meta property=\"article:publisher\" content=\"https:\/\/www.facebook.com\/profile.php?id=61576678196717\" \/>\n<meta property=\"article:modified_time\" content=\"2026-02-01T22:26:31+00:00\" \/>\n<meta property=\"og:image\" content=\"https:\/\/vitablanca.ma\/wp-content\/uploads\/2025\/06\/Vichy-Mineral-89-Creme-Boost-dHydratation-Riche-100h-50ml.jpg\" \/>\n\t<meta property=\"og:image:width\" content=\"1000\" \/>\n\t<meta property=\"og:image:height\" content=\"1000\" \/>\n\t<meta property=\"og:image:type\" content=\"image\/jpeg\" \/>\n<meta name=\"twitter:card\" content=\"summary_large_image\" \/>\n<meta name=\"twitter:label1\" content=\"Est. reading time\" \/>\n\t<meta name=\"twitter:data1\" content=\"3 minutes\" \/>\n<script type=\"application\/ld+json\" class=\"yoast-schema-graph\">{\"@context\":\"https:\\\/\\\/schema.org\",\"@graph\":[{\"@type\":[\"WebPage\",\"ItemPage\"],\"@id\":\"https:\\\/\\\/vitablanca.ma\\\/produit\\\/vichy-mineral-89-creme-boost-dhydratation-riche-72h-50ml\\\/\",\"url\":\"https:\\\/\\\/vitablanca.ma\\\/produit\\\/vichy-mineral-89-creme-boost-dhydratation-riche-72h-50ml\\\/\",\"name\":\"Vichy Min\u00e9ral 89 Cr\u00e8me Boost Riche 72h - Maroc Prix\",\"isPartOf\":{\"@id\":\"https:\\\/\\\/vitablanca.ma\\\/#website\"},\"primaryImageOfPage\":{\"@id\":\"https:\\\/\\\/vitablanca.ma\\\/produit\\\/vichy-mineral-89-creme-boost-dhydratation-riche-72h-50ml\\\/#primaryimage\"},\"image\":{\"@id\":\"https:\\\/\\\/vitablanca.ma\\\/produit\\\/vichy-mineral-89-creme-boost-dhydratation-riche-72h-50ml\\\/#primaryimage\"},\"thumbnailUrl\":\"https:\\\/\\\/vitablanca.ma\\\/wp-content\\\/uploads\\\/2025\\\/06\\\/Vichy-Mineral-89-Creme-Boost-dHydratation-Riche-100h-50ml.jpg\",\"datePublished\":\"2025-06-11T22:39:59+00:00\",\"dateModified\":\"2026-02-01T22:26:31+00:00\",\"description\":\"La Cr\u00e8me Min\u00e9ral 89 Riche 72h hydrate intens\u00e9ment la peau s\u00e8che, renforce la barri\u00e8re cutan\u00e9e et laisse un teint doux, confortable Vichy, Min\u00e9ral 89, Cr\u00e8me Riche, hydratation intense, peau s\u00e8che, barri\u00e8re cutan\u00e9e, visage et cou, 72h, acide hyaluronique, Eau Thermale, soin quotidien, peau confortable.\",\"breadcrumb\":{\"@id\":\"https:\\\/\\\/vitablanca.ma\\\/produit\\\/vichy-mineral-89-creme-boost-dhydratation-riche-72h-50ml\\\/#breadcrumb\"},\"inLanguage\":\"en-US\",\"potentialAction\":[{\"@type\":\"ReadAction\",\"target\":[\"https:\\\/\\\/vitablanca.ma\\\/produit\\\/vichy-mineral-89-creme-boost-dhydratation-riche-72h-50ml\\\/\"]}]},{\"@type\":\"ImageObject\",\"inLanguage\":\"en-US\",\"@id\":\"https:\\\/\\\/vitablanca.ma\\\/produit\\\/vichy-mineral-89-creme-boost-dhydratation-riche-72h-50ml\\\/#primaryimage\",\"url\":\"https:\\\/\\\/vitablanca.ma\\\/wp-content\\\/uploads\\\/2025\\\/06\\\/Vichy-Mineral-89-Creme-Boost-dHydratation-Riche-100h-50ml.jpg\",\"contentUrl\":\"https:\\\/\\\/vitablanca.ma\\\/wp-content\\\/uploads\\\/2025\\\/06\\\/Vichy-Mineral-89-Creme-Boost-dHydratation-Riche-100h-50ml.jpg\",\"width\":1000,\"height\":1000},{\"@type\":\"BreadcrumbList\",\"@id\":\"https:\\\/\\\/vitablanca.ma\\\/produit\\\/vichy-mineral-89-creme-boost-dhydratation-riche-72h-50ml\\\/#breadcrumb\",\"itemListElement\":[{\"@type\":\"ListItem\",\"position\":1,\"name\":\"Home\",\"item\":\"https:\\\/\\\/vitablanca.ma\\\/\"},{\"@type\":\"ListItem\",\"position\":2,\"name\":\"Tous Les Produits\",\"item\":\"https:\\\/\\\/vitablanca.ma\\\/tous-les-produits\\\/\"},{\"@type\":\"ListItem\",\"position\":3,\"name\":\"Vichy Min\u00e9ral 89 Cr\u00e8me Boost d\u2019Hydratation Riche 72h \u2013 50ml\"}]},{\"@type\":\"WebSite\",\"@id\":\"https:\\\/\\\/vitablanca.ma\\\/#website\",\"url\":\"https:\\\/\\\/vitablanca.ma\\\/\",\"name\":\"VitaBlanca.ma | Compl\u00e9ments alimentaires, sant\u00e9 & beaut\u00e9 au Maroc\",\"description\":\"vendre vitamines et compl\u00e9ments premium des USA &amp; Canada, Nouvelle Z\u00e9lande,Maroc (NOW Foods, Solgar, Manuka). Livraison rapide partout au Maroc.\",\"publisher\":{\"@id\":\"https:\\\/\\\/vitablanca.ma\\\/#organization\"},\"alternateName\":\"VitaBlanca.ma\",\"potentialAction\":[{\"@type\":\"SearchAction\",\"target\":{\"@type\":\"EntryPoint\",\"urlTemplate\":\"https:\\\/\\\/vitablanca.ma\\\/?s={search_term_string}\"},\"query-input\":{\"@type\":\"PropertyValueSpecification\",\"valueRequired\":true,\"valueName\":\"search_term_string\"}}],\"inLanguage\":\"en-US\"},{\"@type\":\"Organization\",\"@id\":\"https:\\\/\\\/vitablanca.ma\\\/#organization\",\"name\":\"VitaBlanca\",\"url\":\"https:\\\/\\\/vitablanca.ma\\\/\",\"logo\":{\"@type\":\"ImageObject\",\"inLanguage\":\"en-US\",\"@id\":\"https:\\\/\\\/vitablanca.ma\\\/#\\\/schema\\\/logo\\\/image\\\/\",\"url\":\"https:\\\/\\\/vitablanca.ma\\\/wp-content\\\/uploads\\\/2025\\\/05\\\/cropped-vitablanca.png\",\"contentUrl\":\"https:\\\/\\\/vitablanca.ma\\\/wp-content\\\/uploads\\\/2025\\\/05\\\/cropped-vitablanca.png\",\"width\":360,\"height\":67,\"caption\":\"VitaBlanca\"},\"image\":{\"@id\":\"https:\\\/\\\/vitablanca.ma\\\/#\\\/schema\\\/logo\\\/image\\\/\"},\"sameAs\":[\"https:\\\/\\\/www.facebook.com\\\/profile.php?id=61576678196717\",\"https:\\\/\\\/www.tiktok.com\\\/@vitablanca.ma\",\"https:\\\/\\\/www.instagram.com\\\/vitablanca.ma\\\/\"]}]}<\/script>\n<!-- \/ Yoast SEO plugin. -->","yoast_head_json":{"title":"Vichy Min\u00e9ral 89 Cr\u00e8me Boost Riche 72h - Maroc Prix","description":"La Cr\u00e8me Min\u00e9ral 89 Riche 72h hydrate intens\u00e9ment la peau s\u00e8che, renforce la barri\u00e8re cutan\u00e9e et laisse un teint doux, confortable Vichy, Min\u00e9ral 89, Cr\u00e8me Riche, hydratation intense, peau s\u00e8che, barri\u00e8re cutan\u00e9e, visage et cou, 72h, acide hyaluronique, Eau Thermale, soin quotidien, peau confortable.","robots":{"index":"index","follow":"follow","max-snippet":"max-snippet:-1","max-image-preview":"max-image-preview:large","max-video-preview":"max-video-preview:-1"},"canonical":"https:\/\/vitablanca.ma\/en\/product\/vichy-mineral-89-creme-boost-dhydratation-riche-72h-50ml\/","og_locale":"en_US","og_type":"article","og_title":"Vichy Min\u00e9ral 89 Cr\u00e8me Boost Riche 72h - Maroc Prix","og_description":"La Cr\u00e8me Min\u00e9ral 89 Riche 72h hydrate intens\u00e9ment la peau s\u00e8che, renforce la barri\u00e8re cutan\u00e9e et laisse un teint doux, confortable Vichy, Min\u00e9ral 89, Cr\u00e8me Riche, hydratation intense, peau s\u00e8che, barri\u00e8re cutan\u00e9e, visage et cou, 72h, acide hyaluronique, Eau Thermale, soin quotidien, peau confortable.","og_url":"https:\/\/vitablanca.ma\/en\/product\/vichy-mineral-89-creme-boost-dhydratation-riche-72h-50ml\/","og_site_name":"Vitablanca.ma &ndash; Sant&eacute;, vitalit&eacute; et bien-&ecirc;tre pour tous les Marocains","article_publisher":"https:\/\/www.facebook.com\/profile.php?id=61576678196717","article_modified_time":"2026-02-01T22:26:31+00:00","og_image":[{"width":1000,"height":1000,"url":"https:\/\/vitablanca.ma\/wp-content\/uploads\/2025\/06\/Vichy-Mineral-89-Creme-Boost-dHydratation-Riche-100h-50ml.jpg","type":"image\/jpeg"}],"twitter_card":"summary_large_image","twitter_misc":{"Est. reading time":"3 minutes"},"schema":{"@context":"https:\/\/schema.org","@graph":[{"@type":["WebPage","ItemPage"],"@id":"https:\/\/vitablanca.ma\/produit\/vichy-mineral-89-creme-boost-dhydratation-riche-72h-50ml\/","url":"https:\/\/vitablanca.ma\/produit\/vichy-mineral-89-creme-boost-dhydratation-riche-72h-50ml\/","name":"Vichy Min\u00e9ral 89 Cr\u00e8me Boost Riche 72h - Maroc Prix","isPartOf":{"@id":"https:\/\/vitablanca.ma\/#website"},"primaryImageOfPage":{"@id":"https:\/\/vitablanca.ma\/produit\/vichy-mineral-89-creme-boost-dhydratation-riche-72h-50ml\/#primaryimage"},"image":{"@id":"https:\/\/vitablanca.ma\/produit\/vichy-mineral-89-creme-boost-dhydratation-riche-72h-50ml\/#primaryimage"},"thumbnailUrl":"https:\/\/vitablanca.ma\/wp-content\/uploads\/2025\/06\/Vichy-Mineral-89-Creme-Boost-dHydratation-Riche-100h-50ml.jpg","datePublished":"2025-06-11T22:39:59+00:00","dateModified":"2026-02-01T22:26:31+00:00","description":"La Cr\u00e8me Min\u00e9ral 89 Riche 72h hydrate intens\u00e9ment la peau s\u00e8che, renforce la barri\u00e8re cutan\u00e9e et laisse un teint doux, confortable Vichy, Min\u00e9ral 89, Cr\u00e8me Riche, hydratation intense, peau s\u00e8che, barri\u00e8re cutan\u00e9e, visage et cou, 72h, acide hyaluronique, Eau Thermale, soin quotidien, peau confortable.","breadcrumb":{"@id":"https:\/\/vitablanca.ma\/produit\/vichy-mineral-89-creme-boost-dhydratation-riche-72h-50ml\/#breadcrumb"},"inLanguage":"en-US","potentialAction":[{"@type":"ReadAction","target":["https:\/\/vitablanca.ma\/produit\/vichy-mineral-89-creme-boost-dhydratation-riche-72h-50ml\/"]}]},{"@type":"ImageObject","inLanguage":"en-US","@id":"https:\/\/vitablanca.ma\/produit\/vichy-mineral-89-creme-boost-dhydratation-riche-72h-50ml\/#primaryimage","url":"https:\/\/vitablanca.ma\/wp-content\/uploads\/2025\/06\/Vichy-Mineral-89-Creme-Boost-dHydratation-Riche-100h-50ml.jpg","contentUrl":"https:\/\/vitablanca.ma\/wp-content\/uploads\/2025\/06\/Vichy-Mineral-89-Creme-Boost-dHydratation-Riche-100h-50ml.jpg","width":1000,"height":1000},{"@type":"BreadcrumbList","@id":"https:\/\/vitablanca.ma\/produit\/vichy-mineral-89-creme-boost-dhydratation-riche-72h-50ml\/#breadcrumb","itemListElement":[{"@type":"ListItem","position":1,"name":"Home","item":"https:\/\/vitablanca.ma\/"},{"@type":"ListItem","position":2,"name":"Tous Les Produits","item":"https:\/\/vitablanca.ma\/tous-les-produits\/"},{"@type":"ListItem","position":3,"name":"Vichy Min\u00e9ral 89 Cr\u00e8me Boost d\u2019Hydratation Riche 72h \u2013 50ml"}]},{"@type":"WebSite","@id":"https:\/\/vitablanca.ma\/#website","url":"https:\/\/vitablanca.ma\/","name":"VitaBlanca.ma | Food supplements, health &amp; beauty in Morocco","description":"sell premium vitamins and supplements from USA &amp; Canada, New Zealand, Morocco (NOW Foods, Solgar, Manuka). Fast delivery anywhere in Morocco.","publisher":{"@id":"https:\/\/vitablanca.ma\/#organization"},"alternateName":"VitaBlanca.ma","potentialAction":[{"@type":"SearchAction","target":{"@type":"EntryPoint","urlTemplate":"https:\/\/vitablanca.ma\/?s={search_term_string}"},"query-input":{"@type":"PropertyValueSpecification","valueRequired":true,"valueName":"search_term_string"}}],"inLanguage":"en-US"},{"@type":"Organization","@id":"https:\/\/vitablanca.ma\/#organization","name":"VitaBlanca","url":"https:\/\/vitablanca.ma\/","logo":{"@type":"ImageObject","inLanguage":"en-US","@id":"https:\/\/vitablanca.ma\/#\/schema\/logo\/image\/","url":"https:\/\/vitablanca.ma\/wp-content\/uploads\/2025\/05\/cropped-vitablanca.png","contentUrl":"https:\/\/vitablanca.ma\/wp-content\/uploads\/2025\/05\/cropped-vitablanca.png","width":360,"height":67,"caption":"VitaBlanca"},"image":{"@id":"https:\/\/vitablanca.ma\/#\/schema\/logo\/image\/"},"sameAs":["https:\/\/www.facebook.com\/profile.php?id=61576678196717","https:\/\/www.tiktok.com\/@vitablanca.ma","https:\/\/www.instagram.com\/vitablanca.ma\/"]}]}},"jetpack_sharing_enabled":true,"_links":{"self":[{"href":"https:\/\/vitablanca.ma\/en\/wp-json\/wp\/v2\/product\/22619","targetHints":{"allow":["GET"]}}],"collection":[{"href":"https:\/\/vitablanca.ma\/en\/wp-json\/wp\/v2\/product"}],"about":[{"href":"https:\/\/vitablanca.ma\/en\/wp-json\/wp\/v2\/types\/product"}],"wp:featuredmedia":[{"embeddable":true,"href":"https:\/\/vitablanca.ma\/en\/wp-json\/wp\/v2\/media\/22618"}],"wp:attachment":[{"href":"https:\/\/vitablanca.ma\/en\/wp-json\/wp\/v2\/media?parent=22619"}],"wp:term":[{"taxonomy":"product_brand","embeddable":true,"href":"https:\/\/vitablanca.ma\/en\/wp-json\/wp\/v2\/product_brand?post=22619"},{"taxonomy":"product_cat","embeddable":true,"href":"https:\/\/vitablanca.ma\/en\/wp-json\/wp\/v2\/product_cat?post=22619"},{"taxonomy":"product_tag","embeddable":true,"href":"https:\/\/vitablanca.ma\/en\/wp-json\/wp\/v2\/product_tag?post=22619"}],"curies":[{"name":"wp","href":"https:\/\/api.w.org\/{rel}","templated":true}]}}