{"id":22613,"date":"2025-06-11T22:39:48","date_gmt":"2025-06-11T22:39:48","guid":{"rendered":"https:\/\/vitablanca.ma\/product\/vichy-capital-soleil-bb-emulsion-toucher-sec-teintee-spf50-50ml\/"},"modified":"2026-02-01T22:38:11","modified_gmt":"2026-02-01T22:38:11","slug":"vichy-capital-soleil-bb-emulsion-toucher-sec-teintee-spf50-50ml","status":"publish","type":"product","link":"https:\/\/vitablanca.ma\/en\/product\/vichy-capital-soleil-bb-emulsion-toucher-sec-teintee-spf50-50ml\/","title":{"rendered":"Vichy Capital Soleil BB Tinted Dry Touch Emulsion SPF50+ 50ml"},"content":{"rendered":"<h2>Vichy Capital Soleil Emulsion Toucher Sec SPF50+<span data-mce-fragment=\"1\">Pour les hommes et les femmes, \u00e0 la peau claire, mixte \u00e0 grasse<\/span><\/h2>\n<p><span data-mce-fragment=\"1\">Le premier soin solaire SPF 50 au toucher sec durable sans aucune brillance.<br \/>\nPour les hommes et les femmes, \u00e0 la peau claire, mixte \u00e0 grasse, \u00e0 la recherche d&rsquo;une protection solaire qui ne fasse pas briller leur peau.<\/span><\/p>\n<h3><span data-mce-fragment=\"1\">Efficacit\u00e9 <\/span><\/h3>\n<p><span data-mce-fragment=\"1\">Pour lutter contre les effets n\u00e9fastes des UV, les Laboratoires Vichy int\u00e8grent \u00e0 l&rsquo;Emulsion anti-brillance un syst\u00e8me filtrant large spectre UVA-UVB, renforc\u00e9 contre UVA longs (3\/4 des UV) et photostable au Mexoryl\u00ae. Pour encore mieux prot\u00e9ger le pr\u00e9cieux capital g\u00e9n\u00e9tique de la peau. La peau est matifi\u00e9e*, sa beaut\u00e9 est pr\u00e9serv\u00e9e. La peau est prot\u00e9g\u00e9e des coups de soleil et du photovieillissement. <\/span><\/p>\n<h3><span data-mce-fragment=\"1\">Application<\/span><\/h3>\n<p><span data-mce-fragment=\"1\"> Appliquez l&rsquo;Emulsion anti-brillance juste avant l&rsquo;exposition. Renouvelez fr\u00e9quemment et g\u00e9n\u00e9reusement, surtout apr\u00e8s avoir nag\u00e9, transpir\u00e9 ou vous \u00eatre essuy\u00e9.<\/span><\/p>\n<h3><span data-mce-fragment=\"1\">Pr\u00e9cautions d&#8217;emploi<\/span><\/h3>\n<p><span data-mce-fragment=\"1\"> Sa formule hypoallerg\u00e9nique a \u00e9t\u00e9 test\u00e9e sur peaux sensibles sous contr\u00f4le dermatologique. Non com\u00e9dog\u00e8ne. Enrichie en Eau Thermale de Vichy apaisante, fortifiante, r\u00e9g\u00e9n\u00e9rante. *auto-\u00e9valuation sur 117 sujets<\/span><\/p>\n<h3><span data-mce-fragment=\"1\"> Composition <\/span><\/h3>\n<p><span data-mce-fragment=\"1\">AQUA \/ WATER ISOPROPYL PALMITAT GLYCERIN OCTOCRYLENE ETHYLHEXYL SALICYLATE ALCOHOL DENAT. BUTYL METHOXYDIBENZOYLMETHANE TITANIUM DIOXIDE [NANO] \/ TITANIUM DIOXIDE ETHYLHEXYL TRIAZONE TALC STEARIC ACID POTASSIUM CETYL PHOSPHATE DIISOPROPYL SEBACATE SYNTHETIC WAX ACRYLATES\/C10-30 ALKYL ACRYLATE CROSSPOLYMER ALUMINUM HYDROXIDE CAPRYLYL GLYCOL DISODIUM EDTA GLYCERYL STEARATE MYRISTIC ACID PALMITIC ACID PEG-100 STEARATE PHENOXYETHANOL TEREPHTHALYLIDENE DICAMPHOR SULFONIC ACID TOCOPHEROL TRIETHANOLAMINE<\/span><\/p>\n","protected":false},"excerpt":{"rendered":"<p>Vichy Capital Soleil Emulsion Toucher Sec SPF50+Pour les hommes et les femmes, \u00e0 la peau claire, mixte \u00e0 grasse Le premier soin solaire SPF 50 au toucher sec durable sans aucune brillance. Pour les hommes et les femmes, \u00e0 la peau claire, mixte \u00e0 grasse, \u00e0 la recherche d&rsquo;une protection solaire qui ne fasse pas [&hellip;]<\/p>\n","protected":false},"featured_media":22612,"template":"","meta":{"om_disable_all_campaigns":false},"product_brand":[3358],"product_cat":[18],"product_tag":[6888,7055,7026,7059,7058,5857,5863,5858,7056,7057,7028,7029,3359,3360,3361,6274],"class_list":{"0":"post-22613","1":"product","2":"type-product","3":"status-publish","4":"has-post-thumbnail","6":"product_brand-vichy-maroc-prix-vitablanca","7":"product_cat-beaute-sante","8":"product_tag-base-maquillage","9":"product_tag-bb-emulsion","10":"product_tag-capital-soleil","11":"product_tag-hydratation-legere","12":"product_tag-peau-parfaite","13":"product_tag-protection-solaire","14":"product_tag-soin-visage","15":"product_tag-spf50","16":"product_tag-teintee","17":"product_tag-toucher-sec","18":"product_tag-uva","19":"product_tag-uvb","20":"product_tag-vichy","21":"product_tag-vichy-maroc","22":"product_tag-vichy-morocco","23":"product_tag-visage","25":"first","26":"instock","27":"sale","28":"taxable","29":"shipping-taxable","30":"purchasable","31":"product-type-simple"},"yoast_head":"<!-- This site is optimized with the Yoast SEO plugin v27.4 - https:\/\/yoast.com\/product\/yoast-seo-wordpress\/ -->\n<title>Vichy Capital Soleil BB Emulsion 50ml - Maroc Prix<\/title>\n<meta name=\"description\" content=\"La BB \u00c9mulsion Vichy Capital Soleil SPF50+ 50 ml offre une protection solaire tr\u00e8s haute, matifie la peau et unifie le teint pour un effet peau parfait\" \/>\n<meta name=\"robots\" content=\"index, follow, max-snippet:-1, max-image-preview:large, max-video-preview:-1\" \/>\n<link rel=\"canonical\" href=\"https:\/\/vitablanca.ma\/en\/product\/vichy-capital-soleil-bb-emulsion-toucher-sec-teintee-spf50-50ml\/\" \/>\n<meta property=\"og:locale\" content=\"en_US\" \/>\n<meta property=\"og:type\" content=\"article\" \/>\n<meta property=\"og:title\" content=\"Vichy Capital Soleil BB Emulsion 50ml - Maroc Prix\" \/>\n<meta property=\"og:description\" content=\"La BB \u00c9mulsion Vichy Capital Soleil SPF50+ 50 ml offre une protection solaire tr\u00e8s haute, matifie la peau et unifie le teint pour un effet peau parfait\" \/>\n<meta property=\"og:url\" content=\"https:\/\/vitablanca.ma\/en\/product\/vichy-capital-soleil-bb-emulsion-toucher-sec-teintee-spf50-50ml\/\" \/>\n<meta property=\"og:site_name\" content=\"Vitablanca.ma &ndash; Sant&eacute;, vitalit&eacute; et bien-&ecirc;tre pour tous les Marocains\" \/>\n<meta property=\"article:publisher\" content=\"https:\/\/www.facebook.com\/profile.php?id=61576678196717\" \/>\n<meta property=\"article:modified_time\" content=\"2026-02-01T22:38:11+00:00\" \/>\n<meta property=\"og:image\" content=\"https:\/\/vitablanca.ma\/wp-content\/uploads\/2025\/06\/Vichy-Capital-Soleil-BB-Emulsion-Toucher-Sec-Teintee-SPF50_-50ml-maroc-parapharmacie-casablanca.jpg\" \/>\n\t<meta property=\"og:image:width\" content=\"1000\" \/>\n\t<meta property=\"og:image:height\" content=\"1000\" \/>\n\t<meta property=\"og:image:type\" content=\"image\/jpeg\" \/>\n<meta name=\"twitter:card\" content=\"summary_large_image\" \/>\n<meta name=\"twitter:label1\" content=\"Est. reading time\" \/>\n\t<meta name=\"twitter:data1\" content=\"2 minutes\" \/>\n<script type=\"application\/ld+json\" class=\"yoast-schema-graph\">{\"@context\":\"https:\\\/\\\/schema.org\",\"@graph\":[{\"@type\":[\"WebPage\",\"ItemPage\"],\"@id\":\"https:\\\/\\\/vitablanca.ma\\\/produit\\\/vichy-capital-soleil-bb-emulsion-toucher-sec-teintee-spf50-50ml\\\/\",\"url\":\"https:\\\/\\\/vitablanca.ma\\\/produit\\\/vichy-capital-soleil-bb-emulsion-toucher-sec-teintee-spf50-50ml\\\/\",\"name\":\"Vichy Capital Soleil BB Emulsion 50ml - Maroc Prix\",\"isPartOf\":{\"@id\":\"https:\\\/\\\/vitablanca.ma\\\/#website\"},\"primaryImageOfPage\":{\"@id\":\"https:\\\/\\\/vitablanca.ma\\\/produit\\\/vichy-capital-soleil-bb-emulsion-toucher-sec-teintee-spf50-50ml\\\/#primaryimage\"},\"image\":{\"@id\":\"https:\\\/\\\/vitablanca.ma\\\/produit\\\/vichy-capital-soleil-bb-emulsion-toucher-sec-teintee-spf50-50ml\\\/#primaryimage\"},\"thumbnailUrl\":\"https:\\\/\\\/vitablanca.ma\\\/wp-content\\\/uploads\\\/2025\\\/06\\\/Vichy-Capital-Soleil-BB-Emulsion-Toucher-Sec-Teintee-SPF50_-50ml-maroc-parapharmacie-casablanca.jpg\",\"datePublished\":\"2025-06-11T22:39:48+00:00\",\"dateModified\":\"2026-02-01T22:38:11+00:00\",\"description\":\"La BB \u00c9mulsion Vichy Capital Soleil SPF50+ 50 ml offre une protection solaire tr\u00e8s haute, matifie la peau et unifie le teint pour un effet peau parfait\",\"breadcrumb\":{\"@id\":\"https:\\\/\\\/vitablanca.ma\\\/produit\\\/vichy-capital-soleil-bb-emulsion-toucher-sec-teintee-spf50-50ml\\\/#breadcrumb\"},\"inLanguage\":\"en-US\",\"potentialAction\":[{\"@type\":\"ReadAction\",\"target\":[\"https:\\\/\\\/vitablanca.ma\\\/produit\\\/vichy-capital-soleil-bb-emulsion-toucher-sec-teintee-spf50-50ml\\\/\"]}]},{\"@type\":\"ImageObject\",\"inLanguage\":\"en-US\",\"@id\":\"https:\\\/\\\/vitablanca.ma\\\/produit\\\/vichy-capital-soleil-bb-emulsion-toucher-sec-teintee-spf50-50ml\\\/#primaryimage\",\"url\":\"https:\\\/\\\/vitablanca.ma\\\/wp-content\\\/uploads\\\/2025\\\/06\\\/Vichy-Capital-Soleil-BB-Emulsion-Toucher-Sec-Teintee-SPF50_-50ml-maroc-parapharmacie-casablanca.jpg\",\"contentUrl\":\"https:\\\/\\\/vitablanca.ma\\\/wp-content\\\/uploads\\\/2025\\\/06\\\/Vichy-Capital-Soleil-BB-Emulsion-Toucher-Sec-Teintee-SPF50_-50ml-maroc-parapharmacie-casablanca.jpg\",\"width\":1000,\"height\":1000},{\"@type\":\"BreadcrumbList\",\"@id\":\"https:\\\/\\\/vitablanca.ma\\\/produit\\\/vichy-capital-soleil-bb-emulsion-toucher-sec-teintee-spf50-50ml\\\/#breadcrumb\",\"itemListElement\":[{\"@type\":\"ListItem\",\"position\":1,\"name\":\"Home\",\"item\":\"https:\\\/\\\/vitablanca.ma\\\/\"},{\"@type\":\"ListItem\",\"position\":2,\"name\":\"Tous Les Produits\",\"item\":\"https:\\\/\\\/vitablanca.ma\\\/tous-les-produits\\\/\"},{\"@type\":\"ListItem\",\"position\":3,\"name\":\"Vichy Capital Soleil BB Emulsion Toucher Sec Teint\u00e9e SPF50+ 50ml\"}]},{\"@type\":\"WebSite\",\"@id\":\"https:\\\/\\\/vitablanca.ma\\\/#website\",\"url\":\"https:\\\/\\\/vitablanca.ma\\\/\",\"name\":\"VitaBlanca.ma | Compl\u00e9ments alimentaires, sant\u00e9 & beaut\u00e9 au Maroc\",\"description\":\"vendre vitamines et compl\u00e9ments premium des USA &amp; Canada, Nouvelle Z\u00e9lande,Maroc (NOW Foods, Solgar, Manuka). Livraison rapide partout au Maroc.\",\"publisher\":{\"@id\":\"https:\\\/\\\/vitablanca.ma\\\/#organization\"},\"alternateName\":\"VitaBlanca.ma\",\"potentialAction\":[{\"@type\":\"SearchAction\",\"target\":{\"@type\":\"EntryPoint\",\"urlTemplate\":\"https:\\\/\\\/vitablanca.ma\\\/?s={search_term_string}\"},\"query-input\":{\"@type\":\"PropertyValueSpecification\",\"valueRequired\":true,\"valueName\":\"search_term_string\"}}],\"inLanguage\":\"en-US\"},{\"@type\":\"Organization\",\"@id\":\"https:\\\/\\\/vitablanca.ma\\\/#organization\",\"name\":\"VitaBlanca\",\"url\":\"https:\\\/\\\/vitablanca.ma\\\/\",\"logo\":{\"@type\":\"ImageObject\",\"inLanguage\":\"en-US\",\"@id\":\"https:\\\/\\\/vitablanca.ma\\\/#\\\/schema\\\/logo\\\/image\\\/\",\"url\":\"https:\\\/\\\/vitablanca.ma\\\/wp-content\\\/uploads\\\/2025\\\/05\\\/cropped-vitablanca.png\",\"contentUrl\":\"https:\\\/\\\/vitablanca.ma\\\/wp-content\\\/uploads\\\/2025\\\/05\\\/cropped-vitablanca.png\",\"width\":360,\"height\":67,\"caption\":\"VitaBlanca\"},\"image\":{\"@id\":\"https:\\\/\\\/vitablanca.ma\\\/#\\\/schema\\\/logo\\\/image\\\/\"},\"sameAs\":[\"https:\\\/\\\/www.facebook.com\\\/profile.php?id=61576678196717\",\"https:\\\/\\\/www.tiktok.com\\\/@vitablanca.ma\",\"https:\\\/\\\/www.instagram.com\\\/vitablanca.ma\\\/\"]}]}<\/script>\n<!-- \/ Yoast SEO plugin. -->","yoast_head_json":{"title":"Vichy Capital Soleil BB Emulsion 50ml - Maroc Prix","description":"La BB \u00c9mulsion Vichy Capital Soleil SPF50+ 50 ml offre une protection solaire tr\u00e8s haute, matifie la peau et unifie le teint pour un effet peau parfait","robots":{"index":"index","follow":"follow","max-snippet":"max-snippet:-1","max-image-preview":"max-image-preview:large","max-video-preview":"max-video-preview:-1"},"canonical":"https:\/\/vitablanca.ma\/en\/product\/vichy-capital-soleil-bb-emulsion-toucher-sec-teintee-spf50-50ml\/","og_locale":"en_US","og_type":"article","og_title":"Vichy Capital Soleil BB Emulsion 50ml - Maroc Prix","og_description":"La BB \u00c9mulsion Vichy Capital Soleil SPF50+ 50 ml offre une protection solaire tr\u00e8s haute, matifie la peau et unifie le teint pour un effet peau parfait","og_url":"https:\/\/vitablanca.ma\/en\/product\/vichy-capital-soleil-bb-emulsion-toucher-sec-teintee-spf50-50ml\/","og_site_name":"Vitablanca.ma &ndash; Sant&eacute;, vitalit&eacute; et bien-&ecirc;tre pour tous les Marocains","article_publisher":"https:\/\/www.facebook.com\/profile.php?id=61576678196717","article_modified_time":"2026-02-01T22:38:11+00:00","og_image":[{"width":1000,"height":1000,"url":"https:\/\/vitablanca.ma\/wp-content\/uploads\/2025\/06\/Vichy-Capital-Soleil-BB-Emulsion-Toucher-Sec-Teintee-SPF50_-50ml-maroc-parapharmacie-casablanca.jpg","type":"image\/jpeg"}],"twitter_card":"summary_large_image","twitter_misc":{"Est. reading time":"2 minutes"},"schema":{"@context":"https:\/\/schema.org","@graph":[{"@type":["WebPage","ItemPage"],"@id":"https:\/\/vitablanca.ma\/produit\/vichy-capital-soleil-bb-emulsion-toucher-sec-teintee-spf50-50ml\/","url":"https:\/\/vitablanca.ma\/produit\/vichy-capital-soleil-bb-emulsion-toucher-sec-teintee-spf50-50ml\/","name":"Vichy Capital Soleil BB Emulsion 50ml - Maroc Prix","isPartOf":{"@id":"https:\/\/vitablanca.ma\/#website"},"primaryImageOfPage":{"@id":"https:\/\/vitablanca.ma\/produit\/vichy-capital-soleil-bb-emulsion-toucher-sec-teintee-spf50-50ml\/#primaryimage"},"image":{"@id":"https:\/\/vitablanca.ma\/produit\/vichy-capital-soleil-bb-emulsion-toucher-sec-teintee-spf50-50ml\/#primaryimage"},"thumbnailUrl":"https:\/\/vitablanca.ma\/wp-content\/uploads\/2025\/06\/Vichy-Capital-Soleil-BB-Emulsion-Toucher-Sec-Teintee-SPF50_-50ml-maroc-parapharmacie-casablanca.jpg","datePublished":"2025-06-11T22:39:48+00:00","dateModified":"2026-02-01T22:38:11+00:00","description":"La BB \u00c9mulsion Vichy Capital Soleil SPF50+ 50 ml offre une protection solaire tr\u00e8s haute, matifie la peau et unifie le teint pour un effet peau parfait","breadcrumb":{"@id":"https:\/\/vitablanca.ma\/produit\/vichy-capital-soleil-bb-emulsion-toucher-sec-teintee-spf50-50ml\/#breadcrumb"},"inLanguage":"en-US","potentialAction":[{"@type":"ReadAction","target":["https:\/\/vitablanca.ma\/produit\/vichy-capital-soleil-bb-emulsion-toucher-sec-teintee-spf50-50ml\/"]}]},{"@type":"ImageObject","inLanguage":"en-US","@id":"https:\/\/vitablanca.ma\/produit\/vichy-capital-soleil-bb-emulsion-toucher-sec-teintee-spf50-50ml\/#primaryimage","url":"https:\/\/vitablanca.ma\/wp-content\/uploads\/2025\/06\/Vichy-Capital-Soleil-BB-Emulsion-Toucher-Sec-Teintee-SPF50_-50ml-maroc-parapharmacie-casablanca.jpg","contentUrl":"https:\/\/vitablanca.ma\/wp-content\/uploads\/2025\/06\/Vichy-Capital-Soleil-BB-Emulsion-Toucher-Sec-Teintee-SPF50_-50ml-maroc-parapharmacie-casablanca.jpg","width":1000,"height":1000},{"@type":"BreadcrumbList","@id":"https:\/\/vitablanca.ma\/produit\/vichy-capital-soleil-bb-emulsion-toucher-sec-teintee-spf50-50ml\/#breadcrumb","itemListElement":[{"@type":"ListItem","position":1,"name":"Home","item":"https:\/\/vitablanca.ma\/"},{"@type":"ListItem","position":2,"name":"Tous Les Produits","item":"https:\/\/vitablanca.ma\/tous-les-produits\/"},{"@type":"ListItem","position":3,"name":"Vichy Capital Soleil BB Emulsion Toucher Sec Teint\u00e9e SPF50+ 50ml"}]},{"@type":"WebSite","@id":"https:\/\/vitablanca.ma\/#website","url":"https:\/\/vitablanca.ma\/","name":"VitaBlanca.ma | Food supplements, health &amp; beauty in Morocco","description":"sell premium vitamins and supplements from USA &amp; Canada, New Zealand, Morocco (NOW Foods, Solgar, Manuka). Fast delivery anywhere in Morocco.","publisher":{"@id":"https:\/\/vitablanca.ma\/#organization"},"alternateName":"VitaBlanca.ma","potentialAction":[{"@type":"SearchAction","target":{"@type":"EntryPoint","urlTemplate":"https:\/\/vitablanca.ma\/?s={search_term_string}"},"query-input":{"@type":"PropertyValueSpecification","valueRequired":true,"valueName":"search_term_string"}}],"inLanguage":"en-US"},{"@type":"Organization","@id":"https:\/\/vitablanca.ma\/#organization","name":"VitaBlanca","url":"https:\/\/vitablanca.ma\/","logo":{"@type":"ImageObject","inLanguage":"en-US","@id":"https:\/\/vitablanca.ma\/#\/schema\/logo\/image\/","url":"https:\/\/vitablanca.ma\/wp-content\/uploads\/2025\/05\/cropped-vitablanca.png","contentUrl":"https:\/\/vitablanca.ma\/wp-content\/uploads\/2025\/05\/cropped-vitablanca.png","width":360,"height":67,"caption":"VitaBlanca"},"image":{"@id":"https:\/\/vitablanca.ma\/#\/schema\/logo\/image\/"},"sameAs":["https:\/\/www.facebook.com\/profile.php?id=61576678196717","https:\/\/www.tiktok.com\/@vitablanca.ma","https:\/\/www.instagram.com\/vitablanca.ma\/"]}]}},"jetpack_sharing_enabled":true,"_links":{"self":[{"href":"https:\/\/vitablanca.ma\/en\/wp-json\/wp\/v2\/product\/22613","targetHints":{"allow":["GET"]}}],"collection":[{"href":"https:\/\/vitablanca.ma\/en\/wp-json\/wp\/v2\/product"}],"about":[{"href":"https:\/\/vitablanca.ma\/en\/wp-json\/wp\/v2\/types\/product"}],"wp:featuredmedia":[{"embeddable":true,"href":"https:\/\/vitablanca.ma\/en\/wp-json\/wp\/v2\/media\/22612"}],"wp:attachment":[{"href":"https:\/\/vitablanca.ma\/en\/wp-json\/wp\/v2\/media?parent=22613"}],"wp:term":[{"taxonomy":"product_brand","embeddable":true,"href":"https:\/\/vitablanca.ma\/en\/wp-json\/wp\/v2\/product_brand?post=22613"},{"taxonomy":"product_cat","embeddable":true,"href":"https:\/\/vitablanca.ma\/en\/wp-json\/wp\/v2\/product_cat?post=22613"},{"taxonomy":"product_tag","embeddable":true,"href":"https:\/\/vitablanca.ma\/en\/wp-json\/wp\/v2\/product_tag?post=22613"}],"curies":[{"name":"wp","href":"https:\/\/api.w.org\/{rel}","templated":true}]}}