{"id":22609,"date":"2025-06-11T22:39:41","date_gmt":"2025-06-11T22:39:41","guid":{"rendered":"https:\/\/vitablanca.ma\/product\/vichy-aqualia-thermal-creme-rehydratante-legere-30ml\/"},"modified":"2025-08-21T13:25:18","modified_gmt":"2025-08-21T13:25:18","slug":"vichy-aqualia-thermal-creme-rehydratante-legere-30ml","status":"publish","type":"product","link":"https:\/\/vitablanca.ma\/en\/product\/vichy-aqualia-thermal-creme-rehydratante-legere-30ml\/","title":{"rendered":"Vichy Aqualia Thermal Light Rehydrating Cream 30ml"},"content":{"rendered":"<h2>Vichy Aqualia Thermal Light Rehydrating Cream Tube\u00a0<span data-mce-fragment=\"1\">Moisturizing treatment recommended for normal to combination skin.<\/span><br \/>\n<\/h2>\n<p>AQUALIA THERMAL Light Cream is a moisturizer recommended for normal to combination skin. Its lightweight texture leaves the skin feeling featherlight and comfortable.<br \/>Inspired by isotonic rehydration solutions used in medical settings to combat severe dehydration<strong><em>,<span>\u00a0<\/span><\/em><\/strong>Vichy Light Rehydrating Cream, composed of 97% of ingredients of natural origin*, strengthens hydration and limits water loss from the skin.<br \/>The skin is immediately plumped, fresh and hydrated for 48 hours.<br \/>*The remaining 3% guarantee optimal sensoriality and conservation.<\/p>\n<div class=\"tick-list\">\n<ul>\n<li>48H OF REHYDRATION<\/li>\n<li>PLUMPED SKIN, FRESH COMPLEXION<\/li>\n<li>97% OF NATURAL INGREDIENTS<\/li>\n<li>TESTED ON SENSITIVE SKIN<\/li>\n<li>HYPOALLERGENIC<\/li>\n<\/ul>\n<h3>Efficiency<\/h3>\n<p>48H of rehydration. Plumped skin, fresh complexion for normal to combination skin, even sensitive. Enriched with fortifying Vichy mineralizing thermal water, natural-origin hyaluronic acid and plant-based mannose, this light rehydrating cream gives the skin an immediate sensation of freshness and long-lasting comfort. Instantly, the skin is hydrated for 96% of women*. After one month of use, the skin is more supple for 90% of women*, the complexion appears fresher for 88% of women* and features less tired for 82% of women*. * Self-assessment on 52 women after 1 month of use<\/p>\n<h3>Application<\/h3>\n<p>Apply morning and evening, alone or after Aqualia Thermal Rehydrating Serum.<\/p>\n<h3>Precautions for use<\/h3>\n<p>Hypoallergenic formula, dermatologically tested and tested on sensitive skin. Tested under extreme conditions.<\/p>\n<h3>Composition<\/h3>\n<p>AQUA \/ WATER GLYCERIN CAPRYLIC\/CAPRIC TRIGLYCERIDE ALCOHOL DENAT. PROPANEDIOL ISOPROPYL PALMITATE BUTYROSPERMUM PARKII BUTTER \/ SHEA BUTTER AMMONIUM POLYACRYLOYLDIMETHYL TAURATE ZEA MAYS STARCH \/ CORN STARCH MANNOSE GLYCERYL ISOSTEARATE CETEARYL ALCOHOL CETEARYL GLUCOSIDE SODIUM PCA SODIUM HYALURONATE SODIUM HYDROXIDE P-ANISIC ACID CAPRYLYL GLYCOL CITRIC ACID<\/p>\n<\/div>","protected":false},"excerpt":{"rendered":"<p>Vichy Aqualia Thermal cr\u00e8me R\u00e9hydratante L\u00e9g\u00e8re Tube\u00a0soin hydratant recommand\u00e9 pour les peaux normales \u00e0 mixtes. La cr\u00e8me l\u00e9g\u00e8re AQUALIA THERMAL est un soin hydratant recommand\u00e9 pour les peaux normales \u00e0 mixtes. Sa texture l\u00e9g\u00e8re laisse sur la peau une sensation de confort poids plume.Inspir\u00e9e des solutions de r\u00e9hydratation isotoniques utilis\u00e9es en milieu m\u00e9dical pour lutter [&hellip;]<\/p>\n","protected":false},"featured_media":22830,"template":"","meta":{"om_disable_all_campaigns":false},"product_brand":[3358],"product_cat":[18],"product_tag":[3359,3360,3361],"class_list":{"0":"post-22609","1":"product","2":"type-product","3":"status-publish","4":"has-post-thumbnail","6":"product_brand-vichy-maroc-prix-vitablanca","7":"product_cat-beaute-sante","8":"product_tag-vichy","9":"product_tag-vichy-maroc","10":"product_tag-vichy-morocco","12":"first","13":"instock","14":"sale","15":"taxable","16":"shipping-taxable","17":"purchasable","18":"product-type-simple"},"yoast_head":"<!-- This site is optimized with the Yoast SEO plugin v27.4 - https:\/\/yoast.com\/product\/yoast-seo-wordpress\/ -->\n<title>Vichy Aqualia Thermal cr\u00e8me R\u00e9hydratante L\u00e9g\u00e8re 30ml - Maroc Prix<\/title>\n<meta name=\"description\" content=\"Achetez Vichy Aqualia Thermal Cr\u00e8me R\u00e9hydratante L\u00e9g\u00e8re 30ml au Maroc. Hydratation intense 48h, fra\u00eecheur et confort pour peaux normales \u00e0 mixtes. Formule enrichie en Eau Thermale Volcanique de Vichy. Livraison rapide partout au Maroc!\" \/>\n<meta name=\"robots\" content=\"index, follow, max-snippet:-1, max-image-preview:large, max-video-preview:-1\" \/>\n<link rel=\"canonical\" href=\"https:\/\/vitablanca.ma\/en\/product\/vichy-aqualia-thermal-creme-rehydratante-legere-30ml\/\" \/>\n<meta property=\"og:locale\" content=\"en_US\" \/>\n<meta property=\"og:type\" content=\"article\" \/>\n<meta property=\"og:title\" content=\"Vichy Aqualia Thermal cr\u00e8me R\u00e9hydratante L\u00e9g\u00e8re 30ml - Maroc Prix\" \/>\n<meta property=\"og:description\" content=\"Achetez Vichy Aqualia Thermal Cr\u00e8me R\u00e9hydratante L\u00e9g\u00e8re 30ml au Maroc. Hydratation intense 48h, fra\u00eecheur et confort pour peaux normales \u00e0 mixtes. Formule enrichie en Eau Thermale Volcanique de Vichy. Livraison rapide partout au Maroc!\" \/>\n<meta property=\"og:url\" content=\"https:\/\/vitablanca.ma\/en\/product\/vichy-aqualia-thermal-creme-rehydratante-legere-30ml\/\" \/>\n<meta property=\"og:site_name\" content=\"Vitablanca.ma &ndash; Sant&eacute;, vitalit&eacute; et bien-&ecirc;tre pour tous les Marocains\" \/>\n<meta property=\"article:publisher\" content=\"https:\/\/www.facebook.com\/profile.php?id=61576678196717\" \/>\n<meta property=\"article:modified_time\" content=\"2025-08-21T13:25:18+00:00\" \/>\n<meta property=\"og:image\" content=\"https:\/\/vitablanca.ma\/wp-content\/uploads\/2025\/06\/3337875588867-1.webp\" \/>\n\t<meta property=\"og:image:width\" content=\"600\" \/>\n\t<meta property=\"og:image:height\" content=\"599\" \/>\n\t<meta property=\"og:image:type\" content=\"image\/webp\" \/>\n<meta name=\"twitter:card\" content=\"summary_large_image\" \/>\n<meta name=\"twitter:label1\" content=\"Est. reading time\" \/>\n\t<meta name=\"twitter:data1\" content=\"2 minutes\" \/>\n<script type=\"application\/ld+json\" class=\"yoast-schema-graph\">{\"@context\":\"https:\\\/\\\/schema.org\",\"@graph\":[{\"@type\":[\"WebPage\",\"ItemPage\"],\"@id\":\"https:\\\/\\\/vitablanca.ma\\\/produit\\\/vichy-aqualia-thermal-creme-rehydratante-legere-30ml\\\/\",\"url\":\"https:\\\/\\\/vitablanca.ma\\\/produit\\\/vichy-aqualia-thermal-creme-rehydratante-legere-30ml\\\/\",\"name\":\"Vichy Aqualia Thermal cr\u00e8me R\u00e9hydratante L\u00e9g\u00e8re 30ml - Maroc Prix\",\"isPartOf\":{\"@id\":\"https:\\\/\\\/vitablanca.ma\\\/#website\"},\"primaryImageOfPage\":{\"@id\":\"https:\\\/\\\/vitablanca.ma\\\/produit\\\/vichy-aqualia-thermal-creme-rehydratante-legere-30ml\\\/#primaryimage\"},\"image\":{\"@id\":\"https:\\\/\\\/vitablanca.ma\\\/produit\\\/vichy-aqualia-thermal-creme-rehydratante-legere-30ml\\\/#primaryimage\"},\"thumbnailUrl\":\"https:\\\/\\\/vitablanca.ma\\\/wp-content\\\/uploads\\\/2025\\\/06\\\/3337875588867-1.webp\",\"datePublished\":\"2025-06-11T22:39:41+00:00\",\"dateModified\":\"2025-08-21T13:25:18+00:00\",\"description\":\"Achetez Vichy Aqualia Thermal Cr\u00e8me R\u00e9hydratante L\u00e9g\u00e8re 30ml au Maroc. Hydratation intense 48h, fra\u00eecheur et confort pour peaux normales \u00e0 mixtes. Formule enrichie en Eau Thermale Volcanique de Vichy. Livraison rapide partout au Maroc!\",\"breadcrumb\":{\"@id\":\"https:\\\/\\\/vitablanca.ma\\\/produit\\\/vichy-aqualia-thermal-creme-rehydratante-legere-30ml\\\/#breadcrumb\"},\"inLanguage\":\"en-US\",\"potentialAction\":[{\"@type\":\"ReadAction\",\"target\":[\"https:\\\/\\\/vitablanca.ma\\\/produit\\\/vichy-aqualia-thermal-creme-rehydratante-legere-30ml\\\/\"]}]},{\"@type\":\"ImageObject\",\"inLanguage\":\"en-US\",\"@id\":\"https:\\\/\\\/vitablanca.ma\\\/produit\\\/vichy-aqualia-thermal-creme-rehydratante-legere-30ml\\\/#primaryimage\",\"url\":\"https:\\\/\\\/vitablanca.ma\\\/wp-content\\\/uploads\\\/2025\\\/06\\\/3337875588867-1.webp\",\"contentUrl\":\"https:\\\/\\\/vitablanca.ma\\\/wp-content\\\/uploads\\\/2025\\\/06\\\/3337875588867-1.webp\",\"width\":600,\"height\":599,\"caption\":\"vichy-aqualia-thermal-creme-rehydratante-legere-peau-normale-a-mixte-30ml\"},{\"@type\":\"BreadcrumbList\",\"@id\":\"https:\\\/\\\/vitablanca.ma\\\/produit\\\/vichy-aqualia-thermal-creme-rehydratante-legere-30ml\\\/#breadcrumb\",\"itemListElement\":[{\"@type\":\"ListItem\",\"position\":1,\"name\":\"Home\",\"item\":\"https:\\\/\\\/vitablanca.ma\\\/\"},{\"@type\":\"ListItem\",\"position\":2,\"name\":\"Tous Les Produits\",\"item\":\"https:\\\/\\\/vitablanca.ma\\\/tous-les-produits\\\/\"},{\"@type\":\"ListItem\",\"position\":3,\"name\":\"Vichy Aqualia Thermal cr\u00e8me R\u00e9hydratante L\u00e9g\u00e8re 30ml\"}]},{\"@type\":\"WebSite\",\"@id\":\"https:\\\/\\\/vitablanca.ma\\\/#website\",\"url\":\"https:\\\/\\\/vitablanca.ma\\\/\",\"name\":\"VitaBlanca.ma | Compl\u00e9ments alimentaires, sant\u00e9 & beaut\u00e9 au Maroc\",\"description\":\"vendre vitamines et compl\u00e9ments premium des USA &amp; Canada, Nouvelle Z\u00e9lande,Maroc (NOW Foods, Solgar, Manuka). Livraison rapide partout au Maroc.\",\"publisher\":{\"@id\":\"https:\\\/\\\/vitablanca.ma\\\/#organization\"},\"alternateName\":\"VitaBlanca.ma\",\"potentialAction\":[{\"@type\":\"SearchAction\",\"target\":{\"@type\":\"EntryPoint\",\"urlTemplate\":\"https:\\\/\\\/vitablanca.ma\\\/?s={search_term_string}\"},\"query-input\":{\"@type\":\"PropertyValueSpecification\",\"valueRequired\":true,\"valueName\":\"search_term_string\"}}],\"inLanguage\":\"en-US\"},{\"@type\":\"Organization\",\"@id\":\"https:\\\/\\\/vitablanca.ma\\\/#organization\",\"name\":\"VitaBlanca\",\"url\":\"https:\\\/\\\/vitablanca.ma\\\/\",\"logo\":{\"@type\":\"ImageObject\",\"inLanguage\":\"en-US\",\"@id\":\"https:\\\/\\\/vitablanca.ma\\\/#\\\/schema\\\/logo\\\/image\\\/\",\"url\":\"https:\\\/\\\/vitablanca.ma\\\/wp-content\\\/uploads\\\/2025\\\/05\\\/cropped-vitablanca.png\",\"contentUrl\":\"https:\\\/\\\/vitablanca.ma\\\/wp-content\\\/uploads\\\/2025\\\/05\\\/cropped-vitablanca.png\",\"width\":360,\"height\":67,\"caption\":\"VitaBlanca\"},\"image\":{\"@id\":\"https:\\\/\\\/vitablanca.ma\\\/#\\\/schema\\\/logo\\\/image\\\/\"},\"sameAs\":[\"https:\\\/\\\/www.facebook.com\\\/profile.php?id=61576678196717\",\"https:\\\/\\\/www.tiktok.com\\\/@vitablanca.ma\",\"https:\\\/\\\/www.instagram.com\\\/vitablanca.ma\\\/\"]}]}<\/script>\n<!-- \/ Yoast SEO plugin. -->","yoast_head_json":{"title":"Vichy Aqualia Thermal Light Rehydrating Cream 30ml - Morocco Price","description":"Buy Vichy Aqualia Thermal Light Rehydrating Cream 30ml in Morocco. Intense 48-hour hydration, freshness, and comfort for normal to combination skin. Formula enriched with Vichy Volcanic Thermal Water. Fast delivery throughout Morocco!","robots":{"index":"index","follow":"follow","max-snippet":"max-snippet:-1","max-image-preview":"max-image-preview:large","max-video-preview":"max-video-preview:-1"},"canonical":"https:\/\/vitablanca.ma\/en\/product\/vichy-aqualia-thermal-creme-rehydratante-legere-30ml\/","og_locale":"en_US","og_type":"article","og_title":"Vichy Aqualia Thermal cr\u00e8me R\u00e9hydratante L\u00e9g\u00e8re 30ml - Maroc Prix","og_description":"Achetez Vichy Aqualia Thermal Cr\u00e8me R\u00e9hydratante L\u00e9g\u00e8re 30ml au Maroc. Hydratation intense 48h, fra\u00eecheur et confort pour peaux normales \u00e0 mixtes. Formule enrichie en Eau Thermale Volcanique de Vichy. Livraison rapide partout au Maroc!","og_url":"https:\/\/vitablanca.ma\/en\/product\/vichy-aqualia-thermal-creme-rehydratante-legere-30ml\/","og_site_name":"Vitablanca.ma &ndash; Sant&eacute;, vitalit&eacute; et bien-&ecirc;tre pour tous les Marocains","article_publisher":"https:\/\/www.facebook.com\/profile.php?id=61576678196717","article_modified_time":"2025-08-21T13:25:18+00:00","og_image":[{"width":600,"height":599,"url":"https:\/\/vitablanca.ma\/wp-content\/uploads\/2025\/06\/3337875588867-1.webp","type":"image\/webp"}],"twitter_card":"summary_large_image","twitter_misc":{"Est. reading time":"2 minutes"},"schema":{"@context":"https:\/\/schema.org","@graph":[{"@type":["WebPage","ItemPage"],"@id":"https:\/\/vitablanca.ma\/produit\/vichy-aqualia-thermal-creme-rehydratante-legere-30ml\/","url":"https:\/\/vitablanca.ma\/produit\/vichy-aqualia-thermal-creme-rehydratante-legere-30ml\/","name":"Vichy Aqualia Thermal Light Rehydrating Cream 30ml - Morocco Price","isPartOf":{"@id":"https:\/\/vitablanca.ma\/#website"},"primaryImageOfPage":{"@id":"https:\/\/vitablanca.ma\/produit\/vichy-aqualia-thermal-creme-rehydratante-legere-30ml\/#primaryimage"},"image":{"@id":"https:\/\/vitablanca.ma\/produit\/vichy-aqualia-thermal-creme-rehydratante-legere-30ml\/#primaryimage"},"thumbnailUrl":"https:\/\/vitablanca.ma\/wp-content\/uploads\/2025\/06\/3337875588867-1.webp","datePublished":"2025-06-11T22:39:41+00:00","dateModified":"2025-08-21T13:25:18+00:00","description":"Buy Vichy Aqualia Thermal Light Rehydrating Cream 30ml in Morocco. Intense 48-hour hydration, freshness, and comfort for normal to combination skin. Formula enriched with Vichy Volcanic Thermal Water. Fast delivery throughout Morocco!","breadcrumb":{"@id":"https:\/\/vitablanca.ma\/produit\/vichy-aqualia-thermal-creme-rehydratante-legere-30ml\/#breadcrumb"},"inLanguage":"en-US","potentialAction":[{"@type":"ReadAction","target":["https:\/\/vitablanca.ma\/produit\/vichy-aqualia-thermal-creme-rehydratante-legere-30ml\/"]}]},{"@type":"ImageObject","inLanguage":"en-US","@id":"https:\/\/vitablanca.ma\/produit\/vichy-aqualia-thermal-creme-rehydratante-legere-30ml\/#primaryimage","url":"https:\/\/vitablanca.ma\/wp-content\/uploads\/2025\/06\/3337875588867-1.webp","contentUrl":"https:\/\/vitablanca.ma\/wp-content\/uploads\/2025\/06\/3337875588867-1.webp","width":600,"height":599,"caption":"vichy-aqualia-thermal-creme-rehydratante-legere-peau-normale-a-mixte-30ml"},{"@type":"BreadcrumbList","@id":"https:\/\/vitablanca.ma\/produit\/vichy-aqualia-thermal-creme-rehydratante-legere-30ml\/#breadcrumb","itemListElement":[{"@type":"ListItem","position":1,"name":"Home","item":"https:\/\/vitablanca.ma\/"},{"@type":"ListItem","position":2,"name":"Tous Les Produits","item":"https:\/\/vitablanca.ma\/tous-les-produits\/"},{"@type":"ListItem","position":3,"name":"Vichy Aqualia Thermal cr\u00e8me R\u00e9hydratante L\u00e9g\u00e8re 30ml"}]},{"@type":"WebSite","@id":"https:\/\/vitablanca.ma\/#website","url":"https:\/\/vitablanca.ma\/","name":"VitaBlanca.ma | Food supplements, health &amp; beauty in Morocco","description":"sell premium vitamins and supplements from USA &amp; Canada, New Zealand, Morocco (NOW Foods, Solgar, Manuka). Fast delivery anywhere in Morocco.","publisher":{"@id":"https:\/\/vitablanca.ma\/#organization"},"alternateName":"VitaBlanca.ma","potentialAction":[{"@type":"SearchAction","target":{"@type":"EntryPoint","urlTemplate":"https:\/\/vitablanca.ma\/?s={search_term_string}"},"query-input":{"@type":"PropertyValueSpecification","valueRequired":true,"valueName":"search_term_string"}}],"inLanguage":"en-US"},{"@type":"Organization","@id":"https:\/\/vitablanca.ma\/#organization","name":"VitaBlanca","url":"https:\/\/vitablanca.ma\/","logo":{"@type":"ImageObject","inLanguage":"en-US","@id":"https:\/\/vitablanca.ma\/#\/schema\/logo\/image\/","url":"https:\/\/vitablanca.ma\/wp-content\/uploads\/2025\/05\/cropped-vitablanca.png","contentUrl":"https:\/\/vitablanca.ma\/wp-content\/uploads\/2025\/05\/cropped-vitablanca.png","width":360,"height":67,"caption":"VitaBlanca"},"image":{"@id":"https:\/\/vitablanca.ma\/#\/schema\/logo\/image\/"},"sameAs":["https:\/\/www.facebook.com\/profile.php?id=61576678196717","https:\/\/www.tiktok.com\/@vitablanca.ma","https:\/\/www.instagram.com\/vitablanca.ma\/"]}]}},"jetpack_sharing_enabled":true,"_links":{"self":[{"href":"https:\/\/vitablanca.ma\/en\/wp-json\/wp\/v2\/product\/22609","targetHints":{"allow":["GET"]}}],"collection":[{"href":"https:\/\/vitablanca.ma\/en\/wp-json\/wp\/v2\/product"}],"about":[{"href":"https:\/\/vitablanca.ma\/en\/wp-json\/wp\/v2\/types\/product"}],"wp:featuredmedia":[{"embeddable":true,"href":"https:\/\/vitablanca.ma\/en\/wp-json\/wp\/v2\/media\/22830"}],"wp:attachment":[{"href":"https:\/\/vitablanca.ma\/en\/wp-json\/wp\/v2\/media?parent=22609"}],"wp:term":[{"taxonomy":"product_brand","embeddable":true,"href":"https:\/\/vitablanca.ma\/en\/wp-json\/wp\/v2\/product_brand?post=22609"},{"taxonomy":"product_cat","embeddable":true,"href":"https:\/\/vitablanca.ma\/en\/wp-json\/wp\/v2\/product_cat?post=22609"},{"taxonomy":"product_tag","embeddable":true,"href":"https:\/\/vitablanca.ma\/en\/wp-json\/wp\/v2\/product_tag?post=22609"}],"curies":[{"name":"wp","href":"https:\/\/api.w.org\/{rel}","templated":true}]}}