{"id":22600,"date":"2025-06-11T22:39:23","date_gmt":"2025-06-11T22:39:23","guid":{"rendered":"https:\/\/vitablanca.ma\/product\/vichy-liftactiv-supreme-nuit\/"},"modified":"2026-02-02T00:33:35","modified_gmt":"2026-02-02T00:33:35","slug":"vichy-liftactiv-supreme-nuit","status":"publish","type":"product","link":"https:\/\/vitablanca.ma\/en\/product\/vichy-liftactiv-supreme-nuit\/","title":{"rendered":"Vichy Liftactiv Supreme Night"},"content":{"rendered":"<h2>Vichy Liftactiv Supreme Normal to Combination Skin firms the skin and brightens the complexion.<\/h2>\n<p>The complete anti-wrinkle night and firming treatment for a lasting lifting effect.<br \/>\nEfficacit\u00e9 prouv\u00e9e sur toutes les rides, du front, de la patte d\u2019oie et du cou.<br \/>\nHypoallergenic and dermatologically tested, this cream is non-greasy and non-sticky.<br \/>\nFor all women who want comprehensive action against wrinkles, even deep ones, loss of firmness, but also against the aging of their skin texture<\/p>\n<div class=\"accordion-item itemForm expanded\">\n<h3 class=\"accordion-item-title\">Efficiency<\/h3>\n<div class=\"accordion-content\">\n<p>Apr\u00e8s 10 ans de Recherche, Vichy d\u00e9couvre le pouvoir du DERME SOURCE, la couche du derme qui commande \u00e0 elle seule la r\u00e9g\u00e9n\u00e9ration de toute la peau. Apr\u00e8s un screening de plus de 50 mol\u00e9cules anti-\u00e2ge, la Recherche Vichy a s\u00e9lectionn\u00e9 le Rhamnose, un actif d\u2019origine v\u00e9g\u00e9tale hautement concentr\u00e9 \u00e0 une dose exceptionnelle de 5% pour cibler le Derme Source. Son efficacit\u00e9 anti-\u00e2ge a \u00e9t\u00e9 d\u00e9montr\u00e9e gr\u00e2ce \u00e0 un protocole de tests inspir\u00e9 par la recherche m\u00e9dicale et couronn\u00e9e par 7 brevets.<br \/>\nAujourd\u2019hui, les Laboratoires Vichy vous propose Liftactiv Technologie Derme Source, le meilleur de la science pour votre peau.<br \/>\nRepoussez les limites de l\u2019\u00e2ge avec Liftactiv Soin Nuit et d\u00e9couvrez une peau resplendissante de jeunesse.<br \/>\n*In vitro tests.<\/p>\n<p>7 clinical tests on more than 300 women.<br \/>\nAnti-wrinkle effectiveness and advanced firmness for a lasting Lfiting effect + Skin completely transformed after 4 days*: visibly smoother, tighter, more luminous.<br \/>\n*Consumer test on 49 women.<\/p>\n<\/div>\n<\/div>\n<div class=\"accordion-item itemForm no-overflow\">\n<h3 class=\"accordion-item-title\">Application<\/h3>\n<div class=\"accordion-content\">\n<p>Apply every evening to the face.<\/p>\n<\/div>\n<\/div>\n<div class=\"accordion-item itemForm expanded\">\n<h3 class=\"accordion-item-title\">Precautions for use<\/h3>\n<div class=\"accordion-content\">\n<p>Recognized in pharmacology for its soothing properties, Rhamnose is perfectly tolerated by sensitive skin. Its hypoallergenic formula has been tested under dermatological control.<br \/>\nTested on sensitive skin.<\/p>\n<\/div>\n<\/div>","protected":false},"excerpt":{"rendered":"<p>Vichy Liftactiv Supreme Peau Normale \u00e0 Mixte raffermit la peau, illumine le teint. Le soin anti-rides nuit et fermet\u00e9 int\u00e9gral pour un effet lifting durable. Efficacit\u00e9 prouv\u00e9e sur toutes les rides, du front, de la patte d\u2019oie et du cou. Hypoallerg\u00e9nique et test\u00e9e sous controle dermatologique, cette cr\u00e8me est non grasse et non collante. Pour [&hellip;]<\/p>\n","protected":false},"featured_media":22599,"template":"","meta":[],"product_brand":[3358],"product_cat":[18],"product_tag":[7093,7094,3359,3360,3361],"class_list":{"0":"post-22600","1":"product","2":"type-product","3":"status-publish","4":"has-post-thumbnail","6":"product_brand-vichy-maroc-prix-vitablanca","7":"product_cat-beaute-sante","8":"product_tag-la-vichy-liftactiv-supreme-nuit-reduit-visiblement-les-rides","9":"product_tag-raffermit-la-peau-et-stimule-le-renouvellement-cellulaire-pendant-la-nuit-pour-un-teint-plus-lisse-et-eclatant-au-reveil","10":"product_tag-vichy","11":"product_tag-vichy-maroc","12":"product_tag-vichy-morocco","14":"first","15":"instock","16":"sale","17":"taxable","18":"shipping-taxable","19":"purchasable","20":"product-type-simple"},"yoast_head":"<!-- This site is optimized with the Yoast SEO plugin v27.6 - https:\/\/yoast.com\/product\/yoast-seo-wordpress\/ -->\n<title>Vichy Liftactiv Supreme Nuit - Maroc Prix<\/title>\n<meta name=\"description\" content=\"La Vichy Liftactiv Supreme Nuit r\u00e9duit visiblement les rides, raffermit la peau et stimule le renouvellement cellulaire pendant la nuit pour un teint plus\" \/>\n<meta name=\"robots\" content=\"index, follow, max-snippet:-1, max-image-preview:large, max-video-preview:-1\" \/>\n<link rel=\"canonical\" href=\"https:\/\/vitablanca.ma\/en\/product\/vichy-liftactiv-supreme-nuit\/\" \/>\n<meta property=\"og:locale\" content=\"en_US\" \/>\n<meta property=\"og:type\" content=\"article\" \/>\n<meta property=\"og:title\" content=\"Vichy Liftactiv Supreme Nuit - Maroc Prix\" \/>\n<meta property=\"og:description\" content=\"La Vichy Liftactiv Supreme Nuit r\u00e9duit visiblement les rides, raffermit la peau et stimule le renouvellement cellulaire pendant la nuit pour un teint plus\" \/>\n<meta property=\"og:url\" content=\"https:\/\/vitablanca.ma\/en\/product\/vichy-liftactiv-supreme-nuit\/\" \/>\n<meta property=\"og:site_name\" content=\"Vitablanca.ma &ndash; Sant&eacute;, vitalit&eacute; et bien-&ecirc;tre pour tous les Marocains\" \/>\n<meta property=\"article:publisher\" content=\"https:\/\/www.facebook.com\/profile.php?id=61576678196717\" \/>\n<meta property=\"article:modified_time\" content=\"2026-02-02T00:33:35+00:00\" \/>\n<meta property=\"og:image\" content=\"https:\/\/vitablanca.ma\/wp-content\/uploads\/2025\/06\/Vichy-Liftactiv-Supreme-Nuit-novaparapharmacie-maroc.jpg\" \/>\n\t<meta property=\"og:image:width\" content=\"1000\" \/>\n\t<meta property=\"og:image:height\" content=\"1000\" \/>\n\t<meta property=\"og:image:type\" content=\"image\/jpeg\" \/>\n<meta name=\"twitter:card\" content=\"summary_large_image\" \/>\n<meta name=\"twitter:label1\" content=\"Est. reading time\" \/>\n\t<meta name=\"twitter:data1\" content=\"2 minutes\" \/>\n<script type=\"application\/ld+json\" class=\"yoast-schema-graph\">{\"@context\":\"https:\\\/\\\/schema.org\",\"@graph\":[{\"@type\":[\"WebPage\",\"ItemPage\"],\"@id\":\"https:\\\/\\\/vitablanca.ma\\\/produit\\\/vichy-liftactiv-supreme-nuit\\\/\",\"url\":\"https:\\\/\\\/vitablanca.ma\\\/produit\\\/vichy-liftactiv-supreme-nuit\\\/\",\"name\":\"Vichy Liftactiv Supreme Nuit - Maroc Prix\",\"isPartOf\":{\"@id\":\"https:\\\/\\\/vitablanca.ma\\\/#website\"},\"primaryImageOfPage\":{\"@id\":\"https:\\\/\\\/vitablanca.ma\\\/produit\\\/vichy-liftactiv-supreme-nuit\\\/#primaryimage\"},\"image\":{\"@id\":\"https:\\\/\\\/vitablanca.ma\\\/produit\\\/vichy-liftactiv-supreme-nuit\\\/#primaryimage\"},\"thumbnailUrl\":\"https:\\\/\\\/vitablanca.ma\\\/wp-content\\\/uploads\\\/2025\\\/06\\\/Vichy-Liftactiv-Supreme-Nuit-novaparapharmacie-maroc.jpg\",\"datePublished\":\"2025-06-11T22:39:23+00:00\",\"dateModified\":\"2026-02-02T00:33:35+00:00\",\"description\":\"La Vichy Liftactiv Supreme Nuit r\u00e9duit visiblement les rides, raffermit la peau et stimule le renouvellement cellulaire pendant la nuit pour un teint plus\",\"breadcrumb\":{\"@id\":\"https:\\\/\\\/vitablanca.ma\\\/produit\\\/vichy-liftactiv-supreme-nuit\\\/#breadcrumb\"},\"inLanguage\":\"en-US\",\"potentialAction\":[{\"@type\":\"ReadAction\",\"target\":[\"https:\\\/\\\/vitablanca.ma\\\/produit\\\/vichy-liftactiv-supreme-nuit\\\/\"]}]},{\"@type\":\"ImageObject\",\"inLanguage\":\"en-US\",\"@id\":\"https:\\\/\\\/vitablanca.ma\\\/produit\\\/vichy-liftactiv-supreme-nuit\\\/#primaryimage\",\"url\":\"https:\\\/\\\/vitablanca.ma\\\/wp-content\\\/uploads\\\/2025\\\/06\\\/Vichy-Liftactiv-Supreme-Nuit-novaparapharmacie-maroc.jpg\",\"contentUrl\":\"https:\\\/\\\/vitablanca.ma\\\/wp-content\\\/uploads\\\/2025\\\/06\\\/Vichy-Liftactiv-Supreme-Nuit-novaparapharmacie-maroc.jpg\",\"width\":1000,\"height\":1000},{\"@type\":\"BreadcrumbList\",\"@id\":\"https:\\\/\\\/vitablanca.ma\\\/produit\\\/vichy-liftactiv-supreme-nuit\\\/#breadcrumb\",\"itemListElement\":[{\"@type\":\"ListItem\",\"position\":1,\"name\":\"Home\",\"item\":\"https:\\\/\\\/vitablanca.ma\\\/\"},{\"@type\":\"ListItem\",\"position\":2,\"name\":\"Tous Les Produits\",\"item\":\"https:\\\/\\\/vitablanca.ma\\\/tous-les-produits\\\/\"},{\"@type\":\"ListItem\",\"position\":3,\"name\":\"Vichy Liftactiv Supreme Nuit\"}]},{\"@type\":\"WebSite\",\"@id\":\"https:\\\/\\\/vitablanca.ma\\\/#website\",\"url\":\"https:\\\/\\\/vitablanca.ma\\\/\",\"name\":\"VitaBlanca.ma | Compl\u00e9ments alimentaires, sant\u00e9 & beaut\u00e9 au Maroc\",\"description\":\"vendre vitamines et compl\u00e9ments premium des USA &amp; Canada, Nouvelle Z\u00e9lande,Maroc (NOW Foods, Solgar, Manuka). Livraison rapide partout au Maroc.\",\"publisher\":{\"@id\":\"https:\\\/\\\/vitablanca.ma\\\/#organization\"},\"alternateName\":\"VitaBlanca.ma\",\"potentialAction\":[{\"@type\":\"SearchAction\",\"target\":{\"@type\":\"EntryPoint\",\"urlTemplate\":\"https:\\\/\\\/vitablanca.ma\\\/?s={search_term_string}\"},\"query-input\":{\"@type\":\"PropertyValueSpecification\",\"valueRequired\":true,\"valueName\":\"search_term_string\"}}],\"inLanguage\":\"en-US\"},{\"@type\":\"Organization\",\"@id\":\"https:\\\/\\\/vitablanca.ma\\\/#organization\",\"name\":\"VitaBlanca\",\"url\":\"https:\\\/\\\/vitablanca.ma\\\/\",\"logo\":{\"@type\":\"ImageObject\",\"inLanguage\":\"en-US\",\"@id\":\"https:\\\/\\\/vitablanca.ma\\\/#\\\/schema\\\/logo\\\/image\\\/\",\"url\":\"https:\\\/\\\/vitablanca.ma\\\/wp-content\\\/uploads\\\/2025\\\/05\\\/cropped-vitablanca.png\",\"contentUrl\":\"https:\\\/\\\/vitablanca.ma\\\/wp-content\\\/uploads\\\/2025\\\/05\\\/cropped-vitablanca.png\",\"width\":360,\"height\":67,\"caption\":\"VitaBlanca\"},\"image\":{\"@id\":\"https:\\\/\\\/vitablanca.ma\\\/#\\\/schema\\\/logo\\\/image\\\/\"},\"sameAs\":[\"https:\\\/\\\/www.facebook.com\\\/profile.php?id=61576678196717\",\"https:\\\/\\\/www.tiktok.com\\\/@vitablanca.ma\",\"https:\\\/\\\/www.instagram.com\\\/vitablanca.ma\\\/\"]}]}<\/script>\n<!-- \/ Yoast SEO plugin. -->","yoast_head_json":{"title":"Vichy Liftactiv Supreme Night - Morocco Price","description":"La Vichy Liftactiv Supreme Nuit r\u00e9duit visiblement les rides, raffermit la peau et stimule le renouvellement cellulaire pendant la nuit pour un teint plus","robots":{"index":"index","follow":"follow","max-snippet":"max-snippet:-1","max-image-preview":"max-image-preview:large","max-video-preview":"max-video-preview:-1"},"canonical":"https:\/\/vitablanca.ma\/en\/product\/vichy-liftactiv-supreme-nuit\/","og_locale":"en_US","og_type":"article","og_title":"Vichy Liftactiv Supreme Nuit - Maroc Prix","og_description":"La Vichy Liftactiv Supreme Nuit r\u00e9duit visiblement les rides, raffermit la peau et stimule le renouvellement cellulaire pendant la nuit pour un teint plus","og_url":"https:\/\/vitablanca.ma\/en\/product\/vichy-liftactiv-supreme-nuit\/","og_site_name":"Vitablanca.ma &ndash; Sant&eacute;, vitalit&eacute; et bien-&ecirc;tre pour tous les Marocains","article_publisher":"https:\/\/www.facebook.com\/profile.php?id=61576678196717","article_modified_time":"2026-02-02T00:33:35+00:00","og_image":[{"width":1000,"height":1000,"url":"https:\/\/vitablanca.ma\/wp-content\/uploads\/2025\/06\/Vichy-Liftactiv-Supreme-Nuit-novaparapharmacie-maroc.jpg","type":"image\/jpeg"}],"twitter_card":"summary_large_image","twitter_misc":{"Est. reading time":"2 minutes"},"schema":{"@context":"https:\/\/schema.org","@graph":[{"@type":["WebPage","ItemPage"],"@id":"https:\/\/vitablanca.ma\/produit\/vichy-liftactiv-supreme-nuit\/","url":"https:\/\/vitablanca.ma\/produit\/vichy-liftactiv-supreme-nuit\/","name":"Vichy Liftactiv Supreme Night - Morocco Price","isPartOf":{"@id":"https:\/\/vitablanca.ma\/#website"},"primaryImageOfPage":{"@id":"https:\/\/vitablanca.ma\/produit\/vichy-liftactiv-supreme-nuit\/#primaryimage"},"image":{"@id":"https:\/\/vitablanca.ma\/produit\/vichy-liftactiv-supreme-nuit\/#primaryimage"},"thumbnailUrl":"https:\/\/vitablanca.ma\/wp-content\/uploads\/2025\/06\/Vichy-Liftactiv-Supreme-Nuit-novaparapharmacie-maroc.jpg","datePublished":"2025-06-11T22:39:23+00:00","dateModified":"2026-02-02T00:33:35+00:00","description":"La Vichy Liftactiv Supreme Nuit r\u00e9duit visiblement les rides, raffermit la peau et stimule le renouvellement cellulaire pendant la nuit pour un teint plus","breadcrumb":{"@id":"https:\/\/vitablanca.ma\/produit\/vichy-liftactiv-supreme-nuit\/#breadcrumb"},"inLanguage":"en-US","potentialAction":[{"@type":"ReadAction","target":["https:\/\/vitablanca.ma\/produit\/vichy-liftactiv-supreme-nuit\/"]}]},{"@type":"ImageObject","inLanguage":"en-US","@id":"https:\/\/vitablanca.ma\/produit\/vichy-liftactiv-supreme-nuit\/#primaryimage","url":"https:\/\/vitablanca.ma\/wp-content\/uploads\/2025\/06\/Vichy-Liftactiv-Supreme-Nuit-novaparapharmacie-maroc.jpg","contentUrl":"https:\/\/vitablanca.ma\/wp-content\/uploads\/2025\/06\/Vichy-Liftactiv-Supreme-Nuit-novaparapharmacie-maroc.jpg","width":1000,"height":1000},{"@type":"BreadcrumbList","@id":"https:\/\/vitablanca.ma\/produit\/vichy-liftactiv-supreme-nuit\/#breadcrumb","itemListElement":[{"@type":"ListItem","position":1,"name":"Home","item":"https:\/\/vitablanca.ma\/"},{"@type":"ListItem","position":2,"name":"Tous Les Produits","item":"https:\/\/vitablanca.ma\/tous-les-produits\/"},{"@type":"ListItem","position":3,"name":"Vichy Liftactiv Supreme Nuit"}]},{"@type":"WebSite","@id":"https:\/\/vitablanca.ma\/#website","url":"https:\/\/vitablanca.ma\/","name":"VitaBlanca.ma | Food supplements, health &amp; beauty in Morocco","description":"sell premium vitamins and supplements from USA &amp; Canada, New Zealand, Morocco (NOW Foods, Solgar, Manuka). Fast delivery anywhere in Morocco.","publisher":{"@id":"https:\/\/vitablanca.ma\/#organization"},"alternateName":"VitaBlanca.ma","potentialAction":[{"@type":"SearchAction","target":{"@type":"EntryPoint","urlTemplate":"https:\/\/vitablanca.ma\/?s={search_term_string}"},"query-input":{"@type":"PropertyValueSpecification","valueRequired":true,"valueName":"search_term_string"}}],"inLanguage":"en-US"},{"@type":"Organization","@id":"https:\/\/vitablanca.ma\/#organization","name":"VitaBlanca","url":"https:\/\/vitablanca.ma\/","logo":{"@type":"ImageObject","inLanguage":"en-US","@id":"https:\/\/vitablanca.ma\/#\/schema\/logo\/image\/","url":"https:\/\/vitablanca.ma\/wp-content\/uploads\/2025\/05\/cropped-vitablanca.png","contentUrl":"https:\/\/vitablanca.ma\/wp-content\/uploads\/2025\/05\/cropped-vitablanca.png","width":360,"height":67,"caption":"VitaBlanca"},"image":{"@id":"https:\/\/vitablanca.ma\/#\/schema\/logo\/image\/"},"sameAs":["https:\/\/www.facebook.com\/profile.php?id=61576678196717","https:\/\/www.tiktok.com\/@vitablanca.ma","https:\/\/www.instagram.com\/vitablanca.ma\/"]}]}},"jetpack_sharing_enabled":true,"_links":{"self":[{"href":"https:\/\/vitablanca.ma\/en\/wp-json\/wp\/v2\/product\/22600","targetHints":{"allow":["GET"]}}],"collection":[{"href":"https:\/\/vitablanca.ma\/en\/wp-json\/wp\/v2\/product"}],"about":[{"href":"https:\/\/vitablanca.ma\/en\/wp-json\/wp\/v2\/types\/product"}],"wp:featuredmedia":[{"embeddable":true,"href":"https:\/\/vitablanca.ma\/en\/wp-json\/wp\/v2\/media\/22599"}],"wp:attachment":[{"href":"https:\/\/vitablanca.ma\/en\/wp-json\/wp\/v2\/media?parent=22600"}],"wp:term":[{"taxonomy":"product_brand","embeddable":true,"href":"https:\/\/vitablanca.ma\/en\/wp-json\/wp\/v2\/product_brand?post=22600"},{"taxonomy":"product_cat","embeddable":true,"href":"https:\/\/vitablanca.ma\/en\/wp-json\/wp\/v2\/product_cat?post=22600"},{"taxonomy":"product_tag","embeddable":true,"href":"https:\/\/vitablanca.ma\/en\/wp-json\/wp\/v2\/product_tag?post=22600"}],"curies":[{"name":"wp","href":"https:\/\/api.w.org\/{rel}","templated":true}]}}