{"id":22596,"date":"2025-06-11T22:39:16","date_gmt":"2025-06-11T22:39:16","guid":{"rendered":"https:\/\/vitablanca.ma\/product\/vichy-normaderm-serum-anti-imperfections-probio-bha-30ml\/"},"modified":"2026-01-31T15:58:31","modified_gmt":"2026-01-31T15:58:31","slug":"vichy-normaderm-serum-anti-imperfections-probio-bha-30ml","status":"publish","type":"product","link":"https:\/\/vitablanca.ma\/en\/product\/vichy-normaderm-serum-anti-imperfections-probio-bha-30ml\/","title":{"rendered":"Vichy Normaderm Probio-bha Anti-imperfection Serum 30ml"},"content":{"rendered":"<h2>Vichy Normaderm Probio-bha Anti-imperfection Serum\u00a0<span data-mce-fragment=\"1\">Purifies and corrects locally Hydrates and regenerates the skin<\/span><\/h2>\n<ul>\n<li>De l\u2019adolescence \u00e0 l\u2019\u00e2ge adulte, le stress et les variations hormonales intensifient les imperfections et alt\u00e8rent la qualit\u00e9 de la peau. Le grain de peau est irr\u00e9gulier, les points noirs et les boutons rouges sont plus fr\u00e9quents et plus visibles.<\/li>\n<li>Pour lutter contre les imperfections et am\u00e9liorer l\u2019\u00e9tat de la peau, les Laboratoires Vichy ont d\u00e9velopp\u00e9 le s\u00e9rum NORMADERM Probio-BHA. Issu de l\u2019expertise de la science de l\u2019Exposome, ce s\u00e9rum anti-imperfections est hautement concentr\u00e9 en actifs dermatologiques pour corriger les boutons rouges et points noirs caus\u00e9s par l\u2019acn\u00e9 hormonale. Il contient de l\u2019acide salicylique et de l\u2019acide glycolique, deux ingr\u00e9dients exfoliants \u00e0 l\u2019effet peeling doux, et des fractions de probiotiques cultiv\u00e9s dans l\u2019eau volcanique de Vichy pour booster la r\u00e9g\u00e9n\u00e9ration cellulaire et renforcer la barri\u00e8re cutan\u00e9e.<\/li>\n<li>Au fur et \u00e0 mesure des applications, l\u2019exc\u00e8s de s\u00e9bum est mieux r\u00e9gul\u00e9, la peau devient plus lisse, le grain de peau plus r\u00e9gulier et les marques rouges et les imperfections s\u2019att\u00e9nuent. Son action anti-r\u00e9cidive cliniquement prouv\u00e9e permet de garder une peau saine et nette pendant deux semaines apr\u00e8s l\u2019arr\u00eat du s\u00e9rum. La formule de ce\u00a0soin anti-imperfections\u00a0convient parfaitement aux peaux sensibles \u00e0 tendance acn\u00e9ique.<\/li>\n<\/ul>\n<div class=\"tick-list\">\n<div class=\"ctn_top-accordion\">\n<div class=\"accordion-item itemForm no-overflow\">\n<h3 class=\"accordion-item-title\">Application<\/h3>\n<div class=\"accordion-content\">\n<ul>\n<li>Appliquez le s\u00e9rum anti-imperfections NORMADERM matin ou soir sur peau parfaitement nettoy\u00e9e et s\u00e8che. Pour bien prot\u00e9ger votre peau durant la journ\u00e9e, finissez votre routine beaut\u00e9 anti-imperfections par une\u00a0protection solaire visage\u00a0SPF 20 minimum, \u00e0 appliquer chaque matin.<\/li>\n<li>\u00c9vitez le contour des yeux et l\u2019exposition au soleil. En cas d\u2019irritation, espacez les applications.<\/li>\n<li>Compl\u00e9tez votre routine de soins anti-imperfections avec notre gel nettoyant purifiant visage Phytosolution NORMADERM.<\/li>\n<li>You can also use NORMADERM Probio-BHA anti-blemish serum before your usual day cream and\/or night cream.<\/li>\n<\/ul>\n<p><span style=\"font-size: 1.4em;\">Security<\/span><\/p>\n<\/div>\n<\/div>\n<div class=\"accordion-item itemForm no-overflow\">\n<div class=\"accordion-content\">\n<p>Hypoallergenic<br \/>\nNon-comedogenic<br \/>\nSuitable for sensitive skin<br \/>\nDermatologically tested<\/p>\n<\/div>\n<\/div>\n<\/div>\n<div class=\"ctn_bottom-accordion\">\n<div class=\"accordion-item composition\">\n<h3 class=\"accordion-item-title\">Composition<\/h3>\n<div id=\"listIngredient_41050\" class=\"accordion-content obj_ingredients\">\n<div id=\"ingredients-list\">\n<p><em>AQUA \/ WATER \u2013 GLYCERIN \u2013 SALICYLIC ACID \u2013 ISONONYL ISONONANOATE \u2013 BUTYLENE GLYCOL \u2013 KAOLIN \u2013 ZINC SULFATE \u2013 BIFIDA FERMENT LYSATE \u2013 SODIUM HYDROXIDE \u2013 SODIUM POLYACRYLATE \u2013 SODIUM HYALURONATE \u2013 SODIUM BENZOATE \u2013 PHENOXYETHANOL \u2013 ASCORBYL GLUCOSIDE \u2013 CAPRYLYL GLYCOL \u2013 HYDROLYZED ALGIN \u2013 TRISODIUM ETHYLENEDIAMINE DISUCCINATE \u2013 BIOSACCHARIDE GUM-1 \u2013 ACRYLATES\/C10-30 ALKYL ACRYLATE CROSSPOLYMER \u2013 PARFUM \/ FRAGRANCE<\/em><\/p>\n<\/div>\n<\/div>\n<\/div>\n<\/div>\n<\/div>","protected":false},"excerpt":{"rendered":"<p>Vichy Normaderm S\u00e9rum Anti-imperfections Probio-bha\u00a0Purifie et corrige localement Hydrate et r\u00e9g\u00e9n\u00e8re la peau De l\u2019adolescence \u00e0 l\u2019\u00e2ge adulte, le stress et les variations hormonales intensifient les imperfections et alt\u00e8rent la qualit\u00e9 de la peau. Le grain de peau est irr\u00e9gulier, les points noirs et les boutons rouges sont plus fr\u00e9quents et plus visibles. Pour lutter [&hellip;]<\/p>\n","protected":false},"featured_media":22595,"template":"","meta":[],"product_brand":[3358],"product_cat":[18],"product_tag":[3359,3360,3361],"class_list":{"0":"post-22596","1":"product","2":"type-product","3":"status-publish","4":"has-post-thumbnail","6":"product_brand-vichy-maroc-prix-vitablanca","7":"product_cat-beaute-sante","8":"product_tag-vichy","9":"product_tag-vichy-maroc","10":"product_tag-vichy-morocco","12":"first","13":"instock","14":"sale","15":"taxable","16":"shipping-taxable","17":"purchasable","18":"product-type-simple"},"yoast_head":"<!-- This site is optimized with the Yoast SEO plugin v27.6 - https:\/\/yoast.com\/product\/yoast-seo-wordpress\/ -->\n<title>Vichy Normaderm S\u00e9rum Anti-imperfections Probio-bha 30ml - Maroc Prix<\/title>\n<meta name=\"description\" content=\"Vichy Normaderm S\u00e9rum Anti-imperfections Probio-bha 30ml\" \/>\n<meta name=\"robots\" content=\"index, follow, max-snippet:-1, max-image-preview:large, max-video-preview:-1\" \/>\n<link rel=\"canonical\" href=\"https:\/\/vitablanca.ma\/en\/product\/vichy-normaderm-serum-anti-imperfections-probio-bha-30ml\/\" \/>\n<meta property=\"og:locale\" content=\"en_US\" \/>\n<meta property=\"og:type\" content=\"article\" \/>\n<meta property=\"og:title\" content=\"Vichy Normaderm S\u00e9rum Anti-imperfections Probio-bha 30ml - Maroc Prix\" \/>\n<meta property=\"og:description\" content=\"Vichy Normaderm S\u00e9rum Anti-imperfections Probio-bha 30ml\" \/>\n<meta property=\"og:url\" content=\"https:\/\/vitablanca.ma\/en\/product\/vichy-normaderm-serum-anti-imperfections-probio-bha-30ml\/\" \/>\n<meta property=\"og:site_name\" content=\"Vitablanca.ma &ndash; Sant&eacute;, vitalit&eacute; et bien-&ecirc;tre pour tous les Marocains\" \/>\n<meta property=\"article:publisher\" content=\"https:\/\/www.facebook.com\/profile.php?id=61576678196717\" \/>\n<meta property=\"article:modified_time\" content=\"2026-01-31T15:58:31+00:00\" \/>\n<meta property=\"og:image\" content=\"https:\/\/vitablanca.ma\/wp-content\/uploads\/2025\/06\/Vichy-Normaderm-Serum-Anti-imperfections-Probio-bha-50ml-Nova-parapharmacie-maroc.jpg\" \/>\n\t<meta property=\"og:image:width\" content=\"1000\" \/>\n\t<meta property=\"og:image:height\" content=\"1000\" \/>\n\t<meta property=\"og:image:type\" content=\"image\/jpeg\" \/>\n<meta name=\"twitter:card\" content=\"summary_large_image\" \/>\n<meta name=\"twitter:label1\" content=\"Est. reading time\" \/>\n\t<meta name=\"twitter:data1\" content=\"2 minutes\" \/>\n<script type=\"application\/ld+json\" class=\"yoast-schema-graph\">{\"@context\":\"https:\\\/\\\/schema.org\",\"@graph\":[{\"@type\":[\"WebPage\",\"ItemPage\"],\"@id\":\"https:\\\/\\\/vitablanca.ma\\\/produit\\\/vichy-normaderm-serum-anti-imperfections-probio-bha-30ml\\\/\",\"url\":\"https:\\\/\\\/vitablanca.ma\\\/produit\\\/vichy-normaderm-serum-anti-imperfections-probio-bha-30ml\\\/\",\"name\":\"Vichy Normaderm S\u00e9rum Anti-imperfections Probio-bha 30ml - Maroc Prix\",\"isPartOf\":{\"@id\":\"https:\\\/\\\/vitablanca.ma\\\/#website\"},\"primaryImageOfPage\":{\"@id\":\"https:\\\/\\\/vitablanca.ma\\\/produit\\\/vichy-normaderm-serum-anti-imperfections-probio-bha-30ml\\\/#primaryimage\"},\"image\":{\"@id\":\"https:\\\/\\\/vitablanca.ma\\\/produit\\\/vichy-normaderm-serum-anti-imperfections-probio-bha-30ml\\\/#primaryimage\"},\"thumbnailUrl\":\"https:\\\/\\\/vitablanca.ma\\\/wp-content\\\/uploads\\\/2025\\\/06\\\/Vichy-Normaderm-Serum-Anti-imperfections-Probio-bha-50ml-Nova-parapharmacie-maroc.jpg\",\"datePublished\":\"2025-06-11T22:39:16+00:00\",\"dateModified\":\"2026-01-31T15:58:31+00:00\",\"description\":\"Vichy Normaderm S\u00e9rum Anti-imperfections Probio-bha 30ml\",\"breadcrumb\":{\"@id\":\"https:\\\/\\\/vitablanca.ma\\\/produit\\\/vichy-normaderm-serum-anti-imperfections-probio-bha-30ml\\\/#breadcrumb\"},\"inLanguage\":\"en-US\",\"potentialAction\":[{\"@type\":\"ReadAction\",\"target\":[\"https:\\\/\\\/vitablanca.ma\\\/produit\\\/vichy-normaderm-serum-anti-imperfections-probio-bha-30ml\\\/\"]}]},{\"@type\":\"ImageObject\",\"inLanguage\":\"en-US\",\"@id\":\"https:\\\/\\\/vitablanca.ma\\\/produit\\\/vichy-normaderm-serum-anti-imperfections-probio-bha-30ml\\\/#primaryimage\",\"url\":\"https:\\\/\\\/vitablanca.ma\\\/wp-content\\\/uploads\\\/2025\\\/06\\\/Vichy-Normaderm-Serum-Anti-imperfections-Probio-bha-50ml-Nova-parapharmacie-maroc.jpg\",\"contentUrl\":\"https:\\\/\\\/vitablanca.ma\\\/wp-content\\\/uploads\\\/2025\\\/06\\\/Vichy-Normaderm-Serum-Anti-imperfections-Probio-bha-50ml-Nova-parapharmacie-maroc.jpg\",\"width\":1000,\"height\":1000},{\"@type\":\"BreadcrumbList\",\"@id\":\"https:\\\/\\\/vitablanca.ma\\\/produit\\\/vichy-normaderm-serum-anti-imperfections-probio-bha-30ml\\\/#breadcrumb\",\"itemListElement\":[{\"@type\":\"ListItem\",\"position\":1,\"name\":\"Home\",\"item\":\"https:\\\/\\\/vitablanca.ma\\\/\"},{\"@type\":\"ListItem\",\"position\":2,\"name\":\"Tous Les Produits\",\"item\":\"https:\\\/\\\/vitablanca.ma\\\/tous-les-produits\\\/\"},{\"@type\":\"ListItem\",\"position\":3,\"name\":\"Vichy Normaderm S\u00e9rum Anti-imperfections Probio-bha 30ml\"}]},{\"@type\":\"WebSite\",\"@id\":\"https:\\\/\\\/vitablanca.ma\\\/#website\",\"url\":\"https:\\\/\\\/vitablanca.ma\\\/\",\"name\":\"VitaBlanca.ma | Compl\u00e9ments alimentaires, sant\u00e9 & beaut\u00e9 au Maroc\",\"description\":\"vendre vitamines et compl\u00e9ments premium des USA &amp; Canada, Nouvelle Z\u00e9lande,Maroc (NOW Foods, Solgar, Manuka). Livraison rapide partout au Maroc.\",\"publisher\":{\"@id\":\"https:\\\/\\\/vitablanca.ma\\\/#organization\"},\"alternateName\":\"VitaBlanca.ma\",\"potentialAction\":[{\"@type\":\"SearchAction\",\"target\":{\"@type\":\"EntryPoint\",\"urlTemplate\":\"https:\\\/\\\/vitablanca.ma\\\/?s={search_term_string}\"},\"query-input\":{\"@type\":\"PropertyValueSpecification\",\"valueRequired\":true,\"valueName\":\"search_term_string\"}}],\"inLanguage\":\"en-US\"},{\"@type\":\"Organization\",\"@id\":\"https:\\\/\\\/vitablanca.ma\\\/#organization\",\"name\":\"VitaBlanca\",\"url\":\"https:\\\/\\\/vitablanca.ma\\\/\",\"logo\":{\"@type\":\"ImageObject\",\"inLanguage\":\"en-US\",\"@id\":\"https:\\\/\\\/vitablanca.ma\\\/#\\\/schema\\\/logo\\\/image\\\/\",\"url\":\"https:\\\/\\\/vitablanca.ma\\\/wp-content\\\/uploads\\\/2025\\\/05\\\/cropped-vitablanca.png\",\"contentUrl\":\"https:\\\/\\\/vitablanca.ma\\\/wp-content\\\/uploads\\\/2025\\\/05\\\/cropped-vitablanca.png\",\"width\":360,\"height\":67,\"caption\":\"VitaBlanca\"},\"image\":{\"@id\":\"https:\\\/\\\/vitablanca.ma\\\/#\\\/schema\\\/logo\\\/image\\\/\"},\"sameAs\":[\"https:\\\/\\\/www.facebook.com\\\/profile.php?id=61576678196717\",\"https:\\\/\\\/www.tiktok.com\\\/@vitablanca.ma\",\"https:\\\/\\\/www.instagram.com\\\/vitablanca.ma\\\/\"]}]}<\/script>\n<!-- \/ Yoast SEO plugin. -->","yoast_head_json":{"title":"Vichy Normaderm Probio-bha Anti-imperfection Serum 30ml - Morocco Price","description":"Vichy Normaderm Probio-bha Anti-imperfection Serum 30ml","robots":{"index":"index","follow":"follow","max-snippet":"max-snippet:-1","max-image-preview":"max-image-preview:large","max-video-preview":"max-video-preview:-1"},"canonical":"https:\/\/vitablanca.ma\/en\/product\/vichy-normaderm-serum-anti-imperfections-probio-bha-30ml\/","og_locale":"en_US","og_type":"article","og_title":"Vichy Normaderm S\u00e9rum Anti-imperfections Probio-bha 30ml - Maroc Prix","og_description":"Vichy Normaderm S\u00e9rum Anti-imperfections Probio-bha 30ml","og_url":"https:\/\/vitablanca.ma\/en\/product\/vichy-normaderm-serum-anti-imperfections-probio-bha-30ml\/","og_site_name":"Vitablanca.ma &ndash; Sant&eacute;, vitalit&eacute; et bien-&ecirc;tre pour tous les Marocains","article_publisher":"https:\/\/www.facebook.com\/profile.php?id=61576678196717","article_modified_time":"2026-01-31T15:58:31+00:00","og_image":[{"width":1000,"height":1000,"url":"https:\/\/vitablanca.ma\/wp-content\/uploads\/2025\/06\/Vichy-Normaderm-Serum-Anti-imperfections-Probio-bha-50ml-Nova-parapharmacie-maroc.jpg","type":"image\/jpeg"}],"twitter_card":"summary_large_image","twitter_misc":{"Est. reading time":"2 minutes"},"schema":{"@context":"https:\/\/schema.org","@graph":[{"@type":["WebPage","ItemPage"],"@id":"https:\/\/vitablanca.ma\/produit\/vichy-normaderm-serum-anti-imperfections-probio-bha-30ml\/","url":"https:\/\/vitablanca.ma\/produit\/vichy-normaderm-serum-anti-imperfections-probio-bha-30ml\/","name":"Vichy Normaderm Probio-bha Anti-imperfection Serum 30ml - Morocco Price","isPartOf":{"@id":"https:\/\/vitablanca.ma\/#website"},"primaryImageOfPage":{"@id":"https:\/\/vitablanca.ma\/produit\/vichy-normaderm-serum-anti-imperfections-probio-bha-30ml\/#primaryimage"},"image":{"@id":"https:\/\/vitablanca.ma\/produit\/vichy-normaderm-serum-anti-imperfections-probio-bha-30ml\/#primaryimage"},"thumbnailUrl":"https:\/\/vitablanca.ma\/wp-content\/uploads\/2025\/06\/Vichy-Normaderm-Serum-Anti-imperfections-Probio-bha-50ml-Nova-parapharmacie-maroc.jpg","datePublished":"2025-06-11T22:39:16+00:00","dateModified":"2026-01-31T15:58:31+00:00","description":"Vichy Normaderm Probio-bha Anti-imperfection Serum 30ml","breadcrumb":{"@id":"https:\/\/vitablanca.ma\/produit\/vichy-normaderm-serum-anti-imperfections-probio-bha-30ml\/#breadcrumb"},"inLanguage":"en-US","potentialAction":[{"@type":"ReadAction","target":["https:\/\/vitablanca.ma\/produit\/vichy-normaderm-serum-anti-imperfections-probio-bha-30ml\/"]}]},{"@type":"ImageObject","inLanguage":"en-US","@id":"https:\/\/vitablanca.ma\/produit\/vichy-normaderm-serum-anti-imperfections-probio-bha-30ml\/#primaryimage","url":"https:\/\/vitablanca.ma\/wp-content\/uploads\/2025\/06\/Vichy-Normaderm-Serum-Anti-imperfections-Probio-bha-50ml-Nova-parapharmacie-maroc.jpg","contentUrl":"https:\/\/vitablanca.ma\/wp-content\/uploads\/2025\/06\/Vichy-Normaderm-Serum-Anti-imperfections-Probio-bha-50ml-Nova-parapharmacie-maroc.jpg","width":1000,"height":1000},{"@type":"BreadcrumbList","@id":"https:\/\/vitablanca.ma\/produit\/vichy-normaderm-serum-anti-imperfections-probio-bha-30ml\/#breadcrumb","itemListElement":[{"@type":"ListItem","position":1,"name":"Home","item":"https:\/\/vitablanca.ma\/"},{"@type":"ListItem","position":2,"name":"Tous Les Produits","item":"https:\/\/vitablanca.ma\/tous-les-produits\/"},{"@type":"ListItem","position":3,"name":"Vichy Normaderm S\u00e9rum Anti-imperfections Probio-bha 30ml"}]},{"@type":"WebSite","@id":"https:\/\/vitablanca.ma\/#website","url":"https:\/\/vitablanca.ma\/","name":"VitaBlanca.ma | Food supplements, health &amp; beauty in Morocco","description":"sell premium vitamins and supplements from USA &amp; Canada, New Zealand, Morocco (NOW Foods, Solgar, Manuka). Fast delivery anywhere in Morocco.","publisher":{"@id":"https:\/\/vitablanca.ma\/#organization"},"alternateName":"VitaBlanca.ma","potentialAction":[{"@type":"SearchAction","target":{"@type":"EntryPoint","urlTemplate":"https:\/\/vitablanca.ma\/?s={search_term_string}"},"query-input":{"@type":"PropertyValueSpecification","valueRequired":true,"valueName":"search_term_string"}}],"inLanguage":"en-US"},{"@type":"Organization","@id":"https:\/\/vitablanca.ma\/#organization","name":"VitaBlanca","url":"https:\/\/vitablanca.ma\/","logo":{"@type":"ImageObject","inLanguage":"en-US","@id":"https:\/\/vitablanca.ma\/#\/schema\/logo\/image\/","url":"https:\/\/vitablanca.ma\/wp-content\/uploads\/2025\/05\/cropped-vitablanca.png","contentUrl":"https:\/\/vitablanca.ma\/wp-content\/uploads\/2025\/05\/cropped-vitablanca.png","width":360,"height":67,"caption":"VitaBlanca"},"image":{"@id":"https:\/\/vitablanca.ma\/#\/schema\/logo\/image\/"},"sameAs":["https:\/\/www.facebook.com\/profile.php?id=61576678196717","https:\/\/www.tiktok.com\/@vitablanca.ma","https:\/\/www.instagram.com\/vitablanca.ma\/"]}]}},"jetpack_sharing_enabled":true,"_links":{"self":[{"href":"https:\/\/vitablanca.ma\/en\/wp-json\/wp\/v2\/product\/22596","targetHints":{"allow":["GET"]}}],"collection":[{"href":"https:\/\/vitablanca.ma\/en\/wp-json\/wp\/v2\/product"}],"about":[{"href":"https:\/\/vitablanca.ma\/en\/wp-json\/wp\/v2\/types\/product"}],"wp:featuredmedia":[{"embeddable":true,"href":"https:\/\/vitablanca.ma\/en\/wp-json\/wp\/v2\/media\/22595"}],"wp:attachment":[{"href":"https:\/\/vitablanca.ma\/en\/wp-json\/wp\/v2\/media?parent=22596"}],"wp:term":[{"taxonomy":"product_brand","embeddable":true,"href":"https:\/\/vitablanca.ma\/en\/wp-json\/wp\/v2\/product_brand?post=22596"},{"taxonomy":"product_cat","embeddable":true,"href":"https:\/\/vitablanca.ma\/en\/wp-json\/wp\/v2\/product_cat?post=22596"},{"taxonomy":"product_tag","embeddable":true,"href":"https:\/\/vitablanca.ma\/en\/wp-json\/wp\/v2\/product_tag?post=22596"}],"curies":[{"name":"wp","href":"https:\/\/api.w.org\/{rel}","templated":true}]}}