{"id":22586,"date":"2025-06-11T22:39:00","date_gmt":"2025-06-11T22:39:00","guid":{"rendered":"https:\/\/vitablanca.ma\/product\/vichy-deodorant-clinical-control-96h\/"},"modified":"2026-02-02T00:57:34","modified_gmt":"2026-02-02T00:57:34","slug":"vichy-deodorant-clinical-control-96h","status":"publish","type":"product","link":"https:\/\/vitablanca.ma\/en\/product\/vichy-deodorant-clinical-control-96h\/","title":{"rendered":"Vichy Clinical Control 96H Deodorant"},"content":{"rendered":"<h2>Vichy Clinical Control Deodorant. Roll-on deodorant against excessive perspiration, effective for 96 hours. Suitable for all skin types. Controls odors. Absorbs moisture. Antibacterial. Dry to the touch.<\/h2>\n<div class=\"ctn_title\">\n<h3 class=\"t_title\">DESCRIPTION<\/h3>\n<\/div>\n<div class=\"ctn_toggle\">Le d\u00e9odorant Vichy femme et hommes Clinical Control 96h associe une tenue longue dur\u00e9e \u00e0 une action anti-odeurs et anti-humidit\u00e9 gr\u00e2ce au zinc purifiant et antibact\u00e9rien et \u00e0 la perlite absorbante. Tout au long de la journ\u00e9e, ce d\u00e9odorant prend soin de vos aisselles et laisse la peau respirer pour un confort optimal, sans effet collant, ni sensation d\u2019irritation. D\u00e9velopp\u00e9e sous contr\u00f4le dermatologique, sa formule unique r\u00e9gule la transpiration et l\u2019humidit\u00e9 pendant 96 heures et permet de\u00a0lutter contre la transpiration excessive.<\/div>\n<div class=\"ctn_toggle\"><\/div>\n<div class=\"ctn_toggle\">\n<div class=\"ctn_title\">\n<h3 class=\"t_title\">BENEFITS<\/h3>\n<\/div>\n<div class=\"ctn_toggle\">\n<p>Applied daily, Clinical Control 96h deodorant for women guarantees extreme protection for 96 hours against odor and wetness while allowing the skin to breathe.<\/p>\n<p>After use:<\/p>\n<ul>\n<li>96 % of women and men find that their skin is softer<\/li>\n<li>96 % of women and men find that the product does not dry out the skin<\/li>\n<\/ul>\n<div class=\"ctn_title\">\n<h3 class=\"t_title\">TEXTURE<\/h3>\n<\/div>\n<div class=\"ctn_toggle\">Fluid texture that penetrates quickly with a dry touch.<\/div>\n<div class=\"ctn_toggle\"><\/div>\n<div class=\"ctn_toggle\">\n<div class=\"ctn_title\">\n<h3 class=\"t_title\">INGREDIENTS<\/h3>\n<\/div>\n<div class=\"ctn_toggle\">\n<p>Clinical Control 96h deodorant keeps your underarms dry all day long.<\/p>\n<ul>\n<li>Perlite<\/li>\n<\/ul>\n<p>Perlite is a mineral extracted from volcanic rock. Thanks to its ability to absorb water, it helps to mattify the skin for a long time. It is also often used in the composition of organic deodorants.<\/p>\n<ul>\n<li>Zinc (Zinc PCA)<\/li>\n<\/ul>\n<p>Zinc PCA is a sebum-regulating and purifying active ingredient used in combination to oily skin care and anti-blemish treatments. Here, zinc is combined with L-PCA, an ingredient that allows zinc to be better absorbed by the skin. As a result, it can be used by sensitive skin.<\/p>\n<\/div>\n<div class=\"ctn_toggle\"><\/div>\n<div class=\"ctn_toggle\">\n<div class=\"ctn_title\">\n<h3 class=\"t_title\">CLINICALLY PROVEN<\/h3>\n<\/div>\n<div class=\"ctn_toggle\">Hypoallergenic formula, tested under dermatological control and on sensitive skin.<\/div>\n<div class=\"ctn_toggle\"><\/div>\n<div class=\"ctn_toggle\">\n<div class=\"ctn_title\">\n<h3 class=\"t_title\">HOW TO USE IT?<\/h3>\n<\/div>\n<div class=\"ctn_toggle\">Apply Clinical Control 96h deodorant daily to clean, dry underarms.<br \/>\nPour prendre soin de vos aisselles sensibles, alternez son utilisation avec le\u00a0d\u00e9odorant min\u00e9ral 48h Tol\u00e9rance optimale.<\/div>\n<div class=\"ctn_toggle\"><\/div>\n<div class=\"ctn_toggle\">\n<div class=\"ctn_title\">\n<h3 class=\"t_title\">COMPOSITION<\/h3>\n<\/div>\n<div class=\"ctn_toggle\">\n<div id=\"listIngredient_44895\">\n<p>AQUA \/ WATER \u2013 ALUMINUM HYDROCHLORIDE \u2013 DIMETHICONE \u2013 C14-22 ALCOHOLS \u2013 PARFUM \/ FRAGRANCE \u2013 STEARETH-100\/PEG-136\/HDI COPOLYMER \u2013 PERLITE \u2013 ZINC PCA \u2013 C12-20 ALKYL GLUCOSIDE \u2013 PENTYLENE GLYCOL<\/p>\n<\/div>\n<\/div>\n<\/div>\n<\/div>\n<\/div>\n<\/div>\n<\/div>\n<\/div>","protected":false},"excerpt":{"rendered":"<p>Vichy D\u00e9odorant Clinical Control. D\u00e9odorant bille contre la transpiration excessive efficace pendant 96 heures. tous types de peaux. contr\u00f4le les odeurs. absorbe l\u2019humidit\u00e9. antibact\u00e9rien. toucher sec. DESCRIPTION Le d\u00e9odorant Vichy femme et hommes Clinical Control 96h associe une tenue longue dur\u00e9e \u00e0 une action anti-odeurs et anti-humidit\u00e9 gr\u00e2ce au zinc purifiant et antibact\u00e9rien et \u00e0 [&hellip;]<\/p>\n","protected":false},"featured_media":22584,"template":"","meta":{"om_disable_all_campaigns":false},"product_brand":[3358],"product_cat":[18],"product_tag":[7110,6169,7109,6279,7112,6385,7111,6229,6721,6230,3359,3360,3361],"class_list":{"0":"post-22586","1":"product","2":"type-product","3":"status-publish","4":"has-post-thumbnail","6":"product_brand-vichy-maroc-prix-vitablanca","7":"product_cat-beaute-sante","8":"product_tag-96h","9":"product_tag-anti-transpirant","10":"product_tag-clinical-control","11":"product_tag-confort","12":"product_tag-controle-odeurs","13":"product_tag-deodorant","14":"product_tag-longue-duree","15":"product_tag-peaux-sensibles","16":"product_tag-protection-aisselles","17":"product_tag-soin-quotidien","18":"product_tag-vichy","19":"product_tag-vichy-maroc","20":"product_tag-vichy-morocco","22":"first","23":"instock","24":"sale","25":"taxable","26":"shipping-taxable","27":"purchasable","28":"product-type-variable"},"yoast_head":"<!-- This site is optimized with the Yoast SEO plugin v27.4 - https:\/\/yoast.com\/product\/yoast-seo-wordpress\/ -->\n<title>Vichy D\u00e9odorant Clinical Control 96H- Maroc Prix<\/title>\n<meta name=\"description\" content=\"Le Vichy D\u00e9odorant Clinical Control 96H offre une protection maximale contre la transpiration et les odeurs pendant 96 heures,\" \/>\n<meta name=\"robots\" content=\"index, follow, max-snippet:-1, max-image-preview:large, max-video-preview:-1\" \/>\n<link rel=\"canonical\" href=\"https:\/\/vitablanca.ma\/en\/product\/vichy-deodorant-clinical-control-96h\/\" \/>\n<meta property=\"og:locale\" content=\"en_US\" \/>\n<meta property=\"og:type\" content=\"article\" \/>\n<meta property=\"og:title\" content=\"Vichy D\u00e9odorant Clinical Control 96H- Maroc Prix\" \/>\n<meta property=\"og:description\" content=\"Le Vichy D\u00e9odorant Clinical Control 96H offre une protection maximale contre la transpiration et les odeurs pendant 96 heures,\" \/>\n<meta property=\"og:url\" content=\"https:\/\/vitablanca.ma\/en\/product\/vichy-deodorant-clinical-control-96h\/\" \/>\n<meta property=\"og:site_name\" content=\"Vitablanca.ma &ndash; Sant&eacute;, vitalit&eacute; et bien-&ecirc;tre pour tous les Marocains\" \/>\n<meta property=\"article:publisher\" content=\"https:\/\/www.facebook.com\/profile.php?id=61576678196717\" \/>\n<meta property=\"article:modified_time\" content=\"2026-02-02T00:57:34+00:00\" \/>\n<meta property=\"og:image\" content=\"https:\/\/vitablanca.ma\/wp-content\/uploads\/2025\/06\/Vichy-Deodorant-Clinical-Control-homme-96H-nova-parapharmacie-casablanca.jpg\" \/>\n\t<meta property=\"og:image:width\" content=\"1000\" \/>\n\t<meta property=\"og:image:height\" content=\"1000\" \/>\n\t<meta property=\"og:image:type\" content=\"image\/jpeg\" \/>\n<meta name=\"twitter:card\" content=\"summary_large_image\" \/>\n<meta name=\"twitter:label1\" content=\"Est. reading time\" \/>\n\t<meta name=\"twitter:data1\" content=\"2 minutes\" \/>\n<script type=\"application\/ld+json\" class=\"yoast-schema-graph\">{\"@context\":\"https:\\\/\\\/schema.org\",\"@graph\":[{\"@type\":[\"WebPage\",\"ItemPage\"],\"@id\":\"https:\\\/\\\/vitablanca.ma\\\/produit\\\/vichy-deodorant-clinical-control-96h\\\/\",\"url\":\"https:\\\/\\\/vitablanca.ma\\\/produit\\\/vichy-deodorant-clinical-control-96h\\\/\",\"name\":\"Vichy D\u00e9odorant Clinical Control 96H- Maroc Prix\",\"isPartOf\":{\"@id\":\"https:\\\/\\\/vitablanca.ma\\\/#website\"},\"primaryImageOfPage\":{\"@id\":\"https:\\\/\\\/vitablanca.ma\\\/produit\\\/vichy-deodorant-clinical-control-96h\\\/#primaryimage\"},\"image\":{\"@id\":\"https:\\\/\\\/vitablanca.ma\\\/produit\\\/vichy-deodorant-clinical-control-96h\\\/#primaryimage\"},\"thumbnailUrl\":\"https:\\\/\\\/vitablanca.ma\\\/wp-content\\\/uploads\\\/2025\\\/06\\\/Vichy-Deodorant-Clinical-Control-homme-96H-nova-parapharmacie-casablanca.jpg\",\"datePublished\":\"2025-06-11T22:39:00+00:00\",\"dateModified\":\"2026-02-02T00:57:34+00:00\",\"description\":\"Le Vichy D\u00e9odorant Clinical Control 96H offre une protection maximale contre la transpiration et les odeurs pendant 96 heures,\",\"breadcrumb\":{\"@id\":\"https:\\\/\\\/vitablanca.ma\\\/produit\\\/vichy-deodorant-clinical-control-96h\\\/#breadcrumb\"},\"inLanguage\":\"en-US\",\"potentialAction\":[{\"@type\":\"ReadAction\",\"target\":[\"https:\\\/\\\/vitablanca.ma\\\/produit\\\/vichy-deodorant-clinical-control-96h\\\/\"]}]},{\"@type\":\"ImageObject\",\"inLanguage\":\"en-US\",\"@id\":\"https:\\\/\\\/vitablanca.ma\\\/produit\\\/vichy-deodorant-clinical-control-96h\\\/#primaryimage\",\"url\":\"https:\\\/\\\/vitablanca.ma\\\/wp-content\\\/uploads\\\/2025\\\/06\\\/Vichy-Deodorant-Clinical-Control-homme-96H-nova-parapharmacie-casablanca.jpg\",\"contentUrl\":\"https:\\\/\\\/vitablanca.ma\\\/wp-content\\\/uploads\\\/2025\\\/06\\\/Vichy-Deodorant-Clinical-Control-homme-96H-nova-parapharmacie-casablanca.jpg\",\"width\":1000,\"height\":1000},{\"@type\":\"BreadcrumbList\",\"@id\":\"https:\\\/\\\/vitablanca.ma\\\/produit\\\/vichy-deodorant-clinical-control-96h\\\/#breadcrumb\",\"itemListElement\":[{\"@type\":\"ListItem\",\"position\":1,\"name\":\"Home\",\"item\":\"https:\\\/\\\/vitablanca.ma\\\/\"},{\"@type\":\"ListItem\",\"position\":2,\"name\":\"Tous Les Produits\",\"item\":\"https:\\\/\\\/vitablanca.ma\\\/tous-les-produits\\\/\"},{\"@type\":\"ListItem\",\"position\":3,\"name\":\"Vichy D\u00e9odorant Clinical Control 96H\"}]},{\"@type\":\"WebSite\",\"@id\":\"https:\\\/\\\/vitablanca.ma\\\/#website\",\"url\":\"https:\\\/\\\/vitablanca.ma\\\/\",\"name\":\"VitaBlanca.ma | Compl\u00e9ments alimentaires, sant\u00e9 & beaut\u00e9 au Maroc\",\"description\":\"vendre vitamines et compl\u00e9ments premium des USA &amp; Canada, Nouvelle Z\u00e9lande,Maroc (NOW Foods, Solgar, Manuka). Livraison rapide partout au Maroc.\",\"publisher\":{\"@id\":\"https:\\\/\\\/vitablanca.ma\\\/#organization\"},\"alternateName\":\"VitaBlanca.ma\",\"potentialAction\":[{\"@type\":\"SearchAction\",\"target\":{\"@type\":\"EntryPoint\",\"urlTemplate\":\"https:\\\/\\\/vitablanca.ma\\\/?s={search_term_string}\"},\"query-input\":{\"@type\":\"PropertyValueSpecification\",\"valueRequired\":true,\"valueName\":\"search_term_string\"}}],\"inLanguage\":\"en-US\"},{\"@type\":\"Organization\",\"@id\":\"https:\\\/\\\/vitablanca.ma\\\/#organization\",\"name\":\"VitaBlanca\",\"url\":\"https:\\\/\\\/vitablanca.ma\\\/\",\"logo\":{\"@type\":\"ImageObject\",\"inLanguage\":\"en-US\",\"@id\":\"https:\\\/\\\/vitablanca.ma\\\/#\\\/schema\\\/logo\\\/image\\\/\",\"url\":\"https:\\\/\\\/vitablanca.ma\\\/wp-content\\\/uploads\\\/2025\\\/05\\\/cropped-vitablanca.png\",\"contentUrl\":\"https:\\\/\\\/vitablanca.ma\\\/wp-content\\\/uploads\\\/2025\\\/05\\\/cropped-vitablanca.png\",\"width\":360,\"height\":67,\"caption\":\"VitaBlanca\"},\"image\":{\"@id\":\"https:\\\/\\\/vitablanca.ma\\\/#\\\/schema\\\/logo\\\/image\\\/\"},\"sameAs\":[\"https:\\\/\\\/www.facebook.com\\\/profile.php?id=61576678196717\",\"https:\\\/\\\/www.tiktok.com\\\/@vitablanca.ma\",\"https:\\\/\\\/www.instagram.com\\\/vitablanca.ma\\\/\"]}]}<\/script>\n<!-- \/ Yoast SEO plugin. -->","yoast_head_json":{"title":"Vichy D\u00e9odorant Clinical Control 96H- Maroc Prix","description":"Le Vichy D\u00e9odorant Clinical Control 96H offre une protection maximale contre la transpiration et les odeurs pendant 96 heures,","robots":{"index":"index","follow":"follow","max-snippet":"max-snippet:-1","max-image-preview":"max-image-preview:large","max-video-preview":"max-video-preview:-1"},"canonical":"https:\/\/vitablanca.ma\/en\/product\/vichy-deodorant-clinical-control-96h\/","og_locale":"en_US","og_type":"article","og_title":"Vichy D\u00e9odorant Clinical Control 96H- Maroc Prix","og_description":"Le Vichy D\u00e9odorant Clinical Control 96H offre une protection maximale contre la transpiration et les odeurs pendant 96 heures,","og_url":"https:\/\/vitablanca.ma\/en\/product\/vichy-deodorant-clinical-control-96h\/","og_site_name":"Vitablanca.ma &ndash; Sant&eacute;, vitalit&eacute; et bien-&ecirc;tre pour tous les Marocains","article_publisher":"https:\/\/www.facebook.com\/profile.php?id=61576678196717","article_modified_time":"2026-02-02T00:57:34+00:00","og_image":[{"width":1000,"height":1000,"url":"https:\/\/vitablanca.ma\/wp-content\/uploads\/2025\/06\/Vichy-Deodorant-Clinical-Control-homme-96H-nova-parapharmacie-casablanca.jpg","type":"image\/jpeg"}],"twitter_card":"summary_large_image","twitter_misc":{"Est. reading time":"2 minutes"},"schema":{"@context":"https:\/\/schema.org","@graph":[{"@type":["WebPage","ItemPage"],"@id":"https:\/\/vitablanca.ma\/produit\/vichy-deodorant-clinical-control-96h\/","url":"https:\/\/vitablanca.ma\/produit\/vichy-deodorant-clinical-control-96h\/","name":"Vichy D\u00e9odorant Clinical Control 96H- Maroc Prix","isPartOf":{"@id":"https:\/\/vitablanca.ma\/#website"},"primaryImageOfPage":{"@id":"https:\/\/vitablanca.ma\/produit\/vichy-deodorant-clinical-control-96h\/#primaryimage"},"image":{"@id":"https:\/\/vitablanca.ma\/produit\/vichy-deodorant-clinical-control-96h\/#primaryimage"},"thumbnailUrl":"https:\/\/vitablanca.ma\/wp-content\/uploads\/2025\/06\/Vichy-Deodorant-Clinical-Control-homme-96H-nova-parapharmacie-casablanca.jpg","datePublished":"2025-06-11T22:39:00+00:00","dateModified":"2026-02-02T00:57:34+00:00","description":"Le Vichy D\u00e9odorant Clinical Control 96H offre une protection maximale contre la transpiration et les odeurs pendant 96 heures,","breadcrumb":{"@id":"https:\/\/vitablanca.ma\/produit\/vichy-deodorant-clinical-control-96h\/#breadcrumb"},"inLanguage":"en-US","potentialAction":[{"@type":"ReadAction","target":["https:\/\/vitablanca.ma\/produit\/vichy-deodorant-clinical-control-96h\/"]}]},{"@type":"ImageObject","inLanguage":"en-US","@id":"https:\/\/vitablanca.ma\/produit\/vichy-deodorant-clinical-control-96h\/#primaryimage","url":"https:\/\/vitablanca.ma\/wp-content\/uploads\/2025\/06\/Vichy-Deodorant-Clinical-Control-homme-96H-nova-parapharmacie-casablanca.jpg","contentUrl":"https:\/\/vitablanca.ma\/wp-content\/uploads\/2025\/06\/Vichy-Deodorant-Clinical-Control-homme-96H-nova-parapharmacie-casablanca.jpg","width":1000,"height":1000},{"@type":"BreadcrumbList","@id":"https:\/\/vitablanca.ma\/produit\/vichy-deodorant-clinical-control-96h\/#breadcrumb","itemListElement":[{"@type":"ListItem","position":1,"name":"Home","item":"https:\/\/vitablanca.ma\/"},{"@type":"ListItem","position":2,"name":"Tous Les Produits","item":"https:\/\/vitablanca.ma\/tous-les-produits\/"},{"@type":"ListItem","position":3,"name":"Vichy D\u00e9odorant Clinical Control 96H"}]},{"@type":"WebSite","@id":"https:\/\/vitablanca.ma\/#website","url":"https:\/\/vitablanca.ma\/","name":"VitaBlanca.ma | Food supplements, health &amp; beauty in Morocco","description":"sell premium vitamins and supplements from USA &amp; Canada, New Zealand, Morocco (NOW Foods, Solgar, Manuka). Fast delivery anywhere in Morocco.","publisher":{"@id":"https:\/\/vitablanca.ma\/#organization"},"alternateName":"VitaBlanca.ma","potentialAction":[{"@type":"SearchAction","target":{"@type":"EntryPoint","urlTemplate":"https:\/\/vitablanca.ma\/?s={search_term_string}"},"query-input":{"@type":"PropertyValueSpecification","valueRequired":true,"valueName":"search_term_string"}}],"inLanguage":"en-US"},{"@type":"Organization","@id":"https:\/\/vitablanca.ma\/#organization","name":"VitaBlanca","url":"https:\/\/vitablanca.ma\/","logo":{"@type":"ImageObject","inLanguage":"en-US","@id":"https:\/\/vitablanca.ma\/#\/schema\/logo\/image\/","url":"https:\/\/vitablanca.ma\/wp-content\/uploads\/2025\/05\/cropped-vitablanca.png","contentUrl":"https:\/\/vitablanca.ma\/wp-content\/uploads\/2025\/05\/cropped-vitablanca.png","width":360,"height":67,"caption":"VitaBlanca"},"image":{"@id":"https:\/\/vitablanca.ma\/#\/schema\/logo\/image\/"},"sameAs":["https:\/\/www.facebook.com\/profile.php?id=61576678196717","https:\/\/www.tiktok.com\/@vitablanca.ma","https:\/\/www.instagram.com\/vitablanca.ma\/"]}]}},"jetpack_sharing_enabled":true,"_links":{"self":[{"href":"https:\/\/vitablanca.ma\/en\/wp-json\/wp\/v2\/product\/22586","targetHints":{"allow":["GET"]}}],"collection":[{"href":"https:\/\/vitablanca.ma\/en\/wp-json\/wp\/v2\/product"}],"about":[{"href":"https:\/\/vitablanca.ma\/en\/wp-json\/wp\/v2\/types\/product"}],"wp:featuredmedia":[{"embeddable":true,"href":"https:\/\/vitablanca.ma\/en\/wp-json\/wp\/v2\/media\/22584"}],"wp:attachment":[{"href":"https:\/\/vitablanca.ma\/en\/wp-json\/wp\/v2\/media?parent=22586"}],"wp:term":[{"taxonomy":"product_brand","embeddable":true,"href":"https:\/\/vitablanca.ma\/en\/wp-json\/wp\/v2\/product_brand?post=22586"},{"taxonomy":"product_cat","embeddable":true,"href":"https:\/\/vitablanca.ma\/en\/wp-json\/wp\/v2\/product_cat?post=22586"},{"taxonomy":"product_tag","embeddable":true,"href":"https:\/\/vitablanca.ma\/en\/wp-json\/wp\/v2\/product_tag?post=22586"}],"curies":[{"name":"wp","href":"https:\/\/api.w.org\/{rel}","templated":true}]}}