{"id":22579,"date":"2025-06-11T22:38:41","date_gmt":"2025-06-11T22:38:41","guid":{"rendered":"https:\/\/vitablanca.ma\/product\/vichy-deodorant-24h-toucher-sec-roll-on-50ml\/"},"modified":"2026-02-02T01:19:35","modified_gmt":"2026-02-02T01:19:35","slug":"vichy-deodorant-24h-toucher-sec-roll-on-50ml","status":"publish","type":"product","link":"https:\/\/vitablanca.ma\/en\/product\/vichy-deodorant-24h-toucher-sec-roll-on-50ml\/","title":{"rendered":"Vichy 24H Dry Touch Roll-on Deodorant 50ml"},"content":{"rendered":"<h2>Vichy 24H Dry Touch Roll-on Deodorant\u00a0<span data-mce-fragment=\"1\">For women looking for real effectiveness<\/span><\/h2>\n<p>The 24-hour dry-touch deodorant roll-on.<br \/>\nFor women looking for truly effective deodorant without compromising on tolerance. Naturally sourced anti-odor active ingredients. Suitable for even sensitive skin.<\/p>\n<h3>Efficiency<\/h3>\n<p>A roll-on perfectly suited to even sensitive skin. Perlite, an ultra-absorbent mineral, provides enhanced effectiveness against moisture and odors. It is combined with a high-remanence hypoallergenic fragrance for a long-lasting feeling of freshness. Protects your skin from moisture all day long. Perfectly respects all skin types, even the most sensitive. 24-hour deodorant effectiveness.<\/p>\n<h3>Application<\/h3>\n<p>Apply daily to clean, dry underarms.<\/p>\n<h3>Precautions for use<\/h3>\n<p>Naturally derived anti-odor active ingredients. Hypoallergenic formula. Tested on sensitive skin.<\/p>\n<h3>Composition<\/h3>\n<p>AQUA \/ WATER CETEARYL ALCOHOL PERLITE BUTYLENE GLYCOL PPG-15 STEARYL ETHER CETEARETH-33 ZINC GLUCONATE PARFUM \/ FRAGRANCE DIMETHICONE CAPRYLYL GLYCOL P-ANISIC ACID ALLANTOIN CITRIC ACID<\/p>","protected":false},"excerpt":{"rendered":"<p>Vichy D\u00e9odorant 24H toucher sec Roll-on\u00a0Pour les femmes \u00e0 la recherche d&rsquo;une vraie efficacit\u00e9 Le Roll-on d\u00e9odorant 24h toucher sec. Pour les femmes \u00e0 la recherche d&rsquo;une vraie efficacit\u00e9 d\u00e9odorante sans compromis sur la tol\u00e9rance. Actifs anti-odeur d&rsquo;origine naturelle. Convient aux peaux m\u00eame sensibles. Efficacit\u00e9 Un roll-on parfaitement adapt\u00e9 aux peaux m\u00eame sensibles. La Perlite, [&hellip;]<\/p>\n","protected":false},"featured_media":22578,"template":"","meta":{"om_disable_all_campaigns":false},"product_brand":[3358],"product_cat":[18],"product_tag":[7100,6275,7115,6169,6385,7114,6229,7123,6230,7057,6390,3359,3360,3361],"class_list":{"0":"post-22579","1":"product","2":"type-product","3":"status-publish","4":"has-post-thumbnail","6":"product_brand-vichy-maroc-prix-vitablanca","7":"product_cat-beaute-sante","8":"product_tag-24h","9":"product_tag-50-ml","10":"product_tag-aisselles","11":"product_tag-anti-transpirant","12":"product_tag-deodorant","13":"product_tag-odeurs","14":"product_tag-peaux-sensibles","15":"product_tag-roll-on","16":"product_tag-soin-quotidien","17":"product_tag-toucher-sec","18":"product_tag-transpiration","19":"product_tag-vichy","20":"product_tag-vichy-maroc","21":"product_tag-vichy-morocco","23":"first","24":"instock","25":"sale","26":"taxable","27":"shipping-taxable","28":"purchasable","29":"product-type-simple"},"yoast_head":"<!-- This site is optimized with the Yoast SEO plugin v27.4 - https:\/\/yoast.com\/product\/yoast-seo-wordpress\/ -->\n<title>Vichy D\u00e9odorant 24H Toucher Sec Roll-On - Maroc Prix<\/title>\n<meta name=\"description\" content=\"Le Vichy D\u00e9odorant 24H Toucher Sec Roll-On 50 ml offre une protection efficace contre la transpiration et les odeurs pendant 24 heures,\" \/>\n<meta name=\"robots\" content=\"index, follow, max-snippet:-1, max-image-preview:large, max-video-preview:-1\" \/>\n<link rel=\"canonical\" href=\"https:\/\/vitablanca.ma\/en\/product\/vichy-deodorant-24h-toucher-sec-roll-on-50ml\/\" \/>\n<meta property=\"og:locale\" content=\"en_US\" \/>\n<meta property=\"og:type\" content=\"article\" \/>\n<meta property=\"og:title\" content=\"Vichy D\u00e9odorant 24H Toucher Sec Roll-On - Maroc Prix\" \/>\n<meta property=\"og:description\" content=\"Le Vichy D\u00e9odorant 24H Toucher Sec Roll-On 50 ml offre une protection efficace contre la transpiration et les odeurs pendant 24 heures,\" \/>\n<meta property=\"og:url\" content=\"https:\/\/vitablanca.ma\/en\/product\/vichy-deodorant-24h-toucher-sec-roll-on-50ml\/\" \/>\n<meta property=\"og:site_name\" content=\"Vitablanca.ma &ndash; Sant&eacute;, vitalit&eacute; et bien-&ecirc;tre pour tous les Marocains\" \/>\n<meta property=\"article:publisher\" content=\"https:\/\/www.facebook.com\/profile.php?id=61576678196717\" \/>\n<meta property=\"article:modified_time\" content=\"2026-02-02T01:19:35+00:00\" \/>\n<meta property=\"og:image\" content=\"https:\/\/vitablanca.ma\/wp-content\/uploads\/2025\/06\/Vichy-Deodorant-24H-toucher-sec-Roll-on-50ml-nova-parapharmacie-maroc_21b71b48-492e-4f8a-a3da-184ecdb45b9c.png\" \/>\n\t<meta property=\"og:image:width\" content=\"1000\" \/>\n\t<meta property=\"og:image:height\" content=\"1000\" \/>\n\t<meta property=\"og:image:type\" content=\"image\/png\" \/>\n<meta name=\"twitter:card\" content=\"summary_large_image\" \/>\n<meta name=\"twitter:label1\" content=\"Est. reading time\" \/>\n\t<meta name=\"twitter:data1\" content=\"1 minute\" \/>\n<script type=\"application\/ld+json\" class=\"yoast-schema-graph\">{\"@context\":\"https:\\\/\\\/schema.org\",\"@graph\":[{\"@type\":[\"WebPage\",\"ItemPage\"],\"@id\":\"https:\\\/\\\/vitablanca.ma\\\/produit\\\/vichy-deodorant-24h-toucher-sec-roll-on-50ml\\\/\",\"url\":\"https:\\\/\\\/vitablanca.ma\\\/produit\\\/vichy-deodorant-24h-toucher-sec-roll-on-50ml\\\/\",\"name\":\"Vichy D\u00e9odorant 24H Toucher Sec Roll-On - Maroc Prix\",\"isPartOf\":{\"@id\":\"https:\\\/\\\/vitablanca.ma\\\/#website\"},\"primaryImageOfPage\":{\"@id\":\"https:\\\/\\\/vitablanca.ma\\\/produit\\\/vichy-deodorant-24h-toucher-sec-roll-on-50ml\\\/#primaryimage\"},\"image\":{\"@id\":\"https:\\\/\\\/vitablanca.ma\\\/produit\\\/vichy-deodorant-24h-toucher-sec-roll-on-50ml\\\/#primaryimage\"},\"thumbnailUrl\":\"https:\\\/\\\/vitablanca.ma\\\/wp-content\\\/uploads\\\/2025\\\/06\\\/Vichy-Deodorant-24H-toucher-sec-Roll-on-50ml-nova-parapharmacie-maroc_21b71b48-492e-4f8a-a3da-184ecdb45b9c.png\",\"datePublished\":\"2025-06-11T22:38:41+00:00\",\"dateModified\":\"2026-02-02T01:19:35+00:00\",\"description\":\"Le Vichy D\u00e9odorant 24H Toucher Sec Roll-On 50 ml offre une protection efficace contre la transpiration et les odeurs pendant 24 heures,\",\"breadcrumb\":{\"@id\":\"https:\\\/\\\/vitablanca.ma\\\/produit\\\/vichy-deodorant-24h-toucher-sec-roll-on-50ml\\\/#breadcrumb\"},\"inLanguage\":\"en-US\",\"potentialAction\":[{\"@type\":\"ReadAction\",\"target\":[\"https:\\\/\\\/vitablanca.ma\\\/produit\\\/vichy-deodorant-24h-toucher-sec-roll-on-50ml\\\/\"]}]},{\"@type\":\"ImageObject\",\"inLanguage\":\"en-US\",\"@id\":\"https:\\\/\\\/vitablanca.ma\\\/produit\\\/vichy-deodorant-24h-toucher-sec-roll-on-50ml\\\/#primaryimage\",\"url\":\"https:\\\/\\\/vitablanca.ma\\\/wp-content\\\/uploads\\\/2025\\\/06\\\/Vichy-Deodorant-24H-toucher-sec-Roll-on-50ml-nova-parapharmacie-maroc_21b71b48-492e-4f8a-a3da-184ecdb45b9c.png\",\"contentUrl\":\"https:\\\/\\\/vitablanca.ma\\\/wp-content\\\/uploads\\\/2025\\\/06\\\/Vichy-Deodorant-24H-toucher-sec-Roll-on-50ml-nova-parapharmacie-maroc_21b71b48-492e-4f8a-a3da-184ecdb45b9c.png\",\"width\":1000,\"height\":1000},{\"@type\":\"BreadcrumbList\",\"@id\":\"https:\\\/\\\/vitablanca.ma\\\/produit\\\/vichy-deodorant-24h-toucher-sec-roll-on-50ml\\\/#breadcrumb\",\"itemListElement\":[{\"@type\":\"ListItem\",\"position\":1,\"name\":\"Home\",\"item\":\"https:\\\/\\\/vitablanca.ma\\\/\"},{\"@type\":\"ListItem\",\"position\":2,\"name\":\"Tous Les Produits\",\"item\":\"https:\\\/\\\/vitablanca.ma\\\/tous-les-produits\\\/\"},{\"@type\":\"ListItem\",\"position\":3,\"name\":\"Vichy D\u00e9odorant 24H toucher sec Roll-on 50ml\"}]},{\"@type\":\"WebSite\",\"@id\":\"https:\\\/\\\/vitablanca.ma\\\/#website\",\"url\":\"https:\\\/\\\/vitablanca.ma\\\/\",\"name\":\"VitaBlanca.ma | Compl\u00e9ments alimentaires, sant\u00e9 & beaut\u00e9 au Maroc\",\"description\":\"vendre vitamines et compl\u00e9ments premium des USA &amp; Canada, Nouvelle Z\u00e9lande,Maroc (NOW Foods, Solgar, Manuka). Livraison rapide partout au Maroc.\",\"publisher\":{\"@id\":\"https:\\\/\\\/vitablanca.ma\\\/#organization\"},\"alternateName\":\"VitaBlanca.ma\",\"potentialAction\":[{\"@type\":\"SearchAction\",\"target\":{\"@type\":\"EntryPoint\",\"urlTemplate\":\"https:\\\/\\\/vitablanca.ma\\\/?s={search_term_string}\"},\"query-input\":{\"@type\":\"PropertyValueSpecification\",\"valueRequired\":true,\"valueName\":\"search_term_string\"}}],\"inLanguage\":\"en-US\"},{\"@type\":\"Organization\",\"@id\":\"https:\\\/\\\/vitablanca.ma\\\/#organization\",\"name\":\"VitaBlanca\",\"url\":\"https:\\\/\\\/vitablanca.ma\\\/\",\"logo\":{\"@type\":\"ImageObject\",\"inLanguage\":\"en-US\",\"@id\":\"https:\\\/\\\/vitablanca.ma\\\/#\\\/schema\\\/logo\\\/image\\\/\",\"url\":\"https:\\\/\\\/vitablanca.ma\\\/wp-content\\\/uploads\\\/2025\\\/05\\\/cropped-vitablanca.png\",\"contentUrl\":\"https:\\\/\\\/vitablanca.ma\\\/wp-content\\\/uploads\\\/2025\\\/05\\\/cropped-vitablanca.png\",\"width\":360,\"height\":67,\"caption\":\"VitaBlanca\"},\"image\":{\"@id\":\"https:\\\/\\\/vitablanca.ma\\\/#\\\/schema\\\/logo\\\/image\\\/\"},\"sameAs\":[\"https:\\\/\\\/www.facebook.com\\\/profile.php?id=61576678196717\",\"https:\\\/\\\/www.tiktok.com\\\/@vitablanca.ma\",\"https:\\\/\\\/www.instagram.com\\\/vitablanca.ma\\\/\"]}]}<\/script>\n<!-- \/ Yoast SEO plugin. -->","yoast_head_json":{"title":"Vichy D\u00e9odorant 24H Toucher Sec Roll-On - Maroc Prix","description":"Le Vichy D\u00e9odorant 24H Toucher Sec Roll-On 50 ml offre une protection efficace contre la transpiration et les odeurs pendant 24 heures,","robots":{"index":"index","follow":"follow","max-snippet":"max-snippet:-1","max-image-preview":"max-image-preview:large","max-video-preview":"max-video-preview:-1"},"canonical":"https:\/\/vitablanca.ma\/en\/product\/vichy-deodorant-24h-toucher-sec-roll-on-50ml\/","og_locale":"en_US","og_type":"article","og_title":"Vichy D\u00e9odorant 24H Toucher Sec Roll-On - Maroc Prix","og_description":"Le Vichy D\u00e9odorant 24H Toucher Sec Roll-On 50 ml offre une protection efficace contre la transpiration et les odeurs pendant 24 heures,","og_url":"https:\/\/vitablanca.ma\/en\/product\/vichy-deodorant-24h-toucher-sec-roll-on-50ml\/","og_site_name":"Vitablanca.ma &ndash; Sant&eacute;, vitalit&eacute; et bien-&ecirc;tre pour tous les Marocains","article_publisher":"https:\/\/www.facebook.com\/profile.php?id=61576678196717","article_modified_time":"2026-02-02T01:19:35+00:00","og_image":[{"width":1000,"height":1000,"url":"https:\/\/vitablanca.ma\/wp-content\/uploads\/2025\/06\/Vichy-Deodorant-24H-toucher-sec-Roll-on-50ml-nova-parapharmacie-maroc_21b71b48-492e-4f8a-a3da-184ecdb45b9c.png","type":"image\/png"}],"twitter_card":"summary_large_image","twitter_misc":{"Est. reading time":"1 minute"},"schema":{"@context":"https:\/\/schema.org","@graph":[{"@type":["WebPage","ItemPage"],"@id":"https:\/\/vitablanca.ma\/produit\/vichy-deodorant-24h-toucher-sec-roll-on-50ml\/","url":"https:\/\/vitablanca.ma\/produit\/vichy-deodorant-24h-toucher-sec-roll-on-50ml\/","name":"Vichy D\u00e9odorant 24H Toucher Sec Roll-On - Maroc Prix","isPartOf":{"@id":"https:\/\/vitablanca.ma\/#website"},"primaryImageOfPage":{"@id":"https:\/\/vitablanca.ma\/produit\/vichy-deodorant-24h-toucher-sec-roll-on-50ml\/#primaryimage"},"image":{"@id":"https:\/\/vitablanca.ma\/produit\/vichy-deodorant-24h-toucher-sec-roll-on-50ml\/#primaryimage"},"thumbnailUrl":"https:\/\/vitablanca.ma\/wp-content\/uploads\/2025\/06\/Vichy-Deodorant-24H-toucher-sec-Roll-on-50ml-nova-parapharmacie-maroc_21b71b48-492e-4f8a-a3da-184ecdb45b9c.png","datePublished":"2025-06-11T22:38:41+00:00","dateModified":"2026-02-02T01:19:35+00:00","description":"Le Vichy D\u00e9odorant 24H Toucher Sec Roll-On 50 ml offre une protection efficace contre la transpiration et les odeurs pendant 24 heures,","breadcrumb":{"@id":"https:\/\/vitablanca.ma\/produit\/vichy-deodorant-24h-toucher-sec-roll-on-50ml\/#breadcrumb"},"inLanguage":"en-US","potentialAction":[{"@type":"ReadAction","target":["https:\/\/vitablanca.ma\/produit\/vichy-deodorant-24h-toucher-sec-roll-on-50ml\/"]}]},{"@type":"ImageObject","inLanguage":"en-US","@id":"https:\/\/vitablanca.ma\/produit\/vichy-deodorant-24h-toucher-sec-roll-on-50ml\/#primaryimage","url":"https:\/\/vitablanca.ma\/wp-content\/uploads\/2025\/06\/Vichy-Deodorant-24H-toucher-sec-Roll-on-50ml-nova-parapharmacie-maroc_21b71b48-492e-4f8a-a3da-184ecdb45b9c.png","contentUrl":"https:\/\/vitablanca.ma\/wp-content\/uploads\/2025\/06\/Vichy-Deodorant-24H-toucher-sec-Roll-on-50ml-nova-parapharmacie-maroc_21b71b48-492e-4f8a-a3da-184ecdb45b9c.png","width":1000,"height":1000},{"@type":"BreadcrumbList","@id":"https:\/\/vitablanca.ma\/produit\/vichy-deodorant-24h-toucher-sec-roll-on-50ml\/#breadcrumb","itemListElement":[{"@type":"ListItem","position":1,"name":"Home","item":"https:\/\/vitablanca.ma\/"},{"@type":"ListItem","position":2,"name":"Tous Les Produits","item":"https:\/\/vitablanca.ma\/tous-les-produits\/"},{"@type":"ListItem","position":3,"name":"Vichy D\u00e9odorant 24H toucher sec Roll-on 50ml"}]},{"@type":"WebSite","@id":"https:\/\/vitablanca.ma\/#website","url":"https:\/\/vitablanca.ma\/","name":"VitaBlanca.ma | Food supplements, health &amp; beauty in Morocco","description":"sell premium vitamins and supplements from USA &amp; Canada, New Zealand, Morocco (NOW Foods, Solgar, Manuka). Fast delivery anywhere in Morocco.","publisher":{"@id":"https:\/\/vitablanca.ma\/#organization"},"alternateName":"VitaBlanca.ma","potentialAction":[{"@type":"SearchAction","target":{"@type":"EntryPoint","urlTemplate":"https:\/\/vitablanca.ma\/?s={search_term_string}"},"query-input":{"@type":"PropertyValueSpecification","valueRequired":true,"valueName":"search_term_string"}}],"inLanguage":"en-US"},{"@type":"Organization","@id":"https:\/\/vitablanca.ma\/#organization","name":"VitaBlanca","url":"https:\/\/vitablanca.ma\/","logo":{"@type":"ImageObject","inLanguage":"en-US","@id":"https:\/\/vitablanca.ma\/#\/schema\/logo\/image\/","url":"https:\/\/vitablanca.ma\/wp-content\/uploads\/2025\/05\/cropped-vitablanca.png","contentUrl":"https:\/\/vitablanca.ma\/wp-content\/uploads\/2025\/05\/cropped-vitablanca.png","width":360,"height":67,"caption":"VitaBlanca"},"image":{"@id":"https:\/\/vitablanca.ma\/#\/schema\/logo\/image\/"},"sameAs":["https:\/\/www.facebook.com\/profile.php?id=61576678196717","https:\/\/www.tiktok.com\/@vitablanca.ma","https:\/\/www.instagram.com\/vitablanca.ma\/"]}]}},"jetpack_sharing_enabled":true,"_links":{"self":[{"href":"https:\/\/vitablanca.ma\/en\/wp-json\/wp\/v2\/product\/22579","targetHints":{"allow":["GET"]}}],"collection":[{"href":"https:\/\/vitablanca.ma\/en\/wp-json\/wp\/v2\/product"}],"about":[{"href":"https:\/\/vitablanca.ma\/en\/wp-json\/wp\/v2\/types\/product"}],"wp:featuredmedia":[{"embeddable":true,"href":"https:\/\/vitablanca.ma\/en\/wp-json\/wp\/v2\/media\/22578"}],"wp:attachment":[{"href":"https:\/\/vitablanca.ma\/en\/wp-json\/wp\/v2\/media?parent=22579"}],"wp:term":[{"taxonomy":"product_brand","embeddable":true,"href":"https:\/\/vitablanca.ma\/en\/wp-json\/wp\/v2\/product_brand?post=22579"},{"taxonomy":"product_cat","embeddable":true,"href":"https:\/\/vitablanca.ma\/en\/wp-json\/wp\/v2\/product_cat?post=22579"},{"taxonomy":"product_tag","embeddable":true,"href":"https:\/\/vitablanca.ma\/en\/wp-json\/wp\/v2\/product_tag?post=22579"}],"curies":[{"name":"wp","href":"https:\/\/api.w.org\/{rel}","templated":true}]}}