{"id":22559,"date":"2025-06-11T22:37:31","date_gmt":"2025-06-11T22:37:31","guid":{"rendered":"https:\/\/vitablanca.ma\/product\/vichy-homme-deodorant-48h-anti-transpirant-anti-traces-50ml\/"},"modified":"2026-02-03T15:00:57","modified_gmt":"2026-02-03T15:00:57","slug":"vichy-homme-deodorant-48h-anti-transpirant-anti-traces-50ml","status":"publish","type":"product","link":"https:\/\/vitablanca.ma\/en\/product\/vichy-homme-deodorant-48h-anti-transpirant-anti-traces-50ml\/","title":{"rendered":"Vichy Homme 48H Antiperspirant Anti-Stain Deodorant 50ml"},"content":{"rendered":"<h2>Vichy Homme 48H Antiperspirant Anti-Stain Deodorant<span data-mce-fragment=\"1\">all skin types<\/span><\/h2>\n<p>Vichy has created for men, who are looking for very long-lasting deodorant and antiperspirant effectiveness, a unique protection against yellow, white and halo stains, and without a cardboard effect.<\/p>\n<div class=\"ctn_top-accordion\">\n<div class=\"accordion-item itemForm\">\n<h3 class=\"accordion-item-title\">Efficiency<\/h3>\n<div class=\"accordion-content\">\n<p>1\/3 of men are bothered by the marks left on their clothes. VICHY HOMME responds to this need by creating the new antiperspirant DEODORANT anti-marks invisible shirt protection for 48H* offering effectiveness ANTI-yellow, white, and halo stains, and without cardboard effect.<br \/>\n<em>* Instrumental test<\/em><\/p>\n<\/div>\n<\/div>\n<div class=\"accordion-item itemForm no-overflow\">\n<h3 class=\"accordion-item-title\">Application<\/h3>\n<div class=\"accordion-content\">\n<p>Apply to clean, dry underarms.<\/p>\n<\/div>\n<\/div>\n<\/div>\n<div class=\"ctn_bottom-accordion\">\n<div class=\"accordion-item composition\">\n<h3 class=\"accordion-item-title\">Composition<\/h3>\n<p>AQUA \/ WATER ALUMINUM CHLOROHYDRATE PPG-26-BUTETH-26 STEARETH-100\/PEG-136\/HDI COPOLYMER PARFUM \/ FRAGRANCE PEG-40 HYDROGENATED CASTOR OIL CAPRYLYL GLYCOL<\/p>\n<\/div>\n<\/div>","protected":false},"excerpt":{"rendered":"<p>Vichy Homme D\u00e9odorant 48H anti transpirant anti-traces tous types de peaux Vichy a cr\u00e9\u00e9 pour les hommes, qui recherchent une efficacit\u00e9 d\u00e9odorante et anti-transpirante tr\u00e8s longue dur\u00e9e, une protection unique anti-taches jaunes, blanches, aur\u00e9oles, et sans effet carton. Efficacit\u00e9 1\/3 des hommes sont g\u00ean\u00e9s par les traces laiss\u00e9es sur leurs v\u00eatements. VICHY HOMME r\u00e9pond \u00e0 [&hellip;]<\/p>\n","protected":false},"featured_media":22558,"template":"","meta":{"om_disable_all_campaigns":false},"product_brand":[3358],"product_cat":[18],"product_tag":[7247,7250,7239,7243,7248,7249,3359,7221,7246,3360,3361],"class_list":{"0":"post-22559","1":"product","2":"type-product","3":"status-publish","4":"has-post-thumbnail","6":"product_brand-vichy-maroc-prix-vitablanca","7":"product_cat-beaute-sante","8":"product_tag-anti-transpirant-48h-homme","9":"product_tag-deodorant-anti-odeurs","10":"product_tag-deodorant-homme-vichy","11":"product_tag-deodorant-peau-sensible-homme","12":"product_tag-deodorant-sans-traces","13":"product_tag-roll-on-vichy-homme","14":"product_tag-vichy","15":"product_tag-vichy-deodorant-maroc","16":"product_tag-vichy-homme-deodorant-48h-anti-traces","17":"product_tag-vichy-maroc","18":"product_tag-vichy-morocco","20":"first","21":"instock","22":"sale","23":"taxable","24":"shipping-taxable","25":"purchasable","26":"product-type-simple"},"yoast_head":"<!-- This site is optimized with the Yoast SEO plugin v27.5 - https:\/\/yoast.com\/product\/yoast-seo-wordpress\/ -->\n<title>Vichy Homme D\u00e9odorant 48H Anti-Traces 50 ml - Maroc Prix<\/title>\n<meta name=\"description\" content=\"Vichy Homme D\u00e9odorant 48H Anti-Traces 50 ml prot\u00e8ge efficacement contre la transpiration et les odeurs sans laisser de traces sur les v\u00eatements\" \/>\n<meta name=\"robots\" content=\"index, follow, max-snippet:-1, max-image-preview:large, max-video-preview:-1\" \/>\n<link rel=\"canonical\" href=\"https:\/\/vitablanca.ma\/en\/product\/vichy-homme-deodorant-48h-anti-transpirant-anti-traces-50ml\/\" \/>\n<meta property=\"og:locale\" content=\"en_US\" \/>\n<meta property=\"og:type\" content=\"article\" \/>\n<meta property=\"og:title\" content=\"Vichy Homme D\u00e9odorant 48H Anti-Traces 50 ml - Maroc Prix\" \/>\n<meta property=\"og:description\" content=\"Vichy Homme D\u00e9odorant 48H Anti-Traces 50 ml prot\u00e8ge efficacement contre la transpiration et les odeurs sans laisser de traces sur les v\u00eatements\" \/>\n<meta property=\"og:url\" content=\"https:\/\/vitablanca.ma\/en\/product\/vichy-homme-deodorant-48h-anti-transpirant-anti-traces-50ml\/\" \/>\n<meta property=\"og:site_name\" content=\"Vitablanca.ma &ndash; Sant&eacute;, vitalit&eacute; et bien-&ecirc;tre pour tous les Marocains\" \/>\n<meta property=\"article:publisher\" content=\"https:\/\/www.facebook.com\/profile.php?id=61576678196717\" \/>\n<meta property=\"article:modified_time\" content=\"2026-02-03T15:00:57+00:00\" \/>\n<meta property=\"og:image\" content=\"https:\/\/vitablanca.ma\/wp-content\/uploads\/2025\/06\/Vichy-Homme-Deodorant-48H-anti-transpirant-anti-traces-50ml-nova-parapharmacie-maroc.png\" \/>\n\t<meta property=\"og:image:width\" content=\"1000\" \/>\n\t<meta property=\"og:image:height\" content=\"1000\" \/>\n\t<meta property=\"og:image:type\" content=\"image\/png\" \/>\n<meta name=\"twitter:card\" content=\"summary_large_image\" \/>\n<meta name=\"twitter:label1\" content=\"Est. reading time\" \/>\n\t<meta name=\"twitter:data1\" content=\"1 minute\" \/>\n<script type=\"application\/ld+json\" class=\"yoast-schema-graph\">{\"@context\":\"https:\\\/\\\/schema.org\",\"@graph\":[{\"@type\":[\"WebPage\",\"ItemPage\"],\"@id\":\"https:\\\/\\\/vitablanca.ma\\\/produit\\\/vichy-homme-deodorant-48h-anti-transpirant-anti-traces-50ml\\\/\",\"url\":\"https:\\\/\\\/vitablanca.ma\\\/produit\\\/vichy-homme-deodorant-48h-anti-transpirant-anti-traces-50ml\\\/\",\"name\":\"Vichy Homme D\u00e9odorant 48H Anti-Traces 50 ml - Maroc Prix\",\"isPartOf\":{\"@id\":\"https:\\\/\\\/vitablanca.ma\\\/#website\"},\"primaryImageOfPage\":{\"@id\":\"https:\\\/\\\/vitablanca.ma\\\/produit\\\/vichy-homme-deodorant-48h-anti-transpirant-anti-traces-50ml\\\/#primaryimage\"},\"image\":{\"@id\":\"https:\\\/\\\/vitablanca.ma\\\/produit\\\/vichy-homme-deodorant-48h-anti-transpirant-anti-traces-50ml\\\/#primaryimage\"},\"thumbnailUrl\":\"https:\\\/\\\/vitablanca.ma\\\/wp-content\\\/uploads\\\/2025\\\/06\\\/Vichy-Homme-Deodorant-48H-anti-transpirant-anti-traces-50ml-nova-parapharmacie-maroc.png\",\"datePublished\":\"2025-06-11T22:37:31+00:00\",\"dateModified\":\"2026-02-03T15:00:57+00:00\",\"description\":\"Vichy Homme D\u00e9odorant 48H Anti-Traces 50 ml prot\u00e8ge efficacement contre la transpiration et les odeurs sans laisser de traces sur les v\u00eatements\",\"breadcrumb\":{\"@id\":\"https:\\\/\\\/vitablanca.ma\\\/produit\\\/vichy-homme-deodorant-48h-anti-transpirant-anti-traces-50ml\\\/#breadcrumb\"},\"inLanguage\":\"en-US\",\"potentialAction\":[{\"@type\":\"ReadAction\",\"target\":[\"https:\\\/\\\/vitablanca.ma\\\/produit\\\/vichy-homme-deodorant-48h-anti-transpirant-anti-traces-50ml\\\/\"]}]},{\"@type\":\"ImageObject\",\"inLanguage\":\"en-US\",\"@id\":\"https:\\\/\\\/vitablanca.ma\\\/produit\\\/vichy-homme-deodorant-48h-anti-transpirant-anti-traces-50ml\\\/#primaryimage\",\"url\":\"https:\\\/\\\/vitablanca.ma\\\/wp-content\\\/uploads\\\/2025\\\/06\\\/Vichy-Homme-Deodorant-48H-anti-transpirant-anti-traces-50ml-nova-parapharmacie-maroc.png\",\"contentUrl\":\"https:\\\/\\\/vitablanca.ma\\\/wp-content\\\/uploads\\\/2025\\\/06\\\/Vichy-Homme-Deodorant-48H-anti-transpirant-anti-traces-50ml-nova-parapharmacie-maroc.png\",\"width\":1000,\"height\":1000},{\"@type\":\"BreadcrumbList\",\"@id\":\"https:\\\/\\\/vitablanca.ma\\\/produit\\\/vichy-homme-deodorant-48h-anti-transpirant-anti-traces-50ml\\\/#breadcrumb\",\"itemListElement\":[{\"@type\":\"ListItem\",\"position\":1,\"name\":\"Home\",\"item\":\"https:\\\/\\\/vitablanca.ma\\\/\"},{\"@type\":\"ListItem\",\"position\":2,\"name\":\"Tous Les Produits\",\"item\":\"https:\\\/\\\/vitablanca.ma\\\/tous-les-produits\\\/\"},{\"@type\":\"ListItem\",\"position\":3,\"name\":\"Vichy Homme D\u00e9odorant 48H anti transpirant anti-traces 50ml\"}]},{\"@type\":\"WebSite\",\"@id\":\"https:\\\/\\\/vitablanca.ma\\\/#website\",\"url\":\"https:\\\/\\\/vitablanca.ma\\\/\",\"name\":\"VitaBlanca.ma | Compl\u00e9ments alimentaires, sant\u00e9 & beaut\u00e9 au Maroc\",\"description\":\"vendre vitamines et compl\u00e9ments premium des USA &amp; Canada, Nouvelle Z\u00e9lande,Maroc (NOW Foods, Solgar, Manuka). Livraison rapide partout au Maroc.\",\"publisher\":{\"@id\":\"https:\\\/\\\/vitablanca.ma\\\/#organization\"},\"alternateName\":\"VitaBlanca.ma\",\"potentialAction\":[{\"@type\":\"SearchAction\",\"target\":{\"@type\":\"EntryPoint\",\"urlTemplate\":\"https:\\\/\\\/vitablanca.ma\\\/?s={search_term_string}\"},\"query-input\":{\"@type\":\"PropertyValueSpecification\",\"valueRequired\":true,\"valueName\":\"search_term_string\"}}],\"inLanguage\":\"en-US\"},{\"@type\":\"Organization\",\"@id\":\"https:\\\/\\\/vitablanca.ma\\\/#organization\",\"name\":\"VitaBlanca\",\"url\":\"https:\\\/\\\/vitablanca.ma\\\/\",\"logo\":{\"@type\":\"ImageObject\",\"inLanguage\":\"en-US\",\"@id\":\"https:\\\/\\\/vitablanca.ma\\\/#\\\/schema\\\/logo\\\/image\\\/\",\"url\":\"https:\\\/\\\/vitablanca.ma\\\/wp-content\\\/uploads\\\/2025\\\/05\\\/cropped-vitablanca.png\",\"contentUrl\":\"https:\\\/\\\/vitablanca.ma\\\/wp-content\\\/uploads\\\/2025\\\/05\\\/cropped-vitablanca.png\",\"width\":360,\"height\":67,\"caption\":\"VitaBlanca\"},\"image\":{\"@id\":\"https:\\\/\\\/vitablanca.ma\\\/#\\\/schema\\\/logo\\\/image\\\/\"},\"sameAs\":[\"https:\\\/\\\/www.facebook.com\\\/profile.php?id=61576678196717\",\"https:\\\/\\\/www.tiktok.com\\\/@vitablanca.ma\",\"https:\\\/\\\/www.instagram.com\\\/vitablanca.ma\\\/\"]}]}<\/script>\n<!-- \/ Yoast SEO plugin. -->","yoast_head_json":{"title":"Vichy Homme D\u00e9odorant 48H Anti-Traces 50 ml - Maroc Prix","description":"Vichy Homme D\u00e9odorant 48H Anti-Traces 50 ml prot\u00e8ge efficacement contre la transpiration et les odeurs sans laisser de traces sur les v\u00eatements","robots":{"index":"index","follow":"follow","max-snippet":"max-snippet:-1","max-image-preview":"max-image-preview:large","max-video-preview":"max-video-preview:-1"},"canonical":"https:\/\/vitablanca.ma\/en\/product\/vichy-homme-deodorant-48h-anti-transpirant-anti-traces-50ml\/","og_locale":"en_US","og_type":"article","og_title":"Vichy Homme D\u00e9odorant 48H Anti-Traces 50 ml - Maroc Prix","og_description":"Vichy Homme D\u00e9odorant 48H Anti-Traces 50 ml prot\u00e8ge efficacement contre la transpiration et les odeurs sans laisser de traces sur les v\u00eatements","og_url":"https:\/\/vitablanca.ma\/en\/product\/vichy-homme-deodorant-48h-anti-transpirant-anti-traces-50ml\/","og_site_name":"Vitablanca.ma &ndash; Sant&eacute;, vitalit&eacute; et bien-&ecirc;tre pour tous les Marocains","article_publisher":"https:\/\/www.facebook.com\/profile.php?id=61576678196717","article_modified_time":"2026-02-03T15:00:57+00:00","og_image":[{"width":1000,"height":1000,"url":"https:\/\/vitablanca.ma\/wp-content\/uploads\/2025\/06\/Vichy-Homme-Deodorant-48H-anti-transpirant-anti-traces-50ml-nova-parapharmacie-maroc.png","type":"image\/png"}],"twitter_card":"summary_large_image","twitter_misc":{"Est. reading time":"1 minute"},"schema":{"@context":"https:\/\/schema.org","@graph":[{"@type":["WebPage","ItemPage"],"@id":"https:\/\/vitablanca.ma\/produit\/vichy-homme-deodorant-48h-anti-transpirant-anti-traces-50ml\/","url":"https:\/\/vitablanca.ma\/produit\/vichy-homme-deodorant-48h-anti-transpirant-anti-traces-50ml\/","name":"Vichy Homme D\u00e9odorant 48H Anti-Traces 50 ml - Maroc Prix","isPartOf":{"@id":"https:\/\/vitablanca.ma\/#website"},"primaryImageOfPage":{"@id":"https:\/\/vitablanca.ma\/produit\/vichy-homme-deodorant-48h-anti-transpirant-anti-traces-50ml\/#primaryimage"},"image":{"@id":"https:\/\/vitablanca.ma\/produit\/vichy-homme-deodorant-48h-anti-transpirant-anti-traces-50ml\/#primaryimage"},"thumbnailUrl":"https:\/\/vitablanca.ma\/wp-content\/uploads\/2025\/06\/Vichy-Homme-Deodorant-48H-anti-transpirant-anti-traces-50ml-nova-parapharmacie-maroc.png","datePublished":"2025-06-11T22:37:31+00:00","dateModified":"2026-02-03T15:00:57+00:00","description":"Vichy Homme D\u00e9odorant 48H Anti-Traces 50 ml prot\u00e8ge efficacement contre la transpiration et les odeurs sans laisser de traces sur les v\u00eatements","breadcrumb":{"@id":"https:\/\/vitablanca.ma\/produit\/vichy-homme-deodorant-48h-anti-transpirant-anti-traces-50ml\/#breadcrumb"},"inLanguage":"en-US","potentialAction":[{"@type":"ReadAction","target":["https:\/\/vitablanca.ma\/produit\/vichy-homme-deodorant-48h-anti-transpirant-anti-traces-50ml\/"]}]},{"@type":"ImageObject","inLanguage":"en-US","@id":"https:\/\/vitablanca.ma\/produit\/vichy-homme-deodorant-48h-anti-transpirant-anti-traces-50ml\/#primaryimage","url":"https:\/\/vitablanca.ma\/wp-content\/uploads\/2025\/06\/Vichy-Homme-Deodorant-48H-anti-transpirant-anti-traces-50ml-nova-parapharmacie-maroc.png","contentUrl":"https:\/\/vitablanca.ma\/wp-content\/uploads\/2025\/06\/Vichy-Homme-Deodorant-48H-anti-transpirant-anti-traces-50ml-nova-parapharmacie-maroc.png","width":1000,"height":1000},{"@type":"BreadcrumbList","@id":"https:\/\/vitablanca.ma\/produit\/vichy-homme-deodorant-48h-anti-transpirant-anti-traces-50ml\/#breadcrumb","itemListElement":[{"@type":"ListItem","position":1,"name":"Home","item":"https:\/\/vitablanca.ma\/"},{"@type":"ListItem","position":2,"name":"Tous Les Produits","item":"https:\/\/vitablanca.ma\/tous-les-produits\/"},{"@type":"ListItem","position":3,"name":"Vichy Homme D\u00e9odorant 48H anti transpirant anti-traces 50ml"}]},{"@type":"WebSite","@id":"https:\/\/vitablanca.ma\/#website","url":"https:\/\/vitablanca.ma\/","name":"VitaBlanca.ma | Food supplements, health &amp; beauty in Morocco","description":"sell premium vitamins and supplements from USA &amp; Canada, New Zealand, Morocco (NOW Foods, Solgar, Manuka). Fast delivery anywhere in Morocco.","publisher":{"@id":"https:\/\/vitablanca.ma\/#organization"},"alternateName":"VitaBlanca.ma","potentialAction":[{"@type":"SearchAction","target":{"@type":"EntryPoint","urlTemplate":"https:\/\/vitablanca.ma\/?s={search_term_string}"},"query-input":{"@type":"PropertyValueSpecification","valueRequired":true,"valueName":"search_term_string"}}],"inLanguage":"en-US"},{"@type":"Organization","@id":"https:\/\/vitablanca.ma\/#organization","name":"VitaBlanca","url":"https:\/\/vitablanca.ma\/","logo":{"@type":"ImageObject","inLanguage":"en-US","@id":"https:\/\/vitablanca.ma\/#\/schema\/logo\/image\/","url":"https:\/\/vitablanca.ma\/wp-content\/uploads\/2025\/05\/cropped-vitablanca.png","contentUrl":"https:\/\/vitablanca.ma\/wp-content\/uploads\/2025\/05\/cropped-vitablanca.png","width":360,"height":67,"caption":"VitaBlanca"},"image":{"@id":"https:\/\/vitablanca.ma\/#\/schema\/logo\/image\/"},"sameAs":["https:\/\/www.facebook.com\/profile.php?id=61576678196717","https:\/\/www.tiktok.com\/@vitablanca.ma","https:\/\/www.instagram.com\/vitablanca.ma\/"]}]}},"jetpack_sharing_enabled":true,"_links":{"self":[{"href":"https:\/\/vitablanca.ma\/en\/wp-json\/wp\/v2\/product\/22559","targetHints":{"allow":["GET"]}}],"collection":[{"href":"https:\/\/vitablanca.ma\/en\/wp-json\/wp\/v2\/product"}],"about":[{"href":"https:\/\/vitablanca.ma\/en\/wp-json\/wp\/v2\/types\/product"}],"wp:featuredmedia":[{"embeddable":true,"href":"https:\/\/vitablanca.ma\/en\/wp-json\/wp\/v2\/media\/22558"}],"wp:attachment":[{"href":"https:\/\/vitablanca.ma\/en\/wp-json\/wp\/v2\/media?parent=22559"}],"wp:term":[{"taxonomy":"product_brand","embeddable":true,"href":"https:\/\/vitablanca.ma\/en\/wp-json\/wp\/v2\/product_brand?post=22559"},{"taxonomy":"product_cat","embeddable":true,"href":"https:\/\/vitablanca.ma\/en\/wp-json\/wp\/v2\/product_cat?post=22559"},{"taxonomy":"product_tag","embeddable":true,"href":"https:\/\/vitablanca.ma\/en\/wp-json\/wp\/v2\/product_tag?post=22559"}],"curies":[{"name":"wp","href":"https:\/\/api.w.org\/{rel}","templated":true}]}}