{"id":22555,"date":"2025-06-11T22:37:11","date_gmt":"2025-06-11T22:37:11","guid":{"rendered":"https:\/\/vitablanca.ma\/product\/vichy-homme-mousse-a-raser-anti-irritations-200ml\/"},"modified":"2026-02-03T15:08:23","modified_gmt":"2026-02-03T15:08:23","slug":"vichy-homme-mousse-a-raser-anti-irritations-200ml","status":"publish","type":"product","link":"https:\/\/vitablanca.ma\/en\/product\/vichy-homme-mousse-a-raser-anti-irritations-200ml\/","title":{"rendered":"Vichy Homme Anti-Irritation Shaving Foam 200ml"},"content":{"rendered":"<h2><span data-mce-fragment=\"1\">Vichy Homme Anti-Irritation Shaving Foam for shaving and after shaving<\/span><\/h2>\n<p><span data-mce-fragment=\"1\">Anti-irritation shaving foam.<\/span><br data-mce-fragment=\"1\" \/><span data-mce-fragment=\"1\">For men with sensitive or problem skin (ingrown hairs, shaving bumps, etc.), redness or irritation after shaving.<\/span><\/p>\n<div class=\"ctn_top-accordion\">\n<div class=\"accordion-item itemForm\">\n<h3 class=\"accordion-item-title\">Efficiency<\/h3>\n<div class=\"accordion-content\">\n<p>L\u2019association du Calcium, de la Vitamine C glucosyl\u00e9e et de l\u2019Acide salicylique pr\u00e9vient votre peau des \u00e9chauffements qui peuvent subvenir au cours du rasage. Elle pr\u00e9serve le film hydrolipidique cutan\u00e9 \u00e9vitant sensations de frottement et irritations. Votre peau est prot\u00e9g\u00e9e, hydrat\u00e9e en profondeur.<\/p>\n<p>Leaves skin comfortable: 87%*.<br \/>\nPrevents chafing: 73%* and protects against chafing: 80%*.<br \/>\nHydrated skin: 73%*<br \/>\nAnd sanitized: 80%*.<br \/>\n*Self-assessments on 15 men.<\/p>\n<\/div>\n<\/div>\n<div class=\"accordion-item itemForm no-overflow\">\n<h3 class=\"accordion-item-title\">Application<\/h3>\n<div class=\"accordion-content\">\n<p>Apply to a damp, cleansed face.<\/p>\n<\/div>\n<\/div>\n<div class=\"accordion-item itemForm no-overflow\">\n<h3 class=\"accordion-item-title\">Precautions for use<\/h3>\n<div class=\"accordion-content\">\n<p>Its non-drying formulation protects and cleanses your skin.<\/p>\n<\/div>\n<\/div>\n<\/div>\n<div class=\"ctn_bottom-accordion\">\n<div class=\"accordion-item composition\">\n<h3 class=\"accordion-item-title\">Composition<\/h3>\n<p>AQUA PALMITIC ACID TRIETHANOLAMINE ISOPENTANE COCAMIDE MEA GLYCERIN STEARIC ACID DIPROPYLENE GLYCOL ISOBUTANE STEARYL HEPTANOATE STYRENE\/ACRYLATES COPOLYMER STEARYL CAPRYLATE HYDROXYETHYLCELLULOSE CI 77891 SALICYLIC ACID BHT HYDROXYPROPYLCELLULOSE PEG-90M ASCORBYL GLUCOSIDE PERFUME<\/p>\n<\/div>\n<\/div>","protected":false},"excerpt":{"rendered":"<p>Vichy Homme Mousse \u00c0 Raser Anti-Irritations\u00a0pour rasage et apr\u00e8s rasage La Mousse \u00e0 raser anti-irritations.Pour les hommes, \u00e0 la peau sensible ou \u00e0 probl\u00e8mes (poils incarn\u00e9s, boutons li\u00e9s au rasage\u2026), pr\u00e9sentant rougeurs ou irritations post-rasage. Efficacit\u00e9 L\u2019association du Calcium, de la Vitamine C glucosyl\u00e9e et de l\u2019Acide salicylique pr\u00e9vient votre peau des \u00e9chauffements qui peuvent [&hellip;]<\/p>\n","protected":false},"featured_media":22554,"template":"","meta":{"om_disable_all_campaigns":false},"product_brand":[3358],"product_cat":[18],"product_tag":[7261,7256,7258,7259,7257,7262,3359,7255,7260,3360,3361],"class_list":{"0":"post-22555","1":"product","2":"type-product","3":"status-publish","4":"has-post-thumbnail","6":"product_brand-vichy-maroc-prix-vitablanca","7":"product_cat-beaute-sante","8":"product_tag-mousse-a-raser-200-ml","9":"product_tag-mousse-a-raser-homme-vichy","10":"product_tag-mousse-rasage-hydratante","11":"product_tag-rasage-confortable-homme","12":"product_tag-rasage-peau-sensible","13":"product_tag-soin-anti-irritations","14":"product_tag-vichy","15":"product_tag-vichy-homme-mousse-a-raser-anti-irritations","16":"product_tag-vichy-homme-rasage","17":"product_tag-vichy-maroc","18":"product_tag-vichy-morocco","20":"first","21":"instock","22":"sale","23":"taxable","24":"shipping-taxable","25":"purchasable","26":"product-type-simple"},"yoast_head":"<!-- This site is optimized with the Yoast SEO plugin v27.5 - https:\/\/yoast.com\/product\/yoast-seo-wordpress\/ -->\n<title>Vichy Homme Mousse \u00e0 Raser Anti-Irritations 200 ml - Maroc Prix<\/title>\n<meta name=\"description\" content=\"Vichy Homme Mousse \u00e0 Raser Anti-Irritations 200 ml prot\u00e8ge et hydrate les peaux sensibles, r\u00e9duit les rougeurs et assure un rasage confortable et pr\u00e9cis.\" \/>\n<meta name=\"robots\" content=\"index, follow, max-snippet:-1, max-image-preview:large, max-video-preview:-1\" \/>\n<link rel=\"canonical\" href=\"https:\/\/vitablanca.ma\/en\/product\/vichy-homme-mousse-a-raser-anti-irritations-200ml\/\" \/>\n<meta property=\"og:locale\" content=\"en_US\" \/>\n<meta property=\"og:type\" content=\"article\" \/>\n<meta property=\"og:title\" content=\"Vichy Homme Mousse \u00e0 Raser Anti-Irritations 200 ml - Maroc Prix\" \/>\n<meta property=\"og:description\" content=\"Vichy Homme Mousse \u00e0 Raser Anti-Irritations 200 ml prot\u00e8ge et hydrate les peaux sensibles, r\u00e9duit les rougeurs et assure un rasage confortable et pr\u00e9cis.\" \/>\n<meta property=\"og:url\" content=\"https:\/\/vitablanca.ma\/en\/product\/vichy-homme-mousse-a-raser-anti-irritations-200ml\/\" \/>\n<meta property=\"og:site_name\" content=\"Vitablanca.ma &ndash; Sant&eacute;, vitalit&eacute; et bien-&ecirc;tre pour tous les Marocains\" \/>\n<meta property=\"article:publisher\" content=\"https:\/\/www.facebook.com\/profile.php?id=61576678196717\" \/>\n<meta property=\"article:modified_time\" content=\"2026-02-03T15:08:23+00:00\" \/>\n<meta property=\"og:image\" content=\"https:\/\/vitablanca.ma\/wp-content\/uploads\/2025\/06\/Vichy-Homme-Mousse-A-Raser-Anti-Irritations-200ml-nova-parapharmacie-maroc.png\" \/>\n\t<meta property=\"og:image:width\" content=\"1000\" \/>\n\t<meta property=\"og:image:height\" content=\"1000\" \/>\n\t<meta property=\"og:image:type\" content=\"image\/png\" \/>\n<meta name=\"twitter:card\" content=\"summary_large_image\" \/>\n<meta name=\"twitter:label1\" content=\"Est. reading time\" \/>\n\t<meta name=\"twitter:data1\" content=\"1 minute\" \/>\n<script type=\"application\/ld+json\" class=\"yoast-schema-graph\">{\"@context\":\"https:\\\/\\\/schema.org\",\"@graph\":[{\"@type\":[\"WebPage\",\"ItemPage\"],\"@id\":\"https:\\\/\\\/vitablanca.ma\\\/produit\\\/vichy-homme-mousse-a-raser-anti-irritations-200ml\\\/\",\"url\":\"https:\\\/\\\/vitablanca.ma\\\/produit\\\/vichy-homme-mousse-a-raser-anti-irritations-200ml\\\/\",\"name\":\"Vichy Homme Mousse \u00e0 Raser Anti-Irritations 200 ml - Maroc Prix\",\"isPartOf\":{\"@id\":\"https:\\\/\\\/vitablanca.ma\\\/#website\"},\"primaryImageOfPage\":{\"@id\":\"https:\\\/\\\/vitablanca.ma\\\/produit\\\/vichy-homme-mousse-a-raser-anti-irritations-200ml\\\/#primaryimage\"},\"image\":{\"@id\":\"https:\\\/\\\/vitablanca.ma\\\/produit\\\/vichy-homme-mousse-a-raser-anti-irritations-200ml\\\/#primaryimage\"},\"thumbnailUrl\":\"https:\\\/\\\/vitablanca.ma\\\/wp-content\\\/uploads\\\/2025\\\/06\\\/Vichy-Homme-Mousse-A-Raser-Anti-Irritations-200ml-nova-parapharmacie-maroc.png\",\"datePublished\":\"2025-06-11T22:37:11+00:00\",\"dateModified\":\"2026-02-03T15:08:23+00:00\",\"description\":\"Vichy Homme Mousse \u00e0 Raser Anti-Irritations 200 ml prot\u00e8ge et hydrate les peaux sensibles, r\u00e9duit les rougeurs et assure un rasage confortable et pr\u00e9cis.\",\"breadcrumb\":{\"@id\":\"https:\\\/\\\/vitablanca.ma\\\/produit\\\/vichy-homme-mousse-a-raser-anti-irritations-200ml\\\/#breadcrumb\"},\"inLanguage\":\"en-US\",\"potentialAction\":[{\"@type\":\"ReadAction\",\"target\":[\"https:\\\/\\\/vitablanca.ma\\\/produit\\\/vichy-homme-mousse-a-raser-anti-irritations-200ml\\\/\"]}]},{\"@type\":\"ImageObject\",\"inLanguage\":\"en-US\",\"@id\":\"https:\\\/\\\/vitablanca.ma\\\/produit\\\/vichy-homme-mousse-a-raser-anti-irritations-200ml\\\/#primaryimage\",\"url\":\"https:\\\/\\\/vitablanca.ma\\\/wp-content\\\/uploads\\\/2025\\\/06\\\/Vichy-Homme-Mousse-A-Raser-Anti-Irritations-200ml-nova-parapharmacie-maroc.png\",\"contentUrl\":\"https:\\\/\\\/vitablanca.ma\\\/wp-content\\\/uploads\\\/2025\\\/06\\\/Vichy-Homme-Mousse-A-Raser-Anti-Irritations-200ml-nova-parapharmacie-maroc.png\",\"width\":1000,\"height\":1000},{\"@type\":\"BreadcrumbList\",\"@id\":\"https:\\\/\\\/vitablanca.ma\\\/produit\\\/vichy-homme-mousse-a-raser-anti-irritations-200ml\\\/#breadcrumb\",\"itemListElement\":[{\"@type\":\"ListItem\",\"position\":1,\"name\":\"Home\",\"item\":\"https:\\\/\\\/vitablanca.ma\\\/\"},{\"@type\":\"ListItem\",\"position\":2,\"name\":\"Tous Les Produits\",\"item\":\"https:\\\/\\\/vitablanca.ma\\\/tous-les-produits\\\/\"},{\"@type\":\"ListItem\",\"position\":3,\"name\":\"Vichy Homme Mousse \u00c0 Raser Anti-Irritations 200ml\"}]},{\"@type\":\"WebSite\",\"@id\":\"https:\\\/\\\/vitablanca.ma\\\/#website\",\"url\":\"https:\\\/\\\/vitablanca.ma\\\/\",\"name\":\"VitaBlanca.ma | Compl\u00e9ments alimentaires, sant\u00e9 & beaut\u00e9 au Maroc\",\"description\":\"vendre vitamines et compl\u00e9ments premium des USA &amp; Canada, Nouvelle Z\u00e9lande,Maroc (NOW Foods, Solgar, Manuka). Livraison rapide partout au Maroc.\",\"publisher\":{\"@id\":\"https:\\\/\\\/vitablanca.ma\\\/#organization\"},\"alternateName\":\"VitaBlanca.ma\",\"potentialAction\":[{\"@type\":\"SearchAction\",\"target\":{\"@type\":\"EntryPoint\",\"urlTemplate\":\"https:\\\/\\\/vitablanca.ma\\\/?s={search_term_string}\"},\"query-input\":{\"@type\":\"PropertyValueSpecification\",\"valueRequired\":true,\"valueName\":\"search_term_string\"}}],\"inLanguage\":\"en-US\"},{\"@type\":\"Organization\",\"@id\":\"https:\\\/\\\/vitablanca.ma\\\/#organization\",\"name\":\"VitaBlanca\",\"url\":\"https:\\\/\\\/vitablanca.ma\\\/\",\"logo\":{\"@type\":\"ImageObject\",\"inLanguage\":\"en-US\",\"@id\":\"https:\\\/\\\/vitablanca.ma\\\/#\\\/schema\\\/logo\\\/image\\\/\",\"url\":\"https:\\\/\\\/vitablanca.ma\\\/wp-content\\\/uploads\\\/2025\\\/05\\\/cropped-vitablanca.png\",\"contentUrl\":\"https:\\\/\\\/vitablanca.ma\\\/wp-content\\\/uploads\\\/2025\\\/05\\\/cropped-vitablanca.png\",\"width\":360,\"height\":67,\"caption\":\"VitaBlanca\"},\"image\":{\"@id\":\"https:\\\/\\\/vitablanca.ma\\\/#\\\/schema\\\/logo\\\/image\\\/\"},\"sameAs\":[\"https:\\\/\\\/www.facebook.com\\\/profile.php?id=61576678196717\",\"https:\\\/\\\/www.tiktok.com\\\/@vitablanca.ma\",\"https:\\\/\\\/www.instagram.com\\\/vitablanca.ma\\\/\"]}]}<\/script>\n<!-- \/ Yoast SEO plugin. -->","yoast_head_json":{"title":"Vichy Homme Mousse \u00e0 Raser Anti-Irritations 200 ml - Maroc Prix","description":"Vichy Homme Mousse \u00e0 Raser Anti-Irritations 200 ml prot\u00e8ge et hydrate les peaux sensibles, r\u00e9duit les rougeurs et assure un rasage confortable et pr\u00e9cis.","robots":{"index":"index","follow":"follow","max-snippet":"max-snippet:-1","max-image-preview":"max-image-preview:large","max-video-preview":"max-video-preview:-1"},"canonical":"https:\/\/vitablanca.ma\/en\/product\/vichy-homme-mousse-a-raser-anti-irritations-200ml\/","og_locale":"en_US","og_type":"article","og_title":"Vichy Homme Mousse \u00e0 Raser Anti-Irritations 200 ml - Maroc Prix","og_description":"Vichy Homme Mousse \u00e0 Raser Anti-Irritations 200 ml prot\u00e8ge et hydrate les peaux sensibles, r\u00e9duit les rougeurs et assure un rasage confortable et pr\u00e9cis.","og_url":"https:\/\/vitablanca.ma\/en\/product\/vichy-homme-mousse-a-raser-anti-irritations-200ml\/","og_site_name":"Vitablanca.ma &ndash; Sant&eacute;, vitalit&eacute; et bien-&ecirc;tre pour tous les Marocains","article_publisher":"https:\/\/www.facebook.com\/profile.php?id=61576678196717","article_modified_time":"2026-02-03T15:08:23+00:00","og_image":[{"width":1000,"height":1000,"url":"https:\/\/vitablanca.ma\/wp-content\/uploads\/2025\/06\/Vichy-Homme-Mousse-A-Raser-Anti-Irritations-200ml-nova-parapharmacie-maroc.png","type":"image\/png"}],"twitter_card":"summary_large_image","twitter_misc":{"Est. reading time":"1 minute"},"schema":{"@context":"https:\/\/schema.org","@graph":[{"@type":["WebPage","ItemPage"],"@id":"https:\/\/vitablanca.ma\/produit\/vichy-homme-mousse-a-raser-anti-irritations-200ml\/","url":"https:\/\/vitablanca.ma\/produit\/vichy-homme-mousse-a-raser-anti-irritations-200ml\/","name":"Vichy Homme Mousse \u00e0 Raser Anti-Irritations 200 ml - Maroc Prix","isPartOf":{"@id":"https:\/\/vitablanca.ma\/#website"},"primaryImageOfPage":{"@id":"https:\/\/vitablanca.ma\/produit\/vichy-homme-mousse-a-raser-anti-irritations-200ml\/#primaryimage"},"image":{"@id":"https:\/\/vitablanca.ma\/produit\/vichy-homme-mousse-a-raser-anti-irritations-200ml\/#primaryimage"},"thumbnailUrl":"https:\/\/vitablanca.ma\/wp-content\/uploads\/2025\/06\/Vichy-Homme-Mousse-A-Raser-Anti-Irritations-200ml-nova-parapharmacie-maroc.png","datePublished":"2025-06-11T22:37:11+00:00","dateModified":"2026-02-03T15:08:23+00:00","description":"Vichy Homme Mousse \u00e0 Raser Anti-Irritations 200 ml prot\u00e8ge et hydrate les peaux sensibles, r\u00e9duit les rougeurs et assure un rasage confortable et pr\u00e9cis.","breadcrumb":{"@id":"https:\/\/vitablanca.ma\/produit\/vichy-homme-mousse-a-raser-anti-irritations-200ml\/#breadcrumb"},"inLanguage":"en-US","potentialAction":[{"@type":"ReadAction","target":["https:\/\/vitablanca.ma\/produit\/vichy-homme-mousse-a-raser-anti-irritations-200ml\/"]}]},{"@type":"ImageObject","inLanguage":"en-US","@id":"https:\/\/vitablanca.ma\/produit\/vichy-homme-mousse-a-raser-anti-irritations-200ml\/#primaryimage","url":"https:\/\/vitablanca.ma\/wp-content\/uploads\/2025\/06\/Vichy-Homme-Mousse-A-Raser-Anti-Irritations-200ml-nova-parapharmacie-maroc.png","contentUrl":"https:\/\/vitablanca.ma\/wp-content\/uploads\/2025\/06\/Vichy-Homme-Mousse-A-Raser-Anti-Irritations-200ml-nova-parapharmacie-maroc.png","width":1000,"height":1000},{"@type":"BreadcrumbList","@id":"https:\/\/vitablanca.ma\/produit\/vichy-homme-mousse-a-raser-anti-irritations-200ml\/#breadcrumb","itemListElement":[{"@type":"ListItem","position":1,"name":"Home","item":"https:\/\/vitablanca.ma\/"},{"@type":"ListItem","position":2,"name":"Tous Les Produits","item":"https:\/\/vitablanca.ma\/tous-les-produits\/"},{"@type":"ListItem","position":3,"name":"Vichy Homme Mousse \u00c0 Raser Anti-Irritations 200ml"}]},{"@type":"WebSite","@id":"https:\/\/vitablanca.ma\/#website","url":"https:\/\/vitablanca.ma\/","name":"VitaBlanca.ma | Food supplements, health &amp; beauty in Morocco","description":"sell premium vitamins and supplements from USA &amp; Canada, New Zealand, Morocco (NOW Foods, Solgar, Manuka). Fast delivery anywhere in Morocco.","publisher":{"@id":"https:\/\/vitablanca.ma\/#organization"},"alternateName":"VitaBlanca.ma","potentialAction":[{"@type":"SearchAction","target":{"@type":"EntryPoint","urlTemplate":"https:\/\/vitablanca.ma\/?s={search_term_string}"},"query-input":{"@type":"PropertyValueSpecification","valueRequired":true,"valueName":"search_term_string"}}],"inLanguage":"en-US"},{"@type":"Organization","@id":"https:\/\/vitablanca.ma\/#organization","name":"VitaBlanca","url":"https:\/\/vitablanca.ma\/","logo":{"@type":"ImageObject","inLanguage":"en-US","@id":"https:\/\/vitablanca.ma\/#\/schema\/logo\/image\/","url":"https:\/\/vitablanca.ma\/wp-content\/uploads\/2025\/05\/cropped-vitablanca.png","contentUrl":"https:\/\/vitablanca.ma\/wp-content\/uploads\/2025\/05\/cropped-vitablanca.png","width":360,"height":67,"caption":"VitaBlanca"},"image":{"@id":"https:\/\/vitablanca.ma\/#\/schema\/logo\/image\/"},"sameAs":["https:\/\/www.facebook.com\/profile.php?id=61576678196717","https:\/\/www.tiktok.com\/@vitablanca.ma","https:\/\/www.instagram.com\/vitablanca.ma\/"]}]}},"jetpack_sharing_enabled":true,"_links":{"self":[{"href":"https:\/\/vitablanca.ma\/en\/wp-json\/wp\/v2\/product\/22555","targetHints":{"allow":["GET"]}}],"collection":[{"href":"https:\/\/vitablanca.ma\/en\/wp-json\/wp\/v2\/product"}],"about":[{"href":"https:\/\/vitablanca.ma\/en\/wp-json\/wp\/v2\/types\/product"}],"wp:featuredmedia":[{"embeddable":true,"href":"https:\/\/vitablanca.ma\/en\/wp-json\/wp\/v2\/media\/22554"}],"wp:attachment":[{"href":"https:\/\/vitablanca.ma\/en\/wp-json\/wp\/v2\/media?parent=22555"}],"wp:term":[{"taxonomy":"product_brand","embeddable":true,"href":"https:\/\/vitablanca.ma\/en\/wp-json\/wp\/v2\/product_brand?post=22555"},{"taxonomy":"product_cat","embeddable":true,"href":"https:\/\/vitablanca.ma\/en\/wp-json\/wp\/v2\/product_cat?post=22555"},{"taxonomy":"product_tag","embeddable":true,"href":"https:\/\/vitablanca.ma\/en\/wp-json\/wp\/v2\/product_tag?post=22555"}],"curies":[{"name":"wp","href":"https:\/\/api.w.org\/{rel}","templated":true}]}}