{"id":22542,"date":"2025-06-11T22:36:41","date_gmt":"2025-06-11T22:36:41","guid":{"rendered":"https:\/\/vitablanca.ma\/product\/vichy-dercos-technique-energisant-apres-shampooing-fortifiant-anti-chute-200ml\/"},"modified":"2026-02-04T00:06:01","modified_gmt":"2026-02-04T00:06:01","slug":"vichy-dercos-technique-energisant-apres-shampooing-fortifiant-anti-chute-200ml","status":"publish","type":"product","link":"https:\/\/vitablanca.ma\/en\/product\/vichy-dercos-technique-energisant-apres-shampooing-fortifiant-anti-chute-200ml\/","title":{"rendered":"Vichy Dercos Technique Energizing Anti-Hair Loss Fortifying Conditioner 200ml"},"content":{"rendered":"<h2>Vichy Dercos Technique \u00c9nergisant Apr\u00e8s-Shampooing Fortifiant Anti-Chute R\u00e9duit la chute de cheveux li\u00e9e \u00e0 la casse.<\/h2>\n<h3>Efficacit\u00e9<\/h3>\n<p>Aminexil (mol\u00e9cule anti-chute de r\u00e9f\u00e9rence).<br data-mce-fragment=\"1\" \/>Complexe fortifiant [Vitamines PP\/B5*\/B6 + C\u00e9ramide].<br data-mce-fragment=\"1\" \/>*Provitamine B5<br data-mce-fragment=\"1\" \/>La chute** est r\u00e9duite***. Instantan\u00e9ment d\u00e9m\u00eal\u00e9s, les cheveux sont plus forts, ils sont moins cassants, intens\u00e9ment renforc\u00e9s contre la chute.<br data-mce-fragment=\"1\" \/>**Chute li\u00e9e \u00e0 la casse.<br data-mce-fragment=\"1\" \/>***Test instrumental, apr\u00e8s applications du shampooing et apr\u00e8s-shampooing \u00c9NERGISANT vs. shampooing classique.<\/p>\n<h3>Application<\/h3>\n<p>Appliquez sur cheveux mouill\u00e9s, massez doucement le cuir chevelu, laissez poser 1 minute, puis rincez.<\/p>\n<h3>S\u00e9curit\u00e9<\/h3>\n<p>Tol\u00e9rance optimale. Hypoallerg\u00e9nique. Convient aux cuirs chevelus sensibles. Sans paraben.<\/p>\n<h3>Composition<\/h3>\n<p>AQUA \/ WATER &#8211; CETEARYL ALCOHOL &#8211; BEHENTRIMONIUM CHLORIDE &#8211; STARCH ACETATE &#8211; CETYL ESTERS &#8211; CHLORHEXIDINE DIGLUCONATE &#8211; DIAMINOPYRIMIDINE OXIDE &#8211; HYDROXYETHYLCELLULOSE &#8211; ISOPROPYL ALCOHOL &#8211; NIACINAMIDE &#8211; 2-OLEAMIDO-1,3-OCTADECANEDIOL &#8211; PANTHENOL &#8211; PYRIDOXINE HCl &#8211; PARFUM \/ FRAGRANCE<\/p>\n","protected":false},"excerpt":{"rendered":"<p>Vichy Dercos Technique \u00c9nergisant Apr\u00e8s-Shampooing Fortifiant Anti-Chute R\u00e9duit la chute de cheveux li\u00e9e \u00e0 la casse. Efficacit\u00e9 Aminexil (mol\u00e9cule anti-chute de r\u00e9f\u00e9rence).Complexe fortifiant [Vitamines PP\/B5*\/B6 + C\u00e9ramide].*Provitamine B5La chute** est r\u00e9duite***. Instantan\u00e9ment d\u00e9m\u00eal\u00e9s, les cheveux sont plus forts, ils sont moins cassants, intens\u00e9ment renforc\u00e9s contre la chute.**Chute li\u00e9e \u00e0 la casse.***Test instrumental, apr\u00e8s applications du [&hellip;]<\/p>\n","protected":false},"featured_media":22541,"template":"","meta":{"om_disable_all_campaigns":false},"product_brand":[3358],"product_cat":[18],"product_tag":[6157,7015,6241,6156,7342,7343,7007,7104,6162,7341,3359,3360,3361],"class_list":{"0":"post-22542","1":"product","2":"type-product","3":"status-publish","4":"has-post-thumbnail","6":"product_brand-vichy-maroc-prix-vitablanca","7":"product_cat-beaute-sante","8":"product_tag-200-ml","9":"product_tag-aminexil","10":"product_tag-anti-chute","11":"product_tag-apres-shampooing","12":"product_tag-cheveux-fragilises","13":"product_tag-cuir-chevelu-sensible","14":"product_tag-dercos","15":"product_tag-fortifiant","16":"product_tag-soin-capillaire","17":"product_tag-technique-energisant","18":"product_tag-vichy","19":"product_tag-vichy-maroc","20":"product_tag-vichy-morocco","22":"first","23":"instock","24":"sale","25":"taxable","26":"shipping-taxable","27":"purchasable","28":"product-type-simple"},"yoast_head":"<!-- This site is optimized with the Yoast SEO plugin v27.4 - https:\/\/yoast.com\/product\/yoast-seo-wordpress\/ -->\n<title>Vichy Dercos Technique Apr\u00e8s-Shampooing 200 ml - Maroc Prix<\/title>\n<meta name=\"description\" content=\"Le Vichy Dercos Technique \u00c9nergisant Apr\u00e8s-Shampooing fortifie la fibre capillaire r\u00e9duit la casse li\u00e9e \u00e0 la chute et laisse les cheveux plus r\u00e9sistants\" \/>\n<meta name=\"robots\" content=\"index, follow, max-snippet:-1, max-image-preview:large, max-video-preview:-1\" \/>\n<link rel=\"canonical\" href=\"https:\/\/vitablanca.ma\/en\/product\/vichy-dercos-technique-energisant-apres-shampooing-fortifiant-anti-chute-200ml\/\" \/>\n<meta property=\"og:locale\" content=\"en_US\" \/>\n<meta property=\"og:type\" content=\"article\" \/>\n<meta property=\"og:title\" content=\"Vichy Dercos Technique Apr\u00e8s-Shampooing 200 ml - Maroc Prix\" \/>\n<meta property=\"og:description\" content=\"Le Vichy Dercos Technique \u00c9nergisant Apr\u00e8s-Shampooing fortifie la fibre capillaire r\u00e9duit la casse li\u00e9e \u00e0 la chute et laisse les cheveux plus r\u00e9sistants\" \/>\n<meta property=\"og:url\" content=\"https:\/\/vitablanca.ma\/en\/product\/vichy-dercos-technique-energisant-apres-shampooing-fortifiant-anti-chute-200ml\/\" \/>\n<meta property=\"og:site_name\" content=\"Vitablanca.ma &ndash; Sant&eacute;, vitalit&eacute; et bien-&ecirc;tre pour tous les Marocains\" \/>\n<meta property=\"article:publisher\" content=\"https:\/\/www.facebook.com\/profile.php?id=61576678196717\" \/>\n<meta property=\"article:modified_time\" content=\"2026-02-04T00:06:01+00:00\" \/>\n<meta property=\"og:image\" content=\"https:\/\/vitablanca.ma\/wp-content\/uploads\/2025\/06\/Vichy-Dercos-Technique-Energisant-Apres-Shampooing-Fortifiant-Anti-Chute-200ml-nova-parapharmacie-maroc.png\" \/>\n\t<meta property=\"og:image:width\" content=\"1000\" \/>\n\t<meta property=\"og:image:height\" content=\"1000\" \/>\n\t<meta property=\"og:image:type\" content=\"image\/png\" \/>\n<meta name=\"twitter:card\" content=\"summary_large_image\" \/>\n<meta name=\"twitter:label1\" content=\"Est. reading time\" \/>\n\t<meta name=\"twitter:data1\" content=\"1 minute\" \/>\n<script type=\"application\/ld+json\" class=\"yoast-schema-graph\">{\"@context\":\"https:\\\/\\\/schema.org\",\"@graph\":[{\"@type\":[\"WebPage\",\"ItemPage\"],\"@id\":\"https:\\\/\\\/vitablanca.ma\\\/produit\\\/vichy-dercos-technique-energisant-apres-shampooing-fortifiant-anti-chute-200ml\\\/\",\"url\":\"https:\\\/\\\/vitablanca.ma\\\/produit\\\/vichy-dercos-technique-energisant-apres-shampooing-fortifiant-anti-chute-200ml\\\/\",\"name\":\"Vichy Dercos Technique Apr\u00e8s-Shampooing 200 ml - Maroc Prix\",\"isPartOf\":{\"@id\":\"https:\\\/\\\/vitablanca.ma\\\/#website\"},\"primaryImageOfPage\":{\"@id\":\"https:\\\/\\\/vitablanca.ma\\\/produit\\\/vichy-dercos-technique-energisant-apres-shampooing-fortifiant-anti-chute-200ml\\\/#primaryimage\"},\"image\":{\"@id\":\"https:\\\/\\\/vitablanca.ma\\\/produit\\\/vichy-dercos-technique-energisant-apres-shampooing-fortifiant-anti-chute-200ml\\\/#primaryimage\"},\"thumbnailUrl\":\"https:\\\/\\\/vitablanca.ma\\\/wp-content\\\/uploads\\\/2025\\\/06\\\/Vichy-Dercos-Technique-Energisant-Apres-Shampooing-Fortifiant-Anti-Chute-200ml-nova-parapharmacie-maroc.png\",\"datePublished\":\"2025-06-11T22:36:41+00:00\",\"dateModified\":\"2026-02-04T00:06:01+00:00\",\"description\":\"Le Vichy Dercos Technique \u00c9nergisant Apr\u00e8s-Shampooing fortifie la fibre capillaire r\u00e9duit la casse li\u00e9e \u00e0 la chute et laisse les cheveux plus r\u00e9sistants\",\"breadcrumb\":{\"@id\":\"https:\\\/\\\/vitablanca.ma\\\/produit\\\/vichy-dercos-technique-energisant-apres-shampooing-fortifiant-anti-chute-200ml\\\/#breadcrumb\"},\"inLanguage\":\"en-US\",\"potentialAction\":[{\"@type\":\"ReadAction\",\"target\":[\"https:\\\/\\\/vitablanca.ma\\\/produit\\\/vichy-dercos-technique-energisant-apres-shampooing-fortifiant-anti-chute-200ml\\\/\"]}]},{\"@type\":\"ImageObject\",\"inLanguage\":\"en-US\",\"@id\":\"https:\\\/\\\/vitablanca.ma\\\/produit\\\/vichy-dercos-technique-energisant-apres-shampooing-fortifiant-anti-chute-200ml\\\/#primaryimage\",\"url\":\"https:\\\/\\\/vitablanca.ma\\\/wp-content\\\/uploads\\\/2025\\\/06\\\/Vichy-Dercos-Technique-Energisant-Apres-Shampooing-Fortifiant-Anti-Chute-200ml-nova-parapharmacie-maroc.png\",\"contentUrl\":\"https:\\\/\\\/vitablanca.ma\\\/wp-content\\\/uploads\\\/2025\\\/06\\\/Vichy-Dercos-Technique-Energisant-Apres-Shampooing-Fortifiant-Anti-Chute-200ml-nova-parapharmacie-maroc.png\",\"width\":1000,\"height\":1000},{\"@type\":\"BreadcrumbList\",\"@id\":\"https:\\\/\\\/vitablanca.ma\\\/produit\\\/vichy-dercos-technique-energisant-apres-shampooing-fortifiant-anti-chute-200ml\\\/#breadcrumb\",\"itemListElement\":[{\"@type\":\"ListItem\",\"position\":1,\"name\":\"Home\",\"item\":\"https:\\\/\\\/vitablanca.ma\\\/\"},{\"@type\":\"ListItem\",\"position\":2,\"name\":\"Tous Les Produits\",\"item\":\"https:\\\/\\\/vitablanca.ma\\\/tous-les-produits\\\/\"},{\"@type\":\"ListItem\",\"position\":3,\"name\":\"Vichy Dercos Technique \u00c9nergisant Apr\u00e8s-Shampooing Fortifiant Anti-Chute 200ml\"}]},{\"@type\":\"WebSite\",\"@id\":\"https:\\\/\\\/vitablanca.ma\\\/#website\",\"url\":\"https:\\\/\\\/vitablanca.ma\\\/\",\"name\":\"VitaBlanca.ma | Compl\u00e9ments alimentaires, sant\u00e9 & beaut\u00e9 au Maroc\",\"description\":\"vendre vitamines et compl\u00e9ments premium des USA &amp; Canada, Nouvelle Z\u00e9lande,Maroc (NOW Foods, Solgar, Manuka). Livraison rapide partout au Maroc.\",\"publisher\":{\"@id\":\"https:\\\/\\\/vitablanca.ma\\\/#organization\"},\"alternateName\":\"VitaBlanca.ma\",\"potentialAction\":[{\"@type\":\"SearchAction\",\"target\":{\"@type\":\"EntryPoint\",\"urlTemplate\":\"https:\\\/\\\/vitablanca.ma\\\/?s={search_term_string}\"},\"query-input\":{\"@type\":\"PropertyValueSpecification\",\"valueRequired\":true,\"valueName\":\"search_term_string\"}}],\"inLanguage\":\"en-US\"},{\"@type\":\"Organization\",\"@id\":\"https:\\\/\\\/vitablanca.ma\\\/#organization\",\"name\":\"VitaBlanca\",\"url\":\"https:\\\/\\\/vitablanca.ma\\\/\",\"logo\":{\"@type\":\"ImageObject\",\"inLanguage\":\"en-US\",\"@id\":\"https:\\\/\\\/vitablanca.ma\\\/#\\\/schema\\\/logo\\\/image\\\/\",\"url\":\"https:\\\/\\\/vitablanca.ma\\\/wp-content\\\/uploads\\\/2025\\\/05\\\/cropped-vitablanca.png\",\"contentUrl\":\"https:\\\/\\\/vitablanca.ma\\\/wp-content\\\/uploads\\\/2025\\\/05\\\/cropped-vitablanca.png\",\"width\":360,\"height\":67,\"caption\":\"VitaBlanca\"},\"image\":{\"@id\":\"https:\\\/\\\/vitablanca.ma\\\/#\\\/schema\\\/logo\\\/image\\\/\"},\"sameAs\":[\"https:\\\/\\\/www.facebook.com\\\/profile.php?id=61576678196717\",\"https:\\\/\\\/www.tiktok.com\\\/@vitablanca.ma\",\"https:\\\/\\\/www.instagram.com\\\/vitablanca.ma\\\/\"]}]}<\/script>\n<!-- \/ Yoast SEO plugin. -->","yoast_head_json":{"title":"Vichy Dercos Technique Apr\u00e8s-Shampooing 200 ml - Maroc Prix","description":"Le Vichy Dercos Technique \u00c9nergisant Apr\u00e8s-Shampooing fortifie la fibre capillaire r\u00e9duit la casse li\u00e9e \u00e0 la chute et laisse les cheveux plus r\u00e9sistants","robots":{"index":"index","follow":"follow","max-snippet":"max-snippet:-1","max-image-preview":"max-image-preview:large","max-video-preview":"max-video-preview:-1"},"canonical":"https:\/\/vitablanca.ma\/en\/product\/vichy-dercos-technique-energisant-apres-shampooing-fortifiant-anti-chute-200ml\/","og_locale":"en_US","og_type":"article","og_title":"Vichy Dercos Technique Apr\u00e8s-Shampooing 200 ml - Maroc Prix","og_description":"Le Vichy Dercos Technique \u00c9nergisant Apr\u00e8s-Shampooing fortifie la fibre capillaire r\u00e9duit la casse li\u00e9e \u00e0 la chute et laisse les cheveux plus r\u00e9sistants","og_url":"https:\/\/vitablanca.ma\/en\/product\/vichy-dercos-technique-energisant-apres-shampooing-fortifiant-anti-chute-200ml\/","og_site_name":"Vitablanca.ma &ndash; Sant&eacute;, vitalit&eacute; et bien-&ecirc;tre pour tous les Marocains","article_publisher":"https:\/\/www.facebook.com\/profile.php?id=61576678196717","article_modified_time":"2026-02-04T00:06:01+00:00","og_image":[{"width":1000,"height":1000,"url":"https:\/\/vitablanca.ma\/wp-content\/uploads\/2025\/06\/Vichy-Dercos-Technique-Energisant-Apres-Shampooing-Fortifiant-Anti-Chute-200ml-nova-parapharmacie-maroc.png","type":"image\/png"}],"twitter_card":"summary_large_image","twitter_misc":{"Est. reading time":"1 minute"},"schema":{"@context":"https:\/\/schema.org","@graph":[{"@type":["WebPage","ItemPage"],"@id":"https:\/\/vitablanca.ma\/produit\/vichy-dercos-technique-energisant-apres-shampooing-fortifiant-anti-chute-200ml\/","url":"https:\/\/vitablanca.ma\/produit\/vichy-dercos-technique-energisant-apres-shampooing-fortifiant-anti-chute-200ml\/","name":"Vichy Dercos Technique Apr\u00e8s-Shampooing 200 ml - Maroc Prix","isPartOf":{"@id":"https:\/\/vitablanca.ma\/#website"},"primaryImageOfPage":{"@id":"https:\/\/vitablanca.ma\/produit\/vichy-dercos-technique-energisant-apres-shampooing-fortifiant-anti-chute-200ml\/#primaryimage"},"image":{"@id":"https:\/\/vitablanca.ma\/produit\/vichy-dercos-technique-energisant-apres-shampooing-fortifiant-anti-chute-200ml\/#primaryimage"},"thumbnailUrl":"https:\/\/vitablanca.ma\/wp-content\/uploads\/2025\/06\/Vichy-Dercos-Technique-Energisant-Apres-Shampooing-Fortifiant-Anti-Chute-200ml-nova-parapharmacie-maroc.png","datePublished":"2025-06-11T22:36:41+00:00","dateModified":"2026-02-04T00:06:01+00:00","description":"Le Vichy Dercos Technique \u00c9nergisant Apr\u00e8s-Shampooing fortifie la fibre capillaire r\u00e9duit la casse li\u00e9e \u00e0 la chute et laisse les cheveux plus r\u00e9sistants","breadcrumb":{"@id":"https:\/\/vitablanca.ma\/produit\/vichy-dercos-technique-energisant-apres-shampooing-fortifiant-anti-chute-200ml\/#breadcrumb"},"inLanguage":"en-US","potentialAction":[{"@type":"ReadAction","target":["https:\/\/vitablanca.ma\/produit\/vichy-dercos-technique-energisant-apres-shampooing-fortifiant-anti-chute-200ml\/"]}]},{"@type":"ImageObject","inLanguage":"en-US","@id":"https:\/\/vitablanca.ma\/produit\/vichy-dercos-technique-energisant-apres-shampooing-fortifiant-anti-chute-200ml\/#primaryimage","url":"https:\/\/vitablanca.ma\/wp-content\/uploads\/2025\/06\/Vichy-Dercos-Technique-Energisant-Apres-Shampooing-Fortifiant-Anti-Chute-200ml-nova-parapharmacie-maroc.png","contentUrl":"https:\/\/vitablanca.ma\/wp-content\/uploads\/2025\/06\/Vichy-Dercos-Technique-Energisant-Apres-Shampooing-Fortifiant-Anti-Chute-200ml-nova-parapharmacie-maroc.png","width":1000,"height":1000},{"@type":"BreadcrumbList","@id":"https:\/\/vitablanca.ma\/produit\/vichy-dercos-technique-energisant-apres-shampooing-fortifiant-anti-chute-200ml\/#breadcrumb","itemListElement":[{"@type":"ListItem","position":1,"name":"Home","item":"https:\/\/vitablanca.ma\/"},{"@type":"ListItem","position":2,"name":"Tous Les Produits","item":"https:\/\/vitablanca.ma\/tous-les-produits\/"},{"@type":"ListItem","position":3,"name":"Vichy Dercos Technique \u00c9nergisant Apr\u00e8s-Shampooing Fortifiant Anti-Chute 200ml"}]},{"@type":"WebSite","@id":"https:\/\/vitablanca.ma\/#website","url":"https:\/\/vitablanca.ma\/","name":"VitaBlanca.ma | Food supplements, health &amp; beauty in Morocco","description":"sell premium vitamins and supplements from USA &amp; Canada, New Zealand, Morocco (NOW Foods, Solgar, Manuka). Fast delivery anywhere in Morocco.","publisher":{"@id":"https:\/\/vitablanca.ma\/#organization"},"alternateName":"VitaBlanca.ma","potentialAction":[{"@type":"SearchAction","target":{"@type":"EntryPoint","urlTemplate":"https:\/\/vitablanca.ma\/?s={search_term_string}"},"query-input":{"@type":"PropertyValueSpecification","valueRequired":true,"valueName":"search_term_string"}}],"inLanguage":"en-US"},{"@type":"Organization","@id":"https:\/\/vitablanca.ma\/#organization","name":"VitaBlanca","url":"https:\/\/vitablanca.ma\/","logo":{"@type":"ImageObject","inLanguage":"en-US","@id":"https:\/\/vitablanca.ma\/#\/schema\/logo\/image\/","url":"https:\/\/vitablanca.ma\/wp-content\/uploads\/2025\/05\/cropped-vitablanca.png","contentUrl":"https:\/\/vitablanca.ma\/wp-content\/uploads\/2025\/05\/cropped-vitablanca.png","width":360,"height":67,"caption":"VitaBlanca"},"image":{"@id":"https:\/\/vitablanca.ma\/#\/schema\/logo\/image\/"},"sameAs":["https:\/\/www.facebook.com\/profile.php?id=61576678196717","https:\/\/www.tiktok.com\/@vitablanca.ma","https:\/\/www.instagram.com\/vitablanca.ma\/"]}]}},"jetpack_sharing_enabled":true,"_links":{"self":[{"href":"https:\/\/vitablanca.ma\/en\/wp-json\/wp\/v2\/product\/22542","targetHints":{"allow":["GET"]}}],"collection":[{"href":"https:\/\/vitablanca.ma\/en\/wp-json\/wp\/v2\/product"}],"about":[{"href":"https:\/\/vitablanca.ma\/en\/wp-json\/wp\/v2\/types\/product"}],"wp:featuredmedia":[{"embeddable":true,"href":"https:\/\/vitablanca.ma\/en\/wp-json\/wp\/v2\/media\/22541"}],"wp:attachment":[{"href":"https:\/\/vitablanca.ma\/en\/wp-json\/wp\/v2\/media?parent=22542"}],"wp:term":[{"taxonomy":"product_brand","embeddable":true,"href":"https:\/\/vitablanca.ma\/en\/wp-json\/wp\/v2\/product_brand?post=22542"},{"taxonomy":"product_cat","embeddable":true,"href":"https:\/\/vitablanca.ma\/en\/wp-json\/wp\/v2\/product_cat?post=22542"},{"taxonomy":"product_tag","embeddable":true,"href":"https:\/\/vitablanca.ma\/en\/wp-json\/wp\/v2\/product_tag?post=22542"}],"curies":[{"name":"wp","href":"https:\/\/api.w.org\/{rel}","templated":true}]}}