{"id":22538,"date":"2025-06-11T22:36:12","date_gmt":"2025-06-11T22:36:12","guid":{"rendered":"https:\/\/vitablanca.ma\/product\/vichy-capital-ideal-soleil-lait-apaisant-apres-soleil-300-ml\/"},"modified":"2026-02-04T00:16:44","modified_gmt":"2026-02-04T00:16:44","slug":"vichy-capital-ideal-soleil-lait-apaisant-apres-soleil-300-ml","status":"publish","type":"product","link":"https:\/\/vitablanca.ma\/en\/product\/vichy-capital-ideal-soleil-lait-apaisant-apres-soleil-300-ml\/","title":{"rendered":"Vichy Capital Id\u00e9al Soleil Soothing After-Sun Lotion 300 ml"},"content":{"rendered":"<h2 data-mce-fragment=\"1\">Vichy Id\u00e9al Soleil Lait Apr\u00e8s Soleil Apaise imm\u00e9diatement votre peau et l\u2019hydrate pendant 24h<\/h2>\n<p data-mce-fragment=\"1\">L\u2019apr\u00e8s soleil quotidien des peaux sensibles. Apaise imm\u00e9diatement votre peau et l\u2019hydrate pendant 24h. Jour apr\u00e8s jour, elle devient plus r\u00e9sistante contre les agressions solaires. Sa texture lact\u00e9e parfum\u00e9e, non grasse et non collante, vous procure une fra\u00eecheur intense \u00e0 chaque application.<br data-mce-fragment=\"1\" \/>Pour les hommes et les femmes \u00e0 la recherche d\u2019un soin apr\u00e8s soleil hydratant apr\u00e8s l\u2019exposition.<\/p>\n<h3 data-mce-fragment=\"1\">Efficiency<\/h3>\n<p data-mce-fragment=\"1\">L\u2019association de l\u2019Hyaluronate de sodium, un puissant actif hydratant, et d\u2019un concentr\u00e9 lipidique v\u00e9g\u00e9tal, aux propri\u00e9t\u00e9s \u00e9mollientes, fixe l\u2019eau et r\u00e9hydrate en profondeur votre peau dessech\u00e9e par le soleil. Apais\u00e9e et nourrie, elle est pr\u00eate pour la prochaine exposition. D\u00e8s la premi\u00e8re application, la peau est hydrat\u00e9e et apais\u00e9e intens\u00e9ment. Jour apr\u00e8s jour, elle devient plus r\u00e9sistante contre les agressions solaires.<\/p>\n<h3 data-mce-fragment=\"1\">Precautions for use<\/h3>\n<p data-mce-fragment=\"1\">Its hypoallergenic formula has been tested on sensitive skin under dermatological control. Enriched with soothing, fortifying, and regenerating Vichy Thermal Water.<\/p>\n<h3 data-mce-fragment=\"1\">Composition<\/h3>\n<p data-mce-fragment=\"1\">AQUA ALCOHOL DENAT. GLYCERIN PARAFFINUM LIQUIDUM CETEARYL ALCOHOL BUTYROSPERMUM PARKII BUTTER CAPRYLYL GLYCOL CARBOMER DIMETHICONE EPILOBIUM ANGUSTIFOLIUM EXTRACT GLYCERYL STEARATE PALMITIC ACID PALMITIC ACID Palmitic acid is the most commonly found saturated fatty acid in plants and microorganisms. It is known to be a good emollient and to retain moisture in the skin. It also helps ingredients blend together to give a uniform smooth mixture. PEG-100 STEARATE PHENOXYETHANOL SODIUM HYALURONATE SODIUM HYDROXIDE STEARIC ACID XANTHAN GUM ZINC GLUCONATE PARFUM<\/p>","protected":false},"excerpt":{"rendered":"<p>Vichy Id\u00e9al Soleil Lait Apr\u00e8s Soleil Apaise imm\u00e9diatement votre peau et l\u2019hydrate pendant 24h L\u2019apr\u00e8s soleil quotidien des peaux sensibles. Apaise imm\u00e9diatement votre peau et l\u2019hydrate pendant 24h. Jour apr\u00e8s jour, elle devient plus r\u00e9sistante contre les agressions solaires. Sa texture lact\u00e9e parfum\u00e9e, non grasse et non collante, vous procure une fra\u00eecheur intense \u00e0 chaque [&hellip;]<\/p>\n","protected":false},"featured_media":22537,"template":"","meta":{"om_disable_all_campaigns":false},"product_brand":[3358],"product_cat":[18],"product_tag":[7034,7348,7347,7044,7350,6276,7349,6176,7351,6304,3359,3360,3361],"class_list":{"0":"post-22538","1":"product","2":"type-product","3":"status-publish","4":"has-post-thumbnail","6":"product_brand-vichy-maroc-prix-vitablanca","7":"product_cat-beaute-sante","8":"product_tag-300-ml","9":"product_tag-apres-soleil","10":"product_tag-capital-ideal-soleil","11":"product_tag-eau-thermale","12":"product_tag-exposition-solaire","13":"product_tag-hydratation","14":"product_tag-lait-apaisant","15":"product_tag-peau-sensible","16":"product_tag-prolonger-bronzage","17":"product_tag-soin-corps","18":"product_tag-vichy","19":"product_tag-vichy-maroc","20":"product_tag-vichy-morocco","22":"first","23":"instock","24":"sale","25":"taxable","26":"shipping-taxable","27":"purchasable","28":"product-type-simple"},"yoast_head":"<!-- This site is optimized with the Yoast SEO plugin v27.5 - https:\/\/yoast.com\/product\/yoast-seo-wordpress\/ -->\n<title>Vichy Capital Id\u00e9al Soleil Lait Apaisant Apr\u00e8s-Soleil - Maroc Prix<\/title>\n<meta name=\"description\" content=\"Le Lait Apaisant Apr\u00e8s-Soleil Vichy Capital Id\u00e9al Soleil 300 ml hydrate intens\u00e9ment, apaise la peau \u00e9chauff\u00e9e par le soleil\" \/>\n<meta name=\"robots\" content=\"index, follow, max-snippet:-1, max-image-preview:large, max-video-preview:-1\" \/>\n<link rel=\"canonical\" href=\"https:\/\/vitablanca.ma\/en\/product\/vichy-capital-ideal-soleil-lait-apaisant-apres-soleil-300-ml\/\" \/>\n<meta property=\"og:locale\" content=\"en_US\" \/>\n<meta property=\"og:type\" content=\"article\" \/>\n<meta property=\"og:title\" content=\"Vichy Capital Id\u00e9al Soleil Lait Apaisant Apr\u00e8s-Soleil - Maroc Prix\" \/>\n<meta property=\"og:description\" content=\"Le Lait Apaisant Apr\u00e8s-Soleil Vichy Capital Id\u00e9al Soleil 300 ml hydrate intens\u00e9ment, apaise la peau \u00e9chauff\u00e9e par le soleil\" \/>\n<meta property=\"og:url\" content=\"https:\/\/vitablanca.ma\/en\/product\/vichy-capital-ideal-soleil-lait-apaisant-apres-soleil-300-ml\/\" \/>\n<meta property=\"og:site_name\" content=\"Vitablanca.ma &ndash; Sant&eacute;, vitalit&eacute; et bien-&ecirc;tre pour tous les Marocains\" \/>\n<meta property=\"article:publisher\" content=\"https:\/\/www.facebook.com\/profile.php?id=61576678196717\" \/>\n<meta property=\"article:modified_time\" content=\"2026-02-04T00:16:44+00:00\" \/>\n<meta property=\"og:image\" content=\"https:\/\/vitablanca.ma\/wp-content\/uploads\/2025\/06\/Vichy-Ideal-Soleil-Lait-Apres-Soleil-300-ml-nova-parapharmacie-maroc.png\" \/>\n\t<meta property=\"og:image:width\" content=\"1000\" \/>\n\t<meta property=\"og:image:height\" content=\"1000\" \/>\n\t<meta property=\"og:image:type\" content=\"image\/png\" \/>\n<meta name=\"twitter:card\" content=\"summary_large_image\" \/>\n<meta name=\"twitter:label1\" content=\"Est. reading time\" \/>\n\t<meta name=\"twitter:data1\" content=\"2 minutes\" \/>\n<script type=\"application\/ld+json\" class=\"yoast-schema-graph\">{\"@context\":\"https:\\\/\\\/schema.org\",\"@graph\":[{\"@type\":[\"WebPage\",\"ItemPage\"],\"@id\":\"https:\\\/\\\/vitablanca.ma\\\/produit\\\/vichy-capital-ideal-soleil-lait-apaisant-apres-soleil-300-ml\\\/\",\"url\":\"https:\\\/\\\/vitablanca.ma\\\/produit\\\/vichy-capital-ideal-soleil-lait-apaisant-apres-soleil-300-ml\\\/\",\"name\":\"Vichy Capital Id\u00e9al Soleil Lait Apaisant Apr\u00e8s-Soleil - Maroc Prix\",\"isPartOf\":{\"@id\":\"https:\\\/\\\/vitablanca.ma\\\/#website\"},\"primaryImageOfPage\":{\"@id\":\"https:\\\/\\\/vitablanca.ma\\\/produit\\\/vichy-capital-ideal-soleil-lait-apaisant-apres-soleil-300-ml\\\/#primaryimage\"},\"image\":{\"@id\":\"https:\\\/\\\/vitablanca.ma\\\/produit\\\/vichy-capital-ideal-soleil-lait-apaisant-apres-soleil-300-ml\\\/#primaryimage\"},\"thumbnailUrl\":\"https:\\\/\\\/vitablanca.ma\\\/wp-content\\\/uploads\\\/2025\\\/06\\\/Vichy-Ideal-Soleil-Lait-Apres-Soleil-300-ml-nova-parapharmacie-maroc.png\",\"datePublished\":\"2025-06-11T22:36:12+00:00\",\"dateModified\":\"2026-02-04T00:16:44+00:00\",\"description\":\"Le Lait Apaisant Apr\u00e8s-Soleil Vichy Capital Id\u00e9al Soleil 300 ml hydrate intens\u00e9ment, apaise la peau \u00e9chauff\u00e9e par le soleil\",\"breadcrumb\":{\"@id\":\"https:\\\/\\\/vitablanca.ma\\\/produit\\\/vichy-capital-ideal-soleil-lait-apaisant-apres-soleil-300-ml\\\/#breadcrumb\"},\"inLanguage\":\"en-US\",\"potentialAction\":[{\"@type\":\"ReadAction\",\"target\":[\"https:\\\/\\\/vitablanca.ma\\\/produit\\\/vichy-capital-ideal-soleil-lait-apaisant-apres-soleil-300-ml\\\/\"]}]},{\"@type\":\"ImageObject\",\"inLanguage\":\"en-US\",\"@id\":\"https:\\\/\\\/vitablanca.ma\\\/produit\\\/vichy-capital-ideal-soleil-lait-apaisant-apres-soleil-300-ml\\\/#primaryimage\",\"url\":\"https:\\\/\\\/vitablanca.ma\\\/wp-content\\\/uploads\\\/2025\\\/06\\\/Vichy-Ideal-Soleil-Lait-Apres-Soleil-300-ml-nova-parapharmacie-maroc.png\",\"contentUrl\":\"https:\\\/\\\/vitablanca.ma\\\/wp-content\\\/uploads\\\/2025\\\/06\\\/Vichy-Ideal-Soleil-Lait-Apres-Soleil-300-ml-nova-parapharmacie-maroc.png\",\"width\":1000,\"height\":1000},{\"@type\":\"BreadcrumbList\",\"@id\":\"https:\\\/\\\/vitablanca.ma\\\/produit\\\/vichy-capital-ideal-soleil-lait-apaisant-apres-soleil-300-ml\\\/#breadcrumb\",\"itemListElement\":[{\"@type\":\"ListItem\",\"position\":1,\"name\":\"Home\",\"item\":\"https:\\\/\\\/vitablanca.ma\\\/\"},{\"@type\":\"ListItem\",\"position\":2,\"name\":\"Tous Les Produits\",\"item\":\"https:\\\/\\\/vitablanca.ma\\\/tous-les-produits\\\/\"},{\"@type\":\"ListItem\",\"position\":3,\"name\":\"Vichy Capital Id\u00e9al Soleil Lait Apaisant Apr\u00e8s-Soleil 300 ml\"}]},{\"@type\":\"WebSite\",\"@id\":\"https:\\\/\\\/vitablanca.ma\\\/#website\",\"url\":\"https:\\\/\\\/vitablanca.ma\\\/\",\"name\":\"VitaBlanca.ma | Compl\u00e9ments alimentaires, sant\u00e9 & beaut\u00e9 au Maroc\",\"description\":\"vendre vitamines et compl\u00e9ments premium des USA &amp; Canada, Nouvelle Z\u00e9lande,Maroc (NOW Foods, Solgar, Manuka). Livraison rapide partout au Maroc.\",\"publisher\":{\"@id\":\"https:\\\/\\\/vitablanca.ma\\\/#organization\"},\"alternateName\":\"VitaBlanca.ma\",\"potentialAction\":[{\"@type\":\"SearchAction\",\"target\":{\"@type\":\"EntryPoint\",\"urlTemplate\":\"https:\\\/\\\/vitablanca.ma\\\/?s={search_term_string}\"},\"query-input\":{\"@type\":\"PropertyValueSpecification\",\"valueRequired\":true,\"valueName\":\"search_term_string\"}}],\"inLanguage\":\"en-US\"},{\"@type\":\"Organization\",\"@id\":\"https:\\\/\\\/vitablanca.ma\\\/#organization\",\"name\":\"VitaBlanca\",\"url\":\"https:\\\/\\\/vitablanca.ma\\\/\",\"logo\":{\"@type\":\"ImageObject\",\"inLanguage\":\"en-US\",\"@id\":\"https:\\\/\\\/vitablanca.ma\\\/#\\\/schema\\\/logo\\\/image\\\/\",\"url\":\"https:\\\/\\\/vitablanca.ma\\\/wp-content\\\/uploads\\\/2025\\\/05\\\/cropped-vitablanca.png\",\"contentUrl\":\"https:\\\/\\\/vitablanca.ma\\\/wp-content\\\/uploads\\\/2025\\\/05\\\/cropped-vitablanca.png\",\"width\":360,\"height\":67,\"caption\":\"VitaBlanca\"},\"image\":{\"@id\":\"https:\\\/\\\/vitablanca.ma\\\/#\\\/schema\\\/logo\\\/image\\\/\"},\"sameAs\":[\"https:\\\/\\\/www.facebook.com\\\/profile.php?id=61576678196717\",\"https:\\\/\\\/www.tiktok.com\\\/@vitablanca.ma\",\"https:\\\/\\\/www.instagram.com\\\/vitablanca.ma\\\/\"]}]}<\/script>\n<!-- \/ Yoast SEO plugin. -->","yoast_head_json":{"title":"Vichy Capital Id\u00e9al Soleil Lait Apaisant Apr\u00e8s-Soleil - Maroc Prix","description":"Le Lait Apaisant Apr\u00e8s-Soleil Vichy Capital Id\u00e9al Soleil 300 ml hydrate intens\u00e9ment, apaise la peau \u00e9chauff\u00e9e par le soleil","robots":{"index":"index","follow":"follow","max-snippet":"max-snippet:-1","max-image-preview":"max-image-preview:large","max-video-preview":"max-video-preview:-1"},"canonical":"https:\/\/vitablanca.ma\/en\/product\/vichy-capital-ideal-soleil-lait-apaisant-apres-soleil-300-ml\/","og_locale":"en_US","og_type":"article","og_title":"Vichy Capital Id\u00e9al Soleil Lait Apaisant Apr\u00e8s-Soleil - Maroc Prix","og_description":"Le Lait Apaisant Apr\u00e8s-Soleil Vichy Capital Id\u00e9al Soleil 300 ml hydrate intens\u00e9ment, apaise la peau \u00e9chauff\u00e9e par le soleil","og_url":"https:\/\/vitablanca.ma\/en\/product\/vichy-capital-ideal-soleil-lait-apaisant-apres-soleil-300-ml\/","og_site_name":"Vitablanca.ma &ndash; Sant&eacute;, vitalit&eacute; et bien-&ecirc;tre pour tous les Marocains","article_publisher":"https:\/\/www.facebook.com\/profile.php?id=61576678196717","article_modified_time":"2026-02-04T00:16:44+00:00","og_image":[{"width":1000,"height":1000,"url":"https:\/\/vitablanca.ma\/wp-content\/uploads\/2025\/06\/Vichy-Ideal-Soleil-Lait-Apres-Soleil-300-ml-nova-parapharmacie-maroc.png","type":"image\/png"}],"twitter_card":"summary_large_image","twitter_misc":{"Est. reading time":"2 minutes"},"schema":{"@context":"https:\/\/schema.org","@graph":[{"@type":["WebPage","ItemPage"],"@id":"https:\/\/vitablanca.ma\/produit\/vichy-capital-ideal-soleil-lait-apaisant-apres-soleil-300-ml\/","url":"https:\/\/vitablanca.ma\/produit\/vichy-capital-ideal-soleil-lait-apaisant-apres-soleil-300-ml\/","name":"Vichy Capital Id\u00e9al Soleil Lait Apaisant Apr\u00e8s-Soleil - Maroc Prix","isPartOf":{"@id":"https:\/\/vitablanca.ma\/#website"},"primaryImageOfPage":{"@id":"https:\/\/vitablanca.ma\/produit\/vichy-capital-ideal-soleil-lait-apaisant-apres-soleil-300-ml\/#primaryimage"},"image":{"@id":"https:\/\/vitablanca.ma\/produit\/vichy-capital-ideal-soleil-lait-apaisant-apres-soleil-300-ml\/#primaryimage"},"thumbnailUrl":"https:\/\/vitablanca.ma\/wp-content\/uploads\/2025\/06\/Vichy-Ideal-Soleil-Lait-Apres-Soleil-300-ml-nova-parapharmacie-maroc.png","datePublished":"2025-06-11T22:36:12+00:00","dateModified":"2026-02-04T00:16:44+00:00","description":"Le Lait Apaisant Apr\u00e8s-Soleil Vichy Capital Id\u00e9al Soleil 300 ml hydrate intens\u00e9ment, apaise la peau \u00e9chauff\u00e9e par le soleil","breadcrumb":{"@id":"https:\/\/vitablanca.ma\/produit\/vichy-capital-ideal-soleil-lait-apaisant-apres-soleil-300-ml\/#breadcrumb"},"inLanguage":"en-US","potentialAction":[{"@type":"ReadAction","target":["https:\/\/vitablanca.ma\/produit\/vichy-capital-ideal-soleil-lait-apaisant-apres-soleil-300-ml\/"]}]},{"@type":"ImageObject","inLanguage":"en-US","@id":"https:\/\/vitablanca.ma\/produit\/vichy-capital-ideal-soleil-lait-apaisant-apres-soleil-300-ml\/#primaryimage","url":"https:\/\/vitablanca.ma\/wp-content\/uploads\/2025\/06\/Vichy-Ideal-Soleil-Lait-Apres-Soleil-300-ml-nova-parapharmacie-maroc.png","contentUrl":"https:\/\/vitablanca.ma\/wp-content\/uploads\/2025\/06\/Vichy-Ideal-Soleil-Lait-Apres-Soleil-300-ml-nova-parapharmacie-maroc.png","width":1000,"height":1000},{"@type":"BreadcrumbList","@id":"https:\/\/vitablanca.ma\/produit\/vichy-capital-ideal-soleil-lait-apaisant-apres-soleil-300-ml\/#breadcrumb","itemListElement":[{"@type":"ListItem","position":1,"name":"Home","item":"https:\/\/vitablanca.ma\/"},{"@type":"ListItem","position":2,"name":"Tous Les Produits","item":"https:\/\/vitablanca.ma\/tous-les-produits\/"},{"@type":"ListItem","position":3,"name":"Vichy Capital Id\u00e9al Soleil Lait Apaisant Apr\u00e8s-Soleil 300 ml"}]},{"@type":"WebSite","@id":"https:\/\/vitablanca.ma\/#website","url":"https:\/\/vitablanca.ma\/","name":"VitaBlanca.ma | Food supplements, health &amp; beauty in Morocco","description":"sell premium vitamins and supplements from USA &amp; Canada, New Zealand, Morocco (NOW Foods, Solgar, Manuka). Fast delivery anywhere in Morocco.","publisher":{"@id":"https:\/\/vitablanca.ma\/#organization"},"alternateName":"VitaBlanca.ma","potentialAction":[{"@type":"SearchAction","target":{"@type":"EntryPoint","urlTemplate":"https:\/\/vitablanca.ma\/?s={search_term_string}"},"query-input":{"@type":"PropertyValueSpecification","valueRequired":true,"valueName":"search_term_string"}}],"inLanguage":"en-US"},{"@type":"Organization","@id":"https:\/\/vitablanca.ma\/#organization","name":"VitaBlanca","url":"https:\/\/vitablanca.ma\/","logo":{"@type":"ImageObject","inLanguage":"en-US","@id":"https:\/\/vitablanca.ma\/#\/schema\/logo\/image\/","url":"https:\/\/vitablanca.ma\/wp-content\/uploads\/2025\/05\/cropped-vitablanca.png","contentUrl":"https:\/\/vitablanca.ma\/wp-content\/uploads\/2025\/05\/cropped-vitablanca.png","width":360,"height":67,"caption":"VitaBlanca"},"image":{"@id":"https:\/\/vitablanca.ma\/#\/schema\/logo\/image\/"},"sameAs":["https:\/\/www.facebook.com\/profile.php?id=61576678196717","https:\/\/www.tiktok.com\/@vitablanca.ma","https:\/\/www.instagram.com\/vitablanca.ma\/"]}]}},"jetpack_sharing_enabled":true,"_links":{"self":[{"href":"https:\/\/vitablanca.ma\/en\/wp-json\/wp\/v2\/product\/22538","targetHints":{"allow":["GET"]}}],"collection":[{"href":"https:\/\/vitablanca.ma\/en\/wp-json\/wp\/v2\/product"}],"about":[{"href":"https:\/\/vitablanca.ma\/en\/wp-json\/wp\/v2\/types\/product"}],"wp:featuredmedia":[{"embeddable":true,"href":"https:\/\/vitablanca.ma\/en\/wp-json\/wp\/v2\/media\/22537"}],"wp:attachment":[{"href":"https:\/\/vitablanca.ma\/en\/wp-json\/wp\/v2\/media?parent=22538"}],"wp:term":[{"taxonomy":"product_brand","embeddable":true,"href":"https:\/\/vitablanca.ma\/en\/wp-json\/wp\/v2\/product_brand?post=22538"},{"taxonomy":"product_cat","embeddable":true,"href":"https:\/\/vitablanca.ma\/en\/wp-json\/wp\/v2\/product_cat?post=22538"},{"taxonomy":"product_tag","embeddable":true,"href":"https:\/\/vitablanca.ma\/en\/wp-json\/wp\/v2\/product_tag?post=22538"}],"curies":[{"name":"wp","href":"https:\/\/api.w.org\/{rel}","templated":true}]}}