{"id":22522,"date":"2025-06-11T22:35:05","date_gmt":"2025-06-11T22:35:05","guid":{"rendered":"https:\/\/vitablanca.ma\/product\/vichy-masque-argile-purifiant-pores-75ml\/"},"modified":"2026-02-21T16:51:55","modified_gmt":"2026-02-21T16:51:55","slug":"vichy-masque-argile-purifiant-pores-75ml","status":"publish","type":"product","link":"https:\/\/vitablanca.ma\/en\/product\/vichy-masque-argile-purifiant-pores-75ml\/","title":{"rendered":"Vichy Purifying Pore Clay Mask 75ml"},"content":{"rendered":"<h2><span data-mce-fragment=\"1\">Vichy Masque Argile Purifiant Pores\u00a0aider \u00e0 \u00e9liminer l\u2019exc\u00e8s de s\u00e9bum et les impuret\u00e9s pour des pores purifi\u00e9s<\/span><\/h2>\n<p><span data-mce-fragment=\"1\">Les impuret\u00e9s, les pores dilat\u00e9s et la brillance sont caract\u00e9ristiques des peaux grasses ou mixtes, mais peuvent \u00e9galement \u00eatre caus\u00e9s par un mode de vie malsain et stressant *<\/span><br data-mce-fragment=\"1\" \/><span data-mce-fragment=\"1\">* MayoClinic<\/span><\/p>\n<h3 data-mce-fragment=\"1\">Solution<\/h3>\n<p><span data-mce-fragment=\"1\">Vichy Mineral Pore Purifying Clay Mask riche en deux argiles blanches [kaolin, bentonite], extraits d\u2019aloe vera et eau thermale de Vichy, agit comme un aimant pour \u00e9liminer les impuret\u00e9s de la peau, tout en hydratant et apaisant la peau.<\/span><br data-mce-fragment=\"1\" \/><br data-mce-fragment=\"1\" \/><\/p>\n<h3 data-mce-fragment=\"1\">Texture<\/h3>\n<p><span data-mce-fragment=\"1\">Lissez le masque facial facile \u00e0 \u00e9taler sur le visage. Parfum rafra\u00eechissant s\u00e9lectionn\u00e9 pour maximiser l\u2019exp\u00e9rience sensorielle.<\/span><br data-mce-fragment=\"1\" \/><br data-mce-fragment=\"1\" \/><\/p>\n<h3 data-mce-fragment=\"1\">Efficacit\u00e9<\/h3>\n<p><span data-mce-fragment=\"1\">Imm\u00e9diatement<\/span><br data-mce-fragment=\"1\" \/><span data-mce-fragment=\"1\">La peau est purifi\u00e9e 87% *<\/span><br data-mce-fragment=\"1\" \/><span data-mce-fragment=\"1\">La peau est propre et para\u00eet plus claire 91%<\/span><br data-mce-fragment=\"1\" \/><span data-mce-fragment=\"1\">La peau est matifi\u00e9e **<\/span><br data-mce-fragment=\"1\" \/><span data-mce-fragment=\"1\">Dans 1 mois<\/span><br data-mce-fragment=\"1\" \/><span data-mce-fragment=\"1\">Les pores sont moins visibles 83%<\/span><br data-mce-fragment=\"1\" \/><span data-mce-fragment=\"1\">Imperfections moins visibles 79%<\/span><br data-mce-fragment=\"1\" \/><span data-mce-fragment=\"1\">La salet\u00e9 et les particules de pollution sont parfaitement \u00e9limin\u00e9es 92%<\/span><br data-mce-fragment=\"1\" \/><span data-mce-fragment=\"1\">* Test consommateur sur 78 femmes, 100% peaux sensibles, pendant 4 semaines avec 2 applications par semaine.<\/span><br data-mce-fragment=\"1\" \/><span data-mce-fragment=\"1\">** -47% de s\u00e9bum T2hours vs pas de masque. Test instrumental avec Sebumeter sur 24 femmes.<\/span><br data-mce-fragment=\"1\" \/><br data-mce-fragment=\"1\" \/><\/p>\n<h3 data-mce-fragment=\"1\">L\u2019engagement de Vichy<\/h3>\n<p><span data-mce-fragment=\"1\">Test\u00e9 sur peaux sensibles sous contr\u00f4le dermatologique.<\/span><br data-mce-fragment=\"1\" \/><span data-mce-fragment=\"1\">Hypoallerg\u00e9nique<\/span><br data-mce-fragment=\"1\" \/><span data-mce-fragment=\"1\">\u00c0 l\u2019Eau Thermale Min\u00e9ralisante de Vichy apaisante et fortifiante<\/span><br data-mce-fragment=\"1\" \/><span data-mce-fragment=\"1\">Non com\u00e9dog\u00e8ne<\/span><br data-mce-fragment=\"1\" \/><span data-mce-fragment=\"1\">Sans paraben<\/span><\/p>\n<h3><span data-mce-fragment=\"1\">Mode d\u2019emploi<\/span><\/h3>\n<p><span data-mce-fragment=\"1\">COMMENT APPLIQUER LE MASQUE ARGILE PURIFIANT PORES:<br \/>\n1. Appliquer le masque sur la peau en \u00e9vitant le contour des yeux<br \/>\n2. Stimulez le masque pour son plein b\u00e9n\u00e9fice en tapotant la peau du bout des doigts<br \/>\n3. Laisser reposer 5 minutes<br \/>\n4. Rincer \u00e0 l\u2019eau.<br \/>\nUtilisez un masque facial seul ou pour le multi-masquage.<\/span><\/p>\n<h3><span data-mce-fragment=\"1\">Ing\u00e9dients<\/span><\/h3>\n<p><span data-mce-fragment=\"1\">AQUA\/WATER\/EAU \u2022<br \/>\nKAOLIN \u2022 ARGILLA \u2022 PROPANEDIOL\u2022 GLYCERIN \u2022 CAPRYIC\/CAPRIC TRIGLYCERIDE \u2022 CI 77891 \u2022CETEARYL ALCOHOL \u2022 ZEA MAYS STARCH \u2022 CI 77499 \u2022 CI<br \/>\n77942 \u2022 CI 77491 \u2022 ALLANTOIN \u2022 CETEARETH-20 \u2022 ALOE BARBADENSIS LEAF JUICE POWDER \u2022 LECITHIN \u2022PHENOCYETHANOL \u2022TOCOPHEROL \u2022 CAPRYLYL GLYCOL \u2022 XANTHAN GUM \u2022 PARFUM<\/span><\/p>\n","protected":false},"excerpt":{"rendered":"<p>Vichy Masque Argile Purifiant Pores\u00a0aider \u00e0 \u00e9liminer l\u2019exc\u00e8s de s\u00e9bum et les impuret\u00e9s pour des pores purifi\u00e9s Les impuret\u00e9s, les pores dilat\u00e9s et la brillance sont caract\u00e9ristiques des peaux grasses ou mixtes, mais peuvent \u00e9galement \u00eatre caus\u00e9s par un mode de vie malsain et stressant ** MayoClinic Solution Vichy Mineral Pore Purifying Clay Mask riche [&hellip;]<\/p>\n","protected":false},"featured_media":22517,"template":"","meta":{"om_disable_all_campaigns":false},"product_brand":[3358],"product_cat":[18],"product_tag":[7366,7381,7382,7379,7375,7373,6792,7380,7374,7376,7377,7367,5873,7378,3359,3360,7372,3361],"class_list":{"0":"post-22522","1":"product","2":"type-product","3":"status-publish","4":"has-post-thumbnail","6":"product_brand-vichy-maroc-prix-vitablanca","7":"product_cat-beaute-sante","8":"product_tag-eau-volcanique-vichy","9":"product_tag-masque-75-ml","10":"product_tag-masque-argile-vichy","11":"product_tag-masque-hypoallergenique","12":"product_tag-masque-matifiant","13":"product_tag-masque-purifiant-pores","14":"product_tag-masque-visage","15":"product_tag-nettoyant-impuretes","16":"product_tag-peau-mixte-et-grasse","17":"product_tag-purifie-peau","18":"product_tag-resserre-pores","19":"product_tag-routine-beaute-visage","20":"product_tag-soin-peau-sensible","21":"product_tag-soin-visage-doux","22":"product_tag-vichy","23":"product_tag-vichy-maroc","24":"product_tag-vichy-masque-argile","25":"product_tag-vichy-morocco","27":"first","28":"outofstock","29":"sale","30":"taxable","31":"shipping-taxable","32":"purchasable","33":"product-type-simple"},"yoast_head":"<!-- This site is optimized with the Yoast SEO plugin v27.5 - https:\/\/yoast.com\/product\/yoast-seo-wordpress\/ -->\n<title>Vichy Masque Argile Purifiant Pores 75ml - Maroc Prix<\/title>\n<meta name=\"description\" content=\"Masque argile purifiant Vichy 75 ml : \u00e9limine impuret\u00e9s, resserre les pores et matifie la peau mixte \u00e0 grasse. Hypoallerg\u00e9nique et doux.\" \/>\n<meta name=\"robots\" content=\"index, follow, max-snippet:-1, max-image-preview:large, max-video-preview:-1\" \/>\n<link rel=\"canonical\" href=\"https:\/\/vitablanca.ma\/en\/product\/vichy-masque-argile-purifiant-pores-75ml\/\" \/>\n<meta property=\"og:locale\" content=\"en_US\" \/>\n<meta property=\"og:type\" content=\"article\" \/>\n<meta property=\"og:title\" content=\"Vichy Masque Argile Purifiant Pores 75ml - Maroc Prix\" \/>\n<meta property=\"og:description\" content=\"Masque argile purifiant Vichy 75 ml : \u00e9limine impuret\u00e9s, resserre les pores et matifie la peau mixte \u00e0 grasse. Hypoallerg\u00e9nique et doux.\" \/>\n<meta property=\"og:url\" content=\"https:\/\/vitablanca.ma\/en\/product\/vichy-masque-argile-purifiant-pores-75ml\/\" \/>\n<meta property=\"og:site_name\" content=\"Vitablanca.ma &ndash; Sant&eacute;, vitalit&eacute; et bien-&ecirc;tre pour tous les Marocains\" \/>\n<meta property=\"article:publisher\" content=\"https:\/\/www.facebook.com\/profile.php?id=61576678196717\" \/>\n<meta property=\"article:modified_time\" content=\"2026-02-21T16:51:55+00:00\" \/>\n<meta property=\"og:image\" content=\"https:\/\/vitablanca.ma\/wp-content\/uploads\/2025\/06\/Vichy-Masque-Argile-Purifiant-Pores-nova-parapharmacie-maroc.png\" \/>\n\t<meta property=\"og:image:width\" content=\"1000\" \/>\n\t<meta property=\"og:image:height\" content=\"1000\" \/>\n\t<meta property=\"og:image:type\" content=\"image\/png\" \/>\n<meta name=\"twitter:card\" content=\"summary_large_image\" \/>\n<meta name=\"twitter:label1\" content=\"Est. reading time\" \/>\n\t<meta name=\"twitter:data1\" content=\"2 minutes\" \/>\n<script type=\"application\/ld+json\" class=\"yoast-schema-graph\">{\"@context\":\"https:\\\/\\\/schema.org\",\"@graph\":[{\"@type\":[\"WebPage\",\"ItemPage\"],\"@id\":\"https:\\\/\\\/vitablanca.ma\\\/produit\\\/vichy-masque-argile-purifiant-pores-75ml\\\/\",\"url\":\"https:\\\/\\\/vitablanca.ma\\\/produit\\\/vichy-masque-argile-purifiant-pores-75ml\\\/\",\"name\":\"Vichy Masque Argile Purifiant Pores 75ml - Maroc Prix\",\"isPartOf\":{\"@id\":\"https:\\\/\\\/vitablanca.ma\\\/#website\"},\"primaryImageOfPage\":{\"@id\":\"https:\\\/\\\/vitablanca.ma\\\/produit\\\/vichy-masque-argile-purifiant-pores-75ml\\\/#primaryimage\"},\"image\":{\"@id\":\"https:\\\/\\\/vitablanca.ma\\\/produit\\\/vichy-masque-argile-purifiant-pores-75ml\\\/#primaryimage\"},\"thumbnailUrl\":\"https:\\\/\\\/vitablanca.ma\\\/wp-content\\\/uploads\\\/2025\\\/06\\\/Vichy-Masque-Argile-Purifiant-Pores-nova-parapharmacie-maroc.png\",\"datePublished\":\"2025-06-11T22:35:05+00:00\",\"dateModified\":\"2026-02-21T16:51:55+00:00\",\"description\":\"Masque argile purifiant Vichy 75 ml : \u00e9limine impuret\u00e9s, resserre les pores et matifie la peau mixte \u00e0 grasse. Hypoallerg\u00e9nique et doux.\",\"breadcrumb\":{\"@id\":\"https:\\\/\\\/vitablanca.ma\\\/produit\\\/vichy-masque-argile-purifiant-pores-75ml\\\/#breadcrumb\"},\"inLanguage\":\"en-US\",\"potentialAction\":[{\"@type\":\"ReadAction\",\"target\":[\"https:\\\/\\\/vitablanca.ma\\\/produit\\\/vichy-masque-argile-purifiant-pores-75ml\\\/\"]}]},{\"@type\":\"ImageObject\",\"inLanguage\":\"en-US\",\"@id\":\"https:\\\/\\\/vitablanca.ma\\\/produit\\\/vichy-masque-argile-purifiant-pores-75ml\\\/#primaryimage\",\"url\":\"https:\\\/\\\/vitablanca.ma\\\/wp-content\\\/uploads\\\/2025\\\/06\\\/Vichy-Masque-Argile-Purifiant-Pores-nova-parapharmacie-maroc.png\",\"contentUrl\":\"https:\\\/\\\/vitablanca.ma\\\/wp-content\\\/uploads\\\/2025\\\/06\\\/Vichy-Masque-Argile-Purifiant-Pores-nova-parapharmacie-maroc.png\",\"width\":1000,\"height\":1000},{\"@type\":\"BreadcrumbList\",\"@id\":\"https:\\\/\\\/vitablanca.ma\\\/produit\\\/vichy-masque-argile-purifiant-pores-75ml\\\/#breadcrumb\",\"itemListElement\":[{\"@type\":\"ListItem\",\"position\":1,\"name\":\"Home\",\"item\":\"https:\\\/\\\/vitablanca.ma\\\/\"},{\"@type\":\"ListItem\",\"position\":2,\"name\":\"Tous Les Produits\",\"item\":\"https:\\\/\\\/vitablanca.ma\\\/tous-les-produits\\\/\"},{\"@type\":\"ListItem\",\"position\":3,\"name\":\"Vichy Masque Argile Purifiant Pores 75ml\"}]},{\"@type\":\"WebSite\",\"@id\":\"https:\\\/\\\/vitablanca.ma\\\/#website\",\"url\":\"https:\\\/\\\/vitablanca.ma\\\/\",\"name\":\"VitaBlanca.ma | Compl\u00e9ments alimentaires, sant\u00e9 & beaut\u00e9 au Maroc\",\"description\":\"vendre vitamines et compl\u00e9ments premium des USA &amp; Canada, Nouvelle Z\u00e9lande,Maroc (NOW Foods, Solgar, Manuka). Livraison rapide partout au Maroc.\",\"publisher\":{\"@id\":\"https:\\\/\\\/vitablanca.ma\\\/#organization\"},\"alternateName\":\"VitaBlanca.ma\",\"potentialAction\":[{\"@type\":\"SearchAction\",\"target\":{\"@type\":\"EntryPoint\",\"urlTemplate\":\"https:\\\/\\\/vitablanca.ma\\\/?s={search_term_string}\"},\"query-input\":{\"@type\":\"PropertyValueSpecification\",\"valueRequired\":true,\"valueName\":\"search_term_string\"}}],\"inLanguage\":\"en-US\"},{\"@type\":\"Organization\",\"@id\":\"https:\\\/\\\/vitablanca.ma\\\/#organization\",\"name\":\"VitaBlanca\",\"url\":\"https:\\\/\\\/vitablanca.ma\\\/\",\"logo\":{\"@type\":\"ImageObject\",\"inLanguage\":\"en-US\",\"@id\":\"https:\\\/\\\/vitablanca.ma\\\/#\\\/schema\\\/logo\\\/image\\\/\",\"url\":\"https:\\\/\\\/vitablanca.ma\\\/wp-content\\\/uploads\\\/2025\\\/05\\\/cropped-vitablanca.png\",\"contentUrl\":\"https:\\\/\\\/vitablanca.ma\\\/wp-content\\\/uploads\\\/2025\\\/05\\\/cropped-vitablanca.png\",\"width\":360,\"height\":67,\"caption\":\"VitaBlanca\"},\"image\":{\"@id\":\"https:\\\/\\\/vitablanca.ma\\\/#\\\/schema\\\/logo\\\/image\\\/\"},\"sameAs\":[\"https:\\\/\\\/www.facebook.com\\\/profile.php?id=61576678196717\",\"https:\\\/\\\/www.tiktok.com\\\/@vitablanca.ma\",\"https:\\\/\\\/www.instagram.com\\\/vitablanca.ma\\\/\"]}]}<\/script>\n<!-- \/ Yoast SEO plugin. -->","yoast_head_json":{"title":"Vichy Purifying Pore Clay Mask 75ml - Morocco Price","description":"Masque argile purifiant Vichy 75 ml : \u00e9limine impuret\u00e9s, resserre les pores et matifie la peau mixte \u00e0 grasse. Hypoallerg\u00e9nique et doux.","robots":{"index":"index","follow":"follow","max-snippet":"max-snippet:-1","max-image-preview":"max-image-preview:large","max-video-preview":"max-video-preview:-1"},"canonical":"https:\/\/vitablanca.ma\/en\/product\/vichy-masque-argile-purifiant-pores-75ml\/","og_locale":"en_US","og_type":"article","og_title":"Vichy Masque Argile Purifiant Pores 75ml - Maroc Prix","og_description":"Masque argile purifiant Vichy 75 ml : \u00e9limine impuret\u00e9s, resserre les pores et matifie la peau mixte \u00e0 grasse. Hypoallerg\u00e9nique et doux.","og_url":"https:\/\/vitablanca.ma\/en\/product\/vichy-masque-argile-purifiant-pores-75ml\/","og_site_name":"Vitablanca.ma &ndash; Sant&eacute;, vitalit&eacute; et bien-&ecirc;tre pour tous les Marocains","article_publisher":"https:\/\/www.facebook.com\/profile.php?id=61576678196717","article_modified_time":"2026-02-21T16:51:55+00:00","og_image":[{"width":1000,"height":1000,"url":"https:\/\/vitablanca.ma\/wp-content\/uploads\/2025\/06\/Vichy-Masque-Argile-Purifiant-Pores-nova-parapharmacie-maroc.png","type":"image\/png"}],"twitter_card":"summary_large_image","twitter_misc":{"Est. reading time":"2 minutes"},"schema":{"@context":"https:\/\/schema.org","@graph":[{"@type":["WebPage","ItemPage"],"@id":"https:\/\/vitablanca.ma\/produit\/vichy-masque-argile-purifiant-pores-75ml\/","url":"https:\/\/vitablanca.ma\/produit\/vichy-masque-argile-purifiant-pores-75ml\/","name":"Vichy Purifying Pore Clay Mask 75ml - Morocco Price","isPartOf":{"@id":"https:\/\/vitablanca.ma\/#website"},"primaryImageOfPage":{"@id":"https:\/\/vitablanca.ma\/produit\/vichy-masque-argile-purifiant-pores-75ml\/#primaryimage"},"image":{"@id":"https:\/\/vitablanca.ma\/produit\/vichy-masque-argile-purifiant-pores-75ml\/#primaryimage"},"thumbnailUrl":"https:\/\/vitablanca.ma\/wp-content\/uploads\/2025\/06\/Vichy-Masque-Argile-Purifiant-Pores-nova-parapharmacie-maroc.png","datePublished":"2025-06-11T22:35:05+00:00","dateModified":"2026-02-21T16:51:55+00:00","description":"Masque argile purifiant Vichy 75 ml : \u00e9limine impuret\u00e9s, resserre les pores et matifie la peau mixte \u00e0 grasse. Hypoallerg\u00e9nique et doux.","breadcrumb":{"@id":"https:\/\/vitablanca.ma\/produit\/vichy-masque-argile-purifiant-pores-75ml\/#breadcrumb"},"inLanguage":"en-US","potentialAction":[{"@type":"ReadAction","target":["https:\/\/vitablanca.ma\/produit\/vichy-masque-argile-purifiant-pores-75ml\/"]}]},{"@type":"ImageObject","inLanguage":"en-US","@id":"https:\/\/vitablanca.ma\/produit\/vichy-masque-argile-purifiant-pores-75ml\/#primaryimage","url":"https:\/\/vitablanca.ma\/wp-content\/uploads\/2025\/06\/Vichy-Masque-Argile-Purifiant-Pores-nova-parapharmacie-maroc.png","contentUrl":"https:\/\/vitablanca.ma\/wp-content\/uploads\/2025\/06\/Vichy-Masque-Argile-Purifiant-Pores-nova-parapharmacie-maroc.png","width":1000,"height":1000},{"@type":"BreadcrumbList","@id":"https:\/\/vitablanca.ma\/produit\/vichy-masque-argile-purifiant-pores-75ml\/#breadcrumb","itemListElement":[{"@type":"ListItem","position":1,"name":"Home","item":"https:\/\/vitablanca.ma\/"},{"@type":"ListItem","position":2,"name":"Tous Les Produits","item":"https:\/\/vitablanca.ma\/tous-les-produits\/"},{"@type":"ListItem","position":3,"name":"Vichy Masque Argile Purifiant Pores 75ml"}]},{"@type":"WebSite","@id":"https:\/\/vitablanca.ma\/#website","url":"https:\/\/vitablanca.ma\/","name":"VitaBlanca.ma | Food supplements, health &amp; beauty in Morocco","description":"sell premium vitamins and supplements from USA &amp; Canada, New Zealand, Morocco (NOW Foods, Solgar, Manuka). Fast delivery anywhere in Morocco.","publisher":{"@id":"https:\/\/vitablanca.ma\/#organization"},"alternateName":"VitaBlanca.ma","potentialAction":[{"@type":"SearchAction","target":{"@type":"EntryPoint","urlTemplate":"https:\/\/vitablanca.ma\/?s={search_term_string}"},"query-input":{"@type":"PropertyValueSpecification","valueRequired":true,"valueName":"search_term_string"}}],"inLanguage":"en-US"},{"@type":"Organization","@id":"https:\/\/vitablanca.ma\/#organization","name":"VitaBlanca","url":"https:\/\/vitablanca.ma\/","logo":{"@type":"ImageObject","inLanguage":"en-US","@id":"https:\/\/vitablanca.ma\/#\/schema\/logo\/image\/","url":"https:\/\/vitablanca.ma\/wp-content\/uploads\/2025\/05\/cropped-vitablanca.png","contentUrl":"https:\/\/vitablanca.ma\/wp-content\/uploads\/2025\/05\/cropped-vitablanca.png","width":360,"height":67,"caption":"VitaBlanca"},"image":{"@id":"https:\/\/vitablanca.ma\/#\/schema\/logo\/image\/"},"sameAs":["https:\/\/www.facebook.com\/profile.php?id=61576678196717","https:\/\/www.tiktok.com\/@vitablanca.ma","https:\/\/www.instagram.com\/vitablanca.ma\/"]}]}},"jetpack_sharing_enabled":true,"_links":{"self":[{"href":"https:\/\/vitablanca.ma\/en\/wp-json\/wp\/v2\/product\/22522","targetHints":{"allow":["GET"]}}],"collection":[{"href":"https:\/\/vitablanca.ma\/en\/wp-json\/wp\/v2\/product"}],"about":[{"href":"https:\/\/vitablanca.ma\/en\/wp-json\/wp\/v2\/types\/product"}],"wp:featuredmedia":[{"embeddable":true,"href":"https:\/\/vitablanca.ma\/en\/wp-json\/wp\/v2\/media\/22517"}],"wp:attachment":[{"href":"https:\/\/vitablanca.ma\/en\/wp-json\/wp\/v2\/media?parent=22522"}],"wp:term":[{"taxonomy":"product_brand","embeddable":true,"href":"https:\/\/vitablanca.ma\/en\/wp-json\/wp\/v2\/product_brand?post=22522"},{"taxonomy":"product_cat","embeddable":true,"href":"https:\/\/vitablanca.ma\/en\/wp-json\/wp\/v2\/product_cat?post=22522"},{"taxonomy":"product_tag","embeddable":true,"href":"https:\/\/vitablanca.ma\/en\/wp-json\/wp\/v2\/product_tag?post=22522"}],"curies":[{"name":"wp","href":"https:\/\/api.w.org\/{rel}","templated":true}]}}