{"id":22493,"date":"2025-06-11T22:29:36","date_gmt":"2025-06-11T22:29:36","guid":{"rendered":"https:\/\/vitablanca.ma\/product\/vichy-capital-soleil-brume-anti-sable-enfants-spf50-200ml\/"},"modified":"2026-02-04T01:26:44","modified_gmt":"2026-02-04T01:26:44","slug":"vichy-capital-soleil-brume-anti-sable-enfants-spf50-200ml","status":"publish","type":"product","link":"https:\/\/vitablanca.ma\/en\/product\/vichy-capital-soleil-brume-anti-sable-enfants-spf50-200ml\/","title":{"rendered":"Vichy Capital Soleil Anti-Sand Mist for Kids SPF50+ 200ml"},"content":{"rendered":"<h2><span data-mce-fragment=\"1\">Vichy Capital Soleil Anti-Sand Mist for Kids SPF50+ high protection formulated for children&#039;s fragile skin.\u00a0<\/span><\/h2>\n<h3><span data-mce-fragment=\"1\">Innovation<\/span><\/h3>\n<p><span data-mce-fragment=\"1\"> D\u00e9couvrez la technologie anti-sable dans une brume solaire haute protection formul\u00e9e pour la peau fragile des enfants. Cette protection solaire pour enfants permet le d\u00e9collement du sable en un geste et limite ainsi les irritations de contact pour garantir un plus grand confort. L\u2019application est facile, rapide, efficace. R\u00e9sistante \u00e0 l\u2019eau, la brume solaire anti-sable fera le bonheur des enfants \u2026 et des parents !<\/span><br data-mce-fragment=\"1\" \/><span data-mce-fragment=\"1\">Hypoallergenic, fragrance-free. Dermatologically and pediatrically tested.<\/span><\/p>\n<h3><span data-mce-fragment=\"1\">Application<\/span><\/h3>\n<p><span data-mce-fragment=\"1\"> Shake well before use.<br \/>\nAppliquer avant l\u2019exposition au soleil et renouveler fr\u00e9quemment l\u2019application.<\/span><\/p>\n<h3><span data-mce-fragment=\"1\">Precautions for use<\/span><\/h3>\n<p><span data-mce-fragment=\"1\"> D\u00e9collement facile du sable. R\u00e9duction des irritations li\u00e9es au frottement du sable sur la peau. Protection anti-UV au Mexoryl XL renforc\u00e9e. Enrichi en Eau volcanique de Vichy fortifiante & r\u00e9g\u00e9n\u00e9rante. Brume blanche pour diffusion uniforme et visible. Hypoallerg\u00e9nique Peaux sensibles Test\u00e9 sous contr\u00f4le dermatologique <\/span><\/p>\n<h3><span data-mce-fragment=\"1\">Composition <\/span><\/h3>\n<p><span data-mce-fragment=\"1\">BUTANE AQUA \/ WATER DICAPRYLYL ETHER HOMOSALATE DROMETRIZOLE TRISILOXANE ETHYLHEXYL SALICYLATE DIMETHICONE STYRENE\/ACRYLATES COPOLYMER OCTOCRYLENE BUTYL METHOXYDIBENZOYLMETHANE PEG-30 DIPOLYHYDROXYSTEARATE NYLON-12 DICAPRYLYL CARBONATE METHYL METHACRYLATE CROSSPOLYMER CYCLOHEXASILOXANE POLYMETHYLSILSESQUIOXANE P-ANISIC ACID CAPRYLYL GLYCOL DISODIUM EDTA DISTEARDIMONIUM HECTORITE DODECENE ETHYLHEXYL TRIAZONE ISODODECANE ISOSTEARYL ALCOHOL LAURYL PEG\/PPG-18\/18 METHICONE PEG-8 LAURATE PHENOXYETHANOL POLOXAMER 407 POLY C10-30 ALKYL ACRYLATE PROPYLENE CARBONATE SODIUM CHLORIDE TOCOPHEROL<\/span><\/p>","protected":false},"excerpt":{"rendered":"<p>Vichy Capital Soleil Brume Anti-Sable Enfants SPF50+\u00a0haute protection formul\u00e9e pour la peau fragile des enfants.\u00a0 Innovation D\u00e9couvrez la technologie anti-sable dans une brume solaire haute protection formul\u00e9e pour la peau fragile des enfants. Cette protection solaire pour enfants permet le d\u00e9collement du sable en un geste et limite ainsi les irritations de contact pour garantir [&hellip;]<\/p>\n","protected":false},"featured_media":22492,"template":"","meta":{"om_disable_all_campaigns":false},"product_brand":[3358],"product_cat":[18],"product_tag":[7481,7474,7476,7366,7164,7480,7477,6176,7482,5857,7475,7478,7479,5858,3359,7473,3360,3361],"class_list":{"0":"post-22493","1":"product","2":"type-product","3":"status-publish","4":"has-post-thumbnail","6":"product_brand-vichy-maroc-prix-vitablanca","7":"product_cat-beaute-sante","8":"product_tag-application-facile","9":"product_tag-brume-anti-sable","10":"product_tag-brume-solaire","11":"product_tag-eau-volcanique-vichy","12":"product_tag-enfants","13":"product_tag-haute-protection-uv","14":"product_tag-lotion-solaire","15":"product_tag-peau-sensible","16":"product_tag-protection-anti-uv-enfants","17":"product_tag-protection-solaire","18":"product_tag-resistante-a-leau","19":"product_tag-soin-solaire-enfants","20":"product_tag-solaire-corps-et-visage","21":"product_tag-spf50","22":"product_tag-vichy","23":"product_tag-vichy-capital-soleil","24":"product_tag-vichy-maroc","25":"product_tag-vichy-morocco","27":"first","28":"instock","29":"sale","30":"taxable","31":"shipping-taxable","32":"purchasable","33":"product-type-simple"},"yoast_head":"<!-- This site is optimized with the Yoast SEO plugin v27.5 - https:\/\/yoast.com\/product\/yoast-seo-wordpress\/ -->\n<title>Vichy Capital Soleil Anti-Sable Enfants SPF50 200 ml - Maroc Prix<\/title>\n<meta name=\"description\" content=\"Vichy Capital Soleil Brume Anti-Sable SPF50+ 200 ml : protection solaire tr\u00e8s haute pour enfants, r\u00e9sistante \u00e0 l\u2019eau, facile \u00e0 appliquer, sans sable.\" \/>\n<meta name=\"robots\" content=\"index, follow, max-snippet:-1, max-image-preview:large, max-video-preview:-1\" \/>\n<link rel=\"canonical\" href=\"https:\/\/vitablanca.ma\/en\/product\/vichy-capital-soleil-brume-anti-sable-enfants-spf50-200ml\/\" \/>\n<meta property=\"og:locale\" content=\"en_US\" \/>\n<meta property=\"og:type\" content=\"article\" \/>\n<meta property=\"og:title\" content=\"Vichy Capital Soleil Anti-Sable Enfants SPF50 200 ml - Maroc Prix\" \/>\n<meta property=\"og:description\" content=\"Vichy Capital Soleil Brume Anti-Sable SPF50+ 200 ml : protection solaire tr\u00e8s haute pour enfants, r\u00e9sistante \u00e0 l\u2019eau, facile \u00e0 appliquer, sans sable.\" \/>\n<meta property=\"og:url\" content=\"https:\/\/vitablanca.ma\/en\/product\/vichy-capital-soleil-brume-anti-sable-enfants-spf50-200ml\/\" \/>\n<meta property=\"og:site_name\" content=\"Vitablanca.ma &ndash; Sant&eacute;, vitalit&eacute; et bien-&ecirc;tre pour tous les Marocains\" \/>\n<meta property=\"article:publisher\" content=\"https:\/\/www.facebook.com\/profile.php?id=61576678196717\" \/>\n<meta property=\"article:modified_time\" content=\"2026-02-04T01:26:44+00:00\" \/>\n<meta property=\"og:image\" content=\"https:\/\/vitablanca.ma\/wp-content\/uploads\/2025\/06\/Vichy-Capital-Soleil-Brume-Anti-Sable-Enfants-SPF50_-Nova-parapharmacie-maroc.png\" \/>\n\t<meta property=\"og:image:width\" content=\"1000\" \/>\n\t<meta property=\"og:image:height\" content=\"1000\" \/>\n\t<meta property=\"og:image:type\" content=\"image\/png\" \/>\n<meta name=\"twitter:card\" content=\"summary_large_image\" \/>\n<meta name=\"twitter:label1\" content=\"Est. reading time\" \/>\n\t<meta name=\"twitter:data1\" content=\"2 minutes\" \/>\n<script type=\"application\/ld+json\" class=\"yoast-schema-graph\">{\"@context\":\"https:\\\/\\\/schema.org\",\"@graph\":[{\"@type\":[\"WebPage\",\"ItemPage\"],\"@id\":\"https:\\\/\\\/vitablanca.ma\\\/produit\\\/vichy-capital-soleil-brume-anti-sable-enfants-spf50-200ml\\\/\",\"url\":\"https:\\\/\\\/vitablanca.ma\\\/produit\\\/vichy-capital-soleil-brume-anti-sable-enfants-spf50-200ml\\\/\",\"name\":\"Vichy Capital Soleil Anti-Sable Enfants SPF50 200 ml - Maroc Prix\",\"isPartOf\":{\"@id\":\"https:\\\/\\\/vitablanca.ma\\\/#website\"},\"primaryImageOfPage\":{\"@id\":\"https:\\\/\\\/vitablanca.ma\\\/produit\\\/vichy-capital-soleil-brume-anti-sable-enfants-spf50-200ml\\\/#primaryimage\"},\"image\":{\"@id\":\"https:\\\/\\\/vitablanca.ma\\\/produit\\\/vichy-capital-soleil-brume-anti-sable-enfants-spf50-200ml\\\/#primaryimage\"},\"thumbnailUrl\":\"https:\\\/\\\/vitablanca.ma\\\/wp-content\\\/uploads\\\/2025\\\/06\\\/Vichy-Capital-Soleil-Brume-Anti-Sable-Enfants-SPF50_-Nova-parapharmacie-maroc.png\",\"datePublished\":\"2025-06-11T22:29:36+00:00\",\"dateModified\":\"2026-02-04T01:26:44+00:00\",\"description\":\"Vichy Capital Soleil Brume Anti-Sable SPF50+ 200 ml : protection solaire tr\u00e8s haute pour enfants, r\u00e9sistante \u00e0 l\u2019eau, facile \u00e0 appliquer, sans sable.\",\"breadcrumb\":{\"@id\":\"https:\\\/\\\/vitablanca.ma\\\/produit\\\/vichy-capital-soleil-brume-anti-sable-enfants-spf50-200ml\\\/#breadcrumb\"},\"inLanguage\":\"en-US\",\"potentialAction\":[{\"@type\":\"ReadAction\",\"target\":[\"https:\\\/\\\/vitablanca.ma\\\/produit\\\/vichy-capital-soleil-brume-anti-sable-enfants-spf50-200ml\\\/\"]}]},{\"@type\":\"ImageObject\",\"inLanguage\":\"en-US\",\"@id\":\"https:\\\/\\\/vitablanca.ma\\\/produit\\\/vichy-capital-soleil-brume-anti-sable-enfants-spf50-200ml\\\/#primaryimage\",\"url\":\"https:\\\/\\\/vitablanca.ma\\\/wp-content\\\/uploads\\\/2025\\\/06\\\/Vichy-Capital-Soleil-Brume-Anti-Sable-Enfants-SPF50_-Nova-parapharmacie-maroc.png\",\"contentUrl\":\"https:\\\/\\\/vitablanca.ma\\\/wp-content\\\/uploads\\\/2025\\\/06\\\/Vichy-Capital-Soleil-Brume-Anti-Sable-Enfants-SPF50_-Nova-parapharmacie-maroc.png\",\"width\":1000,\"height\":1000},{\"@type\":\"BreadcrumbList\",\"@id\":\"https:\\\/\\\/vitablanca.ma\\\/produit\\\/vichy-capital-soleil-brume-anti-sable-enfants-spf50-200ml\\\/#breadcrumb\",\"itemListElement\":[{\"@type\":\"ListItem\",\"position\":1,\"name\":\"Home\",\"item\":\"https:\\\/\\\/vitablanca.ma\\\/\"},{\"@type\":\"ListItem\",\"position\":2,\"name\":\"Tous Les Produits\",\"item\":\"https:\\\/\\\/vitablanca.ma\\\/tous-les-produits\\\/\"},{\"@type\":\"ListItem\",\"position\":3,\"name\":\"Vichy Capital Soleil Brume Anti-Sable Enfants SPF50+ 200ml\"}]},{\"@type\":\"WebSite\",\"@id\":\"https:\\\/\\\/vitablanca.ma\\\/#website\",\"url\":\"https:\\\/\\\/vitablanca.ma\\\/\",\"name\":\"VitaBlanca.ma | Compl\u00e9ments alimentaires, sant\u00e9 & beaut\u00e9 au Maroc\",\"description\":\"vendre vitamines et compl\u00e9ments premium des USA &amp; Canada, Nouvelle Z\u00e9lande,Maroc (NOW Foods, Solgar, Manuka). Livraison rapide partout au Maroc.\",\"publisher\":{\"@id\":\"https:\\\/\\\/vitablanca.ma\\\/#organization\"},\"alternateName\":\"VitaBlanca.ma\",\"potentialAction\":[{\"@type\":\"SearchAction\",\"target\":{\"@type\":\"EntryPoint\",\"urlTemplate\":\"https:\\\/\\\/vitablanca.ma\\\/?s={search_term_string}\"},\"query-input\":{\"@type\":\"PropertyValueSpecification\",\"valueRequired\":true,\"valueName\":\"search_term_string\"}}],\"inLanguage\":\"en-US\"},{\"@type\":\"Organization\",\"@id\":\"https:\\\/\\\/vitablanca.ma\\\/#organization\",\"name\":\"VitaBlanca\",\"url\":\"https:\\\/\\\/vitablanca.ma\\\/\",\"logo\":{\"@type\":\"ImageObject\",\"inLanguage\":\"en-US\",\"@id\":\"https:\\\/\\\/vitablanca.ma\\\/#\\\/schema\\\/logo\\\/image\\\/\",\"url\":\"https:\\\/\\\/vitablanca.ma\\\/wp-content\\\/uploads\\\/2025\\\/05\\\/cropped-vitablanca.png\",\"contentUrl\":\"https:\\\/\\\/vitablanca.ma\\\/wp-content\\\/uploads\\\/2025\\\/05\\\/cropped-vitablanca.png\",\"width\":360,\"height\":67,\"caption\":\"VitaBlanca\"},\"image\":{\"@id\":\"https:\\\/\\\/vitablanca.ma\\\/#\\\/schema\\\/logo\\\/image\\\/\"},\"sameAs\":[\"https:\\\/\\\/www.facebook.com\\\/profile.php?id=61576678196717\",\"https:\\\/\\\/www.tiktok.com\\\/@vitablanca.ma\",\"https:\\\/\\\/www.instagram.com\\\/vitablanca.ma\\\/\"]}]}<\/script>\n<!-- \/ Yoast SEO plugin. -->","yoast_head_json":{"title":"Vichy Capital Soleil Anti-Sable Enfants SPF50 200 ml - Maroc Prix","description":"Vichy Capital Soleil Brume Anti-Sable SPF50+ 200 ml : protection solaire tr\u00e8s haute pour enfants, r\u00e9sistante \u00e0 l\u2019eau, facile \u00e0 appliquer, sans sable.","robots":{"index":"index","follow":"follow","max-snippet":"max-snippet:-1","max-image-preview":"max-image-preview:large","max-video-preview":"max-video-preview:-1"},"canonical":"https:\/\/vitablanca.ma\/en\/product\/vichy-capital-soleil-brume-anti-sable-enfants-spf50-200ml\/","og_locale":"en_US","og_type":"article","og_title":"Vichy Capital Soleil Anti-Sable Enfants SPF50 200 ml - Maroc Prix","og_description":"Vichy Capital Soleil Brume Anti-Sable SPF50+ 200 ml : protection solaire tr\u00e8s haute pour enfants, r\u00e9sistante \u00e0 l\u2019eau, facile \u00e0 appliquer, sans sable.","og_url":"https:\/\/vitablanca.ma\/en\/product\/vichy-capital-soleil-brume-anti-sable-enfants-spf50-200ml\/","og_site_name":"Vitablanca.ma &ndash; Sant&eacute;, vitalit&eacute; et bien-&ecirc;tre pour tous les Marocains","article_publisher":"https:\/\/www.facebook.com\/profile.php?id=61576678196717","article_modified_time":"2026-02-04T01:26:44+00:00","og_image":[{"width":1000,"height":1000,"url":"https:\/\/vitablanca.ma\/wp-content\/uploads\/2025\/06\/Vichy-Capital-Soleil-Brume-Anti-Sable-Enfants-SPF50_-Nova-parapharmacie-maroc.png","type":"image\/png"}],"twitter_card":"summary_large_image","twitter_misc":{"Est. reading time":"2 minutes"},"schema":{"@context":"https:\/\/schema.org","@graph":[{"@type":["WebPage","ItemPage"],"@id":"https:\/\/vitablanca.ma\/produit\/vichy-capital-soleil-brume-anti-sable-enfants-spf50-200ml\/","url":"https:\/\/vitablanca.ma\/produit\/vichy-capital-soleil-brume-anti-sable-enfants-spf50-200ml\/","name":"Vichy Capital Soleil Anti-Sable Enfants SPF50 200 ml - Maroc Prix","isPartOf":{"@id":"https:\/\/vitablanca.ma\/#website"},"primaryImageOfPage":{"@id":"https:\/\/vitablanca.ma\/produit\/vichy-capital-soleil-brume-anti-sable-enfants-spf50-200ml\/#primaryimage"},"image":{"@id":"https:\/\/vitablanca.ma\/produit\/vichy-capital-soleil-brume-anti-sable-enfants-spf50-200ml\/#primaryimage"},"thumbnailUrl":"https:\/\/vitablanca.ma\/wp-content\/uploads\/2025\/06\/Vichy-Capital-Soleil-Brume-Anti-Sable-Enfants-SPF50_-Nova-parapharmacie-maroc.png","datePublished":"2025-06-11T22:29:36+00:00","dateModified":"2026-02-04T01:26:44+00:00","description":"Vichy Capital Soleil Brume Anti-Sable SPF50+ 200 ml : protection solaire tr\u00e8s haute pour enfants, r\u00e9sistante \u00e0 l\u2019eau, facile \u00e0 appliquer, sans sable.","breadcrumb":{"@id":"https:\/\/vitablanca.ma\/produit\/vichy-capital-soleil-brume-anti-sable-enfants-spf50-200ml\/#breadcrumb"},"inLanguage":"en-US","potentialAction":[{"@type":"ReadAction","target":["https:\/\/vitablanca.ma\/produit\/vichy-capital-soleil-brume-anti-sable-enfants-spf50-200ml\/"]}]},{"@type":"ImageObject","inLanguage":"en-US","@id":"https:\/\/vitablanca.ma\/produit\/vichy-capital-soleil-brume-anti-sable-enfants-spf50-200ml\/#primaryimage","url":"https:\/\/vitablanca.ma\/wp-content\/uploads\/2025\/06\/Vichy-Capital-Soleil-Brume-Anti-Sable-Enfants-SPF50_-Nova-parapharmacie-maroc.png","contentUrl":"https:\/\/vitablanca.ma\/wp-content\/uploads\/2025\/06\/Vichy-Capital-Soleil-Brume-Anti-Sable-Enfants-SPF50_-Nova-parapharmacie-maroc.png","width":1000,"height":1000},{"@type":"BreadcrumbList","@id":"https:\/\/vitablanca.ma\/produit\/vichy-capital-soleil-brume-anti-sable-enfants-spf50-200ml\/#breadcrumb","itemListElement":[{"@type":"ListItem","position":1,"name":"Home","item":"https:\/\/vitablanca.ma\/"},{"@type":"ListItem","position":2,"name":"Tous Les Produits","item":"https:\/\/vitablanca.ma\/tous-les-produits\/"},{"@type":"ListItem","position":3,"name":"Vichy Capital Soleil Brume Anti-Sable Enfants SPF50+ 200ml"}]},{"@type":"WebSite","@id":"https:\/\/vitablanca.ma\/#website","url":"https:\/\/vitablanca.ma\/","name":"VitaBlanca.ma | Food supplements, health &amp; beauty in Morocco","description":"sell premium vitamins and supplements from USA &amp; Canada, New Zealand, Morocco (NOW Foods, Solgar, Manuka). Fast delivery anywhere in Morocco.","publisher":{"@id":"https:\/\/vitablanca.ma\/#organization"},"alternateName":"VitaBlanca.ma","potentialAction":[{"@type":"SearchAction","target":{"@type":"EntryPoint","urlTemplate":"https:\/\/vitablanca.ma\/?s={search_term_string}"},"query-input":{"@type":"PropertyValueSpecification","valueRequired":true,"valueName":"search_term_string"}}],"inLanguage":"en-US"},{"@type":"Organization","@id":"https:\/\/vitablanca.ma\/#organization","name":"VitaBlanca","url":"https:\/\/vitablanca.ma\/","logo":{"@type":"ImageObject","inLanguage":"en-US","@id":"https:\/\/vitablanca.ma\/#\/schema\/logo\/image\/","url":"https:\/\/vitablanca.ma\/wp-content\/uploads\/2025\/05\/cropped-vitablanca.png","contentUrl":"https:\/\/vitablanca.ma\/wp-content\/uploads\/2025\/05\/cropped-vitablanca.png","width":360,"height":67,"caption":"VitaBlanca"},"image":{"@id":"https:\/\/vitablanca.ma\/#\/schema\/logo\/image\/"},"sameAs":["https:\/\/www.facebook.com\/profile.php?id=61576678196717","https:\/\/www.tiktok.com\/@vitablanca.ma","https:\/\/www.instagram.com\/vitablanca.ma\/"]}]}},"jetpack_sharing_enabled":true,"_links":{"self":[{"href":"https:\/\/vitablanca.ma\/en\/wp-json\/wp\/v2\/product\/22493","targetHints":{"allow":["GET"]}}],"collection":[{"href":"https:\/\/vitablanca.ma\/en\/wp-json\/wp\/v2\/product"}],"about":[{"href":"https:\/\/vitablanca.ma\/en\/wp-json\/wp\/v2\/types\/product"}],"wp:featuredmedia":[{"embeddable":true,"href":"https:\/\/vitablanca.ma\/en\/wp-json\/wp\/v2\/media\/22492"}],"wp:attachment":[{"href":"https:\/\/vitablanca.ma\/en\/wp-json\/wp\/v2\/media?parent=22493"}],"wp:term":[{"taxonomy":"product_brand","embeddable":true,"href":"https:\/\/vitablanca.ma\/en\/wp-json\/wp\/v2\/product_brand?post=22493"},{"taxonomy":"product_cat","embeddable":true,"href":"https:\/\/vitablanca.ma\/en\/wp-json\/wp\/v2\/product_cat?post=22493"},{"taxonomy":"product_tag","embeddable":true,"href":"https:\/\/vitablanca.ma\/en\/wp-json\/wp\/v2\/product_tag?post=22493"}],"curies":[{"name":"wp","href":"https:\/\/api.w.org\/{rel}","templated":true}]}}