{"id":22476,"date":"2025-06-11T22:25:54","date_gmt":"2025-06-11T22:25:54","guid":{"rendered":"https:\/\/vitablanca.ma\/product\/vichy-dercos-nutrients-shampooing-detox-250ml\/"},"modified":"2026-02-04T01:50:52","modified_gmt":"2026-02-04T01:50:52","slug":"vichy-dercos-nutrients-shampooing-detox-250ml","status":"publish","type":"product","link":"https:\/\/vitablanca.ma\/en\/product\/vichy-dercos-nutrients-shampooing-detox-250ml\/","title":{"rendered":"Vichy Dercos Nutrients Detox Shampoo 250ml"},"content":{"rendered":"<h2>Vichy Dercos Nutrients Detox Shampoo\u00a0<span data-mce-fragment=\"1\">Removes sebum and pollution particles<\/span><\/h2>\n<p>Purifying shampoo for hair and scalp that quickly become greasy. Its formula, combining detoxifying spirulina and purifying charcoal with a gentle, plant-based cleansing base, refreshes the scalp, cleanses pollution particles, and ensures light, manageable hair.<br \/>\nFor women exposed to daily pollution, which affects sebum production.<\/p>\n<div class=\"tick-list\">\n<ul>\n<li>ELIMINATES POLLUTION PARTICLES<\/li>\n<li>REFRESHES THE SCALP<\/li>\n<li>LIGHT HAIR<\/li>\n<li>SILICONE-FREE FOR A NATURAL TOUCH<\/li>\n<li>GENTLE WASHING BASE<\/li>\n<\/ul>\n<div class=\"ctn_top-accordion\">\n<div class=\"accordion-item itemForm no-overflow\">\n<h3 class=\"accordion-item-title\">Efficiency<\/h3>\n<div class=\"accordion-content\">\n<p>Cleanses 93 % of pollution residue on the scalp*,<br \/>\nVolume: + 36 % after 1 application of Detox shampoo*<br \/>\n*Instrumental tests, application of Detox shampoo<\/p>\n<\/div>\n<\/div>\n<div class=\"accordion-item itemForm no-overflow\">\n<h3 class=\"accordion-item-title\">Application<\/h3>\n<div class=\"accordion-content\">\n<p>Apply generously, massage, then rinse. In case of contact with eyes, rinse immediately and thoroughly.<\/p>\n<\/div>\n<\/div>\n<div class=\"accordion-item itemForm no-overflow\">\n<h3 class=\"accordion-item-title\">Security<\/h3>\n<div class=\"accordion-content\">\n<p>Suitable for sensitive scalp<\/p>\n<\/div>\n<\/div>\n<\/div>\n<div class=\"ctn_bottom-accordion\">\n<div class=\"accordion-item composition\">\n<h3 class=\"accordion-item-title\">Composition<\/h3>\n<div id=\"listIngredient_26176\" class=\"accordion-content obj_ingredients\">\n<div id=\"ingredients-list\">\n<p><em>AQUA \/ WATER \u2013 AMMONIUM LAURYL SULFATE \u2013 COCAMIDOPROPYL BETAINE \u2013 SODIUM CHLORIDE \u2013 BENZOIC ACID \u2013 CHARCOAL POWDER \u2013 CITRIC ACID \u2013 DEXTRIN \u2013 GERANIOL \u2013 HEXYLENE GLYCOL \u2013 HYDROLYZED LUPINE PROTEIN \u2013 HYDROXYPROPYL GUAR HYDROXYPROPYLTRIMONIUM CHLORIDE \u2013 LIMONENE \u2013 NEOHESPERIDIN DIHYDROCHALCONE \u2013 POLYGLYCERIN-10 \u2013 POLYGLYCERYL-10 MYRISTATE \u2013 POLYGLYCERYL-10 STEARATE \u2013 SALICYLIC ACID \u2013 SODIUM BENZOATE \u2013 SODIUM CITRATE \u2013 SODIUM DEHYDROACETATE \u2013 SODIUM HYDROXIDE \u2013 SODIUM PHOSPHATE \u2013 SPIRULINA PLATENSIS EXTRACT \u2013 PERFUME \/ FRAGRANCE.<\/em><\/p>\n<\/div>\n<\/div>\n<\/div>\n<\/div>\n<\/div>","protected":false},"excerpt":{"rendered":"<p>Vichy Dercos Nutrients Shampooing D\u00e9tox\u00a0\u00c9limine le s\u00e9bum et les particules de pollution Shampooing purifiant pour cheveux et cuir chevelu regraissant vite. Sa formule, associant la spiruline d\u00e9tox et le charbon assainissant \u00e0 une base lavante douce d&rsquo;origine v\u00e9g\u00e9tale, rafra\u00eechit le cuir chevelu, nettoie les particules de pollution et garantit une chevelure l\u00e9g\u00e8re. Pour les femmes [&hellip;]<\/p>\n","protected":false},"featured_media":22475,"template":"","meta":{"om_disable_all_campaigns":false},"product_brand":[3358],"product_cat":[18],"product_tag":[6263,6729,6152,6312,7010,7507,7506,7536,7556,7557,7555,7537,7558,7346,3359,7392,3360,3361],"class_list":{"0":"post-22476","1":"product","2":"type-product","3":"status-publish","4":"has-post-thumbnail","6":"product_brand-vichy-maroc-prix-vitablanca","7":"product_cat-beaute-sante","8":"product_tag-cheveux-eclatants","9":"product_tag-cheveux-fragiles","10":"product_tag-cheveux-frais","11":"product_tag-cheveux-legers","12":"product_tag-cheveux-sains","13":"product_tag-detox-cheveux","14":"product_tag-nutrients","15":"product_tag-purifie-cuir-chevelu","16":"product_tag-revitalise-cheveux","17":"product_tag-shampooing-cuirs-sensibles","18":"product_tag-shampooing-detox","19":"product_tag-shampooing-usage-frequent","20":"product_tag-shampooing-vitamines-et-mineraux","21":"product_tag-soin-capillaire-vichy","22":"product_tag-vichy","23":"product_tag-vichy-dercos","24":"product_tag-vichy-maroc","25":"product_tag-vichy-morocco","27":"first","28":"instock","29":"sale","30":"taxable","31":"shipping-taxable","32":"purchasable","33":"product-type-simple"},"yoast_head":"<!-- This site is optimized with the Yoast SEO plugin v27.4 - https:\/\/yoast.com\/product\/yoast-seo-wordpress\/ -->\n<title>Vichy Dercos Nutrients Shampooing D\u00e9tox 250ml - Maroc Prix<\/title>\n<meta name=\"description\" content=\"Vichy Dercos Nutrients Shampooing D\u00e9tox 250 ml : purifie et revitalise cheveux et cuir chevelu, \u00e9limine impuret\u00e9s et s\u00e9bum pour des cheveux frais.\" \/>\n<meta name=\"robots\" content=\"index, follow, max-snippet:-1, max-image-preview:large, max-video-preview:-1\" \/>\n<link rel=\"canonical\" href=\"https:\/\/vitablanca.ma\/en\/product\/vichy-dercos-nutrients-shampooing-detox-250ml\/\" \/>\n<meta property=\"og:locale\" content=\"en_US\" \/>\n<meta property=\"og:type\" content=\"article\" \/>\n<meta property=\"og:title\" content=\"Vichy Dercos Nutrients Shampooing D\u00e9tox 250ml - Maroc Prix\" \/>\n<meta property=\"og:description\" content=\"Vichy Dercos Nutrients Shampooing D\u00e9tox 250 ml : purifie et revitalise cheveux et cuir chevelu, \u00e9limine impuret\u00e9s et s\u00e9bum pour des cheveux frais.\" \/>\n<meta property=\"og:url\" content=\"https:\/\/vitablanca.ma\/en\/product\/vichy-dercos-nutrients-shampooing-detox-250ml\/\" \/>\n<meta property=\"og:site_name\" content=\"Vitablanca.ma &ndash; Sant&eacute;, vitalit&eacute; et bien-&ecirc;tre pour tous les Marocains\" \/>\n<meta property=\"article:publisher\" content=\"https:\/\/www.facebook.com\/profile.php?id=61576678196717\" \/>\n<meta property=\"article:modified_time\" content=\"2026-02-04T01:50:52+00:00\" \/>\n<meta property=\"og:image\" content=\"https:\/\/vitablanca.ma\/wp-content\/uploads\/2025\/06\/Vichy-Dercos-Nutrients-Shampooing-Detox-250ml-nova-parapharmacie-maroc-1.png\" \/>\n\t<meta property=\"og:image:width\" content=\"1000\" \/>\n\t<meta property=\"og:image:height\" content=\"1000\" \/>\n\t<meta property=\"og:image:type\" content=\"image\/png\" \/>\n<meta name=\"twitter:card\" content=\"summary_large_image\" \/>\n<meta name=\"twitter:label1\" content=\"Est. reading time\" \/>\n\t<meta name=\"twitter:data1\" content=\"2 minutes\" \/>\n<script type=\"application\/ld+json\" class=\"yoast-schema-graph\">{\"@context\":\"https:\\\/\\\/schema.org\",\"@graph\":[{\"@type\":[\"WebPage\",\"ItemPage\"],\"@id\":\"https:\\\/\\\/vitablanca.ma\\\/produit\\\/vichy-dercos-nutrients-shampooing-detox-250ml\\\/\",\"url\":\"https:\\\/\\\/vitablanca.ma\\\/produit\\\/vichy-dercos-nutrients-shampooing-detox-250ml\\\/\",\"name\":\"Vichy Dercos Nutrients Shampooing D\u00e9tox 250ml - Maroc Prix\",\"isPartOf\":{\"@id\":\"https:\\\/\\\/vitablanca.ma\\\/#website\"},\"primaryImageOfPage\":{\"@id\":\"https:\\\/\\\/vitablanca.ma\\\/produit\\\/vichy-dercos-nutrients-shampooing-detox-250ml\\\/#primaryimage\"},\"image\":{\"@id\":\"https:\\\/\\\/vitablanca.ma\\\/produit\\\/vichy-dercos-nutrients-shampooing-detox-250ml\\\/#primaryimage\"},\"thumbnailUrl\":\"https:\\\/\\\/vitablanca.ma\\\/wp-content\\\/uploads\\\/2025\\\/06\\\/Vichy-Dercos-Nutrients-Shampooing-Detox-250ml-nova-parapharmacie-maroc-1.png\",\"datePublished\":\"2025-06-11T22:25:54+00:00\",\"dateModified\":\"2026-02-04T01:50:52+00:00\",\"description\":\"Vichy Dercos Nutrients Shampooing D\u00e9tox 250 ml : purifie et revitalise cheveux et cuir chevelu, \u00e9limine impuret\u00e9s et s\u00e9bum pour des cheveux frais.\",\"breadcrumb\":{\"@id\":\"https:\\\/\\\/vitablanca.ma\\\/produit\\\/vichy-dercos-nutrients-shampooing-detox-250ml\\\/#breadcrumb\"},\"inLanguage\":\"en-US\",\"potentialAction\":[{\"@type\":\"ReadAction\",\"target\":[\"https:\\\/\\\/vitablanca.ma\\\/produit\\\/vichy-dercos-nutrients-shampooing-detox-250ml\\\/\"]}]},{\"@type\":\"ImageObject\",\"inLanguage\":\"en-US\",\"@id\":\"https:\\\/\\\/vitablanca.ma\\\/produit\\\/vichy-dercos-nutrients-shampooing-detox-250ml\\\/#primaryimage\",\"url\":\"https:\\\/\\\/vitablanca.ma\\\/wp-content\\\/uploads\\\/2025\\\/06\\\/Vichy-Dercos-Nutrients-Shampooing-Detox-250ml-nova-parapharmacie-maroc-1.png\",\"contentUrl\":\"https:\\\/\\\/vitablanca.ma\\\/wp-content\\\/uploads\\\/2025\\\/06\\\/Vichy-Dercos-Nutrients-Shampooing-Detox-250ml-nova-parapharmacie-maroc-1.png\",\"width\":1000,\"height\":1000},{\"@type\":\"BreadcrumbList\",\"@id\":\"https:\\\/\\\/vitablanca.ma\\\/produit\\\/vichy-dercos-nutrients-shampooing-detox-250ml\\\/#breadcrumb\",\"itemListElement\":[{\"@type\":\"ListItem\",\"position\":1,\"name\":\"Home\",\"item\":\"https:\\\/\\\/vitablanca.ma\\\/\"},{\"@type\":\"ListItem\",\"position\":2,\"name\":\"Tous Les Produits\",\"item\":\"https:\\\/\\\/vitablanca.ma\\\/tous-les-produits\\\/\"},{\"@type\":\"ListItem\",\"position\":3,\"name\":\"Vichy Dercos Nutrients Shampooing D\u00e9tox 250ml\"}]},{\"@type\":\"WebSite\",\"@id\":\"https:\\\/\\\/vitablanca.ma\\\/#website\",\"url\":\"https:\\\/\\\/vitablanca.ma\\\/\",\"name\":\"VitaBlanca.ma | Compl\u00e9ments alimentaires, sant\u00e9 & beaut\u00e9 au Maroc\",\"description\":\"vendre vitamines et compl\u00e9ments premium des USA &amp; Canada, Nouvelle Z\u00e9lande,Maroc (NOW Foods, Solgar, Manuka). Livraison rapide partout au Maroc.\",\"publisher\":{\"@id\":\"https:\\\/\\\/vitablanca.ma\\\/#organization\"},\"alternateName\":\"VitaBlanca.ma\",\"potentialAction\":[{\"@type\":\"SearchAction\",\"target\":{\"@type\":\"EntryPoint\",\"urlTemplate\":\"https:\\\/\\\/vitablanca.ma\\\/?s={search_term_string}\"},\"query-input\":{\"@type\":\"PropertyValueSpecification\",\"valueRequired\":true,\"valueName\":\"search_term_string\"}}],\"inLanguage\":\"en-US\"},{\"@type\":\"Organization\",\"@id\":\"https:\\\/\\\/vitablanca.ma\\\/#organization\",\"name\":\"VitaBlanca\",\"url\":\"https:\\\/\\\/vitablanca.ma\\\/\",\"logo\":{\"@type\":\"ImageObject\",\"inLanguage\":\"en-US\",\"@id\":\"https:\\\/\\\/vitablanca.ma\\\/#\\\/schema\\\/logo\\\/image\\\/\",\"url\":\"https:\\\/\\\/vitablanca.ma\\\/wp-content\\\/uploads\\\/2025\\\/05\\\/cropped-vitablanca.png\",\"contentUrl\":\"https:\\\/\\\/vitablanca.ma\\\/wp-content\\\/uploads\\\/2025\\\/05\\\/cropped-vitablanca.png\",\"width\":360,\"height\":67,\"caption\":\"VitaBlanca\"},\"image\":{\"@id\":\"https:\\\/\\\/vitablanca.ma\\\/#\\\/schema\\\/logo\\\/image\\\/\"},\"sameAs\":[\"https:\\\/\\\/www.facebook.com\\\/profile.php?id=61576678196717\",\"https:\\\/\\\/www.tiktok.com\\\/@vitablanca.ma\",\"https:\\\/\\\/www.instagram.com\\\/vitablanca.ma\\\/\"]}]}<\/script>\n<!-- \/ Yoast SEO plugin. -->","yoast_head_json":{"title":"Vichy Dercos Nutrients Detox Shampoo 250ml - Morocco Price","description":"Vichy Dercos Nutrients Shampooing D\u00e9tox 250 ml : purifie et revitalise cheveux et cuir chevelu, \u00e9limine impuret\u00e9s et s\u00e9bum pour des cheveux frais.","robots":{"index":"index","follow":"follow","max-snippet":"max-snippet:-1","max-image-preview":"max-image-preview:large","max-video-preview":"max-video-preview:-1"},"canonical":"https:\/\/vitablanca.ma\/en\/product\/vichy-dercos-nutrients-shampooing-detox-250ml\/","og_locale":"en_US","og_type":"article","og_title":"Vichy Dercos Nutrients Shampooing D\u00e9tox 250ml - Maroc Prix","og_description":"Vichy Dercos Nutrients Shampooing D\u00e9tox 250 ml : purifie et revitalise cheveux et cuir chevelu, \u00e9limine impuret\u00e9s et s\u00e9bum pour des cheveux frais.","og_url":"https:\/\/vitablanca.ma\/en\/product\/vichy-dercos-nutrients-shampooing-detox-250ml\/","og_site_name":"Vitablanca.ma &ndash; Sant&eacute;, vitalit&eacute; et bien-&ecirc;tre pour tous les Marocains","article_publisher":"https:\/\/www.facebook.com\/profile.php?id=61576678196717","article_modified_time":"2026-02-04T01:50:52+00:00","og_image":[{"width":1000,"height":1000,"url":"https:\/\/vitablanca.ma\/wp-content\/uploads\/2025\/06\/Vichy-Dercos-Nutrients-Shampooing-Detox-250ml-nova-parapharmacie-maroc-1.png","type":"image\/png"}],"twitter_card":"summary_large_image","twitter_misc":{"Est. reading time":"2 minutes"},"schema":{"@context":"https:\/\/schema.org","@graph":[{"@type":["WebPage","ItemPage"],"@id":"https:\/\/vitablanca.ma\/produit\/vichy-dercos-nutrients-shampooing-detox-250ml\/","url":"https:\/\/vitablanca.ma\/produit\/vichy-dercos-nutrients-shampooing-detox-250ml\/","name":"Vichy Dercos Nutrients Detox Shampoo 250ml - Morocco Price","isPartOf":{"@id":"https:\/\/vitablanca.ma\/#website"},"primaryImageOfPage":{"@id":"https:\/\/vitablanca.ma\/produit\/vichy-dercos-nutrients-shampooing-detox-250ml\/#primaryimage"},"image":{"@id":"https:\/\/vitablanca.ma\/produit\/vichy-dercos-nutrients-shampooing-detox-250ml\/#primaryimage"},"thumbnailUrl":"https:\/\/vitablanca.ma\/wp-content\/uploads\/2025\/06\/Vichy-Dercos-Nutrients-Shampooing-Detox-250ml-nova-parapharmacie-maroc-1.png","datePublished":"2025-06-11T22:25:54+00:00","dateModified":"2026-02-04T01:50:52+00:00","description":"Vichy Dercos Nutrients Shampooing D\u00e9tox 250 ml : purifie et revitalise cheveux et cuir chevelu, \u00e9limine impuret\u00e9s et s\u00e9bum pour des cheveux frais.","breadcrumb":{"@id":"https:\/\/vitablanca.ma\/produit\/vichy-dercos-nutrients-shampooing-detox-250ml\/#breadcrumb"},"inLanguage":"en-US","potentialAction":[{"@type":"ReadAction","target":["https:\/\/vitablanca.ma\/produit\/vichy-dercos-nutrients-shampooing-detox-250ml\/"]}]},{"@type":"ImageObject","inLanguage":"en-US","@id":"https:\/\/vitablanca.ma\/produit\/vichy-dercos-nutrients-shampooing-detox-250ml\/#primaryimage","url":"https:\/\/vitablanca.ma\/wp-content\/uploads\/2025\/06\/Vichy-Dercos-Nutrients-Shampooing-Detox-250ml-nova-parapharmacie-maroc-1.png","contentUrl":"https:\/\/vitablanca.ma\/wp-content\/uploads\/2025\/06\/Vichy-Dercos-Nutrients-Shampooing-Detox-250ml-nova-parapharmacie-maroc-1.png","width":1000,"height":1000},{"@type":"BreadcrumbList","@id":"https:\/\/vitablanca.ma\/produit\/vichy-dercos-nutrients-shampooing-detox-250ml\/#breadcrumb","itemListElement":[{"@type":"ListItem","position":1,"name":"Home","item":"https:\/\/vitablanca.ma\/"},{"@type":"ListItem","position":2,"name":"Tous Les Produits","item":"https:\/\/vitablanca.ma\/tous-les-produits\/"},{"@type":"ListItem","position":3,"name":"Vichy Dercos Nutrients Shampooing D\u00e9tox 250ml"}]},{"@type":"WebSite","@id":"https:\/\/vitablanca.ma\/#website","url":"https:\/\/vitablanca.ma\/","name":"VitaBlanca.ma | Food supplements, health &amp; beauty in Morocco","description":"sell premium vitamins and supplements from USA &amp; Canada, New Zealand, Morocco (NOW Foods, Solgar, Manuka). Fast delivery anywhere in Morocco.","publisher":{"@id":"https:\/\/vitablanca.ma\/#organization"},"alternateName":"VitaBlanca.ma","potentialAction":[{"@type":"SearchAction","target":{"@type":"EntryPoint","urlTemplate":"https:\/\/vitablanca.ma\/?s={search_term_string}"},"query-input":{"@type":"PropertyValueSpecification","valueRequired":true,"valueName":"search_term_string"}}],"inLanguage":"en-US"},{"@type":"Organization","@id":"https:\/\/vitablanca.ma\/#organization","name":"VitaBlanca","url":"https:\/\/vitablanca.ma\/","logo":{"@type":"ImageObject","inLanguage":"en-US","@id":"https:\/\/vitablanca.ma\/#\/schema\/logo\/image\/","url":"https:\/\/vitablanca.ma\/wp-content\/uploads\/2025\/05\/cropped-vitablanca.png","contentUrl":"https:\/\/vitablanca.ma\/wp-content\/uploads\/2025\/05\/cropped-vitablanca.png","width":360,"height":67,"caption":"VitaBlanca"},"image":{"@id":"https:\/\/vitablanca.ma\/#\/schema\/logo\/image\/"},"sameAs":["https:\/\/www.facebook.com\/profile.php?id=61576678196717","https:\/\/www.tiktok.com\/@vitablanca.ma","https:\/\/www.instagram.com\/vitablanca.ma\/"]}]}},"jetpack_sharing_enabled":true,"_links":{"self":[{"href":"https:\/\/vitablanca.ma\/en\/wp-json\/wp\/v2\/product\/22476","targetHints":{"allow":["GET"]}}],"collection":[{"href":"https:\/\/vitablanca.ma\/en\/wp-json\/wp\/v2\/product"}],"about":[{"href":"https:\/\/vitablanca.ma\/en\/wp-json\/wp\/v2\/types\/product"}],"wp:featuredmedia":[{"embeddable":true,"href":"https:\/\/vitablanca.ma\/en\/wp-json\/wp\/v2\/media\/22475"}],"wp:attachment":[{"href":"https:\/\/vitablanca.ma\/en\/wp-json\/wp\/v2\/media?parent=22476"}],"wp:term":[{"taxonomy":"product_brand","embeddable":true,"href":"https:\/\/vitablanca.ma\/en\/wp-json\/wp\/v2\/product_brand?post=22476"},{"taxonomy":"product_cat","embeddable":true,"href":"https:\/\/vitablanca.ma\/en\/wp-json\/wp\/v2\/product_cat?post=22476"},{"taxonomy":"product_tag","embeddable":true,"href":"https:\/\/vitablanca.ma\/en\/wp-json\/wp\/v2\/product_tag?post=22476"}],"curies":[{"name":"wp","href":"https:\/\/api.w.org\/{rel}","templated":true}]}}