{"id":22467,"date":"2025-06-11T22:24:07","date_gmt":"2025-06-11T22:24:07","guid":{"rendered":"https:\/\/vitablanca.ma\/product\/vichy-dercos-technique-anti-pelliculaire-k-250ml\/"},"modified":"2026-02-04T01:41:33","modified_gmt":"2026-02-04T01:41:33","slug":"vichy-dercos-technique-anti-pelliculaire-k-250ml","status":"publish","type":"product","link":"https:\/\/vitablanca.ma\/en\/product\/vichy-dercos-technique-anti-pelliculaire-k-250ml\/","title":{"rendered":"Vichy Dercos Technique Anti-Dandruff K 250ml"},"content":{"rendered":"<h2>Vichy Dercos Technique Anti-Dandruff K Sebum and dandruff are eliminated, the scalp is soothed<\/h2>\n<p>With its gentle exfoliating formula, DERCOS ANTI-DANDRUFF K eliminates dandruff, excess sebum, and even the most stubborn impurities. Hypoallergenic and tested on sensitive scalps, this purifying shampoo is perfect for daily use. Its pH 5.5 formula (physiological pH of the scalp) helps rebalance the scalp&#039;s microbiome.<\/p>\n<h3>EFFICIENCY<\/h3>\n<ul>\n<li>Visible results: Reduction in dandruff perceived by 100% of the subjects.<\/li>\n<li>Significant anti-dandruff results from the first week of use<\/li>\n<\/ul>\n<h3 class=\"accordion-item-title\">Composition<\/h3>\n<div id=\"listIngredient_41049\" class=\"accordion-content obj_ingredients\">\n<div id=\"ingredients-list\">\n<p><em>AQUA \/ WATER \/ EAU \u2013 SODIUM LAURETH SULFATE \u2013 COCAMIDE MEA \u2013 GLYCERIN \u2013 COCO-BETAINE \u2013 LAURETH-5 CARBOXYLIC ACID \u2013 ACRYLATES COPOLYMER \u2013 SALICYLIC ACID \u2013 COCAMIDE MIPA \u2013 PIROCTONE OLAMINE \u2013 CAPRYLOYL SALICYLIC ACID \u2013 CARAMEL \u2013 CI 42090 \/ BLUE 1 \u2013 CITRIC ACID \u2013 HEXYLENE GLYCOL \u2013 ISOPROPYL MYRISTATE \u2013 MENTHOL \u2013 NIACINAMIDE \u2013 PEG-55 PROPYLENE GLYCOL OLEATE \u2013 POLYQUATERNIUM-10 \u2013 PROPYLENE GLYCOL \u2013 PRUNUS ARMENIACA SEED POWDER \/ APRICOT SEED POWDER \u2013 SODIUM BENZOATE \u2013 SODIUM CHLORIDE \u2013 SODIUM HYDROXIDE \u2013 PARFUM \/ FRAGRANCE<\/em><\/p>\n<\/div>\n<\/div>","protected":false},"excerpt":{"rendered":"<p>Vichy Dercos Technique Anti-Pelliculaire K\u00a0Le s\u00e9bum et les pellicules sont \u00e9limin\u00e9s, le cuir chevelu apais\u00e9 Gr\u00e2ce \u00e0 sa formule exfoliante douce, DERCOS ANTI-PELLICULAIRE K \u00e9limine les pellicules, l&rsquo;exc\u00e8s de s\u00e9bum et les impuret\u00e9s, m\u00eame les plus adh\u00e9rentes. Hypoallerg\u00e9nique et test\u00e9 sur cuir chevelu sensible, ce shampooing purifiant est parfait pour un usage quotidien. Sa formule [&hellip;]<\/p>\n","protected":false},"featured_media":22466,"template":"","meta":{"om_disable_all_campaigns":false},"product_brand":[3358],"product_cat":[18],"product_tag":[7528,6037,6312,7010,7343,7366,7524,7525,7523,7526,7529,7527,7502,7522,3359,7392,3360,3361],"class_list":{"0":"post-22467","1":"product","2":"type-product","3":"status-publish","4":"has-post-thumbnail","6":"product_brand-vichy-maroc-prix-vitablanca","7":"product_cat-beaute-sante","8":"product_tag-anti-squames","9":"product_tag-cheveux-doux","10":"product_tag-cheveux-legers","11":"product_tag-cheveux-sains","12":"product_tag-cuir-chevelu-sensible","13":"product_tag-eau-volcanique-vichy","14":"product_tag-pellicules","15":"product_tag-reduit-demangeaisons","16":"product_tag-shampooing-anti-pelliculaire","17":"product_tag-shampooing-apaisant","18":"product_tag-shampooing-cheveux-fragiles","19":"product_tag-soin-capillaire-dermatologique","20":"product_tag-soin-cheveux-vichy","21":"product_tag-technique-anti-pelliculaire-k","22":"product_tag-vichy","23":"product_tag-vichy-dercos","24":"product_tag-vichy-maroc","25":"product_tag-vichy-morocco","27":"first","28":"instock","29":"sale","30":"taxable","31":"shipping-taxable","32":"purchasable","33":"product-type-simple"},"yoast_head":"<!-- This site is optimized with the Yoast SEO plugin v27.4 - https:\/\/yoast.com\/product\/yoast-seo-wordpress\/ -->\n<title>Vichy Dercos Anti-Pelliculaire K 250 ml Shampooing- Maroc Prix<\/title>\n<meta name=\"description\" content=\"Vichy Dercos Technique Anti-Pelliculaire K 250 ml : shampooing anti-pelliculaire pour cuir chevelu sensible, \u00e9limine pellicules et apaise d\u00e9mangeaisons.\" \/>\n<meta name=\"robots\" content=\"index, follow, max-snippet:-1, max-image-preview:large, max-video-preview:-1\" \/>\n<link rel=\"canonical\" href=\"https:\/\/vitablanca.ma\/en\/product\/vichy-dercos-technique-anti-pelliculaire-k-250ml\/\" \/>\n<meta property=\"og:locale\" content=\"en_US\" \/>\n<meta property=\"og:type\" content=\"article\" \/>\n<meta property=\"og:title\" content=\"Vichy Dercos Anti-Pelliculaire K 250 ml Shampooing- Maroc Prix\" \/>\n<meta property=\"og:description\" content=\"Vichy Dercos Technique Anti-Pelliculaire K 250 ml : shampooing anti-pelliculaire pour cuir chevelu sensible, \u00e9limine pellicules et apaise d\u00e9mangeaisons.\" \/>\n<meta property=\"og:url\" content=\"https:\/\/vitablanca.ma\/en\/product\/vichy-dercos-technique-anti-pelliculaire-k-250ml\/\" \/>\n<meta property=\"og:site_name\" content=\"Vitablanca.ma &ndash; Sant&eacute;, vitalit&eacute; et bien-&ecirc;tre pour tous les Marocains\" \/>\n<meta property=\"article:publisher\" content=\"https:\/\/www.facebook.com\/profile.php?id=61576678196717\" \/>\n<meta property=\"article:modified_time\" content=\"2026-02-04T01:41:33+00:00\" \/>\n<meta property=\"og:image\" content=\"https:\/\/vitablanca.ma\/wp-content\/uploads\/2025\/06\/Vichy-Dercos-Technique-Anti-Pelliculaire-K-250ml-nova-parapharmacie-maroc-1.png\" \/>\n\t<meta property=\"og:image:width\" content=\"1000\" \/>\n\t<meta property=\"og:image:height\" content=\"1000\" \/>\n\t<meta property=\"og:image:type\" content=\"image\/png\" \/>\n<meta name=\"twitter:card\" content=\"summary_large_image\" \/>\n<meta name=\"twitter:label1\" content=\"Est. reading time\" \/>\n\t<meta name=\"twitter:data1\" content=\"1 minute\" \/>\n<script type=\"application\/ld+json\" class=\"yoast-schema-graph\">{\"@context\":\"https:\\\/\\\/schema.org\",\"@graph\":[{\"@type\":[\"WebPage\",\"ItemPage\"],\"@id\":\"https:\\\/\\\/vitablanca.ma\\\/produit\\\/vichy-dercos-technique-anti-pelliculaire-k-250ml\\\/\",\"url\":\"https:\\\/\\\/vitablanca.ma\\\/produit\\\/vichy-dercos-technique-anti-pelliculaire-k-250ml\\\/\",\"name\":\"Vichy Dercos Anti-Pelliculaire K 250 ml Shampooing- Maroc Prix\",\"isPartOf\":{\"@id\":\"https:\\\/\\\/vitablanca.ma\\\/#website\"},\"primaryImageOfPage\":{\"@id\":\"https:\\\/\\\/vitablanca.ma\\\/produit\\\/vichy-dercos-technique-anti-pelliculaire-k-250ml\\\/#primaryimage\"},\"image\":{\"@id\":\"https:\\\/\\\/vitablanca.ma\\\/produit\\\/vichy-dercos-technique-anti-pelliculaire-k-250ml\\\/#primaryimage\"},\"thumbnailUrl\":\"https:\\\/\\\/vitablanca.ma\\\/wp-content\\\/uploads\\\/2025\\\/06\\\/Vichy-Dercos-Technique-Anti-Pelliculaire-K-250ml-nova-parapharmacie-maroc-1.png\",\"datePublished\":\"2025-06-11T22:24:07+00:00\",\"dateModified\":\"2026-02-04T01:41:33+00:00\",\"description\":\"Vichy Dercos Technique Anti-Pelliculaire K 250 ml : shampooing anti-pelliculaire pour cuir chevelu sensible, \u00e9limine pellicules et apaise d\u00e9mangeaisons.\",\"breadcrumb\":{\"@id\":\"https:\\\/\\\/vitablanca.ma\\\/produit\\\/vichy-dercos-technique-anti-pelliculaire-k-250ml\\\/#breadcrumb\"},\"inLanguage\":\"en-US\",\"potentialAction\":[{\"@type\":\"ReadAction\",\"target\":[\"https:\\\/\\\/vitablanca.ma\\\/produit\\\/vichy-dercos-technique-anti-pelliculaire-k-250ml\\\/\"]}]},{\"@type\":\"ImageObject\",\"inLanguage\":\"en-US\",\"@id\":\"https:\\\/\\\/vitablanca.ma\\\/produit\\\/vichy-dercos-technique-anti-pelliculaire-k-250ml\\\/#primaryimage\",\"url\":\"https:\\\/\\\/vitablanca.ma\\\/wp-content\\\/uploads\\\/2025\\\/06\\\/Vichy-Dercos-Technique-Anti-Pelliculaire-K-250ml-nova-parapharmacie-maroc-1.png\",\"contentUrl\":\"https:\\\/\\\/vitablanca.ma\\\/wp-content\\\/uploads\\\/2025\\\/06\\\/Vichy-Dercos-Technique-Anti-Pelliculaire-K-250ml-nova-parapharmacie-maroc-1.png\",\"width\":1000,\"height\":1000},{\"@type\":\"BreadcrumbList\",\"@id\":\"https:\\\/\\\/vitablanca.ma\\\/produit\\\/vichy-dercos-technique-anti-pelliculaire-k-250ml\\\/#breadcrumb\",\"itemListElement\":[{\"@type\":\"ListItem\",\"position\":1,\"name\":\"Home\",\"item\":\"https:\\\/\\\/vitablanca.ma\\\/\"},{\"@type\":\"ListItem\",\"position\":2,\"name\":\"Tous Les Produits\",\"item\":\"https:\\\/\\\/vitablanca.ma\\\/tous-les-produits\\\/\"},{\"@type\":\"ListItem\",\"position\":3,\"name\":\"Vichy Dercos Technique Anti-Pelliculaire K 250ml\"}]},{\"@type\":\"WebSite\",\"@id\":\"https:\\\/\\\/vitablanca.ma\\\/#website\",\"url\":\"https:\\\/\\\/vitablanca.ma\\\/\",\"name\":\"VitaBlanca.ma | Compl\u00e9ments alimentaires, sant\u00e9 & beaut\u00e9 au Maroc\",\"description\":\"vendre vitamines et compl\u00e9ments premium des USA &amp; Canada, Nouvelle Z\u00e9lande,Maroc (NOW Foods, Solgar, Manuka). Livraison rapide partout au Maroc.\",\"publisher\":{\"@id\":\"https:\\\/\\\/vitablanca.ma\\\/#organization\"},\"alternateName\":\"VitaBlanca.ma\",\"potentialAction\":[{\"@type\":\"SearchAction\",\"target\":{\"@type\":\"EntryPoint\",\"urlTemplate\":\"https:\\\/\\\/vitablanca.ma\\\/?s={search_term_string}\"},\"query-input\":{\"@type\":\"PropertyValueSpecification\",\"valueRequired\":true,\"valueName\":\"search_term_string\"}}],\"inLanguage\":\"en-US\"},{\"@type\":\"Organization\",\"@id\":\"https:\\\/\\\/vitablanca.ma\\\/#organization\",\"name\":\"VitaBlanca\",\"url\":\"https:\\\/\\\/vitablanca.ma\\\/\",\"logo\":{\"@type\":\"ImageObject\",\"inLanguage\":\"en-US\",\"@id\":\"https:\\\/\\\/vitablanca.ma\\\/#\\\/schema\\\/logo\\\/image\\\/\",\"url\":\"https:\\\/\\\/vitablanca.ma\\\/wp-content\\\/uploads\\\/2025\\\/05\\\/cropped-vitablanca.png\",\"contentUrl\":\"https:\\\/\\\/vitablanca.ma\\\/wp-content\\\/uploads\\\/2025\\\/05\\\/cropped-vitablanca.png\",\"width\":360,\"height\":67,\"caption\":\"VitaBlanca\"},\"image\":{\"@id\":\"https:\\\/\\\/vitablanca.ma\\\/#\\\/schema\\\/logo\\\/image\\\/\"},\"sameAs\":[\"https:\\\/\\\/www.facebook.com\\\/profile.php?id=61576678196717\",\"https:\\\/\\\/www.tiktok.com\\\/@vitablanca.ma\",\"https:\\\/\\\/www.instagram.com\\\/vitablanca.ma\\\/\"]}]}<\/script>\n<!-- \/ Yoast SEO plugin. -->","yoast_head_json":{"title":"Vichy Dercos Anti-Pelliculaire K 250 ml Shampooing- Maroc Prix","description":"Vichy Dercos Technique Anti-Pelliculaire K 250 ml : shampooing anti-pelliculaire pour cuir chevelu sensible, \u00e9limine pellicules et apaise d\u00e9mangeaisons.","robots":{"index":"index","follow":"follow","max-snippet":"max-snippet:-1","max-image-preview":"max-image-preview:large","max-video-preview":"max-video-preview:-1"},"canonical":"https:\/\/vitablanca.ma\/en\/product\/vichy-dercos-technique-anti-pelliculaire-k-250ml\/","og_locale":"en_US","og_type":"article","og_title":"Vichy Dercos Anti-Pelliculaire K 250 ml Shampooing- Maroc Prix","og_description":"Vichy Dercos Technique Anti-Pelliculaire K 250 ml : shampooing anti-pelliculaire pour cuir chevelu sensible, \u00e9limine pellicules et apaise d\u00e9mangeaisons.","og_url":"https:\/\/vitablanca.ma\/en\/product\/vichy-dercos-technique-anti-pelliculaire-k-250ml\/","og_site_name":"Vitablanca.ma &ndash; Sant&eacute;, vitalit&eacute; et bien-&ecirc;tre pour tous les Marocains","article_publisher":"https:\/\/www.facebook.com\/profile.php?id=61576678196717","article_modified_time":"2026-02-04T01:41:33+00:00","og_image":[{"width":1000,"height":1000,"url":"https:\/\/vitablanca.ma\/wp-content\/uploads\/2025\/06\/Vichy-Dercos-Technique-Anti-Pelliculaire-K-250ml-nova-parapharmacie-maroc-1.png","type":"image\/png"}],"twitter_card":"summary_large_image","twitter_misc":{"Est. reading time":"1 minute"},"schema":{"@context":"https:\/\/schema.org","@graph":[{"@type":["WebPage","ItemPage"],"@id":"https:\/\/vitablanca.ma\/produit\/vichy-dercos-technique-anti-pelliculaire-k-250ml\/","url":"https:\/\/vitablanca.ma\/produit\/vichy-dercos-technique-anti-pelliculaire-k-250ml\/","name":"Vichy Dercos Anti-Pelliculaire K 250 ml Shampooing- Maroc Prix","isPartOf":{"@id":"https:\/\/vitablanca.ma\/#website"},"primaryImageOfPage":{"@id":"https:\/\/vitablanca.ma\/produit\/vichy-dercos-technique-anti-pelliculaire-k-250ml\/#primaryimage"},"image":{"@id":"https:\/\/vitablanca.ma\/produit\/vichy-dercos-technique-anti-pelliculaire-k-250ml\/#primaryimage"},"thumbnailUrl":"https:\/\/vitablanca.ma\/wp-content\/uploads\/2025\/06\/Vichy-Dercos-Technique-Anti-Pelliculaire-K-250ml-nova-parapharmacie-maroc-1.png","datePublished":"2025-06-11T22:24:07+00:00","dateModified":"2026-02-04T01:41:33+00:00","description":"Vichy Dercos Technique Anti-Pelliculaire K 250 ml : shampooing anti-pelliculaire pour cuir chevelu sensible, \u00e9limine pellicules et apaise d\u00e9mangeaisons.","breadcrumb":{"@id":"https:\/\/vitablanca.ma\/produit\/vichy-dercos-technique-anti-pelliculaire-k-250ml\/#breadcrumb"},"inLanguage":"en-US","potentialAction":[{"@type":"ReadAction","target":["https:\/\/vitablanca.ma\/produit\/vichy-dercos-technique-anti-pelliculaire-k-250ml\/"]}]},{"@type":"ImageObject","inLanguage":"en-US","@id":"https:\/\/vitablanca.ma\/produit\/vichy-dercos-technique-anti-pelliculaire-k-250ml\/#primaryimage","url":"https:\/\/vitablanca.ma\/wp-content\/uploads\/2025\/06\/Vichy-Dercos-Technique-Anti-Pelliculaire-K-250ml-nova-parapharmacie-maroc-1.png","contentUrl":"https:\/\/vitablanca.ma\/wp-content\/uploads\/2025\/06\/Vichy-Dercos-Technique-Anti-Pelliculaire-K-250ml-nova-parapharmacie-maroc-1.png","width":1000,"height":1000},{"@type":"BreadcrumbList","@id":"https:\/\/vitablanca.ma\/produit\/vichy-dercos-technique-anti-pelliculaire-k-250ml\/#breadcrumb","itemListElement":[{"@type":"ListItem","position":1,"name":"Home","item":"https:\/\/vitablanca.ma\/"},{"@type":"ListItem","position":2,"name":"Tous Les Produits","item":"https:\/\/vitablanca.ma\/tous-les-produits\/"},{"@type":"ListItem","position":3,"name":"Vichy Dercos Technique Anti-Pelliculaire K 250ml"}]},{"@type":"WebSite","@id":"https:\/\/vitablanca.ma\/#website","url":"https:\/\/vitablanca.ma\/","name":"VitaBlanca.ma | Food supplements, health &amp; beauty in Morocco","description":"sell premium vitamins and supplements from USA &amp; Canada, New Zealand, Morocco (NOW Foods, Solgar, Manuka). Fast delivery anywhere in Morocco.","publisher":{"@id":"https:\/\/vitablanca.ma\/#organization"},"alternateName":"VitaBlanca.ma","potentialAction":[{"@type":"SearchAction","target":{"@type":"EntryPoint","urlTemplate":"https:\/\/vitablanca.ma\/?s={search_term_string}"},"query-input":{"@type":"PropertyValueSpecification","valueRequired":true,"valueName":"search_term_string"}}],"inLanguage":"en-US"},{"@type":"Organization","@id":"https:\/\/vitablanca.ma\/#organization","name":"VitaBlanca","url":"https:\/\/vitablanca.ma\/","logo":{"@type":"ImageObject","inLanguage":"en-US","@id":"https:\/\/vitablanca.ma\/#\/schema\/logo\/image\/","url":"https:\/\/vitablanca.ma\/wp-content\/uploads\/2025\/05\/cropped-vitablanca.png","contentUrl":"https:\/\/vitablanca.ma\/wp-content\/uploads\/2025\/05\/cropped-vitablanca.png","width":360,"height":67,"caption":"VitaBlanca"},"image":{"@id":"https:\/\/vitablanca.ma\/#\/schema\/logo\/image\/"},"sameAs":["https:\/\/www.facebook.com\/profile.php?id=61576678196717","https:\/\/www.tiktok.com\/@vitablanca.ma","https:\/\/www.instagram.com\/vitablanca.ma\/"]}]}},"jetpack_sharing_enabled":true,"_links":{"self":[{"href":"https:\/\/vitablanca.ma\/en\/wp-json\/wp\/v2\/product\/22467","targetHints":{"allow":["GET"]}}],"collection":[{"href":"https:\/\/vitablanca.ma\/en\/wp-json\/wp\/v2\/product"}],"about":[{"href":"https:\/\/vitablanca.ma\/en\/wp-json\/wp\/v2\/types\/product"}],"wp:featuredmedia":[{"embeddable":true,"href":"https:\/\/vitablanca.ma\/en\/wp-json\/wp\/v2\/media\/22466"}],"wp:attachment":[{"href":"https:\/\/vitablanca.ma\/en\/wp-json\/wp\/v2\/media?parent=22467"}],"wp:term":[{"taxonomy":"product_brand","embeddable":true,"href":"https:\/\/vitablanca.ma\/en\/wp-json\/wp\/v2\/product_brand?post=22467"},{"taxonomy":"product_cat","embeddable":true,"href":"https:\/\/vitablanca.ma\/en\/wp-json\/wp\/v2\/product_cat?post=22467"},{"taxonomy":"product_tag","embeddable":true,"href":"https:\/\/vitablanca.ma\/en\/wp-json\/wp\/v2\/product_tag?post=22467"}],"curies":[{"name":"wp","href":"https:\/\/api.w.org\/{rel}","templated":true}]}}