{"id":22462,"date":"2025-06-11T22:23:15","date_gmt":"2025-06-11T22:23:15","guid":{"rendered":"https:\/\/vitablanca.ma\/product\/vichy-dercos-ultra-apaisant-shampoing-sans-sulfate-cheveux-secs-200ml\/"},"modified":"2025-12-19T23:36:09","modified_gmt":"2025-12-19T23:36:09","slug":"vichy-dercos-ultra-apaisant-shampoing-sans-sulfate-cheveux-secs-200ml","status":"publish","type":"product","link":"https:\/\/vitablanca.ma\/en\/product\/vichy-dercos-ultra-apaisant-shampoing-sans-sulfate-cheveux-secs-200ml\/","title":{"rendered":"Vichy Dercos Ultra Soothing Sulfate-Free Shampoo for Dry Hair 200ml"},"content":{"rendered":"<h2>Vichy Dercos Ultra Soothing Sulfate-Free Shampoo for Dry Hair Bottle Has a soothing effect on reactive, sensitive scalp.<\/h2>\n<p><span>Dercos is synonymous with DERmatological and COSmetic expertise in hair and scalp care.<\/span><br \/><span>Dercos Ultra Soothing Shampoo is a shampoo for reactive, sensitive scalps.<\/span><br \/><span>It has a soothing effect for up to 48 hours after use.<\/span><br \/><span>Formula containing sensirine and panthenol for a soothing effect on the scalp<\/span><br \/><span>Also contains glycerin for nourishing care of dry hair.<\/span><br \/><span>Fluid-cream texture with a fresh, floral fragrance<\/span><br \/><span>Dermatologically tested<\/span><\/p>\n<h3><strong>Indications<\/strong><\/h3>\n<p><span>\u2013 Contre la sensation de d\u00e9mangeaison, de br\u00fblure et d\u2019irritation<\/span><br \/><span>\u2013 Pour les cheveux secs<\/span><br \/><span>\u2013 Convient \u00e0 la peau sensible et tr\u00e8s sensible (r\u00e9active).<\/span><br \/><span>\u2013 Pour hommes et femmes<\/span><br \/><span>\u2013 Convient \u00e0 une utilisation quotidienne.<\/span><\/p>\n<h3><strong>Ingredients\u00a0<\/strong><\/h3>\n<p><span>Aqua, sodium cocoyl isethionate, disodium laureth sulfosuccinate, sodium lauryl sulfoacetate, sodium lauroyl sarcosinate, glycerin, glycol distearate, cocamidopropyl betaine, amodimethicone, benzoic acid, C12-13 pareth-23, C12-13 pareth-3, carbomer, cetrimonium chloride, citric acid, coco-betaine, decyl glucoside, divinyldimethicone\/ dimethicone copolymer, hydrogenated coconut acid, isopropyl alcohol, panthenol, PEG-55 propylene glycol oleate, phenoxyethanol, piroctone olamine, polyquaternium-10, polyquaternium-7, polysorbate 21, PPG-5-ceteth-20, propylene glycol, Prunus armeniaca kernel oil, salicylic acid, sodium acetate, sodium benzoate, sodium chloride, sodium hydroxide, sodium isethionate, trideceth-6, perfume<\/span><\/p>\n<h3><strong>Directions for use<\/strong><\/h3>\n<p><span>Apply to wet hair, massage gently, leave on for 1 minute.<\/span><br \/><span>Rinse.<\/span><\/p>","protected":false},"excerpt":{"rendered":"<p>Vichy Dercos Ultra Apaisant Shampoing Sans Sulfate Cheveux Secs Flacon\u00a0A un effet apaisant sur le cuir chevelu r\u00e9actif, sensible. Dercos est synonyme d\u2019expertise DERmatologique et COSm\u00e9tique dans le soin du cheveu et du cuir chevelu.Le Shampoing Dercos Ultra Apaisant est un shampoing pour cuir chevelu r\u00e9actif, sensible.Il a un effet apaisant jusqu\u2019\u00e0 48 heures apr\u00e8s [&hellip;]<\/p>\n","protected":false},"featured_media":22460,"template":"","meta":{"om_disable_all_campaigns":false},"product_brand":[3358],"product_cat":[18],"product_tag":[3359,3360,3361],"class_list":{"0":"post-22462","1":"product","2":"type-product","3":"status-publish","4":"has-post-thumbnail","6":"product_brand-vichy-maroc-prix-vitablanca","7":"product_cat-beaute-sante","8":"product_tag-vichy","9":"product_tag-vichy-maroc","10":"product_tag-vichy-morocco","12":"first","13":"instock","14":"sale","15":"taxable","16":"shipping-taxable","17":"purchasable","18":"product-type-simple"},"yoast_head":"<!-- This site is optimized with the Yoast SEO plugin v27.5 - https:\/\/yoast.com\/product\/yoast-seo-wordpress\/ -->\n<title>Vichy Dercos Ultra Apaisant Shampoing Sans Sulfate Cheveux Secs 200ml - Maroc Prix<\/title>\n<meta name=\"description\" content=\"Vichy Dercos Ultra Apaisant Shampoing Sans Sulfate Cheveux Secs 200ml\" \/>\n<meta name=\"robots\" content=\"index, follow, max-snippet:-1, max-image-preview:large, max-video-preview:-1\" \/>\n<link rel=\"canonical\" href=\"https:\/\/vitablanca.ma\/en\/product\/vichy-dercos-ultra-apaisant-shampoing-sans-sulfate-cheveux-secs-200ml\/\" \/>\n<meta property=\"og:locale\" content=\"en_US\" \/>\n<meta property=\"og:type\" content=\"article\" \/>\n<meta property=\"og:title\" content=\"Vichy Dercos Ultra Apaisant Shampoing Sans Sulfate Cheveux Secs 200ml - Maroc Prix\" \/>\n<meta property=\"og:description\" content=\"Vichy Dercos Ultra Apaisant Shampoing Sans Sulfate Cheveux Secs 200ml\" \/>\n<meta property=\"og:url\" content=\"https:\/\/vitablanca.ma\/en\/product\/vichy-dercos-ultra-apaisant-shampoing-sans-sulfate-cheveux-secs-200ml\/\" \/>\n<meta property=\"og:site_name\" content=\"Vitablanca.ma &ndash; Sant&eacute;, vitalit&eacute; et bien-&ecirc;tre pour tous les Marocains\" \/>\n<meta property=\"article:publisher\" content=\"https:\/\/www.facebook.com\/profile.php?id=61576678196717\" \/>\n<meta property=\"article:modified_time\" content=\"2025-12-19T23:36:09+00:00\" \/>\n<meta property=\"og:image\" content=\"https:\/\/vitablanca.ma\/wp-content\/uploads\/2025\/06\/Vichy-Dercos-Ultra-Apaisant-Shampoing-Sans-Sulfate-Cheveux-Secs-Flacon-200ml-nova-parapharmacie-maroc-1.png\" \/>\n\t<meta property=\"og:image:width\" content=\"1000\" \/>\n\t<meta property=\"og:image:height\" content=\"1000\" \/>\n\t<meta property=\"og:image:type\" content=\"image\/png\" \/>\n<meta name=\"twitter:card\" content=\"summary_large_image\" \/>\n<meta name=\"twitter:label1\" content=\"Est. reading time\" \/>\n\t<meta name=\"twitter:data1\" content=\"2 minutes\" \/>\n<script type=\"application\/ld+json\" class=\"yoast-schema-graph\">{\"@context\":\"https:\\\/\\\/schema.org\",\"@graph\":[{\"@type\":[\"WebPage\",\"ItemPage\"],\"@id\":\"https:\\\/\\\/vitablanca.ma\\\/produit\\\/vichy-dercos-ultra-apaisant-shampoing-sans-sulfate-cheveux-secs-200ml\\\/\",\"url\":\"https:\\\/\\\/vitablanca.ma\\\/produit\\\/vichy-dercos-ultra-apaisant-shampoing-sans-sulfate-cheveux-secs-200ml\\\/\",\"name\":\"Vichy Dercos Ultra Apaisant Shampoing Sans Sulfate Cheveux Secs 200ml - Maroc Prix\",\"isPartOf\":{\"@id\":\"https:\\\/\\\/vitablanca.ma\\\/#website\"},\"primaryImageOfPage\":{\"@id\":\"https:\\\/\\\/vitablanca.ma\\\/produit\\\/vichy-dercos-ultra-apaisant-shampoing-sans-sulfate-cheveux-secs-200ml\\\/#primaryimage\"},\"image\":{\"@id\":\"https:\\\/\\\/vitablanca.ma\\\/produit\\\/vichy-dercos-ultra-apaisant-shampoing-sans-sulfate-cheveux-secs-200ml\\\/#primaryimage\"},\"thumbnailUrl\":\"https:\\\/\\\/vitablanca.ma\\\/wp-content\\\/uploads\\\/2025\\\/06\\\/Vichy-Dercos-Ultra-Apaisant-Shampoing-Sans-Sulfate-Cheveux-Secs-Flacon-200ml-nova-parapharmacie-maroc-1.png\",\"datePublished\":\"2025-06-11T22:23:15+00:00\",\"dateModified\":\"2025-12-19T23:36:09+00:00\",\"description\":\"Vichy Dercos Ultra Apaisant Shampoing Sans Sulfate Cheveux Secs 200ml\",\"breadcrumb\":{\"@id\":\"https:\\\/\\\/vitablanca.ma\\\/produit\\\/vichy-dercos-ultra-apaisant-shampoing-sans-sulfate-cheveux-secs-200ml\\\/#breadcrumb\"},\"inLanguage\":\"en-US\",\"potentialAction\":[{\"@type\":\"ReadAction\",\"target\":[\"https:\\\/\\\/vitablanca.ma\\\/produit\\\/vichy-dercos-ultra-apaisant-shampoing-sans-sulfate-cheveux-secs-200ml\\\/\"]}]},{\"@type\":\"ImageObject\",\"inLanguage\":\"en-US\",\"@id\":\"https:\\\/\\\/vitablanca.ma\\\/produit\\\/vichy-dercos-ultra-apaisant-shampoing-sans-sulfate-cheveux-secs-200ml\\\/#primaryimage\",\"url\":\"https:\\\/\\\/vitablanca.ma\\\/wp-content\\\/uploads\\\/2025\\\/06\\\/Vichy-Dercos-Ultra-Apaisant-Shampoing-Sans-Sulfate-Cheveux-Secs-Flacon-200ml-nova-parapharmacie-maroc-1.png\",\"contentUrl\":\"https:\\\/\\\/vitablanca.ma\\\/wp-content\\\/uploads\\\/2025\\\/06\\\/Vichy-Dercos-Ultra-Apaisant-Shampoing-Sans-Sulfate-Cheveux-Secs-Flacon-200ml-nova-parapharmacie-maroc-1.png\",\"width\":1000,\"height\":1000},{\"@type\":\"BreadcrumbList\",\"@id\":\"https:\\\/\\\/vitablanca.ma\\\/produit\\\/vichy-dercos-ultra-apaisant-shampoing-sans-sulfate-cheveux-secs-200ml\\\/#breadcrumb\",\"itemListElement\":[{\"@type\":\"ListItem\",\"position\":1,\"name\":\"Home\",\"item\":\"https:\\\/\\\/vitablanca.ma\\\/\"},{\"@type\":\"ListItem\",\"position\":2,\"name\":\"Tous Les Produits\",\"item\":\"https:\\\/\\\/vitablanca.ma\\\/tous-les-produits\\\/\"},{\"@type\":\"ListItem\",\"position\":3,\"name\":\"Vichy Dercos Ultra Apaisant Shampoing Sans Sulfate Cheveux Secs 200ml\"}]},{\"@type\":\"WebSite\",\"@id\":\"https:\\\/\\\/vitablanca.ma\\\/#website\",\"url\":\"https:\\\/\\\/vitablanca.ma\\\/\",\"name\":\"VitaBlanca.ma | Compl\u00e9ments alimentaires, sant\u00e9 & beaut\u00e9 au Maroc\",\"description\":\"vendre vitamines et compl\u00e9ments premium des USA &amp; Canada, Nouvelle Z\u00e9lande,Maroc (NOW Foods, Solgar, Manuka). Livraison rapide partout au Maroc.\",\"publisher\":{\"@id\":\"https:\\\/\\\/vitablanca.ma\\\/#organization\"},\"alternateName\":\"VitaBlanca.ma\",\"potentialAction\":[{\"@type\":\"SearchAction\",\"target\":{\"@type\":\"EntryPoint\",\"urlTemplate\":\"https:\\\/\\\/vitablanca.ma\\\/?s={search_term_string}\"},\"query-input\":{\"@type\":\"PropertyValueSpecification\",\"valueRequired\":true,\"valueName\":\"search_term_string\"}}],\"inLanguage\":\"en-US\"},{\"@type\":\"Organization\",\"@id\":\"https:\\\/\\\/vitablanca.ma\\\/#organization\",\"name\":\"VitaBlanca\",\"url\":\"https:\\\/\\\/vitablanca.ma\\\/\",\"logo\":{\"@type\":\"ImageObject\",\"inLanguage\":\"en-US\",\"@id\":\"https:\\\/\\\/vitablanca.ma\\\/#\\\/schema\\\/logo\\\/image\\\/\",\"url\":\"https:\\\/\\\/vitablanca.ma\\\/wp-content\\\/uploads\\\/2025\\\/05\\\/cropped-vitablanca.png\",\"contentUrl\":\"https:\\\/\\\/vitablanca.ma\\\/wp-content\\\/uploads\\\/2025\\\/05\\\/cropped-vitablanca.png\",\"width\":360,\"height\":67,\"caption\":\"VitaBlanca\"},\"image\":{\"@id\":\"https:\\\/\\\/vitablanca.ma\\\/#\\\/schema\\\/logo\\\/image\\\/\"},\"sameAs\":[\"https:\\\/\\\/www.facebook.com\\\/profile.php?id=61576678196717\",\"https:\\\/\\\/www.tiktok.com\\\/@vitablanca.ma\",\"https:\\\/\\\/www.instagram.com\\\/vitablanca.ma\\\/\"]}]}<\/script>\n<!-- \/ Yoast SEO plugin. -->","yoast_head_json":{"title":"Vichy Dercos Ultra Soothing Sulfate-Free Shampoo for Dry Hair 200ml - Morocco Price","description":"Vichy Dercos Ultra Soothing Sulfate-Free Shampoo for Dry Hair 200ml","robots":{"index":"index","follow":"follow","max-snippet":"max-snippet:-1","max-image-preview":"max-image-preview:large","max-video-preview":"max-video-preview:-1"},"canonical":"https:\/\/vitablanca.ma\/en\/product\/vichy-dercos-ultra-apaisant-shampoing-sans-sulfate-cheveux-secs-200ml\/","og_locale":"en_US","og_type":"article","og_title":"Vichy Dercos Ultra Apaisant Shampoing Sans Sulfate Cheveux Secs 200ml - Maroc Prix","og_description":"Vichy Dercos Ultra Apaisant Shampoing Sans Sulfate Cheveux Secs 200ml","og_url":"https:\/\/vitablanca.ma\/en\/product\/vichy-dercos-ultra-apaisant-shampoing-sans-sulfate-cheveux-secs-200ml\/","og_site_name":"Vitablanca.ma &ndash; Sant&eacute;, vitalit&eacute; et bien-&ecirc;tre pour tous les Marocains","article_publisher":"https:\/\/www.facebook.com\/profile.php?id=61576678196717","article_modified_time":"2025-12-19T23:36:09+00:00","og_image":[{"width":1000,"height":1000,"url":"https:\/\/vitablanca.ma\/wp-content\/uploads\/2025\/06\/Vichy-Dercos-Ultra-Apaisant-Shampoing-Sans-Sulfate-Cheveux-Secs-Flacon-200ml-nova-parapharmacie-maroc-1.png","type":"image\/png"}],"twitter_card":"summary_large_image","twitter_misc":{"Est. reading time":"2 minutes"},"schema":{"@context":"https:\/\/schema.org","@graph":[{"@type":["WebPage","ItemPage"],"@id":"https:\/\/vitablanca.ma\/produit\/vichy-dercos-ultra-apaisant-shampoing-sans-sulfate-cheveux-secs-200ml\/","url":"https:\/\/vitablanca.ma\/produit\/vichy-dercos-ultra-apaisant-shampoing-sans-sulfate-cheveux-secs-200ml\/","name":"Vichy Dercos Ultra Soothing Sulfate-Free Shampoo for Dry Hair 200ml - Morocco Price","isPartOf":{"@id":"https:\/\/vitablanca.ma\/#website"},"primaryImageOfPage":{"@id":"https:\/\/vitablanca.ma\/produit\/vichy-dercos-ultra-apaisant-shampoing-sans-sulfate-cheveux-secs-200ml\/#primaryimage"},"image":{"@id":"https:\/\/vitablanca.ma\/produit\/vichy-dercos-ultra-apaisant-shampoing-sans-sulfate-cheveux-secs-200ml\/#primaryimage"},"thumbnailUrl":"https:\/\/vitablanca.ma\/wp-content\/uploads\/2025\/06\/Vichy-Dercos-Ultra-Apaisant-Shampoing-Sans-Sulfate-Cheveux-Secs-Flacon-200ml-nova-parapharmacie-maroc-1.png","datePublished":"2025-06-11T22:23:15+00:00","dateModified":"2025-12-19T23:36:09+00:00","description":"Vichy Dercos Ultra Soothing Sulfate-Free Shampoo for Dry Hair 200ml","breadcrumb":{"@id":"https:\/\/vitablanca.ma\/produit\/vichy-dercos-ultra-apaisant-shampoing-sans-sulfate-cheveux-secs-200ml\/#breadcrumb"},"inLanguage":"en-US","potentialAction":[{"@type":"ReadAction","target":["https:\/\/vitablanca.ma\/produit\/vichy-dercos-ultra-apaisant-shampoing-sans-sulfate-cheveux-secs-200ml\/"]}]},{"@type":"ImageObject","inLanguage":"en-US","@id":"https:\/\/vitablanca.ma\/produit\/vichy-dercos-ultra-apaisant-shampoing-sans-sulfate-cheveux-secs-200ml\/#primaryimage","url":"https:\/\/vitablanca.ma\/wp-content\/uploads\/2025\/06\/Vichy-Dercos-Ultra-Apaisant-Shampoing-Sans-Sulfate-Cheveux-Secs-Flacon-200ml-nova-parapharmacie-maroc-1.png","contentUrl":"https:\/\/vitablanca.ma\/wp-content\/uploads\/2025\/06\/Vichy-Dercos-Ultra-Apaisant-Shampoing-Sans-Sulfate-Cheveux-Secs-Flacon-200ml-nova-parapharmacie-maroc-1.png","width":1000,"height":1000},{"@type":"BreadcrumbList","@id":"https:\/\/vitablanca.ma\/produit\/vichy-dercos-ultra-apaisant-shampoing-sans-sulfate-cheveux-secs-200ml\/#breadcrumb","itemListElement":[{"@type":"ListItem","position":1,"name":"Home","item":"https:\/\/vitablanca.ma\/"},{"@type":"ListItem","position":2,"name":"Tous Les Produits","item":"https:\/\/vitablanca.ma\/tous-les-produits\/"},{"@type":"ListItem","position":3,"name":"Vichy Dercos Ultra Apaisant Shampoing Sans Sulfate Cheveux Secs 200ml"}]},{"@type":"WebSite","@id":"https:\/\/vitablanca.ma\/#website","url":"https:\/\/vitablanca.ma\/","name":"VitaBlanca.ma | Food supplements, health &amp; beauty in Morocco","description":"sell premium vitamins and supplements from USA &amp; Canada, New Zealand, Morocco (NOW Foods, Solgar, Manuka). Fast delivery anywhere in Morocco.","publisher":{"@id":"https:\/\/vitablanca.ma\/#organization"},"alternateName":"VitaBlanca.ma","potentialAction":[{"@type":"SearchAction","target":{"@type":"EntryPoint","urlTemplate":"https:\/\/vitablanca.ma\/?s={search_term_string}"},"query-input":{"@type":"PropertyValueSpecification","valueRequired":true,"valueName":"search_term_string"}}],"inLanguage":"en-US"},{"@type":"Organization","@id":"https:\/\/vitablanca.ma\/#organization","name":"VitaBlanca","url":"https:\/\/vitablanca.ma\/","logo":{"@type":"ImageObject","inLanguage":"en-US","@id":"https:\/\/vitablanca.ma\/#\/schema\/logo\/image\/","url":"https:\/\/vitablanca.ma\/wp-content\/uploads\/2025\/05\/cropped-vitablanca.png","contentUrl":"https:\/\/vitablanca.ma\/wp-content\/uploads\/2025\/05\/cropped-vitablanca.png","width":360,"height":67,"caption":"VitaBlanca"},"image":{"@id":"https:\/\/vitablanca.ma\/#\/schema\/logo\/image\/"},"sameAs":["https:\/\/www.facebook.com\/profile.php?id=61576678196717","https:\/\/www.tiktok.com\/@vitablanca.ma","https:\/\/www.instagram.com\/vitablanca.ma\/"]}]}},"jetpack_sharing_enabled":true,"_links":{"self":[{"href":"https:\/\/vitablanca.ma\/en\/wp-json\/wp\/v2\/product\/22462","targetHints":{"allow":["GET"]}}],"collection":[{"href":"https:\/\/vitablanca.ma\/en\/wp-json\/wp\/v2\/product"}],"about":[{"href":"https:\/\/vitablanca.ma\/en\/wp-json\/wp\/v2\/types\/product"}],"wp:featuredmedia":[{"embeddable":true,"href":"https:\/\/vitablanca.ma\/en\/wp-json\/wp\/v2\/media\/22460"}],"wp:attachment":[{"href":"https:\/\/vitablanca.ma\/en\/wp-json\/wp\/v2\/media?parent=22462"}],"wp:term":[{"taxonomy":"product_brand","embeddable":true,"href":"https:\/\/vitablanca.ma\/en\/wp-json\/wp\/v2\/product_brand?post=22462"},{"taxonomy":"product_cat","embeddable":true,"href":"https:\/\/vitablanca.ma\/en\/wp-json\/wp\/v2\/product_cat?post=22462"},{"taxonomy":"product_tag","embeddable":true,"href":"https:\/\/vitablanca.ma\/en\/wp-json\/wp\/v2\/product_tag?post=22462"}],"curies":[{"name":"wp","href":"https:\/\/api.w.org\/{rel}","templated":true}]}}