{"id":22457,"date":"2025-06-11T22:22:22","date_gmt":"2025-06-11T22:22:22","guid":{"rendered":"https:\/\/vitablanca.ma\/product\/vichy-dercos-technique-shampooing-traitant-sebo-correcteur-200ml\/"},"modified":"2026-02-04T01:45:04","modified_gmt":"2026-02-04T01:45:04","slug":"vichy-dercos-technique-shampooing-traitant-sebo-correcteur-200ml","status":"publish","type":"product","link":"https:\/\/vitablanca.ma\/en\/product\/vichy-dercos-technique-shampooing-traitant-sebo-correcteur-200ml\/","title":{"rendered":"Vichy Dercos Technique Sebum-Correcting Treatment Shampoo 200ml"},"content":{"rendered":"<div class=\"ctn_top-accordion\" data-mce-fragment=\"1\">\n<div class=\"accordion-item itemForm\" data-mce-fragment=\"1\">\n<h2 class=\"accordion-item-title\" data-mce-fragment=\"1\">Vichy Dercos Technique Sebum-Correcting Treatment Shampoo For men and women<\/h2>\n<h3 class=\"accordion-item-title\" data-mce-fragment=\"1\">Efficiency<\/h3>\n<div class=\"accordion-content\" data-mce-fragment=\"1\">\n<p data-mce-fragment=\"1\">Son complexe Anti-S\u00e9bum provient de l\u2019association exclusive de 4 tensio-actifs sp\u00e9cifiquement s\u00e9lectionn\u00e9s et justement dos\u00e9s pour limiter la migration de s\u00e9bum sur la fibre capillaire et ainsi pr\u00e9server l\u2019int\u00e9grit\u00e9 du cuir chevelu et retarder le graissage.<br data-mce-fragment=\"1\" \/>Rediscover light, easy-to-style hair.<\/p>\n<p data-mce-fragment=\"1\">Lighter hair with more volume.<\/p>\n<\/div>\n<\/div>\n<div class=\"accordion-item itemForm no-overflow\" data-mce-fragment=\"1\">\n<h3 class=\"accordion-item-title\" data-mce-fragment=\"1\">Application<\/h3>\n<div class=\"accordion-content\" data-mce-fragment=\"1\">\n<p data-mce-fragment=\"1\">Appliquez sur cheveux mouill\u00e9s et massez doucement afin d\u2019\u00e9viter de stimuler les glandes s\u00e9bac\u00e9es du cuir chevelu. Ce shampooing peut \u00eatre utilis\u00e9 fr\u00e9quemment.<\/p>\n<\/div>\n<\/div>\n<div class=\"accordion-item itemForm no-overflow\" data-mce-fragment=\"1\">\n<h3 class=\"accordion-item-title\" data-mce-fragment=\"1\">Security<\/h3>\n<div class=\"accordion-content\" data-mce-fragment=\"1\">\n<p data-mce-fragment=\"1\">Its hypoallergenic formula is PARABEN-FREE and silicone-free.<br data-mce-fragment=\"1\" \/>Its effectiveness has been tested under dermatological control.<\/p>\n<\/div>\n<\/div>\n<\/div>\n<div class=\"ctn_bottom-accordion\" data-mce-fragment=\"1\">\n<div class=\"accordion-item composition\" data-mce-fragment=\"1\">\n<h3 class=\"accordion-item-title\" data-mce-fragment=\"1\">Composition<\/h3>\n<div id=\"listIngredient_6981\" class=\"accordion-content obj_ingredients\" data-mce-fragment=\"1\">\n<div id=\"ingredients-list\" data-mce-fragment=\"1\">\n<p data-mce-fragment=\"1\"><em data-mce-fragment=\"1\">AQUA \u2013 AMMONIUM LAURYL SULFATE \u2013 SODIUM C14-16 OLEFIN SULFONATE \u2013 DISODIUM COCOAMPHODIACETATE \u2013 TRIDECETH-2 CARBOXAMIDE MEA \u2013 SODIUM CHLORIDE \u2013 SODIUM LAURETH SULFATE \u2013 CITRIC ACID \u2013 HEXYLENE GLYCOL \u2013 SALICYLIC ACID \u2013 SODIUM BENZOATE \u2013 SODIUM GLYCOLATE \u2013 SODIUM HYDROXIDE \u2013 TARTARIC ACID \u2013 PARFUM<\/em><\/p>\n<\/div>\n<\/div>\n<\/div>\n<\/div>","protected":false},"excerpt":{"rendered":"<p>Vichy Dercos Technique Shampooing Traitant S\u00e9bo-Correcteur Pour les hommes et les femmes Efficacit\u00e9 Son complexe Anti-S\u00e9bum provient de l\u2019association exclusive de 4 tensio-actifs sp\u00e9cifiquement s\u00e9lectionn\u00e9s et justement dos\u00e9s pour limiter la migration de s\u00e9bum sur la fibre capillaire et ainsi pr\u00e9server l\u2019int\u00e9grit\u00e9 du cuir chevelu et retarder le graissage.Retrouvez des cheveux l\u00e9gers, faciles \u00e0 coiffer. [&hellip;]<\/p>\n","protected":false},"featured_media":22456,"template":"","meta":{"om_disable_all_campaigns":false},"product_brand":[3358],"product_cat":[18],"product_tag":[6052,7538,5925,6312,7366,7536,7424,7539,7535,7537,5924,7540,7534,3359,7392,3360,3361,6653],"class_list":{"0":"post-22457","1":"product","2":"type-product","3":"status-publish","4":"has-post-thumbnail","6":"product_brand-vichy-maroc-prix-vitablanca","7":"product_cat-beaute-sante","8":"product_tag-cheveux-brillants","9":"product_tag-cheveux-equilibres","10":"product_tag-cheveux-gras","11":"product_tag-cheveux-legers","12":"product_tag-eau-volcanique-vichy","13":"product_tag-purifie-cuir-chevelu","14":"product_tag-regule-sebum","15":"product_tag-shampooing-dermatologique","16":"product_tag-shampooing-sebo-correcteur","17":"product_tag-shampooing-usage-frequent","18":"product_tag-soin-capillaire-purifiant","19":"product_tag-soin-cheveux-sensibles","20":"product_tag-technique","21":"product_tag-vichy","22":"product_tag-vichy-dercos","23":"product_tag-vichy-maroc","24":"product_tag-vichy-morocco","25":"product_tag-volume-cheveux","27":"first","28":"instock","29":"sale","30":"taxable","31":"shipping-taxable","32":"purchasable","33":"product-type-simple"},"yoast_head":"<!-- This site is optimized with the Yoast SEO plugin v27.5 - https:\/\/yoast.com\/product\/yoast-seo-wordpress\/ -->\n<title>Vichy Dercos Technique Shampooing 200ml Maroc Prix<\/title>\n<meta name=\"description\" content=\"Vichy Dercos Technique 200 ml : shampooing s\u00e9bo-correcteur pour cheveux gras, r\u00e9gule s\u00e9bum, purifie cuir chevelu et apporte volume et l\u00e9g\u00e8ret\u00e9.\" \/>\n<meta name=\"robots\" content=\"index, follow, max-snippet:-1, max-image-preview:large, max-video-preview:-1\" \/>\n<link rel=\"canonical\" href=\"https:\/\/vitablanca.ma\/en\/product\/vichy-dercos-technique-shampooing-traitant-sebo-correcteur-200ml\/\" \/>\n<meta property=\"og:locale\" content=\"en_US\" \/>\n<meta property=\"og:type\" content=\"article\" \/>\n<meta property=\"og:title\" content=\"Vichy Dercos Technique Shampooing 200ml Maroc Prix\" \/>\n<meta property=\"og:description\" content=\"Vichy Dercos Technique 200 ml : shampooing s\u00e9bo-correcteur pour cheveux gras, r\u00e9gule s\u00e9bum, purifie cuir chevelu et apporte volume et l\u00e9g\u00e8ret\u00e9.\" \/>\n<meta property=\"og:url\" content=\"https:\/\/vitablanca.ma\/en\/product\/vichy-dercos-technique-shampooing-traitant-sebo-correcteur-200ml\/\" \/>\n<meta property=\"og:site_name\" content=\"Vitablanca.ma &ndash; Sant&eacute;, vitalit&eacute; et bien-&ecirc;tre pour tous les Marocains\" \/>\n<meta property=\"article:publisher\" content=\"https:\/\/www.facebook.com\/profile.php?id=61576678196717\" \/>\n<meta property=\"article:modified_time\" content=\"2026-02-04T01:45:04+00:00\" \/>\n<meta property=\"og:image\" content=\"https:\/\/vitablanca.ma\/wp-content\/uploads\/2025\/06\/Vichy-Dercos-Technique-Shampooing-Traitant-Sebo-Correcteur-200ml-nova-parapharmacie-maroc-1.png\" \/>\n\t<meta property=\"og:image:width\" content=\"1000\" \/>\n\t<meta property=\"og:image:height\" content=\"1000\" \/>\n\t<meta property=\"og:image:type\" content=\"image\/png\" \/>\n<meta name=\"twitter:card\" content=\"summary_large_image\" \/>\n<meta name=\"twitter:label1\" content=\"Est. reading time\" \/>\n\t<meta name=\"twitter:data1\" content=\"1 minute\" \/>\n<script type=\"application\/ld+json\" class=\"yoast-schema-graph\">{\"@context\":\"https:\\\/\\\/schema.org\",\"@graph\":[{\"@type\":[\"WebPage\",\"ItemPage\"],\"@id\":\"https:\\\/\\\/vitablanca.ma\\\/produit\\\/vichy-dercos-technique-shampooing-traitant-sebo-correcteur-200ml\\\/\",\"url\":\"https:\\\/\\\/vitablanca.ma\\\/produit\\\/vichy-dercos-technique-shampooing-traitant-sebo-correcteur-200ml\\\/\",\"name\":\"Vichy Dercos Technique Shampooing 200ml Maroc Prix\",\"isPartOf\":{\"@id\":\"https:\\\/\\\/vitablanca.ma\\\/#website\"},\"primaryImageOfPage\":{\"@id\":\"https:\\\/\\\/vitablanca.ma\\\/produit\\\/vichy-dercos-technique-shampooing-traitant-sebo-correcteur-200ml\\\/#primaryimage\"},\"image\":{\"@id\":\"https:\\\/\\\/vitablanca.ma\\\/produit\\\/vichy-dercos-technique-shampooing-traitant-sebo-correcteur-200ml\\\/#primaryimage\"},\"thumbnailUrl\":\"https:\\\/\\\/vitablanca.ma\\\/wp-content\\\/uploads\\\/2025\\\/06\\\/Vichy-Dercos-Technique-Shampooing-Traitant-Sebo-Correcteur-200ml-nova-parapharmacie-maroc-1.png\",\"datePublished\":\"2025-06-11T22:22:22+00:00\",\"dateModified\":\"2026-02-04T01:45:04+00:00\",\"description\":\"Vichy Dercos Technique 200 ml : shampooing s\u00e9bo-correcteur pour cheveux gras, r\u00e9gule s\u00e9bum, purifie cuir chevelu et apporte volume et l\u00e9g\u00e8ret\u00e9.\",\"breadcrumb\":{\"@id\":\"https:\\\/\\\/vitablanca.ma\\\/produit\\\/vichy-dercos-technique-shampooing-traitant-sebo-correcteur-200ml\\\/#breadcrumb\"},\"inLanguage\":\"en-US\",\"potentialAction\":[{\"@type\":\"ReadAction\",\"target\":[\"https:\\\/\\\/vitablanca.ma\\\/produit\\\/vichy-dercos-technique-shampooing-traitant-sebo-correcteur-200ml\\\/\"]}]},{\"@type\":\"ImageObject\",\"inLanguage\":\"en-US\",\"@id\":\"https:\\\/\\\/vitablanca.ma\\\/produit\\\/vichy-dercos-technique-shampooing-traitant-sebo-correcteur-200ml\\\/#primaryimage\",\"url\":\"https:\\\/\\\/vitablanca.ma\\\/wp-content\\\/uploads\\\/2025\\\/06\\\/Vichy-Dercos-Technique-Shampooing-Traitant-Sebo-Correcteur-200ml-nova-parapharmacie-maroc-1.png\",\"contentUrl\":\"https:\\\/\\\/vitablanca.ma\\\/wp-content\\\/uploads\\\/2025\\\/06\\\/Vichy-Dercos-Technique-Shampooing-Traitant-Sebo-Correcteur-200ml-nova-parapharmacie-maroc-1.png\",\"width\":1000,\"height\":1000},{\"@type\":\"BreadcrumbList\",\"@id\":\"https:\\\/\\\/vitablanca.ma\\\/produit\\\/vichy-dercos-technique-shampooing-traitant-sebo-correcteur-200ml\\\/#breadcrumb\",\"itemListElement\":[{\"@type\":\"ListItem\",\"position\":1,\"name\":\"Home\",\"item\":\"https:\\\/\\\/vitablanca.ma\\\/\"},{\"@type\":\"ListItem\",\"position\":2,\"name\":\"Tous Les Produits\",\"item\":\"https:\\\/\\\/vitablanca.ma\\\/tous-les-produits\\\/\"},{\"@type\":\"ListItem\",\"position\":3,\"name\":\"Vichy Dercos Technique Shampooing Traitant S\u00e9bo-Correcteur 200ml\"}]},{\"@type\":\"WebSite\",\"@id\":\"https:\\\/\\\/vitablanca.ma\\\/#website\",\"url\":\"https:\\\/\\\/vitablanca.ma\\\/\",\"name\":\"VitaBlanca.ma | Compl\u00e9ments alimentaires, sant\u00e9 & beaut\u00e9 au Maroc\",\"description\":\"vendre vitamines et compl\u00e9ments premium des USA &amp; Canada, Nouvelle Z\u00e9lande,Maroc (NOW Foods, Solgar, Manuka). Livraison rapide partout au Maroc.\",\"publisher\":{\"@id\":\"https:\\\/\\\/vitablanca.ma\\\/#organization\"},\"alternateName\":\"VitaBlanca.ma\",\"potentialAction\":[{\"@type\":\"SearchAction\",\"target\":{\"@type\":\"EntryPoint\",\"urlTemplate\":\"https:\\\/\\\/vitablanca.ma\\\/?s={search_term_string}\"},\"query-input\":{\"@type\":\"PropertyValueSpecification\",\"valueRequired\":true,\"valueName\":\"search_term_string\"}}],\"inLanguage\":\"en-US\"},{\"@type\":\"Organization\",\"@id\":\"https:\\\/\\\/vitablanca.ma\\\/#organization\",\"name\":\"VitaBlanca\",\"url\":\"https:\\\/\\\/vitablanca.ma\\\/\",\"logo\":{\"@type\":\"ImageObject\",\"inLanguage\":\"en-US\",\"@id\":\"https:\\\/\\\/vitablanca.ma\\\/#\\\/schema\\\/logo\\\/image\\\/\",\"url\":\"https:\\\/\\\/vitablanca.ma\\\/wp-content\\\/uploads\\\/2025\\\/05\\\/cropped-vitablanca.png\",\"contentUrl\":\"https:\\\/\\\/vitablanca.ma\\\/wp-content\\\/uploads\\\/2025\\\/05\\\/cropped-vitablanca.png\",\"width\":360,\"height\":67,\"caption\":\"VitaBlanca\"},\"image\":{\"@id\":\"https:\\\/\\\/vitablanca.ma\\\/#\\\/schema\\\/logo\\\/image\\\/\"},\"sameAs\":[\"https:\\\/\\\/www.facebook.com\\\/profile.php?id=61576678196717\",\"https:\\\/\\\/www.tiktok.com\\\/@vitablanca.ma\",\"https:\\\/\\\/www.instagram.com\\\/vitablanca.ma\\\/\"]}]}<\/script>\n<!-- \/ Yoast SEO plugin. -->","yoast_head_json":{"title":"Vichy Dercos Technique Shampooing 200ml Maroc Prix","description":"Vichy Dercos Technique 200 ml : shampooing s\u00e9bo-correcteur pour cheveux gras, r\u00e9gule s\u00e9bum, purifie cuir chevelu et apporte volume et l\u00e9g\u00e8ret\u00e9.","robots":{"index":"index","follow":"follow","max-snippet":"max-snippet:-1","max-image-preview":"max-image-preview:large","max-video-preview":"max-video-preview:-1"},"canonical":"https:\/\/vitablanca.ma\/en\/product\/vichy-dercos-technique-shampooing-traitant-sebo-correcteur-200ml\/","og_locale":"en_US","og_type":"article","og_title":"Vichy Dercos Technique Shampooing 200ml Maroc Prix","og_description":"Vichy Dercos Technique 200 ml : shampooing s\u00e9bo-correcteur pour cheveux gras, r\u00e9gule s\u00e9bum, purifie cuir chevelu et apporte volume et l\u00e9g\u00e8ret\u00e9.","og_url":"https:\/\/vitablanca.ma\/en\/product\/vichy-dercos-technique-shampooing-traitant-sebo-correcteur-200ml\/","og_site_name":"Vitablanca.ma &ndash; Sant&eacute;, vitalit&eacute; et bien-&ecirc;tre pour tous les Marocains","article_publisher":"https:\/\/www.facebook.com\/profile.php?id=61576678196717","article_modified_time":"2026-02-04T01:45:04+00:00","og_image":[{"width":1000,"height":1000,"url":"https:\/\/vitablanca.ma\/wp-content\/uploads\/2025\/06\/Vichy-Dercos-Technique-Shampooing-Traitant-Sebo-Correcteur-200ml-nova-parapharmacie-maroc-1.png","type":"image\/png"}],"twitter_card":"summary_large_image","twitter_misc":{"Est. reading time":"1 minute"},"schema":{"@context":"https:\/\/schema.org","@graph":[{"@type":["WebPage","ItemPage"],"@id":"https:\/\/vitablanca.ma\/produit\/vichy-dercos-technique-shampooing-traitant-sebo-correcteur-200ml\/","url":"https:\/\/vitablanca.ma\/produit\/vichy-dercos-technique-shampooing-traitant-sebo-correcteur-200ml\/","name":"Vichy Dercos Technique Shampooing 200ml Maroc Prix","isPartOf":{"@id":"https:\/\/vitablanca.ma\/#website"},"primaryImageOfPage":{"@id":"https:\/\/vitablanca.ma\/produit\/vichy-dercos-technique-shampooing-traitant-sebo-correcteur-200ml\/#primaryimage"},"image":{"@id":"https:\/\/vitablanca.ma\/produit\/vichy-dercos-technique-shampooing-traitant-sebo-correcteur-200ml\/#primaryimage"},"thumbnailUrl":"https:\/\/vitablanca.ma\/wp-content\/uploads\/2025\/06\/Vichy-Dercos-Technique-Shampooing-Traitant-Sebo-Correcteur-200ml-nova-parapharmacie-maroc-1.png","datePublished":"2025-06-11T22:22:22+00:00","dateModified":"2026-02-04T01:45:04+00:00","description":"Vichy Dercos Technique 200 ml : shampooing s\u00e9bo-correcteur pour cheveux gras, r\u00e9gule s\u00e9bum, purifie cuir chevelu et apporte volume et l\u00e9g\u00e8ret\u00e9.","breadcrumb":{"@id":"https:\/\/vitablanca.ma\/produit\/vichy-dercos-technique-shampooing-traitant-sebo-correcteur-200ml\/#breadcrumb"},"inLanguage":"en-US","potentialAction":[{"@type":"ReadAction","target":["https:\/\/vitablanca.ma\/produit\/vichy-dercos-technique-shampooing-traitant-sebo-correcteur-200ml\/"]}]},{"@type":"ImageObject","inLanguage":"en-US","@id":"https:\/\/vitablanca.ma\/produit\/vichy-dercos-technique-shampooing-traitant-sebo-correcteur-200ml\/#primaryimage","url":"https:\/\/vitablanca.ma\/wp-content\/uploads\/2025\/06\/Vichy-Dercos-Technique-Shampooing-Traitant-Sebo-Correcteur-200ml-nova-parapharmacie-maroc-1.png","contentUrl":"https:\/\/vitablanca.ma\/wp-content\/uploads\/2025\/06\/Vichy-Dercos-Technique-Shampooing-Traitant-Sebo-Correcteur-200ml-nova-parapharmacie-maroc-1.png","width":1000,"height":1000},{"@type":"BreadcrumbList","@id":"https:\/\/vitablanca.ma\/produit\/vichy-dercos-technique-shampooing-traitant-sebo-correcteur-200ml\/#breadcrumb","itemListElement":[{"@type":"ListItem","position":1,"name":"Home","item":"https:\/\/vitablanca.ma\/"},{"@type":"ListItem","position":2,"name":"Tous Les Produits","item":"https:\/\/vitablanca.ma\/tous-les-produits\/"},{"@type":"ListItem","position":3,"name":"Vichy Dercos Technique Shampooing Traitant S\u00e9bo-Correcteur 200ml"}]},{"@type":"WebSite","@id":"https:\/\/vitablanca.ma\/#website","url":"https:\/\/vitablanca.ma\/","name":"VitaBlanca.ma | Food supplements, health &amp; beauty in Morocco","description":"sell premium vitamins and supplements from USA &amp; Canada, New Zealand, Morocco (NOW Foods, Solgar, Manuka). Fast delivery anywhere in Morocco.","publisher":{"@id":"https:\/\/vitablanca.ma\/#organization"},"alternateName":"VitaBlanca.ma","potentialAction":[{"@type":"SearchAction","target":{"@type":"EntryPoint","urlTemplate":"https:\/\/vitablanca.ma\/?s={search_term_string}"},"query-input":{"@type":"PropertyValueSpecification","valueRequired":true,"valueName":"search_term_string"}}],"inLanguage":"en-US"},{"@type":"Organization","@id":"https:\/\/vitablanca.ma\/#organization","name":"VitaBlanca","url":"https:\/\/vitablanca.ma\/","logo":{"@type":"ImageObject","inLanguage":"en-US","@id":"https:\/\/vitablanca.ma\/#\/schema\/logo\/image\/","url":"https:\/\/vitablanca.ma\/wp-content\/uploads\/2025\/05\/cropped-vitablanca.png","contentUrl":"https:\/\/vitablanca.ma\/wp-content\/uploads\/2025\/05\/cropped-vitablanca.png","width":360,"height":67,"caption":"VitaBlanca"},"image":{"@id":"https:\/\/vitablanca.ma\/#\/schema\/logo\/image\/"},"sameAs":["https:\/\/www.facebook.com\/profile.php?id=61576678196717","https:\/\/www.tiktok.com\/@vitablanca.ma","https:\/\/www.instagram.com\/vitablanca.ma\/"]}]}},"jetpack_sharing_enabled":true,"_links":{"self":[{"href":"https:\/\/vitablanca.ma\/en\/wp-json\/wp\/v2\/product\/22457","targetHints":{"allow":["GET"]}}],"collection":[{"href":"https:\/\/vitablanca.ma\/en\/wp-json\/wp\/v2\/product"}],"about":[{"href":"https:\/\/vitablanca.ma\/en\/wp-json\/wp\/v2\/types\/product"}],"wp:featuredmedia":[{"embeddable":true,"href":"https:\/\/vitablanca.ma\/en\/wp-json\/wp\/v2\/media\/22456"}],"wp:attachment":[{"href":"https:\/\/vitablanca.ma\/en\/wp-json\/wp\/v2\/media?parent=22457"}],"wp:term":[{"taxonomy":"product_brand","embeddable":true,"href":"https:\/\/vitablanca.ma\/en\/wp-json\/wp\/v2\/product_brand?post=22457"},{"taxonomy":"product_cat","embeddable":true,"href":"https:\/\/vitablanca.ma\/en\/wp-json\/wp\/v2\/product_cat?post=22457"},{"taxonomy":"product_tag","embeddable":true,"href":"https:\/\/vitablanca.ma\/en\/wp-json\/wp\/v2\/product_tag?post=22457"}],"curies":[{"name":"wp","href":"https:\/\/api.w.org\/{rel}","templated":true}]}}