{"id":22442,"date":"2025-06-11T22:20:11","date_gmt":"2025-06-11T22:20:11","guid":{"rendered":"https:\/\/vitablanca.ma\/product\/vichy-dercos-technique-densi-solutions-concentre-createur-de-masse-capillaire-100ml\/"},"modified":"2026-02-04T01:56:25","modified_gmt":"2026-02-04T01:56:25","slug":"vichy-dercos-technique-densi-solutions-concentre-createur-de-masse-capillaire-100ml","status":"publish","type":"product","link":"https:\/\/vitablanca.ma\/en\/product\/vichy-dercos-technique-densi-solutions-concentre-createur-de-masse-capillaire-100ml\/","title":{"rendered":"Vichy Dercos Technique Densi-Solutions Hair Mass Creator Concentrate 100ml"},"content":{"rendered":"<h2><span data-mce-fragment=\"1\">Vichy Dercos Technique Densi-Solutions Hair Mass Creator Concentrate multiplies the number of hairs<\/span><\/h2>\n<p><span data-mce-fragment=\"1\">A lotion that works at the scalp level to multiply the number of hairs, for visibly denser and stronger hair.<\/span><br data-mce-fragment=\"1\" \/><span data-mce-fragment=\"1\">For women affected by hair loss. This loss is identifiable by a decrease in hair strength (the hair is weakened and less resistant), a decrease in the thickness of the hair fiber (the hair appears finer than before), and a decrease in the quantity of hair (the ponytail is less thick).<\/span><\/p>\n<div class=\"ctn_top-accordion\">\n<div class=\"accordion-item itemForm\">\n<h3 class=\"accordion-item-title\">Efficiency<\/h3>\n<div class=\"accordion-content\">\n<p>After 2 weeks of application, 80% of people felt their hair was thicker, 91% of people felt their hair was stronger*.<br \/>\nFrom 6 weeks, hair is denser**.<br \/>\nDermatologically tested, this concentrate is suitable for sensitive scalps.<br \/>\n<em>* Consumer test \u2013 satisfaction percentage \u2013 shampoo + conditioner + concentrated treatment \u2013 176 subjects \u2013 2 weeks<\/em><br \/>\n<em>** Clinical study \u2013 79 women \u2013 6 weeks.<\/em><br \/>\nSilicone-free for a natural feel.<\/p>\n<\/div>\n<\/div>\n<div class=\"accordion-item itemForm\">\n<h3 class=\"accordion-item-title\">Application<\/h3>\n<div class=\"accordion-content\">\n<p>1. Divide your hair into 4 sections<br \/>\n2. Apply 5 pumps line by line in each section to distribute the product over the entire scalp<br \/>\n3. Massage to make the product penetrate and stimulate the scalp<br \/>\n4. Do not rinse<br \/>\n5. Apply once a day to dry or towel-dried hair for 6 weeks<\/p>\n<\/div>\n<\/div>\n<\/div>\n<div class=\"ctn_bottom-accordion\">\n<div class=\"accordion-item composition\">\n<h3 class=\"accordion-item-title\">Composition<\/h3>\n<p>ALCOHOL DENAT. AQUA \/ WATER DIETHYLLUTIDINATE CITRAL ETHYL ESTER OF PVM\/MA COPOLYMER GERANIOL HEXYL CINNAMAL ISOEUGENOL LIMONENE LINALOOL MENTHA PIPERITA OIL \/ PEPPERMINT OIL MENTHOL RESVERATROL RHAMNOSE TOCOPHERYL ACETATE PARFUM \/ FRAGRANCE<\/p>\n<\/div>\n<\/div>","protected":false},"excerpt":{"rendered":"<p>Vichy Dercos Technique Densi-Solutions Concentr\u00e9 Cr\u00e9ateur De Masse Capillaire multiplie le nombre de cheveux Une lotion qui agit au niveau du cuir chevelu pour multiplier le nombre de cheveux, pour une chevelure visiblement plus dense et plus forte.Pour les femmes concern\u00e9es par la perte de masse capillaire. Cette perte est identifiable par une diminution de [&hellip;]<\/p>\n","protected":false},"featured_media":22436,"template":"","meta":{"om_disable_all_campaigns":false},"product_brand":[3358],"product_cat":[18],"product_tag":[7576,7572,7013,6243,5926,6237,7532,7575,7570,7495,7571,6242,7573,7574,3359,7392,3360,3361],"class_list":{"0":"post-22442","1":"product","2":"type-product","3":"status-publish","4":"has-post-thumbnail","6":"product_brand-vichy-maroc-prix-vitablanca","7":"product_cat-beaute-sante","8":"product_tag-anti-affinement-cheveux","9":"product_tag-augmente-volume","10":"product_tag-cheveux-clairsemes","11":"product_tag-cheveux-epais","12":"product_tag-cheveux-fins","13":"product_tag-cheveux-resistants","14":"product_tag-cheveux-volumineux","15":"product_tag-concentre-cheveux-vichy","16":"product_tag-concentre-createur-de-masse","17":"product_tag-densi-solutions","18":"product_tag-densifie-cheveux","19":"product_tag-soin-cuir-chevelu","20":"product_tag-stimule-racine-cheveux","21":"product_tag-traitement-densifiant","22":"product_tag-vichy","23":"product_tag-vichy-dercos","24":"product_tag-vichy-maroc","25":"product_tag-vichy-morocco","27":"first","28":"instock","29":"sale","30":"taxable","31":"shipping-taxable","32":"purchasable","33":"product-type-simple"},"yoast_head":"<!-- This site is optimized with the Yoast SEO plugin v27.4 - https:\/\/yoast.com\/product\/yoast-seo-wordpress\/ -->\n<title>Vichy Dercos Densi-Solutions Concentr\u00e9 Masse 100 ml -Maroc Prix<\/title>\n<meta name=\"description\" content=\"Vichy Dercos Densi-Solutions 100 ml : concentr\u00e9 pour cheveux fins, densifie, renforce et augmente visiblement le volume pour une chevelure plus \u00e9paisse.\" \/>\n<meta name=\"robots\" content=\"index, follow, max-snippet:-1, max-image-preview:large, max-video-preview:-1\" \/>\n<link rel=\"canonical\" href=\"https:\/\/vitablanca.ma\/en\/product\/vichy-dercos-technique-densi-solutions-concentre-createur-de-masse-capillaire-100ml\/\" \/>\n<meta property=\"og:locale\" content=\"en_US\" \/>\n<meta property=\"og:type\" content=\"article\" \/>\n<meta property=\"og:title\" content=\"Vichy Dercos Densi-Solutions Concentr\u00e9 Masse 100 ml -Maroc Prix\" \/>\n<meta property=\"og:description\" content=\"Vichy Dercos Densi-Solutions 100 ml : concentr\u00e9 pour cheveux fins, densifie, renforce et augmente visiblement le volume pour une chevelure plus \u00e9paisse.\" \/>\n<meta property=\"og:url\" content=\"https:\/\/vitablanca.ma\/en\/product\/vichy-dercos-technique-densi-solutions-concentre-createur-de-masse-capillaire-100ml\/\" \/>\n<meta property=\"og:site_name\" content=\"Vitablanca.ma &ndash; Sant&eacute;, vitalit&eacute; et bien-&ecirc;tre pour tous les Marocains\" \/>\n<meta property=\"article:publisher\" content=\"https:\/\/www.facebook.com\/profile.php?id=61576678196717\" \/>\n<meta property=\"article:modified_time\" content=\"2026-02-04T01:56:25+00:00\" \/>\n<meta property=\"og:image\" content=\"https:\/\/vitablanca.ma\/wp-content\/uploads\/2025\/06\/vichy-dercos-densi-solutions-concentre-anti-chute-createur-de-masse-capillaire-100ml-parapharmacie-prix-maroc-1.jpg\" \/>\n\t<meta property=\"og:image:width\" content=\"800\" \/>\n\t<meta property=\"og:image:height\" content=\"800\" \/>\n\t<meta property=\"og:image:type\" content=\"image\/jpeg\" \/>\n<meta name=\"twitter:card\" content=\"summary_large_image\" \/>\n<meta name=\"twitter:label1\" content=\"Est. reading time\" \/>\n\t<meta name=\"twitter:data1\" content=\"2 minutes\" \/>\n<script type=\"application\/ld+json\" class=\"yoast-schema-graph\">{\"@context\":\"https:\\\/\\\/schema.org\",\"@graph\":[{\"@type\":[\"WebPage\",\"ItemPage\"],\"@id\":\"https:\\\/\\\/vitablanca.ma\\\/produit\\\/vichy-dercos-technique-densi-solutions-concentre-createur-de-masse-capillaire-100ml\\\/\",\"url\":\"https:\\\/\\\/vitablanca.ma\\\/produit\\\/vichy-dercos-technique-densi-solutions-concentre-createur-de-masse-capillaire-100ml\\\/\",\"name\":\"Vichy Dercos Densi-Solutions Concentr\u00e9 Masse 100 ml -Maroc Prix\",\"isPartOf\":{\"@id\":\"https:\\\/\\\/vitablanca.ma\\\/#website\"},\"primaryImageOfPage\":{\"@id\":\"https:\\\/\\\/vitablanca.ma\\\/produit\\\/vichy-dercos-technique-densi-solutions-concentre-createur-de-masse-capillaire-100ml\\\/#primaryimage\"},\"image\":{\"@id\":\"https:\\\/\\\/vitablanca.ma\\\/produit\\\/vichy-dercos-technique-densi-solutions-concentre-createur-de-masse-capillaire-100ml\\\/#primaryimage\"},\"thumbnailUrl\":\"https:\\\/\\\/vitablanca.ma\\\/wp-content\\\/uploads\\\/2025\\\/06\\\/vichy-dercos-densi-solutions-concentre-anti-chute-createur-de-masse-capillaire-100ml-parapharmacie-prix-maroc-1.jpg\",\"datePublished\":\"2025-06-11T22:20:11+00:00\",\"dateModified\":\"2026-02-04T01:56:25+00:00\",\"description\":\"Vichy Dercos Densi-Solutions 100 ml : concentr\u00e9 pour cheveux fins, densifie, renforce et augmente visiblement le volume pour une chevelure plus \u00e9paisse.\",\"breadcrumb\":{\"@id\":\"https:\\\/\\\/vitablanca.ma\\\/produit\\\/vichy-dercos-technique-densi-solutions-concentre-createur-de-masse-capillaire-100ml\\\/#breadcrumb\"},\"inLanguage\":\"en-US\",\"potentialAction\":[{\"@type\":\"ReadAction\",\"target\":[\"https:\\\/\\\/vitablanca.ma\\\/produit\\\/vichy-dercos-technique-densi-solutions-concentre-createur-de-masse-capillaire-100ml\\\/\"]}]},{\"@type\":\"ImageObject\",\"inLanguage\":\"en-US\",\"@id\":\"https:\\\/\\\/vitablanca.ma\\\/produit\\\/vichy-dercos-technique-densi-solutions-concentre-createur-de-masse-capillaire-100ml\\\/#primaryimage\",\"url\":\"https:\\\/\\\/vitablanca.ma\\\/wp-content\\\/uploads\\\/2025\\\/06\\\/vichy-dercos-densi-solutions-concentre-anti-chute-createur-de-masse-capillaire-100ml-parapharmacie-prix-maroc-1.jpg\",\"contentUrl\":\"https:\\\/\\\/vitablanca.ma\\\/wp-content\\\/uploads\\\/2025\\\/06\\\/vichy-dercos-densi-solutions-concentre-anti-chute-createur-de-masse-capillaire-100ml-parapharmacie-prix-maroc-1.jpg\",\"width\":800,\"height\":800},{\"@type\":\"BreadcrumbList\",\"@id\":\"https:\\\/\\\/vitablanca.ma\\\/produit\\\/vichy-dercos-technique-densi-solutions-concentre-createur-de-masse-capillaire-100ml\\\/#breadcrumb\",\"itemListElement\":[{\"@type\":\"ListItem\",\"position\":1,\"name\":\"Home\",\"item\":\"https:\\\/\\\/vitablanca.ma\\\/\"},{\"@type\":\"ListItem\",\"position\":2,\"name\":\"Tous Les Produits\",\"item\":\"https:\\\/\\\/vitablanca.ma\\\/tous-les-produits\\\/\"},{\"@type\":\"ListItem\",\"position\":3,\"name\":\"Vichy Dercos Technique Densi-Solutions Concentr\u00e9 Cr\u00e9ateur De Masse Capillaire 100ml\"}]},{\"@type\":\"WebSite\",\"@id\":\"https:\\\/\\\/vitablanca.ma\\\/#website\",\"url\":\"https:\\\/\\\/vitablanca.ma\\\/\",\"name\":\"VitaBlanca.ma | Compl\u00e9ments alimentaires, sant\u00e9 & beaut\u00e9 au Maroc\",\"description\":\"vendre vitamines et compl\u00e9ments premium des USA &amp; Canada, Nouvelle Z\u00e9lande,Maroc (NOW Foods, Solgar, Manuka). Livraison rapide partout au Maroc.\",\"publisher\":{\"@id\":\"https:\\\/\\\/vitablanca.ma\\\/#organization\"},\"alternateName\":\"VitaBlanca.ma\",\"potentialAction\":[{\"@type\":\"SearchAction\",\"target\":{\"@type\":\"EntryPoint\",\"urlTemplate\":\"https:\\\/\\\/vitablanca.ma\\\/?s={search_term_string}\"},\"query-input\":{\"@type\":\"PropertyValueSpecification\",\"valueRequired\":true,\"valueName\":\"search_term_string\"}}],\"inLanguage\":\"en-US\"},{\"@type\":\"Organization\",\"@id\":\"https:\\\/\\\/vitablanca.ma\\\/#organization\",\"name\":\"VitaBlanca\",\"url\":\"https:\\\/\\\/vitablanca.ma\\\/\",\"logo\":{\"@type\":\"ImageObject\",\"inLanguage\":\"en-US\",\"@id\":\"https:\\\/\\\/vitablanca.ma\\\/#\\\/schema\\\/logo\\\/image\\\/\",\"url\":\"https:\\\/\\\/vitablanca.ma\\\/wp-content\\\/uploads\\\/2025\\\/05\\\/cropped-vitablanca.png\",\"contentUrl\":\"https:\\\/\\\/vitablanca.ma\\\/wp-content\\\/uploads\\\/2025\\\/05\\\/cropped-vitablanca.png\",\"width\":360,\"height\":67,\"caption\":\"VitaBlanca\"},\"image\":{\"@id\":\"https:\\\/\\\/vitablanca.ma\\\/#\\\/schema\\\/logo\\\/image\\\/\"},\"sameAs\":[\"https:\\\/\\\/www.facebook.com\\\/profile.php?id=61576678196717\",\"https:\\\/\\\/www.tiktok.com\\\/@vitablanca.ma\",\"https:\\\/\\\/www.instagram.com\\\/vitablanca.ma\\\/\"]}]}<\/script>\n<!-- \/ Yoast SEO plugin. -->","yoast_head_json":{"title":"Vichy Dercos Densi-Solutions Concentr\u00e9 Masse 100 ml -Maroc Prix","description":"Vichy Dercos Densi-Solutions 100 ml : concentr\u00e9 pour cheveux fins, densifie, renforce et augmente visiblement le volume pour une chevelure plus \u00e9paisse.","robots":{"index":"index","follow":"follow","max-snippet":"max-snippet:-1","max-image-preview":"max-image-preview:large","max-video-preview":"max-video-preview:-1"},"canonical":"https:\/\/vitablanca.ma\/en\/product\/vichy-dercos-technique-densi-solutions-concentre-createur-de-masse-capillaire-100ml\/","og_locale":"en_US","og_type":"article","og_title":"Vichy Dercos Densi-Solutions Concentr\u00e9 Masse 100 ml -Maroc Prix","og_description":"Vichy Dercos Densi-Solutions 100 ml : concentr\u00e9 pour cheveux fins, densifie, renforce et augmente visiblement le volume pour une chevelure plus \u00e9paisse.","og_url":"https:\/\/vitablanca.ma\/en\/product\/vichy-dercos-technique-densi-solutions-concentre-createur-de-masse-capillaire-100ml\/","og_site_name":"Vitablanca.ma &ndash; Sant&eacute;, vitalit&eacute; et bien-&ecirc;tre pour tous les Marocains","article_publisher":"https:\/\/www.facebook.com\/profile.php?id=61576678196717","article_modified_time":"2026-02-04T01:56:25+00:00","og_image":[{"width":800,"height":800,"url":"https:\/\/vitablanca.ma\/wp-content\/uploads\/2025\/06\/vichy-dercos-densi-solutions-concentre-anti-chute-createur-de-masse-capillaire-100ml-parapharmacie-prix-maroc-1.jpg","type":"image\/jpeg"}],"twitter_card":"summary_large_image","twitter_misc":{"Est. reading time":"2 minutes"},"schema":{"@context":"https:\/\/schema.org","@graph":[{"@type":["WebPage","ItemPage"],"@id":"https:\/\/vitablanca.ma\/produit\/vichy-dercos-technique-densi-solutions-concentre-createur-de-masse-capillaire-100ml\/","url":"https:\/\/vitablanca.ma\/produit\/vichy-dercos-technique-densi-solutions-concentre-createur-de-masse-capillaire-100ml\/","name":"Vichy Dercos Densi-Solutions Concentr\u00e9 Masse 100 ml -Maroc Prix","isPartOf":{"@id":"https:\/\/vitablanca.ma\/#website"},"primaryImageOfPage":{"@id":"https:\/\/vitablanca.ma\/produit\/vichy-dercos-technique-densi-solutions-concentre-createur-de-masse-capillaire-100ml\/#primaryimage"},"image":{"@id":"https:\/\/vitablanca.ma\/produit\/vichy-dercos-technique-densi-solutions-concentre-createur-de-masse-capillaire-100ml\/#primaryimage"},"thumbnailUrl":"https:\/\/vitablanca.ma\/wp-content\/uploads\/2025\/06\/vichy-dercos-densi-solutions-concentre-anti-chute-createur-de-masse-capillaire-100ml-parapharmacie-prix-maroc-1.jpg","datePublished":"2025-06-11T22:20:11+00:00","dateModified":"2026-02-04T01:56:25+00:00","description":"Vichy Dercos Densi-Solutions 100 ml : concentr\u00e9 pour cheveux fins, densifie, renforce et augmente visiblement le volume pour une chevelure plus \u00e9paisse.","breadcrumb":{"@id":"https:\/\/vitablanca.ma\/produit\/vichy-dercos-technique-densi-solutions-concentre-createur-de-masse-capillaire-100ml\/#breadcrumb"},"inLanguage":"en-US","potentialAction":[{"@type":"ReadAction","target":["https:\/\/vitablanca.ma\/produit\/vichy-dercos-technique-densi-solutions-concentre-createur-de-masse-capillaire-100ml\/"]}]},{"@type":"ImageObject","inLanguage":"en-US","@id":"https:\/\/vitablanca.ma\/produit\/vichy-dercos-technique-densi-solutions-concentre-createur-de-masse-capillaire-100ml\/#primaryimage","url":"https:\/\/vitablanca.ma\/wp-content\/uploads\/2025\/06\/vichy-dercos-densi-solutions-concentre-anti-chute-createur-de-masse-capillaire-100ml-parapharmacie-prix-maroc-1.jpg","contentUrl":"https:\/\/vitablanca.ma\/wp-content\/uploads\/2025\/06\/vichy-dercos-densi-solutions-concentre-anti-chute-createur-de-masse-capillaire-100ml-parapharmacie-prix-maroc-1.jpg","width":800,"height":800},{"@type":"BreadcrumbList","@id":"https:\/\/vitablanca.ma\/produit\/vichy-dercos-technique-densi-solutions-concentre-createur-de-masse-capillaire-100ml\/#breadcrumb","itemListElement":[{"@type":"ListItem","position":1,"name":"Home","item":"https:\/\/vitablanca.ma\/"},{"@type":"ListItem","position":2,"name":"Tous Les Produits","item":"https:\/\/vitablanca.ma\/tous-les-produits\/"},{"@type":"ListItem","position":3,"name":"Vichy Dercos Technique Densi-Solutions Concentr\u00e9 Cr\u00e9ateur De Masse Capillaire 100ml"}]},{"@type":"WebSite","@id":"https:\/\/vitablanca.ma\/#website","url":"https:\/\/vitablanca.ma\/","name":"VitaBlanca.ma | Food supplements, health &amp; beauty in Morocco","description":"sell premium vitamins and supplements from USA &amp; Canada, New Zealand, Morocco (NOW Foods, Solgar, Manuka). Fast delivery anywhere in Morocco.","publisher":{"@id":"https:\/\/vitablanca.ma\/#organization"},"alternateName":"VitaBlanca.ma","potentialAction":[{"@type":"SearchAction","target":{"@type":"EntryPoint","urlTemplate":"https:\/\/vitablanca.ma\/?s={search_term_string}"},"query-input":{"@type":"PropertyValueSpecification","valueRequired":true,"valueName":"search_term_string"}}],"inLanguage":"en-US"},{"@type":"Organization","@id":"https:\/\/vitablanca.ma\/#organization","name":"VitaBlanca","url":"https:\/\/vitablanca.ma\/","logo":{"@type":"ImageObject","inLanguage":"en-US","@id":"https:\/\/vitablanca.ma\/#\/schema\/logo\/image\/","url":"https:\/\/vitablanca.ma\/wp-content\/uploads\/2025\/05\/cropped-vitablanca.png","contentUrl":"https:\/\/vitablanca.ma\/wp-content\/uploads\/2025\/05\/cropped-vitablanca.png","width":360,"height":67,"caption":"VitaBlanca"},"image":{"@id":"https:\/\/vitablanca.ma\/#\/schema\/logo\/image\/"},"sameAs":["https:\/\/www.facebook.com\/profile.php?id=61576678196717","https:\/\/www.tiktok.com\/@vitablanca.ma","https:\/\/www.instagram.com\/vitablanca.ma\/"]}]}},"jetpack_sharing_enabled":true,"_links":{"self":[{"href":"https:\/\/vitablanca.ma\/en\/wp-json\/wp\/v2\/product\/22442","targetHints":{"allow":["GET"]}}],"collection":[{"href":"https:\/\/vitablanca.ma\/en\/wp-json\/wp\/v2\/product"}],"about":[{"href":"https:\/\/vitablanca.ma\/en\/wp-json\/wp\/v2\/types\/product"}],"wp:featuredmedia":[{"embeddable":true,"href":"https:\/\/vitablanca.ma\/en\/wp-json\/wp\/v2\/media\/22436"}],"wp:attachment":[{"href":"https:\/\/vitablanca.ma\/en\/wp-json\/wp\/v2\/media?parent=22442"}],"wp:term":[{"taxonomy":"product_brand","embeddable":true,"href":"https:\/\/vitablanca.ma\/en\/wp-json\/wp\/v2\/product_brand?post=22442"},{"taxonomy":"product_cat","embeddable":true,"href":"https:\/\/vitablanca.ma\/en\/wp-json\/wp\/v2\/product_cat?post=22442"},{"taxonomy":"product_tag","embeddable":true,"href":"https:\/\/vitablanca.ma\/en\/wp-json\/wp\/v2\/product_tag?post=22442"}],"curies":[{"name":"wp","href":"https:\/\/api.w.org\/{rel}","templated":true}]}}