{"id":22423,"date":"2025-06-11T22:15:37","date_gmt":"2025-06-11T22:15:37","guid":{"rendered":"https:\/\/vitablanca.ma\/product\/vichy-dercos-technique-ultra-apaisant-cheveux-normaux-a-gras-200ml\/"},"modified":"2026-02-04T02:02:07","modified_gmt":"2026-02-04T02:02:07","slug":"vichy-dercos-technique-ultra-apaisant-cheveux-normaux-a-gras-200ml","status":"publish","type":"product","link":"https:\/\/vitablanca.ma\/en\/product\/vichy-dercos-technique-ultra-apaisant-cheveux-normaux-a-gras-200ml\/","title":{"rendered":"Vichy Dercos Technique Ultra Soothing Normal to Oily Hair 200ml"},"content":{"rendered":"<h2>Vichy Dercos Technique Ultra Soothing Normal to Oily Hair Soothing hair care<\/h2>\n<p>Works instantly from the first use.<br \/>\nScalp soothed for 48 hours.<br \/>\nAnti-itch.<br \/>\nStrengthens the sensitized fiber.<br \/>\nReactive scalp.<br \/>\nNormal to oily hair.<\/p>\n<h3>Efficiency<\/h3>\n<p>Clinically proven soothing formula: Sensirine: clinically proven soothing properties. Panthenol: softer, shinier, more supple hair. Vitamin Cg: known for its antioxidant properties. Works instantly from the first use. Soothes scalp for 48 hours. Anti-itch. Strengthens sensitized hair fiber.<\/p>\n<h3>Application<\/h3>\n<p>Apply to wet hair, gently massage into the scalp, leave on for 1 minute, then rinse.<\/p>\n<h3>Precautions for use<\/h3>\n<p>Hypoallergenic<\/p>\n<h3>Composition<\/h3>\n<p>AQUA \/ WATER SODIUM METHYL COCOYL TAURATE LAURETH-5 CARBOXYLIC ACID COCAMIDOPROPYL BETAINE GLYCERIN SODIUM CHLORIDE ASCORBYL GLUCOSIDE COCONUT ACID HEXYLENE GLYCOL ISOPROPYL ALCOHOL LACTIC ACID PANTHENOL PEG-150 DISTEARATE PEG-55 PROPYLENE GLYCOL OLEATE PIROCTONE OLAMINE POLYQUATERNIUM-10 POLYSORBATE 21 PROPYLENE GLYCOL SALICYLIC ACID SALICYLIC ACID SODIUM ACETATE SODIUM BENZOATE SODIUM HYDROXIDE SODIUM LAUROYL GLUTAMATE PERFUME \/ FRAGRANCE<\/p>","protected":false},"excerpt":{"rendered":"<p>Vichy Dercos Technique\u00a0 Ultra Apaisant Cheveux Normaux \u00c0 Gras Soin apaisant cheveux Agit instantan\u00e9ment d\u00e8s la 1\u00e8re utilisation. Cuir chevelu apais\u00e9 pour 48h. Anti d\u00e9mangeaisons. Renforce la fibre sensibilis\u00e9e. Cuir chevelu r\u00e9actif. Cheveux normaux \u00e0 gras. Efficacit\u00e9 Formule apaisante cliniquement prouv\u00e9e : Sensirine :\u00a0 propri\u00e9t\u00e9s apaisantes cliniquement prouv\u00e9es. Panth\u00e9nol : cheveux plus doux, plus brillants, [&hellip;]<\/p>\n","protected":false},"featured_media":22422,"template":"","meta":{"om_disable_all_campaigns":false},"product_brand":[3358],"product_cat":[18],"product_tag":[7588,6052,6037,7538,6312,7343,7589,7526,7587,7586,7539,7346,7585,7590,3359,7392,3360,3361],"class_list":{"0":"post-22423","1":"product","2":"type-product","3":"status-publish","4":"has-post-thumbnail","6":"product_brand-vichy-maroc-prix-vitablanca","7":"product_cat-beaute-sante","8":"product_tag-apaise-cuir-chevelu","9":"product_tag-cheveux-brillants","10":"product_tag-cheveux-doux","11":"product_tag-cheveux-equilibres","12":"product_tag-cheveux-legers","13":"product_tag-cuir-chevelu-sensible","14":"product_tag-purifie-cheveux","15":"product_tag-shampooing-apaisant","16":"product_tag-shampooing-cheveux-gras","17":"product_tag-shampooing-cheveux-normaux","18":"product_tag-shampooing-dermatologique","19":"product_tag-soin-capillaire-vichy","20":"product_tag-ultra-apaisant","21":"product_tag-usage-frequent","22":"product_tag-vichy","23":"product_tag-vichy-dercos","24":"product_tag-vichy-maroc","25":"product_tag-vichy-morocco","27":"first","28":"instock","29":"sale","30":"taxable","31":"shipping-taxable","32":"purchasable","33":"product-type-simple"},"yoast_head":"<!-- This site is optimized with the Yoast SEO plugin v27.4 - https:\/\/yoast.com\/product\/yoast-seo-wordpress\/ -->\n<title>Vichy Dercos Ultra Shampooing Cheveux 200 ml - Maroc Prix<\/title>\n<meta name=\"description\" content=\"Vichy Dercos Ultra Apaisant 200 ml : shampooing doux pour cheveux normaux \u00e0 gras, apaise le cuir chevelu irrit\u00e9, purifie et laisse cheveux l\u00e9gers.\" \/>\n<meta name=\"robots\" content=\"index, follow, max-snippet:-1, max-image-preview:large, max-video-preview:-1\" \/>\n<link rel=\"canonical\" href=\"https:\/\/vitablanca.ma\/en\/product\/vichy-dercos-technique-ultra-apaisant-cheveux-normaux-a-gras-200ml\/\" \/>\n<meta property=\"og:locale\" content=\"en_US\" \/>\n<meta property=\"og:type\" content=\"article\" \/>\n<meta property=\"og:title\" content=\"Vichy Dercos Ultra Shampooing Cheveux 200 ml - Maroc Prix\" \/>\n<meta property=\"og:description\" content=\"Vichy Dercos Ultra Apaisant 200 ml : shampooing doux pour cheveux normaux \u00e0 gras, apaise le cuir chevelu irrit\u00e9, purifie et laisse cheveux l\u00e9gers.\" \/>\n<meta property=\"og:url\" content=\"https:\/\/vitablanca.ma\/en\/product\/vichy-dercos-technique-ultra-apaisant-cheveux-normaux-a-gras-200ml\/\" \/>\n<meta property=\"og:site_name\" content=\"Vitablanca.ma &ndash; Sant&eacute;, vitalit&eacute; et bien-&ecirc;tre pour tous les Marocains\" \/>\n<meta property=\"article:publisher\" content=\"https:\/\/www.facebook.com\/profile.php?id=61576678196717\" \/>\n<meta property=\"article:modified_time\" content=\"2026-02-04T02:02:07+00:00\" \/>\n<meta property=\"og:image\" content=\"https:\/\/vitablanca.ma\/wp-content\/uploads\/2025\/06\/Vichy-Dercos-Technique-Ultra-Apaisant-Cheveux-Normaux-A-Gras-200ml-nova-parapharmacie-maroc-1.png\" \/>\n\t<meta property=\"og:image:width\" content=\"1000\" \/>\n\t<meta property=\"og:image:height\" content=\"1000\" \/>\n\t<meta property=\"og:image:type\" content=\"image\/png\" \/>\n<meta name=\"twitter:card\" content=\"summary_large_image\" \/>\n<meta name=\"twitter:label1\" content=\"Est. reading time\" \/>\n\t<meta name=\"twitter:data1\" content=\"1 minute\" \/>\n<script type=\"application\/ld+json\" class=\"yoast-schema-graph\">{\"@context\":\"https:\\\/\\\/schema.org\",\"@graph\":[{\"@type\":[\"WebPage\",\"ItemPage\"],\"@id\":\"https:\\\/\\\/vitablanca.ma\\\/produit\\\/vichy-dercos-technique-ultra-apaisant-cheveux-normaux-a-gras-200ml\\\/\",\"url\":\"https:\\\/\\\/vitablanca.ma\\\/produit\\\/vichy-dercos-technique-ultra-apaisant-cheveux-normaux-a-gras-200ml\\\/\",\"name\":\"Vichy Dercos Ultra Shampooing Cheveux 200 ml - Maroc Prix\",\"isPartOf\":{\"@id\":\"https:\\\/\\\/vitablanca.ma\\\/#website\"},\"primaryImageOfPage\":{\"@id\":\"https:\\\/\\\/vitablanca.ma\\\/produit\\\/vichy-dercos-technique-ultra-apaisant-cheveux-normaux-a-gras-200ml\\\/#primaryimage\"},\"image\":{\"@id\":\"https:\\\/\\\/vitablanca.ma\\\/produit\\\/vichy-dercos-technique-ultra-apaisant-cheveux-normaux-a-gras-200ml\\\/#primaryimage\"},\"thumbnailUrl\":\"https:\\\/\\\/vitablanca.ma\\\/wp-content\\\/uploads\\\/2025\\\/06\\\/Vichy-Dercos-Technique-Ultra-Apaisant-Cheveux-Normaux-A-Gras-200ml-nova-parapharmacie-maroc-1.png\",\"datePublished\":\"2025-06-11T22:15:37+00:00\",\"dateModified\":\"2026-02-04T02:02:07+00:00\",\"description\":\"Vichy Dercos Ultra Apaisant 200 ml : shampooing doux pour cheveux normaux \u00e0 gras, apaise le cuir chevelu irrit\u00e9, purifie et laisse cheveux l\u00e9gers.\",\"breadcrumb\":{\"@id\":\"https:\\\/\\\/vitablanca.ma\\\/produit\\\/vichy-dercos-technique-ultra-apaisant-cheveux-normaux-a-gras-200ml\\\/#breadcrumb\"},\"inLanguage\":\"en-US\",\"potentialAction\":[{\"@type\":\"ReadAction\",\"target\":[\"https:\\\/\\\/vitablanca.ma\\\/produit\\\/vichy-dercos-technique-ultra-apaisant-cheveux-normaux-a-gras-200ml\\\/\"]}]},{\"@type\":\"ImageObject\",\"inLanguage\":\"en-US\",\"@id\":\"https:\\\/\\\/vitablanca.ma\\\/produit\\\/vichy-dercos-technique-ultra-apaisant-cheveux-normaux-a-gras-200ml\\\/#primaryimage\",\"url\":\"https:\\\/\\\/vitablanca.ma\\\/wp-content\\\/uploads\\\/2025\\\/06\\\/Vichy-Dercos-Technique-Ultra-Apaisant-Cheveux-Normaux-A-Gras-200ml-nova-parapharmacie-maroc-1.png\",\"contentUrl\":\"https:\\\/\\\/vitablanca.ma\\\/wp-content\\\/uploads\\\/2025\\\/06\\\/Vichy-Dercos-Technique-Ultra-Apaisant-Cheveux-Normaux-A-Gras-200ml-nova-parapharmacie-maroc-1.png\",\"width\":1000,\"height\":1000},{\"@type\":\"BreadcrumbList\",\"@id\":\"https:\\\/\\\/vitablanca.ma\\\/produit\\\/vichy-dercos-technique-ultra-apaisant-cheveux-normaux-a-gras-200ml\\\/#breadcrumb\",\"itemListElement\":[{\"@type\":\"ListItem\",\"position\":1,\"name\":\"Home\",\"item\":\"https:\\\/\\\/vitablanca.ma\\\/\"},{\"@type\":\"ListItem\",\"position\":2,\"name\":\"Tous Les Produits\",\"item\":\"https:\\\/\\\/vitablanca.ma\\\/tous-les-produits\\\/\"},{\"@type\":\"ListItem\",\"position\":3,\"name\":\"Vichy Dercos Technique Ultra Apaisant Cheveux Normaux \u00c0 Gras 200ml\"}]},{\"@type\":\"WebSite\",\"@id\":\"https:\\\/\\\/vitablanca.ma\\\/#website\",\"url\":\"https:\\\/\\\/vitablanca.ma\\\/\",\"name\":\"VitaBlanca.ma | Compl\u00e9ments alimentaires, sant\u00e9 & beaut\u00e9 au Maroc\",\"description\":\"vendre vitamines et compl\u00e9ments premium des USA &amp; Canada, Nouvelle Z\u00e9lande,Maroc (NOW Foods, Solgar, Manuka). Livraison rapide partout au Maroc.\",\"publisher\":{\"@id\":\"https:\\\/\\\/vitablanca.ma\\\/#organization\"},\"alternateName\":\"VitaBlanca.ma\",\"potentialAction\":[{\"@type\":\"SearchAction\",\"target\":{\"@type\":\"EntryPoint\",\"urlTemplate\":\"https:\\\/\\\/vitablanca.ma\\\/?s={search_term_string}\"},\"query-input\":{\"@type\":\"PropertyValueSpecification\",\"valueRequired\":true,\"valueName\":\"search_term_string\"}}],\"inLanguage\":\"en-US\"},{\"@type\":\"Organization\",\"@id\":\"https:\\\/\\\/vitablanca.ma\\\/#organization\",\"name\":\"VitaBlanca\",\"url\":\"https:\\\/\\\/vitablanca.ma\\\/\",\"logo\":{\"@type\":\"ImageObject\",\"inLanguage\":\"en-US\",\"@id\":\"https:\\\/\\\/vitablanca.ma\\\/#\\\/schema\\\/logo\\\/image\\\/\",\"url\":\"https:\\\/\\\/vitablanca.ma\\\/wp-content\\\/uploads\\\/2025\\\/05\\\/cropped-vitablanca.png\",\"contentUrl\":\"https:\\\/\\\/vitablanca.ma\\\/wp-content\\\/uploads\\\/2025\\\/05\\\/cropped-vitablanca.png\",\"width\":360,\"height\":67,\"caption\":\"VitaBlanca\"},\"image\":{\"@id\":\"https:\\\/\\\/vitablanca.ma\\\/#\\\/schema\\\/logo\\\/image\\\/\"},\"sameAs\":[\"https:\\\/\\\/www.facebook.com\\\/profile.php?id=61576678196717\",\"https:\\\/\\\/www.tiktok.com\\\/@vitablanca.ma\",\"https:\\\/\\\/www.instagram.com\\\/vitablanca.ma\\\/\"]}]}<\/script>\n<!-- \/ Yoast SEO plugin. -->","yoast_head_json":{"title":"Vichy Dercos Ultra Shampooing Cheveux 200 ml - Maroc Prix","description":"Vichy Dercos Ultra Apaisant 200 ml : shampooing doux pour cheveux normaux \u00e0 gras, apaise le cuir chevelu irrit\u00e9, purifie et laisse cheveux l\u00e9gers.","robots":{"index":"index","follow":"follow","max-snippet":"max-snippet:-1","max-image-preview":"max-image-preview:large","max-video-preview":"max-video-preview:-1"},"canonical":"https:\/\/vitablanca.ma\/en\/product\/vichy-dercos-technique-ultra-apaisant-cheveux-normaux-a-gras-200ml\/","og_locale":"en_US","og_type":"article","og_title":"Vichy Dercos Ultra Shampooing Cheveux 200 ml - Maroc Prix","og_description":"Vichy Dercos Ultra Apaisant 200 ml : shampooing doux pour cheveux normaux \u00e0 gras, apaise le cuir chevelu irrit\u00e9, purifie et laisse cheveux l\u00e9gers.","og_url":"https:\/\/vitablanca.ma\/en\/product\/vichy-dercos-technique-ultra-apaisant-cheveux-normaux-a-gras-200ml\/","og_site_name":"Vitablanca.ma &ndash; Sant&eacute;, vitalit&eacute; et bien-&ecirc;tre pour tous les Marocains","article_publisher":"https:\/\/www.facebook.com\/profile.php?id=61576678196717","article_modified_time":"2026-02-04T02:02:07+00:00","og_image":[{"width":1000,"height":1000,"url":"https:\/\/vitablanca.ma\/wp-content\/uploads\/2025\/06\/Vichy-Dercos-Technique-Ultra-Apaisant-Cheveux-Normaux-A-Gras-200ml-nova-parapharmacie-maroc-1.png","type":"image\/png"}],"twitter_card":"summary_large_image","twitter_misc":{"Est. reading time":"1 minute"},"schema":{"@context":"https:\/\/schema.org","@graph":[{"@type":["WebPage","ItemPage"],"@id":"https:\/\/vitablanca.ma\/produit\/vichy-dercos-technique-ultra-apaisant-cheveux-normaux-a-gras-200ml\/","url":"https:\/\/vitablanca.ma\/produit\/vichy-dercos-technique-ultra-apaisant-cheveux-normaux-a-gras-200ml\/","name":"Vichy Dercos Ultra Shampooing Cheveux 200 ml - Maroc Prix","isPartOf":{"@id":"https:\/\/vitablanca.ma\/#website"},"primaryImageOfPage":{"@id":"https:\/\/vitablanca.ma\/produit\/vichy-dercos-technique-ultra-apaisant-cheveux-normaux-a-gras-200ml\/#primaryimage"},"image":{"@id":"https:\/\/vitablanca.ma\/produit\/vichy-dercos-technique-ultra-apaisant-cheveux-normaux-a-gras-200ml\/#primaryimage"},"thumbnailUrl":"https:\/\/vitablanca.ma\/wp-content\/uploads\/2025\/06\/Vichy-Dercos-Technique-Ultra-Apaisant-Cheveux-Normaux-A-Gras-200ml-nova-parapharmacie-maroc-1.png","datePublished":"2025-06-11T22:15:37+00:00","dateModified":"2026-02-04T02:02:07+00:00","description":"Vichy Dercos Ultra Apaisant 200 ml : shampooing doux pour cheveux normaux \u00e0 gras, apaise le cuir chevelu irrit\u00e9, purifie et laisse cheveux l\u00e9gers.","breadcrumb":{"@id":"https:\/\/vitablanca.ma\/produit\/vichy-dercos-technique-ultra-apaisant-cheveux-normaux-a-gras-200ml\/#breadcrumb"},"inLanguage":"en-US","potentialAction":[{"@type":"ReadAction","target":["https:\/\/vitablanca.ma\/produit\/vichy-dercos-technique-ultra-apaisant-cheveux-normaux-a-gras-200ml\/"]}]},{"@type":"ImageObject","inLanguage":"en-US","@id":"https:\/\/vitablanca.ma\/produit\/vichy-dercos-technique-ultra-apaisant-cheveux-normaux-a-gras-200ml\/#primaryimage","url":"https:\/\/vitablanca.ma\/wp-content\/uploads\/2025\/06\/Vichy-Dercos-Technique-Ultra-Apaisant-Cheveux-Normaux-A-Gras-200ml-nova-parapharmacie-maroc-1.png","contentUrl":"https:\/\/vitablanca.ma\/wp-content\/uploads\/2025\/06\/Vichy-Dercos-Technique-Ultra-Apaisant-Cheveux-Normaux-A-Gras-200ml-nova-parapharmacie-maroc-1.png","width":1000,"height":1000},{"@type":"BreadcrumbList","@id":"https:\/\/vitablanca.ma\/produit\/vichy-dercos-technique-ultra-apaisant-cheveux-normaux-a-gras-200ml\/#breadcrumb","itemListElement":[{"@type":"ListItem","position":1,"name":"Home","item":"https:\/\/vitablanca.ma\/"},{"@type":"ListItem","position":2,"name":"Tous Les Produits","item":"https:\/\/vitablanca.ma\/tous-les-produits\/"},{"@type":"ListItem","position":3,"name":"Vichy Dercos Technique Ultra Apaisant Cheveux Normaux \u00c0 Gras 200ml"}]},{"@type":"WebSite","@id":"https:\/\/vitablanca.ma\/#website","url":"https:\/\/vitablanca.ma\/","name":"VitaBlanca.ma | Food supplements, health &amp; beauty in Morocco","description":"sell premium vitamins and supplements from USA &amp; Canada, New Zealand, Morocco (NOW Foods, Solgar, Manuka). Fast delivery anywhere in Morocco.","publisher":{"@id":"https:\/\/vitablanca.ma\/#organization"},"alternateName":"VitaBlanca.ma","potentialAction":[{"@type":"SearchAction","target":{"@type":"EntryPoint","urlTemplate":"https:\/\/vitablanca.ma\/?s={search_term_string}"},"query-input":{"@type":"PropertyValueSpecification","valueRequired":true,"valueName":"search_term_string"}}],"inLanguage":"en-US"},{"@type":"Organization","@id":"https:\/\/vitablanca.ma\/#organization","name":"VitaBlanca","url":"https:\/\/vitablanca.ma\/","logo":{"@type":"ImageObject","inLanguage":"en-US","@id":"https:\/\/vitablanca.ma\/#\/schema\/logo\/image\/","url":"https:\/\/vitablanca.ma\/wp-content\/uploads\/2025\/05\/cropped-vitablanca.png","contentUrl":"https:\/\/vitablanca.ma\/wp-content\/uploads\/2025\/05\/cropped-vitablanca.png","width":360,"height":67,"caption":"VitaBlanca"},"image":{"@id":"https:\/\/vitablanca.ma\/#\/schema\/logo\/image\/"},"sameAs":["https:\/\/www.facebook.com\/profile.php?id=61576678196717","https:\/\/www.tiktok.com\/@vitablanca.ma","https:\/\/www.instagram.com\/vitablanca.ma\/"]}]}},"jetpack_sharing_enabled":true,"_links":{"self":[{"href":"https:\/\/vitablanca.ma\/en\/wp-json\/wp\/v2\/product\/22423","targetHints":{"allow":["GET"]}}],"collection":[{"href":"https:\/\/vitablanca.ma\/en\/wp-json\/wp\/v2\/product"}],"about":[{"href":"https:\/\/vitablanca.ma\/en\/wp-json\/wp\/v2\/types\/product"}],"wp:featuredmedia":[{"embeddable":true,"href":"https:\/\/vitablanca.ma\/en\/wp-json\/wp\/v2\/media\/22422"}],"wp:attachment":[{"href":"https:\/\/vitablanca.ma\/en\/wp-json\/wp\/v2\/media?parent=22423"}],"wp:term":[{"taxonomy":"product_brand","embeddable":true,"href":"https:\/\/vitablanca.ma\/en\/wp-json\/wp\/v2\/product_brand?post=22423"},{"taxonomy":"product_cat","embeddable":true,"href":"https:\/\/vitablanca.ma\/en\/wp-json\/wp\/v2\/product_cat?post=22423"},{"taxonomy":"product_tag","embeddable":true,"href":"https:\/\/vitablanca.ma\/en\/wp-json\/wp\/v2\/product_tag?post=22423"}],"curies":[{"name":"wp","href":"https:\/\/api.w.org\/{rel}","templated":true}]}}