{"id":22390,"date":"2025-06-11T22:08:53","date_gmt":"2025-06-11T22:08:53","guid":{"rendered":"https:\/\/vitablanca.ma\/product\/vichy-dercos-technique-aminexil-clinical-5-homme-21-ampoules-cadeau\/"},"modified":"2026-02-04T13:33:02","modified_gmt":"2026-02-04T13:33:02","slug":"vichy-dercos-technique-aminexil-clinical-5-homme-21-ampoules-cadeau","status":"publish","type":"product","link":"https:\/\/vitablanca.ma\/en\/product\/vichy-dercos-technique-aminexil-clinical-5-homme-21-ampoules-cadeau\/","title":{"rendered":"Vichy Dercos Technique Aminexil Clinical 5 Men 21 Ampoules + Gift"},"content":{"rendered":"<h2 data-mce-fragment=\"1\">Vichy Dercos Technique Aminexil Clinical Anti-hair loss treatment<\/h2>\n<p data-mce-fragment=\"1\">There<span data-mce-fragment=\"1\">\u00a0<\/span>hair loss in men<span data-mce-fragment=\"1\">\u00a0<\/span>is unfortunately a common problem, which needs to be addressed quickly with appropriate actions and care, such as<span data-mce-fragment=\"1\">\u00a0<\/span>anti-hair loss shampoo<span data-mce-fragment=\"1\">\u00a0<\/span>and anti-hair loss treatment.<br data-mce-fragment=\"1\" \/>Our Aminexil Clinical 5 DERCOS TECHNIQUE anti-hair loss treatment acts on 5 factors to reduce hair loss: the anchoring and resistance of the hair fiber at the scalp, blood microcirculation and skin balance and hair strength.<br data-mce-fragment=\"1\" \/>This daily anti-hair loss treatment includes 21 ampoules that screw onto an ultra-precise tip that makes it easier to apply the treatment.<br data-mce-fragment=\"1\" \/>After 3 weeks of treatment, hair is more resistant and hair loss is significantly reduced.<\/p>\n<div class=\"tick-list\" data-mce-fragment=\"1\">\n<ul data-mce-fragment=\"1\">\n<li data-mce-fragment=\"1\"><strong data-mce-fragment=\"1\">REDUCES HAIR LOSS<\/strong><\/li>\n<li data-mce-fragment=\"1\"><strong data-mce-fragment=\"1\">RESTORES STRENGTH AND VIGOR.<\/strong><\/li>\n<\/ul>\n<h3>Efficiency<\/h3>\n<p>The DERCOS TECHNIQUE anti-hair loss treatment is formulated with active ingredients that slow hair loss and strengthen the hair:<\/p>\n<p><strong>Aminexil<\/strong> (Diaminopyrimidine Oxide)<br \/>\nThe result of 10 years of research and protected by two patents, aminexil is a leading anti-hair loss molecule. Aminexil prevents the collagen sheath from stiffening, which strengthens the hair&#039;s anchorage to the scalp and restores its suppleness and elasticity.<\/p>\n<p><strong>Caffeine<\/strong> (Caffeine)<br \/>\nCaffeine has several effects on the hair fiber. First, it blocks the effects of the hormone DHT (dihydrotestosterone), which plays a significant role in hair loss, and therefore prevents hair loss. Then, by stimulating blood circulation, it promotes irrigation of the hair follicles and boosts hair growth.<\/p>\n<p><strong> Arginine<\/strong><br \/>\nArginine is ideal for increasing hair strength. This amino acid promotes root irrigation, oxygenates the follicles, and stimulates hair growth.<\/p>\n<p><strong>Piroctone olamine<\/strong><br \/>\nPiroctone olamine is a popular active ingredient for problem scalps. It helps cleanse the scalp and fights dandruff in particular.<\/p>\n<h3>Application<\/h3>\n<p>Apply 1 vial daily for 6 weeks to wet or dry hair. For greater effectiveness, we recommend supplementing your anti-hair loss routine with DERCOS TECHNIQUE Aminexil Anti-Hair Loss Shampoo.<\/p>\n<h3>Precautions for use<\/h3>\n<p>Hypoallergenic formula, tested on sensitive scalp for optimal tolerance.<\/p>\n<h3>Composition<\/h3>\n<p>AQUA \/ WATER ALCOHOL DENAT. DIAMINOPYRIMIDINE OXIDE ACRYLATES\/BEHENETH-25 METHACRYLATE COPOLYMER AMINOMETHYL PROPANOL ARGININE BHT CAFFEINE LACTIC ACID PEG-40 HYDROGENATED CASTOR OIL PIROCTONE OLAMINE SAFFLOWER GLUCOSIDE SODIUM CITRATE TOCOPHEROL<\/p>\n<\/div>","protected":false},"excerpt":{"rendered":"<p>Vichy Dercos Technique Aminexil Clinical Soin anti-chute La\u00a0chute de cheveux chez les hommes\u00a0est malheureusement un probl\u00e8me fr\u00e9quent, qu\u2019il est n\u00e9cessaire de prendre en charge rapidement avec des gestes et des soins adapt\u00e9s, comme un\u00a0shampooing anti-chute de cheveux\u00a0et un traitement anti-chute.Notre traitement anti-chute Aminexil Clinical 5 DERCOS TECHNIQUE agit sur 5 facteurs afin de r\u00e9duire la [&hellip;]<\/p>\n","protected":false},"featured_media":22389,"template":"","meta":{"om_disable_all_campaigns":false},"product_brand":[3358],"product_cat":[18],"product_tag":[7563,7627,4836,7629,5926,7625,7343,7623,7628,7020,7518,7346,7626,7624,3359,7392,3360,3361],"class_list":{"0":"post-22390","1":"product","2":"type-product","3":"status-publish","4":"has-post-thumbnail","6":"product_brand-vichy-maroc-prix-vitablanca","7":"product_cat-beaute-sante","8":"product_tag-aminexil-clinical-5","9":"product_tag-ampoules-anti-chute","10":"product_tag-anti-chute-cheveux","11":"product_tag-cadeau-offert","12":"product_tag-cheveux-fins","13":"product_tag-chute-de-cheveux-masculine","14":"product_tag-cuir-chevelu-sensible","15":"product_tag-cure-21-ampoules","16":"product_tag-densite-capillaire","17":"product_tag-homme","18":"product_tag-renforce-cheveux","19":"product_tag-soin-capillaire-vichy","20":"product_tag-stimule-pousse","21":"product_tag-traitement-intensif","22":"product_tag-vichy","23":"product_tag-vichy-dercos","24":"product_tag-vichy-maroc","25":"product_tag-vichy-morocco","27":"first","28":"instock","29":"sale","30":"taxable","31":"shipping-taxable","32":"purchasable","33":"product-type-simple"},"yoast_head":"<!-- This site is optimized with the Yoast SEO plugin v27.4 - https:\/\/yoast.com\/product\/yoast-seo-wordpress\/ -->\n<title>Vichy Dercos Aminexil Clinical 5 Homme 21 Ampoules - Maroc Prix<\/title>\n<meta name=\"description\" content=\"Vichy Dercos Aminexil Clinical 5 Homme : traitement anti-chute intensif en 21 ampoules, renforce cheveux, stimule la pousse + cadeau offert.\" \/>\n<meta name=\"robots\" content=\"index, follow, max-snippet:-1, max-image-preview:large, max-video-preview:-1\" \/>\n<link rel=\"canonical\" href=\"https:\/\/vitablanca.ma\/en\/product\/vichy-dercos-technique-aminexil-clinical-5-homme-21-ampoules-cadeau\/\" \/>\n<meta property=\"og:locale\" content=\"en_US\" \/>\n<meta property=\"og:type\" content=\"article\" \/>\n<meta property=\"og:title\" content=\"Vichy Dercos Aminexil Clinical 5 Homme 21 Ampoules - Maroc Prix\" \/>\n<meta property=\"og:description\" content=\"Vichy Dercos Aminexil Clinical 5 Homme : traitement anti-chute intensif en 21 ampoules, renforce cheveux, stimule la pousse + cadeau offert.\" \/>\n<meta property=\"og:url\" content=\"https:\/\/vitablanca.ma\/en\/product\/vichy-dercos-technique-aminexil-clinical-5-homme-21-ampoules-cadeau\/\" \/>\n<meta property=\"og:site_name\" content=\"Vitablanca.ma &ndash; Sant&eacute;, vitalit&eacute; et bien-&ecirc;tre pour tous les Marocains\" \/>\n<meta property=\"article:publisher\" content=\"https:\/\/www.facebook.com\/profile.php?id=61576678196717\" \/>\n<meta property=\"article:modified_time\" content=\"2026-02-04T13:33:02+00:00\" \/>\n<meta property=\"og:image\" content=\"https:\/\/vitablanca.ma\/wp-content\/uploads\/2025\/06\/Vichy-Dercos-Technique-Aminexil-Clinical-5-Homme-21-Ampoules-nova-parapharmacie-maroc-2.png\" \/>\n\t<meta property=\"og:image:width\" content=\"1000\" \/>\n\t<meta property=\"og:image:height\" content=\"1000\" \/>\n\t<meta property=\"og:image:type\" content=\"image\/png\" \/>\n<meta name=\"twitter:card\" content=\"summary_large_image\" \/>\n<meta name=\"twitter:label1\" content=\"Est. reading time\" \/>\n\t<meta name=\"twitter:data1\" content=\"3 minutes\" \/>\n<script type=\"application\/ld+json\" class=\"yoast-schema-graph\">{\"@context\":\"https:\\\/\\\/schema.org\",\"@graph\":[{\"@type\":[\"WebPage\",\"ItemPage\"],\"@id\":\"https:\\\/\\\/vitablanca.ma\\\/produit\\\/vichy-dercos-technique-aminexil-clinical-5-homme-21-ampoules-cadeau\\\/\",\"url\":\"https:\\\/\\\/vitablanca.ma\\\/produit\\\/vichy-dercos-technique-aminexil-clinical-5-homme-21-ampoules-cadeau\\\/\",\"name\":\"Vichy Dercos Aminexil Clinical 5 Homme 21 Ampoules - Maroc Prix\",\"isPartOf\":{\"@id\":\"https:\\\/\\\/vitablanca.ma\\\/#website\"},\"primaryImageOfPage\":{\"@id\":\"https:\\\/\\\/vitablanca.ma\\\/produit\\\/vichy-dercos-technique-aminexil-clinical-5-homme-21-ampoules-cadeau\\\/#primaryimage\"},\"image\":{\"@id\":\"https:\\\/\\\/vitablanca.ma\\\/produit\\\/vichy-dercos-technique-aminexil-clinical-5-homme-21-ampoules-cadeau\\\/#primaryimage\"},\"thumbnailUrl\":\"https:\\\/\\\/vitablanca.ma\\\/wp-content\\\/uploads\\\/2025\\\/06\\\/Vichy-Dercos-Technique-Aminexil-Clinical-5-Homme-21-Ampoules-nova-parapharmacie-maroc-2.png\",\"datePublished\":\"2025-06-11T22:08:53+00:00\",\"dateModified\":\"2026-02-04T13:33:02+00:00\",\"description\":\"Vichy Dercos Aminexil Clinical 5 Homme : traitement anti-chute intensif en 21 ampoules, renforce cheveux, stimule la pousse + cadeau offert.\",\"breadcrumb\":{\"@id\":\"https:\\\/\\\/vitablanca.ma\\\/produit\\\/vichy-dercos-technique-aminexil-clinical-5-homme-21-ampoules-cadeau\\\/#breadcrumb\"},\"inLanguage\":\"en-US\",\"potentialAction\":[{\"@type\":\"ReadAction\",\"target\":[\"https:\\\/\\\/vitablanca.ma\\\/produit\\\/vichy-dercos-technique-aminexil-clinical-5-homme-21-ampoules-cadeau\\\/\"]}]},{\"@type\":\"ImageObject\",\"inLanguage\":\"en-US\",\"@id\":\"https:\\\/\\\/vitablanca.ma\\\/produit\\\/vichy-dercos-technique-aminexil-clinical-5-homme-21-ampoules-cadeau\\\/#primaryimage\",\"url\":\"https:\\\/\\\/vitablanca.ma\\\/wp-content\\\/uploads\\\/2025\\\/06\\\/Vichy-Dercos-Technique-Aminexil-Clinical-5-Homme-21-Ampoules-nova-parapharmacie-maroc-2.png\",\"contentUrl\":\"https:\\\/\\\/vitablanca.ma\\\/wp-content\\\/uploads\\\/2025\\\/06\\\/Vichy-Dercos-Technique-Aminexil-Clinical-5-Homme-21-Ampoules-nova-parapharmacie-maroc-2.png\",\"width\":1000,\"height\":1000},{\"@type\":\"BreadcrumbList\",\"@id\":\"https:\\\/\\\/vitablanca.ma\\\/produit\\\/vichy-dercos-technique-aminexil-clinical-5-homme-21-ampoules-cadeau\\\/#breadcrumb\",\"itemListElement\":[{\"@type\":\"ListItem\",\"position\":1,\"name\":\"Home\",\"item\":\"https:\\\/\\\/vitablanca.ma\\\/\"},{\"@type\":\"ListItem\",\"position\":2,\"name\":\"Tous Les Produits\",\"item\":\"https:\\\/\\\/vitablanca.ma\\\/tous-les-produits\\\/\"},{\"@type\":\"ListItem\",\"position\":3,\"name\":\"Vichy Dercos Technique Aminexil Clinical 5 Homme 21 Ampoules + Cadeau\"}]},{\"@type\":\"WebSite\",\"@id\":\"https:\\\/\\\/vitablanca.ma\\\/#website\",\"url\":\"https:\\\/\\\/vitablanca.ma\\\/\",\"name\":\"VitaBlanca.ma | Compl\u00e9ments alimentaires, sant\u00e9 & beaut\u00e9 au Maroc\",\"description\":\"vendre vitamines et compl\u00e9ments premium des USA &amp; Canada, Nouvelle Z\u00e9lande,Maroc (NOW Foods, Solgar, Manuka). Livraison rapide partout au Maroc.\",\"publisher\":{\"@id\":\"https:\\\/\\\/vitablanca.ma\\\/#organization\"},\"alternateName\":\"VitaBlanca.ma\",\"potentialAction\":[{\"@type\":\"SearchAction\",\"target\":{\"@type\":\"EntryPoint\",\"urlTemplate\":\"https:\\\/\\\/vitablanca.ma\\\/?s={search_term_string}\"},\"query-input\":{\"@type\":\"PropertyValueSpecification\",\"valueRequired\":true,\"valueName\":\"search_term_string\"}}],\"inLanguage\":\"en-US\"},{\"@type\":\"Organization\",\"@id\":\"https:\\\/\\\/vitablanca.ma\\\/#organization\",\"name\":\"VitaBlanca\",\"url\":\"https:\\\/\\\/vitablanca.ma\\\/\",\"logo\":{\"@type\":\"ImageObject\",\"inLanguage\":\"en-US\",\"@id\":\"https:\\\/\\\/vitablanca.ma\\\/#\\\/schema\\\/logo\\\/image\\\/\",\"url\":\"https:\\\/\\\/vitablanca.ma\\\/wp-content\\\/uploads\\\/2025\\\/05\\\/cropped-vitablanca.png\",\"contentUrl\":\"https:\\\/\\\/vitablanca.ma\\\/wp-content\\\/uploads\\\/2025\\\/05\\\/cropped-vitablanca.png\",\"width\":360,\"height\":67,\"caption\":\"VitaBlanca\"},\"image\":{\"@id\":\"https:\\\/\\\/vitablanca.ma\\\/#\\\/schema\\\/logo\\\/image\\\/\"},\"sameAs\":[\"https:\\\/\\\/www.facebook.com\\\/profile.php?id=61576678196717\",\"https:\\\/\\\/www.tiktok.com\\\/@vitablanca.ma\",\"https:\\\/\\\/www.instagram.com\\\/vitablanca.ma\\\/\"]}]}<\/script>\n<!-- \/ Yoast SEO plugin. -->","yoast_head_json":{"title":"Vichy Dercos Aminexil Clinical 5 Homme 21 Ampoules - Maroc Prix","description":"Vichy Dercos Aminexil Clinical 5 Homme : traitement anti-chute intensif en 21 ampoules, renforce cheveux, stimule la pousse + cadeau offert.","robots":{"index":"index","follow":"follow","max-snippet":"max-snippet:-1","max-image-preview":"max-image-preview:large","max-video-preview":"max-video-preview:-1"},"canonical":"https:\/\/vitablanca.ma\/en\/product\/vichy-dercos-technique-aminexil-clinical-5-homme-21-ampoules-cadeau\/","og_locale":"en_US","og_type":"article","og_title":"Vichy Dercos Aminexil Clinical 5 Homme 21 Ampoules - Maroc Prix","og_description":"Vichy Dercos Aminexil Clinical 5 Homme : traitement anti-chute intensif en 21 ampoules, renforce cheveux, stimule la pousse + cadeau offert.","og_url":"https:\/\/vitablanca.ma\/en\/product\/vichy-dercos-technique-aminexil-clinical-5-homme-21-ampoules-cadeau\/","og_site_name":"Vitablanca.ma &ndash; Sant&eacute;, vitalit&eacute; et bien-&ecirc;tre pour tous les Marocains","article_publisher":"https:\/\/www.facebook.com\/profile.php?id=61576678196717","article_modified_time":"2026-02-04T13:33:02+00:00","og_image":[{"width":1000,"height":1000,"url":"https:\/\/vitablanca.ma\/wp-content\/uploads\/2025\/06\/Vichy-Dercos-Technique-Aminexil-Clinical-5-Homme-21-Ampoules-nova-parapharmacie-maroc-2.png","type":"image\/png"}],"twitter_card":"summary_large_image","twitter_misc":{"Est. reading time":"3 minutes"},"schema":{"@context":"https:\/\/schema.org","@graph":[{"@type":["WebPage","ItemPage"],"@id":"https:\/\/vitablanca.ma\/produit\/vichy-dercos-technique-aminexil-clinical-5-homme-21-ampoules-cadeau\/","url":"https:\/\/vitablanca.ma\/produit\/vichy-dercos-technique-aminexil-clinical-5-homme-21-ampoules-cadeau\/","name":"Vichy Dercos Aminexil Clinical 5 Homme 21 Ampoules - Maroc Prix","isPartOf":{"@id":"https:\/\/vitablanca.ma\/#website"},"primaryImageOfPage":{"@id":"https:\/\/vitablanca.ma\/produit\/vichy-dercos-technique-aminexil-clinical-5-homme-21-ampoules-cadeau\/#primaryimage"},"image":{"@id":"https:\/\/vitablanca.ma\/produit\/vichy-dercos-technique-aminexil-clinical-5-homme-21-ampoules-cadeau\/#primaryimage"},"thumbnailUrl":"https:\/\/vitablanca.ma\/wp-content\/uploads\/2025\/06\/Vichy-Dercos-Technique-Aminexil-Clinical-5-Homme-21-Ampoules-nova-parapharmacie-maroc-2.png","datePublished":"2025-06-11T22:08:53+00:00","dateModified":"2026-02-04T13:33:02+00:00","description":"Vichy Dercos Aminexil Clinical 5 Homme : traitement anti-chute intensif en 21 ampoules, renforce cheveux, stimule la pousse + cadeau offert.","breadcrumb":{"@id":"https:\/\/vitablanca.ma\/produit\/vichy-dercos-technique-aminexil-clinical-5-homme-21-ampoules-cadeau\/#breadcrumb"},"inLanguage":"en-US","potentialAction":[{"@type":"ReadAction","target":["https:\/\/vitablanca.ma\/produit\/vichy-dercos-technique-aminexil-clinical-5-homme-21-ampoules-cadeau\/"]}]},{"@type":"ImageObject","inLanguage":"en-US","@id":"https:\/\/vitablanca.ma\/produit\/vichy-dercos-technique-aminexil-clinical-5-homme-21-ampoules-cadeau\/#primaryimage","url":"https:\/\/vitablanca.ma\/wp-content\/uploads\/2025\/06\/Vichy-Dercos-Technique-Aminexil-Clinical-5-Homme-21-Ampoules-nova-parapharmacie-maroc-2.png","contentUrl":"https:\/\/vitablanca.ma\/wp-content\/uploads\/2025\/06\/Vichy-Dercos-Technique-Aminexil-Clinical-5-Homme-21-Ampoules-nova-parapharmacie-maroc-2.png","width":1000,"height":1000},{"@type":"BreadcrumbList","@id":"https:\/\/vitablanca.ma\/produit\/vichy-dercos-technique-aminexil-clinical-5-homme-21-ampoules-cadeau\/#breadcrumb","itemListElement":[{"@type":"ListItem","position":1,"name":"Home","item":"https:\/\/vitablanca.ma\/"},{"@type":"ListItem","position":2,"name":"Tous Les Produits","item":"https:\/\/vitablanca.ma\/tous-les-produits\/"},{"@type":"ListItem","position":3,"name":"Vichy Dercos Technique Aminexil Clinical 5 Homme 21 Ampoules + Cadeau"}]},{"@type":"WebSite","@id":"https:\/\/vitablanca.ma\/#website","url":"https:\/\/vitablanca.ma\/","name":"VitaBlanca.ma | Food supplements, health &amp; beauty in Morocco","description":"sell premium vitamins and supplements from USA &amp; Canada, New Zealand, Morocco (NOW Foods, Solgar, Manuka). Fast delivery anywhere in Morocco.","publisher":{"@id":"https:\/\/vitablanca.ma\/#organization"},"alternateName":"VitaBlanca.ma","potentialAction":[{"@type":"SearchAction","target":{"@type":"EntryPoint","urlTemplate":"https:\/\/vitablanca.ma\/?s={search_term_string}"},"query-input":{"@type":"PropertyValueSpecification","valueRequired":true,"valueName":"search_term_string"}}],"inLanguage":"en-US"},{"@type":"Organization","@id":"https:\/\/vitablanca.ma\/#organization","name":"VitaBlanca","url":"https:\/\/vitablanca.ma\/","logo":{"@type":"ImageObject","inLanguage":"en-US","@id":"https:\/\/vitablanca.ma\/#\/schema\/logo\/image\/","url":"https:\/\/vitablanca.ma\/wp-content\/uploads\/2025\/05\/cropped-vitablanca.png","contentUrl":"https:\/\/vitablanca.ma\/wp-content\/uploads\/2025\/05\/cropped-vitablanca.png","width":360,"height":67,"caption":"VitaBlanca"},"image":{"@id":"https:\/\/vitablanca.ma\/#\/schema\/logo\/image\/"},"sameAs":["https:\/\/www.facebook.com\/profile.php?id=61576678196717","https:\/\/www.tiktok.com\/@vitablanca.ma","https:\/\/www.instagram.com\/vitablanca.ma\/"]}]}},"jetpack_sharing_enabled":true,"_links":{"self":[{"href":"https:\/\/vitablanca.ma\/en\/wp-json\/wp\/v2\/product\/22390","targetHints":{"allow":["GET"]}}],"collection":[{"href":"https:\/\/vitablanca.ma\/en\/wp-json\/wp\/v2\/product"}],"about":[{"href":"https:\/\/vitablanca.ma\/en\/wp-json\/wp\/v2\/types\/product"}],"wp:featuredmedia":[{"embeddable":true,"href":"https:\/\/vitablanca.ma\/en\/wp-json\/wp\/v2\/media\/22389"}],"wp:attachment":[{"href":"https:\/\/vitablanca.ma\/en\/wp-json\/wp\/v2\/media?parent=22390"}],"wp:term":[{"taxonomy":"product_brand","embeddable":true,"href":"https:\/\/vitablanca.ma\/en\/wp-json\/wp\/v2\/product_brand?post=22390"},{"taxonomy":"product_cat","embeddable":true,"href":"https:\/\/vitablanca.ma\/en\/wp-json\/wp\/v2\/product_cat?post=22390"},{"taxonomy":"product_tag","embeddable":true,"href":"https:\/\/vitablanca.ma\/en\/wp-json\/wp\/v2\/product_tag?post=22390"}],"curies":[{"name":"wp","href":"https:\/\/api.w.org\/{rel}","templated":true}]}}