{"id":22294,"date":"2025-06-11T21:55:05","date_gmt":"2025-06-11T21:55:05","guid":{"rendered":"https:\/\/vitablanca.ma\/product\/vitis-bain-de-bouche-whitening-500ml\/"},"modified":"2026-02-04T13:46:09","modified_gmt":"2026-02-04T13:46:09","slug":"vitis-bain-de-bouche-whitening-500ml","status":"publish","type":"product","link":"https:\/\/vitablanca.ma\/en\/product\/vitis-bain-de-bouche-whitening-500ml\/","title":{"rendered":"Vitis Whitening Mouthwash 500ml"},"content":{"rendered":"<h2 data-mce-fragment=\"1\">Vitis Whitening Mouthwash <span data-mce-fragment=\"1\">effectively restores the natural fresh whiteness of teeth<\/span><\/h2>\n<p data-mce-fragment=\"1\">VITIS Whitening Mouthwash restores the natural fresh whiteness of teeth effectively and quickly. It does not contain peroxide and is therefore particularly suitable for daily use. The power of VITIS Whitening lies in the DENTAID haprepair technology<sup data-mce-fragment=\"1\">\u00ae<\/sup><span data-mce-fragment=\"1\">\u00a0<\/span>in 5 actions developed for VITIS Whitening. It works thanks to the action of tiny hydroxyapatite particles that attach to the tooth surface. Their size allows them to be fully absorbed by the enamel and dentin of the teeth. In doing so, they fill in irregularities and holes in the tooth surface. Teeth are smoother, brighter, and regain their whiteness.<\/p>\n<ul data-mce-fragment=\"1\">\n<li data-mce-fragment=\"1\">It is effective against staining in areas that are difficult to reach with a toothbrush.<\/li>\n<li data-mce-fragment=\"1\">It prolongs the duration of the effect of active components in the mouth<\/li>\n<li data-mce-fragment=\"1\">Based on a 5-action formula, which restores tooth enamel, eliminates attacks and fights tartar formation<\/li>\n<li data-mce-fragment=\"1\">Contains no peroxides<\/li>\n<\/ul>\n<h3>Indication<\/h3>\n<p>VITIS Whitening Mouthwash has been designed for patients who want to restore naturally white teeth with an effective and safe mouthwash.<\/p>\n<p>The mouthwash enhances the action of VITIS Whitening Toothpaste: it also effectively removes discoloration in areas that are difficult to reach with a toothbrush. VITIS Whitening Mouthwash ensures a prolonged effect of the active ingredients in the mouth.<\/p>","protected":false},"excerpt":{"rendered":"<p>Vitis Bain De Bouche Whitening restaure la blancheur fraiche naturelle des dents efficacement VITIS Whitening Bain de bouche restaure la blancheur fraiche naturelle des dents efficacement et rapidement. Il ne contient pas de peroxyde et convient donc particuli\u00e8rement bien \u00e0 un usage quotidien.\u00a0La puissance de VITIS Whitening r\u00e9side dans la DENTAID haprepair\u00a0technologie\u00ae\u00a0en 5 actions mise [&hellip;]<\/p>\n","protected":false},"featured_media":22293,"template":"","meta":{"om_disable_all_campaigns":false},"product_brand":[],"product_cat":[15],"product_tag":[7660,6583,7654,7653,7655,7650,7646,6679,6254,7657,7656,7659,7658,6392,7643],"class_list":{"0":"post-22294","1":"product","2":"type-product","3":"status-publish","4":"has-post-thumbnail","6":"product_cat-beaute-sante-complements-alimentaires-soins-et-bien-etre-au-meilleur-prix","7":"product_tag-anti-plaque","8":"product_tag-bain-de-bouche-500-ml","9":"product_tag-bain-de-bouche-blanchissant","10":"product_tag-bain-de-bouche-whitening","11":"product_tag-blancheur-des-dents","12":"product_tag-dents-sensibles","13":"product_tag-gencives-sensibles","14":"product_tag-haleine-fraiche","15":"product_tag-hygiene-bucco-dentaire","16":"product_tag-protection-email","17":"product_tag-reduit-taches-dentaires","18":"product_tag-soin-buccal-vitis","19":"product_tag-soin-dentaire-quotidien","20":"product_tag-usage-quotidien","21":"product_tag-vitis","23":"first","24":"instock","25":"sale","26":"taxable","27":"shipping-taxable","28":"purchasable","29":"product-type-simple"},"yoast_head":"<!-- This site is optimized with the Yoast SEO plugin v27.5 - https:\/\/yoast.com\/product\/yoast-seo-wordpress\/ -->\n<title>Vitis Bain De Bouche Whitening 500ml - Maroc Prix<\/title>\n<meta name=\"description\" content=\"Vitis Bain de Bouche Whitening 500 ml : aide \u00e0 blanchir les dents, \u00e9limine les taches, prot\u00e8ge l\u2019\u00e9mail et assure une haleine fra\u00eeche durable.\" \/>\n<meta name=\"robots\" content=\"index, follow, max-snippet:-1, max-image-preview:large, max-video-preview:-1\" \/>\n<link rel=\"canonical\" href=\"https:\/\/vitablanca.ma\/en\/product\/vitis-bain-de-bouche-whitening-500ml\/\" \/>\n<meta property=\"og:locale\" content=\"en_US\" \/>\n<meta property=\"og:type\" content=\"article\" \/>\n<meta property=\"og:title\" content=\"Vitis Bain De Bouche Whitening 500ml - Maroc Prix\" \/>\n<meta property=\"og:description\" content=\"Vitis Bain de Bouche Whitening 500 ml : aide \u00e0 blanchir les dents, \u00e9limine les taches, prot\u00e8ge l\u2019\u00e9mail et assure une haleine fra\u00eeche durable.\" \/>\n<meta property=\"og:url\" content=\"https:\/\/vitablanca.ma\/en\/product\/vitis-bain-de-bouche-whitening-500ml\/\" \/>\n<meta property=\"og:site_name\" content=\"Vitablanca.ma &ndash; Sant&eacute;, vitalit&eacute; et bien-&ecirc;tre pour tous les Marocains\" \/>\n<meta property=\"article:publisher\" content=\"https:\/\/www.facebook.com\/profile.php?id=61576678196717\" \/>\n<meta property=\"article:modified_time\" content=\"2026-02-04T13:46:09+00:00\" \/>\n<meta property=\"og:image\" content=\"https:\/\/vitablanca.ma\/wp-content\/uploads\/2025\/06\/Vitis-Bain-De-Bouche-Whitening-Nova-prapharmacie-maroc-1.jpg\" \/>\n\t<meta property=\"og:image:width\" content=\"1000\" \/>\n\t<meta property=\"og:image:height\" content=\"1000\" \/>\n\t<meta property=\"og:image:type\" content=\"image\/jpeg\" \/>\n<meta name=\"twitter:card\" content=\"summary_large_image\" \/>\n<meta name=\"twitter:label1\" content=\"Est. reading time\" \/>\n\t<meta name=\"twitter:data1\" content=\"2 minutes\" \/>\n<script type=\"application\/ld+json\" class=\"yoast-schema-graph\">{\"@context\":\"https:\\\/\\\/schema.org\",\"@graph\":[{\"@type\":[\"WebPage\",\"ItemPage\"],\"@id\":\"https:\\\/\\\/vitablanca.ma\\\/produit\\\/vitis-bain-de-bouche-whitening-500ml\\\/\",\"url\":\"https:\\\/\\\/vitablanca.ma\\\/produit\\\/vitis-bain-de-bouche-whitening-500ml\\\/\",\"name\":\"Vitis Bain De Bouche Whitening 500ml - Maroc Prix\",\"isPartOf\":{\"@id\":\"https:\\\/\\\/vitablanca.ma\\\/#website\"},\"primaryImageOfPage\":{\"@id\":\"https:\\\/\\\/vitablanca.ma\\\/produit\\\/vitis-bain-de-bouche-whitening-500ml\\\/#primaryimage\"},\"image\":{\"@id\":\"https:\\\/\\\/vitablanca.ma\\\/produit\\\/vitis-bain-de-bouche-whitening-500ml\\\/#primaryimage\"},\"thumbnailUrl\":\"https:\\\/\\\/vitablanca.ma\\\/wp-content\\\/uploads\\\/2025\\\/06\\\/Vitis-Bain-De-Bouche-Whitening-Nova-prapharmacie-maroc-1.jpg\",\"datePublished\":\"2025-06-11T21:55:05+00:00\",\"dateModified\":\"2026-02-04T13:46:09+00:00\",\"description\":\"Vitis Bain de Bouche Whitening 500 ml : aide \u00e0 blanchir les dents, \u00e9limine les taches, prot\u00e8ge l\u2019\u00e9mail et assure une haleine fra\u00eeche durable.\",\"breadcrumb\":{\"@id\":\"https:\\\/\\\/vitablanca.ma\\\/produit\\\/vitis-bain-de-bouche-whitening-500ml\\\/#breadcrumb\"},\"inLanguage\":\"en-US\",\"potentialAction\":[{\"@type\":\"ReadAction\",\"target\":[\"https:\\\/\\\/vitablanca.ma\\\/produit\\\/vitis-bain-de-bouche-whitening-500ml\\\/\"]}]},{\"@type\":\"ImageObject\",\"inLanguage\":\"en-US\",\"@id\":\"https:\\\/\\\/vitablanca.ma\\\/produit\\\/vitis-bain-de-bouche-whitening-500ml\\\/#primaryimage\",\"url\":\"https:\\\/\\\/vitablanca.ma\\\/wp-content\\\/uploads\\\/2025\\\/06\\\/Vitis-Bain-De-Bouche-Whitening-Nova-prapharmacie-maroc-1.jpg\",\"contentUrl\":\"https:\\\/\\\/vitablanca.ma\\\/wp-content\\\/uploads\\\/2025\\\/06\\\/Vitis-Bain-De-Bouche-Whitening-Nova-prapharmacie-maroc-1.jpg\",\"width\":1000,\"height\":1000},{\"@type\":\"BreadcrumbList\",\"@id\":\"https:\\\/\\\/vitablanca.ma\\\/produit\\\/vitis-bain-de-bouche-whitening-500ml\\\/#breadcrumb\",\"itemListElement\":[{\"@type\":\"ListItem\",\"position\":1,\"name\":\"Home\",\"item\":\"https:\\\/\\\/vitablanca.ma\\\/\"},{\"@type\":\"ListItem\",\"position\":2,\"name\":\"Tous Les Produits\",\"item\":\"https:\\\/\\\/vitablanca.ma\\\/tous-les-produits\\\/\"},{\"@type\":\"ListItem\",\"position\":3,\"name\":\"Vitis Bain De Bouche Whitening 500ml\"}]},{\"@type\":\"WebSite\",\"@id\":\"https:\\\/\\\/vitablanca.ma\\\/#website\",\"url\":\"https:\\\/\\\/vitablanca.ma\\\/\",\"name\":\"VitaBlanca.ma | Compl\u00e9ments alimentaires, sant\u00e9 & beaut\u00e9 au Maroc\",\"description\":\"vendre vitamines et compl\u00e9ments premium des USA &amp; Canada, Nouvelle Z\u00e9lande,Maroc (NOW Foods, Solgar, Manuka). Livraison rapide partout au Maroc.\",\"publisher\":{\"@id\":\"https:\\\/\\\/vitablanca.ma\\\/#organization\"},\"alternateName\":\"VitaBlanca.ma\",\"potentialAction\":[{\"@type\":\"SearchAction\",\"target\":{\"@type\":\"EntryPoint\",\"urlTemplate\":\"https:\\\/\\\/vitablanca.ma\\\/?s={search_term_string}\"},\"query-input\":{\"@type\":\"PropertyValueSpecification\",\"valueRequired\":true,\"valueName\":\"search_term_string\"}}],\"inLanguage\":\"en-US\"},{\"@type\":\"Organization\",\"@id\":\"https:\\\/\\\/vitablanca.ma\\\/#organization\",\"name\":\"VitaBlanca\",\"url\":\"https:\\\/\\\/vitablanca.ma\\\/\",\"logo\":{\"@type\":\"ImageObject\",\"inLanguage\":\"en-US\",\"@id\":\"https:\\\/\\\/vitablanca.ma\\\/#\\\/schema\\\/logo\\\/image\\\/\",\"url\":\"https:\\\/\\\/vitablanca.ma\\\/wp-content\\\/uploads\\\/2025\\\/05\\\/cropped-vitablanca.png\",\"contentUrl\":\"https:\\\/\\\/vitablanca.ma\\\/wp-content\\\/uploads\\\/2025\\\/05\\\/cropped-vitablanca.png\",\"width\":360,\"height\":67,\"caption\":\"VitaBlanca\"},\"image\":{\"@id\":\"https:\\\/\\\/vitablanca.ma\\\/#\\\/schema\\\/logo\\\/image\\\/\"},\"sameAs\":[\"https:\\\/\\\/www.facebook.com\\\/profile.php?id=61576678196717\",\"https:\\\/\\\/www.tiktok.com\\\/@vitablanca.ma\",\"https:\\\/\\\/www.instagram.com\\\/vitablanca.ma\\\/\"]}]}<\/script>\n<!-- \/ Yoast SEO plugin. -->","yoast_head_json":{"title":"Vitis Whitening Mouthwash 500ml - Morocco Price","description":"Vitis Bain de Bouche Whitening 500 ml : aide \u00e0 blanchir les dents, \u00e9limine les taches, prot\u00e8ge l\u2019\u00e9mail et assure une haleine fra\u00eeche durable.","robots":{"index":"index","follow":"follow","max-snippet":"max-snippet:-1","max-image-preview":"max-image-preview:large","max-video-preview":"max-video-preview:-1"},"canonical":"https:\/\/vitablanca.ma\/en\/product\/vitis-bain-de-bouche-whitening-500ml\/","og_locale":"en_US","og_type":"article","og_title":"Vitis Bain De Bouche Whitening 500ml - Maroc Prix","og_description":"Vitis Bain de Bouche Whitening 500 ml : aide \u00e0 blanchir les dents, \u00e9limine les taches, prot\u00e8ge l\u2019\u00e9mail et assure une haleine fra\u00eeche durable.","og_url":"https:\/\/vitablanca.ma\/en\/product\/vitis-bain-de-bouche-whitening-500ml\/","og_site_name":"Vitablanca.ma &ndash; Sant&eacute;, vitalit&eacute; et bien-&ecirc;tre pour tous les Marocains","article_publisher":"https:\/\/www.facebook.com\/profile.php?id=61576678196717","article_modified_time":"2026-02-04T13:46:09+00:00","og_image":[{"width":1000,"height":1000,"url":"https:\/\/vitablanca.ma\/wp-content\/uploads\/2025\/06\/Vitis-Bain-De-Bouche-Whitening-Nova-prapharmacie-maroc-1.jpg","type":"image\/jpeg"}],"twitter_card":"summary_large_image","twitter_misc":{"Est. reading time":"2 minutes"},"schema":{"@context":"https:\/\/schema.org","@graph":[{"@type":["WebPage","ItemPage"],"@id":"https:\/\/vitablanca.ma\/produit\/vitis-bain-de-bouche-whitening-500ml\/","url":"https:\/\/vitablanca.ma\/produit\/vitis-bain-de-bouche-whitening-500ml\/","name":"Vitis Whitening Mouthwash 500ml - Morocco Price","isPartOf":{"@id":"https:\/\/vitablanca.ma\/#website"},"primaryImageOfPage":{"@id":"https:\/\/vitablanca.ma\/produit\/vitis-bain-de-bouche-whitening-500ml\/#primaryimage"},"image":{"@id":"https:\/\/vitablanca.ma\/produit\/vitis-bain-de-bouche-whitening-500ml\/#primaryimage"},"thumbnailUrl":"https:\/\/vitablanca.ma\/wp-content\/uploads\/2025\/06\/Vitis-Bain-De-Bouche-Whitening-Nova-prapharmacie-maroc-1.jpg","datePublished":"2025-06-11T21:55:05+00:00","dateModified":"2026-02-04T13:46:09+00:00","description":"Vitis Bain de Bouche Whitening 500 ml : aide \u00e0 blanchir les dents, \u00e9limine les taches, prot\u00e8ge l\u2019\u00e9mail et assure une haleine fra\u00eeche durable.","breadcrumb":{"@id":"https:\/\/vitablanca.ma\/produit\/vitis-bain-de-bouche-whitening-500ml\/#breadcrumb"},"inLanguage":"en-US","potentialAction":[{"@type":"ReadAction","target":["https:\/\/vitablanca.ma\/produit\/vitis-bain-de-bouche-whitening-500ml\/"]}]},{"@type":"ImageObject","inLanguage":"en-US","@id":"https:\/\/vitablanca.ma\/produit\/vitis-bain-de-bouche-whitening-500ml\/#primaryimage","url":"https:\/\/vitablanca.ma\/wp-content\/uploads\/2025\/06\/Vitis-Bain-De-Bouche-Whitening-Nova-prapharmacie-maroc-1.jpg","contentUrl":"https:\/\/vitablanca.ma\/wp-content\/uploads\/2025\/06\/Vitis-Bain-De-Bouche-Whitening-Nova-prapharmacie-maroc-1.jpg","width":1000,"height":1000},{"@type":"BreadcrumbList","@id":"https:\/\/vitablanca.ma\/produit\/vitis-bain-de-bouche-whitening-500ml\/#breadcrumb","itemListElement":[{"@type":"ListItem","position":1,"name":"Home","item":"https:\/\/vitablanca.ma\/"},{"@type":"ListItem","position":2,"name":"Tous Les Produits","item":"https:\/\/vitablanca.ma\/tous-les-produits\/"},{"@type":"ListItem","position":3,"name":"Vitis Bain De Bouche Whitening 500ml"}]},{"@type":"WebSite","@id":"https:\/\/vitablanca.ma\/#website","url":"https:\/\/vitablanca.ma\/","name":"VitaBlanca.ma | Food supplements, health &amp; beauty in Morocco","description":"sell premium vitamins and supplements from USA &amp; Canada, New Zealand, Morocco (NOW Foods, Solgar, Manuka). Fast delivery anywhere in Morocco.","publisher":{"@id":"https:\/\/vitablanca.ma\/#organization"},"alternateName":"VitaBlanca.ma","potentialAction":[{"@type":"SearchAction","target":{"@type":"EntryPoint","urlTemplate":"https:\/\/vitablanca.ma\/?s={search_term_string}"},"query-input":{"@type":"PropertyValueSpecification","valueRequired":true,"valueName":"search_term_string"}}],"inLanguage":"en-US"},{"@type":"Organization","@id":"https:\/\/vitablanca.ma\/#organization","name":"VitaBlanca","url":"https:\/\/vitablanca.ma\/","logo":{"@type":"ImageObject","inLanguage":"en-US","@id":"https:\/\/vitablanca.ma\/#\/schema\/logo\/image\/","url":"https:\/\/vitablanca.ma\/wp-content\/uploads\/2025\/05\/cropped-vitablanca.png","contentUrl":"https:\/\/vitablanca.ma\/wp-content\/uploads\/2025\/05\/cropped-vitablanca.png","width":360,"height":67,"caption":"VitaBlanca"},"image":{"@id":"https:\/\/vitablanca.ma\/#\/schema\/logo\/image\/"},"sameAs":["https:\/\/www.facebook.com\/profile.php?id=61576678196717","https:\/\/www.tiktok.com\/@vitablanca.ma","https:\/\/www.instagram.com\/vitablanca.ma\/"]}]}},"jetpack_sharing_enabled":true,"_links":{"self":[{"href":"https:\/\/vitablanca.ma\/en\/wp-json\/wp\/v2\/product\/22294","targetHints":{"allow":["GET"]}}],"collection":[{"href":"https:\/\/vitablanca.ma\/en\/wp-json\/wp\/v2\/product"}],"about":[{"href":"https:\/\/vitablanca.ma\/en\/wp-json\/wp\/v2\/types\/product"}],"wp:featuredmedia":[{"embeddable":true,"href":"https:\/\/vitablanca.ma\/en\/wp-json\/wp\/v2\/media\/22293"}],"wp:attachment":[{"href":"https:\/\/vitablanca.ma\/en\/wp-json\/wp\/v2\/media?parent=22294"}],"wp:term":[{"taxonomy":"product_brand","embeddable":true,"href":"https:\/\/vitablanca.ma\/en\/wp-json\/wp\/v2\/product_brand?post=22294"},{"taxonomy":"product_cat","embeddable":true,"href":"https:\/\/vitablanca.ma\/en\/wp-json\/wp\/v2\/product_cat?post=22294"},{"taxonomy":"product_tag","embeddable":true,"href":"https:\/\/vitablanca.ma\/en\/wp-json\/wp\/v2\/product_tag?post=22294"}],"curies":[{"name":"wp","href":"https:\/\/api.w.org\/{rel}","templated":true}]}}