{"id":22284,"date":"2025-06-11T21:54:47","date_gmt":"2025-06-11T21:54:47","guid":{"rendered":"https:\/\/vitablanca.ma\/product\/vitis-dentifrice-sensitive-100ml\/"},"modified":"2026-02-04T19:29:11","modified_gmt":"2026-02-04T19:29:11","slug":"vitis-dentifrice-sensitive-100ml","status":"publish","type":"product","link":"https:\/\/vitablanca.ma\/en\/product\/vitis-dentifrice-sensitive-100ml\/","title":{"rendered":"Vitis Sensitive Toothpaste 100ml"},"content":{"rendered":"<h2>Vitis Sensitive Toothpaste Forms a protective and durable layer on exposed dentin tubules<\/h2>\n<p>VITIS Sensitive Toothpaste is a daily oral care product designed to combat sensitive teeth. The formula is based on DENTAID haprepair technology.<sup>\u00ae<\/sup>\u00a0Revolutionary (in 5 actions). This technology works thanks to the action of tiny hydroxyapatite particles that attach to the tooth surface. Their size allows them to be fully absorbed by the enamel and dentin of the teeth. The teeth are therefore better protected against external aggressions.<\/p>\n<ul>\n<li>Forms a protective and durable layer over exposed dentinal tubules<\/li>\n<li>Blocks pain stimulus (neurotransmission)<\/li>\n<li>Protects tooth enamel<\/li>\n<li>Prevents the formation of cavities<\/li>\n<li>Protects and revitalizes the gums<\/li>\n<\/ul>\n<h3>Indication<\/h3>\n<section class=\"tabs-wrapper container-fluid extra-outer-padding\">\n<div class=\"tab-component\">\n<div class=\"vue-tabs-component\">\n<div class=\"tab-content text-formatted\" aria-labelledby=\"764\">\n<div class=\"tab-text container\">\n<p>VITIS Sensitive is suitable for patients suffering from tooth sensitivity as the dentin tubules are exposed, for example due to gum recession and\/or dental erosion. We recommend rinsing with VITIS Sensitive Mouthwash after brushing your teeth to ensure the active ingredients remain in the mouth for maximum results.<\/p>\n<\/div>\n<\/div>\n<\/div>\n<\/div>\n<\/section>","protected":false},"excerpt":{"rendered":"<p>Vitis Dentifrice Sensitive Forme une couche protectrice et\u00a0durable sur les tubules dentinaires expos\u00e9s VITIS Sensitive Dentifrice\u00a0est un soin buccodentaire \u00e0 utiliser au quotidien pour lutter contre les dents sensibles. La formule repose sur la DENTAID haprepair\u00a0technologie\u00ae\u00a0r\u00e9volutionnaire (en 5 actions). Cette technologie fonctionne gr\u00e2ce \u00e0 l\u2019action de minuscules particules d\u2019hydroxyapatite qui se fixent sur la surface [&hellip;]<\/p>\n","protected":false},"featured_media":22283,"template":"","meta":{"om_disable_all_campaigns":false},"product_brand":[],"product_cat":[15],"product_tag":[6141,7701,6504,7697,7650,7700,6231,6254,7657,7698,7699,7643],"class_list":{"0":"post-22284","1":"product","2":"type-product","3":"status-publish","4":"has-post-thumbnail","6":"product_cat-beaute-sante-complements-alimentaires-soins-et-bien-etre-au-meilleur-prix","7":"product_tag-100-ml","8":"product_tag-100-mlvitis","9":"product_tag-dentifrice-quotidien","10":"product_tag-dentifrice-sensitive","11":"product_tag-dents-sensibles","12":"product_tag-fluor","13":"product_tag-fraicheur","14":"product_tag-hygiene-bucco-dentaire","15":"product_tag-protection-email","16":"product_tag-sensibilite-dentaire","17":"product_tag-soin-gencives","18":"product_tag-vitis","20":"first","21":"instock","22":"sale","23":"taxable","24":"shipping-taxable","25":"purchasable","26":"product-type-simple"},"yoast_head":"<!-- This site is optimized with the Yoast SEO plugin v27.4 - https:\/\/yoast.com\/product\/yoast-seo-wordpress\/ -->\n<title>Vitis Dentifrice Sensitive - Maroc Prix<\/title>\n<meta name=\"description\" content=\"Le Vitis Dentifrice Sensitive 100 ml aide \u00e0 soulager la sensibilit\u00e9 dentaire, prot\u00e8ge l\u2019\u00e9mail et prend soin des gencives pour un confor.\" \/>\n<meta name=\"robots\" content=\"index, follow, max-snippet:-1, max-image-preview:large, max-video-preview:-1\" \/>\n<link rel=\"canonical\" href=\"https:\/\/vitablanca.ma\/en\/product\/vitis-dentifrice-sensitive-100ml\/\" \/>\n<meta property=\"og:locale\" content=\"en_US\" \/>\n<meta property=\"og:type\" content=\"article\" \/>\n<meta property=\"og:title\" content=\"Vitis Dentifrice Sensitive - Maroc Prix\" \/>\n<meta property=\"og:description\" content=\"Le Vitis Dentifrice Sensitive 100 ml aide \u00e0 soulager la sensibilit\u00e9 dentaire, prot\u00e8ge l\u2019\u00e9mail et prend soin des gencives pour un confor.\" \/>\n<meta property=\"og:url\" content=\"https:\/\/vitablanca.ma\/en\/product\/vitis-dentifrice-sensitive-100ml\/\" \/>\n<meta property=\"og:site_name\" content=\"Vitablanca.ma &ndash; Sant&eacute;, vitalit&eacute; et bien-&ecirc;tre pour tous les Marocains\" \/>\n<meta property=\"article:publisher\" content=\"https:\/\/www.facebook.com\/profile.php?id=61576678196717\" \/>\n<meta property=\"article:modified_time\" content=\"2026-02-04T19:29:11+00:00\" \/>\n<meta property=\"og:image\" content=\"https:\/\/vitablanca.ma\/wp-content\/uploads\/2025\/06\/Vitis-Dentifrice-Sensitive-100ml-nova-parapharmacie-maroc-1.jpg\" \/>\n\t<meta property=\"og:image:width\" content=\"1000\" \/>\n\t<meta property=\"og:image:height\" content=\"1000\" \/>\n\t<meta property=\"og:image:type\" content=\"image\/jpeg\" \/>\n<meta name=\"twitter:card\" content=\"summary_large_image\" \/>\n<meta name=\"twitter:label1\" content=\"Est. reading time\" \/>\n\t<meta name=\"twitter:data1\" content=\"2 minutes\" \/>\n<script type=\"application\/ld+json\" class=\"yoast-schema-graph\">{\"@context\":\"https:\\\/\\\/schema.org\",\"@graph\":[{\"@type\":[\"WebPage\",\"ItemPage\"],\"@id\":\"https:\\\/\\\/vitablanca.ma\\\/produit\\\/vitis-dentifrice-sensitive-100ml\\\/\",\"url\":\"https:\\\/\\\/vitablanca.ma\\\/produit\\\/vitis-dentifrice-sensitive-100ml\\\/\",\"name\":\"Vitis Dentifrice Sensitive - Maroc Prix\",\"isPartOf\":{\"@id\":\"https:\\\/\\\/vitablanca.ma\\\/#website\"},\"primaryImageOfPage\":{\"@id\":\"https:\\\/\\\/vitablanca.ma\\\/produit\\\/vitis-dentifrice-sensitive-100ml\\\/#primaryimage\"},\"image\":{\"@id\":\"https:\\\/\\\/vitablanca.ma\\\/produit\\\/vitis-dentifrice-sensitive-100ml\\\/#primaryimage\"},\"thumbnailUrl\":\"https:\\\/\\\/vitablanca.ma\\\/wp-content\\\/uploads\\\/2025\\\/06\\\/Vitis-Dentifrice-Sensitive-100ml-nova-parapharmacie-maroc-1.jpg\",\"datePublished\":\"2025-06-11T21:54:47+00:00\",\"dateModified\":\"2026-02-04T19:29:11+00:00\",\"description\":\"Le Vitis Dentifrice Sensitive 100 ml aide \u00e0 soulager la sensibilit\u00e9 dentaire, prot\u00e8ge l\u2019\u00e9mail et prend soin des gencives pour un confor.\",\"breadcrumb\":{\"@id\":\"https:\\\/\\\/vitablanca.ma\\\/produit\\\/vitis-dentifrice-sensitive-100ml\\\/#breadcrumb\"},\"inLanguage\":\"en-US\",\"potentialAction\":[{\"@type\":\"ReadAction\",\"target\":[\"https:\\\/\\\/vitablanca.ma\\\/produit\\\/vitis-dentifrice-sensitive-100ml\\\/\"]}]},{\"@type\":\"ImageObject\",\"inLanguage\":\"en-US\",\"@id\":\"https:\\\/\\\/vitablanca.ma\\\/produit\\\/vitis-dentifrice-sensitive-100ml\\\/#primaryimage\",\"url\":\"https:\\\/\\\/vitablanca.ma\\\/wp-content\\\/uploads\\\/2025\\\/06\\\/Vitis-Dentifrice-Sensitive-100ml-nova-parapharmacie-maroc-1.jpg\",\"contentUrl\":\"https:\\\/\\\/vitablanca.ma\\\/wp-content\\\/uploads\\\/2025\\\/06\\\/Vitis-Dentifrice-Sensitive-100ml-nova-parapharmacie-maroc-1.jpg\",\"width\":1000,\"height\":1000},{\"@type\":\"BreadcrumbList\",\"@id\":\"https:\\\/\\\/vitablanca.ma\\\/produit\\\/vitis-dentifrice-sensitive-100ml\\\/#breadcrumb\",\"itemListElement\":[{\"@type\":\"ListItem\",\"position\":1,\"name\":\"Home\",\"item\":\"https:\\\/\\\/vitablanca.ma\\\/\"},{\"@type\":\"ListItem\",\"position\":2,\"name\":\"Tous Les Produits\",\"item\":\"https:\\\/\\\/vitablanca.ma\\\/tous-les-produits\\\/\"},{\"@type\":\"ListItem\",\"position\":3,\"name\":\"Vitis Dentifrice Sensitive 100ml\"}]},{\"@type\":\"WebSite\",\"@id\":\"https:\\\/\\\/vitablanca.ma\\\/#website\",\"url\":\"https:\\\/\\\/vitablanca.ma\\\/\",\"name\":\"VitaBlanca.ma | Compl\u00e9ments alimentaires, sant\u00e9 & beaut\u00e9 au Maroc\",\"description\":\"vendre vitamines et compl\u00e9ments premium des USA &amp; Canada, Nouvelle Z\u00e9lande,Maroc (NOW Foods, Solgar, Manuka). Livraison rapide partout au Maroc.\",\"publisher\":{\"@id\":\"https:\\\/\\\/vitablanca.ma\\\/#organization\"},\"alternateName\":\"VitaBlanca.ma\",\"potentialAction\":[{\"@type\":\"SearchAction\",\"target\":{\"@type\":\"EntryPoint\",\"urlTemplate\":\"https:\\\/\\\/vitablanca.ma\\\/?s={search_term_string}\"},\"query-input\":{\"@type\":\"PropertyValueSpecification\",\"valueRequired\":true,\"valueName\":\"search_term_string\"}}],\"inLanguage\":\"en-US\"},{\"@type\":\"Organization\",\"@id\":\"https:\\\/\\\/vitablanca.ma\\\/#organization\",\"name\":\"VitaBlanca\",\"url\":\"https:\\\/\\\/vitablanca.ma\\\/\",\"logo\":{\"@type\":\"ImageObject\",\"inLanguage\":\"en-US\",\"@id\":\"https:\\\/\\\/vitablanca.ma\\\/#\\\/schema\\\/logo\\\/image\\\/\",\"url\":\"https:\\\/\\\/vitablanca.ma\\\/wp-content\\\/uploads\\\/2025\\\/05\\\/cropped-vitablanca.png\",\"contentUrl\":\"https:\\\/\\\/vitablanca.ma\\\/wp-content\\\/uploads\\\/2025\\\/05\\\/cropped-vitablanca.png\",\"width\":360,\"height\":67,\"caption\":\"VitaBlanca\"},\"image\":{\"@id\":\"https:\\\/\\\/vitablanca.ma\\\/#\\\/schema\\\/logo\\\/image\\\/\"},\"sameAs\":[\"https:\\\/\\\/www.facebook.com\\\/profile.php?id=61576678196717\",\"https:\\\/\\\/www.tiktok.com\\\/@vitablanca.ma\",\"https:\\\/\\\/www.instagram.com\\\/vitablanca.ma\\\/\"]}]}<\/script>\n<!-- \/ Yoast SEO plugin. -->","yoast_head_json":{"title":"Vitis Dentifrice Sensitive - Maroc Prix","description":"Le Vitis Dentifrice Sensitive 100 ml aide \u00e0 soulager la sensibilit\u00e9 dentaire, prot\u00e8ge l\u2019\u00e9mail et prend soin des gencives pour un confor.","robots":{"index":"index","follow":"follow","max-snippet":"max-snippet:-1","max-image-preview":"max-image-preview:large","max-video-preview":"max-video-preview:-1"},"canonical":"https:\/\/vitablanca.ma\/en\/product\/vitis-dentifrice-sensitive-100ml\/","og_locale":"en_US","og_type":"article","og_title":"Vitis Dentifrice Sensitive - Maroc Prix","og_description":"Le Vitis Dentifrice Sensitive 100 ml aide \u00e0 soulager la sensibilit\u00e9 dentaire, prot\u00e8ge l\u2019\u00e9mail et prend soin des gencives pour un confor.","og_url":"https:\/\/vitablanca.ma\/en\/product\/vitis-dentifrice-sensitive-100ml\/","og_site_name":"Vitablanca.ma &ndash; Sant&eacute;, vitalit&eacute; et bien-&ecirc;tre pour tous les Marocains","article_publisher":"https:\/\/www.facebook.com\/profile.php?id=61576678196717","article_modified_time":"2026-02-04T19:29:11+00:00","og_image":[{"width":1000,"height":1000,"url":"https:\/\/vitablanca.ma\/wp-content\/uploads\/2025\/06\/Vitis-Dentifrice-Sensitive-100ml-nova-parapharmacie-maroc-1.jpg","type":"image\/jpeg"}],"twitter_card":"summary_large_image","twitter_misc":{"Est. reading time":"2 minutes"},"schema":{"@context":"https:\/\/schema.org","@graph":[{"@type":["WebPage","ItemPage"],"@id":"https:\/\/vitablanca.ma\/produit\/vitis-dentifrice-sensitive-100ml\/","url":"https:\/\/vitablanca.ma\/produit\/vitis-dentifrice-sensitive-100ml\/","name":"Vitis Dentifrice Sensitive - Maroc Prix","isPartOf":{"@id":"https:\/\/vitablanca.ma\/#website"},"primaryImageOfPage":{"@id":"https:\/\/vitablanca.ma\/produit\/vitis-dentifrice-sensitive-100ml\/#primaryimage"},"image":{"@id":"https:\/\/vitablanca.ma\/produit\/vitis-dentifrice-sensitive-100ml\/#primaryimage"},"thumbnailUrl":"https:\/\/vitablanca.ma\/wp-content\/uploads\/2025\/06\/Vitis-Dentifrice-Sensitive-100ml-nova-parapharmacie-maroc-1.jpg","datePublished":"2025-06-11T21:54:47+00:00","dateModified":"2026-02-04T19:29:11+00:00","description":"Le Vitis Dentifrice Sensitive 100 ml aide \u00e0 soulager la sensibilit\u00e9 dentaire, prot\u00e8ge l\u2019\u00e9mail et prend soin des gencives pour un confor.","breadcrumb":{"@id":"https:\/\/vitablanca.ma\/produit\/vitis-dentifrice-sensitive-100ml\/#breadcrumb"},"inLanguage":"en-US","potentialAction":[{"@type":"ReadAction","target":["https:\/\/vitablanca.ma\/produit\/vitis-dentifrice-sensitive-100ml\/"]}]},{"@type":"ImageObject","inLanguage":"en-US","@id":"https:\/\/vitablanca.ma\/produit\/vitis-dentifrice-sensitive-100ml\/#primaryimage","url":"https:\/\/vitablanca.ma\/wp-content\/uploads\/2025\/06\/Vitis-Dentifrice-Sensitive-100ml-nova-parapharmacie-maroc-1.jpg","contentUrl":"https:\/\/vitablanca.ma\/wp-content\/uploads\/2025\/06\/Vitis-Dentifrice-Sensitive-100ml-nova-parapharmacie-maroc-1.jpg","width":1000,"height":1000},{"@type":"BreadcrumbList","@id":"https:\/\/vitablanca.ma\/produit\/vitis-dentifrice-sensitive-100ml\/#breadcrumb","itemListElement":[{"@type":"ListItem","position":1,"name":"Home","item":"https:\/\/vitablanca.ma\/"},{"@type":"ListItem","position":2,"name":"Tous Les Produits","item":"https:\/\/vitablanca.ma\/tous-les-produits\/"},{"@type":"ListItem","position":3,"name":"Vitis Dentifrice Sensitive 100ml"}]},{"@type":"WebSite","@id":"https:\/\/vitablanca.ma\/#website","url":"https:\/\/vitablanca.ma\/","name":"VitaBlanca.ma | Food supplements, health &amp; beauty in Morocco","description":"sell premium vitamins and supplements from USA &amp; Canada, New Zealand, Morocco (NOW Foods, Solgar, Manuka). Fast delivery anywhere in Morocco.","publisher":{"@id":"https:\/\/vitablanca.ma\/#organization"},"alternateName":"VitaBlanca.ma","potentialAction":[{"@type":"SearchAction","target":{"@type":"EntryPoint","urlTemplate":"https:\/\/vitablanca.ma\/?s={search_term_string}"},"query-input":{"@type":"PropertyValueSpecification","valueRequired":true,"valueName":"search_term_string"}}],"inLanguage":"en-US"},{"@type":"Organization","@id":"https:\/\/vitablanca.ma\/#organization","name":"VitaBlanca","url":"https:\/\/vitablanca.ma\/","logo":{"@type":"ImageObject","inLanguage":"en-US","@id":"https:\/\/vitablanca.ma\/#\/schema\/logo\/image\/","url":"https:\/\/vitablanca.ma\/wp-content\/uploads\/2025\/05\/cropped-vitablanca.png","contentUrl":"https:\/\/vitablanca.ma\/wp-content\/uploads\/2025\/05\/cropped-vitablanca.png","width":360,"height":67,"caption":"VitaBlanca"},"image":{"@id":"https:\/\/vitablanca.ma\/#\/schema\/logo\/image\/"},"sameAs":["https:\/\/www.facebook.com\/profile.php?id=61576678196717","https:\/\/www.tiktok.com\/@vitablanca.ma","https:\/\/www.instagram.com\/vitablanca.ma\/"]}]}},"jetpack_sharing_enabled":true,"_links":{"self":[{"href":"https:\/\/vitablanca.ma\/en\/wp-json\/wp\/v2\/product\/22284","targetHints":{"allow":["GET"]}}],"collection":[{"href":"https:\/\/vitablanca.ma\/en\/wp-json\/wp\/v2\/product"}],"about":[{"href":"https:\/\/vitablanca.ma\/en\/wp-json\/wp\/v2\/types\/product"}],"wp:featuredmedia":[{"embeddable":true,"href":"https:\/\/vitablanca.ma\/en\/wp-json\/wp\/v2\/media\/22283"}],"wp:attachment":[{"href":"https:\/\/vitablanca.ma\/en\/wp-json\/wp\/v2\/media?parent=22284"}],"wp:term":[{"taxonomy":"product_brand","embeddable":true,"href":"https:\/\/vitablanca.ma\/en\/wp-json\/wp\/v2\/product_brand?post=22284"},{"taxonomy":"product_cat","embeddable":true,"href":"https:\/\/vitablanca.ma\/en\/wp-json\/wp\/v2\/product_cat?post=22284"},{"taxonomy":"product_tag","embeddable":true,"href":"https:\/\/vitablanca.ma\/en\/wp-json\/wp\/v2\/product_tag?post=22284"}],"curies":[{"name":"wp","href":"https:\/\/api.w.org\/{rel}","templated":true}]}}