{"id":22272,"date":"2025-06-11T21:54:27","date_gmt":"2025-06-11T21:54:27","guid":{"rendered":"https:\/\/vitablanca.ma\/product\/vitis-bain-de-bouche-gingival\/"},"modified":"2026-02-04T19:59:59","modified_gmt":"2026-02-04T19:59:59","slug":"vitis-bain-de-bouche-gingival","status":"publish","type":"product","link":"https:\/\/vitablanca.ma\/en\/product\/vitis-bain-de-bouche-gingival\/","title":{"rendered":"Vitis Gingival Mouthwash"},"content":{"rendered":"<h2 data-mce-fragment=\"1\">Vitis Gingival Mouthwash\u00a0<span data-mce-fragment=\"1\">helps prevent gum inflammation and bleeding.\u00a0<\/span><\/h2>\n<p data-mce-fragment=\"1\">VITIS Gingival Mouthwash is specifically formulated to control gingivitis. Long-term use helps prevent gum inflammation and bleeding. It also inhibits the formation of<span data-mce-fragment=\"1\">\u00a0<\/span><em data-mce-fragment=\"1\">biofilm<\/em>oral (bacterial plaque) and reduces its accumulation in the oral cavity. VITIS gingival does not contain gluten and is therefore suitable for people with celiac disease.<strong data-mce-fragment=\"1\">Permethol \u2013<span data-mce-fragment=\"1\">\u00a0<\/span><\/strong>\u00a0Reduces bleeding and gum sensitivity while increasing the gums&#039; resistance to inflammation.<strong data-mce-fragment=\"1\">Panthenol (Provitamin B5) \u2013<span data-mce-fragment=\"1\">\u00a0<\/span><\/strong>\u00a0Reduces inflammation, protects and revitalizes gums.<strong data-mce-fragment=\"1\">Cetylpyridinium chloride (CPC) \u2013 Antiseptic<span data-mce-fragment=\"1\">\u00a0<\/span><\/strong>\u00a0daily use that inhibits the formation of oral biofilm (bacterial plaque) and reduces its accumulation, controlling the onset and development of gingivitis.<strong data-mce-fragment=\"1\">Zinc lactate \u2013<span data-mce-fragment=\"1\">\u00a0<\/span><\/strong>\u00a0Inhibits and reduces gingival bleeding, while increasing the antiseptic effect of cetylpyridinium chloride (CPC).<\/p>\n<h3 data-mce-fragment=\"1\"><strong data-mce-fragment=\"1\">Directions for use<\/strong><\/h3>\n<p data-mce-fragment=\"1\">Rinse with 15 ml of VITIS Gingival Mouthwash undiluted for 30 seconds. For best results, do not rinse with water and avoid eating or drinking immediately after use.<\/p>","protected":false},"excerpt":{"rendered":"<p>Vitis Bain De Bouche Gingival\u00a0aide \u00e0 pr\u00e9venir l\u2019inflammation et le saignement gingivaux.\u00a0 Le bain de bouche gingival VITIS est sp\u00e9cifiquement formul\u00e9 pour contr\u00f4ler la gingivite. L\u2019utilisation \u00e0 long terme aide \u00e0 pr\u00e9venir l\u2019inflammation et le saignement gingivaux. Il inhibe \u00e9galement la formation de\u00a0biofilmoral (plaque bact\u00e9rienne) et r\u00e9duit son accumulation dans la cavit\u00e9 buccale.VITIS gingival ne [&hellip;]<\/p>\n","protected":false},"featured_media":22271,"template":"","meta":{"om_disable_all_campaigns":false},"product_brand":[],"product_cat":[15],"product_tag":[7722,7725,7726,7646,6254,7723,7724,7699,6392,7643],"class_list":{"0":"post-22272","1":"product","2":"type-product","3":"status-publish","4":"has-post-thumbnail","6":"product_cat-beaute-sante-complements-alimentaires-soins-et-bien-etre-au-meilleur-prix","7":"product_tag-bain-de-bouche-gingival","8":"product_tag-bain-de-bouche-sans-alcool","9":"product_tag-fraicheur-buccale","10":"product_tag-gencives-sensibles","11":"product_tag-hygiene-bucco-dentaire","12":"product_tag-prevention-gingivite","13":"product_tag-reduction-plaque-dentaire","14":"product_tag-soin-gencives","15":"product_tag-usage-quotidien","16":"product_tag-vitis","18":"first","19":"instock","20":"sale","21":"taxable","22":"shipping-taxable","23":"purchasable","24":"product-type-variable"},"yoast_head":"<!-- This site is optimized with the Yoast SEO plugin v27.5 - https:\/\/yoast.com\/product\/yoast-seo-wordpress\/ -->\n<title>Vitis Bain De Bouche Gingiva - Maroc Prix<\/title>\n<meta name=\"description\" content=\"Le VITIS Bain de Bouche Gingival apaise les gencives sensibles, r\u00e9duit la plaque dentaire et favorise une hygi\u00e8ne bucco-dentaire compl\u00e8te et durable.\" \/>\n<meta name=\"robots\" content=\"index, follow, max-snippet:-1, max-image-preview:large, max-video-preview:-1\" \/>\n<link rel=\"canonical\" href=\"https:\/\/vitablanca.ma\/en\/product\/vitis-bain-de-bouche-gingival\/\" \/>\n<meta property=\"og:locale\" content=\"en_US\" \/>\n<meta property=\"og:type\" content=\"article\" \/>\n<meta property=\"og:title\" content=\"Vitis Bain De Bouche Gingiva - Maroc Prix\" \/>\n<meta property=\"og:description\" content=\"Le VITIS Bain de Bouche Gingival apaise les gencives sensibles, r\u00e9duit la plaque dentaire et favorise une hygi\u00e8ne bucco-dentaire compl\u00e8te et durable.\" \/>\n<meta property=\"og:url\" content=\"https:\/\/vitablanca.ma\/en\/product\/vitis-bain-de-bouche-gingival\/\" \/>\n<meta property=\"og:site_name\" content=\"Vitablanca.ma &ndash; Sant&eacute;, vitalit&eacute; et bien-&ecirc;tre pour tous les Marocains\" \/>\n<meta property=\"article:publisher\" content=\"https:\/\/www.facebook.com\/profile.php?id=61576678196717\" \/>\n<meta property=\"article:modified_time\" content=\"2026-02-04T19:59:59+00:00\" \/>\n<meta property=\"og:image\" content=\"https:\/\/vitablanca.ma\/wp-content\/uploads\/2025\/06\/Vitis-Bain-De-Bouche-Gingival-nova-parapharmacie-maroc-1.jpg\" \/>\n\t<meta property=\"og:image:width\" content=\"1000\" \/>\n\t<meta property=\"og:image:height\" content=\"1000\" \/>\n\t<meta property=\"og:image:type\" content=\"image\/jpeg\" \/>\n<meta name=\"twitter:card\" content=\"summary_large_image\" \/>\n<meta name=\"twitter:label1\" content=\"Est. reading time\" \/>\n\t<meta name=\"twitter:data1\" content=\"2 minutes\" \/>\n<script type=\"application\/ld+json\" class=\"yoast-schema-graph\">{\"@context\":\"https:\\\/\\\/schema.org\",\"@graph\":[{\"@type\":[\"WebPage\",\"ItemPage\"],\"@id\":\"https:\\\/\\\/vitablanca.ma\\\/produit\\\/vitis-bain-de-bouche-gingival\\\/\",\"url\":\"https:\\\/\\\/vitablanca.ma\\\/produit\\\/vitis-bain-de-bouche-gingival\\\/\",\"name\":\"Vitis Bain De Bouche Gingiva - Maroc Prix\",\"isPartOf\":{\"@id\":\"https:\\\/\\\/vitablanca.ma\\\/#website\"},\"primaryImageOfPage\":{\"@id\":\"https:\\\/\\\/vitablanca.ma\\\/produit\\\/vitis-bain-de-bouche-gingival\\\/#primaryimage\"},\"image\":{\"@id\":\"https:\\\/\\\/vitablanca.ma\\\/produit\\\/vitis-bain-de-bouche-gingival\\\/#primaryimage\"},\"thumbnailUrl\":\"https:\\\/\\\/vitablanca.ma\\\/wp-content\\\/uploads\\\/2025\\\/06\\\/Vitis-Bain-De-Bouche-Gingival-nova-parapharmacie-maroc-1.jpg\",\"datePublished\":\"2025-06-11T21:54:27+00:00\",\"dateModified\":\"2026-02-04T19:59:59+00:00\",\"description\":\"Le VITIS Bain de Bouche Gingival apaise les gencives sensibles, r\u00e9duit la plaque dentaire et favorise une hygi\u00e8ne bucco-dentaire compl\u00e8te et durable.\",\"breadcrumb\":{\"@id\":\"https:\\\/\\\/vitablanca.ma\\\/produit\\\/vitis-bain-de-bouche-gingival\\\/#breadcrumb\"},\"inLanguage\":\"en-US\",\"potentialAction\":[{\"@type\":\"ReadAction\",\"target\":[\"https:\\\/\\\/vitablanca.ma\\\/produit\\\/vitis-bain-de-bouche-gingival\\\/\"]}]},{\"@type\":\"ImageObject\",\"inLanguage\":\"en-US\",\"@id\":\"https:\\\/\\\/vitablanca.ma\\\/produit\\\/vitis-bain-de-bouche-gingival\\\/#primaryimage\",\"url\":\"https:\\\/\\\/vitablanca.ma\\\/wp-content\\\/uploads\\\/2025\\\/06\\\/Vitis-Bain-De-Bouche-Gingival-nova-parapharmacie-maroc-1.jpg\",\"contentUrl\":\"https:\\\/\\\/vitablanca.ma\\\/wp-content\\\/uploads\\\/2025\\\/06\\\/Vitis-Bain-De-Bouche-Gingival-nova-parapharmacie-maroc-1.jpg\",\"width\":1000,\"height\":1000},{\"@type\":\"BreadcrumbList\",\"@id\":\"https:\\\/\\\/vitablanca.ma\\\/produit\\\/vitis-bain-de-bouche-gingival\\\/#breadcrumb\",\"itemListElement\":[{\"@type\":\"ListItem\",\"position\":1,\"name\":\"Home\",\"item\":\"https:\\\/\\\/vitablanca.ma\\\/\"},{\"@type\":\"ListItem\",\"position\":2,\"name\":\"Tous Les Produits\",\"item\":\"https:\\\/\\\/vitablanca.ma\\\/tous-les-produits\\\/\"},{\"@type\":\"ListItem\",\"position\":3,\"name\":\"Vitis Bain De Bouche Gingival\"}]},{\"@type\":\"WebSite\",\"@id\":\"https:\\\/\\\/vitablanca.ma\\\/#website\",\"url\":\"https:\\\/\\\/vitablanca.ma\\\/\",\"name\":\"VitaBlanca.ma | Compl\u00e9ments alimentaires, sant\u00e9 & beaut\u00e9 au Maroc\",\"description\":\"vendre vitamines et compl\u00e9ments premium des USA &amp; Canada, Nouvelle Z\u00e9lande,Maroc (NOW Foods, Solgar, Manuka). Livraison rapide partout au Maroc.\",\"publisher\":{\"@id\":\"https:\\\/\\\/vitablanca.ma\\\/#organization\"},\"alternateName\":\"VitaBlanca.ma\",\"potentialAction\":[{\"@type\":\"SearchAction\",\"target\":{\"@type\":\"EntryPoint\",\"urlTemplate\":\"https:\\\/\\\/vitablanca.ma\\\/?s={search_term_string}\"},\"query-input\":{\"@type\":\"PropertyValueSpecification\",\"valueRequired\":true,\"valueName\":\"search_term_string\"}}],\"inLanguage\":\"en-US\"},{\"@type\":\"Organization\",\"@id\":\"https:\\\/\\\/vitablanca.ma\\\/#organization\",\"name\":\"VitaBlanca\",\"url\":\"https:\\\/\\\/vitablanca.ma\\\/\",\"logo\":{\"@type\":\"ImageObject\",\"inLanguage\":\"en-US\",\"@id\":\"https:\\\/\\\/vitablanca.ma\\\/#\\\/schema\\\/logo\\\/image\\\/\",\"url\":\"https:\\\/\\\/vitablanca.ma\\\/wp-content\\\/uploads\\\/2025\\\/05\\\/cropped-vitablanca.png\",\"contentUrl\":\"https:\\\/\\\/vitablanca.ma\\\/wp-content\\\/uploads\\\/2025\\\/05\\\/cropped-vitablanca.png\",\"width\":360,\"height\":67,\"caption\":\"VitaBlanca\"},\"image\":{\"@id\":\"https:\\\/\\\/vitablanca.ma\\\/#\\\/schema\\\/logo\\\/image\\\/\"},\"sameAs\":[\"https:\\\/\\\/www.facebook.com\\\/profile.php?id=61576678196717\",\"https:\\\/\\\/www.tiktok.com\\\/@vitablanca.ma\",\"https:\\\/\\\/www.instagram.com\\\/vitablanca.ma\\\/\"]}]}<\/script>\n<!-- \/ Yoast SEO plugin. -->","yoast_head_json":{"title":"Vitis Bain De Bouche Gingiva - Maroc Prix","description":"Le VITIS Bain de Bouche Gingival apaise les gencives sensibles, r\u00e9duit la plaque dentaire et favorise une hygi\u00e8ne bucco-dentaire compl\u00e8te et durable.","robots":{"index":"index","follow":"follow","max-snippet":"max-snippet:-1","max-image-preview":"max-image-preview:large","max-video-preview":"max-video-preview:-1"},"canonical":"https:\/\/vitablanca.ma\/en\/product\/vitis-bain-de-bouche-gingival\/","og_locale":"en_US","og_type":"article","og_title":"Vitis Bain De Bouche Gingiva - Maroc Prix","og_description":"Le VITIS Bain de Bouche Gingival apaise les gencives sensibles, r\u00e9duit la plaque dentaire et favorise une hygi\u00e8ne bucco-dentaire compl\u00e8te et durable.","og_url":"https:\/\/vitablanca.ma\/en\/product\/vitis-bain-de-bouche-gingival\/","og_site_name":"Vitablanca.ma &ndash; Sant&eacute;, vitalit&eacute; et bien-&ecirc;tre pour tous les Marocains","article_publisher":"https:\/\/www.facebook.com\/profile.php?id=61576678196717","article_modified_time":"2026-02-04T19:59:59+00:00","og_image":[{"width":1000,"height":1000,"url":"https:\/\/vitablanca.ma\/wp-content\/uploads\/2025\/06\/Vitis-Bain-De-Bouche-Gingival-nova-parapharmacie-maroc-1.jpg","type":"image\/jpeg"}],"twitter_card":"summary_large_image","twitter_misc":{"Est. reading time":"2 minutes"},"schema":{"@context":"https:\/\/schema.org","@graph":[{"@type":["WebPage","ItemPage"],"@id":"https:\/\/vitablanca.ma\/produit\/vitis-bain-de-bouche-gingival\/","url":"https:\/\/vitablanca.ma\/produit\/vitis-bain-de-bouche-gingival\/","name":"Vitis Bain De Bouche Gingiva - Maroc Prix","isPartOf":{"@id":"https:\/\/vitablanca.ma\/#website"},"primaryImageOfPage":{"@id":"https:\/\/vitablanca.ma\/produit\/vitis-bain-de-bouche-gingival\/#primaryimage"},"image":{"@id":"https:\/\/vitablanca.ma\/produit\/vitis-bain-de-bouche-gingival\/#primaryimage"},"thumbnailUrl":"https:\/\/vitablanca.ma\/wp-content\/uploads\/2025\/06\/Vitis-Bain-De-Bouche-Gingival-nova-parapharmacie-maroc-1.jpg","datePublished":"2025-06-11T21:54:27+00:00","dateModified":"2026-02-04T19:59:59+00:00","description":"Le VITIS Bain de Bouche Gingival apaise les gencives sensibles, r\u00e9duit la plaque dentaire et favorise une hygi\u00e8ne bucco-dentaire compl\u00e8te et durable.","breadcrumb":{"@id":"https:\/\/vitablanca.ma\/produit\/vitis-bain-de-bouche-gingival\/#breadcrumb"},"inLanguage":"en-US","potentialAction":[{"@type":"ReadAction","target":["https:\/\/vitablanca.ma\/produit\/vitis-bain-de-bouche-gingival\/"]}]},{"@type":"ImageObject","inLanguage":"en-US","@id":"https:\/\/vitablanca.ma\/produit\/vitis-bain-de-bouche-gingival\/#primaryimage","url":"https:\/\/vitablanca.ma\/wp-content\/uploads\/2025\/06\/Vitis-Bain-De-Bouche-Gingival-nova-parapharmacie-maroc-1.jpg","contentUrl":"https:\/\/vitablanca.ma\/wp-content\/uploads\/2025\/06\/Vitis-Bain-De-Bouche-Gingival-nova-parapharmacie-maroc-1.jpg","width":1000,"height":1000},{"@type":"BreadcrumbList","@id":"https:\/\/vitablanca.ma\/produit\/vitis-bain-de-bouche-gingival\/#breadcrumb","itemListElement":[{"@type":"ListItem","position":1,"name":"Home","item":"https:\/\/vitablanca.ma\/"},{"@type":"ListItem","position":2,"name":"Tous Les Produits","item":"https:\/\/vitablanca.ma\/tous-les-produits\/"},{"@type":"ListItem","position":3,"name":"Vitis Bain De Bouche Gingival"}]},{"@type":"WebSite","@id":"https:\/\/vitablanca.ma\/#website","url":"https:\/\/vitablanca.ma\/","name":"VitaBlanca.ma | Food supplements, health &amp; beauty in Morocco","description":"sell premium vitamins and supplements from USA &amp; Canada, New Zealand, Morocco (NOW Foods, Solgar, Manuka). Fast delivery anywhere in Morocco.","publisher":{"@id":"https:\/\/vitablanca.ma\/#organization"},"alternateName":"VitaBlanca.ma","potentialAction":[{"@type":"SearchAction","target":{"@type":"EntryPoint","urlTemplate":"https:\/\/vitablanca.ma\/?s={search_term_string}"},"query-input":{"@type":"PropertyValueSpecification","valueRequired":true,"valueName":"search_term_string"}}],"inLanguage":"en-US"},{"@type":"Organization","@id":"https:\/\/vitablanca.ma\/#organization","name":"VitaBlanca","url":"https:\/\/vitablanca.ma\/","logo":{"@type":"ImageObject","inLanguage":"en-US","@id":"https:\/\/vitablanca.ma\/#\/schema\/logo\/image\/","url":"https:\/\/vitablanca.ma\/wp-content\/uploads\/2025\/05\/cropped-vitablanca.png","contentUrl":"https:\/\/vitablanca.ma\/wp-content\/uploads\/2025\/05\/cropped-vitablanca.png","width":360,"height":67,"caption":"VitaBlanca"},"image":{"@id":"https:\/\/vitablanca.ma\/#\/schema\/logo\/image\/"},"sameAs":["https:\/\/www.facebook.com\/profile.php?id=61576678196717","https:\/\/www.tiktok.com\/@vitablanca.ma","https:\/\/www.instagram.com\/vitablanca.ma\/"]}]}},"jetpack_sharing_enabled":true,"_links":{"self":[{"href":"https:\/\/vitablanca.ma\/en\/wp-json\/wp\/v2\/product\/22272","targetHints":{"allow":["GET"]}}],"collection":[{"href":"https:\/\/vitablanca.ma\/en\/wp-json\/wp\/v2\/product"}],"about":[{"href":"https:\/\/vitablanca.ma\/en\/wp-json\/wp\/v2\/types\/product"}],"wp:featuredmedia":[{"embeddable":true,"href":"https:\/\/vitablanca.ma\/en\/wp-json\/wp\/v2\/media\/22271"}],"wp:attachment":[{"href":"https:\/\/vitablanca.ma\/en\/wp-json\/wp\/v2\/media?parent=22272"}],"wp:term":[{"taxonomy":"product_brand","embeddable":true,"href":"https:\/\/vitablanca.ma\/en\/wp-json\/wp\/v2\/product_brand?post=22272"},{"taxonomy":"product_cat","embeddable":true,"href":"https:\/\/vitablanca.ma\/en\/wp-json\/wp\/v2\/product_cat?post=22272"},{"taxonomy":"product_tag","embeddable":true,"href":"https:\/\/vitablanca.ma\/en\/wp-json\/wp\/v2\/product_tag?post=22272"}],"curies":[{"name":"wp","href":"https:\/\/api.w.org\/{rel}","templated":true}]}}