{"id":22270,"date":"2025-06-11T21:54:23","date_gmt":"2025-06-11T21:54:23","guid":{"rendered":"https:\/\/vitablanca.ma\/product\/vitis-bain-de-bouche-anti-caries-500ml\/"},"modified":"2026-02-04T20:05:42","modified_gmt":"2026-02-04T20:05:42","slug":"vitis-bain-de-bouche-anti-caries-500ml","status":"publish","type":"product","link":"https:\/\/vitablanca.ma\/en\/product\/vitis-bain-de-bouche-anti-caries-500ml\/","title":{"rendered":"Vitis Anti-Cavity Mouthwash 500ml"},"content":{"rendered":"<h2><span data-mce-fragment=\"1\">Vitis Bain De Bouche Anti-Caries\u00a0pour pr\u00e9venir l\u2019apparition des caries \u00e0 trois niveaux.\u00a0<\/span><\/h2>\n<p><span data-mce-fragment=\"1\">Le bain de bouche VITIS anti caries est sp\u00e9cialement formul\u00e9 pour pr\u00e9venir l\u2019apparition des caries \u00e0 trois niveaux. Gr\u00e2ce \u00e0 sa triple action anticaries, et lorsqu\u2019il est associ\u00e9 au dentifrice VITIS anti caries, il r\u00e9pare, renforce et remin\u00e9ralise l\u2019\u00e9mail pour une pr\u00e9vention sup\u00e9rieure de la carie dentaire, et il prot\u00e8ge \u00e9galement contre l\u2019\u00e9rosion dentaire.<\/span><\/p>","protected":false},"excerpt":{"rendered":"<p>Vitis Bain De Bouche Anti-Caries\u00a0pour pr\u00e9venir l\u2019apparition des caries \u00e0 trois niveaux.\u00a0 Le bain de bouche VITIS anti caries est sp\u00e9cialement formul\u00e9 pour pr\u00e9venir l\u2019apparition des caries \u00e0 trois niveaux. Gr\u00e2ce \u00e0 sa triple action anticaries, et lorsqu\u2019il est associ\u00e9 au dentifrice VITIS anti caries, il r\u00e9pare, renforce et remin\u00e9ralise l\u2019\u00e9mail pour une pr\u00e9vention sup\u00e9rieure [&hellip;]<\/p>\n","protected":false},"featured_media":22269,"template":"","meta":{"om_disable_all_campaigns":false},"product_brand":[],"product_cat":[15],"product_tag":[7728,7727,7700,7726,6254,6255,7665,7657,6230,7643],"class_list":{"0":"post-22270","1":"product","2":"type-product","3":"status-publish","4":"has-post-thumbnail","6":"product_cat-beaute-sante-complements-alimentaires-soins-et-bien-etre-au-meilleur-prix","7":"product_tag-500-ml","8":"product_tag-bain-de-bouche-anti-caries","9":"product_tag-fluor","10":"product_tag-fraicheur-buccale","11":"product_tag-hygiene-bucco-dentaire","12":"product_tag-plaque-dentaire","13":"product_tag-prevention-caries","14":"product_tag-protection-email","15":"product_tag-soin-quotidien","16":"product_tag-vitis","18":"first","19":"instock","20":"sale","21":"taxable","22":"shipping-taxable","23":"purchasable","24":"product-type-simple"},"yoast_head":"<!-- This site is optimized with the Yoast SEO plugin v27.5 - https:\/\/yoast.com\/product\/yoast-seo-wordpress\/ -->\n<title>Vitis Bain De Bouche Anti-Caries 500ml - Maroc Prix<\/title>\n<meta name=\"description\" content=\"Le VITIS Bain de Bouche Anti-Caries 500 ml prot\u00e8ge efficacement l\u2019\u00e9mail, pr\u00e9vient les caries et maintient une hygi\u00e8ne bucco-dentaire compl\u00e8te et durable.\" \/>\n<meta name=\"robots\" content=\"index, follow, max-snippet:-1, max-image-preview:large, max-video-preview:-1\" \/>\n<link rel=\"canonical\" href=\"https:\/\/vitablanca.ma\/en\/product\/vitis-bain-de-bouche-anti-caries-500ml\/\" \/>\n<meta property=\"og:locale\" content=\"en_US\" \/>\n<meta property=\"og:type\" content=\"article\" \/>\n<meta property=\"og:title\" content=\"Vitis Bain De Bouche Anti-Caries 500ml - Maroc Prix\" \/>\n<meta property=\"og:description\" content=\"Le VITIS Bain de Bouche Anti-Caries 500 ml prot\u00e8ge efficacement l\u2019\u00e9mail, pr\u00e9vient les caries et maintient une hygi\u00e8ne bucco-dentaire compl\u00e8te et durable.\" \/>\n<meta property=\"og:url\" content=\"https:\/\/vitablanca.ma\/en\/product\/vitis-bain-de-bouche-anti-caries-500ml\/\" \/>\n<meta property=\"og:site_name\" content=\"Vitablanca.ma &ndash; Sant&eacute;, vitalit&eacute; et bien-&ecirc;tre pour tous les Marocains\" \/>\n<meta property=\"article:publisher\" content=\"https:\/\/www.facebook.com\/profile.php?id=61576678196717\" \/>\n<meta property=\"article:modified_time\" content=\"2026-02-04T20:05:42+00:00\" \/>\n<meta property=\"og:image\" content=\"https:\/\/vitablanca.ma\/wp-content\/uploads\/2025\/06\/Vitis-Bain-De-Bouche-Anti-Caries-500ml-nova-parapharmacie-maroc-1.jpg\" \/>\n\t<meta property=\"og:image:width\" content=\"1000\" \/>\n\t<meta property=\"og:image:height\" content=\"1000\" \/>\n\t<meta property=\"og:image:type\" content=\"image\/jpeg\" \/>\n<meta name=\"twitter:card\" content=\"summary_large_image\" \/>\n<meta name=\"twitter:label1\" content=\"Est. reading time\" \/>\n\t<meta name=\"twitter:data1\" content=\"1 minute\" \/>\n<script type=\"application\/ld+json\" class=\"yoast-schema-graph\">{\"@context\":\"https:\\\/\\\/schema.org\",\"@graph\":[{\"@type\":[\"WebPage\",\"ItemPage\"],\"@id\":\"https:\\\/\\\/vitablanca.ma\\\/produit\\\/vitis-bain-de-bouche-anti-caries-500ml\\\/\",\"url\":\"https:\\\/\\\/vitablanca.ma\\\/produit\\\/vitis-bain-de-bouche-anti-caries-500ml\\\/\",\"name\":\"Vitis Bain De Bouche Anti-Caries 500ml - Maroc Prix\",\"isPartOf\":{\"@id\":\"https:\\\/\\\/vitablanca.ma\\\/#website\"},\"primaryImageOfPage\":{\"@id\":\"https:\\\/\\\/vitablanca.ma\\\/produit\\\/vitis-bain-de-bouche-anti-caries-500ml\\\/#primaryimage\"},\"image\":{\"@id\":\"https:\\\/\\\/vitablanca.ma\\\/produit\\\/vitis-bain-de-bouche-anti-caries-500ml\\\/#primaryimage\"},\"thumbnailUrl\":\"https:\\\/\\\/vitablanca.ma\\\/wp-content\\\/uploads\\\/2025\\\/06\\\/Vitis-Bain-De-Bouche-Anti-Caries-500ml-nova-parapharmacie-maroc-1.jpg\",\"datePublished\":\"2025-06-11T21:54:23+00:00\",\"dateModified\":\"2026-02-04T20:05:42+00:00\",\"description\":\"Le VITIS Bain de Bouche Anti-Caries 500 ml prot\u00e8ge efficacement l\u2019\u00e9mail, pr\u00e9vient les caries et maintient une hygi\u00e8ne bucco-dentaire compl\u00e8te et durable.\",\"breadcrumb\":{\"@id\":\"https:\\\/\\\/vitablanca.ma\\\/produit\\\/vitis-bain-de-bouche-anti-caries-500ml\\\/#breadcrumb\"},\"inLanguage\":\"en-US\",\"potentialAction\":[{\"@type\":\"ReadAction\",\"target\":[\"https:\\\/\\\/vitablanca.ma\\\/produit\\\/vitis-bain-de-bouche-anti-caries-500ml\\\/\"]}]},{\"@type\":\"ImageObject\",\"inLanguage\":\"en-US\",\"@id\":\"https:\\\/\\\/vitablanca.ma\\\/produit\\\/vitis-bain-de-bouche-anti-caries-500ml\\\/#primaryimage\",\"url\":\"https:\\\/\\\/vitablanca.ma\\\/wp-content\\\/uploads\\\/2025\\\/06\\\/Vitis-Bain-De-Bouche-Anti-Caries-500ml-nova-parapharmacie-maroc-1.jpg\",\"contentUrl\":\"https:\\\/\\\/vitablanca.ma\\\/wp-content\\\/uploads\\\/2025\\\/06\\\/Vitis-Bain-De-Bouche-Anti-Caries-500ml-nova-parapharmacie-maroc-1.jpg\",\"width\":1000,\"height\":1000},{\"@type\":\"BreadcrumbList\",\"@id\":\"https:\\\/\\\/vitablanca.ma\\\/produit\\\/vitis-bain-de-bouche-anti-caries-500ml\\\/#breadcrumb\",\"itemListElement\":[{\"@type\":\"ListItem\",\"position\":1,\"name\":\"Home\",\"item\":\"https:\\\/\\\/vitablanca.ma\\\/\"},{\"@type\":\"ListItem\",\"position\":2,\"name\":\"Tous Les Produits\",\"item\":\"https:\\\/\\\/vitablanca.ma\\\/tous-les-produits\\\/\"},{\"@type\":\"ListItem\",\"position\":3,\"name\":\"Vitis Bain De Bouche Anti-Caries 500ml\"}]},{\"@type\":\"WebSite\",\"@id\":\"https:\\\/\\\/vitablanca.ma\\\/#website\",\"url\":\"https:\\\/\\\/vitablanca.ma\\\/\",\"name\":\"VitaBlanca.ma | Compl\u00e9ments alimentaires, sant\u00e9 & beaut\u00e9 au Maroc\",\"description\":\"vendre vitamines et compl\u00e9ments premium des USA &amp; Canada, Nouvelle Z\u00e9lande,Maroc (NOW Foods, Solgar, Manuka). Livraison rapide partout au Maroc.\",\"publisher\":{\"@id\":\"https:\\\/\\\/vitablanca.ma\\\/#organization\"},\"alternateName\":\"VitaBlanca.ma\",\"potentialAction\":[{\"@type\":\"SearchAction\",\"target\":{\"@type\":\"EntryPoint\",\"urlTemplate\":\"https:\\\/\\\/vitablanca.ma\\\/?s={search_term_string}\"},\"query-input\":{\"@type\":\"PropertyValueSpecification\",\"valueRequired\":true,\"valueName\":\"search_term_string\"}}],\"inLanguage\":\"en-US\"},{\"@type\":\"Organization\",\"@id\":\"https:\\\/\\\/vitablanca.ma\\\/#organization\",\"name\":\"VitaBlanca\",\"url\":\"https:\\\/\\\/vitablanca.ma\\\/\",\"logo\":{\"@type\":\"ImageObject\",\"inLanguage\":\"en-US\",\"@id\":\"https:\\\/\\\/vitablanca.ma\\\/#\\\/schema\\\/logo\\\/image\\\/\",\"url\":\"https:\\\/\\\/vitablanca.ma\\\/wp-content\\\/uploads\\\/2025\\\/05\\\/cropped-vitablanca.png\",\"contentUrl\":\"https:\\\/\\\/vitablanca.ma\\\/wp-content\\\/uploads\\\/2025\\\/05\\\/cropped-vitablanca.png\",\"width\":360,\"height\":67,\"caption\":\"VitaBlanca\"},\"image\":{\"@id\":\"https:\\\/\\\/vitablanca.ma\\\/#\\\/schema\\\/logo\\\/image\\\/\"},\"sameAs\":[\"https:\\\/\\\/www.facebook.com\\\/profile.php?id=61576678196717\",\"https:\\\/\\\/www.tiktok.com\\\/@vitablanca.ma\",\"https:\\\/\\\/www.instagram.com\\\/vitablanca.ma\\\/\"]}]}<\/script>\n<!-- \/ Yoast SEO plugin. -->","yoast_head_json":{"title":"Vitis Anti-Cavity Mouthwash 500ml - Morocco Price","description":"Le VITIS Bain de Bouche Anti-Caries 500 ml prot\u00e8ge efficacement l\u2019\u00e9mail, pr\u00e9vient les caries et maintient une hygi\u00e8ne bucco-dentaire compl\u00e8te et durable.","robots":{"index":"index","follow":"follow","max-snippet":"max-snippet:-1","max-image-preview":"max-image-preview:large","max-video-preview":"max-video-preview:-1"},"canonical":"https:\/\/vitablanca.ma\/en\/product\/vitis-bain-de-bouche-anti-caries-500ml\/","og_locale":"en_US","og_type":"article","og_title":"Vitis Bain De Bouche Anti-Caries 500ml - Maroc Prix","og_description":"Le VITIS Bain de Bouche Anti-Caries 500 ml prot\u00e8ge efficacement l\u2019\u00e9mail, pr\u00e9vient les caries et maintient une hygi\u00e8ne bucco-dentaire compl\u00e8te et durable.","og_url":"https:\/\/vitablanca.ma\/en\/product\/vitis-bain-de-bouche-anti-caries-500ml\/","og_site_name":"Vitablanca.ma &ndash; Sant&eacute;, vitalit&eacute; et bien-&ecirc;tre pour tous les Marocains","article_publisher":"https:\/\/www.facebook.com\/profile.php?id=61576678196717","article_modified_time":"2026-02-04T20:05:42+00:00","og_image":[{"width":1000,"height":1000,"url":"https:\/\/vitablanca.ma\/wp-content\/uploads\/2025\/06\/Vitis-Bain-De-Bouche-Anti-Caries-500ml-nova-parapharmacie-maroc-1.jpg","type":"image\/jpeg"}],"twitter_card":"summary_large_image","twitter_misc":{"Est. reading time":"1 minute"},"schema":{"@context":"https:\/\/schema.org","@graph":[{"@type":["WebPage","ItemPage"],"@id":"https:\/\/vitablanca.ma\/produit\/vitis-bain-de-bouche-anti-caries-500ml\/","url":"https:\/\/vitablanca.ma\/produit\/vitis-bain-de-bouche-anti-caries-500ml\/","name":"Vitis Anti-Cavity Mouthwash 500ml - Morocco Price","isPartOf":{"@id":"https:\/\/vitablanca.ma\/#website"},"primaryImageOfPage":{"@id":"https:\/\/vitablanca.ma\/produit\/vitis-bain-de-bouche-anti-caries-500ml\/#primaryimage"},"image":{"@id":"https:\/\/vitablanca.ma\/produit\/vitis-bain-de-bouche-anti-caries-500ml\/#primaryimage"},"thumbnailUrl":"https:\/\/vitablanca.ma\/wp-content\/uploads\/2025\/06\/Vitis-Bain-De-Bouche-Anti-Caries-500ml-nova-parapharmacie-maroc-1.jpg","datePublished":"2025-06-11T21:54:23+00:00","dateModified":"2026-02-04T20:05:42+00:00","description":"Le VITIS Bain de Bouche Anti-Caries 500 ml prot\u00e8ge efficacement l\u2019\u00e9mail, pr\u00e9vient les caries et maintient une hygi\u00e8ne bucco-dentaire compl\u00e8te et durable.","breadcrumb":{"@id":"https:\/\/vitablanca.ma\/produit\/vitis-bain-de-bouche-anti-caries-500ml\/#breadcrumb"},"inLanguage":"en-US","potentialAction":[{"@type":"ReadAction","target":["https:\/\/vitablanca.ma\/produit\/vitis-bain-de-bouche-anti-caries-500ml\/"]}]},{"@type":"ImageObject","inLanguage":"en-US","@id":"https:\/\/vitablanca.ma\/produit\/vitis-bain-de-bouche-anti-caries-500ml\/#primaryimage","url":"https:\/\/vitablanca.ma\/wp-content\/uploads\/2025\/06\/Vitis-Bain-De-Bouche-Anti-Caries-500ml-nova-parapharmacie-maroc-1.jpg","contentUrl":"https:\/\/vitablanca.ma\/wp-content\/uploads\/2025\/06\/Vitis-Bain-De-Bouche-Anti-Caries-500ml-nova-parapharmacie-maroc-1.jpg","width":1000,"height":1000},{"@type":"BreadcrumbList","@id":"https:\/\/vitablanca.ma\/produit\/vitis-bain-de-bouche-anti-caries-500ml\/#breadcrumb","itemListElement":[{"@type":"ListItem","position":1,"name":"Home","item":"https:\/\/vitablanca.ma\/"},{"@type":"ListItem","position":2,"name":"Tous Les Produits","item":"https:\/\/vitablanca.ma\/tous-les-produits\/"},{"@type":"ListItem","position":3,"name":"Vitis Bain De Bouche Anti-Caries 500ml"}]},{"@type":"WebSite","@id":"https:\/\/vitablanca.ma\/#website","url":"https:\/\/vitablanca.ma\/","name":"VitaBlanca.ma | Food supplements, health &amp; beauty in Morocco","description":"sell premium vitamins and supplements from USA &amp; Canada, New Zealand, Morocco (NOW Foods, Solgar, Manuka). Fast delivery anywhere in Morocco.","publisher":{"@id":"https:\/\/vitablanca.ma\/#organization"},"alternateName":"VitaBlanca.ma","potentialAction":[{"@type":"SearchAction","target":{"@type":"EntryPoint","urlTemplate":"https:\/\/vitablanca.ma\/?s={search_term_string}"},"query-input":{"@type":"PropertyValueSpecification","valueRequired":true,"valueName":"search_term_string"}}],"inLanguage":"en-US"},{"@type":"Organization","@id":"https:\/\/vitablanca.ma\/#organization","name":"VitaBlanca","url":"https:\/\/vitablanca.ma\/","logo":{"@type":"ImageObject","inLanguage":"en-US","@id":"https:\/\/vitablanca.ma\/#\/schema\/logo\/image\/","url":"https:\/\/vitablanca.ma\/wp-content\/uploads\/2025\/05\/cropped-vitablanca.png","contentUrl":"https:\/\/vitablanca.ma\/wp-content\/uploads\/2025\/05\/cropped-vitablanca.png","width":360,"height":67,"caption":"VitaBlanca"},"image":{"@id":"https:\/\/vitablanca.ma\/#\/schema\/logo\/image\/"},"sameAs":["https:\/\/www.facebook.com\/profile.php?id=61576678196717","https:\/\/www.tiktok.com\/@vitablanca.ma","https:\/\/www.instagram.com\/vitablanca.ma\/"]}]}},"jetpack_sharing_enabled":true,"_links":{"self":[{"href":"https:\/\/vitablanca.ma\/en\/wp-json\/wp\/v2\/product\/22270","targetHints":{"allow":["GET"]}}],"collection":[{"href":"https:\/\/vitablanca.ma\/en\/wp-json\/wp\/v2\/product"}],"about":[{"href":"https:\/\/vitablanca.ma\/en\/wp-json\/wp\/v2\/types\/product"}],"wp:featuredmedia":[{"embeddable":true,"href":"https:\/\/vitablanca.ma\/en\/wp-json\/wp\/v2\/media\/22269"}],"wp:attachment":[{"href":"https:\/\/vitablanca.ma\/en\/wp-json\/wp\/v2\/media?parent=22270"}],"wp:term":[{"taxonomy":"product_brand","embeddable":true,"href":"https:\/\/vitablanca.ma\/en\/wp-json\/wp\/v2\/product_brand?post=22270"},{"taxonomy":"product_cat","embeddable":true,"href":"https:\/\/vitablanca.ma\/en\/wp-json\/wp\/v2\/product_cat?post=22270"},{"taxonomy":"product_tag","embeddable":true,"href":"https:\/\/vitablanca.ma\/en\/wp-json\/wp\/v2\/product_tag?post=22270"}],"curies":[{"name":"wp","href":"https:\/\/api.w.org\/{rel}","templated":true}]}}