{"id":22263,"date":"2025-06-11T21:54:12","date_gmt":"2025-06-11T21:54:12","guid":{"rendered":"https:\/\/vitablanca.ma\/product\/vitis-dentifrice-orthodontic-100ml\/"},"modified":"2026-02-04T20:29:10","modified_gmt":"2026-02-04T20:29:10","slug":"vitis-dentifrice-orthodontic-100ml","status":"publish","type":"product","link":"https:\/\/vitablanca.ma\/en\/product\/vitis-dentifrice-orthodontic-100ml\/","title":{"rendered":"Vitis Orthodontic Toothpaste 100ml"},"content":{"rendered":"<h2>Vitis Orthodontic Toothpaste <span data-mce-fragment=\"1\">designed to protect the mouth and teeth against cavities<\/span><\/h2>\n<p>VITIS Orthodontic Toothpaste has been specially designed to protect the mouth and teeth against cavities, gum problems, and irritation of the cheeks, gums, and tongue associated with wearing braces. This pleasant apple-flavored toothpaste cares for and protects the soft tissues of the mouth, while helping to keep braces clean.<\/p>\n<ul>\n<li>Effective against cavities and dental plaque<\/li>\n<li>Strengthens tooth enamel<\/li>\n<li>Takes care of the soft tissues of the mouth<\/li>\n<li>The liquid structure of the toothpaste allows it to pass easily between all the elements of the appliance<\/li>\n<li>No bad breath due to plaque<\/li>\n<\/ul>\n<h3>Indication<\/h3>\n<section class=\"tabs-wrapper container-fluid extra-outer-padding\">\n<div class=\"tab-component\">\n<div class=\"vue-tabs-component\">\n<div class=\"tab-content text-formatted\" aria-labelledby=\"655\">\n<div class=\"tab-text container\">\n<p>Dentaid VITIS Orthodontic Toothpaste is indicated for patients wearing orthodontic appliances.<\/p>\n<\/div>\n<\/div>\n<\/div>\n<\/div>\n<\/section>","protected":false},"excerpt":{"rendered":"<p>Vitis Dentifrice Orthodontic con\u00e7u pour prot\u00e9ger la bouche et les dents contre les caries VITIS Orthodontic Dentifrice a \u00e9t\u00e9 sp\u00e9cialement con\u00e7u pour prot\u00e9ger la bouche et les dents contre les caries, les probl\u00e8mes gingivaux et les irritations des joues, des gencives et de la langue li\u00e9s au port d\u2019un appareil dentaire. Ce dentifrice \u00e0 l\u2019agr\u00e9able [&hellip;]<\/p>\n","protected":false},"featured_media":22262,"template":"","meta":{"om_disable_all_campaigns":false},"product_brand":[],"product_cat":[15],"product_tag":[6141,7706,7708,7731,7712,6254,7709,7707,7665,6257,6392,7643],"class_list":{"0":"post-22263","1":"product","2":"type-product","3":"status-publish","4":"has-post-thumbnail","6":"product_cat-beaute-sante-complements-alimentaires-soins-et-bien-etre-au-meilleur-prix","7":"product_tag-100-ml","8":"product_tag-appareil-dentaire","9":"product_tag-brackets","10":"product_tag-dentifrice-orthodontic","11":"product_tag-fils-dentaires","12":"product_tag-hygiene-bucco-dentaire","13":"product_tag-nettoyage-precis","14":"product_tag-orthodontie","15":"product_tag-prevention-caries","16":"product_tag-protection-gencives","17":"product_tag-usage-quotidien","18":"product_tag-vitis","20":"first","21":"instock","22":"sale","23":"taxable","24":"shipping-taxable","25":"purchasable","26":"product-type-simple"},"yoast_head":"<!-- This site is optimized with the Yoast SEO plugin v27.5 - https:\/\/yoast.com\/product\/yoast-seo-wordpress\/ -->\n<title>Vitis Dentifrice Orthodontic 100ml - Maroc Prix<\/title>\n<meta name=\"description\" content=\"Le VITIS Dentifrice Orthodontic 100 ml nettoie efficacement les dents et appareils dentaires, prot\u00e8ge l\u2019\u00e9mail et les gencives pour une hygi\u00e8ne bucco-dentaire .\" \/>\n<meta name=\"robots\" content=\"index, follow, max-snippet:-1, max-image-preview:large, max-video-preview:-1\" \/>\n<link rel=\"canonical\" href=\"https:\/\/vitablanca.ma\/en\/product\/vitis-dentifrice-orthodontic-100ml\/\" \/>\n<meta property=\"og:locale\" content=\"en_US\" \/>\n<meta property=\"og:type\" content=\"article\" \/>\n<meta property=\"og:title\" content=\"Vitis Dentifrice Orthodontic 100ml - Maroc Prix\" \/>\n<meta property=\"og:description\" content=\"Le VITIS Dentifrice Orthodontic 100 ml nettoie efficacement les dents et appareils dentaires, prot\u00e8ge l\u2019\u00e9mail et les gencives pour une hygi\u00e8ne bucco-dentaire .\" \/>\n<meta property=\"og:url\" content=\"https:\/\/vitablanca.ma\/en\/product\/vitis-dentifrice-orthodontic-100ml\/\" \/>\n<meta property=\"og:site_name\" content=\"Vitablanca.ma &ndash; Sant&eacute;, vitalit&eacute; et bien-&ecirc;tre pour tous les Marocains\" \/>\n<meta property=\"article:publisher\" content=\"https:\/\/www.facebook.com\/profile.php?id=61576678196717\" \/>\n<meta property=\"article:modified_time\" content=\"2026-02-04T20:29:10+00:00\" \/>\n<meta property=\"og:image\" content=\"https:\/\/vitablanca.ma\/wp-content\/uploads\/2025\/06\/Vitis-Dentifrice-Orthodontic-100ml-nova-parapharmacie-maroc-1.jpg\" \/>\n\t<meta property=\"og:image:width\" content=\"1000\" \/>\n\t<meta property=\"og:image:height\" content=\"1000\" \/>\n\t<meta property=\"og:image:type\" content=\"image\/jpeg\" \/>\n<meta name=\"twitter:card\" content=\"summary_large_image\" \/>\n<meta name=\"twitter:label1\" content=\"Est. reading time\" \/>\n\t<meta name=\"twitter:data1\" content=\"1 minute\" \/>\n<script type=\"application\/ld+json\" class=\"yoast-schema-graph\">{\"@context\":\"https:\\\/\\\/schema.org\",\"@graph\":[{\"@type\":[\"WebPage\",\"ItemPage\"],\"@id\":\"https:\\\/\\\/vitablanca.ma\\\/produit\\\/vitis-dentifrice-orthodontic-100ml\\\/\",\"url\":\"https:\\\/\\\/vitablanca.ma\\\/produit\\\/vitis-dentifrice-orthodontic-100ml\\\/\",\"name\":\"Vitis Dentifrice Orthodontic 100ml - Maroc Prix\",\"isPartOf\":{\"@id\":\"https:\\\/\\\/vitablanca.ma\\\/#website\"},\"primaryImageOfPage\":{\"@id\":\"https:\\\/\\\/vitablanca.ma\\\/produit\\\/vitis-dentifrice-orthodontic-100ml\\\/#primaryimage\"},\"image\":{\"@id\":\"https:\\\/\\\/vitablanca.ma\\\/produit\\\/vitis-dentifrice-orthodontic-100ml\\\/#primaryimage\"},\"thumbnailUrl\":\"https:\\\/\\\/vitablanca.ma\\\/wp-content\\\/uploads\\\/2025\\\/06\\\/Vitis-Dentifrice-Orthodontic-100ml-nova-parapharmacie-maroc-1.jpg\",\"datePublished\":\"2025-06-11T21:54:12+00:00\",\"dateModified\":\"2026-02-04T20:29:10+00:00\",\"description\":\"Le VITIS Dentifrice Orthodontic 100 ml nettoie efficacement les dents et appareils dentaires, prot\u00e8ge l\u2019\u00e9mail et les gencives pour une hygi\u00e8ne bucco-dentaire .\",\"breadcrumb\":{\"@id\":\"https:\\\/\\\/vitablanca.ma\\\/produit\\\/vitis-dentifrice-orthodontic-100ml\\\/#breadcrumb\"},\"inLanguage\":\"en-US\",\"potentialAction\":[{\"@type\":\"ReadAction\",\"target\":[\"https:\\\/\\\/vitablanca.ma\\\/produit\\\/vitis-dentifrice-orthodontic-100ml\\\/\"]}]},{\"@type\":\"ImageObject\",\"inLanguage\":\"en-US\",\"@id\":\"https:\\\/\\\/vitablanca.ma\\\/produit\\\/vitis-dentifrice-orthodontic-100ml\\\/#primaryimage\",\"url\":\"https:\\\/\\\/vitablanca.ma\\\/wp-content\\\/uploads\\\/2025\\\/06\\\/Vitis-Dentifrice-Orthodontic-100ml-nova-parapharmacie-maroc-1.jpg\",\"contentUrl\":\"https:\\\/\\\/vitablanca.ma\\\/wp-content\\\/uploads\\\/2025\\\/06\\\/Vitis-Dentifrice-Orthodontic-100ml-nova-parapharmacie-maroc-1.jpg\",\"width\":1000,\"height\":1000},{\"@type\":\"BreadcrumbList\",\"@id\":\"https:\\\/\\\/vitablanca.ma\\\/produit\\\/vitis-dentifrice-orthodontic-100ml\\\/#breadcrumb\",\"itemListElement\":[{\"@type\":\"ListItem\",\"position\":1,\"name\":\"Home\",\"item\":\"https:\\\/\\\/vitablanca.ma\\\/\"},{\"@type\":\"ListItem\",\"position\":2,\"name\":\"Tous Les Produits\",\"item\":\"https:\\\/\\\/vitablanca.ma\\\/tous-les-produits\\\/\"},{\"@type\":\"ListItem\",\"position\":3,\"name\":\"Vitis Dentifrice Orthodontic 100ml\"}]},{\"@type\":\"WebSite\",\"@id\":\"https:\\\/\\\/vitablanca.ma\\\/#website\",\"url\":\"https:\\\/\\\/vitablanca.ma\\\/\",\"name\":\"VitaBlanca.ma | Compl\u00e9ments alimentaires, sant\u00e9 & beaut\u00e9 au Maroc\",\"description\":\"vendre vitamines et compl\u00e9ments premium des USA &amp; Canada, Nouvelle Z\u00e9lande,Maroc (NOW Foods, Solgar, Manuka). Livraison rapide partout au Maroc.\",\"publisher\":{\"@id\":\"https:\\\/\\\/vitablanca.ma\\\/#organization\"},\"alternateName\":\"VitaBlanca.ma\",\"potentialAction\":[{\"@type\":\"SearchAction\",\"target\":{\"@type\":\"EntryPoint\",\"urlTemplate\":\"https:\\\/\\\/vitablanca.ma\\\/?s={search_term_string}\"},\"query-input\":{\"@type\":\"PropertyValueSpecification\",\"valueRequired\":true,\"valueName\":\"search_term_string\"}}],\"inLanguage\":\"en-US\"},{\"@type\":\"Organization\",\"@id\":\"https:\\\/\\\/vitablanca.ma\\\/#organization\",\"name\":\"VitaBlanca\",\"url\":\"https:\\\/\\\/vitablanca.ma\\\/\",\"logo\":{\"@type\":\"ImageObject\",\"inLanguage\":\"en-US\",\"@id\":\"https:\\\/\\\/vitablanca.ma\\\/#\\\/schema\\\/logo\\\/image\\\/\",\"url\":\"https:\\\/\\\/vitablanca.ma\\\/wp-content\\\/uploads\\\/2025\\\/05\\\/cropped-vitablanca.png\",\"contentUrl\":\"https:\\\/\\\/vitablanca.ma\\\/wp-content\\\/uploads\\\/2025\\\/05\\\/cropped-vitablanca.png\",\"width\":360,\"height\":67,\"caption\":\"VitaBlanca\"},\"image\":{\"@id\":\"https:\\\/\\\/vitablanca.ma\\\/#\\\/schema\\\/logo\\\/image\\\/\"},\"sameAs\":[\"https:\\\/\\\/www.facebook.com\\\/profile.php?id=61576678196717\",\"https:\\\/\\\/www.tiktok.com\\\/@vitablanca.ma\",\"https:\\\/\\\/www.instagram.com\\\/vitablanca.ma\\\/\"]}]}<\/script>\n<!-- \/ Yoast SEO plugin. -->","yoast_head_json":{"title":"Vitis Orthodontic Toothpaste 100ml - Morocco Price","description":"Le VITIS Dentifrice Orthodontic 100 ml nettoie efficacement les dents et appareils dentaires, prot\u00e8ge l\u2019\u00e9mail et les gencives pour une hygi\u00e8ne bucco-dentaire .","robots":{"index":"index","follow":"follow","max-snippet":"max-snippet:-1","max-image-preview":"max-image-preview:large","max-video-preview":"max-video-preview:-1"},"canonical":"https:\/\/vitablanca.ma\/en\/product\/vitis-dentifrice-orthodontic-100ml\/","og_locale":"en_US","og_type":"article","og_title":"Vitis Dentifrice Orthodontic 100ml - Maroc Prix","og_description":"Le VITIS Dentifrice Orthodontic 100 ml nettoie efficacement les dents et appareils dentaires, prot\u00e8ge l\u2019\u00e9mail et les gencives pour une hygi\u00e8ne bucco-dentaire .","og_url":"https:\/\/vitablanca.ma\/en\/product\/vitis-dentifrice-orthodontic-100ml\/","og_site_name":"Vitablanca.ma &ndash; Sant&eacute;, vitalit&eacute; et bien-&ecirc;tre pour tous les Marocains","article_publisher":"https:\/\/www.facebook.com\/profile.php?id=61576678196717","article_modified_time":"2026-02-04T20:29:10+00:00","og_image":[{"width":1000,"height":1000,"url":"https:\/\/vitablanca.ma\/wp-content\/uploads\/2025\/06\/Vitis-Dentifrice-Orthodontic-100ml-nova-parapharmacie-maroc-1.jpg","type":"image\/jpeg"}],"twitter_card":"summary_large_image","twitter_misc":{"Est. reading time":"1 minute"},"schema":{"@context":"https:\/\/schema.org","@graph":[{"@type":["WebPage","ItemPage"],"@id":"https:\/\/vitablanca.ma\/produit\/vitis-dentifrice-orthodontic-100ml\/","url":"https:\/\/vitablanca.ma\/produit\/vitis-dentifrice-orthodontic-100ml\/","name":"Vitis Orthodontic Toothpaste 100ml - Morocco Price","isPartOf":{"@id":"https:\/\/vitablanca.ma\/#website"},"primaryImageOfPage":{"@id":"https:\/\/vitablanca.ma\/produit\/vitis-dentifrice-orthodontic-100ml\/#primaryimage"},"image":{"@id":"https:\/\/vitablanca.ma\/produit\/vitis-dentifrice-orthodontic-100ml\/#primaryimage"},"thumbnailUrl":"https:\/\/vitablanca.ma\/wp-content\/uploads\/2025\/06\/Vitis-Dentifrice-Orthodontic-100ml-nova-parapharmacie-maroc-1.jpg","datePublished":"2025-06-11T21:54:12+00:00","dateModified":"2026-02-04T20:29:10+00:00","description":"Le VITIS Dentifrice Orthodontic 100 ml nettoie efficacement les dents et appareils dentaires, prot\u00e8ge l\u2019\u00e9mail et les gencives pour une hygi\u00e8ne bucco-dentaire .","breadcrumb":{"@id":"https:\/\/vitablanca.ma\/produit\/vitis-dentifrice-orthodontic-100ml\/#breadcrumb"},"inLanguage":"en-US","potentialAction":[{"@type":"ReadAction","target":["https:\/\/vitablanca.ma\/produit\/vitis-dentifrice-orthodontic-100ml\/"]}]},{"@type":"ImageObject","inLanguage":"en-US","@id":"https:\/\/vitablanca.ma\/produit\/vitis-dentifrice-orthodontic-100ml\/#primaryimage","url":"https:\/\/vitablanca.ma\/wp-content\/uploads\/2025\/06\/Vitis-Dentifrice-Orthodontic-100ml-nova-parapharmacie-maroc-1.jpg","contentUrl":"https:\/\/vitablanca.ma\/wp-content\/uploads\/2025\/06\/Vitis-Dentifrice-Orthodontic-100ml-nova-parapharmacie-maroc-1.jpg","width":1000,"height":1000},{"@type":"BreadcrumbList","@id":"https:\/\/vitablanca.ma\/produit\/vitis-dentifrice-orthodontic-100ml\/#breadcrumb","itemListElement":[{"@type":"ListItem","position":1,"name":"Home","item":"https:\/\/vitablanca.ma\/"},{"@type":"ListItem","position":2,"name":"Tous Les Produits","item":"https:\/\/vitablanca.ma\/tous-les-produits\/"},{"@type":"ListItem","position":3,"name":"Vitis Dentifrice Orthodontic 100ml"}]},{"@type":"WebSite","@id":"https:\/\/vitablanca.ma\/#website","url":"https:\/\/vitablanca.ma\/","name":"VitaBlanca.ma | Food supplements, health &amp; beauty in Morocco","description":"sell premium vitamins and supplements from USA &amp; Canada, New Zealand, Morocco (NOW Foods, Solgar, Manuka). Fast delivery anywhere in Morocco.","publisher":{"@id":"https:\/\/vitablanca.ma\/#organization"},"alternateName":"VitaBlanca.ma","potentialAction":[{"@type":"SearchAction","target":{"@type":"EntryPoint","urlTemplate":"https:\/\/vitablanca.ma\/?s={search_term_string}"},"query-input":{"@type":"PropertyValueSpecification","valueRequired":true,"valueName":"search_term_string"}}],"inLanguage":"en-US"},{"@type":"Organization","@id":"https:\/\/vitablanca.ma\/#organization","name":"VitaBlanca","url":"https:\/\/vitablanca.ma\/","logo":{"@type":"ImageObject","inLanguage":"en-US","@id":"https:\/\/vitablanca.ma\/#\/schema\/logo\/image\/","url":"https:\/\/vitablanca.ma\/wp-content\/uploads\/2025\/05\/cropped-vitablanca.png","contentUrl":"https:\/\/vitablanca.ma\/wp-content\/uploads\/2025\/05\/cropped-vitablanca.png","width":360,"height":67,"caption":"VitaBlanca"},"image":{"@id":"https:\/\/vitablanca.ma\/#\/schema\/logo\/image\/"},"sameAs":["https:\/\/www.facebook.com\/profile.php?id=61576678196717","https:\/\/www.tiktok.com\/@vitablanca.ma","https:\/\/www.instagram.com\/vitablanca.ma\/"]}]}},"jetpack_sharing_enabled":true,"_links":{"self":[{"href":"https:\/\/vitablanca.ma\/en\/wp-json\/wp\/v2\/product\/22263","targetHints":{"allow":["GET"]}}],"collection":[{"href":"https:\/\/vitablanca.ma\/en\/wp-json\/wp\/v2\/product"}],"about":[{"href":"https:\/\/vitablanca.ma\/en\/wp-json\/wp\/v2\/types\/product"}],"wp:featuredmedia":[{"embeddable":true,"href":"https:\/\/vitablanca.ma\/en\/wp-json\/wp\/v2\/media\/22262"}],"wp:attachment":[{"href":"https:\/\/vitablanca.ma\/en\/wp-json\/wp\/v2\/media?parent=22263"}],"wp:term":[{"taxonomy":"product_brand","embeddable":true,"href":"https:\/\/vitablanca.ma\/en\/wp-json\/wp\/v2\/product_brand?post=22263"},{"taxonomy":"product_cat","embeddable":true,"href":"https:\/\/vitablanca.ma\/en\/wp-json\/wp\/v2\/product_cat?post=22263"},{"taxonomy":"product_tag","embeddable":true,"href":"https:\/\/vitablanca.ma\/en\/wp-json\/wp\/v2\/product_tag?post=22263"}],"curies":[{"name":"wp","href":"https:\/\/api.w.org\/{rel}","templated":true}]}}