{"id":22260,"date":"2025-06-11T21:54:08","date_gmt":"2025-06-11T21:54:08","guid":{"rendered":"https:\/\/vitablanca.ma\/product\/vitis-dentifrice-anticaries-100ml\/"},"modified":"2026-02-04T20:35:14","modified_gmt":"2026-02-04T20:35:14","slug":"vitis-dentifrice-anticaries-100ml","status":"publish","type":"product","link":"https:\/\/vitablanca.ma\/en\/product\/vitis-dentifrice-anticaries-100ml\/","title":{"rendered":"Vitis Anti-Caries Toothpaste 100ml"},"content":{"rendered":"<h2 data-mce-fragment=\"1\">Vitis Anticavity Toothpaste <span data-mce-fragment=\"1\">\u00a0restores, strengthens and remineralizes tooth enamel.\u00a0<\/span><\/h2>\n<p data-mce-fragment=\"1\">VITIS Anticaries toothpaste is an optimal daily oral hygiene aid in the fight against cavities. VITIS Anticaries restores, strengthens, and remineralizes tooth enamel. VITIS Anticaries fills in irregularities on the tooth surface and forms a protective layer that protects your teeth from acid attacks.<\/p>\n<p data-mce-fragment=\"1\"><strong data-mce-fragment=\"1\">Stable integration into tooth enamel<\/strong><\/p>\n<ul data-mce-fragment=\"1\">\n<li data-mce-fragment=\"1\">Repairs irregularities and cracks on the tooth surface from the inside<\/li>\n<li data-mce-fragment=\"1\">Strengthens demineralized tooth enamel<\/li>\n<li data-mce-fragment=\"1\">Form a protective layer that resists acid attacks<\/li>\n<li data-mce-fragment=\"1\">Combined with fluoride, they form fluorapatite crystals which dissolve less quickly in contact with acids than hydroxyapatite. Teeth are therefore better protected against acid attacks.<\/li>\n<\/ul>\n<p data-mce-fragment=\"1\"><strong data-mce-fragment=\"1\">Fluoride<\/strong><\/p>\n<ul data-mce-fragment=\"1\">\n<li data-mce-fragment=\"1\">Promotes remineralization of tooth enamel<\/li>\n<li data-mce-fragment=\"1\">Combined with fluoride, hydroxyapatite particles form fluorapatite crystals. Tooth enamel is strengthened and better resists erosion.<\/li>\n<\/ul>\n<p data-mce-fragment=\"1\"><strong data-mce-fragment=\"1\">Xylitol<\/strong><\/p>\n<ul data-mce-fragment=\"1\">\n<li data-mce-fragment=\"1\">Anti-caries action: prevents the formation of oral biofilm<\/li>\n<li data-mce-fragment=\"1\">Reduces acid production<\/li>\n<li data-mce-fragment=\"1\">Remineralizing action: neutralizes the pH in the mouth by stimulating saliva production<\/li>\n<\/ul>\n<h3>Indication<\/h3>\n<ul>\n<li>To prevent cavities as part of patients&#039; daily oral hygiene.<\/li>\n<li>For people with increased caries activity, as a preventative measure.<\/li>\n<\/ul>","protected":false},"excerpt":{"rendered":"<p>Vitis Dentifrice Anticaries \u00a0restaure, renforce et remin\u00e9ralise l\u2019\u00e9mail dentaire.\u00a0 Le dentifrice VITIS Anticaries est un adjuvant quotidien optimal \u00e0 l\u2019hygi\u00e8ne buccodentaire dans la lutte contre les caries. VITIS Anticaries restaure, renforce et remin\u00e9ralise l\u2019\u00e9mail dentaire. VITIS Anticaries comble les irr\u00e9gularit\u00e9s de la surface dentaire et forme une couche protectrice qui prot\u00e8ge vos dents contre les [&hellip;]<\/p>\n","protected":false},"featured_media":22258,"template":"","meta":{"om_disable_all_campaigns":false},"product_brand":[],"product_cat":[15],"product_tag":[6141,7733,7732,7700,6254,6255,7665,7657,7699,6392,7643],"class_list":{"0":"post-22260","1":"product","2":"type-product","3":"status-publish","4":"has-post-thumbnail","6":"product_cat-beaute-sante-complements-alimentaires-soins-et-bien-etre-au-meilleur-prix","7":"product_tag-100-ml","8":"product_tag-bouche-fraiche","9":"product_tag-dentifrice-anti-caries","10":"product_tag-fluor","11":"product_tag-hygiene-bucco-dentaire","12":"product_tag-plaque-dentaire","13":"product_tag-prevention-caries","14":"product_tag-protection-email","15":"product_tag-soin-gencives","16":"product_tag-usage-quotidien","17":"product_tag-vitis","19":"first","20":"instock","21":"sale","22":"taxable","23":"shipping-taxable","24":"purchasable","25":"product-type-simple"},"yoast_head":"<!-- This site is optimized with the Yoast SEO plugin v27.4 - https:\/\/yoast.com\/product\/yoast-seo-wordpress\/ -->\n<title>Vitis Dentifrice Anticaries 100ml - Maroc Prix<\/title>\n<meta name=\"description\" content=\"Le VITIS Dentifrice Anti-Caries 100 ml prot\u00e8ge efficacement l\u2019\u00e9mail, pr\u00e9vient la formation des caries et assure une hygi\u00e8ne bucco-dentaire compl\u00e8te\" \/>\n<meta name=\"robots\" content=\"index, follow, max-snippet:-1, max-image-preview:large, max-video-preview:-1\" \/>\n<link rel=\"canonical\" href=\"https:\/\/vitablanca.ma\/en\/product\/vitis-dentifrice-anticaries-100ml\/\" \/>\n<meta property=\"og:locale\" content=\"en_US\" \/>\n<meta property=\"og:type\" content=\"article\" \/>\n<meta property=\"og:title\" content=\"Vitis Dentifrice Anticaries 100ml - Maroc Prix\" \/>\n<meta property=\"og:description\" content=\"Le VITIS Dentifrice Anti-Caries 100 ml prot\u00e8ge efficacement l\u2019\u00e9mail, pr\u00e9vient la formation des caries et assure une hygi\u00e8ne bucco-dentaire compl\u00e8te\" \/>\n<meta property=\"og:url\" content=\"https:\/\/vitablanca.ma\/en\/product\/vitis-dentifrice-anticaries-100ml\/\" \/>\n<meta property=\"og:site_name\" content=\"Vitablanca.ma &ndash; Sant&eacute;, vitalit&eacute; et bien-&ecirc;tre pour tous les Marocains\" \/>\n<meta property=\"article:publisher\" content=\"https:\/\/www.facebook.com\/profile.php?id=61576678196717\" \/>\n<meta property=\"article:modified_time\" content=\"2026-02-04T20:35:14+00:00\" \/>\n<meta property=\"og:image\" content=\"https:\/\/vitablanca.ma\/wp-content\/uploads\/2025\/06\/Vitis-Dentifrice-Anticaries-nova-parapharmacie-maroc-1.jpg\" \/>\n\t<meta property=\"og:image:width\" content=\"1000\" \/>\n\t<meta property=\"og:image:height\" content=\"1000\" \/>\n\t<meta property=\"og:image:type\" content=\"image\/jpeg\" \/>\n<meta name=\"twitter:card\" content=\"summary_large_image\" \/>\n<meta name=\"twitter:label1\" content=\"Est. reading time\" \/>\n\t<meta name=\"twitter:data1\" content=\"2 minutes\" \/>\n<script type=\"application\/ld+json\" class=\"yoast-schema-graph\">{\"@context\":\"https:\\\/\\\/schema.org\",\"@graph\":[{\"@type\":[\"WebPage\",\"ItemPage\"],\"@id\":\"https:\\\/\\\/vitablanca.ma\\\/produit\\\/vitis-dentifrice-anticaries-100ml\\\/\",\"url\":\"https:\\\/\\\/vitablanca.ma\\\/produit\\\/vitis-dentifrice-anticaries-100ml\\\/\",\"name\":\"Vitis Dentifrice Anticaries 100ml - Maroc Prix\",\"isPartOf\":{\"@id\":\"https:\\\/\\\/vitablanca.ma\\\/#website\"},\"primaryImageOfPage\":{\"@id\":\"https:\\\/\\\/vitablanca.ma\\\/produit\\\/vitis-dentifrice-anticaries-100ml\\\/#primaryimage\"},\"image\":{\"@id\":\"https:\\\/\\\/vitablanca.ma\\\/produit\\\/vitis-dentifrice-anticaries-100ml\\\/#primaryimage\"},\"thumbnailUrl\":\"https:\\\/\\\/vitablanca.ma\\\/wp-content\\\/uploads\\\/2025\\\/06\\\/Vitis-Dentifrice-Anticaries-nova-parapharmacie-maroc-1.jpg\",\"datePublished\":\"2025-06-11T21:54:08+00:00\",\"dateModified\":\"2026-02-04T20:35:14+00:00\",\"description\":\"Le VITIS Dentifrice Anti-Caries 100 ml prot\u00e8ge efficacement l\u2019\u00e9mail, pr\u00e9vient la formation des caries et assure une hygi\u00e8ne bucco-dentaire compl\u00e8te\",\"breadcrumb\":{\"@id\":\"https:\\\/\\\/vitablanca.ma\\\/produit\\\/vitis-dentifrice-anticaries-100ml\\\/#breadcrumb\"},\"inLanguage\":\"en-US\",\"potentialAction\":[{\"@type\":\"ReadAction\",\"target\":[\"https:\\\/\\\/vitablanca.ma\\\/produit\\\/vitis-dentifrice-anticaries-100ml\\\/\"]}]},{\"@type\":\"ImageObject\",\"inLanguage\":\"en-US\",\"@id\":\"https:\\\/\\\/vitablanca.ma\\\/produit\\\/vitis-dentifrice-anticaries-100ml\\\/#primaryimage\",\"url\":\"https:\\\/\\\/vitablanca.ma\\\/wp-content\\\/uploads\\\/2025\\\/06\\\/Vitis-Dentifrice-Anticaries-nova-parapharmacie-maroc-1.jpg\",\"contentUrl\":\"https:\\\/\\\/vitablanca.ma\\\/wp-content\\\/uploads\\\/2025\\\/06\\\/Vitis-Dentifrice-Anticaries-nova-parapharmacie-maroc-1.jpg\",\"width\":1000,\"height\":1000},{\"@type\":\"BreadcrumbList\",\"@id\":\"https:\\\/\\\/vitablanca.ma\\\/produit\\\/vitis-dentifrice-anticaries-100ml\\\/#breadcrumb\",\"itemListElement\":[{\"@type\":\"ListItem\",\"position\":1,\"name\":\"Home\",\"item\":\"https:\\\/\\\/vitablanca.ma\\\/\"},{\"@type\":\"ListItem\",\"position\":2,\"name\":\"Tous Les Produits\",\"item\":\"https:\\\/\\\/vitablanca.ma\\\/tous-les-produits\\\/\"},{\"@type\":\"ListItem\",\"position\":3,\"name\":\"Vitis Dentifrice Anticaries 100ml\"}]},{\"@type\":\"WebSite\",\"@id\":\"https:\\\/\\\/vitablanca.ma\\\/#website\",\"url\":\"https:\\\/\\\/vitablanca.ma\\\/\",\"name\":\"VitaBlanca.ma | Compl\u00e9ments alimentaires, sant\u00e9 & beaut\u00e9 au Maroc\",\"description\":\"vendre vitamines et compl\u00e9ments premium des USA &amp; Canada, Nouvelle Z\u00e9lande,Maroc (NOW Foods, Solgar, Manuka). Livraison rapide partout au Maroc.\",\"publisher\":{\"@id\":\"https:\\\/\\\/vitablanca.ma\\\/#organization\"},\"alternateName\":\"VitaBlanca.ma\",\"potentialAction\":[{\"@type\":\"SearchAction\",\"target\":{\"@type\":\"EntryPoint\",\"urlTemplate\":\"https:\\\/\\\/vitablanca.ma\\\/?s={search_term_string}\"},\"query-input\":{\"@type\":\"PropertyValueSpecification\",\"valueRequired\":true,\"valueName\":\"search_term_string\"}}],\"inLanguage\":\"en-US\"},{\"@type\":\"Organization\",\"@id\":\"https:\\\/\\\/vitablanca.ma\\\/#organization\",\"name\":\"VitaBlanca\",\"url\":\"https:\\\/\\\/vitablanca.ma\\\/\",\"logo\":{\"@type\":\"ImageObject\",\"inLanguage\":\"en-US\",\"@id\":\"https:\\\/\\\/vitablanca.ma\\\/#\\\/schema\\\/logo\\\/image\\\/\",\"url\":\"https:\\\/\\\/vitablanca.ma\\\/wp-content\\\/uploads\\\/2025\\\/05\\\/cropped-vitablanca.png\",\"contentUrl\":\"https:\\\/\\\/vitablanca.ma\\\/wp-content\\\/uploads\\\/2025\\\/05\\\/cropped-vitablanca.png\",\"width\":360,\"height\":67,\"caption\":\"VitaBlanca\"},\"image\":{\"@id\":\"https:\\\/\\\/vitablanca.ma\\\/#\\\/schema\\\/logo\\\/image\\\/\"},\"sameAs\":[\"https:\\\/\\\/www.facebook.com\\\/profile.php?id=61576678196717\",\"https:\\\/\\\/www.tiktok.com\\\/@vitablanca.ma\",\"https:\\\/\\\/www.instagram.com\\\/vitablanca.ma\\\/\"]}]}<\/script>\n<!-- \/ Yoast SEO plugin. -->","yoast_head_json":{"title":"Vitis Anticavity Toothpaste 100ml - Morocco Price","description":"Le VITIS Dentifrice Anti-Caries 100 ml prot\u00e8ge efficacement l\u2019\u00e9mail, pr\u00e9vient la formation des caries et assure une hygi\u00e8ne bucco-dentaire compl\u00e8te","robots":{"index":"index","follow":"follow","max-snippet":"max-snippet:-1","max-image-preview":"max-image-preview:large","max-video-preview":"max-video-preview:-1"},"canonical":"https:\/\/vitablanca.ma\/en\/product\/vitis-dentifrice-anticaries-100ml\/","og_locale":"en_US","og_type":"article","og_title":"Vitis Dentifrice Anticaries 100ml - Maroc Prix","og_description":"Le VITIS Dentifrice Anti-Caries 100 ml prot\u00e8ge efficacement l\u2019\u00e9mail, pr\u00e9vient la formation des caries et assure une hygi\u00e8ne bucco-dentaire compl\u00e8te","og_url":"https:\/\/vitablanca.ma\/en\/product\/vitis-dentifrice-anticaries-100ml\/","og_site_name":"Vitablanca.ma &ndash; Sant&eacute;, vitalit&eacute; et bien-&ecirc;tre pour tous les Marocains","article_publisher":"https:\/\/www.facebook.com\/profile.php?id=61576678196717","article_modified_time":"2026-02-04T20:35:14+00:00","og_image":[{"width":1000,"height":1000,"url":"https:\/\/vitablanca.ma\/wp-content\/uploads\/2025\/06\/Vitis-Dentifrice-Anticaries-nova-parapharmacie-maroc-1.jpg","type":"image\/jpeg"}],"twitter_card":"summary_large_image","twitter_misc":{"Est. reading time":"2 minutes"},"schema":{"@context":"https:\/\/schema.org","@graph":[{"@type":["WebPage","ItemPage"],"@id":"https:\/\/vitablanca.ma\/produit\/vitis-dentifrice-anticaries-100ml\/","url":"https:\/\/vitablanca.ma\/produit\/vitis-dentifrice-anticaries-100ml\/","name":"Vitis Anticavity Toothpaste 100ml - Morocco Price","isPartOf":{"@id":"https:\/\/vitablanca.ma\/#website"},"primaryImageOfPage":{"@id":"https:\/\/vitablanca.ma\/produit\/vitis-dentifrice-anticaries-100ml\/#primaryimage"},"image":{"@id":"https:\/\/vitablanca.ma\/produit\/vitis-dentifrice-anticaries-100ml\/#primaryimage"},"thumbnailUrl":"https:\/\/vitablanca.ma\/wp-content\/uploads\/2025\/06\/Vitis-Dentifrice-Anticaries-nova-parapharmacie-maroc-1.jpg","datePublished":"2025-06-11T21:54:08+00:00","dateModified":"2026-02-04T20:35:14+00:00","description":"Le VITIS Dentifrice Anti-Caries 100 ml prot\u00e8ge efficacement l\u2019\u00e9mail, pr\u00e9vient la formation des caries et assure une hygi\u00e8ne bucco-dentaire compl\u00e8te","breadcrumb":{"@id":"https:\/\/vitablanca.ma\/produit\/vitis-dentifrice-anticaries-100ml\/#breadcrumb"},"inLanguage":"en-US","potentialAction":[{"@type":"ReadAction","target":["https:\/\/vitablanca.ma\/produit\/vitis-dentifrice-anticaries-100ml\/"]}]},{"@type":"ImageObject","inLanguage":"en-US","@id":"https:\/\/vitablanca.ma\/produit\/vitis-dentifrice-anticaries-100ml\/#primaryimage","url":"https:\/\/vitablanca.ma\/wp-content\/uploads\/2025\/06\/Vitis-Dentifrice-Anticaries-nova-parapharmacie-maroc-1.jpg","contentUrl":"https:\/\/vitablanca.ma\/wp-content\/uploads\/2025\/06\/Vitis-Dentifrice-Anticaries-nova-parapharmacie-maroc-1.jpg","width":1000,"height":1000},{"@type":"BreadcrumbList","@id":"https:\/\/vitablanca.ma\/produit\/vitis-dentifrice-anticaries-100ml\/#breadcrumb","itemListElement":[{"@type":"ListItem","position":1,"name":"Home","item":"https:\/\/vitablanca.ma\/"},{"@type":"ListItem","position":2,"name":"Tous Les Produits","item":"https:\/\/vitablanca.ma\/tous-les-produits\/"},{"@type":"ListItem","position":3,"name":"Vitis Dentifrice Anticaries 100ml"}]},{"@type":"WebSite","@id":"https:\/\/vitablanca.ma\/#website","url":"https:\/\/vitablanca.ma\/","name":"VitaBlanca.ma | Food supplements, health &amp; beauty in Morocco","description":"sell premium vitamins and supplements from USA &amp; Canada, New Zealand, Morocco (NOW Foods, Solgar, Manuka). Fast delivery anywhere in Morocco.","publisher":{"@id":"https:\/\/vitablanca.ma\/#organization"},"alternateName":"VitaBlanca.ma","potentialAction":[{"@type":"SearchAction","target":{"@type":"EntryPoint","urlTemplate":"https:\/\/vitablanca.ma\/?s={search_term_string}"},"query-input":{"@type":"PropertyValueSpecification","valueRequired":true,"valueName":"search_term_string"}}],"inLanguage":"en-US"},{"@type":"Organization","@id":"https:\/\/vitablanca.ma\/#organization","name":"VitaBlanca","url":"https:\/\/vitablanca.ma\/","logo":{"@type":"ImageObject","inLanguage":"en-US","@id":"https:\/\/vitablanca.ma\/#\/schema\/logo\/image\/","url":"https:\/\/vitablanca.ma\/wp-content\/uploads\/2025\/05\/cropped-vitablanca.png","contentUrl":"https:\/\/vitablanca.ma\/wp-content\/uploads\/2025\/05\/cropped-vitablanca.png","width":360,"height":67,"caption":"VitaBlanca"},"image":{"@id":"https:\/\/vitablanca.ma\/#\/schema\/logo\/image\/"},"sameAs":["https:\/\/www.facebook.com\/profile.php?id=61576678196717","https:\/\/www.tiktok.com\/@vitablanca.ma","https:\/\/www.instagram.com\/vitablanca.ma\/"]}]}},"jetpack_sharing_enabled":true,"_links":{"self":[{"href":"https:\/\/vitablanca.ma\/en\/wp-json\/wp\/v2\/product\/22260","targetHints":{"allow":["GET"]}}],"collection":[{"href":"https:\/\/vitablanca.ma\/en\/wp-json\/wp\/v2\/product"}],"about":[{"href":"https:\/\/vitablanca.ma\/en\/wp-json\/wp\/v2\/types\/product"}],"wp:featuredmedia":[{"embeddable":true,"href":"https:\/\/vitablanca.ma\/en\/wp-json\/wp\/v2\/media\/22258"}],"wp:attachment":[{"href":"https:\/\/vitablanca.ma\/en\/wp-json\/wp\/v2\/media?parent=22260"}],"wp:term":[{"taxonomy":"product_brand","embeddable":true,"href":"https:\/\/vitablanca.ma\/en\/wp-json\/wp\/v2\/product_brand?post=22260"},{"taxonomy":"product_cat","embeddable":true,"href":"https:\/\/vitablanca.ma\/en\/wp-json\/wp\/v2\/product_cat?post=22260"},{"taxonomy":"product_tag","embeddable":true,"href":"https:\/\/vitablanca.ma\/en\/wp-json\/wp\/v2\/product_tag?post=22260"}],"curies":[{"name":"wp","href":"https:\/\/api.w.org\/{rel}","templated":true}]}}