{"id":22171,"date":"2025-06-11T21:48:03","date_gmt":"2025-06-11T21:48:03","guid":{"rendered":"https:\/\/vitablanca.ma\/product\/spirit-levure-de-biere-120-gelules\/"},"modified":"2026-02-04T20:59:02","modified_gmt":"2026-02-04T20:59:02","slug":"spirit-levure-de-biere-120-gelules","status":"publish","type":"product","link":"https:\/\/vitablanca.ma\/en\/product\/spirit-levure-de-biere-120-gelules\/","title":{"rendered":"Spirit Brewer&#039;s Yeast 120 Capsules"},"content":{"rendered":"<h2><span data-mce-fragment=\"1\">Spirit Brewer&#039;s Yeast 120 Capsules<\/span><\/h2>\n<p>Brewer&#039;s yeast, Saccharomyces cerevisiae, is a microscopic fungus found on the skin of certain fruits and in beer.<\/p>\n<p>It is naturally rich in vitamins B1, B5, B6, B8, B9 as well as amino acids, trace elements and polysaccharides.<br \/>\nIngredients<\/p>\n<p>Revivable brewer&#039;s yeast (Saccharomyces cerevisiae) (gluten): 300 mg, tunic: gelling agent pullulan.<br \/>\nDosage<\/p>","protected":false},"excerpt":{"rendered":"<p>Spirit Levure De Biere 120 G\u00e9lules La levure de bi\u00e8re, Saccharomyces cerevisiae, est un champignon microscopique qui se trouve sur la peau de certains fruits et dans la bi\u00e8re. Elle est naturellement riche en vitamines B1, B5, B6, B8, B9 ainsi qu\u2019en acides amin\u00e9s, en oligo-\u00e9l\u00e9ments et en polysaccharides. Ingr\u00e9dients Levure de bi\u00e8re revivifiable (Saccharomyces [&hellip;]<\/p>\n","protected":false},"featured_media":22170,"template":"","meta":{"om_disable_all_campaigns":false},"product_brand":[3362],"product_cat":[18,3366,19],"product_tag":[7746,7744,737,7504,7743,4833,239,7745,3364,3363,3365,6392,1733],"class_list":{"0":"post-22171","1":"product","2":"type-product","3":"status-publish","4":"has-post-thumbnail","6":"product_brand-spirit-maroc-prix-vitablanca","7":"product_cat-beaute-sante","8":"product_cat-complements-alimentaires-au-maroc-vitablanca","9":"product_cat-vitamines-supplements-dietetiques","10":"product_tag-120-gelules","11":"product_tag-cheveux-et-ongles","12":"product_tag-complement-alimentaire-naturel","13":"product_tag-fortifiant-cheveux","14":"product_tag-gelules-beaute","15":"product_tag-levure-de-biere","16":"product_tag-mineraux","17":"product_tag-peau-saine","18":"product_tag-spirit","19":"product_tag-spirit-maroc","20":"product_tag-spirit-morocco","21":"product_tag-usage-quotidien","22":"product_tag-vitamines-b","24":"first","25":"instock","26":"sale","27":"taxable","28":"shipping-taxable","29":"purchasable","30":"product-type-simple"},"yoast_head":"<!-- This site is optimized with the Yoast SEO plugin v27.5 - https:\/\/yoast.com\/product\/yoast-seo-wordpress\/ -->\n<title>Spirit Levure De Biere 120 G\u00e9lules - Maroc Prix<\/title>\n<meta name=\"description\" content=\"Les g\u00e9lules Spirit Levure de Bi\u00e8re 120 renforcent cheveux et ongles, favorisent la beaut\u00e9 de la peau et soutiennent le bien-\u00eatre\" \/>\n<meta name=\"robots\" content=\"index, follow, max-snippet:-1, max-image-preview:large, max-video-preview:-1\" \/>\n<link rel=\"canonical\" href=\"https:\/\/vitablanca.ma\/en\/product\/spirit-levure-de-biere-120-gelules\/\" \/>\n<meta property=\"og:locale\" content=\"en_US\" \/>\n<meta property=\"og:type\" content=\"article\" \/>\n<meta property=\"og:title\" content=\"Spirit Levure De Biere 120 G\u00e9lules - Maroc Prix\" \/>\n<meta property=\"og:description\" content=\"Les g\u00e9lules Spirit Levure de Bi\u00e8re 120 renforcent cheveux et ongles, favorisent la beaut\u00e9 de la peau et soutiennent le bien-\u00eatre\" \/>\n<meta property=\"og:url\" content=\"https:\/\/vitablanca.ma\/en\/product\/spirit-levure-de-biere-120-gelules\/\" \/>\n<meta property=\"og:site_name\" content=\"Vitablanca.ma &ndash; Sant&eacute;, vitalit&eacute; et bien-&ecirc;tre pour tous les Marocains\" \/>\n<meta property=\"article:publisher\" content=\"https:\/\/www.facebook.com\/profile.php?id=61576678196717\" \/>\n<meta property=\"article:modified_time\" content=\"2026-02-04T20:59:02+00:00\" \/>\n<meta property=\"og:image\" content=\"https:\/\/vitablanca.ma\/wp-content\/uploads\/2025\/06\/Spirit-Levure-De-Biere-120-Gelules-nova-parapharmacie-casablanca.jpg\" \/>\n\t<meta property=\"og:image:width\" content=\"1000\" \/>\n\t<meta property=\"og:image:height\" content=\"1000\" \/>\n\t<meta property=\"og:image:type\" content=\"image\/jpeg\" \/>\n<meta name=\"twitter:card\" content=\"summary_large_image\" \/>\n<meta name=\"twitter:label1\" content=\"Est. reading time\" \/>\n\t<meta name=\"twitter:data1\" content=\"1 minute\" \/>\n<script type=\"application\/ld+json\" class=\"yoast-schema-graph\">{\"@context\":\"https:\\\/\\\/schema.org\",\"@graph\":[{\"@type\":[\"WebPage\",\"ItemPage\"],\"@id\":\"https:\\\/\\\/vitablanca.ma\\\/produit\\\/spirit-levure-de-biere-120-gelules\\\/\",\"url\":\"https:\\\/\\\/vitablanca.ma\\\/produit\\\/spirit-levure-de-biere-120-gelules\\\/\",\"name\":\"Spirit Levure De Biere 120 G\u00e9lules - Maroc Prix\",\"isPartOf\":{\"@id\":\"https:\\\/\\\/vitablanca.ma\\\/#website\"},\"primaryImageOfPage\":{\"@id\":\"https:\\\/\\\/vitablanca.ma\\\/produit\\\/spirit-levure-de-biere-120-gelules\\\/#primaryimage\"},\"image\":{\"@id\":\"https:\\\/\\\/vitablanca.ma\\\/produit\\\/spirit-levure-de-biere-120-gelules\\\/#primaryimage\"},\"thumbnailUrl\":\"https:\\\/\\\/vitablanca.ma\\\/wp-content\\\/uploads\\\/2025\\\/06\\\/Spirit-Levure-De-Biere-120-Gelules-nova-parapharmacie-casablanca.jpg\",\"datePublished\":\"2025-06-11T21:48:03+00:00\",\"dateModified\":\"2026-02-04T20:59:02+00:00\",\"description\":\"Les g\u00e9lules Spirit Levure de Bi\u00e8re 120 renforcent cheveux et ongles, favorisent la beaut\u00e9 de la peau et soutiennent le bien-\u00eatre\",\"breadcrumb\":{\"@id\":\"https:\\\/\\\/vitablanca.ma\\\/produit\\\/spirit-levure-de-biere-120-gelules\\\/#breadcrumb\"},\"inLanguage\":\"en-US\",\"potentialAction\":[{\"@type\":\"ReadAction\",\"target\":[\"https:\\\/\\\/vitablanca.ma\\\/produit\\\/spirit-levure-de-biere-120-gelules\\\/\"]}]},{\"@type\":\"ImageObject\",\"inLanguage\":\"en-US\",\"@id\":\"https:\\\/\\\/vitablanca.ma\\\/produit\\\/spirit-levure-de-biere-120-gelules\\\/#primaryimage\",\"url\":\"https:\\\/\\\/vitablanca.ma\\\/wp-content\\\/uploads\\\/2025\\\/06\\\/Spirit-Levure-De-Biere-120-Gelules-nova-parapharmacie-casablanca.jpg\",\"contentUrl\":\"https:\\\/\\\/vitablanca.ma\\\/wp-content\\\/uploads\\\/2025\\\/06\\\/Spirit-Levure-De-Biere-120-Gelules-nova-parapharmacie-casablanca.jpg\",\"width\":1000,\"height\":1000},{\"@type\":\"BreadcrumbList\",\"@id\":\"https:\\\/\\\/vitablanca.ma\\\/produit\\\/spirit-levure-de-biere-120-gelules\\\/#breadcrumb\",\"itemListElement\":[{\"@type\":\"ListItem\",\"position\":1,\"name\":\"Home\",\"item\":\"https:\\\/\\\/vitablanca.ma\\\/\"},{\"@type\":\"ListItem\",\"position\":2,\"name\":\"Tous Les Produits\",\"item\":\"https:\\\/\\\/vitablanca.ma\\\/tous-les-produits\\\/\"},{\"@type\":\"ListItem\",\"position\":3,\"name\":\"Spirit Levure De Biere 120 G\u00e9lules\"}]},{\"@type\":\"WebSite\",\"@id\":\"https:\\\/\\\/vitablanca.ma\\\/#website\",\"url\":\"https:\\\/\\\/vitablanca.ma\\\/\",\"name\":\"VitaBlanca.ma | Compl\u00e9ments alimentaires, sant\u00e9 & beaut\u00e9 au Maroc\",\"description\":\"vendre vitamines et compl\u00e9ments premium des USA &amp; Canada, Nouvelle Z\u00e9lande,Maroc (NOW Foods, Solgar, Manuka). Livraison rapide partout au Maroc.\",\"publisher\":{\"@id\":\"https:\\\/\\\/vitablanca.ma\\\/#organization\"},\"alternateName\":\"VitaBlanca.ma\",\"potentialAction\":[{\"@type\":\"SearchAction\",\"target\":{\"@type\":\"EntryPoint\",\"urlTemplate\":\"https:\\\/\\\/vitablanca.ma\\\/?s={search_term_string}\"},\"query-input\":{\"@type\":\"PropertyValueSpecification\",\"valueRequired\":true,\"valueName\":\"search_term_string\"}}],\"inLanguage\":\"en-US\"},{\"@type\":\"Organization\",\"@id\":\"https:\\\/\\\/vitablanca.ma\\\/#organization\",\"name\":\"VitaBlanca\",\"url\":\"https:\\\/\\\/vitablanca.ma\\\/\",\"logo\":{\"@type\":\"ImageObject\",\"inLanguage\":\"en-US\",\"@id\":\"https:\\\/\\\/vitablanca.ma\\\/#\\\/schema\\\/logo\\\/image\\\/\",\"url\":\"https:\\\/\\\/vitablanca.ma\\\/wp-content\\\/uploads\\\/2025\\\/05\\\/cropped-vitablanca.png\",\"contentUrl\":\"https:\\\/\\\/vitablanca.ma\\\/wp-content\\\/uploads\\\/2025\\\/05\\\/cropped-vitablanca.png\",\"width\":360,\"height\":67,\"caption\":\"VitaBlanca\"},\"image\":{\"@id\":\"https:\\\/\\\/vitablanca.ma\\\/#\\\/schema\\\/logo\\\/image\\\/\"},\"sameAs\":[\"https:\\\/\\\/www.facebook.com\\\/profile.php?id=61576678196717\",\"https:\\\/\\\/www.tiktok.com\\\/@vitablanca.ma\",\"https:\\\/\\\/www.instagram.com\\\/vitablanca.ma\\\/\"]}]}<\/script>\n<!-- \/ Yoast SEO plugin. -->","yoast_head_json":{"title":"Spirit Brewer&#039;s Yeast 120 Capsules - Morocco Price","description":"Les g\u00e9lules Spirit Levure de Bi\u00e8re 120 renforcent cheveux et ongles, favorisent la beaut\u00e9 de la peau et soutiennent le bien-\u00eatre","robots":{"index":"index","follow":"follow","max-snippet":"max-snippet:-1","max-image-preview":"max-image-preview:large","max-video-preview":"max-video-preview:-1"},"canonical":"https:\/\/vitablanca.ma\/en\/product\/spirit-levure-de-biere-120-gelules\/","og_locale":"en_US","og_type":"article","og_title":"Spirit Levure De Biere 120 G\u00e9lules - Maroc Prix","og_description":"Les g\u00e9lules Spirit Levure de Bi\u00e8re 120 renforcent cheveux et ongles, favorisent la beaut\u00e9 de la peau et soutiennent le bien-\u00eatre","og_url":"https:\/\/vitablanca.ma\/en\/product\/spirit-levure-de-biere-120-gelules\/","og_site_name":"Vitablanca.ma &ndash; Sant&eacute;, vitalit&eacute; et bien-&ecirc;tre pour tous les Marocains","article_publisher":"https:\/\/www.facebook.com\/profile.php?id=61576678196717","article_modified_time":"2026-02-04T20:59:02+00:00","og_image":[{"width":1000,"height":1000,"url":"https:\/\/vitablanca.ma\/wp-content\/uploads\/2025\/06\/Spirit-Levure-De-Biere-120-Gelules-nova-parapharmacie-casablanca.jpg","type":"image\/jpeg"}],"twitter_card":"summary_large_image","twitter_misc":{"Est. reading time":"1 minute"},"schema":{"@context":"https:\/\/schema.org","@graph":[{"@type":["WebPage","ItemPage"],"@id":"https:\/\/vitablanca.ma\/produit\/spirit-levure-de-biere-120-gelules\/","url":"https:\/\/vitablanca.ma\/produit\/spirit-levure-de-biere-120-gelules\/","name":"Spirit Brewer&#039;s Yeast 120 Capsules - Morocco Price","isPartOf":{"@id":"https:\/\/vitablanca.ma\/#website"},"primaryImageOfPage":{"@id":"https:\/\/vitablanca.ma\/produit\/spirit-levure-de-biere-120-gelules\/#primaryimage"},"image":{"@id":"https:\/\/vitablanca.ma\/produit\/spirit-levure-de-biere-120-gelules\/#primaryimage"},"thumbnailUrl":"https:\/\/vitablanca.ma\/wp-content\/uploads\/2025\/06\/Spirit-Levure-De-Biere-120-Gelules-nova-parapharmacie-casablanca.jpg","datePublished":"2025-06-11T21:48:03+00:00","dateModified":"2026-02-04T20:59:02+00:00","description":"Les g\u00e9lules Spirit Levure de Bi\u00e8re 120 renforcent cheveux et ongles, favorisent la beaut\u00e9 de la peau et soutiennent le bien-\u00eatre","breadcrumb":{"@id":"https:\/\/vitablanca.ma\/produit\/spirit-levure-de-biere-120-gelules\/#breadcrumb"},"inLanguage":"en-US","potentialAction":[{"@type":"ReadAction","target":["https:\/\/vitablanca.ma\/produit\/spirit-levure-de-biere-120-gelules\/"]}]},{"@type":"ImageObject","inLanguage":"en-US","@id":"https:\/\/vitablanca.ma\/produit\/spirit-levure-de-biere-120-gelules\/#primaryimage","url":"https:\/\/vitablanca.ma\/wp-content\/uploads\/2025\/06\/Spirit-Levure-De-Biere-120-Gelules-nova-parapharmacie-casablanca.jpg","contentUrl":"https:\/\/vitablanca.ma\/wp-content\/uploads\/2025\/06\/Spirit-Levure-De-Biere-120-Gelules-nova-parapharmacie-casablanca.jpg","width":1000,"height":1000},{"@type":"BreadcrumbList","@id":"https:\/\/vitablanca.ma\/produit\/spirit-levure-de-biere-120-gelules\/#breadcrumb","itemListElement":[{"@type":"ListItem","position":1,"name":"Home","item":"https:\/\/vitablanca.ma\/"},{"@type":"ListItem","position":2,"name":"Tous Les Produits","item":"https:\/\/vitablanca.ma\/tous-les-produits\/"},{"@type":"ListItem","position":3,"name":"Spirit Levure De Biere 120 G\u00e9lules"}]},{"@type":"WebSite","@id":"https:\/\/vitablanca.ma\/#website","url":"https:\/\/vitablanca.ma\/","name":"VitaBlanca.ma | Food supplements, health &amp; beauty in Morocco","description":"sell premium vitamins and supplements from USA &amp; Canada, New Zealand, Morocco (NOW Foods, Solgar, Manuka). Fast delivery anywhere in Morocco.","publisher":{"@id":"https:\/\/vitablanca.ma\/#organization"},"alternateName":"VitaBlanca.ma","potentialAction":[{"@type":"SearchAction","target":{"@type":"EntryPoint","urlTemplate":"https:\/\/vitablanca.ma\/?s={search_term_string}"},"query-input":{"@type":"PropertyValueSpecification","valueRequired":true,"valueName":"search_term_string"}}],"inLanguage":"en-US"},{"@type":"Organization","@id":"https:\/\/vitablanca.ma\/#organization","name":"VitaBlanca","url":"https:\/\/vitablanca.ma\/","logo":{"@type":"ImageObject","inLanguage":"en-US","@id":"https:\/\/vitablanca.ma\/#\/schema\/logo\/image\/","url":"https:\/\/vitablanca.ma\/wp-content\/uploads\/2025\/05\/cropped-vitablanca.png","contentUrl":"https:\/\/vitablanca.ma\/wp-content\/uploads\/2025\/05\/cropped-vitablanca.png","width":360,"height":67,"caption":"VitaBlanca"},"image":{"@id":"https:\/\/vitablanca.ma\/#\/schema\/logo\/image\/"},"sameAs":["https:\/\/www.facebook.com\/profile.php?id=61576678196717","https:\/\/www.tiktok.com\/@vitablanca.ma","https:\/\/www.instagram.com\/vitablanca.ma\/"]}]}},"jetpack_sharing_enabled":true,"_links":{"self":[{"href":"https:\/\/vitablanca.ma\/en\/wp-json\/wp\/v2\/product\/22171","targetHints":{"allow":["GET"]}}],"collection":[{"href":"https:\/\/vitablanca.ma\/en\/wp-json\/wp\/v2\/product"}],"about":[{"href":"https:\/\/vitablanca.ma\/en\/wp-json\/wp\/v2\/types\/product"}],"wp:featuredmedia":[{"embeddable":true,"href":"https:\/\/vitablanca.ma\/en\/wp-json\/wp\/v2\/media\/22170"}],"wp:attachment":[{"href":"https:\/\/vitablanca.ma\/en\/wp-json\/wp\/v2\/media?parent=22171"}],"wp:term":[{"taxonomy":"product_brand","embeddable":true,"href":"https:\/\/vitablanca.ma\/en\/wp-json\/wp\/v2\/product_brand?post=22171"},{"taxonomy":"product_cat","embeddable":true,"href":"https:\/\/vitablanca.ma\/en\/wp-json\/wp\/v2\/product_cat?post=22171"},{"taxonomy":"product_tag","embeddable":true,"href":"https:\/\/vitablanca.ma\/en\/wp-json\/wp\/v2\/product_tag?post=22171"}],"curies":[{"name":"wp","href":"https:\/\/api.w.org\/{rel}","templated":true}]}}