{"id":22158,"date":"2025-06-11T21:47:48","date_gmt":"2025-06-11T21:47:48","guid":{"rendered":"https:\/\/vitablanca.ma\/product\/spirit-fer-vitamine-c-30-gelules\/"},"modified":"2026-02-04T21:17:32","modified_gmt":"2026-02-04T21:17:32","slug":"spirit-fer-vitamine-c-30-gelules","status":"publish","type":"product","link":"https:\/\/vitablanca.ma\/en\/product\/spirit-fer-vitamine-c-30-gelules\/","title":{"rendered":"Spirit Iron &amp; Vitamin C 30 Capsules"},"content":{"rendered":"<h1 class=\"w-post-elm post_title us_custom_92655679 entry-title color_link_inherit\">Spirit Iron &amp; Vitamin C 30 Capsules<\/h1>\n<div class=\"w-post-elm post_content\">\n<p>Les g\u00e9lules Spirit Fer & Vitamine C sont un compl\u00e9ment alimentaire con\u00e7u pour aider \u00e0 maintenir des niveaux de fer ad\u00e9quats dans l\u2019organisme et soutenir un syst\u00e8me immunitaire sain. La combinaison de fer et de vitamine C dans ces g\u00e9lules offre une solution pratique pour ceux qui cherchent \u00e0 renforcer leur syst\u00e8me immunitaire et \u00e0 combattre la fatigue due \u00e0 un manque de fer.<\/p>\n<h3><strong>Directions for use:<\/strong><\/h3>\n<p>Prenez 1 g\u00e9lule par jour avec un verre d\u2019eau, de pr\u00e9f\u00e9rence pendant un repas. Il est recommand\u00e9 de respecter la dose quotidienne recommand\u00e9e et de ne pas d\u00e9passer la posologie indiqu\u00e9e. Pour une meilleure absorption du fer, il est conseill\u00e9 de prendre ce compl\u00e9ment alimentaire en m\u00eame temps qu\u2019une source de vitamine C, comme un fruit frais ou un jus d\u2019orange.<\/p>\n<h3><strong data-mce-fragment=\"1\">Ingredients :<\/strong><\/h3>\n<p>Ferrous fumarate, bulking agent (microcrystalline cellulose), capsule shell (gelatin), vitamin C (ascorbic acid), anti-caking agent (magnesium stearate), color (titanium dioxide).<\/p>\n<\/div>\n<div class=\"w-post-elm post_content\"><\/div>","protected":false},"excerpt":{"rendered":"<p>Spirit Fer &#038; vitamine C 30 G\u00e9lules Les g\u00e9lules Spirit Fer &#038; Vitamine C sont un compl\u00e9ment alimentaire con\u00e7u pour aider \u00e0 maintenir des niveaux de fer ad\u00e9quats dans l\u2019organisme et soutenir un syst\u00e8me immunitaire sain. La combinaison de fer et de vitamine C dans ces g\u00e9lules offre une solution pratique pour ceux qui cherchent [&hellip;]<\/p>\n","protected":false},"featured_media":22157,"template":"","meta":{"om_disable_all_campaigns":false},"product_brand":[3362],"product_cat":[18,3366,19],"product_tag":[7760,7758,1757,5028,7756,7759,7757,3364,3363,3365,1029,6392],"class_list":{"0":"post-22158","1":"product","2":"type-product","3":"status-publish","4":"has-post-thumbnail","6":"product_brand-spirit-maroc-prix-vitablanca","7":"product_cat-beaute-sante","8":"product_cat-complements-alimentaires-au-maroc-vitablanca","9":"product_cat-vitamines-supplements-dietetiques","10":"product_tag-30-gelules","11":"product_tag-absorption-fer","12":"product_tag-complement-naturel","13":"product_tag-energie-et-vitalite","14":"product_tag-fer-vitamine-c","15":"product_tag-gelules-vitamines","16":"product_tag-prevention-fatigue","17":"product_tag-spirit","18":"product_tag-spirit-maroc","19":"product_tag-spirit-morocco","20":"product_tag-systeme-immunitaire","21":"product_tag-usage-quotidien","23":"first","24":"instock","25":"sale","26":"taxable","27":"shipping-taxable","28":"purchasable","29":"product-type-simple"},"yoast_head":"<!-- This site is optimized with the Yoast SEO plugin v27.5 - https:\/\/yoast.com\/product\/yoast-seo-wordpress\/ -->\n<title>Spirit Fer &amp; vitamine C 30 G\u00e9lules - Maroc Prix<\/title>\n<meta name=\"description\" content=\"Les g\u00e9lules Spirit Fer &amp; Vitamine C \u2013 30 aident \u00e0 pr\u00e9venir la fatigue, renforcent le syst\u00e8me immunitaire et soutiennent la production d\u2019\u00e9nergie\" \/>\n<meta name=\"robots\" content=\"index, follow, max-snippet:-1, max-image-preview:large, max-video-preview:-1\" \/>\n<link rel=\"canonical\" href=\"https:\/\/vitablanca.ma\/en\/product\/spirit-fer-vitamine-c-30-gelules\/\" \/>\n<meta property=\"og:locale\" content=\"en_US\" \/>\n<meta property=\"og:type\" content=\"article\" \/>\n<meta property=\"og:title\" content=\"Spirit Fer &amp; vitamine C 30 G\u00e9lules - Maroc Prix\" \/>\n<meta property=\"og:description\" content=\"Les g\u00e9lules Spirit Fer &amp; Vitamine C \u2013 30 aident \u00e0 pr\u00e9venir la fatigue, renforcent le syst\u00e8me immunitaire et soutiennent la production d\u2019\u00e9nergie\" \/>\n<meta property=\"og:url\" content=\"https:\/\/vitablanca.ma\/en\/product\/spirit-fer-vitamine-c-30-gelules\/\" \/>\n<meta property=\"og:site_name\" content=\"Vitablanca.ma &ndash; Sant&eacute;, vitalit&eacute; et bien-&ecirc;tre pour tous les Marocains\" \/>\n<meta property=\"article:publisher\" content=\"https:\/\/www.facebook.com\/profile.php?id=61576678196717\" \/>\n<meta property=\"article:modified_time\" content=\"2026-02-04T21:17:32+00:00\" \/>\n<meta property=\"og:image\" content=\"https:\/\/vitablanca.ma\/wp-content\/uploads\/2025\/06\/Spirit-Fer-vitamine-C-30-gelules.png\" \/>\n\t<meta property=\"og:image:width\" content=\"1080\" \/>\n\t<meta property=\"og:image:height\" content=\"1080\" \/>\n\t<meta property=\"og:image:type\" content=\"image\/png\" \/>\n<meta name=\"twitter:card\" content=\"summary_large_image\" \/>\n<meta name=\"twitter:label1\" content=\"Est. reading time\" \/>\n\t<meta name=\"twitter:data1\" content=\"2 minutes\" \/>\n<script type=\"application\/ld+json\" class=\"yoast-schema-graph\">{\"@context\":\"https:\\\/\\\/schema.org\",\"@graph\":[{\"@type\":[\"WebPage\",\"ItemPage\"],\"@id\":\"https:\\\/\\\/vitablanca.ma\\\/produit\\\/spirit-fer-vitamine-c-30-gelules\\\/\",\"url\":\"https:\\\/\\\/vitablanca.ma\\\/produit\\\/spirit-fer-vitamine-c-30-gelules\\\/\",\"name\":\"Spirit Fer &amp; vitamine C 30 G\u00e9lules - Maroc Prix\",\"isPartOf\":{\"@id\":\"https:\\\/\\\/vitablanca.ma\\\/#website\"},\"primaryImageOfPage\":{\"@id\":\"https:\\\/\\\/vitablanca.ma\\\/produit\\\/spirit-fer-vitamine-c-30-gelules\\\/#primaryimage\"},\"image\":{\"@id\":\"https:\\\/\\\/vitablanca.ma\\\/produit\\\/spirit-fer-vitamine-c-30-gelules\\\/#primaryimage\"},\"thumbnailUrl\":\"https:\\\/\\\/vitablanca.ma\\\/wp-content\\\/uploads\\\/2025\\\/06\\\/Spirit-Fer-vitamine-C-30-gelules.png\",\"datePublished\":\"2025-06-11T21:47:48+00:00\",\"dateModified\":\"2026-02-04T21:17:32+00:00\",\"description\":\"Les g\u00e9lules Spirit Fer & Vitamine C \u2013 30 aident \u00e0 pr\u00e9venir la fatigue, renforcent le syst\u00e8me immunitaire et soutiennent la production d\u2019\u00e9nergie\",\"breadcrumb\":{\"@id\":\"https:\\\/\\\/vitablanca.ma\\\/produit\\\/spirit-fer-vitamine-c-30-gelules\\\/#breadcrumb\"},\"inLanguage\":\"en-US\",\"potentialAction\":[{\"@type\":\"ReadAction\",\"target\":[\"https:\\\/\\\/vitablanca.ma\\\/produit\\\/spirit-fer-vitamine-c-30-gelules\\\/\"]}]},{\"@type\":\"ImageObject\",\"inLanguage\":\"en-US\",\"@id\":\"https:\\\/\\\/vitablanca.ma\\\/produit\\\/spirit-fer-vitamine-c-30-gelules\\\/#primaryimage\",\"url\":\"https:\\\/\\\/vitablanca.ma\\\/wp-content\\\/uploads\\\/2025\\\/06\\\/Spirit-Fer-vitamine-C-30-gelules.png\",\"contentUrl\":\"https:\\\/\\\/vitablanca.ma\\\/wp-content\\\/uploads\\\/2025\\\/06\\\/Spirit-Fer-vitamine-C-30-gelules.png\",\"width\":1080,\"height\":1080},{\"@type\":\"BreadcrumbList\",\"@id\":\"https:\\\/\\\/vitablanca.ma\\\/produit\\\/spirit-fer-vitamine-c-30-gelules\\\/#breadcrumb\",\"itemListElement\":[{\"@type\":\"ListItem\",\"position\":1,\"name\":\"Home\",\"item\":\"https:\\\/\\\/vitablanca.ma\\\/\"},{\"@type\":\"ListItem\",\"position\":2,\"name\":\"Tous Les Produits\",\"item\":\"https:\\\/\\\/vitablanca.ma\\\/tous-les-produits\\\/\"},{\"@type\":\"ListItem\",\"position\":3,\"name\":\"Spirit Fer &amp; vitamine C 30 G\u00e9lules\"}]},{\"@type\":\"WebSite\",\"@id\":\"https:\\\/\\\/vitablanca.ma\\\/#website\",\"url\":\"https:\\\/\\\/vitablanca.ma\\\/\",\"name\":\"VitaBlanca.ma | Compl\u00e9ments alimentaires, sant\u00e9 & beaut\u00e9 au Maroc\",\"description\":\"vendre vitamines et compl\u00e9ments premium des USA &amp; Canada, Nouvelle Z\u00e9lande,Maroc (NOW Foods, Solgar, Manuka). Livraison rapide partout au Maroc.\",\"publisher\":{\"@id\":\"https:\\\/\\\/vitablanca.ma\\\/#organization\"},\"alternateName\":\"VitaBlanca.ma\",\"potentialAction\":[{\"@type\":\"SearchAction\",\"target\":{\"@type\":\"EntryPoint\",\"urlTemplate\":\"https:\\\/\\\/vitablanca.ma\\\/?s={search_term_string}\"},\"query-input\":{\"@type\":\"PropertyValueSpecification\",\"valueRequired\":true,\"valueName\":\"search_term_string\"}}],\"inLanguage\":\"en-US\"},{\"@type\":\"Organization\",\"@id\":\"https:\\\/\\\/vitablanca.ma\\\/#organization\",\"name\":\"VitaBlanca\",\"url\":\"https:\\\/\\\/vitablanca.ma\\\/\",\"logo\":{\"@type\":\"ImageObject\",\"inLanguage\":\"en-US\",\"@id\":\"https:\\\/\\\/vitablanca.ma\\\/#\\\/schema\\\/logo\\\/image\\\/\",\"url\":\"https:\\\/\\\/vitablanca.ma\\\/wp-content\\\/uploads\\\/2025\\\/05\\\/cropped-vitablanca.png\",\"contentUrl\":\"https:\\\/\\\/vitablanca.ma\\\/wp-content\\\/uploads\\\/2025\\\/05\\\/cropped-vitablanca.png\",\"width\":360,\"height\":67,\"caption\":\"VitaBlanca\"},\"image\":{\"@id\":\"https:\\\/\\\/vitablanca.ma\\\/#\\\/schema\\\/logo\\\/image\\\/\"},\"sameAs\":[\"https:\\\/\\\/www.facebook.com\\\/profile.php?id=61576678196717\",\"https:\\\/\\\/www.tiktok.com\\\/@vitablanca.ma\",\"https:\\\/\\\/www.instagram.com\\\/vitablanca.ma\\\/\"]}]}<\/script>\n<!-- \/ Yoast SEO plugin. -->","yoast_head_json":{"title":"Spirit Iron &amp; Vitamin C 30 Capsules - Morocco Price","description":"Les g\u00e9lules Spirit Fer & Vitamine C \u2013 30 aident \u00e0 pr\u00e9venir la fatigue, renforcent le syst\u00e8me immunitaire et soutiennent la production d\u2019\u00e9nergie","robots":{"index":"index","follow":"follow","max-snippet":"max-snippet:-1","max-image-preview":"max-image-preview:large","max-video-preview":"max-video-preview:-1"},"canonical":"https:\/\/vitablanca.ma\/en\/product\/spirit-fer-vitamine-c-30-gelules\/","og_locale":"en_US","og_type":"article","og_title":"Spirit Fer &amp; vitamine C 30 G\u00e9lules - Maroc Prix","og_description":"Les g\u00e9lules Spirit Fer & Vitamine C \u2013 30 aident \u00e0 pr\u00e9venir la fatigue, renforcent le syst\u00e8me immunitaire et soutiennent la production d\u2019\u00e9nergie","og_url":"https:\/\/vitablanca.ma\/en\/product\/spirit-fer-vitamine-c-30-gelules\/","og_site_name":"Vitablanca.ma &ndash; Sant&eacute;, vitalit&eacute; et bien-&ecirc;tre pour tous les Marocains","article_publisher":"https:\/\/www.facebook.com\/profile.php?id=61576678196717","article_modified_time":"2026-02-04T21:17:32+00:00","og_image":[{"width":1080,"height":1080,"url":"https:\/\/vitablanca.ma\/wp-content\/uploads\/2025\/06\/Spirit-Fer-vitamine-C-30-gelules.png","type":"image\/png"}],"twitter_card":"summary_large_image","twitter_misc":{"Est. reading time":"2 minutes"},"schema":{"@context":"https:\/\/schema.org","@graph":[{"@type":["WebPage","ItemPage"],"@id":"https:\/\/vitablanca.ma\/produit\/spirit-fer-vitamine-c-30-gelules\/","url":"https:\/\/vitablanca.ma\/produit\/spirit-fer-vitamine-c-30-gelules\/","name":"Spirit Iron &amp; Vitamin C 30 Capsules - Morocco Price","isPartOf":{"@id":"https:\/\/vitablanca.ma\/#website"},"primaryImageOfPage":{"@id":"https:\/\/vitablanca.ma\/produit\/spirit-fer-vitamine-c-30-gelules\/#primaryimage"},"image":{"@id":"https:\/\/vitablanca.ma\/produit\/spirit-fer-vitamine-c-30-gelules\/#primaryimage"},"thumbnailUrl":"https:\/\/vitablanca.ma\/wp-content\/uploads\/2025\/06\/Spirit-Fer-vitamine-C-30-gelules.png","datePublished":"2025-06-11T21:47:48+00:00","dateModified":"2026-02-04T21:17:32+00:00","description":"Les g\u00e9lules Spirit Fer & Vitamine C \u2013 30 aident \u00e0 pr\u00e9venir la fatigue, renforcent le syst\u00e8me immunitaire et soutiennent la production d\u2019\u00e9nergie","breadcrumb":{"@id":"https:\/\/vitablanca.ma\/produit\/spirit-fer-vitamine-c-30-gelules\/#breadcrumb"},"inLanguage":"en-US","potentialAction":[{"@type":"ReadAction","target":["https:\/\/vitablanca.ma\/produit\/spirit-fer-vitamine-c-30-gelules\/"]}]},{"@type":"ImageObject","inLanguage":"en-US","@id":"https:\/\/vitablanca.ma\/produit\/spirit-fer-vitamine-c-30-gelules\/#primaryimage","url":"https:\/\/vitablanca.ma\/wp-content\/uploads\/2025\/06\/Spirit-Fer-vitamine-C-30-gelules.png","contentUrl":"https:\/\/vitablanca.ma\/wp-content\/uploads\/2025\/06\/Spirit-Fer-vitamine-C-30-gelules.png","width":1080,"height":1080},{"@type":"BreadcrumbList","@id":"https:\/\/vitablanca.ma\/produit\/spirit-fer-vitamine-c-30-gelules\/#breadcrumb","itemListElement":[{"@type":"ListItem","position":1,"name":"Home","item":"https:\/\/vitablanca.ma\/"},{"@type":"ListItem","position":2,"name":"Tous Les Produits","item":"https:\/\/vitablanca.ma\/tous-les-produits\/"},{"@type":"ListItem","position":3,"name":"Spirit Fer &amp; vitamine C 30 G\u00e9lules"}]},{"@type":"WebSite","@id":"https:\/\/vitablanca.ma\/#website","url":"https:\/\/vitablanca.ma\/","name":"VitaBlanca.ma | Food supplements, health &amp; beauty in Morocco","description":"sell premium vitamins and supplements from USA &amp; Canada, New Zealand, Morocco (NOW Foods, Solgar, Manuka). Fast delivery anywhere in Morocco.","publisher":{"@id":"https:\/\/vitablanca.ma\/#organization"},"alternateName":"VitaBlanca.ma","potentialAction":[{"@type":"SearchAction","target":{"@type":"EntryPoint","urlTemplate":"https:\/\/vitablanca.ma\/?s={search_term_string}"},"query-input":{"@type":"PropertyValueSpecification","valueRequired":true,"valueName":"search_term_string"}}],"inLanguage":"en-US"},{"@type":"Organization","@id":"https:\/\/vitablanca.ma\/#organization","name":"VitaBlanca","url":"https:\/\/vitablanca.ma\/","logo":{"@type":"ImageObject","inLanguage":"en-US","@id":"https:\/\/vitablanca.ma\/#\/schema\/logo\/image\/","url":"https:\/\/vitablanca.ma\/wp-content\/uploads\/2025\/05\/cropped-vitablanca.png","contentUrl":"https:\/\/vitablanca.ma\/wp-content\/uploads\/2025\/05\/cropped-vitablanca.png","width":360,"height":67,"caption":"VitaBlanca"},"image":{"@id":"https:\/\/vitablanca.ma\/#\/schema\/logo\/image\/"},"sameAs":["https:\/\/www.facebook.com\/profile.php?id=61576678196717","https:\/\/www.tiktok.com\/@vitablanca.ma","https:\/\/www.instagram.com\/vitablanca.ma\/"]}]}},"jetpack_sharing_enabled":true,"_links":{"self":[{"href":"https:\/\/vitablanca.ma\/en\/wp-json\/wp\/v2\/product\/22158","targetHints":{"allow":["GET"]}}],"collection":[{"href":"https:\/\/vitablanca.ma\/en\/wp-json\/wp\/v2\/product"}],"about":[{"href":"https:\/\/vitablanca.ma\/en\/wp-json\/wp\/v2\/types\/product"}],"wp:featuredmedia":[{"embeddable":true,"href":"https:\/\/vitablanca.ma\/en\/wp-json\/wp\/v2\/media\/22157"}],"wp:attachment":[{"href":"https:\/\/vitablanca.ma\/en\/wp-json\/wp\/v2\/media?parent=22158"}],"wp:term":[{"taxonomy":"product_brand","embeddable":true,"href":"https:\/\/vitablanca.ma\/en\/wp-json\/wp\/v2\/product_brand?post=22158"},{"taxonomy":"product_cat","embeddable":true,"href":"https:\/\/vitablanca.ma\/en\/wp-json\/wp\/v2\/product_cat?post=22158"},{"taxonomy":"product_tag","embeddable":true,"href":"https:\/\/vitablanca.ma\/en\/wp-json\/wp\/v2\/product_tag?post=22158"}],"curies":[{"name":"wp","href":"https:\/\/api.w.org\/{rel}","templated":true}]}}