{"id":22143,"date":"2025-06-11T21:47:22","date_gmt":"2025-06-11T21:47:22","guid":{"rendered":"https:\/\/vitablanca.ma\/product\/super-diet-cellimine-bio-20-ampoules15-ml\/"},"modified":"2026-02-04T22:03:13","modified_gmt":"2026-02-04T22:03:13","slug":"super-diet-cellimine-bio-20-ampoules15-ml","status":"publish","type":"product","link":"https:\/\/vitablanca.ma\/en\/product\/super-diet-cellimine-bio-20-ampoules15-ml\/","title":{"rendered":"Super Diet Cellimine Organic 20 Phials*15 ml"},"content":{"rendered":"<h2><span data-mce-fragment=\"1\">Super Diet Cellimine Organic 20 Phials<\/span><\/h2>\n<p><strong>15ml<\/strong><\/p>\n<p>Cellimine Bio from Superdiet Laboratories is a complex of 6 plants and fruits and cider vinegar from Organic Farming.<br \/>\nGreen tea helps with weight control, helps you stay in shape and is an aid in a slimming diet.<br \/>\nBirch helps eliminate water and detoxify the body.<br \/>\nMeadowsweet contributes to the renal elimination of water.<br \/>\nRed vine contributes to good circulation.<br \/>\nApple cider vinegar, apple and lemon juices, and lemon essential oil complete this formula.<\/p>\n<h3>Directions for use:<\/h3>\n<p>1 to 2 ampoules per day. Must be taken with a meal.<\/p>\n<h3>Precautions:<\/h3>\n<p>Do not use for prolonged periods without medical advice. Do not consume on an empty stomach. Do not use in children and adolescents under 18 years of age. Not recommended for pregnant or breastfeeding women, people suffering from allergies to salicylate derivatives or liver disorders, cardiovascular disorders (hypertension, arrhythmia) or hyperthyroidism. Do not use with anticoagulants. If taking other medications at the same time, seek the advice of your doctor. As the product contains essential oil and green tea, always consult a healthcare professional before using the product. Any slimming approach must be carried out as part of a balanced diet (including all food groups; including at least 5 different fruits and vegetables each day) combined with the consumption of approximately 1.5 liters of water, while practicing a minimum of regular physical activity. It is recommended to respect the recommended doses, to ensure a varied and balanced diet and a healthy lifestyle. Keep out of the reach of young children. Oral use only \u2013 not suitable for injection.<\/p>\n<h3>Composition:<\/h3>\n<p>AQUEOUS EXTRACT OF GREEN TEA* (LEAF)(320MG**), BIRCH* (LEAF)(320MG**), MEADOWSWEET (FLOWERING TOP)(320MG**), RED VINE (LEAF)(320MG**), CIDER VINEGAR*(1350MG), CONCENTRATED JUICES OF APPLE* (FRUIT) AND LEMON* (FRUIT), ESSENTIAL OIL OF LEMON* (PERICARPUS).*INGREDIENT FROM ORGANIC FARMING. **EQUIVALENT IN DRIED PLANTS.<\/p>","protected":false},"excerpt":{"rendered":"<p>Super Diet Cellimine Bio 20 Ampoules 15ml Cellimine Bio des Laboratoires Superdiet est un complexe de 6 plantes et fruits et de vinaigre de cidre issus de l\u2019Agriculture Biologique. Le Th\u00e9 vert participe au contr\u00f4le du poids, il contribue \u00e0 garder la ligne et est une aide dans le cadre d\u2019un r\u00e9gime minceur. Le Bouleau [&hellip;]<\/p>\n","protected":false},"featured_media":22141,"template":"","meta":{"om_disable_all_campaigns":false},"product_brand":[],"product_cat":[15],"product_tag":[7814,7815,7820,956,7816,7817,7821,7818,7819,7813],"class_list":{"0":"post-22143","1":"product","2":"type-product","3":"status-publish","4":"has-post-thumbnail","6":"product_cat-beaute-sante-complements-alimentaires-soins-et-bien-etre-au-meilleur-prix","7":"product_tag-ampoules-minceur-bio","8":"product_tag-complement-alimentaire-minceur","9":"product_tag-cure-minceur-20-ampoules","10":"product_tag-detox-naturelle","11":"product_tag-drainage-naturel","12":"product_tag-gestion-du-poids-bio","13":"product_tag-minceur-et-bien-etre","14":"product_tag-plantes-minceur-bio","15":"product_tag-silhouette-legere","16":"product_tag-super-diet-cellimine-bio","18":"first","19":"instock","20":"sale","21":"taxable","22":"shipping-taxable","23":"purchasable","24":"product-type-simple"},"yoast_head":"<!-- This site is optimized with the Yoast SEO plugin v27.4 - https:\/\/yoast.com\/product\/yoast-seo-wordpress\/ -->\n<title>Super Diet Cellimine Bio 20 Ampoules*15 ml - Maroc Prix<\/title>\n<meta name=\"description\" content=\"Super Diet Cellimine Bio 20 ampoules favorise la minceur, le drainage et r\u00e9duit la r\u00e9tention d\u2019eau gr\u00e2ce \u00e0 sa formule naturelle bio .\" \/>\n<meta name=\"robots\" content=\"index, follow, max-snippet:-1, max-image-preview:large, max-video-preview:-1\" \/>\n<link rel=\"canonical\" href=\"https:\/\/vitablanca.ma\/en\/product\/super-diet-cellimine-bio-20-ampoules15-ml\/\" \/>\n<meta property=\"og:locale\" content=\"en_US\" \/>\n<meta property=\"og:type\" content=\"article\" \/>\n<meta property=\"og:title\" content=\"Super Diet Cellimine Bio 20 Ampoules*15 ml - Maroc Prix\" \/>\n<meta property=\"og:description\" content=\"Super Diet Cellimine Bio 20 ampoules favorise la minceur, le drainage et r\u00e9duit la r\u00e9tention d\u2019eau gr\u00e2ce \u00e0 sa formule naturelle bio .\" \/>\n<meta property=\"og:url\" content=\"https:\/\/vitablanca.ma\/en\/product\/super-diet-cellimine-bio-20-ampoules15-ml\/\" \/>\n<meta property=\"og:site_name\" content=\"Vitablanca.ma &ndash; Sant&eacute;, vitalit&eacute; et bien-&ecirc;tre pour tous les Marocains\" \/>\n<meta property=\"article:publisher\" content=\"https:\/\/www.facebook.com\/profile.php?id=61576678196717\" \/>\n<meta property=\"article:modified_time\" content=\"2026-02-04T22:03:13+00:00\" \/>\n<meta property=\"og:image\" content=\"https:\/\/vitablanca.ma\/wp-content\/uploads\/2025\/06\/Super-Diet-Cellimine-Bio-20-Ampoules-15-ml-nova-parapharmacie-casablanca.jpg\" \/>\n\t<meta property=\"og:image:width\" content=\"1000\" \/>\n\t<meta property=\"og:image:height\" content=\"1000\" \/>\n\t<meta property=\"og:image:type\" content=\"image\/jpeg\" \/>\n<meta name=\"twitter:card\" content=\"summary_large_image\" \/>\n<meta name=\"twitter:label1\" content=\"Est. reading time\" \/>\n\t<meta name=\"twitter:data1\" content=\"2 minutes\" \/>\n<script type=\"application\/ld+json\" class=\"yoast-schema-graph\">{\"@context\":\"https:\\\/\\\/schema.org\",\"@graph\":[{\"@type\":[\"WebPage\",\"ItemPage\"],\"@id\":\"https:\\\/\\\/vitablanca.ma\\\/produit\\\/super-diet-cellimine-bio-20-ampoules15-ml\\\/\",\"url\":\"https:\\\/\\\/vitablanca.ma\\\/produit\\\/super-diet-cellimine-bio-20-ampoules15-ml\\\/\",\"name\":\"Super Diet Cellimine Bio 20 Ampoules*15 ml - Maroc Prix\",\"isPartOf\":{\"@id\":\"https:\\\/\\\/vitablanca.ma\\\/#website\"},\"primaryImageOfPage\":{\"@id\":\"https:\\\/\\\/vitablanca.ma\\\/produit\\\/super-diet-cellimine-bio-20-ampoules15-ml\\\/#primaryimage\"},\"image\":{\"@id\":\"https:\\\/\\\/vitablanca.ma\\\/produit\\\/super-diet-cellimine-bio-20-ampoules15-ml\\\/#primaryimage\"},\"thumbnailUrl\":\"https:\\\/\\\/vitablanca.ma\\\/wp-content\\\/uploads\\\/2025\\\/06\\\/Super-Diet-Cellimine-Bio-20-Ampoules-15-ml-nova-parapharmacie-casablanca.jpg\",\"datePublished\":\"2025-06-11T21:47:22+00:00\",\"dateModified\":\"2026-02-04T22:03:13+00:00\",\"description\":\"Super Diet Cellimine Bio 20 ampoules favorise la minceur, le drainage et r\u00e9duit la r\u00e9tention d\u2019eau gr\u00e2ce \u00e0 sa formule naturelle bio .\",\"breadcrumb\":{\"@id\":\"https:\\\/\\\/vitablanca.ma\\\/produit\\\/super-diet-cellimine-bio-20-ampoules15-ml\\\/#breadcrumb\"},\"inLanguage\":\"en-US\",\"potentialAction\":[{\"@type\":\"ReadAction\",\"target\":[\"https:\\\/\\\/vitablanca.ma\\\/produit\\\/super-diet-cellimine-bio-20-ampoules15-ml\\\/\"]}]},{\"@type\":\"ImageObject\",\"inLanguage\":\"en-US\",\"@id\":\"https:\\\/\\\/vitablanca.ma\\\/produit\\\/super-diet-cellimine-bio-20-ampoules15-ml\\\/#primaryimage\",\"url\":\"https:\\\/\\\/vitablanca.ma\\\/wp-content\\\/uploads\\\/2025\\\/06\\\/Super-Diet-Cellimine-Bio-20-Ampoules-15-ml-nova-parapharmacie-casablanca.jpg\",\"contentUrl\":\"https:\\\/\\\/vitablanca.ma\\\/wp-content\\\/uploads\\\/2025\\\/06\\\/Super-Diet-Cellimine-Bio-20-Ampoules-15-ml-nova-parapharmacie-casablanca.jpg\",\"width\":1000,\"height\":1000},{\"@type\":\"BreadcrumbList\",\"@id\":\"https:\\\/\\\/vitablanca.ma\\\/produit\\\/super-diet-cellimine-bio-20-ampoules15-ml\\\/#breadcrumb\",\"itemListElement\":[{\"@type\":\"ListItem\",\"position\":1,\"name\":\"Home\",\"item\":\"https:\\\/\\\/vitablanca.ma\\\/\"},{\"@type\":\"ListItem\",\"position\":2,\"name\":\"Tous Les Produits\",\"item\":\"https:\\\/\\\/vitablanca.ma\\\/tous-les-produits\\\/\"},{\"@type\":\"ListItem\",\"position\":3,\"name\":\"Super Diet Cellimine Bio 20 Ampoules*15 ml\"}]},{\"@type\":\"WebSite\",\"@id\":\"https:\\\/\\\/vitablanca.ma\\\/#website\",\"url\":\"https:\\\/\\\/vitablanca.ma\\\/\",\"name\":\"VitaBlanca.ma | Compl\u00e9ments alimentaires, sant\u00e9 & beaut\u00e9 au Maroc\",\"description\":\"vendre vitamines et compl\u00e9ments premium des USA &amp; Canada, Nouvelle Z\u00e9lande,Maroc (NOW Foods, Solgar, Manuka). Livraison rapide partout au Maroc.\",\"publisher\":{\"@id\":\"https:\\\/\\\/vitablanca.ma\\\/#organization\"},\"alternateName\":\"VitaBlanca.ma\",\"potentialAction\":[{\"@type\":\"SearchAction\",\"target\":{\"@type\":\"EntryPoint\",\"urlTemplate\":\"https:\\\/\\\/vitablanca.ma\\\/?s={search_term_string}\"},\"query-input\":{\"@type\":\"PropertyValueSpecification\",\"valueRequired\":true,\"valueName\":\"search_term_string\"}}],\"inLanguage\":\"en-US\"},{\"@type\":\"Organization\",\"@id\":\"https:\\\/\\\/vitablanca.ma\\\/#organization\",\"name\":\"VitaBlanca\",\"url\":\"https:\\\/\\\/vitablanca.ma\\\/\",\"logo\":{\"@type\":\"ImageObject\",\"inLanguage\":\"en-US\",\"@id\":\"https:\\\/\\\/vitablanca.ma\\\/#\\\/schema\\\/logo\\\/image\\\/\",\"url\":\"https:\\\/\\\/vitablanca.ma\\\/wp-content\\\/uploads\\\/2025\\\/05\\\/cropped-vitablanca.png\",\"contentUrl\":\"https:\\\/\\\/vitablanca.ma\\\/wp-content\\\/uploads\\\/2025\\\/05\\\/cropped-vitablanca.png\",\"width\":360,\"height\":67,\"caption\":\"VitaBlanca\"},\"image\":{\"@id\":\"https:\\\/\\\/vitablanca.ma\\\/#\\\/schema\\\/logo\\\/image\\\/\"},\"sameAs\":[\"https:\\\/\\\/www.facebook.com\\\/profile.php?id=61576678196717\",\"https:\\\/\\\/www.tiktok.com\\\/@vitablanca.ma\",\"https:\\\/\\\/www.instagram.com\\\/vitablanca.ma\\\/\"]}]}<\/script>\n<!-- \/ Yoast SEO plugin. -->","yoast_head_json":{"title":"Super Diet Cellimine Bio 20 Ampoules*15 ml - Morocco Price","description":"Super Diet Cellimine Bio 20 ampoules favorise la minceur, le drainage et r\u00e9duit la r\u00e9tention d\u2019eau gr\u00e2ce \u00e0 sa formule naturelle bio .","robots":{"index":"index","follow":"follow","max-snippet":"max-snippet:-1","max-image-preview":"max-image-preview:large","max-video-preview":"max-video-preview:-1"},"canonical":"https:\/\/vitablanca.ma\/en\/product\/super-diet-cellimine-bio-20-ampoules15-ml\/","og_locale":"en_US","og_type":"article","og_title":"Super Diet Cellimine Bio 20 Ampoules*15 ml - Maroc Prix","og_description":"Super Diet Cellimine Bio 20 ampoules favorise la minceur, le drainage et r\u00e9duit la r\u00e9tention d\u2019eau gr\u00e2ce \u00e0 sa formule naturelle bio .","og_url":"https:\/\/vitablanca.ma\/en\/product\/super-diet-cellimine-bio-20-ampoules15-ml\/","og_site_name":"Vitablanca.ma &ndash; Sant&eacute;, vitalit&eacute; et bien-&ecirc;tre pour tous les Marocains","article_publisher":"https:\/\/www.facebook.com\/profile.php?id=61576678196717","article_modified_time":"2026-02-04T22:03:13+00:00","og_image":[{"width":1000,"height":1000,"url":"https:\/\/vitablanca.ma\/wp-content\/uploads\/2025\/06\/Super-Diet-Cellimine-Bio-20-Ampoules-15-ml-nova-parapharmacie-casablanca.jpg","type":"image\/jpeg"}],"twitter_card":"summary_large_image","twitter_misc":{"Est. reading time":"2 minutes"},"schema":{"@context":"https:\/\/schema.org","@graph":[{"@type":["WebPage","ItemPage"],"@id":"https:\/\/vitablanca.ma\/produit\/super-diet-cellimine-bio-20-ampoules15-ml\/","url":"https:\/\/vitablanca.ma\/produit\/super-diet-cellimine-bio-20-ampoules15-ml\/","name":"Super Diet Cellimine Bio 20 Ampoules*15 ml - Morocco Price","isPartOf":{"@id":"https:\/\/vitablanca.ma\/#website"},"primaryImageOfPage":{"@id":"https:\/\/vitablanca.ma\/produit\/super-diet-cellimine-bio-20-ampoules15-ml\/#primaryimage"},"image":{"@id":"https:\/\/vitablanca.ma\/produit\/super-diet-cellimine-bio-20-ampoules15-ml\/#primaryimage"},"thumbnailUrl":"https:\/\/vitablanca.ma\/wp-content\/uploads\/2025\/06\/Super-Diet-Cellimine-Bio-20-Ampoules-15-ml-nova-parapharmacie-casablanca.jpg","datePublished":"2025-06-11T21:47:22+00:00","dateModified":"2026-02-04T22:03:13+00:00","description":"Super Diet Cellimine Bio 20 ampoules favorise la minceur, le drainage et r\u00e9duit la r\u00e9tention d\u2019eau gr\u00e2ce \u00e0 sa formule naturelle bio .","breadcrumb":{"@id":"https:\/\/vitablanca.ma\/produit\/super-diet-cellimine-bio-20-ampoules15-ml\/#breadcrumb"},"inLanguage":"en-US","potentialAction":[{"@type":"ReadAction","target":["https:\/\/vitablanca.ma\/produit\/super-diet-cellimine-bio-20-ampoules15-ml\/"]}]},{"@type":"ImageObject","inLanguage":"en-US","@id":"https:\/\/vitablanca.ma\/produit\/super-diet-cellimine-bio-20-ampoules15-ml\/#primaryimage","url":"https:\/\/vitablanca.ma\/wp-content\/uploads\/2025\/06\/Super-Diet-Cellimine-Bio-20-Ampoules-15-ml-nova-parapharmacie-casablanca.jpg","contentUrl":"https:\/\/vitablanca.ma\/wp-content\/uploads\/2025\/06\/Super-Diet-Cellimine-Bio-20-Ampoules-15-ml-nova-parapharmacie-casablanca.jpg","width":1000,"height":1000},{"@type":"BreadcrumbList","@id":"https:\/\/vitablanca.ma\/produit\/super-diet-cellimine-bio-20-ampoules15-ml\/#breadcrumb","itemListElement":[{"@type":"ListItem","position":1,"name":"Home","item":"https:\/\/vitablanca.ma\/"},{"@type":"ListItem","position":2,"name":"Tous Les Produits","item":"https:\/\/vitablanca.ma\/tous-les-produits\/"},{"@type":"ListItem","position":3,"name":"Super Diet Cellimine Bio 20 Ampoules*15 ml"}]},{"@type":"WebSite","@id":"https:\/\/vitablanca.ma\/#website","url":"https:\/\/vitablanca.ma\/","name":"VitaBlanca.ma | Food supplements, health &amp; beauty in Morocco","description":"sell premium vitamins and supplements from USA &amp; Canada, New Zealand, Morocco (NOW Foods, Solgar, Manuka). Fast delivery anywhere in Morocco.","publisher":{"@id":"https:\/\/vitablanca.ma\/#organization"},"alternateName":"VitaBlanca.ma","potentialAction":[{"@type":"SearchAction","target":{"@type":"EntryPoint","urlTemplate":"https:\/\/vitablanca.ma\/?s={search_term_string}"},"query-input":{"@type":"PropertyValueSpecification","valueRequired":true,"valueName":"search_term_string"}}],"inLanguage":"en-US"},{"@type":"Organization","@id":"https:\/\/vitablanca.ma\/#organization","name":"VitaBlanca","url":"https:\/\/vitablanca.ma\/","logo":{"@type":"ImageObject","inLanguage":"en-US","@id":"https:\/\/vitablanca.ma\/#\/schema\/logo\/image\/","url":"https:\/\/vitablanca.ma\/wp-content\/uploads\/2025\/05\/cropped-vitablanca.png","contentUrl":"https:\/\/vitablanca.ma\/wp-content\/uploads\/2025\/05\/cropped-vitablanca.png","width":360,"height":67,"caption":"VitaBlanca"},"image":{"@id":"https:\/\/vitablanca.ma\/#\/schema\/logo\/image\/"},"sameAs":["https:\/\/www.facebook.com\/profile.php?id=61576678196717","https:\/\/www.tiktok.com\/@vitablanca.ma","https:\/\/www.instagram.com\/vitablanca.ma\/"]}]}},"jetpack_sharing_enabled":true,"_links":{"self":[{"href":"https:\/\/vitablanca.ma\/en\/wp-json\/wp\/v2\/product\/22143","targetHints":{"allow":["GET"]}}],"collection":[{"href":"https:\/\/vitablanca.ma\/en\/wp-json\/wp\/v2\/product"}],"about":[{"href":"https:\/\/vitablanca.ma\/en\/wp-json\/wp\/v2\/types\/product"}],"wp:featuredmedia":[{"embeddable":true,"href":"https:\/\/vitablanca.ma\/en\/wp-json\/wp\/v2\/media\/22141"}],"wp:attachment":[{"href":"https:\/\/vitablanca.ma\/en\/wp-json\/wp\/v2\/media?parent=22143"}],"wp:term":[{"taxonomy":"product_brand","embeddable":true,"href":"https:\/\/vitablanca.ma\/en\/wp-json\/wp\/v2\/product_brand?post=22143"},{"taxonomy":"product_cat","embeddable":true,"href":"https:\/\/vitablanca.ma\/en\/wp-json\/wp\/v2\/product_cat?post=22143"},{"taxonomy":"product_tag","embeddable":true,"href":"https:\/\/vitablanca.ma\/en\/wp-json\/wp\/v2\/product_tag?post=22143"}],"curies":[{"name":"wp","href":"https:\/\/api.w.org\/{rel}","templated":true}]}}