{"id":22138,"date":"2025-06-11T21:47:17","date_gmt":"2025-06-11T21:47:17","guid":{"rendered":"https:\/\/vitablanca.ma\/product\/super-diet-radis-noir-artichaut-bio-20-ampoules15-ml\/"},"modified":"2026-02-04T22:04:50","modified_gmt":"2026-02-04T22:04:50","slug":"super-diet-radis-noir-artichaut-bio-20-ampoules15-ml","status":"publish","type":"product","link":"https:\/\/vitablanca.ma\/en\/product\/super-diet-radis-noir-artichaut-bio-20-ampoules15-ml\/","title":{"rendered":"Super Diet Organic Black Radish Artichoke 20 Ampoules*15 ml"},"content":{"rendered":"<h2><span data-mce-fragment=\"1\">Super Diet Organic Black Radish Artichoke 20 Ampoules<\/span><\/h2>\n<p><strong>15ml<\/strong><\/p>\n<p>Black radish and artichoke are known to promote healthy liver function.<br \/>\nBlack radish, like artichoke stem leaf, is traditionally used for liver and gallbladder vitality.<br \/>\nThis complex, enhanced with lemon concentrate, will stimulate the liver&#039;s biological functions, including digestive activity, bile flow, and the gallbladder. It also helps balance lipid levels.<br \/>\nThe liver is a bit like the body&#039;s chemical factory, as its metabolic functions are so numerous. In hormonal, circulatory, enzymatic, digestive, assimilation, and blood purification functions, the liver&#039;s action is essential; it is also the only organ that regenerates itself naturally.<br \/>\nWe hardly feel our liver, which is why it is easy to mistreat it, whether through an overly rich and unbalanced diet, toxic products, medications, or bad stress.<br \/>\nThis Black Radish Artichoke complex can be taken as a course of treatment or occasionally.<\/p>\n<h3>Instructions for use:<\/h3>\n<p>Prevention, maintenance: take 1 ampoule per day, pure or diluted in half a glass of water.<\/p>\n<p>Active or supportive treatment: Take one ampoule morning and evening, before meals, and possibly at lunchtime as well.<\/p>\n<p>For 10 days, renewable once or twice, depending on the problem and lifestyle. In the evening, it can be taken after meals to avoid stimulating the appetite.<\/p>\n<p>For pregnant and breastfeeding women, consult your doctor. It is recommended to follow the recommended doses, maintain a varied and balanced diet, and maintain a healthy lifestyle. Keep out of reach of young children. This product is not a medicine.<\/p>\n<h3>Composition :<\/h3>\n<p>Pure Black Radish juice* 12,971 mg** (roots), Apple* and lemon* concentrates, Artichoke fluid extract* 4.9 mg** (leaves), Artichoke dry extract* 450 mg* (leaves), carrier: maltodextrin.<br \/>\n*Ingredient from organic farming.<br \/>\n** Equivalent in dry plant per 15ml ampoule.<br \/>\n*** Per 15ml ampoule.<\/p>","protected":false},"excerpt":{"rendered":"<p>Super Diet Radis Noir Artichaut Bio 20 Ampoules 15ml Le Radis noir et l\u2019Artichaut sont reconnus pour favoriser un bon fonctionnement du foie. Le\u00a0radis noir, tout comme la\u00a0feuille de tige d&rsquo;Artichaut, est traditionnellement utilis\u00e9 pour la vitalit\u00e9 du foie et de la v\u00e9sicule. Ce complexe renforc\u00e9 par du concentr\u00e9 de citron stimulera les fonctions biologiques [&hellip;]<\/p>\n","protected":false},"featured_media":22137,"template":"","meta":{"om_disable_all_campaigns":false},"product_brand":[],"product_cat":[15],"product_tag":[7823,5026,7824,7826,764,7816,7827,7825,7819,7822],"class_list":{"0":"post-22138","1":"product","2":"type-product","3":"status-publish","4":"has-post-thumbnail","6":"product_cat-beaute-sante-complements-alimentaires-soins-et-bien-etre-au-meilleur-prix","7":"product_tag-ampoules-detox-bio","8":"product_tag-bien-etre-digestif","9":"product_tag-complement-alimentaire-foie","10":"product_tag-cure-detox-20-ampoules","11":"product_tag-detox-digestion","12":"product_tag-drainage-naturel","13":"product_tag-minceur-et-elimination","14":"product_tag-plantes-bio-radis-noir-artichaut","15":"product_tag-silhouette-legere","16":"product_tag-super-diet-radis-noir-artichaut-bio","18":"first","19":"instock","20":"sale","21":"taxable","22":"shipping-taxable","23":"purchasable","24":"product-type-simple"},"yoast_head":"<!-- This site is optimized with the Yoast SEO plugin v27.4 - https:\/\/yoast.com\/product\/yoast-seo-wordpress\/ -->\n<title>Super Diet Radis Noir Artichaut Bio 15 ml - Prix Maroc<\/title>\n<meta name=\"description\" content=\"Super Diet Radis Noir Artichaut Bio 20 ampoules favorise l\u2019\u00e9limination, la d\u00e9tox et le bien-\u00eatre digestif gr\u00e2ce \u00e0 sa formule naturelle et bio.\" \/>\n<meta name=\"robots\" content=\"index, follow, max-snippet:-1, max-image-preview:large, max-video-preview:-1\" \/>\n<link rel=\"canonical\" href=\"https:\/\/vitablanca.ma\/en\/product\/super-diet-radis-noir-artichaut-bio-20-ampoules15-ml\/\" \/>\n<meta property=\"og:locale\" content=\"en_US\" \/>\n<meta property=\"og:type\" content=\"article\" \/>\n<meta property=\"og:title\" content=\"Super Diet Radis Noir Artichaut Bio 15 ml - Prix Maroc\" \/>\n<meta property=\"og:description\" content=\"Super Diet Radis Noir Artichaut Bio 20 ampoules favorise l\u2019\u00e9limination, la d\u00e9tox et le bien-\u00eatre digestif gr\u00e2ce \u00e0 sa formule naturelle et bio.\" \/>\n<meta property=\"og:url\" content=\"https:\/\/vitablanca.ma\/en\/product\/super-diet-radis-noir-artichaut-bio-20-ampoules15-ml\/\" \/>\n<meta property=\"og:site_name\" content=\"Vitablanca.ma &ndash; Sant&eacute;, vitalit&eacute; et bien-&ecirc;tre pour tous les Marocains\" \/>\n<meta property=\"article:publisher\" content=\"https:\/\/www.facebook.com\/profile.php?id=61576678196717\" \/>\n<meta property=\"article:modified_time\" content=\"2026-02-04T22:04:50+00:00\" \/>\n<meta property=\"og:image\" content=\"https:\/\/vitablanca.ma\/wp-content\/uploads\/2025\/06\/Super-Diet-Radis-Noir-Artichaut-Bio-20-Ampoules-15-ml-nova-parapharmacie-casablanca.jpg\" \/>\n\t<meta property=\"og:image:width\" content=\"1000\" \/>\n\t<meta property=\"og:image:height\" content=\"1000\" \/>\n\t<meta property=\"og:image:type\" content=\"image\/jpeg\" \/>\n<meta name=\"twitter:card\" content=\"summary_large_image\" \/>\n<meta name=\"twitter:label1\" content=\"Est. reading time\" \/>\n\t<meta name=\"twitter:data1\" content=\"2 minutes\" \/>\n<script type=\"application\/ld+json\" class=\"yoast-schema-graph\">{\"@context\":\"https:\\\/\\\/schema.org\",\"@graph\":[{\"@type\":[\"WebPage\",\"ItemPage\"],\"@id\":\"https:\\\/\\\/vitablanca.ma\\\/produit\\\/super-diet-radis-noir-artichaut-bio-20-ampoules15-ml\\\/\",\"url\":\"https:\\\/\\\/vitablanca.ma\\\/produit\\\/super-diet-radis-noir-artichaut-bio-20-ampoules15-ml\\\/\",\"name\":\"Super Diet Radis Noir Artichaut Bio 15 ml - Prix Maroc\",\"isPartOf\":{\"@id\":\"https:\\\/\\\/vitablanca.ma\\\/#website\"},\"primaryImageOfPage\":{\"@id\":\"https:\\\/\\\/vitablanca.ma\\\/produit\\\/super-diet-radis-noir-artichaut-bio-20-ampoules15-ml\\\/#primaryimage\"},\"image\":{\"@id\":\"https:\\\/\\\/vitablanca.ma\\\/produit\\\/super-diet-radis-noir-artichaut-bio-20-ampoules15-ml\\\/#primaryimage\"},\"thumbnailUrl\":\"https:\\\/\\\/vitablanca.ma\\\/wp-content\\\/uploads\\\/2025\\\/06\\\/Super-Diet-Radis-Noir-Artichaut-Bio-20-Ampoules-15-ml-nova-parapharmacie-casablanca.jpg\",\"datePublished\":\"2025-06-11T21:47:17+00:00\",\"dateModified\":\"2026-02-04T22:04:50+00:00\",\"description\":\"Super Diet Radis Noir Artichaut Bio 20 ampoules favorise l\u2019\u00e9limination, la d\u00e9tox et le bien-\u00eatre digestif gr\u00e2ce \u00e0 sa formule naturelle et bio.\",\"breadcrumb\":{\"@id\":\"https:\\\/\\\/vitablanca.ma\\\/produit\\\/super-diet-radis-noir-artichaut-bio-20-ampoules15-ml\\\/#breadcrumb\"},\"inLanguage\":\"en-US\",\"potentialAction\":[{\"@type\":\"ReadAction\",\"target\":[\"https:\\\/\\\/vitablanca.ma\\\/produit\\\/super-diet-radis-noir-artichaut-bio-20-ampoules15-ml\\\/\"]}]},{\"@type\":\"ImageObject\",\"inLanguage\":\"en-US\",\"@id\":\"https:\\\/\\\/vitablanca.ma\\\/produit\\\/super-diet-radis-noir-artichaut-bio-20-ampoules15-ml\\\/#primaryimage\",\"url\":\"https:\\\/\\\/vitablanca.ma\\\/wp-content\\\/uploads\\\/2025\\\/06\\\/Super-Diet-Radis-Noir-Artichaut-Bio-20-Ampoules-15-ml-nova-parapharmacie-casablanca.jpg\",\"contentUrl\":\"https:\\\/\\\/vitablanca.ma\\\/wp-content\\\/uploads\\\/2025\\\/06\\\/Super-Diet-Radis-Noir-Artichaut-Bio-20-Ampoules-15-ml-nova-parapharmacie-casablanca.jpg\",\"width\":1000,\"height\":1000},{\"@type\":\"BreadcrumbList\",\"@id\":\"https:\\\/\\\/vitablanca.ma\\\/produit\\\/super-diet-radis-noir-artichaut-bio-20-ampoules15-ml\\\/#breadcrumb\",\"itemListElement\":[{\"@type\":\"ListItem\",\"position\":1,\"name\":\"Home\",\"item\":\"https:\\\/\\\/vitablanca.ma\\\/\"},{\"@type\":\"ListItem\",\"position\":2,\"name\":\"Tous Les Produits\",\"item\":\"https:\\\/\\\/vitablanca.ma\\\/tous-les-produits\\\/\"},{\"@type\":\"ListItem\",\"position\":3,\"name\":\"Super Diet Radis Noir Artichaut Bio 20 Ampoules*15 ml\"}]},{\"@type\":\"WebSite\",\"@id\":\"https:\\\/\\\/vitablanca.ma\\\/#website\",\"url\":\"https:\\\/\\\/vitablanca.ma\\\/\",\"name\":\"VitaBlanca.ma | Compl\u00e9ments alimentaires, sant\u00e9 & beaut\u00e9 au Maroc\",\"description\":\"vendre vitamines et compl\u00e9ments premium des USA &amp; Canada, Nouvelle Z\u00e9lande,Maroc (NOW Foods, Solgar, Manuka). Livraison rapide partout au Maroc.\",\"publisher\":{\"@id\":\"https:\\\/\\\/vitablanca.ma\\\/#organization\"},\"alternateName\":\"VitaBlanca.ma\",\"potentialAction\":[{\"@type\":\"SearchAction\",\"target\":{\"@type\":\"EntryPoint\",\"urlTemplate\":\"https:\\\/\\\/vitablanca.ma\\\/?s={search_term_string}\"},\"query-input\":{\"@type\":\"PropertyValueSpecification\",\"valueRequired\":true,\"valueName\":\"search_term_string\"}}],\"inLanguage\":\"en-US\"},{\"@type\":\"Organization\",\"@id\":\"https:\\\/\\\/vitablanca.ma\\\/#organization\",\"name\":\"VitaBlanca\",\"url\":\"https:\\\/\\\/vitablanca.ma\\\/\",\"logo\":{\"@type\":\"ImageObject\",\"inLanguage\":\"en-US\",\"@id\":\"https:\\\/\\\/vitablanca.ma\\\/#\\\/schema\\\/logo\\\/image\\\/\",\"url\":\"https:\\\/\\\/vitablanca.ma\\\/wp-content\\\/uploads\\\/2025\\\/05\\\/cropped-vitablanca.png\",\"contentUrl\":\"https:\\\/\\\/vitablanca.ma\\\/wp-content\\\/uploads\\\/2025\\\/05\\\/cropped-vitablanca.png\",\"width\":360,\"height\":67,\"caption\":\"VitaBlanca\"},\"image\":{\"@id\":\"https:\\\/\\\/vitablanca.ma\\\/#\\\/schema\\\/logo\\\/image\\\/\"},\"sameAs\":[\"https:\\\/\\\/www.facebook.com\\\/profile.php?id=61576678196717\",\"https:\\\/\\\/www.tiktok.com\\\/@vitablanca.ma\",\"https:\\\/\\\/www.instagram.com\\\/vitablanca.ma\\\/\"]}]}<\/script>\n<!-- \/ Yoast SEO plugin. -->","yoast_head_json":{"title":"Super Diet Radis Noir Artichaut Bio 15 ml - Prix Maroc","description":"Super Diet Radis Noir Artichaut Bio 20 ampoules favorise l\u2019\u00e9limination, la d\u00e9tox et le bien-\u00eatre digestif gr\u00e2ce \u00e0 sa formule naturelle et bio.","robots":{"index":"index","follow":"follow","max-snippet":"max-snippet:-1","max-image-preview":"max-image-preview:large","max-video-preview":"max-video-preview:-1"},"canonical":"https:\/\/vitablanca.ma\/en\/product\/super-diet-radis-noir-artichaut-bio-20-ampoules15-ml\/","og_locale":"en_US","og_type":"article","og_title":"Super Diet Radis Noir Artichaut Bio 15 ml - Prix Maroc","og_description":"Super Diet Radis Noir Artichaut Bio 20 ampoules favorise l\u2019\u00e9limination, la d\u00e9tox et le bien-\u00eatre digestif gr\u00e2ce \u00e0 sa formule naturelle et bio.","og_url":"https:\/\/vitablanca.ma\/en\/product\/super-diet-radis-noir-artichaut-bio-20-ampoules15-ml\/","og_site_name":"Vitablanca.ma &ndash; Sant&eacute;, vitalit&eacute; et bien-&ecirc;tre pour tous les Marocains","article_publisher":"https:\/\/www.facebook.com\/profile.php?id=61576678196717","article_modified_time":"2026-02-04T22:04:50+00:00","og_image":[{"width":1000,"height":1000,"url":"https:\/\/vitablanca.ma\/wp-content\/uploads\/2025\/06\/Super-Diet-Radis-Noir-Artichaut-Bio-20-Ampoules-15-ml-nova-parapharmacie-casablanca.jpg","type":"image\/jpeg"}],"twitter_card":"summary_large_image","twitter_misc":{"Est. reading time":"2 minutes"},"schema":{"@context":"https:\/\/schema.org","@graph":[{"@type":["WebPage","ItemPage"],"@id":"https:\/\/vitablanca.ma\/produit\/super-diet-radis-noir-artichaut-bio-20-ampoules15-ml\/","url":"https:\/\/vitablanca.ma\/produit\/super-diet-radis-noir-artichaut-bio-20-ampoules15-ml\/","name":"Super Diet Radis Noir Artichaut Bio 15 ml - Prix Maroc","isPartOf":{"@id":"https:\/\/vitablanca.ma\/#website"},"primaryImageOfPage":{"@id":"https:\/\/vitablanca.ma\/produit\/super-diet-radis-noir-artichaut-bio-20-ampoules15-ml\/#primaryimage"},"image":{"@id":"https:\/\/vitablanca.ma\/produit\/super-diet-radis-noir-artichaut-bio-20-ampoules15-ml\/#primaryimage"},"thumbnailUrl":"https:\/\/vitablanca.ma\/wp-content\/uploads\/2025\/06\/Super-Diet-Radis-Noir-Artichaut-Bio-20-Ampoules-15-ml-nova-parapharmacie-casablanca.jpg","datePublished":"2025-06-11T21:47:17+00:00","dateModified":"2026-02-04T22:04:50+00:00","description":"Super Diet Radis Noir Artichaut Bio 20 ampoules favorise l\u2019\u00e9limination, la d\u00e9tox et le bien-\u00eatre digestif gr\u00e2ce \u00e0 sa formule naturelle et bio.","breadcrumb":{"@id":"https:\/\/vitablanca.ma\/produit\/super-diet-radis-noir-artichaut-bio-20-ampoules15-ml\/#breadcrumb"},"inLanguage":"en-US","potentialAction":[{"@type":"ReadAction","target":["https:\/\/vitablanca.ma\/produit\/super-diet-radis-noir-artichaut-bio-20-ampoules15-ml\/"]}]},{"@type":"ImageObject","inLanguage":"en-US","@id":"https:\/\/vitablanca.ma\/produit\/super-diet-radis-noir-artichaut-bio-20-ampoules15-ml\/#primaryimage","url":"https:\/\/vitablanca.ma\/wp-content\/uploads\/2025\/06\/Super-Diet-Radis-Noir-Artichaut-Bio-20-Ampoules-15-ml-nova-parapharmacie-casablanca.jpg","contentUrl":"https:\/\/vitablanca.ma\/wp-content\/uploads\/2025\/06\/Super-Diet-Radis-Noir-Artichaut-Bio-20-Ampoules-15-ml-nova-parapharmacie-casablanca.jpg","width":1000,"height":1000},{"@type":"BreadcrumbList","@id":"https:\/\/vitablanca.ma\/produit\/super-diet-radis-noir-artichaut-bio-20-ampoules15-ml\/#breadcrumb","itemListElement":[{"@type":"ListItem","position":1,"name":"Home","item":"https:\/\/vitablanca.ma\/"},{"@type":"ListItem","position":2,"name":"Tous Les Produits","item":"https:\/\/vitablanca.ma\/tous-les-produits\/"},{"@type":"ListItem","position":3,"name":"Super Diet Radis Noir Artichaut Bio 20 Ampoules*15 ml"}]},{"@type":"WebSite","@id":"https:\/\/vitablanca.ma\/#website","url":"https:\/\/vitablanca.ma\/","name":"VitaBlanca.ma | Food supplements, health &amp; beauty in Morocco","description":"sell premium vitamins and supplements from USA &amp; Canada, New Zealand, Morocco (NOW Foods, Solgar, Manuka). Fast delivery anywhere in Morocco.","publisher":{"@id":"https:\/\/vitablanca.ma\/#organization"},"alternateName":"VitaBlanca.ma","potentialAction":[{"@type":"SearchAction","target":{"@type":"EntryPoint","urlTemplate":"https:\/\/vitablanca.ma\/?s={search_term_string}"},"query-input":{"@type":"PropertyValueSpecification","valueRequired":true,"valueName":"search_term_string"}}],"inLanguage":"en-US"},{"@type":"Organization","@id":"https:\/\/vitablanca.ma\/#organization","name":"VitaBlanca","url":"https:\/\/vitablanca.ma\/","logo":{"@type":"ImageObject","inLanguage":"en-US","@id":"https:\/\/vitablanca.ma\/#\/schema\/logo\/image\/","url":"https:\/\/vitablanca.ma\/wp-content\/uploads\/2025\/05\/cropped-vitablanca.png","contentUrl":"https:\/\/vitablanca.ma\/wp-content\/uploads\/2025\/05\/cropped-vitablanca.png","width":360,"height":67,"caption":"VitaBlanca"},"image":{"@id":"https:\/\/vitablanca.ma\/#\/schema\/logo\/image\/"},"sameAs":["https:\/\/www.facebook.com\/profile.php?id=61576678196717","https:\/\/www.tiktok.com\/@vitablanca.ma","https:\/\/www.instagram.com\/vitablanca.ma\/"]}]}},"jetpack_sharing_enabled":true,"_links":{"self":[{"href":"https:\/\/vitablanca.ma\/en\/wp-json\/wp\/v2\/product\/22138","targetHints":{"allow":["GET"]}}],"collection":[{"href":"https:\/\/vitablanca.ma\/en\/wp-json\/wp\/v2\/product"}],"about":[{"href":"https:\/\/vitablanca.ma\/en\/wp-json\/wp\/v2\/types\/product"}],"wp:featuredmedia":[{"embeddable":true,"href":"https:\/\/vitablanca.ma\/en\/wp-json\/wp\/v2\/media\/22137"}],"wp:attachment":[{"href":"https:\/\/vitablanca.ma\/en\/wp-json\/wp\/v2\/media?parent=22138"}],"wp:term":[{"taxonomy":"product_brand","embeddable":true,"href":"https:\/\/vitablanca.ma\/en\/wp-json\/wp\/v2\/product_brand?post=22138"},{"taxonomy":"product_cat","embeddable":true,"href":"https:\/\/vitablanca.ma\/en\/wp-json\/wp\/v2\/product_cat?post=22138"},{"taxonomy":"product_tag","embeddable":true,"href":"https:\/\/vitablanca.ma\/en\/wp-json\/wp\/v2\/product_tag?post=22138"}],"curies":[{"name":"wp","href":"https:\/\/api.w.org\/{rel}","templated":true}]}}