{"id":22130,"date":"2025-06-11T21:47:09","date_gmt":"2025-06-11T21:47:09","guid":{"rendered":"https:\/\/vitablanca.ma\/product\/hygiaflore-transit-comprimes-super-ventre-plat-diet-150-comprimes\/"},"modified":"2026-02-04T22:09:03","modified_gmt":"2026-02-04T22:09:03","slug":"hygiaflore-transit-comprimes-super-ventre-plat-diet-150-comprimes","status":"publish","type":"product","link":"https:\/\/vitablanca.ma\/en\/product\/hygiaflore-transit-comprimes-super-ventre-plat-diet-150-comprimes\/","title":{"rendered":"Hygiaflore Transit Tablets Super Flat Stomach Diet 150 Tablets"},"content":{"rendered":"<h2><span data-mce-fragment=\"1\"><span data-mce-fragment=\"1\">Hygiaflore Transit Tablets Super Flat Stomach Diet\u00a0<\/span><\/span>A natural solution to speed up transit.<\/h2>\n<p>150 Tablets<\/p>\n<p>A\u00a0<b>slow transit<\/b>\u00a0and difficult digestion are the source of many discomforts:<b>swollen belly<\/b>,\u00a0<b>bloating<\/b>, intestinal gas, heaviness, etc. To soothe these symptoms and help restore good intestinal comfort, Super Diet has designed natural food supplements\u00a0<b>Hygiaflore Flat Stomach<\/b>These act immediately and allow you to:<\/p>\n<ul>\n<li>Stimulate transit<\/li>\n<li><b>Deflate the belly<\/b><\/li>\n<li>Fight bloating<\/li>\n<li>Accelerate the elimination of toxins without harming the proper assimilation of essential nutrients<\/li>\n<li>Strengthen intestinal flora<\/li>\n<\/ul>\n<p>By helping you regain comfort and lightness, Hygiaflore boosts vitality and a feeling of well-being. Its effects\u00a0<b>detoxifiers<\/b>\u00a0are also felt on the skin and complexion, which regains all its radiance.<\/p>\n<h3>Herbal medicine to relieve difficult digestion<\/h3>\n<p>Effective and non-aggressive for the body, Hygiaflore is a concentrate of\u00a0<b>plants<\/b>\u00a0and of\u00a0<b>probiotics<\/b>\u00a0Designed to respect the balance of the digestive system, and even strengthen it. To ensure an immediate effect and without health risks, its formula is natural and healthy. It contains:<\/p>\n<ul>\n<li>From the\u00a0<b>Rhubarb<\/b>\u00a0: its roots are very rich in fiber, known to promote intestinal transit.<\/li>\n<li>From the\u00a0<b>Coriander<\/b>, of\u00a0<b>Basil<\/b>, of the\u00a0<b>Pale Pink<\/b>, of the<b>Artichoke<\/b>\u00a0and of the\u00a0<b>Marshmallow<\/b>\u00a0: digestive, these plants support the work of the intestines and promote the elimination of toxins.<\/li>\n<li>From the\u00a0<b>Brewer&#039;s Yeast<\/b>\u00a0and\u00a0<b>Lactic Ferments<\/b>\u00a0: loaded with probiotics, they strengthen the intestinal flora, essential for the proper functioning of the intestine.<\/li>\n<\/ul>\n<p>True\u00a0<b>anti-bloating remedy<\/b>, it quickly relieves by bringing a feeling of well-being and lightness.<\/p>\n<p>Discover Hygiaflore Transit Flat Stomach, inexpensively on Parapharmazen.<\/p>\n<h3>Directions for use:<\/h3>\n<p>At the beginning of the treatment, take 1 tablet in the evening. Gradually increase the dose, never exceeding more than 4 tablets per day. The duration of a Hygiaflore treatment should last a maximum of 10 days, as this dietary supplement cannot be taken for prolonged periods.<\/p>\n<p>It is reserved for adults and not recommended for pregnant and breastfeeding women. People allergic to plants of the Asteraceae family should not consume it.<\/p>\n<p>If you are taking any medication or are prone to diabetes, please consult your doctor before taking Hygiaflore. Always leave a 2-hour gap between taking your medication and taking Hygiaflore.<\/p>\n<p>Avoid this product if you have gastrointestinal disease, biliary obstruction, kidney problems, or dehydration.<\/p>\n<p>Never exceed the recommended dose. This supplement cannot replace a balanced diet and a healthy lifestyle.<\/p>\n<h3>Composition :<\/h3>\n<p>Rhubarb (root), Marshmallow (root), Pale rose (petal), Artichoke (bract) (carrier: maltodextrin, antioxidant: citric acid), Basil (leaf), Coriander (fruit), Brewer&#039;s yeast (gluten), Anti-caking agent: tricalcium phosphate, Potato dextrin, Tyndalized lactic ferments (carrier: maltodextrin): Bifidobacterium bifidum, Lactobacillus acidophilus.<\/p>","protected":false},"excerpt":{"rendered":"<p>Hygiaflore Transit Comprim\u00e9s Super Ventre Plat Diet\u00a0Une solution naturelle pour acc\u00e9l\u00e9rer le transit. 150 Comprimes Un\u00a0transit lent\u00a0et une digestion difficile sont source de nombreux inconforts :ventre gonfl\u00e9,\u00a0ballonnements, gaz intestinaux, lourdeurs,\u00a0\u2026 Pour apaiser ces sympt\u00f4mes et contribuer \u00e0 restaurer un bon confort intestinal, Super Diet a con\u00e7u les compl\u00e9ments alimentaires naturels\u00a0Hygiaflore Ventre Plat. Ces derniers agissent [&hellip;]<\/p>\n","protected":false},"featured_media":22129,"template":"","meta":{"om_disable_all_campaigns":false},"product_brand":[],"product_cat":[15],"product_tag":[7798,7006,3449,1754,7803,7802,7796,7805,7800,7799,7804,7797,4274,803,7801],"class_list":{"0":"post-22130","1":"product","2":"type-product","3":"status-publish","4":"has-post-thumbnail","6":"product_cat-beaute-sante-complements-alimentaires-soins-et-bien-etre-au-meilleur-prix","7":"product_tag-ballonnements-intestinaux","8":"product_tag-bien-etre-intestinal","9":"product_tag-complement-alimentaire-digestion","10":"product_tag-confort-digestif","11":"product_tag-cure-digestion","12":"product_tag-digestion-facile","13":"product_tag-hygiaflore-transit","14":"product_tag-legerete-ventre","15":"product_tag-plantes-digestives","16":"product_tag-probiotiques-naturels","17":"product_tag-regulation-intestinale","18":"product_tag-super-ventre-plat-diet","19":"product_tag-transit-intestinal","20":"product_tag-transit-regulier","21":"product_tag-ventre-plat","23":"first","24":"instock","25":"sale","26":"taxable","27":"shipping-taxable","28":"purchasable","29":"product-type-simple"},"yoast_head":"<!-- This site is optimized with the Yoast SEO plugin v27.4 - https:\/\/yoast.com\/product\/yoast-seo-wordpress\/ -->\n<title>Hygiaflore Transit Comprim\u00e9s 150 Comprim\u00e9s - Maroc Prix<\/title>\n<meta name=\"description\" content=\"Hygiaflore Transit 150 comprim\u00e9s favorise le transit intestinal, r\u00e9duit les ballonnements et aide \u00e0 un ventre plat gr\u00e2ce \u00e0 sa formule naturelle et efficace.\" \/>\n<meta name=\"robots\" content=\"index, follow, max-snippet:-1, max-image-preview:large, max-video-preview:-1\" \/>\n<link rel=\"canonical\" href=\"https:\/\/vitablanca.ma\/en\/product\/hygiaflore-transit-comprimes-super-ventre-plat-diet-150-comprimes\/\" \/>\n<meta property=\"og:locale\" content=\"en_US\" \/>\n<meta property=\"og:type\" content=\"article\" \/>\n<meta property=\"og:title\" content=\"Hygiaflore Transit Comprim\u00e9s 150 Comprim\u00e9s - Maroc Prix\" \/>\n<meta property=\"og:description\" content=\"Hygiaflore Transit 150 comprim\u00e9s favorise le transit intestinal, r\u00e9duit les ballonnements et aide \u00e0 un ventre plat gr\u00e2ce \u00e0 sa formule naturelle et efficace.\" \/>\n<meta property=\"og:url\" content=\"https:\/\/vitablanca.ma\/en\/product\/hygiaflore-transit-comprimes-super-ventre-plat-diet-150-comprimes\/\" \/>\n<meta property=\"og:site_name\" content=\"Vitablanca.ma &ndash; Sant&eacute;, vitalit&eacute; et bien-&ecirc;tre pour tous les Marocains\" \/>\n<meta property=\"article:publisher\" content=\"https:\/\/www.facebook.com\/profile.php?id=61576678196717\" \/>\n<meta property=\"article:modified_time\" content=\"2026-02-04T22:09:03+00:00\" \/>\n<meta property=\"og:image\" content=\"https:\/\/vitablanca.ma\/wp-content\/uploads\/2025\/06\/Hygiaflore-Transit-Comprimes-Super-Ventre-Plat-Diet-150-Comprimes-nova-parapharmacie-casablanca.jpg\" \/>\n\t<meta property=\"og:image:width\" content=\"1000\" \/>\n\t<meta property=\"og:image:height\" content=\"1000\" \/>\n\t<meta property=\"og:image:type\" content=\"image\/jpeg\" \/>\n<meta name=\"twitter:card\" content=\"summary_large_image\" \/>\n<meta name=\"twitter:label1\" content=\"Est. reading time\" \/>\n\t<meta name=\"twitter:data1\" content=\"3 minutes\" \/>\n<script type=\"application\/ld+json\" class=\"yoast-schema-graph\">{\"@context\":\"https:\\\/\\\/schema.org\",\"@graph\":[{\"@type\":[\"WebPage\",\"ItemPage\"],\"@id\":\"https:\\\/\\\/vitablanca.ma\\\/produit\\\/hygiaflore-transit-comprimes-super-ventre-plat-diet-150-comprimes\\\/\",\"url\":\"https:\\\/\\\/vitablanca.ma\\\/produit\\\/hygiaflore-transit-comprimes-super-ventre-plat-diet-150-comprimes\\\/\",\"name\":\"Hygiaflore Transit Comprim\u00e9s 150 Comprim\u00e9s - Maroc Prix\",\"isPartOf\":{\"@id\":\"https:\\\/\\\/vitablanca.ma\\\/#website\"},\"primaryImageOfPage\":{\"@id\":\"https:\\\/\\\/vitablanca.ma\\\/produit\\\/hygiaflore-transit-comprimes-super-ventre-plat-diet-150-comprimes\\\/#primaryimage\"},\"image\":{\"@id\":\"https:\\\/\\\/vitablanca.ma\\\/produit\\\/hygiaflore-transit-comprimes-super-ventre-plat-diet-150-comprimes\\\/#primaryimage\"},\"thumbnailUrl\":\"https:\\\/\\\/vitablanca.ma\\\/wp-content\\\/uploads\\\/2025\\\/06\\\/Hygiaflore-Transit-Comprimes-Super-Ventre-Plat-Diet-150-Comprimes-nova-parapharmacie-casablanca.jpg\",\"datePublished\":\"2025-06-11T21:47:09+00:00\",\"dateModified\":\"2026-02-04T22:09:03+00:00\",\"description\":\"Hygiaflore Transit 150 comprim\u00e9s favorise le transit intestinal, r\u00e9duit les ballonnements et aide \u00e0 un ventre plat gr\u00e2ce \u00e0 sa formule naturelle et efficace.\",\"breadcrumb\":{\"@id\":\"https:\\\/\\\/vitablanca.ma\\\/produit\\\/hygiaflore-transit-comprimes-super-ventre-plat-diet-150-comprimes\\\/#breadcrumb\"},\"inLanguage\":\"en-US\",\"potentialAction\":[{\"@type\":\"ReadAction\",\"target\":[\"https:\\\/\\\/vitablanca.ma\\\/produit\\\/hygiaflore-transit-comprimes-super-ventre-plat-diet-150-comprimes\\\/\"]}]},{\"@type\":\"ImageObject\",\"inLanguage\":\"en-US\",\"@id\":\"https:\\\/\\\/vitablanca.ma\\\/produit\\\/hygiaflore-transit-comprimes-super-ventre-plat-diet-150-comprimes\\\/#primaryimage\",\"url\":\"https:\\\/\\\/vitablanca.ma\\\/wp-content\\\/uploads\\\/2025\\\/06\\\/Hygiaflore-Transit-Comprimes-Super-Ventre-Plat-Diet-150-Comprimes-nova-parapharmacie-casablanca.jpg\",\"contentUrl\":\"https:\\\/\\\/vitablanca.ma\\\/wp-content\\\/uploads\\\/2025\\\/06\\\/Hygiaflore-Transit-Comprimes-Super-Ventre-Plat-Diet-150-Comprimes-nova-parapharmacie-casablanca.jpg\",\"width\":1000,\"height\":1000},{\"@type\":\"BreadcrumbList\",\"@id\":\"https:\\\/\\\/vitablanca.ma\\\/produit\\\/hygiaflore-transit-comprimes-super-ventre-plat-diet-150-comprimes\\\/#breadcrumb\",\"itemListElement\":[{\"@type\":\"ListItem\",\"position\":1,\"name\":\"Home\",\"item\":\"https:\\\/\\\/vitablanca.ma\\\/\"},{\"@type\":\"ListItem\",\"position\":2,\"name\":\"Tous Les Produits\",\"item\":\"https:\\\/\\\/vitablanca.ma\\\/tous-les-produits\\\/\"},{\"@type\":\"ListItem\",\"position\":3,\"name\":\"Hygiaflore Transit Comprim\u00e9s Super Ventre Plat Diet 150 Comprim\u00e9s\"}]},{\"@type\":\"WebSite\",\"@id\":\"https:\\\/\\\/vitablanca.ma\\\/#website\",\"url\":\"https:\\\/\\\/vitablanca.ma\\\/\",\"name\":\"VitaBlanca.ma | Compl\u00e9ments alimentaires, sant\u00e9 & beaut\u00e9 au Maroc\",\"description\":\"vendre vitamines et compl\u00e9ments premium des USA &amp; Canada, Nouvelle Z\u00e9lande,Maroc (NOW Foods, Solgar, Manuka). Livraison rapide partout au Maroc.\",\"publisher\":{\"@id\":\"https:\\\/\\\/vitablanca.ma\\\/#organization\"},\"alternateName\":\"VitaBlanca.ma\",\"potentialAction\":[{\"@type\":\"SearchAction\",\"target\":{\"@type\":\"EntryPoint\",\"urlTemplate\":\"https:\\\/\\\/vitablanca.ma\\\/?s={search_term_string}\"},\"query-input\":{\"@type\":\"PropertyValueSpecification\",\"valueRequired\":true,\"valueName\":\"search_term_string\"}}],\"inLanguage\":\"en-US\"},{\"@type\":\"Organization\",\"@id\":\"https:\\\/\\\/vitablanca.ma\\\/#organization\",\"name\":\"VitaBlanca\",\"url\":\"https:\\\/\\\/vitablanca.ma\\\/\",\"logo\":{\"@type\":\"ImageObject\",\"inLanguage\":\"en-US\",\"@id\":\"https:\\\/\\\/vitablanca.ma\\\/#\\\/schema\\\/logo\\\/image\\\/\",\"url\":\"https:\\\/\\\/vitablanca.ma\\\/wp-content\\\/uploads\\\/2025\\\/05\\\/cropped-vitablanca.png\",\"contentUrl\":\"https:\\\/\\\/vitablanca.ma\\\/wp-content\\\/uploads\\\/2025\\\/05\\\/cropped-vitablanca.png\",\"width\":360,\"height\":67,\"caption\":\"VitaBlanca\"},\"image\":{\"@id\":\"https:\\\/\\\/vitablanca.ma\\\/#\\\/schema\\\/logo\\\/image\\\/\"},\"sameAs\":[\"https:\\\/\\\/www.facebook.com\\\/profile.php?id=61576678196717\",\"https:\\\/\\\/www.tiktok.com\\\/@vitablanca.ma\",\"https:\\\/\\\/www.instagram.com\\\/vitablanca.ma\\\/\"]}]}<\/script>\n<!-- \/ Yoast SEO plugin. -->","yoast_head_json":{"title":"Hygiaflore Transit Comprim\u00e9s 150 Comprim\u00e9s - Maroc Prix","description":"Hygiaflore Transit 150 comprim\u00e9s favorise le transit intestinal, r\u00e9duit les ballonnements et aide \u00e0 un ventre plat gr\u00e2ce \u00e0 sa formule naturelle et efficace.","robots":{"index":"index","follow":"follow","max-snippet":"max-snippet:-1","max-image-preview":"max-image-preview:large","max-video-preview":"max-video-preview:-1"},"canonical":"https:\/\/vitablanca.ma\/en\/product\/hygiaflore-transit-comprimes-super-ventre-plat-diet-150-comprimes\/","og_locale":"en_US","og_type":"article","og_title":"Hygiaflore Transit Comprim\u00e9s 150 Comprim\u00e9s - Maroc Prix","og_description":"Hygiaflore Transit 150 comprim\u00e9s favorise le transit intestinal, r\u00e9duit les ballonnements et aide \u00e0 un ventre plat gr\u00e2ce \u00e0 sa formule naturelle et efficace.","og_url":"https:\/\/vitablanca.ma\/en\/product\/hygiaflore-transit-comprimes-super-ventre-plat-diet-150-comprimes\/","og_site_name":"Vitablanca.ma &ndash; Sant&eacute;, vitalit&eacute; et bien-&ecirc;tre pour tous les Marocains","article_publisher":"https:\/\/www.facebook.com\/profile.php?id=61576678196717","article_modified_time":"2026-02-04T22:09:03+00:00","og_image":[{"width":1000,"height":1000,"url":"https:\/\/vitablanca.ma\/wp-content\/uploads\/2025\/06\/Hygiaflore-Transit-Comprimes-Super-Ventre-Plat-Diet-150-Comprimes-nova-parapharmacie-casablanca.jpg","type":"image\/jpeg"}],"twitter_card":"summary_large_image","twitter_misc":{"Est. reading time":"3 minutes"},"schema":{"@context":"https:\/\/schema.org","@graph":[{"@type":["WebPage","ItemPage"],"@id":"https:\/\/vitablanca.ma\/produit\/hygiaflore-transit-comprimes-super-ventre-plat-diet-150-comprimes\/","url":"https:\/\/vitablanca.ma\/produit\/hygiaflore-transit-comprimes-super-ventre-plat-diet-150-comprimes\/","name":"Hygiaflore Transit Comprim\u00e9s 150 Comprim\u00e9s - Maroc Prix","isPartOf":{"@id":"https:\/\/vitablanca.ma\/#website"},"primaryImageOfPage":{"@id":"https:\/\/vitablanca.ma\/produit\/hygiaflore-transit-comprimes-super-ventre-plat-diet-150-comprimes\/#primaryimage"},"image":{"@id":"https:\/\/vitablanca.ma\/produit\/hygiaflore-transit-comprimes-super-ventre-plat-diet-150-comprimes\/#primaryimage"},"thumbnailUrl":"https:\/\/vitablanca.ma\/wp-content\/uploads\/2025\/06\/Hygiaflore-Transit-Comprimes-Super-Ventre-Plat-Diet-150-Comprimes-nova-parapharmacie-casablanca.jpg","datePublished":"2025-06-11T21:47:09+00:00","dateModified":"2026-02-04T22:09:03+00:00","description":"Hygiaflore Transit 150 comprim\u00e9s favorise le transit intestinal, r\u00e9duit les ballonnements et aide \u00e0 un ventre plat gr\u00e2ce \u00e0 sa formule naturelle et efficace.","breadcrumb":{"@id":"https:\/\/vitablanca.ma\/produit\/hygiaflore-transit-comprimes-super-ventre-plat-diet-150-comprimes\/#breadcrumb"},"inLanguage":"en-US","potentialAction":[{"@type":"ReadAction","target":["https:\/\/vitablanca.ma\/produit\/hygiaflore-transit-comprimes-super-ventre-plat-diet-150-comprimes\/"]}]},{"@type":"ImageObject","inLanguage":"en-US","@id":"https:\/\/vitablanca.ma\/produit\/hygiaflore-transit-comprimes-super-ventre-plat-diet-150-comprimes\/#primaryimage","url":"https:\/\/vitablanca.ma\/wp-content\/uploads\/2025\/06\/Hygiaflore-Transit-Comprimes-Super-Ventre-Plat-Diet-150-Comprimes-nova-parapharmacie-casablanca.jpg","contentUrl":"https:\/\/vitablanca.ma\/wp-content\/uploads\/2025\/06\/Hygiaflore-Transit-Comprimes-Super-Ventre-Plat-Diet-150-Comprimes-nova-parapharmacie-casablanca.jpg","width":1000,"height":1000},{"@type":"BreadcrumbList","@id":"https:\/\/vitablanca.ma\/produit\/hygiaflore-transit-comprimes-super-ventre-plat-diet-150-comprimes\/#breadcrumb","itemListElement":[{"@type":"ListItem","position":1,"name":"Home","item":"https:\/\/vitablanca.ma\/"},{"@type":"ListItem","position":2,"name":"Tous Les Produits","item":"https:\/\/vitablanca.ma\/tous-les-produits\/"},{"@type":"ListItem","position":3,"name":"Hygiaflore Transit Comprim\u00e9s Super Ventre Plat Diet 150 Comprim\u00e9s"}]},{"@type":"WebSite","@id":"https:\/\/vitablanca.ma\/#website","url":"https:\/\/vitablanca.ma\/","name":"VitaBlanca.ma | Food supplements, health &amp; beauty in Morocco","description":"sell premium vitamins and supplements from USA &amp; Canada, New Zealand, Morocco (NOW Foods, Solgar, Manuka). Fast delivery anywhere in Morocco.","publisher":{"@id":"https:\/\/vitablanca.ma\/#organization"},"alternateName":"VitaBlanca.ma","potentialAction":[{"@type":"SearchAction","target":{"@type":"EntryPoint","urlTemplate":"https:\/\/vitablanca.ma\/?s={search_term_string}"},"query-input":{"@type":"PropertyValueSpecification","valueRequired":true,"valueName":"search_term_string"}}],"inLanguage":"en-US"},{"@type":"Organization","@id":"https:\/\/vitablanca.ma\/#organization","name":"VitaBlanca","url":"https:\/\/vitablanca.ma\/","logo":{"@type":"ImageObject","inLanguage":"en-US","@id":"https:\/\/vitablanca.ma\/#\/schema\/logo\/image\/","url":"https:\/\/vitablanca.ma\/wp-content\/uploads\/2025\/05\/cropped-vitablanca.png","contentUrl":"https:\/\/vitablanca.ma\/wp-content\/uploads\/2025\/05\/cropped-vitablanca.png","width":360,"height":67,"caption":"VitaBlanca"},"image":{"@id":"https:\/\/vitablanca.ma\/#\/schema\/logo\/image\/"},"sameAs":["https:\/\/www.facebook.com\/profile.php?id=61576678196717","https:\/\/www.tiktok.com\/@vitablanca.ma","https:\/\/www.instagram.com\/vitablanca.ma\/"]}]}},"jetpack_sharing_enabled":true,"_links":{"self":[{"href":"https:\/\/vitablanca.ma\/en\/wp-json\/wp\/v2\/product\/22130","targetHints":{"allow":["GET"]}}],"collection":[{"href":"https:\/\/vitablanca.ma\/en\/wp-json\/wp\/v2\/product"}],"about":[{"href":"https:\/\/vitablanca.ma\/en\/wp-json\/wp\/v2\/types\/product"}],"wp:featuredmedia":[{"embeddable":true,"href":"https:\/\/vitablanca.ma\/en\/wp-json\/wp\/v2\/media\/22129"}],"wp:attachment":[{"href":"https:\/\/vitablanca.ma\/en\/wp-json\/wp\/v2\/media?parent=22130"}],"wp:term":[{"taxonomy":"product_brand","embeddable":true,"href":"https:\/\/vitablanca.ma\/en\/wp-json\/wp\/v2\/product_brand?post=22130"},{"taxonomy":"product_cat","embeddable":true,"href":"https:\/\/vitablanca.ma\/en\/wp-json\/wp\/v2\/product_cat?post=22130"},{"taxonomy":"product_tag","embeddable":true,"href":"https:\/\/vitablanca.ma\/en\/wp-json\/wp\/v2\/product_tag?post=22130"}],"curies":[{"name":"wp","href":"https:\/\/api.w.org\/{rel}","templated":true}]}}