{"id":22122,"date":"2025-06-11T21:46:53","date_gmt":"2025-06-11T21:46:53","guid":{"rendered":"https:\/\/vitablanca.ma\/product\/soskin-glyco-c-soin-correction-rides-eclat-50ml\/"},"modified":"2026-02-04T22:23:54","modified_gmt":"2026-02-04T22:23:54","slug":"soskin-glyco-c-soin-correction-rides-eclat-50ml","status":"publish","type":"product","link":"https:\/\/vitablanca.ma\/en\/product\/soskin-glyco-c-soin-correction-rides-eclat-50ml\/","title":{"rendered":"Soskin Glyco-C Wrinkle-Radiance Correction Treatment 50ml"},"content":{"rendered":"<h2>Soskin Glyco-C Wrinkle-Radiance Correction Treatment\u00a0<span data-mce-fragment=\"1\">Glycolic treatment. Visibly reduces wrinkles, the intensity and surface area of dark spots.<\/span><\/h2>\n<p><span data-mce-fragment=\"1\">Skin showing early signs of aging (wrinkles, spots, lack of radiance)<br \/>\n<\/span><\/p>\n<ul>\n<li><span data-mce-fragment=\"1\">Corrects \/ Smoothes \/ Exfoliates<\/span><\/li>\n<li><span data-mce-fragment=\"1\">Night care, effective for even skin tone<\/span><\/li>\n<li><span data-mce-fragment=\"1\">Applicator tube. Peeling effect.<\/span><\/li>\n<\/ul>\n<div class=\"easytabs-content-item easytabs-active easytabs-before-active\" data-et-handle=\"tabs-quelle-est-sa-composition\" data-et-marker=\"tabs-crg01sos10250-2\">\n<h3 class=\"easytabs-accordion-item\" role=\"tab\" aria-labelledby=\"easytabs-slide-label-6557818093774-0\"><span id=\"easytabs-slide-label-6557818093774-0\" class=\"easytabs-header-text ui-tabs-anchor js-no-transition\">What is its composition?<\/span><\/h3>\n<div class=\"easytabs-content-holder\" role=\"tabpanel\" aria-hidden=\"false\" aria-expanded=\"true\" aria-labelledby=\"easytabs-slide-label-6557818093774-0\">\n<ul>\n<li>Glycolic acid: promotes the elimination of dead cells and refines the superficial layers of the epidermis<\/li>\n<li>SOSKIN D-WHITE: concentrated in hexylresorcinol, helps reduce the appearance of visible surface spots and prevents the appearance of new spots<\/li>\n<li>Optimized vitamin C, effective on skin tone uniformity. Helps reduce the intensity of pigmentation defects<\/li>\n<\/ul>\n<p>Dermatologically tested.<\/p>\n<\/div>\n<\/div>\n<div class=\"easytabs-content-item easytabs-active easytabs-before-active\" data-et-handle=\"tabs-comment-l-appliquer\" data-et-marker=\"tabs-crg01sos10250-3\">\n<h3 class=\"easytabs-accordion-item\" role=\"tab\" aria-labelledby=\"easytabs-slide-label-6557818093774-1\">Instructions for use<\/h3>\n<div class=\"easytabs-content-holder\" role=\"tabpanel\" aria-hidden=\"false\" aria-expanded=\"true\" aria-labelledby=\"easytabs-slide-label-6557818093774-1\">\n<p><strong>Step 3 of your routine<\/strong>, as a night cream, apply to perfectly clean and dry skin (not wet). Spread by light strokes on the most marked areas of the face. Rinse thoroughly upon waking. Avoid contact with eyes, do not use on sensitized skin or after exposure to UVA and UVB rays. Some more sensitive skin types may quickly experience redness and tingling upon application. Discontinue use if this irritation persists and consult a doctor. It is recommended to apply sunscreen during the day (SPF 30 minimum).<\/p>\n<\/div>\n<\/div>\n<div class=\"easytabs-content-item easytabs-active\" data-et-handle=\"tabs-ingredients\" data-et-marker=\"tabs-crg01sos10250-4\">\n<h3 class=\"easytabs-accordion-item\" role=\"tab\" aria-labelledby=\"easytabs-slide-label-6557818093774-2\"><span id=\"easytabs-slide-label-6557818093774-2\" class=\"easytabs-header-text ui-tabs-anchor js-no-transition\">Ingredients<\/span><\/h3>\n<div class=\"easytabs-content-holder\" role=\"tabpanel\" aria-hidden=\"false\" aria-expanded=\"true\" aria-labelledby=\"easytabs-slide-label-6557818093774-2\">\n<p class=\"soskin_usp\"><span data-mce-fragment=\"1\">Aqua\/Water\/Eau, Undecane, Glycolic Acid, Glycerin, Propylene Glycol, Tridecane, Cetyl Alcohol, Sodium Hydroxide, Polyacrylate Crosspolymer-6, Cetyl Palmitate, Hexylresorcinol, C14-22 Alcohols, Ascorbyl Methylsilanol Pectinate, PEG-100 Stearate, Glyceryl Stearate, Pentylene Glycol, Caprylyl Glycol, Chlorphenesin, Acacia Senegal Gum, Xanthan Gum, C12-20 Alkyl Glucoside, Decylene Glycol, Methylpropanediol, Tocopherol, Helianthus Annuus (Sunflower) Seed Oil.<\/span><\/p>\n<\/div>\n<\/div>","protected":false},"excerpt":{"rendered":"<p>Soskin Glyco-C Soin correction rides-\u00e9clat\u00a0Soin glycolique. R\u00e9duit visiblement les rides, l&rsquo;intensit\u00e9 et la surface des taches. Peaux montrant des signes pr\u00e9coces de vieillissement (rides, taches, manque d&rsquo;\u00e9clat) Corrige \/ Lisse \/ Exfolie Soin de nuit, efficace sur l&rsquo;uniformit\u00e9 du teint Tube applicateur. Effet peeling Quelle est sa composition\u00a0? Acide glycolique : favorise l\u2019\u00e9limination des cellules [&hellip;]<\/p>\n","protected":false},"featured_media":22117,"template":"","meta":{"om_disable_all_campaigns":false},"product_brand":[],"product_cat":[15],"product_tag":[7856,7853,7855,7854,6416,6094,7418,7852,7851,7449],"class_list":{"0":"post-22122","1":"product","2":"type-product","3":"status-publish","4":"has-post-thumbnail","6":"product_cat-beaute-sante-complements-alimentaires-soins-et-bien-etre-au-meilleur-prix","7":"product_tag-acides-glycoliques","8":"product_tag-anti-rides-visage","9":"product_tag-correction-rides","10":"product_tag-creme-lissante","11":"product_tag-peau-eclatante","12":"product_tag-peau-lumineuse","13":"product_tag-soin-anti-age","14":"product_tag-soin-rides-et-eclat","15":"product_tag-soskin-glyco-c","16":"product_tag-vitamine-c-visage","18":"first","19":"instock","20":"sale","21":"taxable","22":"shipping-taxable","23":"purchasable","24":"product-type-simple"},"yoast_head":"<!-- This site is optimized with the Yoast SEO plugin v27.4 - https:\/\/yoast.com\/product\/yoast-seo-wordpress\/ -->\n<title>Soskin Glyco-C Soin Correction Rides-Eclat 50ml - Maroc Prix<\/title>\n<meta name=\"description\" content=\"Soskin Glyco-C Soin 50\u202fml r\u00e9duit visiblement les rides, lisse la peau et apporte \u00e9clat et luminosit\u00e9 gr\u00e2ce \u00e0 sa formule aux acides glycoliques et vitamine C\" \/>\n<meta name=\"robots\" content=\"index, follow, max-snippet:-1, max-image-preview:large, max-video-preview:-1\" \/>\n<link rel=\"canonical\" href=\"https:\/\/vitablanca.ma\/en\/product\/soskin-glyco-c-soin-correction-rides-eclat-50ml\/\" \/>\n<meta property=\"og:locale\" content=\"en_US\" \/>\n<meta property=\"og:type\" content=\"article\" \/>\n<meta property=\"og:title\" content=\"Soskin Glyco-C Soin Correction Rides-Eclat 50ml - Maroc Prix\" \/>\n<meta property=\"og:description\" content=\"Soskin Glyco-C Soin 50\u202fml r\u00e9duit visiblement les rides, lisse la peau et apporte \u00e9clat et luminosit\u00e9 gr\u00e2ce \u00e0 sa formule aux acides glycoliques et vitamine C\" \/>\n<meta property=\"og:url\" content=\"https:\/\/vitablanca.ma\/en\/product\/soskin-glyco-c-soin-correction-rides-eclat-50ml\/\" \/>\n<meta property=\"og:site_name\" content=\"Vitablanca.ma &ndash; Sant&eacute;, vitalit&eacute; et bien-&ecirc;tre pour tous les Marocains\" \/>\n<meta property=\"article:publisher\" content=\"https:\/\/www.facebook.com\/profile.php?id=61576678196717\" \/>\n<meta property=\"article:modified_time\" content=\"2026-02-04T22:23:54+00:00\" \/>\n<meta property=\"og:image\" content=\"https:\/\/vitablanca.ma\/wp-content\/uploads\/2025\/06\/Soskin-Glyco-C-Soin-Correction-Rides-Eclat-50ml-nova-parapharmacie-casablanca.jpg\" \/>\n\t<meta property=\"og:image:width\" content=\"1000\" \/>\n\t<meta property=\"og:image:height\" content=\"1000\" \/>\n\t<meta property=\"og:image:type\" content=\"image\/jpeg\" \/>\n<meta name=\"twitter:card\" content=\"summary_large_image\" \/>\n<meta name=\"twitter:label1\" content=\"Est. reading time\" \/>\n\t<meta name=\"twitter:data1\" content=\"2 minutes\" \/>\n<script type=\"application\/ld+json\" class=\"yoast-schema-graph\">{\"@context\":\"https:\\\/\\\/schema.org\",\"@graph\":[{\"@type\":[\"WebPage\",\"ItemPage\"],\"@id\":\"https:\\\/\\\/vitablanca.ma\\\/produit\\\/soskin-glyco-c-soin-correction-rides-eclat-50ml\\\/\",\"url\":\"https:\\\/\\\/vitablanca.ma\\\/produit\\\/soskin-glyco-c-soin-correction-rides-eclat-50ml\\\/\",\"name\":\"Soskin Glyco-C Soin Correction Rides-Eclat 50ml - Maroc Prix\",\"isPartOf\":{\"@id\":\"https:\\\/\\\/vitablanca.ma\\\/#website\"},\"primaryImageOfPage\":{\"@id\":\"https:\\\/\\\/vitablanca.ma\\\/produit\\\/soskin-glyco-c-soin-correction-rides-eclat-50ml\\\/#primaryimage\"},\"image\":{\"@id\":\"https:\\\/\\\/vitablanca.ma\\\/produit\\\/soskin-glyco-c-soin-correction-rides-eclat-50ml\\\/#primaryimage\"},\"thumbnailUrl\":\"https:\\\/\\\/vitablanca.ma\\\/wp-content\\\/uploads\\\/2025\\\/06\\\/Soskin-Glyco-C-Soin-Correction-Rides-Eclat-50ml-nova-parapharmacie-casablanca.jpg\",\"datePublished\":\"2025-06-11T21:46:53+00:00\",\"dateModified\":\"2026-02-04T22:23:54+00:00\",\"description\":\"Soskin Glyco-C Soin 50\u202fml r\u00e9duit visiblement les rides, lisse la peau et apporte \u00e9clat et luminosit\u00e9 gr\u00e2ce \u00e0 sa formule aux acides glycoliques et vitamine C\",\"breadcrumb\":{\"@id\":\"https:\\\/\\\/vitablanca.ma\\\/produit\\\/soskin-glyco-c-soin-correction-rides-eclat-50ml\\\/#breadcrumb\"},\"inLanguage\":\"en-US\",\"potentialAction\":[{\"@type\":\"ReadAction\",\"target\":[\"https:\\\/\\\/vitablanca.ma\\\/produit\\\/soskin-glyco-c-soin-correction-rides-eclat-50ml\\\/\"]}]},{\"@type\":\"ImageObject\",\"inLanguage\":\"en-US\",\"@id\":\"https:\\\/\\\/vitablanca.ma\\\/produit\\\/soskin-glyco-c-soin-correction-rides-eclat-50ml\\\/#primaryimage\",\"url\":\"https:\\\/\\\/vitablanca.ma\\\/wp-content\\\/uploads\\\/2025\\\/06\\\/Soskin-Glyco-C-Soin-Correction-Rides-Eclat-50ml-nova-parapharmacie-casablanca.jpg\",\"contentUrl\":\"https:\\\/\\\/vitablanca.ma\\\/wp-content\\\/uploads\\\/2025\\\/06\\\/Soskin-Glyco-C-Soin-Correction-Rides-Eclat-50ml-nova-parapharmacie-casablanca.jpg\",\"width\":1000,\"height\":1000},{\"@type\":\"BreadcrumbList\",\"@id\":\"https:\\\/\\\/vitablanca.ma\\\/produit\\\/soskin-glyco-c-soin-correction-rides-eclat-50ml\\\/#breadcrumb\",\"itemListElement\":[{\"@type\":\"ListItem\",\"position\":1,\"name\":\"Home\",\"item\":\"https:\\\/\\\/vitablanca.ma\\\/\"},{\"@type\":\"ListItem\",\"position\":2,\"name\":\"Tous Les Produits\",\"item\":\"https:\\\/\\\/vitablanca.ma\\\/tous-les-produits\\\/\"},{\"@type\":\"ListItem\",\"position\":3,\"name\":\"Soskin Glyco-C Soin Correction Rides-Eclat 50ml\"}]},{\"@type\":\"WebSite\",\"@id\":\"https:\\\/\\\/vitablanca.ma\\\/#website\",\"url\":\"https:\\\/\\\/vitablanca.ma\\\/\",\"name\":\"VitaBlanca.ma | Compl\u00e9ments alimentaires, sant\u00e9 & beaut\u00e9 au Maroc\",\"description\":\"vendre vitamines et compl\u00e9ments premium des USA &amp; Canada, Nouvelle Z\u00e9lande,Maroc (NOW Foods, Solgar, Manuka). Livraison rapide partout au Maroc.\",\"publisher\":{\"@id\":\"https:\\\/\\\/vitablanca.ma\\\/#organization\"},\"alternateName\":\"VitaBlanca.ma\",\"potentialAction\":[{\"@type\":\"SearchAction\",\"target\":{\"@type\":\"EntryPoint\",\"urlTemplate\":\"https:\\\/\\\/vitablanca.ma\\\/?s={search_term_string}\"},\"query-input\":{\"@type\":\"PropertyValueSpecification\",\"valueRequired\":true,\"valueName\":\"search_term_string\"}}],\"inLanguage\":\"en-US\"},{\"@type\":\"Organization\",\"@id\":\"https:\\\/\\\/vitablanca.ma\\\/#organization\",\"name\":\"VitaBlanca\",\"url\":\"https:\\\/\\\/vitablanca.ma\\\/\",\"logo\":{\"@type\":\"ImageObject\",\"inLanguage\":\"en-US\",\"@id\":\"https:\\\/\\\/vitablanca.ma\\\/#\\\/schema\\\/logo\\\/image\\\/\",\"url\":\"https:\\\/\\\/vitablanca.ma\\\/wp-content\\\/uploads\\\/2025\\\/05\\\/cropped-vitablanca.png\",\"contentUrl\":\"https:\\\/\\\/vitablanca.ma\\\/wp-content\\\/uploads\\\/2025\\\/05\\\/cropped-vitablanca.png\",\"width\":360,\"height\":67,\"caption\":\"VitaBlanca\"},\"image\":{\"@id\":\"https:\\\/\\\/vitablanca.ma\\\/#\\\/schema\\\/logo\\\/image\\\/\"},\"sameAs\":[\"https:\\\/\\\/www.facebook.com\\\/profile.php?id=61576678196717\",\"https:\\\/\\\/www.tiktok.com\\\/@vitablanca.ma\",\"https:\\\/\\\/www.instagram.com\\\/vitablanca.ma\\\/\"]}]}<\/script>\n<!-- \/ Yoast SEO plugin. -->","yoast_head_json":{"title":"Soskin Glyco-C Wrinkle-Radiance Correction Treatment 50ml - Morocco Price","description":"Soskin Glyco-C Soin 50\u202fml r\u00e9duit visiblement les rides, lisse la peau et apporte \u00e9clat et luminosit\u00e9 gr\u00e2ce \u00e0 sa formule aux acides glycoliques et vitamine C","robots":{"index":"index","follow":"follow","max-snippet":"max-snippet:-1","max-image-preview":"max-image-preview:large","max-video-preview":"max-video-preview:-1"},"canonical":"https:\/\/vitablanca.ma\/en\/product\/soskin-glyco-c-soin-correction-rides-eclat-50ml\/","og_locale":"en_US","og_type":"article","og_title":"Soskin Glyco-C Soin Correction Rides-Eclat 50ml - Maroc Prix","og_description":"Soskin Glyco-C Soin 50\u202fml r\u00e9duit visiblement les rides, lisse la peau et apporte \u00e9clat et luminosit\u00e9 gr\u00e2ce \u00e0 sa formule aux acides glycoliques et vitamine C","og_url":"https:\/\/vitablanca.ma\/en\/product\/soskin-glyco-c-soin-correction-rides-eclat-50ml\/","og_site_name":"Vitablanca.ma &ndash; Sant&eacute;, vitalit&eacute; et bien-&ecirc;tre pour tous les Marocains","article_publisher":"https:\/\/www.facebook.com\/profile.php?id=61576678196717","article_modified_time":"2026-02-04T22:23:54+00:00","og_image":[{"width":1000,"height":1000,"url":"https:\/\/vitablanca.ma\/wp-content\/uploads\/2025\/06\/Soskin-Glyco-C-Soin-Correction-Rides-Eclat-50ml-nova-parapharmacie-casablanca.jpg","type":"image\/jpeg"}],"twitter_card":"summary_large_image","twitter_misc":{"Est. reading time":"2 minutes"},"schema":{"@context":"https:\/\/schema.org","@graph":[{"@type":["WebPage","ItemPage"],"@id":"https:\/\/vitablanca.ma\/produit\/soskin-glyco-c-soin-correction-rides-eclat-50ml\/","url":"https:\/\/vitablanca.ma\/produit\/soskin-glyco-c-soin-correction-rides-eclat-50ml\/","name":"Soskin Glyco-C Wrinkle-Radiance Correction Treatment 50ml - Morocco Price","isPartOf":{"@id":"https:\/\/vitablanca.ma\/#website"},"primaryImageOfPage":{"@id":"https:\/\/vitablanca.ma\/produit\/soskin-glyco-c-soin-correction-rides-eclat-50ml\/#primaryimage"},"image":{"@id":"https:\/\/vitablanca.ma\/produit\/soskin-glyco-c-soin-correction-rides-eclat-50ml\/#primaryimage"},"thumbnailUrl":"https:\/\/vitablanca.ma\/wp-content\/uploads\/2025\/06\/Soskin-Glyco-C-Soin-Correction-Rides-Eclat-50ml-nova-parapharmacie-casablanca.jpg","datePublished":"2025-06-11T21:46:53+00:00","dateModified":"2026-02-04T22:23:54+00:00","description":"Soskin Glyco-C Soin 50\u202fml r\u00e9duit visiblement les rides, lisse la peau et apporte \u00e9clat et luminosit\u00e9 gr\u00e2ce \u00e0 sa formule aux acides glycoliques et vitamine C","breadcrumb":{"@id":"https:\/\/vitablanca.ma\/produit\/soskin-glyco-c-soin-correction-rides-eclat-50ml\/#breadcrumb"},"inLanguage":"en-US","potentialAction":[{"@type":"ReadAction","target":["https:\/\/vitablanca.ma\/produit\/soskin-glyco-c-soin-correction-rides-eclat-50ml\/"]}]},{"@type":"ImageObject","inLanguage":"en-US","@id":"https:\/\/vitablanca.ma\/produit\/soskin-glyco-c-soin-correction-rides-eclat-50ml\/#primaryimage","url":"https:\/\/vitablanca.ma\/wp-content\/uploads\/2025\/06\/Soskin-Glyco-C-Soin-Correction-Rides-Eclat-50ml-nova-parapharmacie-casablanca.jpg","contentUrl":"https:\/\/vitablanca.ma\/wp-content\/uploads\/2025\/06\/Soskin-Glyco-C-Soin-Correction-Rides-Eclat-50ml-nova-parapharmacie-casablanca.jpg","width":1000,"height":1000},{"@type":"BreadcrumbList","@id":"https:\/\/vitablanca.ma\/produit\/soskin-glyco-c-soin-correction-rides-eclat-50ml\/#breadcrumb","itemListElement":[{"@type":"ListItem","position":1,"name":"Home","item":"https:\/\/vitablanca.ma\/"},{"@type":"ListItem","position":2,"name":"Tous Les Produits","item":"https:\/\/vitablanca.ma\/tous-les-produits\/"},{"@type":"ListItem","position":3,"name":"Soskin Glyco-C Soin Correction Rides-Eclat 50ml"}]},{"@type":"WebSite","@id":"https:\/\/vitablanca.ma\/#website","url":"https:\/\/vitablanca.ma\/","name":"VitaBlanca.ma | Food supplements, health &amp; beauty in Morocco","description":"sell premium vitamins and supplements from USA &amp; Canada, New Zealand, Morocco (NOW Foods, Solgar, Manuka). Fast delivery anywhere in Morocco.","publisher":{"@id":"https:\/\/vitablanca.ma\/#organization"},"alternateName":"VitaBlanca.ma","potentialAction":[{"@type":"SearchAction","target":{"@type":"EntryPoint","urlTemplate":"https:\/\/vitablanca.ma\/?s={search_term_string}"},"query-input":{"@type":"PropertyValueSpecification","valueRequired":true,"valueName":"search_term_string"}}],"inLanguage":"en-US"},{"@type":"Organization","@id":"https:\/\/vitablanca.ma\/#organization","name":"VitaBlanca","url":"https:\/\/vitablanca.ma\/","logo":{"@type":"ImageObject","inLanguage":"en-US","@id":"https:\/\/vitablanca.ma\/#\/schema\/logo\/image\/","url":"https:\/\/vitablanca.ma\/wp-content\/uploads\/2025\/05\/cropped-vitablanca.png","contentUrl":"https:\/\/vitablanca.ma\/wp-content\/uploads\/2025\/05\/cropped-vitablanca.png","width":360,"height":67,"caption":"VitaBlanca"},"image":{"@id":"https:\/\/vitablanca.ma\/#\/schema\/logo\/image\/"},"sameAs":["https:\/\/www.facebook.com\/profile.php?id=61576678196717","https:\/\/www.tiktok.com\/@vitablanca.ma","https:\/\/www.instagram.com\/vitablanca.ma\/"]}]}},"jetpack_sharing_enabled":true,"_links":{"self":[{"href":"https:\/\/vitablanca.ma\/en\/wp-json\/wp\/v2\/product\/22122","targetHints":{"allow":["GET"]}}],"collection":[{"href":"https:\/\/vitablanca.ma\/en\/wp-json\/wp\/v2\/product"}],"about":[{"href":"https:\/\/vitablanca.ma\/en\/wp-json\/wp\/v2\/types\/product"}],"wp:featuredmedia":[{"embeddable":true,"href":"https:\/\/vitablanca.ma\/en\/wp-json\/wp\/v2\/media\/22117"}],"wp:attachment":[{"href":"https:\/\/vitablanca.ma\/en\/wp-json\/wp\/v2\/media?parent=22122"}],"wp:term":[{"taxonomy":"product_brand","embeddable":true,"href":"https:\/\/vitablanca.ma\/en\/wp-json\/wp\/v2\/product_brand?post=22122"},{"taxonomy":"product_cat","embeddable":true,"href":"https:\/\/vitablanca.ma\/en\/wp-json\/wp\/v2\/product_cat?post=22122"},{"taxonomy":"product_tag","embeddable":true,"href":"https:\/\/vitablanca.ma\/en\/wp-json\/wp\/v2\/product_tag?post=22122"}],"curies":[{"name":"wp","href":"https:\/\/api.w.org\/{rel}","templated":true}]}}