{"id":22112,"date":"2025-06-11T21:46:41","date_gmt":"2025-06-11T21:46:41","guid":{"rendered":"https:\/\/vitablanca.ma\/product\/soskin-fluide-clarifiant-spf25-50ml\/"},"modified":"2026-02-04T22:30:45","modified_gmt":"2026-02-04T22:30:45","slug":"soskin-fluide-clarifiant-spf25-50ml","status":"publish","type":"product","link":"https:\/\/vitablanca.ma\/en\/product\/soskin-fluide-clarifiant-spf25-50ml\/","title":{"rendered":"Soskin Clarifying Fluid SPF25 50ml"},"content":{"rendered":"<h2>Soskin Fluide clarifiant SPF25\u00a0<span data-mce-fragment=\"1\">Hydrate et unifie le teint, protection solaire int\u00e9gr\u00e9e.<\/span><\/h2>\n<p><span data-mce-fragment=\"1\">Peaux en manque d&rsquo;\u00e9clat, taches, teint irr\u00e9gulier<br \/>\n<\/span><\/p>\n<ul>\n<li>Hydrate \/ Unifie \/ Prot\u00e8ge<\/li>\n<li>SPF25 protection urbaine<\/li>\n<li>Texture fluide. Usage quotidien<\/li>\n<\/ul>\n<div class=\"easytabs-content-item easytabs-before-active easytabs-active\" data-et-marker=\"tabs-crg01sos50140-2\" data-et-handle=\"tabs-quelle-est-sa-composition\">\n<h3 class=\"easytabs-accordion-item\" role=\"tab\" aria-labelledby=\"easytabs-slide-label-6557819011278-0\"><span id=\"easytabs-slide-label-6557819011278-0\" class=\"easytabs-header-text ui-tabs-anchor js-no-transition\">Quelle est sa composition ?<\/span><\/h3>\n<div class=\"easytabs-content-holder\" role=\"tabpanel\" aria-labelledby=\"easytabs-slide-label-6557819011278-0\" aria-expanded=\"true\" aria-hidden=\"false\">\n<ul>\n<li>SOSKIN D-WHITE, concentr\u00e9 en hexylresorcinol, cible l\u2019origine des ph\u00e9nom\u00e8nes d&rsquo;hyperpigmentation. Aide \u00e0 r\u00e9duire l\u2019apparence des taches visibles en surface et pr\u00e9vient l\u2019apparition des taches naissantes<\/li>\n<li>Vitamine E, pour une peau plus souple et parfaitement hydrat\u00e9e<\/li>\n<\/ul>\n<p>Dermatologically tested.<\/p>\n<\/div>\n<\/div>\n<div class=\"easytabs-content-item easytabs-active easytabs-before-active\" data-et-marker=\"tabs-crg01sos50140-3\" data-et-handle=\"tabs-comment-l-appliquer\">\n<h3 class=\"easytabs-accordion-item\" role=\"tab\" aria-labelledby=\"easytabs-slide-label-6557819011278-1\"><span id=\"easytabs-slide-label-6557819011278-1\" class=\"easytabs-header-text ui-tabs-anchor js-no-transition\">How to apply it?<\/span><\/h3>\n<div class=\"easytabs-content-holder\" role=\"tabpanel\" aria-labelledby=\"easytabs-slide-label-6557819011278-1\" aria-expanded=\"true\" aria-hidden=\"false\">\n<p><strong>\u00c9tape n\u00b02 de votre routine.<\/strong>\u00a0Appliquer chaque matin sur l&rsquo;\u0092ensemble du visage et du d\u00e9collet\u00e9 pr\u00e9alablement nettoy\u00e9s. \u00c9viter le contour des yeux, ne pas utiliser chez la femme enceinte ou allaitante.<\/p>\n<\/div>\n<\/div>\n<div class=\"easytabs-content-item easytabs-active\" data-et-marker=\"tabs-crg01sos50140-4\" data-et-handle=\"tabs-ingredients\">\n<h3 class=\"easytabs-accordion-item\" role=\"tab\" aria-labelledby=\"easytabs-slide-label-6557819011278-2\"><span id=\"easytabs-slide-label-6557819011278-2\" class=\"easytabs-header-text ui-tabs-anchor js-no-transition\">Ingredients<\/span><\/h3>\n<div class=\"easytabs-content-holder\" role=\"tabpanel\" aria-labelledby=\"easytabs-slide-label-6557819011278-2\" aria-expanded=\"true\" aria-hidden=\"false\"><span data-mce-fragment=\"1\">Aqua\/Water\/Eau, Octocrylene, C12-15 Alkyl Benzoate, Cyclopentasiloxane, Niacinamide, Glycerin, Propylene Glycol, Butyl Methoxydibenzoylmethane, Dimethicone, Glyceryl Stearate, Ethylhexyl Cocoate, Isopropyl Palmitate, Bis-Ethylhexyloxyphenol Methoxyphenyl Triazine, Hexylresorcinol, Phenoxyethanol, PEG-100 Stearate, Tocopheryl Acetate, Cetyl Alcohol, Acrylates\/C10-30 Alkyl Acrylate Crosspolymer, Stearic Acid, Palmitic Acid, Xanthan Gum, Triethanolamine, Parfum\/Fragrance, Disodium EDTA, Ethylhexylglycerin, Alpha-Arbutin, Limonene, Linalool, Citronellol.<\/span><\/div>\n<\/div>","protected":false},"excerpt":{"rendered":"<p>Soskin Fluide clarifiant SPF25\u00a0Hydrate et unifie le teint, protection solaire int\u00e9gr\u00e9e. Peaux en manque d&rsquo;\u00e9clat, taches, teint irr\u00e9gulier Hydrate \/ Unifie \/ Prot\u00e8ge SPF25 protection urbaine Texture fluide. Usage quotidien Quelle est sa composition ? SOSKIN D-WHITE, concentr\u00e9 en hexylresorcinol, cible l\u2019origine des ph\u00e9nom\u00e8nes d&rsquo;hyperpigmentation. Aide \u00e0 r\u00e9duire l\u2019apparence des taches visibles en surface et [&hellip;]<\/p>\n","protected":false},"featured_media":22111,"template":"","meta":{"om_disable_all_campaigns":false},"product_brand":[],"product_cat":[15],"product_tag":[7882,7880,7879,7885,7884,7877,7881,7883,7878,6147],"class_list":{"0":"post-22112","1":"product","2":"type-product","3":"status-publish","4":"has-post-thumbnail","6":"product_cat-beaute-sante-complements-alimentaires-soins-et-bien-etre-au-meilleur-prix","7":"product_tag-anti-taches-et-eclat","8":"product_tag-creme-solaire-unifiante","9":"product_tag-fluide-spf25","10":"product_tag-fluide-visage-spf","11":"product_tag-peau-protegee-uv","12":"product_tag-prevention-photo-vieillissement","13":"product_tag-protection-solaire-visage","14":"product_tag-soin-solaire-leger","15":"product_tag-soskin-fluide-clarifiant","16":"product_tag-teint-uniforme","18":"first","19":"instock","20":"sale","21":"taxable","22":"shipping-taxable","23":"purchasable","24":"product-type-simple"},"yoast_head":"<!-- This site is optimized with the Yoast SEO plugin v27.4 - https:\/\/yoast.com\/product\/yoast-seo-wordpress\/ -->\n<title>Soskin Fluide Clarifiant SPF25 50ml - Maroc Prix<\/title>\n<meta name=\"description\" content=\"Soskin Fluide Clarifiant SPF25 50\u202fml unifie le teint, r\u00e9duit les taches et prot\u00e8ge la peau des UV gr\u00e2ce \u00e0 sa formule l\u00e9g\u00e8re et haute protection solaire.\" \/>\n<meta name=\"robots\" content=\"index, follow, max-snippet:-1, max-image-preview:large, max-video-preview:-1\" \/>\n<link rel=\"canonical\" href=\"https:\/\/vitablanca.ma\/en\/product\/soskin-fluide-clarifiant-spf25-50ml\/\" \/>\n<meta property=\"og:locale\" content=\"en_US\" \/>\n<meta property=\"og:type\" content=\"article\" \/>\n<meta property=\"og:title\" content=\"Soskin Fluide Clarifiant SPF25 50ml - Maroc Prix\" \/>\n<meta property=\"og:description\" content=\"Soskin Fluide Clarifiant SPF25 50\u202fml unifie le teint, r\u00e9duit les taches et prot\u00e8ge la peau des UV gr\u00e2ce \u00e0 sa formule l\u00e9g\u00e8re et haute protection solaire.\" \/>\n<meta property=\"og:url\" content=\"https:\/\/vitablanca.ma\/en\/product\/soskin-fluide-clarifiant-spf25-50ml\/\" \/>\n<meta property=\"og:site_name\" content=\"Vitablanca.ma &ndash; Sant&eacute;, vitalit&eacute; et bien-&ecirc;tre pour tous les Marocains\" \/>\n<meta property=\"article:publisher\" content=\"https:\/\/www.facebook.com\/profile.php?id=61576678196717\" \/>\n<meta property=\"article:modified_time\" content=\"2026-02-04T22:30:45+00:00\" \/>\n<meta property=\"og:image\" content=\"https:\/\/vitablanca.ma\/wp-content\/uploads\/2025\/06\/Soskin-Fluide-clarifiant-SPF25-50ml-nova-parapharmacie-casablanca.jpg\" \/>\n\t<meta property=\"og:image:width\" content=\"1000\" \/>\n\t<meta property=\"og:image:height\" content=\"1000\" \/>\n\t<meta property=\"og:image:type\" content=\"image\/jpeg\" \/>\n<meta name=\"twitter:card\" content=\"summary_large_image\" \/>\n<meta name=\"twitter:label1\" content=\"Est. reading time\" \/>\n\t<meta name=\"twitter:data1\" content=\"1 minute\" \/>\n<script type=\"application\/ld+json\" class=\"yoast-schema-graph\">{\"@context\":\"https:\\\/\\\/schema.org\",\"@graph\":[{\"@type\":[\"WebPage\",\"ItemPage\"],\"@id\":\"https:\\\/\\\/vitablanca.ma\\\/produit\\\/soskin-fluide-clarifiant-spf25-50ml\\\/\",\"url\":\"https:\\\/\\\/vitablanca.ma\\\/produit\\\/soskin-fluide-clarifiant-spf25-50ml\\\/\",\"name\":\"Soskin Fluide Clarifiant SPF25 50ml - Maroc Prix\",\"isPartOf\":{\"@id\":\"https:\\\/\\\/vitablanca.ma\\\/#website\"},\"primaryImageOfPage\":{\"@id\":\"https:\\\/\\\/vitablanca.ma\\\/produit\\\/soskin-fluide-clarifiant-spf25-50ml\\\/#primaryimage\"},\"image\":{\"@id\":\"https:\\\/\\\/vitablanca.ma\\\/produit\\\/soskin-fluide-clarifiant-spf25-50ml\\\/#primaryimage\"},\"thumbnailUrl\":\"https:\\\/\\\/vitablanca.ma\\\/wp-content\\\/uploads\\\/2025\\\/06\\\/Soskin-Fluide-clarifiant-SPF25-50ml-nova-parapharmacie-casablanca.jpg\",\"datePublished\":\"2025-06-11T21:46:41+00:00\",\"dateModified\":\"2026-02-04T22:30:45+00:00\",\"description\":\"Soskin Fluide Clarifiant SPF25 50\u202fml unifie le teint, r\u00e9duit les taches et prot\u00e8ge la peau des UV gr\u00e2ce \u00e0 sa formule l\u00e9g\u00e8re et haute protection solaire.\",\"breadcrumb\":{\"@id\":\"https:\\\/\\\/vitablanca.ma\\\/produit\\\/soskin-fluide-clarifiant-spf25-50ml\\\/#breadcrumb\"},\"inLanguage\":\"en-US\",\"potentialAction\":[{\"@type\":\"ReadAction\",\"target\":[\"https:\\\/\\\/vitablanca.ma\\\/produit\\\/soskin-fluide-clarifiant-spf25-50ml\\\/\"]}]},{\"@type\":\"ImageObject\",\"inLanguage\":\"en-US\",\"@id\":\"https:\\\/\\\/vitablanca.ma\\\/produit\\\/soskin-fluide-clarifiant-spf25-50ml\\\/#primaryimage\",\"url\":\"https:\\\/\\\/vitablanca.ma\\\/wp-content\\\/uploads\\\/2025\\\/06\\\/Soskin-Fluide-clarifiant-SPF25-50ml-nova-parapharmacie-casablanca.jpg\",\"contentUrl\":\"https:\\\/\\\/vitablanca.ma\\\/wp-content\\\/uploads\\\/2025\\\/06\\\/Soskin-Fluide-clarifiant-SPF25-50ml-nova-parapharmacie-casablanca.jpg\",\"width\":1000,\"height\":1000},{\"@type\":\"BreadcrumbList\",\"@id\":\"https:\\\/\\\/vitablanca.ma\\\/produit\\\/soskin-fluide-clarifiant-spf25-50ml\\\/#breadcrumb\",\"itemListElement\":[{\"@type\":\"ListItem\",\"position\":1,\"name\":\"Home\",\"item\":\"https:\\\/\\\/vitablanca.ma\\\/\"},{\"@type\":\"ListItem\",\"position\":2,\"name\":\"Tous Les Produits\",\"item\":\"https:\\\/\\\/vitablanca.ma\\\/tous-les-produits\\\/\"},{\"@type\":\"ListItem\",\"position\":3,\"name\":\"Soskin Fluide Clarifiant SPF25 50ml\"}]},{\"@type\":\"WebSite\",\"@id\":\"https:\\\/\\\/vitablanca.ma\\\/#website\",\"url\":\"https:\\\/\\\/vitablanca.ma\\\/\",\"name\":\"VitaBlanca.ma | Compl\u00e9ments alimentaires, sant\u00e9 & beaut\u00e9 au Maroc\",\"description\":\"vendre vitamines et compl\u00e9ments premium des USA &amp; Canada, Nouvelle Z\u00e9lande,Maroc (NOW Foods, Solgar, Manuka). Livraison rapide partout au Maroc.\",\"publisher\":{\"@id\":\"https:\\\/\\\/vitablanca.ma\\\/#organization\"},\"alternateName\":\"VitaBlanca.ma\",\"potentialAction\":[{\"@type\":\"SearchAction\",\"target\":{\"@type\":\"EntryPoint\",\"urlTemplate\":\"https:\\\/\\\/vitablanca.ma\\\/?s={search_term_string}\"},\"query-input\":{\"@type\":\"PropertyValueSpecification\",\"valueRequired\":true,\"valueName\":\"search_term_string\"}}],\"inLanguage\":\"en-US\"},{\"@type\":\"Organization\",\"@id\":\"https:\\\/\\\/vitablanca.ma\\\/#organization\",\"name\":\"VitaBlanca\",\"url\":\"https:\\\/\\\/vitablanca.ma\\\/\",\"logo\":{\"@type\":\"ImageObject\",\"inLanguage\":\"en-US\",\"@id\":\"https:\\\/\\\/vitablanca.ma\\\/#\\\/schema\\\/logo\\\/image\\\/\",\"url\":\"https:\\\/\\\/vitablanca.ma\\\/wp-content\\\/uploads\\\/2025\\\/05\\\/cropped-vitablanca.png\",\"contentUrl\":\"https:\\\/\\\/vitablanca.ma\\\/wp-content\\\/uploads\\\/2025\\\/05\\\/cropped-vitablanca.png\",\"width\":360,\"height\":67,\"caption\":\"VitaBlanca\"},\"image\":{\"@id\":\"https:\\\/\\\/vitablanca.ma\\\/#\\\/schema\\\/logo\\\/image\\\/\"},\"sameAs\":[\"https:\\\/\\\/www.facebook.com\\\/profile.php?id=61576678196717\",\"https:\\\/\\\/www.tiktok.com\\\/@vitablanca.ma\",\"https:\\\/\\\/www.instagram.com\\\/vitablanca.ma\\\/\"]}]}<\/script>\n<!-- \/ Yoast SEO plugin. -->","yoast_head_json":{"title":"Soskin Fluide Clarifiant SPF25 50ml - Maroc Prix","description":"Soskin Fluide Clarifiant SPF25 50\u202fml unifie le teint, r\u00e9duit les taches et prot\u00e8ge la peau des UV gr\u00e2ce \u00e0 sa formule l\u00e9g\u00e8re et haute protection solaire.","robots":{"index":"index","follow":"follow","max-snippet":"max-snippet:-1","max-image-preview":"max-image-preview:large","max-video-preview":"max-video-preview:-1"},"canonical":"https:\/\/vitablanca.ma\/en\/product\/soskin-fluide-clarifiant-spf25-50ml\/","og_locale":"en_US","og_type":"article","og_title":"Soskin Fluide Clarifiant SPF25 50ml - Maroc Prix","og_description":"Soskin Fluide Clarifiant SPF25 50\u202fml unifie le teint, r\u00e9duit les taches et prot\u00e8ge la peau des UV gr\u00e2ce \u00e0 sa formule l\u00e9g\u00e8re et haute protection solaire.","og_url":"https:\/\/vitablanca.ma\/en\/product\/soskin-fluide-clarifiant-spf25-50ml\/","og_site_name":"Vitablanca.ma &ndash; Sant&eacute;, vitalit&eacute; et bien-&ecirc;tre pour tous les Marocains","article_publisher":"https:\/\/www.facebook.com\/profile.php?id=61576678196717","article_modified_time":"2026-02-04T22:30:45+00:00","og_image":[{"width":1000,"height":1000,"url":"https:\/\/vitablanca.ma\/wp-content\/uploads\/2025\/06\/Soskin-Fluide-clarifiant-SPF25-50ml-nova-parapharmacie-casablanca.jpg","type":"image\/jpeg"}],"twitter_card":"summary_large_image","twitter_misc":{"Est. reading time":"1 minute"},"schema":{"@context":"https:\/\/schema.org","@graph":[{"@type":["WebPage","ItemPage"],"@id":"https:\/\/vitablanca.ma\/produit\/soskin-fluide-clarifiant-spf25-50ml\/","url":"https:\/\/vitablanca.ma\/produit\/soskin-fluide-clarifiant-spf25-50ml\/","name":"Soskin Fluide Clarifiant SPF25 50ml - Maroc Prix","isPartOf":{"@id":"https:\/\/vitablanca.ma\/#website"},"primaryImageOfPage":{"@id":"https:\/\/vitablanca.ma\/produit\/soskin-fluide-clarifiant-spf25-50ml\/#primaryimage"},"image":{"@id":"https:\/\/vitablanca.ma\/produit\/soskin-fluide-clarifiant-spf25-50ml\/#primaryimage"},"thumbnailUrl":"https:\/\/vitablanca.ma\/wp-content\/uploads\/2025\/06\/Soskin-Fluide-clarifiant-SPF25-50ml-nova-parapharmacie-casablanca.jpg","datePublished":"2025-06-11T21:46:41+00:00","dateModified":"2026-02-04T22:30:45+00:00","description":"Soskin Fluide Clarifiant SPF25 50\u202fml unifie le teint, r\u00e9duit les taches et prot\u00e8ge la peau des UV gr\u00e2ce \u00e0 sa formule l\u00e9g\u00e8re et haute protection solaire.","breadcrumb":{"@id":"https:\/\/vitablanca.ma\/produit\/soskin-fluide-clarifiant-spf25-50ml\/#breadcrumb"},"inLanguage":"en-US","potentialAction":[{"@type":"ReadAction","target":["https:\/\/vitablanca.ma\/produit\/soskin-fluide-clarifiant-spf25-50ml\/"]}]},{"@type":"ImageObject","inLanguage":"en-US","@id":"https:\/\/vitablanca.ma\/produit\/soskin-fluide-clarifiant-spf25-50ml\/#primaryimage","url":"https:\/\/vitablanca.ma\/wp-content\/uploads\/2025\/06\/Soskin-Fluide-clarifiant-SPF25-50ml-nova-parapharmacie-casablanca.jpg","contentUrl":"https:\/\/vitablanca.ma\/wp-content\/uploads\/2025\/06\/Soskin-Fluide-clarifiant-SPF25-50ml-nova-parapharmacie-casablanca.jpg","width":1000,"height":1000},{"@type":"BreadcrumbList","@id":"https:\/\/vitablanca.ma\/produit\/soskin-fluide-clarifiant-spf25-50ml\/#breadcrumb","itemListElement":[{"@type":"ListItem","position":1,"name":"Home","item":"https:\/\/vitablanca.ma\/"},{"@type":"ListItem","position":2,"name":"Tous Les Produits","item":"https:\/\/vitablanca.ma\/tous-les-produits\/"},{"@type":"ListItem","position":3,"name":"Soskin Fluide Clarifiant SPF25 50ml"}]},{"@type":"WebSite","@id":"https:\/\/vitablanca.ma\/#website","url":"https:\/\/vitablanca.ma\/","name":"VitaBlanca.ma | Food supplements, health &amp; beauty in Morocco","description":"sell premium vitamins and supplements from USA &amp; Canada, New Zealand, Morocco (NOW Foods, Solgar, Manuka). Fast delivery anywhere in Morocco.","publisher":{"@id":"https:\/\/vitablanca.ma\/#organization"},"alternateName":"VitaBlanca.ma","potentialAction":[{"@type":"SearchAction","target":{"@type":"EntryPoint","urlTemplate":"https:\/\/vitablanca.ma\/?s={search_term_string}"},"query-input":{"@type":"PropertyValueSpecification","valueRequired":true,"valueName":"search_term_string"}}],"inLanguage":"en-US"},{"@type":"Organization","@id":"https:\/\/vitablanca.ma\/#organization","name":"VitaBlanca","url":"https:\/\/vitablanca.ma\/","logo":{"@type":"ImageObject","inLanguage":"en-US","@id":"https:\/\/vitablanca.ma\/#\/schema\/logo\/image\/","url":"https:\/\/vitablanca.ma\/wp-content\/uploads\/2025\/05\/cropped-vitablanca.png","contentUrl":"https:\/\/vitablanca.ma\/wp-content\/uploads\/2025\/05\/cropped-vitablanca.png","width":360,"height":67,"caption":"VitaBlanca"},"image":{"@id":"https:\/\/vitablanca.ma\/#\/schema\/logo\/image\/"},"sameAs":["https:\/\/www.facebook.com\/profile.php?id=61576678196717","https:\/\/www.tiktok.com\/@vitablanca.ma","https:\/\/www.instagram.com\/vitablanca.ma\/"]}]}},"jetpack_sharing_enabled":true,"_links":{"self":[{"href":"https:\/\/vitablanca.ma\/en\/wp-json\/wp\/v2\/product\/22112","targetHints":{"allow":["GET"]}}],"collection":[{"href":"https:\/\/vitablanca.ma\/en\/wp-json\/wp\/v2\/product"}],"about":[{"href":"https:\/\/vitablanca.ma\/en\/wp-json\/wp\/v2\/types\/product"}],"wp:featuredmedia":[{"embeddable":true,"href":"https:\/\/vitablanca.ma\/en\/wp-json\/wp\/v2\/media\/22111"}],"wp:attachment":[{"href":"https:\/\/vitablanca.ma\/en\/wp-json\/wp\/v2\/media?parent=22112"}],"wp:term":[{"taxonomy":"product_brand","embeddable":true,"href":"https:\/\/vitablanca.ma\/en\/wp-json\/wp\/v2\/product_brand?post=22112"},{"taxonomy":"product_cat","embeddable":true,"href":"https:\/\/vitablanca.ma\/en\/wp-json\/wp\/v2\/product_cat?post=22112"},{"taxonomy":"product_tag","embeddable":true,"href":"https:\/\/vitablanca.ma\/en\/wp-json\/wp\/v2\/product_tag?post=22112"}],"curies":[{"name":"wp","href":"https:\/\/api.w.org\/{rel}","templated":true}]}}