{"id":22102,"date":"2025-06-11T21:46:16","date_gmt":"2025-06-11T21:46:16","guid":{"rendered":"https:\/\/vitablanca.ma\/product\/sensodyne-brosse-a-dents-soin-gencives\/"},"modified":"2026-02-04T22:42:20","modified_gmt":"2026-02-04T22:42:20","slug":"sensodyne-brosse-a-dents-soin-gencives","status":"publish","type":"product","link":"https:\/\/vitablanca.ma\/en\/product\/sensodyne-brosse-a-dents-soin-gencives\/","title":{"rendered":"Sensodyne Gum Care Toothbrush"},"content":{"rendered":"<h2>Sensodyne Gum Care Toothbrush\u00a0<span data-mce-fragment=\"1\">designed for people with sensitive teeth.<\/span><\/h2>\n<div class=\"box component section product-grey-box first odd\">\n<div id=\"0364396341\" class=\"component-content\">\n<div class=\"paragraphSystem content\">\n<div class=\"box component section left-box odd grid_6 alpha\">\n<div id=\"1894281201\" class=\"component-content\">\n<div class=\"paragraphSystem content\">\n<div class=\"richText component section product-side-txt first odd last\">\n<div class=\"component-content\">\n<div class=\"richText-content\">\n<p>The Sensodyne Gum Care toothbrush has been specially designed for people with sensitive teeth. Its soft, rounded-tip filaments are designed to care for your gums. Its longer outer filaments are designed to flex along the gum line, adapting to delicate areas and providing a thorough clean. Its small head cleans even hard-to-reach areas.<\/p>\n<p>The Sensodyne Gum Care toothbrush comes in two softnesses: extra soft and soft.<\/p>\n<p>To effectively relieve your tooth sensitivity, we recommend brushing your teeth twice a day with Sensodyne Gum Care toothpaste and Sensodyne Gum Care toothbrush.<\/p>\n<\/div>\n<\/div>\n<\/div>\n<\/div>\n<\/div>\n<\/div>\n<\/div>\n<\/div>\n<\/div>\n<div class=\"box component section product-details-box even\">\n<div id=\"2002437564\" class=\"component-content\">\n<div class=\"paragraphSystem content\">\n<div class=\"richText component section sensodyne-txt first odd last\">\n<div class=\"component-content\">\n<div class=\"richText-content\">\n<h3>Directions for use<\/h3>\n<p>It is recommended to brush your teeth twice a day, and not to exceed three times. It is also recommended to change your toothbrush every three months.<\/p>\n<\/div>\n<\/div>\n<\/div>\n<\/div>\n<\/div>\n<\/div>","protected":false},"excerpt":{"rendered":"<p>Sensodyne Brosse \u00e0 Dents Soin Gencives\u00a0con\u00e7ue pour les personnes ayant les dents sensibles. a brosse \u00e0 dents Soin Gencives de Sensodyne a \u00e9t\u00e9 sp\u00e9cialement con\u00e7ue pour les personnes ayant les dents sensibles. Ses filaments doux aux bouts arrondis sont con\u00e7us pour prendre soin de vos gencives. Ses filaments externes plus longs sont con\u00e7us pour fl\u00e9chir [&hellip;]<\/p>\n","protected":false},"featured_media":22075,"template":"","meta":{"om_disable_all_campaigns":false},"product_brand":[],"product_cat":[15],"product_tag":[7910,7904,7907,7909,6254,7905,6257,7908,7903,7906],"class_list":{"0":"post-22102","1":"product","2":"type-product","3":"status-publish","4":"has-post-thumbnail","6":"product_cat-beaute-sante-complements-alimentaires-soins-et-bien-etre-au-meilleur-prix","7":"product_tag-brosse-a-dents-efficace","8":"product_tag-brosse-a-dents-gencives-sensibles","9":"product_tag-brosse-dent-sensodyne","10":"product_tag-dents-et-gencives","11":"product_tag-hygiene-bucco-dentaire","12":"product_tag-nettoyage-doux-dents","13":"product_tag-protection-gencives","14":"product_tag-sante-buccale","15":"product_tag-sensodyne-brosse-a-dents","16":"product_tag-soin-quotidien-dents","18":"first","19":"instock","20":"sale","21":"taxable","22":"shipping-taxable","23":"purchasable","24":"product-type-simple"},"yoast_head":"<!-- This site is optimized with the Yoast SEO plugin v27.4 - https:\/\/yoast.com\/product\/yoast-seo-wordpress\/ -->\n<title>Sensodyne Brosse \u00e0 Dents Soin Gencives - Maroc Prix<\/title>\n<meta name=\"description\" content=\"Sensodyne Brosse \u00e0 Dents Soin Gencives nettoie en douceur, prot\u00e8ge les gencives sensibles et assure une hygi\u00e8ne bucco-dentaire optimale au quotidien.\" \/>\n<meta name=\"robots\" content=\"index, follow, max-snippet:-1, max-image-preview:large, max-video-preview:-1\" \/>\n<link rel=\"canonical\" href=\"https:\/\/vitablanca.ma\/en\/product\/sensodyne-brosse-a-dents-soin-gencives\/\" \/>\n<meta property=\"og:locale\" content=\"en_US\" \/>\n<meta property=\"og:type\" content=\"article\" \/>\n<meta property=\"og:title\" content=\"Sensodyne Brosse \u00e0 Dents Soin Gencives - Maroc Prix\" \/>\n<meta property=\"og:description\" content=\"Sensodyne Brosse \u00e0 Dents Soin Gencives nettoie en douceur, prot\u00e8ge les gencives sensibles et assure une hygi\u00e8ne bucco-dentaire optimale au quotidien.\" \/>\n<meta property=\"og:url\" content=\"https:\/\/vitablanca.ma\/en\/product\/sensodyne-brosse-a-dents-soin-gencives\/\" \/>\n<meta property=\"og:site_name\" content=\"Vitablanca.ma &ndash; Sant&eacute;, vitalit&eacute; et bien-&ecirc;tre pour tous les Marocains\" \/>\n<meta property=\"article:publisher\" content=\"https:\/\/www.facebook.com\/profile.php?id=61576678196717\" \/>\n<meta property=\"article:modified_time\" content=\"2026-02-04T22:42:20+00:00\" \/>\n<meta property=\"og:image\" content=\"https:\/\/vitablanca.ma\/wp-content\/uploads\/2025\/06\/Sensodyne-Brosse-a-Dents-Soin-Gencives-nova-paraphamacie-maroc.png\" \/>\n\t<meta property=\"og:image:width\" content=\"1000\" \/>\n\t<meta property=\"og:image:height\" content=\"1000\" \/>\n\t<meta property=\"og:image:type\" content=\"image\/png\" \/>\n<meta name=\"twitter:card\" content=\"summary_large_image\" \/>\n<meta name=\"twitter:label1\" content=\"Est. reading time\" \/>\n\t<meta name=\"twitter:data1\" content=\"2 minutes\" \/>\n<script type=\"application\/ld+json\" class=\"yoast-schema-graph\">{\"@context\":\"https:\\\/\\\/schema.org\",\"@graph\":[{\"@type\":[\"WebPage\",\"ItemPage\"],\"@id\":\"https:\\\/\\\/vitablanca.ma\\\/produit\\\/sensodyne-brosse-a-dents-soin-gencives\\\/\",\"url\":\"https:\\\/\\\/vitablanca.ma\\\/produit\\\/sensodyne-brosse-a-dents-soin-gencives\\\/\",\"name\":\"Sensodyne Brosse \u00e0 Dents Soin Gencives - Maroc Prix\",\"isPartOf\":{\"@id\":\"https:\\\/\\\/vitablanca.ma\\\/#website\"},\"primaryImageOfPage\":{\"@id\":\"https:\\\/\\\/vitablanca.ma\\\/produit\\\/sensodyne-brosse-a-dents-soin-gencives\\\/#primaryimage\"},\"image\":{\"@id\":\"https:\\\/\\\/vitablanca.ma\\\/produit\\\/sensodyne-brosse-a-dents-soin-gencives\\\/#primaryimage\"},\"thumbnailUrl\":\"https:\\\/\\\/vitablanca.ma\\\/wp-content\\\/uploads\\\/2025\\\/06\\\/Sensodyne-Brosse-a-Dents-Soin-Gencives-nova-paraphamacie-maroc.png\",\"datePublished\":\"2025-06-11T21:46:16+00:00\",\"dateModified\":\"2026-02-04T22:42:20+00:00\",\"description\":\"Sensodyne Brosse \u00e0 Dents Soin Gencives nettoie en douceur, prot\u00e8ge les gencives sensibles et assure une hygi\u00e8ne bucco-dentaire optimale au quotidien.\",\"breadcrumb\":{\"@id\":\"https:\\\/\\\/vitablanca.ma\\\/produit\\\/sensodyne-brosse-a-dents-soin-gencives\\\/#breadcrumb\"},\"inLanguage\":\"en-US\",\"potentialAction\":[{\"@type\":\"ReadAction\",\"target\":[\"https:\\\/\\\/vitablanca.ma\\\/produit\\\/sensodyne-brosse-a-dents-soin-gencives\\\/\"]}]},{\"@type\":\"ImageObject\",\"inLanguage\":\"en-US\",\"@id\":\"https:\\\/\\\/vitablanca.ma\\\/produit\\\/sensodyne-brosse-a-dents-soin-gencives\\\/#primaryimage\",\"url\":\"https:\\\/\\\/vitablanca.ma\\\/wp-content\\\/uploads\\\/2025\\\/06\\\/Sensodyne-Brosse-a-Dents-Soin-Gencives-nova-paraphamacie-maroc.png\",\"contentUrl\":\"https:\\\/\\\/vitablanca.ma\\\/wp-content\\\/uploads\\\/2025\\\/06\\\/Sensodyne-Brosse-a-Dents-Soin-Gencives-nova-paraphamacie-maroc.png\",\"width\":1000,\"height\":1000},{\"@type\":\"BreadcrumbList\",\"@id\":\"https:\\\/\\\/vitablanca.ma\\\/produit\\\/sensodyne-brosse-a-dents-soin-gencives\\\/#breadcrumb\",\"itemListElement\":[{\"@type\":\"ListItem\",\"position\":1,\"name\":\"Home\",\"item\":\"https:\\\/\\\/vitablanca.ma\\\/\"},{\"@type\":\"ListItem\",\"position\":2,\"name\":\"Tous Les Produits\",\"item\":\"https:\\\/\\\/vitablanca.ma\\\/tous-les-produits\\\/\"},{\"@type\":\"ListItem\",\"position\":3,\"name\":\"Sensodyne Brosse \u00e0 Dents Soin Gencives\"}]},{\"@type\":\"WebSite\",\"@id\":\"https:\\\/\\\/vitablanca.ma\\\/#website\",\"url\":\"https:\\\/\\\/vitablanca.ma\\\/\",\"name\":\"VitaBlanca.ma | Compl\u00e9ments alimentaires, sant\u00e9 & beaut\u00e9 au Maroc\",\"description\":\"vendre vitamines et compl\u00e9ments premium des USA &amp; Canada, Nouvelle Z\u00e9lande,Maroc (NOW Foods, Solgar, Manuka). Livraison rapide partout au Maroc.\",\"publisher\":{\"@id\":\"https:\\\/\\\/vitablanca.ma\\\/#organization\"},\"alternateName\":\"VitaBlanca.ma\",\"potentialAction\":[{\"@type\":\"SearchAction\",\"target\":{\"@type\":\"EntryPoint\",\"urlTemplate\":\"https:\\\/\\\/vitablanca.ma\\\/?s={search_term_string}\"},\"query-input\":{\"@type\":\"PropertyValueSpecification\",\"valueRequired\":true,\"valueName\":\"search_term_string\"}}],\"inLanguage\":\"en-US\"},{\"@type\":\"Organization\",\"@id\":\"https:\\\/\\\/vitablanca.ma\\\/#organization\",\"name\":\"VitaBlanca\",\"url\":\"https:\\\/\\\/vitablanca.ma\\\/\",\"logo\":{\"@type\":\"ImageObject\",\"inLanguage\":\"en-US\",\"@id\":\"https:\\\/\\\/vitablanca.ma\\\/#\\\/schema\\\/logo\\\/image\\\/\",\"url\":\"https:\\\/\\\/vitablanca.ma\\\/wp-content\\\/uploads\\\/2025\\\/05\\\/cropped-vitablanca.png\",\"contentUrl\":\"https:\\\/\\\/vitablanca.ma\\\/wp-content\\\/uploads\\\/2025\\\/05\\\/cropped-vitablanca.png\",\"width\":360,\"height\":67,\"caption\":\"VitaBlanca\"},\"image\":{\"@id\":\"https:\\\/\\\/vitablanca.ma\\\/#\\\/schema\\\/logo\\\/image\\\/\"},\"sameAs\":[\"https:\\\/\\\/www.facebook.com\\\/profile.php?id=61576678196717\",\"https:\\\/\\\/www.tiktok.com\\\/@vitablanca.ma\",\"https:\\\/\\\/www.instagram.com\\\/vitablanca.ma\\\/\"]}]}<\/script>\n<!-- \/ Yoast SEO plugin. -->","yoast_head_json":{"title":"Sensodyne Gum Care Toothbrush - Morocco Price","description":"Sensodyne Brosse \u00e0 Dents Soin Gencives nettoie en douceur, prot\u00e8ge les gencives sensibles et assure une hygi\u00e8ne bucco-dentaire optimale au quotidien.","robots":{"index":"index","follow":"follow","max-snippet":"max-snippet:-1","max-image-preview":"max-image-preview:large","max-video-preview":"max-video-preview:-1"},"canonical":"https:\/\/vitablanca.ma\/en\/product\/sensodyne-brosse-a-dents-soin-gencives\/","og_locale":"en_US","og_type":"article","og_title":"Sensodyne Brosse \u00e0 Dents Soin Gencives - Maroc Prix","og_description":"Sensodyne Brosse \u00e0 Dents Soin Gencives nettoie en douceur, prot\u00e8ge les gencives sensibles et assure une hygi\u00e8ne bucco-dentaire optimale au quotidien.","og_url":"https:\/\/vitablanca.ma\/en\/product\/sensodyne-brosse-a-dents-soin-gencives\/","og_site_name":"Vitablanca.ma &ndash; Sant&eacute;, vitalit&eacute; et bien-&ecirc;tre pour tous les Marocains","article_publisher":"https:\/\/www.facebook.com\/profile.php?id=61576678196717","article_modified_time":"2026-02-04T22:42:20+00:00","og_image":[{"width":1000,"height":1000,"url":"https:\/\/vitablanca.ma\/wp-content\/uploads\/2025\/06\/Sensodyne-Brosse-a-Dents-Soin-Gencives-nova-paraphamacie-maroc.png","type":"image\/png"}],"twitter_card":"summary_large_image","twitter_misc":{"Est. reading time":"2 minutes"},"schema":{"@context":"https:\/\/schema.org","@graph":[{"@type":["WebPage","ItemPage"],"@id":"https:\/\/vitablanca.ma\/produit\/sensodyne-brosse-a-dents-soin-gencives\/","url":"https:\/\/vitablanca.ma\/produit\/sensodyne-brosse-a-dents-soin-gencives\/","name":"Sensodyne Gum Care Toothbrush - Morocco Price","isPartOf":{"@id":"https:\/\/vitablanca.ma\/#website"},"primaryImageOfPage":{"@id":"https:\/\/vitablanca.ma\/produit\/sensodyne-brosse-a-dents-soin-gencives\/#primaryimage"},"image":{"@id":"https:\/\/vitablanca.ma\/produit\/sensodyne-brosse-a-dents-soin-gencives\/#primaryimage"},"thumbnailUrl":"https:\/\/vitablanca.ma\/wp-content\/uploads\/2025\/06\/Sensodyne-Brosse-a-Dents-Soin-Gencives-nova-paraphamacie-maroc.png","datePublished":"2025-06-11T21:46:16+00:00","dateModified":"2026-02-04T22:42:20+00:00","description":"Sensodyne Brosse \u00e0 Dents Soin Gencives nettoie en douceur, prot\u00e8ge les gencives sensibles et assure une hygi\u00e8ne bucco-dentaire optimale au quotidien.","breadcrumb":{"@id":"https:\/\/vitablanca.ma\/produit\/sensodyne-brosse-a-dents-soin-gencives\/#breadcrumb"},"inLanguage":"en-US","potentialAction":[{"@type":"ReadAction","target":["https:\/\/vitablanca.ma\/produit\/sensodyne-brosse-a-dents-soin-gencives\/"]}]},{"@type":"ImageObject","inLanguage":"en-US","@id":"https:\/\/vitablanca.ma\/produit\/sensodyne-brosse-a-dents-soin-gencives\/#primaryimage","url":"https:\/\/vitablanca.ma\/wp-content\/uploads\/2025\/06\/Sensodyne-Brosse-a-Dents-Soin-Gencives-nova-paraphamacie-maroc.png","contentUrl":"https:\/\/vitablanca.ma\/wp-content\/uploads\/2025\/06\/Sensodyne-Brosse-a-Dents-Soin-Gencives-nova-paraphamacie-maroc.png","width":1000,"height":1000},{"@type":"BreadcrumbList","@id":"https:\/\/vitablanca.ma\/produit\/sensodyne-brosse-a-dents-soin-gencives\/#breadcrumb","itemListElement":[{"@type":"ListItem","position":1,"name":"Home","item":"https:\/\/vitablanca.ma\/"},{"@type":"ListItem","position":2,"name":"Tous Les Produits","item":"https:\/\/vitablanca.ma\/tous-les-produits\/"},{"@type":"ListItem","position":3,"name":"Sensodyne Brosse \u00e0 Dents Soin Gencives"}]},{"@type":"WebSite","@id":"https:\/\/vitablanca.ma\/#website","url":"https:\/\/vitablanca.ma\/","name":"VitaBlanca.ma | Food supplements, health &amp; beauty in Morocco","description":"sell premium vitamins and supplements from USA &amp; Canada, New Zealand, Morocco (NOW Foods, Solgar, Manuka). Fast delivery anywhere in Morocco.","publisher":{"@id":"https:\/\/vitablanca.ma\/#organization"},"alternateName":"VitaBlanca.ma","potentialAction":[{"@type":"SearchAction","target":{"@type":"EntryPoint","urlTemplate":"https:\/\/vitablanca.ma\/?s={search_term_string}"},"query-input":{"@type":"PropertyValueSpecification","valueRequired":true,"valueName":"search_term_string"}}],"inLanguage":"en-US"},{"@type":"Organization","@id":"https:\/\/vitablanca.ma\/#organization","name":"VitaBlanca","url":"https:\/\/vitablanca.ma\/","logo":{"@type":"ImageObject","inLanguage":"en-US","@id":"https:\/\/vitablanca.ma\/#\/schema\/logo\/image\/","url":"https:\/\/vitablanca.ma\/wp-content\/uploads\/2025\/05\/cropped-vitablanca.png","contentUrl":"https:\/\/vitablanca.ma\/wp-content\/uploads\/2025\/05\/cropped-vitablanca.png","width":360,"height":67,"caption":"VitaBlanca"},"image":{"@id":"https:\/\/vitablanca.ma\/#\/schema\/logo\/image\/"},"sameAs":["https:\/\/www.facebook.com\/profile.php?id=61576678196717","https:\/\/www.tiktok.com\/@vitablanca.ma","https:\/\/www.instagram.com\/vitablanca.ma\/"]}]}},"jetpack_sharing_enabled":true,"_links":{"self":[{"href":"https:\/\/vitablanca.ma\/en\/wp-json\/wp\/v2\/product\/22102","targetHints":{"allow":["GET"]}}],"collection":[{"href":"https:\/\/vitablanca.ma\/en\/wp-json\/wp\/v2\/product"}],"about":[{"href":"https:\/\/vitablanca.ma\/en\/wp-json\/wp\/v2\/types\/product"}],"wp:featuredmedia":[{"embeddable":true,"href":"https:\/\/vitablanca.ma\/en\/wp-json\/wp\/v2\/media\/22075"}],"wp:attachment":[{"href":"https:\/\/vitablanca.ma\/en\/wp-json\/wp\/v2\/media?parent=22102"}],"wp:term":[{"taxonomy":"product_brand","embeddable":true,"href":"https:\/\/vitablanca.ma\/en\/wp-json\/wp\/v2\/product_brand?post=22102"},{"taxonomy":"product_cat","embeddable":true,"href":"https:\/\/vitablanca.ma\/en\/wp-json\/wp\/v2\/product_cat?post=22102"},{"taxonomy":"product_tag","embeddable":true,"href":"https:\/\/vitablanca.ma\/en\/wp-json\/wp\/v2\/product_tag?post=22102"}],"curies":[{"name":"wp","href":"https:\/\/api.w.org\/{rel}","templated":true}]}}