{"id":22101,"date":"2025-06-11T21:46:14","date_gmt":"2025-06-11T21:46:14","guid":{"rendered":"https:\/\/vitablanca.ma\/product\/somatoline-cosmetic-complement-minceur-gommage-corps-sel-marin-350g\/"},"modified":"2026-02-04T22:44:14","modified_gmt":"2026-02-04T22:44:14","slug":"somatoline-cosmetic-complement-minceur-gommage-corps-sel-marin-350g","status":"publish","type":"product","link":"https:\/\/vitablanca.ma\/en\/product\/somatoline-cosmetic-complement-minceur-gommage-corps-sel-marin-350g\/","title":{"rendered":"Somatoline Cosmetic Slimming Supplement Body Scrub Sea Salt 350g"},"content":{"rendered":"<h2>Somatoline Cosmetic Compl\u00e9ment Minceur Gommage Corps Sel Marin\u00a0pour le\u00a0<strong>scrub<\/strong>\u00a0based on\u00a0<strong>salt\u00a0<\/strong><\/h2>\n<p><strong>Somatoline Cosmectic<\/strong>\u00a0offers a slimming supplement for the\u00a0<strong>scrub<\/strong>\u00a0based on\u00a0<strong>sea salt<\/strong>\u00a0Designed for exfoliating the skin and preparing it for the application of the brand&#039;s slimming treatments. Dermatologically tested, this product remains perfectly healthy and gentle on the skin thanks to the natural jojoba oil that completes the formula.<\/p>\n<p>Due to its crystal structure, sea salt is a great ally for skin that over time suffers from the inconveniences linked to the accumulation of dead skin and calluses that form small imperfections that are not very aesthetic and uncomfortable. Applied locally to the area to be treated, this slimming supplement will precisely\u00a0<strong>smooth out irregularities<\/strong>\u00a0and restore a smooth and silky appearance to the skin. In addition, the many minerals that make up sea salt provide nutrients essential for cell regeneration and diffuse their anti-inflammatory properties.<\/p>\n<p>Two birds with one stone, this\u00a0<strong>Somatoline Cosmetic exfoliating treatment<\/strong>\u00a0purifies the skin down to its pores and contributes to its revitalization, accompanied in this second task by natural jojoba oil with strong nourishing and humectant powers. The lipid barrier is strengthened and dehydration slowed for fresher and more radiant skin.<\/p>\n<p>THE\u00a0<strong>slimming supplement for sea salt scrub<\/strong>\u00a0of\u00a0<strong>Somatoline Cosmetic<\/strong>\u00a0contains wheat germ vegetable oil, a powerful antioxidant that protects the skin from premature aging.<\/p>\n<h3>Use<\/h3>\n<ul>\n<li>Mix with the spatula before application.<\/li>\n<li>In the shower, apply to damp skin and massage in circular motions<\/li>\n<li>Rinse with water<\/li>\n<li>Ensuite, appliquer le\u00a0soin amincissant\u00a0Somatoline Cosmetic<\/li>\n<li>Regular use, 1 to 2 times per week, is recommended<\/li>\n<\/ul>\n<p style=\"text-align: center;\">Discover Somatoline Slimming Supplement Body Scrub Sea Salt, a product carefully selected to meet your specific needs, and enjoy an exceptional shopping experience on our site,\u00a0<strong>Vita Blanca Parapharmacie Maroc<\/strong><\/p>","protected":false},"excerpt":{"rendered":"<p>Somatoline Cosmetic Compl\u00e9ment Minceur Gommage Corps Sel Marin\u00a0pour le\u00a0gommage\u00a0\u00e0 base de\u00a0sel\u00a0 Somatoline Cosmectic\u00a0propose un compl\u00e9ment minceur pour le\u00a0gommage\u00a0\u00e0 base de\u00a0sel marin\u00a0destin\u00e9 \u00e0 l&rsquo;exfoliation de la peau et \u00e0 sa pr\u00e9paration pour l&rsquo;application de soins minceurs de la marque. Test\u00e9 dermatologiquement, ce produit reste parfaitement sain et doux sur l&rsquo;\u00e9piderme gr\u00e2ce \u00e0 l&rsquo;huile de jojoba naturelle [&hellip;]<\/p>\n","protected":false},"featured_media":22100,"template":"","meta":{"om_disable_all_campaigns":false},"product_brand":[],"product_cat":[15],"product_tag":[7918,7914,7912,7916,7915,7919,7917,7913,6304,7911],"class_list":{"0":"post-22101","1":"product","2":"type-product","3":"status-publish","4":"has-post-thumbnail","6":"product_cat-beaute-sante-complements-alimentaires-soins-et-bien-etre-au-meilleur-prix","7":"product_tag-elimination-cellules-mortes","8":"product_tag-exfoliation-peau","9":"product_tag-gommage-corps","10":"product_tag-gommage-naturel","11":"product_tag-peau-douce-et-lisse","12":"product_tag-peau-revitalisee","13":"product_tag-revitalisant-peau","14":"product_tag-sel-marin-exfoliant","15":"product_tag-soin-corps","16":"product_tag-somatoline-cosmetic","18":"first","19":"instock","20":"sale","21":"taxable","22":"shipping-taxable","23":"purchasable","24":"product-type-simple"},"yoast_head":"<!-- This site is optimized with the Yoast SEO plugin v27.4 - https:\/\/yoast.com\/product\/yoast-seo-wordpress\/ -->\n<title>Somatoline Cosmetic Gommage Corps Sel Marin 35 g - Maroc Prix<\/title>\n<meta name=\"description\" content=\"Somatoline Cosmetic Gommage Corps Sel Marin 350\u202fg exfolie la peau en douceur, \u00e9limine les cellules mortes et laisse la peau lisse, douce et revitalis\u00e9e.\" \/>\n<meta name=\"robots\" content=\"index, follow, max-snippet:-1, max-image-preview:large, max-video-preview:-1\" \/>\n<link rel=\"canonical\" href=\"https:\/\/vitablanca.ma\/en\/product\/somatoline-cosmetic-complement-minceur-gommage-corps-sel-marin-350g\/\" \/>\n<meta property=\"og:locale\" content=\"en_US\" \/>\n<meta property=\"og:type\" content=\"article\" \/>\n<meta property=\"og:title\" content=\"Somatoline Cosmetic Gommage Corps Sel Marin 35 g - Maroc Prix\" \/>\n<meta property=\"og:description\" content=\"Somatoline Cosmetic Gommage Corps Sel Marin 350\u202fg exfolie la peau en douceur, \u00e9limine les cellules mortes et laisse la peau lisse, douce et revitalis\u00e9e.\" \/>\n<meta property=\"og:url\" content=\"https:\/\/vitablanca.ma\/en\/product\/somatoline-cosmetic-complement-minceur-gommage-corps-sel-marin-350g\/\" \/>\n<meta property=\"og:site_name\" content=\"Vitablanca.ma &ndash; Sant&eacute;, vitalit&eacute; et bien-&ecirc;tre pour tous les Marocains\" \/>\n<meta property=\"article:publisher\" content=\"https:\/\/www.facebook.com\/profile.php?id=61576678196717\" \/>\n<meta property=\"article:modified_time\" content=\"2026-02-04T22:44:14+00:00\" \/>\n<meta property=\"og:image\" content=\"https:\/\/vitablanca.ma\/wp-content\/uploads\/2025\/06\/Somatoline-Cosmetic-Complement-Minceur-Gommage-Corps-Sel-Marin-350g-Nova-prapharmacie-maroc.jpg\" \/>\n\t<meta property=\"og:image:width\" content=\"1000\" \/>\n\t<meta property=\"og:image:height\" content=\"1000\" \/>\n\t<meta property=\"og:image:type\" content=\"image\/jpeg\" \/>\n<meta name=\"twitter:card\" content=\"summary_large_image\" \/>\n<meta name=\"twitter:label1\" content=\"Est. reading time\" \/>\n\t<meta name=\"twitter:data1\" content=\"2 minutes\" \/>\n<script type=\"application\/ld+json\" class=\"yoast-schema-graph\">{\"@context\":\"https:\\\/\\\/schema.org\",\"@graph\":[{\"@type\":[\"WebPage\",\"ItemPage\"],\"@id\":\"https:\\\/\\\/vitablanca.ma\\\/produit\\\/somatoline-cosmetic-complement-minceur-gommage-corps-sel-marin-350g\\\/\",\"url\":\"https:\\\/\\\/vitablanca.ma\\\/produit\\\/somatoline-cosmetic-complement-minceur-gommage-corps-sel-marin-350g\\\/\",\"name\":\"Somatoline Cosmetic Gommage Corps Sel Marin 35 g - Maroc Prix\",\"isPartOf\":{\"@id\":\"https:\\\/\\\/vitablanca.ma\\\/#website\"},\"primaryImageOfPage\":{\"@id\":\"https:\\\/\\\/vitablanca.ma\\\/produit\\\/somatoline-cosmetic-complement-minceur-gommage-corps-sel-marin-350g\\\/#primaryimage\"},\"image\":{\"@id\":\"https:\\\/\\\/vitablanca.ma\\\/produit\\\/somatoline-cosmetic-complement-minceur-gommage-corps-sel-marin-350g\\\/#primaryimage\"},\"thumbnailUrl\":\"https:\\\/\\\/vitablanca.ma\\\/wp-content\\\/uploads\\\/2025\\\/06\\\/Somatoline-Cosmetic-Complement-Minceur-Gommage-Corps-Sel-Marin-350g-Nova-prapharmacie-maroc.jpg\",\"datePublished\":\"2025-06-11T21:46:14+00:00\",\"dateModified\":\"2026-02-04T22:44:14+00:00\",\"description\":\"Somatoline Cosmetic Gommage Corps Sel Marin 350\u202fg exfolie la peau en douceur, \u00e9limine les cellules mortes et laisse la peau lisse, douce et revitalis\u00e9e.\",\"breadcrumb\":{\"@id\":\"https:\\\/\\\/vitablanca.ma\\\/produit\\\/somatoline-cosmetic-complement-minceur-gommage-corps-sel-marin-350g\\\/#breadcrumb\"},\"inLanguage\":\"en-US\",\"potentialAction\":[{\"@type\":\"ReadAction\",\"target\":[\"https:\\\/\\\/vitablanca.ma\\\/produit\\\/somatoline-cosmetic-complement-minceur-gommage-corps-sel-marin-350g\\\/\"]}]},{\"@type\":\"ImageObject\",\"inLanguage\":\"en-US\",\"@id\":\"https:\\\/\\\/vitablanca.ma\\\/produit\\\/somatoline-cosmetic-complement-minceur-gommage-corps-sel-marin-350g\\\/#primaryimage\",\"url\":\"https:\\\/\\\/vitablanca.ma\\\/wp-content\\\/uploads\\\/2025\\\/06\\\/Somatoline-Cosmetic-Complement-Minceur-Gommage-Corps-Sel-Marin-350g-Nova-prapharmacie-maroc.jpg\",\"contentUrl\":\"https:\\\/\\\/vitablanca.ma\\\/wp-content\\\/uploads\\\/2025\\\/06\\\/Somatoline-Cosmetic-Complement-Minceur-Gommage-Corps-Sel-Marin-350g-Nova-prapharmacie-maroc.jpg\",\"width\":1000,\"height\":1000},{\"@type\":\"BreadcrumbList\",\"@id\":\"https:\\\/\\\/vitablanca.ma\\\/produit\\\/somatoline-cosmetic-complement-minceur-gommage-corps-sel-marin-350g\\\/#breadcrumb\",\"itemListElement\":[{\"@type\":\"ListItem\",\"position\":1,\"name\":\"Home\",\"item\":\"https:\\\/\\\/vitablanca.ma\\\/\"},{\"@type\":\"ListItem\",\"position\":2,\"name\":\"Tous Les Produits\",\"item\":\"https:\\\/\\\/vitablanca.ma\\\/tous-les-produits\\\/\"},{\"@type\":\"ListItem\",\"position\":3,\"name\":\"Somatoline Cosmetic Compl\u00e9ment Minceur Gommage Corps Sel Marin 350g\"}]},{\"@type\":\"WebSite\",\"@id\":\"https:\\\/\\\/vitablanca.ma\\\/#website\",\"url\":\"https:\\\/\\\/vitablanca.ma\\\/\",\"name\":\"VitaBlanca.ma | Compl\u00e9ments alimentaires, sant\u00e9 & beaut\u00e9 au Maroc\",\"description\":\"vendre vitamines et compl\u00e9ments premium des USA &amp; Canada, Nouvelle Z\u00e9lande,Maroc (NOW Foods, Solgar, Manuka). Livraison rapide partout au Maroc.\",\"publisher\":{\"@id\":\"https:\\\/\\\/vitablanca.ma\\\/#organization\"},\"alternateName\":\"VitaBlanca.ma\",\"potentialAction\":[{\"@type\":\"SearchAction\",\"target\":{\"@type\":\"EntryPoint\",\"urlTemplate\":\"https:\\\/\\\/vitablanca.ma\\\/?s={search_term_string}\"},\"query-input\":{\"@type\":\"PropertyValueSpecification\",\"valueRequired\":true,\"valueName\":\"search_term_string\"}}],\"inLanguage\":\"en-US\"},{\"@type\":\"Organization\",\"@id\":\"https:\\\/\\\/vitablanca.ma\\\/#organization\",\"name\":\"VitaBlanca\",\"url\":\"https:\\\/\\\/vitablanca.ma\\\/\",\"logo\":{\"@type\":\"ImageObject\",\"inLanguage\":\"en-US\",\"@id\":\"https:\\\/\\\/vitablanca.ma\\\/#\\\/schema\\\/logo\\\/image\\\/\",\"url\":\"https:\\\/\\\/vitablanca.ma\\\/wp-content\\\/uploads\\\/2025\\\/05\\\/cropped-vitablanca.png\",\"contentUrl\":\"https:\\\/\\\/vitablanca.ma\\\/wp-content\\\/uploads\\\/2025\\\/05\\\/cropped-vitablanca.png\",\"width\":360,\"height\":67,\"caption\":\"VitaBlanca\"},\"image\":{\"@id\":\"https:\\\/\\\/vitablanca.ma\\\/#\\\/schema\\\/logo\\\/image\\\/\"},\"sameAs\":[\"https:\\\/\\\/www.facebook.com\\\/profile.php?id=61576678196717\",\"https:\\\/\\\/www.tiktok.com\\\/@vitablanca.ma\",\"https:\\\/\\\/www.instagram.com\\\/vitablanca.ma\\\/\"]}]}<\/script>\n<!-- \/ Yoast SEO plugin. -->","yoast_head_json":{"title":"Somatoline Cosmetic Gommage Corps Sel Marin 35 g - Maroc Prix","description":"Somatoline Cosmetic Gommage Corps Sel Marin 350\u202fg exfolie la peau en douceur, \u00e9limine les cellules mortes et laisse la peau lisse, douce et revitalis\u00e9e.","robots":{"index":"index","follow":"follow","max-snippet":"max-snippet:-1","max-image-preview":"max-image-preview:large","max-video-preview":"max-video-preview:-1"},"canonical":"https:\/\/vitablanca.ma\/en\/product\/somatoline-cosmetic-complement-minceur-gommage-corps-sel-marin-350g\/","og_locale":"en_US","og_type":"article","og_title":"Somatoline Cosmetic Gommage Corps Sel Marin 35 g - Maroc Prix","og_description":"Somatoline Cosmetic Gommage Corps Sel Marin 350\u202fg exfolie la peau en douceur, \u00e9limine les cellules mortes et laisse la peau lisse, douce et revitalis\u00e9e.","og_url":"https:\/\/vitablanca.ma\/en\/product\/somatoline-cosmetic-complement-minceur-gommage-corps-sel-marin-350g\/","og_site_name":"Vitablanca.ma &ndash; Sant&eacute;, vitalit&eacute; et bien-&ecirc;tre pour tous les Marocains","article_publisher":"https:\/\/www.facebook.com\/profile.php?id=61576678196717","article_modified_time":"2026-02-04T22:44:14+00:00","og_image":[{"width":1000,"height":1000,"url":"https:\/\/vitablanca.ma\/wp-content\/uploads\/2025\/06\/Somatoline-Cosmetic-Complement-Minceur-Gommage-Corps-Sel-Marin-350g-Nova-prapharmacie-maroc.jpg","type":"image\/jpeg"}],"twitter_card":"summary_large_image","twitter_misc":{"Est. reading time":"2 minutes"},"schema":{"@context":"https:\/\/schema.org","@graph":[{"@type":["WebPage","ItemPage"],"@id":"https:\/\/vitablanca.ma\/produit\/somatoline-cosmetic-complement-minceur-gommage-corps-sel-marin-350g\/","url":"https:\/\/vitablanca.ma\/produit\/somatoline-cosmetic-complement-minceur-gommage-corps-sel-marin-350g\/","name":"Somatoline Cosmetic Gommage Corps Sel Marin 35 g - Maroc Prix","isPartOf":{"@id":"https:\/\/vitablanca.ma\/#website"},"primaryImageOfPage":{"@id":"https:\/\/vitablanca.ma\/produit\/somatoline-cosmetic-complement-minceur-gommage-corps-sel-marin-350g\/#primaryimage"},"image":{"@id":"https:\/\/vitablanca.ma\/produit\/somatoline-cosmetic-complement-minceur-gommage-corps-sel-marin-350g\/#primaryimage"},"thumbnailUrl":"https:\/\/vitablanca.ma\/wp-content\/uploads\/2025\/06\/Somatoline-Cosmetic-Complement-Minceur-Gommage-Corps-Sel-Marin-350g-Nova-prapharmacie-maroc.jpg","datePublished":"2025-06-11T21:46:14+00:00","dateModified":"2026-02-04T22:44:14+00:00","description":"Somatoline Cosmetic Gommage Corps Sel Marin 350\u202fg exfolie la peau en douceur, \u00e9limine les cellules mortes et laisse la peau lisse, douce et revitalis\u00e9e.","breadcrumb":{"@id":"https:\/\/vitablanca.ma\/produit\/somatoline-cosmetic-complement-minceur-gommage-corps-sel-marin-350g\/#breadcrumb"},"inLanguage":"en-US","potentialAction":[{"@type":"ReadAction","target":["https:\/\/vitablanca.ma\/produit\/somatoline-cosmetic-complement-minceur-gommage-corps-sel-marin-350g\/"]}]},{"@type":"ImageObject","inLanguage":"en-US","@id":"https:\/\/vitablanca.ma\/produit\/somatoline-cosmetic-complement-minceur-gommage-corps-sel-marin-350g\/#primaryimage","url":"https:\/\/vitablanca.ma\/wp-content\/uploads\/2025\/06\/Somatoline-Cosmetic-Complement-Minceur-Gommage-Corps-Sel-Marin-350g-Nova-prapharmacie-maroc.jpg","contentUrl":"https:\/\/vitablanca.ma\/wp-content\/uploads\/2025\/06\/Somatoline-Cosmetic-Complement-Minceur-Gommage-Corps-Sel-Marin-350g-Nova-prapharmacie-maroc.jpg","width":1000,"height":1000},{"@type":"BreadcrumbList","@id":"https:\/\/vitablanca.ma\/produit\/somatoline-cosmetic-complement-minceur-gommage-corps-sel-marin-350g\/#breadcrumb","itemListElement":[{"@type":"ListItem","position":1,"name":"Home","item":"https:\/\/vitablanca.ma\/"},{"@type":"ListItem","position":2,"name":"Tous Les Produits","item":"https:\/\/vitablanca.ma\/tous-les-produits\/"},{"@type":"ListItem","position":3,"name":"Somatoline Cosmetic Compl\u00e9ment Minceur Gommage Corps Sel Marin 350g"}]},{"@type":"WebSite","@id":"https:\/\/vitablanca.ma\/#website","url":"https:\/\/vitablanca.ma\/","name":"VitaBlanca.ma | Food supplements, health &amp; beauty in Morocco","description":"sell premium vitamins and supplements from USA &amp; Canada, New Zealand, Morocco (NOW Foods, Solgar, Manuka). Fast delivery anywhere in Morocco.","publisher":{"@id":"https:\/\/vitablanca.ma\/#organization"},"alternateName":"VitaBlanca.ma","potentialAction":[{"@type":"SearchAction","target":{"@type":"EntryPoint","urlTemplate":"https:\/\/vitablanca.ma\/?s={search_term_string}"},"query-input":{"@type":"PropertyValueSpecification","valueRequired":true,"valueName":"search_term_string"}}],"inLanguage":"en-US"},{"@type":"Organization","@id":"https:\/\/vitablanca.ma\/#organization","name":"VitaBlanca","url":"https:\/\/vitablanca.ma\/","logo":{"@type":"ImageObject","inLanguage":"en-US","@id":"https:\/\/vitablanca.ma\/#\/schema\/logo\/image\/","url":"https:\/\/vitablanca.ma\/wp-content\/uploads\/2025\/05\/cropped-vitablanca.png","contentUrl":"https:\/\/vitablanca.ma\/wp-content\/uploads\/2025\/05\/cropped-vitablanca.png","width":360,"height":67,"caption":"VitaBlanca"},"image":{"@id":"https:\/\/vitablanca.ma\/#\/schema\/logo\/image\/"},"sameAs":["https:\/\/www.facebook.com\/profile.php?id=61576678196717","https:\/\/www.tiktok.com\/@vitablanca.ma","https:\/\/www.instagram.com\/vitablanca.ma\/"]}]}},"jetpack_sharing_enabled":true,"_links":{"self":[{"href":"https:\/\/vitablanca.ma\/en\/wp-json\/wp\/v2\/product\/22101","targetHints":{"allow":["GET"]}}],"collection":[{"href":"https:\/\/vitablanca.ma\/en\/wp-json\/wp\/v2\/product"}],"about":[{"href":"https:\/\/vitablanca.ma\/en\/wp-json\/wp\/v2\/types\/product"}],"wp:featuredmedia":[{"embeddable":true,"href":"https:\/\/vitablanca.ma\/en\/wp-json\/wp\/v2\/media\/22100"}],"wp:attachment":[{"href":"https:\/\/vitablanca.ma\/en\/wp-json\/wp\/v2\/media?parent=22101"}],"wp:term":[{"taxonomy":"product_brand","embeddable":true,"href":"https:\/\/vitablanca.ma\/en\/wp-json\/wp\/v2\/product_brand?post=22101"},{"taxonomy":"product_cat","embeddable":true,"href":"https:\/\/vitablanca.ma\/en\/wp-json\/wp\/v2\/product_cat?post=22101"},{"taxonomy":"product_tag","embeddable":true,"href":"https:\/\/vitablanca.ma\/en\/wp-json\/wp\/v2\/product_tag?post=22101"}],"curies":[{"name":"wp","href":"https:\/\/api.w.org\/{rel}","templated":true}]}}