{"id":22095,"date":"2025-06-11T21:46:02","date_gmt":"2025-06-11T21:46:02","guid":{"rendered":"https:\/\/vitablanca.ma\/product\/somatoline-cosmetic-gommage-exfoliant-sel-rose-350g\/"},"modified":"2026-02-04T22:49:10","modified_gmt":"2026-02-04T22:49:10","slug":"somatoline-cosmetic-gommage-exfoliant-sel-rose-350g","status":"publish","type":"product","link":"https:\/\/vitablanca.ma\/en\/product\/somatoline-cosmetic-gommage-exfoliant-sel-rose-350g\/","title":{"rendered":"Somatoline Cosmetic Exfoliating Scrub Pink Salt 350g"},"content":{"rendered":"<h2>Somatoline Cosmetic Gommage Exfoliant Sel Rose id\u00e9al \u00e9galement pour les peaux sensibles.<\/h2>\n<p>Exfoliating treatment with 100% of active ingredients and revitalizing action, also ideal for sensitive skin. Its biphasic osmotic saline formula based on raw salt and blueberry, soy and sunflower oil:<\/p>\n<ul>\n<li>Exfoliates and smoothes the epidermis, freeing it from dead cells and impurities.<\/li>\n<li>Helps stimulate superficial microcirculation through massage, promoting the penetration of subsequent cosmetic treatments.<\/li>\n<li>Revitalizes and brightens the skin.<\/li>\n<\/ul>\n<h3>Use<\/h3>\n<div id=\"accordion-info_1\" class=\"content accordion-info-content\" role=\"tabpanel\" aria-hidden=\"false\">Apply to damp skin and massage in using circular motions. Rinse with water and no soap. Use the scrub as your last body treatment before getting out of the shower. Then apply your own Somatoline Cosmetic body treatment. It is recommended to use it 1 to 2 times a week. Also suitable for sensitive skin.<\/div>\n<div class=\"content accordion-info-content\" role=\"tabpanel\" aria-hidden=\"false\"><\/div>\n<div class=\"content accordion-info-content\" style=\"text-align: center;\" role=\"tabpanel\" aria-hidden=\"false\">Discover Somatoline Pink Salt Exfoliating Scrub, a product carefully selected to meet your specific needs, and enjoy an exceptional shopping experience on our site, <strong>Vita Blanca Parapharmacie Maroc<\/strong><\/div>","protected":false},"excerpt":{"rendered":"<p>Somatoline Cosmetic Gommage Exfoliant Sel Rose id\u00e9al \u00e9galement pour les peaux sensibles. Soin exfoliant avec 100% d&rsquo;ingr\u00e9dients actifs et \u00e0 action revitalisante, id\u00e9al \u00e9galement pour les peaux sensibles. Sa formule saline osmotique biphasique \u00e0 base de sel brut et d&rsquo;huile de myrtille, Soja et Tournesol : Exfolie et lisse l&rsquo;\u00e9piderme en le lib\u00e9rant des cellules [&hellip;]<\/p>\n","protected":false},"featured_media":22094,"template":"","meta":{"om_disable_all_campaigns":false},"product_brand":[],"product_cat":[15],"product_tag":[7918,7914,7912,7916,7915,7919,7917,7928,6304,7911],"class_list":{"0":"post-22095","1":"product","2":"type-product","3":"status-publish","4":"has-post-thumbnail","6":"product_cat-beaute-sante-complements-alimentaires-soins-et-bien-etre-au-meilleur-prix","7":"product_tag-elimination-cellules-mortes","8":"product_tag-exfoliation-peau","9":"product_tag-gommage-corps","10":"product_tag-gommage-naturel","11":"product_tag-peau-douce-et-lisse","12":"product_tag-peau-revitalisee","13":"product_tag-revitalisant-peau","14":"product_tag-sel-rose-exfoliant","15":"product_tag-soin-corps","16":"product_tag-somatoline-cosmetic","18":"first","19":"instock","20":"sale","21":"taxable","22":"shipping-taxable","23":"purchasable","24":"product-type-simple"},"yoast_head":"<!-- This site is optimized with the Yoast SEO plugin v27.4 - https:\/\/yoast.com\/product\/yoast-seo-wordpress\/ -->\n<title>Somatoline Cosmetic Gommage Sel Rose 350g - Maroc Prix<\/title>\n<meta name=\"description\" content=\"Somatoline Cosmetic Gommage Sel Rose 350\u202fg exfolie en douceur, \u00e9limine les cellules mortes et laisse la peau douce, lisse et parfaitement revitalis\u00e9e.\" \/>\n<meta name=\"robots\" content=\"index, follow, max-snippet:-1, max-image-preview:large, max-video-preview:-1\" \/>\n<link rel=\"canonical\" href=\"https:\/\/vitablanca.ma\/en\/product\/somatoline-cosmetic-gommage-exfoliant-sel-rose-350g\/\" \/>\n<meta property=\"og:locale\" content=\"en_US\" \/>\n<meta property=\"og:type\" content=\"article\" \/>\n<meta property=\"og:title\" content=\"Somatoline Cosmetic Gommage Sel Rose 350g - Maroc Prix\" \/>\n<meta property=\"og:description\" content=\"Somatoline Cosmetic Gommage Sel Rose 350\u202fg exfolie en douceur, \u00e9limine les cellules mortes et laisse la peau douce, lisse et parfaitement revitalis\u00e9e.\" \/>\n<meta property=\"og:url\" content=\"https:\/\/vitablanca.ma\/en\/product\/somatoline-cosmetic-gommage-exfoliant-sel-rose-350g\/\" \/>\n<meta property=\"og:site_name\" content=\"Vitablanca.ma &ndash; Sant&eacute;, vitalit&eacute; et bien-&ecirc;tre pour tous les Marocains\" \/>\n<meta property=\"article:publisher\" content=\"https:\/\/www.facebook.com\/profile.php?id=61576678196717\" \/>\n<meta property=\"article:modified_time\" content=\"2026-02-04T22:49:10+00:00\" \/>\n<meta property=\"og:image\" content=\"https:\/\/vitablanca.ma\/wp-content\/uploads\/2025\/06\/Somatoline-Cosmetic-Gommage-Exfoliant-Sel-Rose-350g-_Nova-prapharmacie-maroc.jpg\" \/>\n\t<meta property=\"og:image:width\" content=\"1000\" \/>\n\t<meta property=\"og:image:height\" content=\"1000\" \/>\n\t<meta property=\"og:image:type\" content=\"image\/jpeg\" \/>\n<meta name=\"twitter:card\" content=\"summary_large_image\" \/>\n<meta name=\"twitter:label1\" content=\"Est. reading time\" \/>\n\t<meta name=\"twitter:data1\" content=\"2 minutes\" \/>\n<script type=\"application\/ld+json\" class=\"yoast-schema-graph\">{\"@context\":\"https:\\\/\\\/schema.org\",\"@graph\":[{\"@type\":[\"WebPage\",\"ItemPage\"],\"@id\":\"https:\\\/\\\/vitablanca.ma\\\/produit\\\/somatoline-cosmetic-gommage-exfoliant-sel-rose-350g\\\/\",\"url\":\"https:\\\/\\\/vitablanca.ma\\\/produit\\\/somatoline-cosmetic-gommage-exfoliant-sel-rose-350g\\\/\",\"name\":\"Somatoline Cosmetic Gommage Sel Rose 350g - Maroc Prix\",\"isPartOf\":{\"@id\":\"https:\\\/\\\/vitablanca.ma\\\/#website\"},\"primaryImageOfPage\":{\"@id\":\"https:\\\/\\\/vitablanca.ma\\\/produit\\\/somatoline-cosmetic-gommage-exfoliant-sel-rose-350g\\\/#primaryimage\"},\"image\":{\"@id\":\"https:\\\/\\\/vitablanca.ma\\\/produit\\\/somatoline-cosmetic-gommage-exfoliant-sel-rose-350g\\\/#primaryimage\"},\"thumbnailUrl\":\"https:\\\/\\\/vitablanca.ma\\\/wp-content\\\/uploads\\\/2025\\\/06\\\/Somatoline-Cosmetic-Gommage-Exfoliant-Sel-Rose-350g-_Nova-prapharmacie-maroc.jpg\",\"datePublished\":\"2025-06-11T21:46:02+00:00\",\"dateModified\":\"2026-02-04T22:49:10+00:00\",\"description\":\"Somatoline Cosmetic Gommage Sel Rose 350\u202fg exfolie en douceur, \u00e9limine les cellules mortes et laisse la peau douce, lisse et parfaitement revitalis\u00e9e.\",\"breadcrumb\":{\"@id\":\"https:\\\/\\\/vitablanca.ma\\\/produit\\\/somatoline-cosmetic-gommage-exfoliant-sel-rose-350g\\\/#breadcrumb\"},\"inLanguage\":\"en-US\",\"potentialAction\":[{\"@type\":\"ReadAction\",\"target\":[\"https:\\\/\\\/vitablanca.ma\\\/produit\\\/somatoline-cosmetic-gommage-exfoliant-sel-rose-350g\\\/\"]}]},{\"@type\":\"ImageObject\",\"inLanguage\":\"en-US\",\"@id\":\"https:\\\/\\\/vitablanca.ma\\\/produit\\\/somatoline-cosmetic-gommage-exfoliant-sel-rose-350g\\\/#primaryimage\",\"url\":\"https:\\\/\\\/vitablanca.ma\\\/wp-content\\\/uploads\\\/2025\\\/06\\\/Somatoline-Cosmetic-Gommage-Exfoliant-Sel-Rose-350g-_Nova-prapharmacie-maroc.jpg\",\"contentUrl\":\"https:\\\/\\\/vitablanca.ma\\\/wp-content\\\/uploads\\\/2025\\\/06\\\/Somatoline-Cosmetic-Gommage-Exfoliant-Sel-Rose-350g-_Nova-prapharmacie-maroc.jpg\",\"width\":1000,\"height\":1000},{\"@type\":\"BreadcrumbList\",\"@id\":\"https:\\\/\\\/vitablanca.ma\\\/produit\\\/somatoline-cosmetic-gommage-exfoliant-sel-rose-350g\\\/#breadcrumb\",\"itemListElement\":[{\"@type\":\"ListItem\",\"position\":1,\"name\":\"Home\",\"item\":\"https:\\\/\\\/vitablanca.ma\\\/\"},{\"@type\":\"ListItem\",\"position\":2,\"name\":\"Tous Les Produits\",\"item\":\"https:\\\/\\\/vitablanca.ma\\\/tous-les-produits\\\/\"},{\"@type\":\"ListItem\",\"position\":3,\"name\":\"Somatoline Cosmetic Gommage Exfoliant Sel Rose 350g\"}]},{\"@type\":\"WebSite\",\"@id\":\"https:\\\/\\\/vitablanca.ma\\\/#website\",\"url\":\"https:\\\/\\\/vitablanca.ma\\\/\",\"name\":\"VitaBlanca.ma | Compl\u00e9ments alimentaires, sant\u00e9 & beaut\u00e9 au Maroc\",\"description\":\"vendre vitamines et compl\u00e9ments premium des USA &amp; Canada, Nouvelle Z\u00e9lande,Maroc (NOW Foods, Solgar, Manuka). Livraison rapide partout au Maroc.\",\"publisher\":{\"@id\":\"https:\\\/\\\/vitablanca.ma\\\/#organization\"},\"alternateName\":\"VitaBlanca.ma\",\"potentialAction\":[{\"@type\":\"SearchAction\",\"target\":{\"@type\":\"EntryPoint\",\"urlTemplate\":\"https:\\\/\\\/vitablanca.ma\\\/?s={search_term_string}\"},\"query-input\":{\"@type\":\"PropertyValueSpecification\",\"valueRequired\":true,\"valueName\":\"search_term_string\"}}],\"inLanguage\":\"en-US\"},{\"@type\":\"Organization\",\"@id\":\"https:\\\/\\\/vitablanca.ma\\\/#organization\",\"name\":\"VitaBlanca\",\"url\":\"https:\\\/\\\/vitablanca.ma\\\/\",\"logo\":{\"@type\":\"ImageObject\",\"inLanguage\":\"en-US\",\"@id\":\"https:\\\/\\\/vitablanca.ma\\\/#\\\/schema\\\/logo\\\/image\\\/\",\"url\":\"https:\\\/\\\/vitablanca.ma\\\/wp-content\\\/uploads\\\/2025\\\/05\\\/cropped-vitablanca.png\",\"contentUrl\":\"https:\\\/\\\/vitablanca.ma\\\/wp-content\\\/uploads\\\/2025\\\/05\\\/cropped-vitablanca.png\",\"width\":360,\"height\":67,\"caption\":\"VitaBlanca\"},\"image\":{\"@id\":\"https:\\\/\\\/vitablanca.ma\\\/#\\\/schema\\\/logo\\\/image\\\/\"},\"sameAs\":[\"https:\\\/\\\/www.facebook.com\\\/profile.php?id=61576678196717\",\"https:\\\/\\\/www.tiktok.com\\\/@vitablanca.ma\",\"https:\\\/\\\/www.instagram.com\\\/vitablanca.ma\\\/\"]}]}<\/script>\n<!-- \/ Yoast SEO plugin. -->","yoast_head_json":{"title":"Somatoline Cosmetic Gommage Sel Rose 350g - Maroc Prix","description":"Somatoline Cosmetic Gommage Sel Rose 350\u202fg exfolie en douceur, \u00e9limine les cellules mortes et laisse la peau douce, lisse et parfaitement revitalis\u00e9e.","robots":{"index":"index","follow":"follow","max-snippet":"max-snippet:-1","max-image-preview":"max-image-preview:large","max-video-preview":"max-video-preview:-1"},"canonical":"https:\/\/vitablanca.ma\/en\/product\/somatoline-cosmetic-gommage-exfoliant-sel-rose-350g\/","og_locale":"en_US","og_type":"article","og_title":"Somatoline Cosmetic Gommage Sel Rose 350g - Maroc Prix","og_description":"Somatoline Cosmetic Gommage Sel Rose 350\u202fg exfolie en douceur, \u00e9limine les cellules mortes et laisse la peau douce, lisse et parfaitement revitalis\u00e9e.","og_url":"https:\/\/vitablanca.ma\/en\/product\/somatoline-cosmetic-gommage-exfoliant-sel-rose-350g\/","og_site_name":"Vitablanca.ma &ndash; Sant&eacute;, vitalit&eacute; et bien-&ecirc;tre pour tous les Marocains","article_publisher":"https:\/\/www.facebook.com\/profile.php?id=61576678196717","article_modified_time":"2026-02-04T22:49:10+00:00","og_image":[{"width":1000,"height":1000,"url":"https:\/\/vitablanca.ma\/wp-content\/uploads\/2025\/06\/Somatoline-Cosmetic-Gommage-Exfoliant-Sel-Rose-350g-_Nova-prapharmacie-maroc.jpg","type":"image\/jpeg"}],"twitter_card":"summary_large_image","twitter_misc":{"Est. reading time":"2 minutes"},"schema":{"@context":"https:\/\/schema.org","@graph":[{"@type":["WebPage","ItemPage"],"@id":"https:\/\/vitablanca.ma\/produit\/somatoline-cosmetic-gommage-exfoliant-sel-rose-350g\/","url":"https:\/\/vitablanca.ma\/produit\/somatoline-cosmetic-gommage-exfoliant-sel-rose-350g\/","name":"Somatoline Cosmetic Gommage Sel Rose 350g - Maroc Prix","isPartOf":{"@id":"https:\/\/vitablanca.ma\/#website"},"primaryImageOfPage":{"@id":"https:\/\/vitablanca.ma\/produit\/somatoline-cosmetic-gommage-exfoliant-sel-rose-350g\/#primaryimage"},"image":{"@id":"https:\/\/vitablanca.ma\/produit\/somatoline-cosmetic-gommage-exfoliant-sel-rose-350g\/#primaryimage"},"thumbnailUrl":"https:\/\/vitablanca.ma\/wp-content\/uploads\/2025\/06\/Somatoline-Cosmetic-Gommage-Exfoliant-Sel-Rose-350g-_Nova-prapharmacie-maroc.jpg","datePublished":"2025-06-11T21:46:02+00:00","dateModified":"2026-02-04T22:49:10+00:00","description":"Somatoline Cosmetic Gommage Sel Rose 350\u202fg exfolie en douceur, \u00e9limine les cellules mortes et laisse la peau douce, lisse et parfaitement revitalis\u00e9e.","breadcrumb":{"@id":"https:\/\/vitablanca.ma\/produit\/somatoline-cosmetic-gommage-exfoliant-sel-rose-350g\/#breadcrumb"},"inLanguage":"en-US","potentialAction":[{"@type":"ReadAction","target":["https:\/\/vitablanca.ma\/produit\/somatoline-cosmetic-gommage-exfoliant-sel-rose-350g\/"]}]},{"@type":"ImageObject","inLanguage":"en-US","@id":"https:\/\/vitablanca.ma\/produit\/somatoline-cosmetic-gommage-exfoliant-sel-rose-350g\/#primaryimage","url":"https:\/\/vitablanca.ma\/wp-content\/uploads\/2025\/06\/Somatoline-Cosmetic-Gommage-Exfoliant-Sel-Rose-350g-_Nova-prapharmacie-maroc.jpg","contentUrl":"https:\/\/vitablanca.ma\/wp-content\/uploads\/2025\/06\/Somatoline-Cosmetic-Gommage-Exfoliant-Sel-Rose-350g-_Nova-prapharmacie-maroc.jpg","width":1000,"height":1000},{"@type":"BreadcrumbList","@id":"https:\/\/vitablanca.ma\/produit\/somatoline-cosmetic-gommage-exfoliant-sel-rose-350g\/#breadcrumb","itemListElement":[{"@type":"ListItem","position":1,"name":"Home","item":"https:\/\/vitablanca.ma\/"},{"@type":"ListItem","position":2,"name":"Tous Les Produits","item":"https:\/\/vitablanca.ma\/tous-les-produits\/"},{"@type":"ListItem","position":3,"name":"Somatoline Cosmetic Gommage Exfoliant Sel Rose 350g"}]},{"@type":"WebSite","@id":"https:\/\/vitablanca.ma\/#website","url":"https:\/\/vitablanca.ma\/","name":"VitaBlanca.ma | Food supplements, health &amp; beauty in Morocco","description":"sell premium vitamins and supplements from USA &amp; Canada, New Zealand, Morocco (NOW Foods, Solgar, Manuka). Fast delivery anywhere in Morocco.","publisher":{"@id":"https:\/\/vitablanca.ma\/#organization"},"alternateName":"VitaBlanca.ma","potentialAction":[{"@type":"SearchAction","target":{"@type":"EntryPoint","urlTemplate":"https:\/\/vitablanca.ma\/?s={search_term_string}"},"query-input":{"@type":"PropertyValueSpecification","valueRequired":true,"valueName":"search_term_string"}}],"inLanguage":"en-US"},{"@type":"Organization","@id":"https:\/\/vitablanca.ma\/#organization","name":"VitaBlanca","url":"https:\/\/vitablanca.ma\/","logo":{"@type":"ImageObject","inLanguage":"en-US","@id":"https:\/\/vitablanca.ma\/#\/schema\/logo\/image\/","url":"https:\/\/vitablanca.ma\/wp-content\/uploads\/2025\/05\/cropped-vitablanca.png","contentUrl":"https:\/\/vitablanca.ma\/wp-content\/uploads\/2025\/05\/cropped-vitablanca.png","width":360,"height":67,"caption":"VitaBlanca"},"image":{"@id":"https:\/\/vitablanca.ma\/#\/schema\/logo\/image\/"},"sameAs":["https:\/\/www.facebook.com\/profile.php?id=61576678196717","https:\/\/www.tiktok.com\/@vitablanca.ma","https:\/\/www.instagram.com\/vitablanca.ma\/"]}]}},"jetpack_sharing_enabled":true,"_links":{"self":[{"href":"https:\/\/vitablanca.ma\/en\/wp-json\/wp\/v2\/product\/22095","targetHints":{"allow":["GET"]}}],"collection":[{"href":"https:\/\/vitablanca.ma\/en\/wp-json\/wp\/v2\/product"}],"about":[{"href":"https:\/\/vitablanca.ma\/en\/wp-json\/wp\/v2\/types\/product"}],"wp:featuredmedia":[{"embeddable":true,"href":"https:\/\/vitablanca.ma\/en\/wp-json\/wp\/v2\/media\/22094"}],"wp:attachment":[{"href":"https:\/\/vitablanca.ma\/en\/wp-json\/wp\/v2\/media?parent=22095"}],"wp:term":[{"taxonomy":"product_brand","embeddable":true,"href":"https:\/\/vitablanca.ma\/en\/wp-json\/wp\/v2\/product_brand?post=22095"},{"taxonomy":"product_cat","embeddable":true,"href":"https:\/\/vitablanca.ma\/en\/wp-json\/wp\/v2\/product_cat?post=22095"},{"taxonomy":"product_tag","embeddable":true,"href":"https:\/\/vitablanca.ma\/en\/wp-json\/wp\/v2\/product_tag?post=22095"}],"curies":[{"name":"wp","href":"https:\/\/api.w.org\/{rel}","templated":true}]}}