{"id":22089,"date":"2025-06-11T21:45:49","date_gmt":"2025-06-11T21:45:49","guid":{"rendered":"https:\/\/vitablanca.ma\/product\/somat-traitement-ventre-et-hanches-express-150ml\/"},"modified":"2026-02-04T23:01:42","modified_gmt":"2026-02-04T23:01:42","slug":"somat-traitement-ventre-et-hanches-express-150ml","status":"publish","type":"product","link":"https:\/\/vitablanca.ma\/en\/product\/somat-traitement-ventre-et-hanches-express-150ml\/","title":{"rendered":"Somat Express Stomach and Hip Treatment 150ml"},"content":{"rendered":"<h2>Somat Express Stomach and Hip Treatment\u00a0<span data-mce-fragment=\"1\">helps prevent bulges from accumulating easily.<\/span><\/h2>\n<p>Somat Traitement Ventre et Hanches Express aide \u00e0 emp\u00eacher les rondeurs de s\u2019accumuler facilement.<\/p>\n<p>This slimming treatment, suitable for menopausal women, combines specific ingredients to target stubborn fatty deposits.<\/p>\n<p>Its formula enriched with PhytoslimAge-complex promotes the elimination of localized fat on the waist and hips.<\/p>\n<p>Its combination of exclusive active ingredients (Phullacantha fibrosa, Lotus maritimus, Caffeine, Menthol and Ethyl-Nicotinate) provides optimal slimming action.<\/p>\n<p>Its high concentration of firming and antioxidant active ingredients helps fight the signs of aging.<\/p>\n<p>Its nutrients intensely hydrate and nourish the skin to improve its density and elasticity.<\/p>\n<h3>Application<\/h3>\n<p>Le Traitement Minceur 50 \u2014 150 ml de\u00a0SOMATOLINE COSMETIC\u00a0amincit la silhouette en seulement 4 semaines et laisse la peau lisse et douce.<\/p>\n<p>Apply Slimming Treatment 50 \u2014 150 ml of SOMATOLINE COSMETIC once a day for 2 weeks.<\/p>\n<p>After application, you may feel a sensation of heat and\/or cold on the skin.<\/p>\n<p>These reactions usually disappear after 30 minutes and are signs of the cosmetic effectiveness of this product.<\/p>","protected":false},"excerpt":{"rendered":"<p>Somat Traitement Ventre et Hanches Express\u00a0aide \u00e0 emp\u00eacher les rondeurs de s\u2019accumuler facilement. Somat Traitement Ventre et Hanches Express aide \u00e0 emp\u00eacher les rondeurs de s\u2019accumuler facilement. Ce soin amincissant adapt\u00e9 aux femmes m\u00e9nopaus\u00e9es combine des ingr\u00e9dients sp\u00e9cifiques pour cibler les amas graisseux r\u00e9sistants. Sa formule enrichie en PhytoslimAge-complex favorise l\u2019\u00e9limination des graisses localis\u00e9es sur [&hellip;]<\/p>\n","protected":false},"featured_media":22088,"template":"","meta":{"om_disable_all_campaigns":false},"product_brand":[],"product_cat":[15],"product_tag":[7939,7941,7931,7930,7947,7932,7945,7946,7944,7937],"class_list":{"0":"post-22089","1":"product","2":"type-product","3":"status-publish","4":"has-post-thumbnail","6":"product_cat-beaute-sante-complements-alimentaires-soins-et-bien-etre-au-meilleur-prix","7":"product_tag-minceur-ciblee","8":"product_tag-peau-ferme-et-lisse","9":"product_tag-raffermissant-peau","10":"product_tag-reduction-rondeurs","11":"product_tag-silhouette-affinee","12":"product_tag-silhouette-tonique","13":"product_tag-soin-corps-ventre-et-hanches","14":"product_tag-soin-minceur-express","15":"product_tag-somat-traitement-ventre-et-hanches","16":"product_tag-zones-difficiles","18":"first","19":"instock","20":"sale","21":"taxable","22":"shipping-taxable","23":"purchasable","24":"product-type-simple"},"yoast_head":"<!-- This site is optimized with the Yoast SEO plugin v27.4 - https:\/\/yoast.com\/product\/yoast-seo-wordpress\/ -->\n<title>Somat Traitement Ventre et Hanches Express 150ml - Maroc Prix<\/title>\n<meta name=\"description\" content=\"Somat Traitement Ventre et Hanches Express 150\u202fml aide \u00e0 r\u00e9duire les rondeurs localis\u00e9es, raffermit la peau et am\u00e9liore visiblement l\u2019aspect du ventre .\" \/>\n<meta name=\"robots\" content=\"index, follow, max-snippet:-1, max-image-preview:large, max-video-preview:-1\" \/>\n<link rel=\"canonical\" href=\"https:\/\/vitablanca.ma\/en\/product\/somat-traitement-ventre-et-hanches-express-150ml\/\" \/>\n<meta property=\"og:locale\" content=\"en_US\" \/>\n<meta property=\"og:type\" content=\"article\" \/>\n<meta property=\"og:title\" content=\"Somat Traitement Ventre et Hanches Express 150ml - Maroc Prix\" \/>\n<meta property=\"og:description\" content=\"Somat Traitement Ventre et Hanches Express 150\u202fml aide \u00e0 r\u00e9duire les rondeurs localis\u00e9es, raffermit la peau et am\u00e9liore visiblement l\u2019aspect du ventre .\" \/>\n<meta property=\"og:url\" content=\"https:\/\/vitablanca.ma\/en\/product\/somat-traitement-ventre-et-hanches-express-150ml\/\" \/>\n<meta property=\"og:site_name\" content=\"Vitablanca.ma &ndash; Sant&eacute;, vitalit&eacute; et bien-&ecirc;tre pour tous les Marocains\" \/>\n<meta property=\"article:publisher\" content=\"https:\/\/www.facebook.com\/profile.php?id=61576678196717\" \/>\n<meta property=\"article:modified_time\" content=\"2026-02-04T23:01:42+00:00\" \/>\n<meta property=\"og:image\" content=\"https:\/\/vitablanca.ma\/wp-content\/uploads\/2025\/06\/Somat-Traitement-Ventre-et-Hanches-Express-150ml-nova-parapharmacie-casablanca.jpg\" \/>\n\t<meta property=\"og:image:width\" content=\"1000\" \/>\n\t<meta property=\"og:image:height\" content=\"1000\" \/>\n\t<meta property=\"og:image:type\" content=\"image\/jpeg\" \/>\n<meta name=\"twitter:card\" content=\"summary_large_image\" \/>\n<meta name=\"twitter:label1\" content=\"Est. reading time\" \/>\n\t<meta name=\"twitter:data1\" content=\"2 minutes\" \/>\n<script type=\"application\/ld+json\" class=\"yoast-schema-graph\">{\"@context\":\"https:\\\/\\\/schema.org\",\"@graph\":[{\"@type\":[\"WebPage\",\"ItemPage\"],\"@id\":\"https:\\\/\\\/vitablanca.ma\\\/produit\\\/somat-traitement-ventre-et-hanches-express-150ml\\\/\",\"url\":\"https:\\\/\\\/vitablanca.ma\\\/produit\\\/somat-traitement-ventre-et-hanches-express-150ml\\\/\",\"name\":\"Somat Traitement Ventre et Hanches Express 150ml - Maroc Prix\",\"isPartOf\":{\"@id\":\"https:\\\/\\\/vitablanca.ma\\\/#website\"},\"primaryImageOfPage\":{\"@id\":\"https:\\\/\\\/vitablanca.ma\\\/produit\\\/somat-traitement-ventre-et-hanches-express-150ml\\\/#primaryimage\"},\"image\":{\"@id\":\"https:\\\/\\\/vitablanca.ma\\\/produit\\\/somat-traitement-ventre-et-hanches-express-150ml\\\/#primaryimage\"},\"thumbnailUrl\":\"https:\\\/\\\/vitablanca.ma\\\/wp-content\\\/uploads\\\/2025\\\/06\\\/Somat-Traitement-Ventre-et-Hanches-Express-150ml-nova-parapharmacie-casablanca.jpg\",\"datePublished\":\"2025-06-11T21:45:49+00:00\",\"dateModified\":\"2026-02-04T23:01:42+00:00\",\"description\":\"Somat Traitement Ventre et Hanches Express 150\u202fml aide \u00e0 r\u00e9duire les rondeurs localis\u00e9es, raffermit la peau et am\u00e9liore visiblement l\u2019aspect du ventre .\",\"breadcrumb\":{\"@id\":\"https:\\\/\\\/vitablanca.ma\\\/produit\\\/somat-traitement-ventre-et-hanches-express-150ml\\\/#breadcrumb\"},\"inLanguage\":\"en-US\",\"potentialAction\":[{\"@type\":\"ReadAction\",\"target\":[\"https:\\\/\\\/vitablanca.ma\\\/produit\\\/somat-traitement-ventre-et-hanches-express-150ml\\\/\"]}]},{\"@type\":\"ImageObject\",\"inLanguage\":\"en-US\",\"@id\":\"https:\\\/\\\/vitablanca.ma\\\/produit\\\/somat-traitement-ventre-et-hanches-express-150ml\\\/#primaryimage\",\"url\":\"https:\\\/\\\/vitablanca.ma\\\/wp-content\\\/uploads\\\/2025\\\/06\\\/Somat-Traitement-Ventre-et-Hanches-Express-150ml-nova-parapharmacie-casablanca.jpg\",\"contentUrl\":\"https:\\\/\\\/vitablanca.ma\\\/wp-content\\\/uploads\\\/2025\\\/06\\\/Somat-Traitement-Ventre-et-Hanches-Express-150ml-nova-parapharmacie-casablanca.jpg\",\"width\":1000,\"height\":1000},{\"@type\":\"BreadcrumbList\",\"@id\":\"https:\\\/\\\/vitablanca.ma\\\/produit\\\/somat-traitement-ventre-et-hanches-express-150ml\\\/#breadcrumb\",\"itemListElement\":[{\"@type\":\"ListItem\",\"position\":1,\"name\":\"Home\",\"item\":\"https:\\\/\\\/vitablanca.ma\\\/\"},{\"@type\":\"ListItem\",\"position\":2,\"name\":\"Tous Les Produits\",\"item\":\"https:\\\/\\\/vitablanca.ma\\\/tous-les-produits\\\/\"},{\"@type\":\"ListItem\",\"position\":3,\"name\":\"Somat Traitement Ventre et Hanches Express 150ml\"}]},{\"@type\":\"WebSite\",\"@id\":\"https:\\\/\\\/vitablanca.ma\\\/#website\",\"url\":\"https:\\\/\\\/vitablanca.ma\\\/\",\"name\":\"VitaBlanca.ma | Compl\u00e9ments alimentaires, sant\u00e9 & beaut\u00e9 au Maroc\",\"description\":\"vendre vitamines et compl\u00e9ments premium des USA &amp; Canada, Nouvelle Z\u00e9lande,Maroc (NOW Foods, Solgar, Manuka). Livraison rapide partout au Maroc.\",\"publisher\":{\"@id\":\"https:\\\/\\\/vitablanca.ma\\\/#organization\"},\"alternateName\":\"VitaBlanca.ma\",\"potentialAction\":[{\"@type\":\"SearchAction\",\"target\":{\"@type\":\"EntryPoint\",\"urlTemplate\":\"https:\\\/\\\/vitablanca.ma\\\/?s={search_term_string}\"},\"query-input\":{\"@type\":\"PropertyValueSpecification\",\"valueRequired\":true,\"valueName\":\"search_term_string\"}}],\"inLanguage\":\"en-US\"},{\"@type\":\"Organization\",\"@id\":\"https:\\\/\\\/vitablanca.ma\\\/#organization\",\"name\":\"VitaBlanca\",\"url\":\"https:\\\/\\\/vitablanca.ma\\\/\",\"logo\":{\"@type\":\"ImageObject\",\"inLanguage\":\"en-US\",\"@id\":\"https:\\\/\\\/vitablanca.ma\\\/#\\\/schema\\\/logo\\\/image\\\/\",\"url\":\"https:\\\/\\\/vitablanca.ma\\\/wp-content\\\/uploads\\\/2025\\\/05\\\/cropped-vitablanca.png\",\"contentUrl\":\"https:\\\/\\\/vitablanca.ma\\\/wp-content\\\/uploads\\\/2025\\\/05\\\/cropped-vitablanca.png\",\"width\":360,\"height\":67,\"caption\":\"VitaBlanca\"},\"image\":{\"@id\":\"https:\\\/\\\/vitablanca.ma\\\/#\\\/schema\\\/logo\\\/image\\\/\"},\"sameAs\":[\"https:\\\/\\\/www.facebook.com\\\/profile.php?id=61576678196717\",\"https:\\\/\\\/www.tiktok.com\\\/@vitablanca.ma\",\"https:\\\/\\\/www.instagram.com\\\/vitablanca.ma\\\/\"]}]}<\/script>\n<!-- \/ Yoast SEO plugin. -->","yoast_head_json":{"title":"Somat Express Stomach and Hip Treatment 150ml - Morocco Price","description":"Somat Traitement Ventre et Hanches Express 150\u202fml aide \u00e0 r\u00e9duire les rondeurs localis\u00e9es, raffermit la peau et am\u00e9liore visiblement l\u2019aspect du ventre .","robots":{"index":"index","follow":"follow","max-snippet":"max-snippet:-1","max-image-preview":"max-image-preview:large","max-video-preview":"max-video-preview:-1"},"canonical":"https:\/\/vitablanca.ma\/en\/product\/somat-traitement-ventre-et-hanches-express-150ml\/","og_locale":"en_US","og_type":"article","og_title":"Somat Traitement Ventre et Hanches Express 150ml - Maroc Prix","og_description":"Somat Traitement Ventre et Hanches Express 150\u202fml aide \u00e0 r\u00e9duire les rondeurs localis\u00e9es, raffermit la peau et am\u00e9liore visiblement l\u2019aspect du ventre .","og_url":"https:\/\/vitablanca.ma\/en\/product\/somat-traitement-ventre-et-hanches-express-150ml\/","og_site_name":"Vitablanca.ma &ndash; Sant&eacute;, vitalit&eacute; et bien-&ecirc;tre pour tous les Marocains","article_publisher":"https:\/\/www.facebook.com\/profile.php?id=61576678196717","article_modified_time":"2026-02-04T23:01:42+00:00","og_image":[{"width":1000,"height":1000,"url":"https:\/\/vitablanca.ma\/wp-content\/uploads\/2025\/06\/Somat-Traitement-Ventre-et-Hanches-Express-150ml-nova-parapharmacie-casablanca.jpg","type":"image\/jpeg"}],"twitter_card":"summary_large_image","twitter_misc":{"Est. reading time":"2 minutes"},"schema":{"@context":"https:\/\/schema.org","@graph":[{"@type":["WebPage","ItemPage"],"@id":"https:\/\/vitablanca.ma\/produit\/somat-traitement-ventre-et-hanches-express-150ml\/","url":"https:\/\/vitablanca.ma\/produit\/somat-traitement-ventre-et-hanches-express-150ml\/","name":"Somat Express Stomach and Hip Treatment 150ml - Morocco Price","isPartOf":{"@id":"https:\/\/vitablanca.ma\/#website"},"primaryImageOfPage":{"@id":"https:\/\/vitablanca.ma\/produit\/somat-traitement-ventre-et-hanches-express-150ml\/#primaryimage"},"image":{"@id":"https:\/\/vitablanca.ma\/produit\/somat-traitement-ventre-et-hanches-express-150ml\/#primaryimage"},"thumbnailUrl":"https:\/\/vitablanca.ma\/wp-content\/uploads\/2025\/06\/Somat-Traitement-Ventre-et-Hanches-Express-150ml-nova-parapharmacie-casablanca.jpg","datePublished":"2025-06-11T21:45:49+00:00","dateModified":"2026-02-04T23:01:42+00:00","description":"Somat Traitement Ventre et Hanches Express 150\u202fml aide \u00e0 r\u00e9duire les rondeurs localis\u00e9es, raffermit la peau et am\u00e9liore visiblement l\u2019aspect du ventre .","breadcrumb":{"@id":"https:\/\/vitablanca.ma\/produit\/somat-traitement-ventre-et-hanches-express-150ml\/#breadcrumb"},"inLanguage":"en-US","potentialAction":[{"@type":"ReadAction","target":["https:\/\/vitablanca.ma\/produit\/somat-traitement-ventre-et-hanches-express-150ml\/"]}]},{"@type":"ImageObject","inLanguage":"en-US","@id":"https:\/\/vitablanca.ma\/produit\/somat-traitement-ventre-et-hanches-express-150ml\/#primaryimage","url":"https:\/\/vitablanca.ma\/wp-content\/uploads\/2025\/06\/Somat-Traitement-Ventre-et-Hanches-Express-150ml-nova-parapharmacie-casablanca.jpg","contentUrl":"https:\/\/vitablanca.ma\/wp-content\/uploads\/2025\/06\/Somat-Traitement-Ventre-et-Hanches-Express-150ml-nova-parapharmacie-casablanca.jpg","width":1000,"height":1000},{"@type":"BreadcrumbList","@id":"https:\/\/vitablanca.ma\/produit\/somat-traitement-ventre-et-hanches-express-150ml\/#breadcrumb","itemListElement":[{"@type":"ListItem","position":1,"name":"Home","item":"https:\/\/vitablanca.ma\/"},{"@type":"ListItem","position":2,"name":"Tous Les Produits","item":"https:\/\/vitablanca.ma\/tous-les-produits\/"},{"@type":"ListItem","position":3,"name":"Somat Traitement Ventre et Hanches Express 150ml"}]},{"@type":"WebSite","@id":"https:\/\/vitablanca.ma\/#website","url":"https:\/\/vitablanca.ma\/","name":"VitaBlanca.ma | Food supplements, health &amp; beauty in Morocco","description":"sell premium vitamins and supplements from USA &amp; Canada, New Zealand, Morocco (NOW Foods, Solgar, Manuka). Fast delivery anywhere in Morocco.","publisher":{"@id":"https:\/\/vitablanca.ma\/#organization"},"alternateName":"VitaBlanca.ma","potentialAction":[{"@type":"SearchAction","target":{"@type":"EntryPoint","urlTemplate":"https:\/\/vitablanca.ma\/?s={search_term_string}"},"query-input":{"@type":"PropertyValueSpecification","valueRequired":true,"valueName":"search_term_string"}}],"inLanguage":"en-US"},{"@type":"Organization","@id":"https:\/\/vitablanca.ma\/#organization","name":"VitaBlanca","url":"https:\/\/vitablanca.ma\/","logo":{"@type":"ImageObject","inLanguage":"en-US","@id":"https:\/\/vitablanca.ma\/#\/schema\/logo\/image\/","url":"https:\/\/vitablanca.ma\/wp-content\/uploads\/2025\/05\/cropped-vitablanca.png","contentUrl":"https:\/\/vitablanca.ma\/wp-content\/uploads\/2025\/05\/cropped-vitablanca.png","width":360,"height":67,"caption":"VitaBlanca"},"image":{"@id":"https:\/\/vitablanca.ma\/#\/schema\/logo\/image\/"},"sameAs":["https:\/\/www.facebook.com\/profile.php?id=61576678196717","https:\/\/www.tiktok.com\/@vitablanca.ma","https:\/\/www.instagram.com\/vitablanca.ma\/"]}]}},"jetpack_sharing_enabled":true,"_links":{"self":[{"href":"https:\/\/vitablanca.ma\/en\/wp-json\/wp\/v2\/product\/22089","targetHints":{"allow":["GET"]}}],"collection":[{"href":"https:\/\/vitablanca.ma\/en\/wp-json\/wp\/v2\/product"}],"about":[{"href":"https:\/\/vitablanca.ma\/en\/wp-json\/wp\/v2\/types\/product"}],"wp:featuredmedia":[{"embeddable":true,"href":"https:\/\/vitablanca.ma\/en\/wp-json\/wp\/v2\/media\/22088"}],"wp:attachment":[{"href":"https:\/\/vitablanca.ma\/en\/wp-json\/wp\/v2\/media?parent=22089"}],"wp:term":[{"taxonomy":"product_brand","embeddable":true,"href":"https:\/\/vitablanca.ma\/en\/wp-json\/wp\/v2\/product_brand?post=22089"},{"taxonomy":"product_cat","embeddable":true,"href":"https:\/\/vitablanca.ma\/en\/wp-json\/wp\/v2\/product_cat?post=22089"},{"taxonomy":"product_tag","embeddable":true,"href":"https:\/\/vitablanca.ma\/en\/wp-json\/wp\/v2\/product_tag?post=22089"}],"curies":[{"name":"wp","href":"https:\/\/api.w.org\/{rel}","templated":true}]}}