{"id":22079,"date":"2025-06-11T21:45:26","date_gmt":"2025-06-11T21:45:26","guid":{"rendered":"https:\/\/vitablanca.ma\/product\/somatoline-cosmetic-anti-cellulite-gel-cryoactif-avec-cafeine-5-et-extrait-de-maca-250ml\/"},"modified":"2026-02-04T23:11:30","modified_gmt":"2026-02-04T23:11:30","slug":"somatoline-cosmetic-anti-cellulite-gel-cryoactif-avec-cafeine-5-et-extrait-de-maca-250ml","status":"publish","type":"product","link":"https:\/\/vitablanca.ma\/en\/product\/somatoline-cosmetic-anti-cellulite-gel-cryoactif-avec-cafeine-5-et-extrait-de-maca-250ml\/","title":{"rendered":"Somatoline Cosmetic Anti-Cellulite Cryoactive Gel with Caffeine 5% and Maca Extract 250ml"},"content":{"rendered":"<h2>Somatoline Cosmetic Anti-Cellulite Cryoactive Gel with Caffeine 5% and Maca Extract<\/h2>\n<p>Cellulite is a change in skin tissue. It manifests itself through fatty nodules, orange peel skin, and a recurrence of skin fluids. Somatoline Cosmetic anti-cellulite gel is a specific treatment formulated to combat all signs of cellulite. Its formula is enriched with specific active ingredients that exert a comprehensive action against cellulite, such as caffeine dosed at 5%, maca extract, and Physalis angulata.<\/p>\n<h3>Use<\/h3>\n<div class=\"tabs_area mt-5 mb-3\">\n<div class=\"tab_content border border-dark border-top-0 p-3\">\n<div class=\"tab tab-content-1 tab_content_conseil-utilisation\">\n<div>Apply daily for at least 15 days. For best results, treatment can be continued for up to 4 weeks.<\/div>\n<\/div>\n<\/div>\n<\/div>","protected":false},"excerpt":{"rendered":"<p>Somatoline Cosmetic Anti-Cellulite Gel Cryoactif Avec Caf\u00e9ine 5% Et Extrait De Maca La cellulite est une alt\u00e9ration des tissus cutan\u00e9s. Elle se manifeste par des nodules graisseux, de la peau d&rsquo;orange et une r\u00e9p\u00e9tition des liquides cutan\u00e9s. Somatoline Cosmetic anti-cellulite gel est un traitement sp\u00e9cifique formul\u00e9 pour combattre tous les signes de la cellulites. Sa [&hellip;]<\/p>\n","protected":false},"featured_media":22078,"template":"","meta":{"om_disable_all_campaigns":false},"product_brand":[],"product_cat":[15],"product_tag":[7992,7994,7995,7993,7939,7931,7989,7932,7911,7990],"class_list":{"0":"post-22079","1":"product","2":"type-product","3":"status-publish","4":"has-post-thumbnail","6":"product_cat-beaute-sante-complements-alimentaires-soins-et-bien-etre-au-meilleur-prix","7":"product_tag-anti-cellulite-gel","8":"product_tag-cafeine-5","9":"product_tag-extrait-de-maca","10":"product_tag-gel-cryoactif","11":"product_tag-minceur-ciblee","12":"product_tag-raffermissant-peau","13":"product_tag-reduction-cellulite","14":"product_tag-silhouette-tonique","15":"product_tag-somatoline-cosmetic","16":"product_tag-zones-rebelles","18":"first","19":"instock","20":"sale","21":"taxable","22":"shipping-taxable","23":"purchasable","24":"product-type-simple"},"yoast_head":"<!-- This site is optimized with the Yoast SEO plugin v27.4 - https:\/\/yoast.com\/product\/yoast-seo-wordpress\/ -->\n<title>Somatoline Cosmetic Anti-Cellulite 5% 250ml - Maroc Prix<\/title>\n<meta name=\"description\" content=\"Somatoline Cosmetic Gel Cryoactif 250\u202fml r\u00e9duit la cellulite, raffermit la peau et stimule la microcirculation gr\u00e2ce \u00e0 la caf\u00e9ine 5\u202f% et l\u2019extrait de maca.\" \/>\n<meta name=\"robots\" content=\"index, follow, max-snippet:-1, max-image-preview:large, max-video-preview:-1\" \/>\n<link rel=\"canonical\" href=\"https:\/\/vitablanca.ma\/en\/product\/somatoline-cosmetic-anti-cellulite-gel-cryoactif-avec-cafeine-5-et-extrait-de-maca-250ml\/\" \/>\n<meta property=\"og:locale\" content=\"en_US\" \/>\n<meta property=\"og:type\" content=\"article\" \/>\n<meta property=\"og:title\" content=\"Somatoline Cosmetic Anti-Cellulite 5% 250ml - Maroc Prix\" \/>\n<meta property=\"og:description\" content=\"Somatoline Cosmetic Gel Cryoactif 250\u202fml r\u00e9duit la cellulite, raffermit la peau et stimule la microcirculation gr\u00e2ce \u00e0 la caf\u00e9ine 5\u202f% et l\u2019extrait de maca.\" \/>\n<meta property=\"og:url\" content=\"https:\/\/vitablanca.ma\/en\/product\/somatoline-cosmetic-anti-cellulite-gel-cryoactif-avec-cafeine-5-et-extrait-de-maca-250ml\/\" \/>\n<meta property=\"og:site_name\" content=\"Vitablanca.ma &ndash; Sant&eacute;, vitalit&eacute; et bien-&ecirc;tre pour tous les Marocains\" \/>\n<meta property=\"article:publisher\" content=\"https:\/\/www.facebook.com\/profile.php?id=61576678196717\" \/>\n<meta property=\"article:modified_time\" content=\"2026-02-04T23:11:30+00:00\" \/>\n<meta property=\"og:image\" content=\"https:\/\/vitablanca.ma\/wp-content\/uploads\/2025\/06\/Somatoline-Cosmetic-Anti-Cellulite-Gel-Cryoactif-Avec-Cafeine-5_-Et-Extrait-De-Maca-250ml-Nova-para-prix-Maroc.jpg\" \/>\n\t<meta property=\"og:image:width\" content=\"1000\" \/>\n\t<meta property=\"og:image:height\" content=\"1000\" \/>\n\t<meta property=\"og:image:type\" content=\"image\/jpeg\" \/>\n<meta name=\"twitter:card\" content=\"summary_large_image\" \/>\n<meta name=\"twitter:label1\" content=\"Est. reading time\" \/>\n\t<meta name=\"twitter:data1\" content=\"1 minute\" \/>\n<script type=\"application\/ld+json\" class=\"yoast-schema-graph\">{\"@context\":\"https:\\\/\\\/schema.org\",\"@graph\":[{\"@type\":[\"WebPage\",\"ItemPage\"],\"@id\":\"https:\\\/\\\/vitablanca.ma\\\/produit\\\/somatoline-cosmetic-anti-cellulite-gel-cryoactif-avec-cafeine-5-et-extrait-de-maca-250ml\\\/\",\"url\":\"https:\\\/\\\/vitablanca.ma\\\/produit\\\/somatoline-cosmetic-anti-cellulite-gel-cryoactif-avec-cafeine-5-et-extrait-de-maca-250ml\\\/\",\"name\":\"Somatoline Cosmetic Anti-Cellulite 5% 250ml - Maroc Prix\",\"isPartOf\":{\"@id\":\"https:\\\/\\\/vitablanca.ma\\\/#website\"},\"primaryImageOfPage\":{\"@id\":\"https:\\\/\\\/vitablanca.ma\\\/produit\\\/somatoline-cosmetic-anti-cellulite-gel-cryoactif-avec-cafeine-5-et-extrait-de-maca-250ml\\\/#primaryimage\"},\"image\":{\"@id\":\"https:\\\/\\\/vitablanca.ma\\\/produit\\\/somatoline-cosmetic-anti-cellulite-gel-cryoactif-avec-cafeine-5-et-extrait-de-maca-250ml\\\/#primaryimage\"},\"thumbnailUrl\":\"https:\\\/\\\/vitablanca.ma\\\/wp-content\\\/uploads\\\/2025\\\/06\\\/Somatoline-Cosmetic-Anti-Cellulite-Gel-Cryoactif-Avec-Cafeine-5_-Et-Extrait-De-Maca-250ml-Nova-para-prix-Maroc.jpg\",\"datePublished\":\"2025-06-11T21:45:26+00:00\",\"dateModified\":\"2026-02-04T23:11:30+00:00\",\"description\":\"Somatoline Cosmetic Gel Cryoactif 250\u202fml r\u00e9duit la cellulite, raffermit la peau et stimule la microcirculation gr\u00e2ce \u00e0 la caf\u00e9ine 5\u202f% et l\u2019extrait de maca.\",\"breadcrumb\":{\"@id\":\"https:\\\/\\\/vitablanca.ma\\\/produit\\\/somatoline-cosmetic-anti-cellulite-gel-cryoactif-avec-cafeine-5-et-extrait-de-maca-250ml\\\/#breadcrumb\"},\"inLanguage\":\"en-US\",\"potentialAction\":[{\"@type\":\"ReadAction\",\"target\":[\"https:\\\/\\\/vitablanca.ma\\\/produit\\\/somatoline-cosmetic-anti-cellulite-gel-cryoactif-avec-cafeine-5-et-extrait-de-maca-250ml\\\/\"]}]},{\"@type\":\"ImageObject\",\"inLanguage\":\"en-US\",\"@id\":\"https:\\\/\\\/vitablanca.ma\\\/produit\\\/somatoline-cosmetic-anti-cellulite-gel-cryoactif-avec-cafeine-5-et-extrait-de-maca-250ml\\\/#primaryimage\",\"url\":\"https:\\\/\\\/vitablanca.ma\\\/wp-content\\\/uploads\\\/2025\\\/06\\\/Somatoline-Cosmetic-Anti-Cellulite-Gel-Cryoactif-Avec-Cafeine-5_-Et-Extrait-De-Maca-250ml-Nova-para-prix-Maroc.jpg\",\"contentUrl\":\"https:\\\/\\\/vitablanca.ma\\\/wp-content\\\/uploads\\\/2025\\\/06\\\/Somatoline-Cosmetic-Anti-Cellulite-Gel-Cryoactif-Avec-Cafeine-5_-Et-Extrait-De-Maca-250ml-Nova-para-prix-Maroc.jpg\",\"width\":1000,\"height\":1000},{\"@type\":\"BreadcrumbList\",\"@id\":\"https:\\\/\\\/vitablanca.ma\\\/produit\\\/somatoline-cosmetic-anti-cellulite-gel-cryoactif-avec-cafeine-5-et-extrait-de-maca-250ml\\\/#breadcrumb\",\"itemListElement\":[{\"@type\":\"ListItem\",\"position\":1,\"name\":\"Home\",\"item\":\"https:\\\/\\\/vitablanca.ma\\\/\"},{\"@type\":\"ListItem\",\"position\":2,\"name\":\"Tous Les Produits\",\"item\":\"https:\\\/\\\/vitablanca.ma\\\/tous-les-produits\\\/\"},{\"@type\":\"ListItem\",\"position\":3,\"name\":\"Somatoline Cosmetic Anti-Cellulite Gel Cryoactif Avec Caf\u00e9ine 5% Et Extrait De Maca 250ml\"}]},{\"@type\":\"WebSite\",\"@id\":\"https:\\\/\\\/vitablanca.ma\\\/#website\",\"url\":\"https:\\\/\\\/vitablanca.ma\\\/\",\"name\":\"VitaBlanca.ma | Compl\u00e9ments alimentaires, sant\u00e9 & beaut\u00e9 au Maroc\",\"description\":\"vendre vitamines et compl\u00e9ments premium des USA &amp; Canada, Nouvelle Z\u00e9lande,Maroc (NOW Foods, Solgar, Manuka). Livraison rapide partout au Maroc.\",\"publisher\":{\"@id\":\"https:\\\/\\\/vitablanca.ma\\\/#organization\"},\"alternateName\":\"VitaBlanca.ma\",\"potentialAction\":[{\"@type\":\"SearchAction\",\"target\":{\"@type\":\"EntryPoint\",\"urlTemplate\":\"https:\\\/\\\/vitablanca.ma\\\/?s={search_term_string}\"},\"query-input\":{\"@type\":\"PropertyValueSpecification\",\"valueRequired\":true,\"valueName\":\"search_term_string\"}}],\"inLanguage\":\"en-US\"},{\"@type\":\"Organization\",\"@id\":\"https:\\\/\\\/vitablanca.ma\\\/#organization\",\"name\":\"VitaBlanca\",\"url\":\"https:\\\/\\\/vitablanca.ma\\\/\",\"logo\":{\"@type\":\"ImageObject\",\"inLanguage\":\"en-US\",\"@id\":\"https:\\\/\\\/vitablanca.ma\\\/#\\\/schema\\\/logo\\\/image\\\/\",\"url\":\"https:\\\/\\\/vitablanca.ma\\\/wp-content\\\/uploads\\\/2025\\\/05\\\/cropped-vitablanca.png\",\"contentUrl\":\"https:\\\/\\\/vitablanca.ma\\\/wp-content\\\/uploads\\\/2025\\\/05\\\/cropped-vitablanca.png\",\"width\":360,\"height\":67,\"caption\":\"VitaBlanca\"},\"image\":{\"@id\":\"https:\\\/\\\/vitablanca.ma\\\/#\\\/schema\\\/logo\\\/image\\\/\"},\"sameAs\":[\"https:\\\/\\\/www.facebook.com\\\/profile.php?id=61576678196717\",\"https:\\\/\\\/www.tiktok.com\\\/@vitablanca.ma\",\"https:\\\/\\\/www.instagram.com\\\/vitablanca.ma\\\/\"]}]}<\/script>\n<!-- \/ Yoast SEO plugin. -->","yoast_head_json":{"title":"Somatoline Cosmetic Anti-Cellulite 5% 250ml - Maroc Prix","description":"Somatoline Cosmetic Gel Cryoactif 250\u202fml r\u00e9duit la cellulite, raffermit la peau et stimule la microcirculation gr\u00e2ce \u00e0 la caf\u00e9ine 5\u202f% et l\u2019extrait de maca.","robots":{"index":"index","follow":"follow","max-snippet":"max-snippet:-1","max-image-preview":"max-image-preview:large","max-video-preview":"max-video-preview:-1"},"canonical":"https:\/\/vitablanca.ma\/en\/product\/somatoline-cosmetic-anti-cellulite-gel-cryoactif-avec-cafeine-5-et-extrait-de-maca-250ml\/","og_locale":"en_US","og_type":"article","og_title":"Somatoline Cosmetic Anti-Cellulite 5% 250ml - Maroc Prix","og_description":"Somatoline Cosmetic Gel Cryoactif 250\u202fml r\u00e9duit la cellulite, raffermit la peau et stimule la microcirculation gr\u00e2ce \u00e0 la caf\u00e9ine 5\u202f% et l\u2019extrait de maca.","og_url":"https:\/\/vitablanca.ma\/en\/product\/somatoline-cosmetic-anti-cellulite-gel-cryoactif-avec-cafeine-5-et-extrait-de-maca-250ml\/","og_site_name":"Vitablanca.ma &ndash; Sant&eacute;, vitalit&eacute; et bien-&ecirc;tre pour tous les Marocains","article_publisher":"https:\/\/www.facebook.com\/profile.php?id=61576678196717","article_modified_time":"2026-02-04T23:11:30+00:00","og_image":[{"width":1000,"height":1000,"url":"https:\/\/vitablanca.ma\/wp-content\/uploads\/2025\/06\/Somatoline-Cosmetic-Anti-Cellulite-Gel-Cryoactif-Avec-Cafeine-5_-Et-Extrait-De-Maca-250ml-Nova-para-prix-Maroc.jpg","type":"image\/jpeg"}],"twitter_card":"summary_large_image","twitter_misc":{"Est. reading time":"1 minute"},"schema":{"@context":"https:\/\/schema.org","@graph":[{"@type":["WebPage","ItemPage"],"@id":"https:\/\/vitablanca.ma\/produit\/somatoline-cosmetic-anti-cellulite-gel-cryoactif-avec-cafeine-5-et-extrait-de-maca-250ml\/","url":"https:\/\/vitablanca.ma\/produit\/somatoline-cosmetic-anti-cellulite-gel-cryoactif-avec-cafeine-5-et-extrait-de-maca-250ml\/","name":"Somatoline Cosmetic Anti-Cellulite 5% 250ml - Maroc Prix","isPartOf":{"@id":"https:\/\/vitablanca.ma\/#website"},"primaryImageOfPage":{"@id":"https:\/\/vitablanca.ma\/produit\/somatoline-cosmetic-anti-cellulite-gel-cryoactif-avec-cafeine-5-et-extrait-de-maca-250ml\/#primaryimage"},"image":{"@id":"https:\/\/vitablanca.ma\/produit\/somatoline-cosmetic-anti-cellulite-gel-cryoactif-avec-cafeine-5-et-extrait-de-maca-250ml\/#primaryimage"},"thumbnailUrl":"https:\/\/vitablanca.ma\/wp-content\/uploads\/2025\/06\/Somatoline-Cosmetic-Anti-Cellulite-Gel-Cryoactif-Avec-Cafeine-5_-Et-Extrait-De-Maca-250ml-Nova-para-prix-Maroc.jpg","datePublished":"2025-06-11T21:45:26+00:00","dateModified":"2026-02-04T23:11:30+00:00","description":"Somatoline Cosmetic Gel Cryoactif 250\u202fml r\u00e9duit la cellulite, raffermit la peau et stimule la microcirculation gr\u00e2ce \u00e0 la caf\u00e9ine 5\u202f% et l\u2019extrait de maca.","breadcrumb":{"@id":"https:\/\/vitablanca.ma\/produit\/somatoline-cosmetic-anti-cellulite-gel-cryoactif-avec-cafeine-5-et-extrait-de-maca-250ml\/#breadcrumb"},"inLanguage":"en-US","potentialAction":[{"@type":"ReadAction","target":["https:\/\/vitablanca.ma\/produit\/somatoline-cosmetic-anti-cellulite-gel-cryoactif-avec-cafeine-5-et-extrait-de-maca-250ml\/"]}]},{"@type":"ImageObject","inLanguage":"en-US","@id":"https:\/\/vitablanca.ma\/produit\/somatoline-cosmetic-anti-cellulite-gel-cryoactif-avec-cafeine-5-et-extrait-de-maca-250ml\/#primaryimage","url":"https:\/\/vitablanca.ma\/wp-content\/uploads\/2025\/06\/Somatoline-Cosmetic-Anti-Cellulite-Gel-Cryoactif-Avec-Cafeine-5_-Et-Extrait-De-Maca-250ml-Nova-para-prix-Maroc.jpg","contentUrl":"https:\/\/vitablanca.ma\/wp-content\/uploads\/2025\/06\/Somatoline-Cosmetic-Anti-Cellulite-Gel-Cryoactif-Avec-Cafeine-5_-Et-Extrait-De-Maca-250ml-Nova-para-prix-Maroc.jpg","width":1000,"height":1000},{"@type":"BreadcrumbList","@id":"https:\/\/vitablanca.ma\/produit\/somatoline-cosmetic-anti-cellulite-gel-cryoactif-avec-cafeine-5-et-extrait-de-maca-250ml\/#breadcrumb","itemListElement":[{"@type":"ListItem","position":1,"name":"Home","item":"https:\/\/vitablanca.ma\/"},{"@type":"ListItem","position":2,"name":"Tous Les Produits","item":"https:\/\/vitablanca.ma\/tous-les-produits\/"},{"@type":"ListItem","position":3,"name":"Somatoline Cosmetic Anti-Cellulite Gel Cryoactif Avec Caf\u00e9ine 5% Et Extrait De Maca 250ml"}]},{"@type":"WebSite","@id":"https:\/\/vitablanca.ma\/#website","url":"https:\/\/vitablanca.ma\/","name":"VitaBlanca.ma | Food supplements, health &amp; beauty in Morocco","description":"sell premium vitamins and supplements from USA &amp; Canada, New Zealand, Morocco (NOW Foods, Solgar, Manuka). Fast delivery anywhere in Morocco.","publisher":{"@id":"https:\/\/vitablanca.ma\/#organization"},"alternateName":"VitaBlanca.ma","potentialAction":[{"@type":"SearchAction","target":{"@type":"EntryPoint","urlTemplate":"https:\/\/vitablanca.ma\/?s={search_term_string}"},"query-input":{"@type":"PropertyValueSpecification","valueRequired":true,"valueName":"search_term_string"}}],"inLanguage":"en-US"},{"@type":"Organization","@id":"https:\/\/vitablanca.ma\/#organization","name":"VitaBlanca","url":"https:\/\/vitablanca.ma\/","logo":{"@type":"ImageObject","inLanguage":"en-US","@id":"https:\/\/vitablanca.ma\/#\/schema\/logo\/image\/","url":"https:\/\/vitablanca.ma\/wp-content\/uploads\/2025\/05\/cropped-vitablanca.png","contentUrl":"https:\/\/vitablanca.ma\/wp-content\/uploads\/2025\/05\/cropped-vitablanca.png","width":360,"height":67,"caption":"VitaBlanca"},"image":{"@id":"https:\/\/vitablanca.ma\/#\/schema\/logo\/image\/"},"sameAs":["https:\/\/www.facebook.com\/profile.php?id=61576678196717","https:\/\/www.tiktok.com\/@vitablanca.ma","https:\/\/www.instagram.com\/vitablanca.ma\/"]}]}},"jetpack_sharing_enabled":true,"_links":{"self":[{"href":"https:\/\/vitablanca.ma\/en\/wp-json\/wp\/v2\/product\/22079","targetHints":{"allow":["GET"]}}],"collection":[{"href":"https:\/\/vitablanca.ma\/en\/wp-json\/wp\/v2\/product"}],"about":[{"href":"https:\/\/vitablanca.ma\/en\/wp-json\/wp\/v2\/types\/product"}],"wp:featuredmedia":[{"embeddable":true,"href":"https:\/\/vitablanca.ma\/en\/wp-json\/wp\/v2\/media\/22078"}],"wp:attachment":[{"href":"https:\/\/vitablanca.ma\/en\/wp-json\/wp\/v2\/media?parent=22079"}],"wp:term":[{"taxonomy":"product_brand","embeddable":true,"href":"https:\/\/vitablanca.ma\/en\/wp-json\/wp\/v2\/product_brand?post=22079"},{"taxonomy":"product_cat","embeddable":true,"href":"https:\/\/vitablanca.ma\/en\/wp-json\/wp\/v2\/product_cat?post=22079"},{"taxonomy":"product_tag","embeddable":true,"href":"https:\/\/vitablanca.ma\/en\/wp-json\/wp\/v2\/product_tag?post=22079"}],"curies":[{"name":"wp","href":"https:\/\/api.w.org\/{rel}","templated":true}]}}