{"id":22074,"date":"2025-06-11T21:45:18","date_gmt":"2025-06-11T21:45:18","guid":{"rendered":"https:\/\/vitablanca.ma\/product\/somatoline-homme-ventre-et-abdomen-7-nuits-150ml\/"},"modified":"2026-02-04T23:13:22","modified_gmt":"2026-02-04T23:13:22","slug":"somatoline-homme-ventre-et-abdomen-7-nuits-150ml","status":"publish","type":"product","link":"https:\/\/vitablanca.ma\/en\/product\/somatoline-homme-ventre-et-abdomen-7-nuits-150ml\/","title":{"rendered":"Somatoline Men Stomach and Abdomen 7 Nights 150ml"},"content":{"rendered":"<h2><span data-mce-fragment=\"1\">Somatoline Homme Ventre Et Abdomen 7 Nuits promotes the penetration of active ingredients and increases their performance.<\/span><\/h2>\n<p><span data-mce-fragment=\"1\">Somatoline Cosmetic Homme Ventre et Abdomen Intensive Nuit is a cosmetic cream specially designed to combat localized fatty deposits in men (stomach and love handles), with a single application every evening. Its formula takes advantage of the nighttime period, when the skin is more receptive, to potentiate its intensive and rapid centimeter reduction action.<\/span><\/p>\n<p><span data-mce-fragment=\"1\">Somatoline Cosmetic Homme Ventre et Abdomen Intensive Nuit is intended for men who have localized fat on the stomach and abdomen (love handles) and who have little time to take care of it and for men who are looking for an intensive product with a single application per evening.<\/span><\/p>\n<p><span data-mce-fragment=\"1\">Somatoline Cosmetic Homme Ventre et Abdomen Intensive Nuit will promote the reduction of the circumference of the stomach and abdomen, reduce localized fatty deposits and stimulate superficial skin microcirculation.<\/span><\/p>\n<p><span data-mce-fragment=\"1\">Somatoline Cosmetic Homme Ventre et Abdomen Intensive Nuit contains an exclusive complex of active ingredients that will have a &quot;fat-burning&quot; effect. In addition, it contains a complex that will generate a unique cryothermal action (hot-cold effect) to promote the penetration of the active ingredients and increase their performance.<\/span><\/p>\n<h3><span data-mce-fragment=\"1\">Directions for use <\/span><\/h3>\n<p><span data-mce-fragment=\"1\">Apply a small amount of product every evening to the areas to be treated, massaging in circular motions from the bottom up until completely absorbed. Continue treatment for 4 weeks. Regular use, even after 4 weeks of treatment, helps maintain the results obtained.<\/span><\/p>","protected":false},"excerpt":{"rendered":"<p>Somatoline Homme Ventre Et Abdomen 7 Nuits favoriser la p\u00e9n\u00e9tration des actifs et augmenter leurs performances. Somatoline Cosmetic Homme Ventre et Abdomen Intensif Nuit est une cr\u00e8me cosm\u00e9tique sp\u00e9cialement \u00e9tudi\u00e9e pour combattre les amas graisseux localis\u00e9s de l\u2019homme (ventre et poign\u00e9es d&rsquo;amour), gr\u00e2ce \u00e0 une seule application chaque soir. Sa formule profite de la p\u00e9riode [&hellip;]<\/p>\n","protected":false},"featured_media":22073,"template":"","meta":{"om_disable_all_campaigns":false},"product_brand":[],"product_cat":[15],"product_tag":[7939,7998,7941,7931,7930,7947,7956,7999,7996,7997],"class_list":{"0":"post-22074","1":"product","2":"type-product","3":"status-publish","4":"has-post-thumbnail","6":"product_cat-beaute-sante-complements-alimentaires-soins-et-bien-etre-au-meilleur-prix","7":"product_tag-minceur-ciblee","8":"product_tag-minceur-masculine","9":"product_tag-peau-ferme-et-lisse","10":"product_tag-raffermissant-peau","11":"product_tag-reduction-rondeurs","12":"product_tag-silhouette-affinee","13":"product_tag-soin-corps-nuit","14":"product_tag-soin-ventre-et-abdomen","15":"product_tag-somatoline-homme","16":"product_tag-ventre-et-abdomen-7-nuits","18":"first","19":"instock","20":"sale","21":"taxable","22":"shipping-taxable","23":"purchasable","24":"product-type-simple"},"yoast_head":"<!-- This site is optimized with the Yoast SEO plugin v27.4 - https:\/\/yoast.com\/product\/yoast-seo-wordpress\/ -->\n<title>Somatoline Homme Ventre Et Abdomen 7 Nuits 150ml - Maroc Prix<\/title>\n<meta name=\"description\" content=\"Somatoline Homme 7 Nuits 150\u202fml r\u00e9duit les rondeurs du ventre et de l\u2019abdomen, raffermit la peau et affine la silhouette masculine pendant la nuit.\" \/>\n<meta name=\"robots\" content=\"index, follow, max-snippet:-1, max-image-preview:large, max-video-preview:-1\" \/>\n<link rel=\"canonical\" href=\"https:\/\/vitablanca.ma\/en\/product\/somatoline-homme-ventre-et-abdomen-7-nuits-150ml\/\" \/>\n<meta property=\"og:locale\" content=\"en_US\" \/>\n<meta property=\"og:type\" content=\"article\" \/>\n<meta property=\"og:title\" content=\"Somatoline Homme Ventre Et Abdomen 7 Nuits 150ml - Maroc Prix\" \/>\n<meta property=\"og:description\" content=\"Somatoline Homme 7 Nuits 150\u202fml r\u00e9duit les rondeurs du ventre et de l\u2019abdomen, raffermit la peau et affine la silhouette masculine pendant la nuit.\" \/>\n<meta property=\"og:url\" content=\"https:\/\/vitablanca.ma\/en\/product\/somatoline-homme-ventre-et-abdomen-7-nuits-150ml\/\" \/>\n<meta property=\"og:site_name\" content=\"Vitablanca.ma &ndash; Sant&eacute;, vitalit&eacute; et bien-&ecirc;tre pour tous les Marocains\" \/>\n<meta property=\"article:publisher\" content=\"https:\/\/www.facebook.com\/profile.php?id=61576678196717\" \/>\n<meta property=\"article:modified_time\" content=\"2026-02-04T23:13:22+00:00\" \/>\n<meta property=\"og:image\" content=\"https:\/\/vitablanca.ma\/wp-content\/uploads\/2025\/06\/Somatoline-Homme-Ventre-Et-Abdomen-7-Nuits-150ml-Nova-prapharmacie-maroc.jpg\" \/>\n\t<meta property=\"og:image:width\" content=\"1000\" \/>\n\t<meta property=\"og:image:height\" content=\"1000\" \/>\n\t<meta property=\"og:image:type\" content=\"image\/jpeg\" \/>\n<meta name=\"twitter:card\" content=\"summary_large_image\" \/>\n<meta name=\"twitter:label1\" content=\"Est. reading time\" \/>\n\t<meta name=\"twitter:data1\" content=\"2 minutes\" \/>\n<script type=\"application\/ld+json\" class=\"yoast-schema-graph\">{\"@context\":\"https:\\\/\\\/schema.org\",\"@graph\":[{\"@type\":[\"WebPage\",\"ItemPage\"],\"@id\":\"https:\\\/\\\/vitablanca.ma\\\/produit\\\/somatoline-homme-ventre-et-abdomen-7-nuits-150ml\\\/\",\"url\":\"https:\\\/\\\/vitablanca.ma\\\/produit\\\/somatoline-homme-ventre-et-abdomen-7-nuits-150ml\\\/\",\"name\":\"Somatoline Homme Ventre Et Abdomen 7 Nuits 150ml - Maroc Prix\",\"isPartOf\":{\"@id\":\"https:\\\/\\\/vitablanca.ma\\\/#website\"},\"primaryImageOfPage\":{\"@id\":\"https:\\\/\\\/vitablanca.ma\\\/produit\\\/somatoline-homme-ventre-et-abdomen-7-nuits-150ml\\\/#primaryimage\"},\"image\":{\"@id\":\"https:\\\/\\\/vitablanca.ma\\\/produit\\\/somatoline-homme-ventre-et-abdomen-7-nuits-150ml\\\/#primaryimage\"},\"thumbnailUrl\":\"https:\\\/\\\/vitablanca.ma\\\/wp-content\\\/uploads\\\/2025\\\/06\\\/Somatoline-Homme-Ventre-Et-Abdomen-7-Nuits-150ml-Nova-prapharmacie-maroc.jpg\",\"datePublished\":\"2025-06-11T21:45:18+00:00\",\"dateModified\":\"2026-02-04T23:13:22+00:00\",\"description\":\"Somatoline Homme 7 Nuits 150\u202fml r\u00e9duit les rondeurs du ventre et de l\u2019abdomen, raffermit la peau et affine la silhouette masculine pendant la nuit.\",\"breadcrumb\":{\"@id\":\"https:\\\/\\\/vitablanca.ma\\\/produit\\\/somatoline-homme-ventre-et-abdomen-7-nuits-150ml\\\/#breadcrumb\"},\"inLanguage\":\"en-US\",\"potentialAction\":[{\"@type\":\"ReadAction\",\"target\":[\"https:\\\/\\\/vitablanca.ma\\\/produit\\\/somatoline-homme-ventre-et-abdomen-7-nuits-150ml\\\/\"]}]},{\"@type\":\"ImageObject\",\"inLanguage\":\"en-US\",\"@id\":\"https:\\\/\\\/vitablanca.ma\\\/produit\\\/somatoline-homme-ventre-et-abdomen-7-nuits-150ml\\\/#primaryimage\",\"url\":\"https:\\\/\\\/vitablanca.ma\\\/wp-content\\\/uploads\\\/2025\\\/06\\\/Somatoline-Homme-Ventre-Et-Abdomen-7-Nuits-150ml-Nova-prapharmacie-maroc.jpg\",\"contentUrl\":\"https:\\\/\\\/vitablanca.ma\\\/wp-content\\\/uploads\\\/2025\\\/06\\\/Somatoline-Homme-Ventre-Et-Abdomen-7-Nuits-150ml-Nova-prapharmacie-maroc.jpg\",\"width\":1000,\"height\":1000},{\"@type\":\"BreadcrumbList\",\"@id\":\"https:\\\/\\\/vitablanca.ma\\\/produit\\\/somatoline-homme-ventre-et-abdomen-7-nuits-150ml\\\/#breadcrumb\",\"itemListElement\":[{\"@type\":\"ListItem\",\"position\":1,\"name\":\"Home\",\"item\":\"https:\\\/\\\/vitablanca.ma\\\/\"},{\"@type\":\"ListItem\",\"position\":2,\"name\":\"Tous Les Produits\",\"item\":\"https:\\\/\\\/vitablanca.ma\\\/tous-les-produits\\\/\"},{\"@type\":\"ListItem\",\"position\":3,\"name\":\"Somatoline Homme Ventre Et Abdomen 7 Nuits 150ml\"}]},{\"@type\":\"WebSite\",\"@id\":\"https:\\\/\\\/vitablanca.ma\\\/#website\",\"url\":\"https:\\\/\\\/vitablanca.ma\\\/\",\"name\":\"VitaBlanca.ma | Compl\u00e9ments alimentaires, sant\u00e9 & beaut\u00e9 au Maroc\",\"description\":\"vendre vitamines et compl\u00e9ments premium des USA &amp; Canada, Nouvelle Z\u00e9lande,Maroc (NOW Foods, Solgar, Manuka). Livraison rapide partout au Maroc.\",\"publisher\":{\"@id\":\"https:\\\/\\\/vitablanca.ma\\\/#organization\"},\"alternateName\":\"VitaBlanca.ma\",\"potentialAction\":[{\"@type\":\"SearchAction\",\"target\":{\"@type\":\"EntryPoint\",\"urlTemplate\":\"https:\\\/\\\/vitablanca.ma\\\/?s={search_term_string}\"},\"query-input\":{\"@type\":\"PropertyValueSpecification\",\"valueRequired\":true,\"valueName\":\"search_term_string\"}}],\"inLanguage\":\"en-US\"},{\"@type\":\"Organization\",\"@id\":\"https:\\\/\\\/vitablanca.ma\\\/#organization\",\"name\":\"VitaBlanca\",\"url\":\"https:\\\/\\\/vitablanca.ma\\\/\",\"logo\":{\"@type\":\"ImageObject\",\"inLanguage\":\"en-US\",\"@id\":\"https:\\\/\\\/vitablanca.ma\\\/#\\\/schema\\\/logo\\\/image\\\/\",\"url\":\"https:\\\/\\\/vitablanca.ma\\\/wp-content\\\/uploads\\\/2025\\\/05\\\/cropped-vitablanca.png\",\"contentUrl\":\"https:\\\/\\\/vitablanca.ma\\\/wp-content\\\/uploads\\\/2025\\\/05\\\/cropped-vitablanca.png\",\"width\":360,\"height\":67,\"caption\":\"VitaBlanca\"},\"image\":{\"@id\":\"https:\\\/\\\/vitablanca.ma\\\/#\\\/schema\\\/logo\\\/image\\\/\"},\"sameAs\":[\"https:\\\/\\\/www.facebook.com\\\/profile.php?id=61576678196717\",\"https:\\\/\\\/www.tiktok.com\\\/@vitablanca.ma\",\"https:\\\/\\\/www.instagram.com\\\/vitablanca.ma\\\/\"]}]}<\/script>\n<!-- \/ Yoast SEO plugin. -->","yoast_head_json":{"title":"Somatoline Homme Stomach and Abdomen 7 Nights 150ml - Morocco Price","description":"Somatoline Homme 7 Nuits 150\u202fml r\u00e9duit les rondeurs du ventre et de l\u2019abdomen, raffermit la peau et affine la silhouette masculine pendant la nuit.","robots":{"index":"index","follow":"follow","max-snippet":"max-snippet:-1","max-image-preview":"max-image-preview:large","max-video-preview":"max-video-preview:-1"},"canonical":"https:\/\/vitablanca.ma\/en\/product\/somatoline-homme-ventre-et-abdomen-7-nuits-150ml\/","og_locale":"en_US","og_type":"article","og_title":"Somatoline Homme Ventre Et Abdomen 7 Nuits 150ml - Maroc Prix","og_description":"Somatoline Homme 7 Nuits 150\u202fml r\u00e9duit les rondeurs du ventre et de l\u2019abdomen, raffermit la peau et affine la silhouette masculine pendant la nuit.","og_url":"https:\/\/vitablanca.ma\/en\/product\/somatoline-homme-ventre-et-abdomen-7-nuits-150ml\/","og_site_name":"Vitablanca.ma &ndash; Sant&eacute;, vitalit&eacute; et bien-&ecirc;tre pour tous les Marocains","article_publisher":"https:\/\/www.facebook.com\/profile.php?id=61576678196717","article_modified_time":"2026-02-04T23:13:22+00:00","og_image":[{"width":1000,"height":1000,"url":"https:\/\/vitablanca.ma\/wp-content\/uploads\/2025\/06\/Somatoline-Homme-Ventre-Et-Abdomen-7-Nuits-150ml-Nova-prapharmacie-maroc.jpg","type":"image\/jpeg"}],"twitter_card":"summary_large_image","twitter_misc":{"Est. reading time":"2 minutes"},"schema":{"@context":"https:\/\/schema.org","@graph":[{"@type":["WebPage","ItemPage"],"@id":"https:\/\/vitablanca.ma\/produit\/somatoline-homme-ventre-et-abdomen-7-nuits-150ml\/","url":"https:\/\/vitablanca.ma\/produit\/somatoline-homme-ventre-et-abdomen-7-nuits-150ml\/","name":"Somatoline Homme Stomach and Abdomen 7 Nights 150ml - Morocco Price","isPartOf":{"@id":"https:\/\/vitablanca.ma\/#website"},"primaryImageOfPage":{"@id":"https:\/\/vitablanca.ma\/produit\/somatoline-homme-ventre-et-abdomen-7-nuits-150ml\/#primaryimage"},"image":{"@id":"https:\/\/vitablanca.ma\/produit\/somatoline-homme-ventre-et-abdomen-7-nuits-150ml\/#primaryimage"},"thumbnailUrl":"https:\/\/vitablanca.ma\/wp-content\/uploads\/2025\/06\/Somatoline-Homme-Ventre-Et-Abdomen-7-Nuits-150ml-Nova-prapharmacie-maroc.jpg","datePublished":"2025-06-11T21:45:18+00:00","dateModified":"2026-02-04T23:13:22+00:00","description":"Somatoline Homme 7 Nuits 150\u202fml r\u00e9duit les rondeurs du ventre et de l\u2019abdomen, raffermit la peau et affine la silhouette masculine pendant la nuit.","breadcrumb":{"@id":"https:\/\/vitablanca.ma\/produit\/somatoline-homme-ventre-et-abdomen-7-nuits-150ml\/#breadcrumb"},"inLanguage":"en-US","potentialAction":[{"@type":"ReadAction","target":["https:\/\/vitablanca.ma\/produit\/somatoline-homme-ventre-et-abdomen-7-nuits-150ml\/"]}]},{"@type":"ImageObject","inLanguage":"en-US","@id":"https:\/\/vitablanca.ma\/produit\/somatoline-homme-ventre-et-abdomen-7-nuits-150ml\/#primaryimage","url":"https:\/\/vitablanca.ma\/wp-content\/uploads\/2025\/06\/Somatoline-Homme-Ventre-Et-Abdomen-7-Nuits-150ml-Nova-prapharmacie-maroc.jpg","contentUrl":"https:\/\/vitablanca.ma\/wp-content\/uploads\/2025\/06\/Somatoline-Homme-Ventre-Et-Abdomen-7-Nuits-150ml-Nova-prapharmacie-maroc.jpg","width":1000,"height":1000},{"@type":"BreadcrumbList","@id":"https:\/\/vitablanca.ma\/produit\/somatoline-homme-ventre-et-abdomen-7-nuits-150ml\/#breadcrumb","itemListElement":[{"@type":"ListItem","position":1,"name":"Home","item":"https:\/\/vitablanca.ma\/"},{"@type":"ListItem","position":2,"name":"Tous Les Produits","item":"https:\/\/vitablanca.ma\/tous-les-produits\/"},{"@type":"ListItem","position":3,"name":"Somatoline Homme Ventre Et Abdomen 7 Nuits 150ml"}]},{"@type":"WebSite","@id":"https:\/\/vitablanca.ma\/#website","url":"https:\/\/vitablanca.ma\/","name":"VitaBlanca.ma | Food supplements, health &amp; beauty in Morocco","description":"sell premium vitamins and supplements from USA &amp; Canada, New Zealand, Morocco (NOW Foods, Solgar, Manuka). Fast delivery anywhere in Morocco.","publisher":{"@id":"https:\/\/vitablanca.ma\/#organization"},"alternateName":"VitaBlanca.ma","potentialAction":[{"@type":"SearchAction","target":{"@type":"EntryPoint","urlTemplate":"https:\/\/vitablanca.ma\/?s={search_term_string}"},"query-input":{"@type":"PropertyValueSpecification","valueRequired":true,"valueName":"search_term_string"}}],"inLanguage":"en-US"},{"@type":"Organization","@id":"https:\/\/vitablanca.ma\/#organization","name":"VitaBlanca","url":"https:\/\/vitablanca.ma\/","logo":{"@type":"ImageObject","inLanguage":"en-US","@id":"https:\/\/vitablanca.ma\/#\/schema\/logo\/image\/","url":"https:\/\/vitablanca.ma\/wp-content\/uploads\/2025\/05\/cropped-vitablanca.png","contentUrl":"https:\/\/vitablanca.ma\/wp-content\/uploads\/2025\/05\/cropped-vitablanca.png","width":360,"height":67,"caption":"VitaBlanca"},"image":{"@id":"https:\/\/vitablanca.ma\/#\/schema\/logo\/image\/"},"sameAs":["https:\/\/www.facebook.com\/profile.php?id=61576678196717","https:\/\/www.tiktok.com\/@vitablanca.ma","https:\/\/www.instagram.com\/vitablanca.ma\/"]}]}},"jetpack_sharing_enabled":true,"_links":{"self":[{"href":"https:\/\/vitablanca.ma\/en\/wp-json\/wp\/v2\/product\/22074","targetHints":{"allow":["GET"]}}],"collection":[{"href":"https:\/\/vitablanca.ma\/en\/wp-json\/wp\/v2\/product"}],"about":[{"href":"https:\/\/vitablanca.ma\/en\/wp-json\/wp\/v2\/types\/product"}],"wp:featuredmedia":[{"embeddable":true,"href":"https:\/\/vitablanca.ma\/en\/wp-json\/wp\/v2\/media\/22073"}],"wp:attachment":[{"href":"https:\/\/vitablanca.ma\/en\/wp-json\/wp\/v2\/media?parent=22074"}],"wp:term":[{"taxonomy":"product_brand","embeddable":true,"href":"https:\/\/vitablanca.ma\/en\/wp-json\/wp\/v2\/product_brand?post=22074"},{"taxonomy":"product_cat","embeddable":true,"href":"https:\/\/vitablanca.ma\/en\/wp-json\/wp\/v2\/product_cat?post=22074"},{"taxonomy":"product_tag","embeddable":true,"href":"https:\/\/vitablanca.ma\/en\/wp-json\/wp\/v2\/product_tag?post=22074"}],"curies":[{"name":"wp","href":"https:\/\/api.w.org\/{rel}","templated":true}]}}