{"id":22068,"date":"2025-06-11T21:45:10","date_gmt":"2025-06-11T21:45:10","guid":{"rendered":"https:\/\/vitablanca.ma\/product\/somatoline-homme-traitement-ventre-et-abdomen-intensif-10-nuits-250-ml\/"},"modified":"2026-02-04T23:22:36","modified_gmt":"2026-02-04T23:22:36","slug":"somatoline-homme-traitement-ventre-et-abdomen-intensif-10-nuits-250-ml","status":"publish","type":"product","link":"https:\/\/vitablanca.ma\/en\/product\/somatoline-homme-traitement-ventre-et-abdomen-intensif-10-nuits-250-ml\/","title":{"rendered":"SOMATOLINE HOMME Intensive Stomach and Abdomen Treatment 10 Nights 250 Ml"},"content":{"rendered":"<h2>SOMATOLINE HOMME Intensive Stomach and Abdomen Treatment 10 Nights 250 Ml<\/h2>\n<p>Somatoline Cosmetic Homme Intensive Stomach and Abdomen Cream is a light-textured cream that can be applied in just a few minutes. It&#039;s easy to massage in, absorbs quickly, and doesn&#039;t leave the skin feeling greasy.<\/p>\n<p>Its formula contains marine algae, caffeine, carnitine, ginger extract and guarana, a thermogenesis activator and other specific cosmetic active ingredients which, thanks to the massage:<\/p>\n<p>\u2022 promote the reduction of fatty deposits by activating the lipolytic process;<\/p>\n<p>\u2022 activate vasomotor gymnastics by promoting slimming action.<\/p>\n<p>DIRECTIONS FOR USE:<\/p>\n<p>Every night for at least 7 days, apply a generous layer of this slimming treatment to your stomach and love handles. Rub it in using vigorous, circular motions. Continue the treatment for a month to maximize the slimming effects.<\/p>\n<p>INGR\u00c9DIENTS ACTIFS\u00a0:<\/p>\n<p><strong><em>SEAWEED, CAFFEINE AND CARNITINE:<\/em>\u00a0<\/strong>Promote the reduction of fatty deposits by activating the lipolytic process<\/p>\n<p><strong><em>GINGER AND GUARANA EXTRACTS:<\/em><\/strong>\u00a0Activate vasomotor gymnastics by promoting slimming action<\/p>\n<p>COMPOSITION :<\/p>\n<p>Aqua, Glycerin, C12-15 alkyl benzoate, Cetearyl Isononanoate, Caffeine, Menthol, Ethoxydiglycol, Cyclopentasiloxane, Plankton extract, Bioflavonoids, Paullinia cupana Seed Extract, Carnitine hydroxycitrate, Coffea arabica Seed Extract, Zingiber officinale Rhizome Extract, Schinus terebinthifolius seed extract, Fucus vesiculosus Extract, Hydrolyzed Elastin, Menthyl Lactate, Ethyl Nicotinate, Caprylic Capric Triglyceride, Phenoxyethanol, Polyacrylamide, Acrylates\/C10-30 Alkyl Acrylate Crosspolymer, Maltodextrin, Sodium Benzoate, C13-14 Isoparaffin, Tocopherol, Parfum, Xanthan Gum, Laureth-7, Alcohol denat., Imidazolidinyl urea, Disodium EDTA, Triethanolamine, Linalool, Limonene, Benzyl salicylate, Eugenol, CI 42051.<\/p>\n<p style=\"text-align: center;\">Discover SOMATOLINE HOMME Intensive Stomach and Abdomen Treatment 10 Nights, a product carefully selected to meet your specific needs, and enjoy an exceptional shopping experience on our site,\u00a0<strong>Vita Blanca Parapharmacie Maroc<\/strong><\/p>","protected":false},"excerpt":{"rendered":"<p>SOMATOLINE HOMME Traitement Ventre Et Abdomen Intensif 10 Nuits 250 Ml Somatoline Cosmetic Homme Ventre et Abdomen Intensif est une cr\u00e8me \u00e0 la texture l\u00e9g\u00e8re qui s&rsquo;applique en quelques minutes. Facile \u00e0 masser, elle p\u00e9n\u00e8tre rapidement et ne laisse pas la peau grasse. Sa formule contient des algues marines, de la caf\u00e9ine, de la carnitine, [&hellip;]<\/p>\n","protected":false},"featured_media":22063,"template":"","meta":{"om_disable_all_campaigns":false},"product_brand":[],"product_cat":[15],"product_tag":[7939,8018,7941,7931,7930,8019,7956,8010,7996,8017],"class_list":{"0":"post-22068","1":"product","2":"type-product","3":"status-publish","4":"has-post-thumbnail","6":"product_cat-beaute-sante-complements-alimentaires-soins-et-bien-etre-au-meilleur-prix","7":"product_tag-minceur-ciblee","8":"product_tag-minceur-intensive","9":"product_tag-peau-ferme-et-lisse","10":"product_tag-raffermissant-peau","11":"product_tag-reduction-rondeurs","12":"product_tag-silhouette-masculine","13":"product_tag-soin-corps-nuit","14":"product_tag-soin-ventre-homme","15":"product_tag-somatoline-homme","16":"product_tag-traitement-ventre-et-abdomen","18":"first","19":"instock","20":"sale","21":"taxable","22":"shipping-taxable","23":"purchasable","24":"product-type-simple"},"yoast_head":"<!-- This site is optimized with the Yoast SEO plugin v27.4 - https:\/\/yoast.com\/product\/yoast-seo-wordpress\/ -->\n<title>SOMATOLINE HOMME Traitement 250 Ml - Maroc Prix<\/title>\n<meta name=\"description\" content=\"Somatoline Homme Traitement Ventre et Abdomen Intensif 10 Nuits 250\u202fml r\u00e9duit les rondeurs, raffermit la peau et affine la silhouette masculine\" \/>\n<meta name=\"robots\" content=\"index, follow, max-snippet:-1, max-image-preview:large, max-video-preview:-1\" \/>\n<link rel=\"canonical\" href=\"https:\/\/vitablanca.ma\/en\/product\/somatoline-homme-traitement-ventre-et-abdomen-intensif-10-nuits-250-ml\/\" \/>\n<meta property=\"og:locale\" content=\"en_US\" \/>\n<meta property=\"og:type\" content=\"article\" \/>\n<meta property=\"og:title\" content=\"SOMATOLINE HOMME Traitement 250 Ml - Maroc Prix\" \/>\n<meta property=\"og:description\" content=\"Somatoline Homme Traitement Ventre et Abdomen Intensif 10 Nuits 250\u202fml r\u00e9duit les rondeurs, raffermit la peau et affine la silhouette masculine\" \/>\n<meta property=\"og:url\" content=\"https:\/\/vitablanca.ma\/en\/product\/somatoline-homme-traitement-ventre-et-abdomen-intensif-10-nuits-250-ml\/\" \/>\n<meta property=\"og:site_name\" content=\"Vitablanca.ma &ndash; Sant&eacute;, vitalit&eacute; et bien-&ecirc;tre pour tous les Marocains\" \/>\n<meta property=\"article:publisher\" content=\"https:\/\/www.facebook.com\/profile.php?id=61576678196717\" \/>\n<meta property=\"article:modified_time\" content=\"2026-02-04T23:22:36+00:00\" \/>\n<meta property=\"og:image\" content=\"https:\/\/vitablanca.ma\/wp-content\/uploads\/2025\/06\/somatoline-homme-traitement-ventre-et-abdomen-intensif-10-nuits-250-ml-Nova-para-prix-Maroc.png\" \/>\n\t<meta property=\"og:image:width\" content=\"800\" \/>\n\t<meta property=\"og:image:height\" content=\"800\" \/>\n\t<meta property=\"og:image:type\" content=\"image\/png\" \/>\n<meta name=\"twitter:card\" content=\"summary_large_image\" \/>\n<meta name=\"twitter:label1\" content=\"Est. reading time\" \/>\n\t<meta name=\"twitter:data1\" content=\"2 minutes\" \/>\n<script type=\"application\/ld+json\" class=\"yoast-schema-graph\">{\"@context\":\"https:\\\/\\\/schema.org\",\"@graph\":[{\"@type\":[\"WebPage\",\"ItemPage\"],\"@id\":\"https:\\\/\\\/vitablanca.ma\\\/produit\\\/somatoline-homme-traitement-ventre-et-abdomen-intensif-10-nuits-250-ml\\\/\",\"url\":\"https:\\\/\\\/vitablanca.ma\\\/produit\\\/somatoline-homme-traitement-ventre-et-abdomen-intensif-10-nuits-250-ml\\\/\",\"name\":\"SOMATOLINE HOMME Traitement 250 Ml - Maroc Prix\",\"isPartOf\":{\"@id\":\"https:\\\/\\\/vitablanca.ma\\\/#website\"},\"primaryImageOfPage\":{\"@id\":\"https:\\\/\\\/vitablanca.ma\\\/produit\\\/somatoline-homme-traitement-ventre-et-abdomen-intensif-10-nuits-250-ml\\\/#primaryimage\"},\"image\":{\"@id\":\"https:\\\/\\\/vitablanca.ma\\\/produit\\\/somatoline-homme-traitement-ventre-et-abdomen-intensif-10-nuits-250-ml\\\/#primaryimage\"},\"thumbnailUrl\":\"https:\\\/\\\/vitablanca.ma\\\/wp-content\\\/uploads\\\/2025\\\/06\\\/somatoline-homme-traitement-ventre-et-abdomen-intensif-10-nuits-250-ml-Nova-para-prix-Maroc.png\",\"datePublished\":\"2025-06-11T21:45:10+00:00\",\"dateModified\":\"2026-02-04T23:22:36+00:00\",\"description\":\"Somatoline Homme Traitement Ventre et Abdomen Intensif 10 Nuits 250\u202fml r\u00e9duit les rondeurs, raffermit la peau et affine la silhouette masculine\",\"breadcrumb\":{\"@id\":\"https:\\\/\\\/vitablanca.ma\\\/produit\\\/somatoline-homme-traitement-ventre-et-abdomen-intensif-10-nuits-250-ml\\\/#breadcrumb\"},\"inLanguage\":\"en-US\",\"potentialAction\":[{\"@type\":\"ReadAction\",\"target\":[\"https:\\\/\\\/vitablanca.ma\\\/produit\\\/somatoline-homme-traitement-ventre-et-abdomen-intensif-10-nuits-250-ml\\\/\"]}]},{\"@type\":\"ImageObject\",\"inLanguage\":\"en-US\",\"@id\":\"https:\\\/\\\/vitablanca.ma\\\/produit\\\/somatoline-homme-traitement-ventre-et-abdomen-intensif-10-nuits-250-ml\\\/#primaryimage\",\"url\":\"https:\\\/\\\/vitablanca.ma\\\/wp-content\\\/uploads\\\/2025\\\/06\\\/somatoline-homme-traitement-ventre-et-abdomen-intensif-10-nuits-250-ml-Nova-para-prix-Maroc.png\",\"contentUrl\":\"https:\\\/\\\/vitablanca.ma\\\/wp-content\\\/uploads\\\/2025\\\/06\\\/somatoline-homme-traitement-ventre-et-abdomen-intensif-10-nuits-250-ml-Nova-para-prix-Maroc.png\",\"width\":800,\"height\":800},{\"@type\":\"BreadcrumbList\",\"@id\":\"https:\\\/\\\/vitablanca.ma\\\/produit\\\/somatoline-homme-traitement-ventre-et-abdomen-intensif-10-nuits-250-ml\\\/#breadcrumb\",\"itemListElement\":[{\"@type\":\"ListItem\",\"position\":1,\"name\":\"Home\",\"item\":\"https:\\\/\\\/vitablanca.ma\\\/\"},{\"@type\":\"ListItem\",\"position\":2,\"name\":\"Tous Les Produits\",\"item\":\"https:\\\/\\\/vitablanca.ma\\\/tous-les-produits\\\/\"},{\"@type\":\"ListItem\",\"position\":3,\"name\":\"SOMATOLINE HOMME Traitement Ventre Et Abdomen Intensif 10 Nuits 250 Ml\"}]},{\"@type\":\"WebSite\",\"@id\":\"https:\\\/\\\/vitablanca.ma\\\/#website\",\"url\":\"https:\\\/\\\/vitablanca.ma\\\/\",\"name\":\"VitaBlanca.ma | Compl\u00e9ments alimentaires, sant\u00e9 & beaut\u00e9 au Maroc\",\"description\":\"vendre vitamines et compl\u00e9ments premium des USA &amp; Canada, Nouvelle Z\u00e9lande,Maroc (NOW Foods, Solgar, Manuka). Livraison rapide partout au Maroc.\",\"publisher\":{\"@id\":\"https:\\\/\\\/vitablanca.ma\\\/#organization\"},\"alternateName\":\"VitaBlanca.ma\",\"potentialAction\":[{\"@type\":\"SearchAction\",\"target\":{\"@type\":\"EntryPoint\",\"urlTemplate\":\"https:\\\/\\\/vitablanca.ma\\\/?s={search_term_string}\"},\"query-input\":{\"@type\":\"PropertyValueSpecification\",\"valueRequired\":true,\"valueName\":\"search_term_string\"}}],\"inLanguage\":\"en-US\"},{\"@type\":\"Organization\",\"@id\":\"https:\\\/\\\/vitablanca.ma\\\/#organization\",\"name\":\"VitaBlanca\",\"url\":\"https:\\\/\\\/vitablanca.ma\\\/\",\"logo\":{\"@type\":\"ImageObject\",\"inLanguage\":\"en-US\",\"@id\":\"https:\\\/\\\/vitablanca.ma\\\/#\\\/schema\\\/logo\\\/image\\\/\",\"url\":\"https:\\\/\\\/vitablanca.ma\\\/wp-content\\\/uploads\\\/2025\\\/05\\\/cropped-vitablanca.png\",\"contentUrl\":\"https:\\\/\\\/vitablanca.ma\\\/wp-content\\\/uploads\\\/2025\\\/05\\\/cropped-vitablanca.png\",\"width\":360,\"height\":67,\"caption\":\"VitaBlanca\"},\"image\":{\"@id\":\"https:\\\/\\\/vitablanca.ma\\\/#\\\/schema\\\/logo\\\/image\\\/\"},\"sameAs\":[\"https:\\\/\\\/www.facebook.com\\\/profile.php?id=61576678196717\",\"https:\\\/\\\/www.tiktok.com\\\/@vitablanca.ma\",\"https:\\\/\\\/www.instagram.com\\\/vitablanca.ma\\\/\"]}]}<\/script>\n<!-- \/ Yoast SEO plugin. -->","yoast_head_json":{"title":"SOMATOLINE HOMME Traitement 250 Ml - Maroc Prix","description":"Somatoline Homme Traitement Ventre et Abdomen Intensif 10 Nuits 250\u202fml r\u00e9duit les rondeurs, raffermit la peau et affine la silhouette masculine","robots":{"index":"index","follow":"follow","max-snippet":"max-snippet:-1","max-image-preview":"max-image-preview:large","max-video-preview":"max-video-preview:-1"},"canonical":"https:\/\/vitablanca.ma\/en\/product\/somatoline-homme-traitement-ventre-et-abdomen-intensif-10-nuits-250-ml\/","og_locale":"en_US","og_type":"article","og_title":"SOMATOLINE HOMME Traitement 250 Ml - Maroc Prix","og_description":"Somatoline Homme Traitement Ventre et Abdomen Intensif 10 Nuits 250\u202fml r\u00e9duit les rondeurs, raffermit la peau et affine la silhouette masculine","og_url":"https:\/\/vitablanca.ma\/en\/product\/somatoline-homme-traitement-ventre-et-abdomen-intensif-10-nuits-250-ml\/","og_site_name":"Vitablanca.ma &ndash; Sant&eacute;, vitalit&eacute; et bien-&ecirc;tre pour tous les Marocains","article_publisher":"https:\/\/www.facebook.com\/profile.php?id=61576678196717","article_modified_time":"2026-02-04T23:22:36+00:00","og_image":[{"width":800,"height":800,"url":"https:\/\/vitablanca.ma\/wp-content\/uploads\/2025\/06\/somatoline-homme-traitement-ventre-et-abdomen-intensif-10-nuits-250-ml-Nova-para-prix-Maroc.png","type":"image\/png"}],"twitter_card":"summary_large_image","twitter_misc":{"Est. reading time":"2 minutes"},"schema":{"@context":"https:\/\/schema.org","@graph":[{"@type":["WebPage","ItemPage"],"@id":"https:\/\/vitablanca.ma\/produit\/somatoline-homme-traitement-ventre-et-abdomen-intensif-10-nuits-250-ml\/","url":"https:\/\/vitablanca.ma\/produit\/somatoline-homme-traitement-ventre-et-abdomen-intensif-10-nuits-250-ml\/","name":"SOMATOLINE HOMME Traitement 250 Ml - Maroc Prix","isPartOf":{"@id":"https:\/\/vitablanca.ma\/#website"},"primaryImageOfPage":{"@id":"https:\/\/vitablanca.ma\/produit\/somatoline-homme-traitement-ventre-et-abdomen-intensif-10-nuits-250-ml\/#primaryimage"},"image":{"@id":"https:\/\/vitablanca.ma\/produit\/somatoline-homme-traitement-ventre-et-abdomen-intensif-10-nuits-250-ml\/#primaryimage"},"thumbnailUrl":"https:\/\/vitablanca.ma\/wp-content\/uploads\/2025\/06\/somatoline-homme-traitement-ventre-et-abdomen-intensif-10-nuits-250-ml-Nova-para-prix-Maroc.png","datePublished":"2025-06-11T21:45:10+00:00","dateModified":"2026-02-04T23:22:36+00:00","description":"Somatoline Homme Traitement Ventre et Abdomen Intensif 10 Nuits 250\u202fml r\u00e9duit les rondeurs, raffermit la peau et affine la silhouette masculine","breadcrumb":{"@id":"https:\/\/vitablanca.ma\/produit\/somatoline-homme-traitement-ventre-et-abdomen-intensif-10-nuits-250-ml\/#breadcrumb"},"inLanguage":"en-US","potentialAction":[{"@type":"ReadAction","target":["https:\/\/vitablanca.ma\/produit\/somatoline-homme-traitement-ventre-et-abdomen-intensif-10-nuits-250-ml\/"]}]},{"@type":"ImageObject","inLanguage":"en-US","@id":"https:\/\/vitablanca.ma\/produit\/somatoline-homme-traitement-ventre-et-abdomen-intensif-10-nuits-250-ml\/#primaryimage","url":"https:\/\/vitablanca.ma\/wp-content\/uploads\/2025\/06\/somatoline-homme-traitement-ventre-et-abdomen-intensif-10-nuits-250-ml-Nova-para-prix-Maroc.png","contentUrl":"https:\/\/vitablanca.ma\/wp-content\/uploads\/2025\/06\/somatoline-homme-traitement-ventre-et-abdomen-intensif-10-nuits-250-ml-Nova-para-prix-Maroc.png","width":800,"height":800},{"@type":"BreadcrumbList","@id":"https:\/\/vitablanca.ma\/produit\/somatoline-homme-traitement-ventre-et-abdomen-intensif-10-nuits-250-ml\/#breadcrumb","itemListElement":[{"@type":"ListItem","position":1,"name":"Home","item":"https:\/\/vitablanca.ma\/"},{"@type":"ListItem","position":2,"name":"Tous Les Produits","item":"https:\/\/vitablanca.ma\/tous-les-produits\/"},{"@type":"ListItem","position":3,"name":"SOMATOLINE HOMME Traitement Ventre Et Abdomen Intensif 10 Nuits 250 Ml"}]},{"@type":"WebSite","@id":"https:\/\/vitablanca.ma\/#website","url":"https:\/\/vitablanca.ma\/","name":"VitaBlanca.ma | Food supplements, health &amp; beauty in Morocco","description":"sell premium vitamins and supplements from USA &amp; Canada, New Zealand, Morocco (NOW Foods, Solgar, Manuka). Fast delivery anywhere in Morocco.","publisher":{"@id":"https:\/\/vitablanca.ma\/#organization"},"alternateName":"VitaBlanca.ma","potentialAction":[{"@type":"SearchAction","target":{"@type":"EntryPoint","urlTemplate":"https:\/\/vitablanca.ma\/?s={search_term_string}"},"query-input":{"@type":"PropertyValueSpecification","valueRequired":true,"valueName":"search_term_string"}}],"inLanguage":"en-US"},{"@type":"Organization","@id":"https:\/\/vitablanca.ma\/#organization","name":"VitaBlanca","url":"https:\/\/vitablanca.ma\/","logo":{"@type":"ImageObject","inLanguage":"en-US","@id":"https:\/\/vitablanca.ma\/#\/schema\/logo\/image\/","url":"https:\/\/vitablanca.ma\/wp-content\/uploads\/2025\/05\/cropped-vitablanca.png","contentUrl":"https:\/\/vitablanca.ma\/wp-content\/uploads\/2025\/05\/cropped-vitablanca.png","width":360,"height":67,"caption":"VitaBlanca"},"image":{"@id":"https:\/\/vitablanca.ma\/#\/schema\/logo\/image\/"},"sameAs":["https:\/\/www.facebook.com\/profile.php?id=61576678196717","https:\/\/www.tiktok.com\/@vitablanca.ma","https:\/\/www.instagram.com\/vitablanca.ma\/"]}]}},"jetpack_sharing_enabled":true,"_links":{"self":[{"href":"https:\/\/vitablanca.ma\/en\/wp-json\/wp\/v2\/product\/22068","targetHints":{"allow":["GET"]}}],"collection":[{"href":"https:\/\/vitablanca.ma\/en\/wp-json\/wp\/v2\/product"}],"about":[{"href":"https:\/\/vitablanca.ma\/en\/wp-json\/wp\/v2\/types\/product"}],"wp:featuredmedia":[{"embeddable":true,"href":"https:\/\/vitablanca.ma\/en\/wp-json\/wp\/v2\/media\/22063"}],"wp:attachment":[{"href":"https:\/\/vitablanca.ma\/en\/wp-json\/wp\/v2\/media?parent=22068"}],"wp:term":[{"taxonomy":"product_brand","embeddable":true,"href":"https:\/\/vitablanca.ma\/en\/wp-json\/wp\/v2\/product_brand?post=22068"},{"taxonomy":"product_cat","embeddable":true,"href":"https:\/\/vitablanca.ma\/en\/wp-json\/wp\/v2\/product_cat?post=22068"},{"taxonomy":"product_tag","embeddable":true,"href":"https:\/\/vitablanca.ma\/en\/wp-json\/wp\/v2\/product_tag?post=22068"}],"curies":[{"name":"wp","href":"https:\/\/api.w.org\/{rel}","templated":true}]}}