{"id":22057,"date":"2025-06-11T21:44:54","date_gmt":"2025-06-11T21:44:54","guid":{"rendered":"https:\/\/vitablanca.ma\/product\/sensodyne-dentifrice-soin-fluor-actif-75ml\/"},"modified":"2026-02-04T23:33:51","modified_gmt":"2026-02-04T23:33:51","slug":"sensodyne-dentifrice-soin-fluor-actif-75ml","status":"publish","type":"product","link":"https:\/\/vitablanca.ma\/en\/product\/sensodyne-dentifrice-soin-fluor-actif-75ml\/","title":{"rendered":"Sensodyne Active Fluoride Care Toothpaste 75ml"},"content":{"rendered":"<h2>Sensodyne Active Fluoride Care Toothpaste c<span data-mce-fragment=\"1\">contains fluoride to prevent cavities<\/span><\/h2>\n<div class=\"box component section product-grey-box first odd\">\n<div id=\"0452793935\" class=\"component-content\">\n<div class=\"paragraphSystem content\">\n<div class=\"box component section left-box odd grid_6 alpha\">\n<div id=\"0304123945\" class=\"component-content\">\n<div class=\"paragraphSystem content\">\n<div class=\"richText component section product-side-txt first odd last\">\n<div class=\"component-content\">\n<div class=\"richText-content\">\n<p>Sensodyne Active Fluoride Care toothpaste contains potassium nitrate. It creates a soothing barrier around the nerve to relieve tooth sensitivity. When brushed twice a day, Sensodyne helps protect sensitive teeth for 24 hours.<\/p>\n<p>Daily, Sensodyne Active Fluoride Care:<\/p>\n<p>\u2013 Prevents the appearance of cavities thanks to the action of fluoride. It provides long-lasting protection against acid attacks thanks to the formation of a fluoride reservoir.<\/p>\n<p>\u2013 Provides maximum coverage of your teeth\u2019s fluoride needs.<\/p>\n<p>\u2013 Strengthens tooth enamel and stops its demineralization by maximizing the incorporation of fluoride.<\/p>\n<p>\u2013 Soothes and protects sensitive teeth.<\/p>\n<\/div>\n<\/div>\n<\/div>\n<\/div>\n<\/div>\n<\/div>\n<\/div>\n<\/div>\n<\/div>\n<div class=\"box component section product-details-box even\">\n<div id=\"01343271646\" class=\"component-content\">\n<div class=\"paragraphSystem content\">\n<div class=\"richText component section sensodyne-txt first odd last\">\n<div class=\"component-content\">\n<div class=\"richText-content\">\n<h3>Ingredients<\/h3>\n<p>Aqua, Sorbitol, Hydrated Silica, Glycerin, Potassium Nitrate, Cocamidopropyl Betaine, Aroma, Xanthan Gum, Titanium Dioxide, Sodium Fluoride, Sodium Saccharin, Sodium Hydroxide, Sucralose, Limonene. Contains sodium fluoride (1450ppm fluoride).<\/p>\n<p>Store at a temperature below 30\u00b0C.<\/p>\n<h3>Directions for use<\/h3>\n<p>It is recommended to brush your teeth twice a day, and not more than three times a day. Avoid swallowing the toothpaste and spit it out after brushing.<\/p>\n<p>For optimal relief, it is recommended to use Sensodyne twice a day, year-round.<\/p>\n<h3>Warnings and Precautions<\/h3>\n<p>ALWAYS FOLLOW THESE ADVICE. Keep out of reach of children. Do not use on children 12 years of age or younger without consulting a dentist or doctor. Sensitive teeth may indicate an underlying problem that requires dental care. If symptoms persist or worsen, consult a dentist. If irritation occurs, discontinue use. If you are taking fluoride from other sources, consult a dentist or doctor.<\/p>\n<\/div>\n<\/div>\n<\/div>\n<\/div>\n<\/div>\n<\/div>","protected":false},"excerpt":{"rendered":"<p>Sensodyne Dentifrice Soin Fluor Actif contient du fluor pour pr\u00e9venir l\u2019apparition des caries Le dentifrice Sensodyne Soin Fluor Actif contient du nitrate de potassium. Il cr\u00e9e une protection apaisante autour du nerf pour soulager la sensibilit\u00e9 dentaire. En brossage quotidien deux fois par jour, Sensodyne permet de prot\u00e9ger les dents sensibles pendant 24h. Au quotidien, [&hellip;]<\/p>\n","protected":false},"featured_media":22055,"template":"","meta":{"om_disable_all_campaigns":false},"product_brand":[],"product_cat":[15],"product_tag":[8024,8023,7650,6254,7665,7657,8033,8020,8032,7906],"class_list":{"0":"post-22057","1":"product","2":"type-product","3":"status-publish","4":"has-post-thumbnail","6":"product_cat-beaute-sante-complements-alimentaires-soins-et-bien-etre-au-meilleur-prix","7":"product_tag-bouche-saine","8":"product_tag-dentifrice-75-ml","9":"product_tag-dents-sensibles","10":"product_tag-hygiene-bucco-dentaire","11":"product_tag-prevention-caries","12":"product_tag-protection-email","13":"product_tag-renforcement-dents","14":"product_tag-sensodyne-dentifrice","15":"product_tag-soin-fluor-actif","16":"product_tag-soin-quotidien-dents","18":"first","19":"instock","20":"sale","21":"taxable","22":"shipping-taxable","23":"purchasable","24":"product-type-simple"},"yoast_head":"<!-- This site is optimized with the Yoast SEO plugin v27.4 - https:\/\/yoast.com\/product\/yoast-seo-wordpress\/ -->\n<title>Sensodyne Dentifrice Soin Fluor Actif 75ml - Maroc Prix<\/title>\n<meta name=\"description\" content=\"Sensodyne Dentifrice Soin Fluor Actif 75\u202fml renforce l\u2019\u00e9mail, prot\u00e8ge contre les caries et prend soin des dents sensibles pour une hygi\u00e8ne bucco-dentaire.\" \/>\n<meta name=\"robots\" content=\"index, follow, max-snippet:-1, max-image-preview:large, max-video-preview:-1\" \/>\n<link rel=\"canonical\" href=\"https:\/\/vitablanca.ma\/en\/product\/sensodyne-dentifrice-soin-fluor-actif-75ml\/\" \/>\n<meta property=\"og:locale\" content=\"en_US\" \/>\n<meta property=\"og:type\" content=\"article\" \/>\n<meta property=\"og:title\" content=\"Sensodyne Dentifrice Soin Fluor Actif 75ml - Maroc Prix\" \/>\n<meta property=\"og:description\" content=\"Sensodyne Dentifrice Soin Fluor Actif 75\u202fml renforce l\u2019\u00e9mail, prot\u00e8ge contre les caries et prend soin des dents sensibles pour une hygi\u00e8ne bucco-dentaire.\" \/>\n<meta property=\"og:url\" content=\"https:\/\/vitablanca.ma\/en\/product\/sensodyne-dentifrice-soin-fluor-actif-75ml\/\" \/>\n<meta property=\"og:site_name\" content=\"Vitablanca.ma &ndash; Sant&eacute;, vitalit&eacute; et bien-&ecirc;tre pour tous les Marocains\" \/>\n<meta property=\"article:publisher\" content=\"https:\/\/www.facebook.com\/profile.php?id=61576678196717\" \/>\n<meta property=\"article:modified_time\" content=\"2026-02-04T23:33:51+00:00\" \/>\n<meta property=\"og:image\" content=\"https:\/\/vitablanca.ma\/wp-content\/uploads\/2025\/06\/Sensodyne-Dentifrice-Soin-Fluor-Actif-75ml-nova-parapharmacie-maroc.png\" \/>\n\t<meta property=\"og:image:width\" content=\"1000\" \/>\n\t<meta property=\"og:image:height\" content=\"1000\" \/>\n\t<meta property=\"og:image:type\" content=\"image\/png\" \/>\n<meta name=\"twitter:card\" content=\"summary_large_image\" \/>\n<meta name=\"twitter:label1\" content=\"Est. reading time\" \/>\n\t<meta name=\"twitter:data1\" content=\"2 minutes\" \/>\n<script type=\"application\/ld+json\" class=\"yoast-schema-graph\">{\"@context\":\"https:\\\/\\\/schema.org\",\"@graph\":[{\"@type\":[\"WebPage\",\"ItemPage\"],\"@id\":\"https:\\\/\\\/vitablanca.ma\\\/produit\\\/sensodyne-dentifrice-soin-fluor-actif-75ml\\\/\",\"url\":\"https:\\\/\\\/vitablanca.ma\\\/produit\\\/sensodyne-dentifrice-soin-fluor-actif-75ml\\\/\",\"name\":\"Sensodyne Dentifrice Soin Fluor Actif 75ml - Maroc Prix\",\"isPartOf\":{\"@id\":\"https:\\\/\\\/vitablanca.ma\\\/#website\"},\"primaryImageOfPage\":{\"@id\":\"https:\\\/\\\/vitablanca.ma\\\/produit\\\/sensodyne-dentifrice-soin-fluor-actif-75ml\\\/#primaryimage\"},\"image\":{\"@id\":\"https:\\\/\\\/vitablanca.ma\\\/produit\\\/sensodyne-dentifrice-soin-fluor-actif-75ml\\\/#primaryimage\"},\"thumbnailUrl\":\"https:\\\/\\\/vitablanca.ma\\\/wp-content\\\/uploads\\\/2025\\\/06\\\/Sensodyne-Dentifrice-Soin-Fluor-Actif-75ml-nova-parapharmacie-maroc.png\",\"datePublished\":\"2025-06-11T21:44:54+00:00\",\"dateModified\":\"2026-02-04T23:33:51+00:00\",\"description\":\"Sensodyne Dentifrice Soin Fluor Actif 75\u202fml renforce l\u2019\u00e9mail, prot\u00e8ge contre les caries et prend soin des dents sensibles pour une hygi\u00e8ne bucco-dentaire.\",\"breadcrumb\":{\"@id\":\"https:\\\/\\\/vitablanca.ma\\\/produit\\\/sensodyne-dentifrice-soin-fluor-actif-75ml\\\/#breadcrumb\"},\"inLanguage\":\"en-US\",\"potentialAction\":[{\"@type\":\"ReadAction\",\"target\":[\"https:\\\/\\\/vitablanca.ma\\\/produit\\\/sensodyne-dentifrice-soin-fluor-actif-75ml\\\/\"]}]},{\"@type\":\"ImageObject\",\"inLanguage\":\"en-US\",\"@id\":\"https:\\\/\\\/vitablanca.ma\\\/produit\\\/sensodyne-dentifrice-soin-fluor-actif-75ml\\\/#primaryimage\",\"url\":\"https:\\\/\\\/vitablanca.ma\\\/wp-content\\\/uploads\\\/2025\\\/06\\\/Sensodyne-Dentifrice-Soin-Fluor-Actif-75ml-nova-parapharmacie-maroc.png\",\"contentUrl\":\"https:\\\/\\\/vitablanca.ma\\\/wp-content\\\/uploads\\\/2025\\\/06\\\/Sensodyne-Dentifrice-Soin-Fluor-Actif-75ml-nova-parapharmacie-maroc.png\",\"width\":1000,\"height\":1000},{\"@type\":\"BreadcrumbList\",\"@id\":\"https:\\\/\\\/vitablanca.ma\\\/produit\\\/sensodyne-dentifrice-soin-fluor-actif-75ml\\\/#breadcrumb\",\"itemListElement\":[{\"@type\":\"ListItem\",\"position\":1,\"name\":\"Home\",\"item\":\"https:\\\/\\\/vitablanca.ma\\\/\"},{\"@type\":\"ListItem\",\"position\":2,\"name\":\"Tous Les Produits\",\"item\":\"https:\\\/\\\/vitablanca.ma\\\/tous-les-produits\\\/\"},{\"@type\":\"ListItem\",\"position\":3,\"name\":\"Sensodyne Dentifrice Soin Fluor Actif 75ml\"}]},{\"@type\":\"WebSite\",\"@id\":\"https:\\\/\\\/vitablanca.ma\\\/#website\",\"url\":\"https:\\\/\\\/vitablanca.ma\\\/\",\"name\":\"VitaBlanca.ma | Compl\u00e9ments alimentaires, sant\u00e9 & beaut\u00e9 au Maroc\",\"description\":\"vendre vitamines et compl\u00e9ments premium des USA &amp; Canada, Nouvelle Z\u00e9lande,Maroc (NOW Foods, Solgar, Manuka). Livraison rapide partout au Maroc.\",\"publisher\":{\"@id\":\"https:\\\/\\\/vitablanca.ma\\\/#organization\"},\"alternateName\":\"VitaBlanca.ma\",\"potentialAction\":[{\"@type\":\"SearchAction\",\"target\":{\"@type\":\"EntryPoint\",\"urlTemplate\":\"https:\\\/\\\/vitablanca.ma\\\/?s={search_term_string}\"},\"query-input\":{\"@type\":\"PropertyValueSpecification\",\"valueRequired\":true,\"valueName\":\"search_term_string\"}}],\"inLanguage\":\"en-US\"},{\"@type\":\"Organization\",\"@id\":\"https:\\\/\\\/vitablanca.ma\\\/#organization\",\"name\":\"VitaBlanca\",\"url\":\"https:\\\/\\\/vitablanca.ma\\\/\",\"logo\":{\"@type\":\"ImageObject\",\"inLanguage\":\"en-US\",\"@id\":\"https:\\\/\\\/vitablanca.ma\\\/#\\\/schema\\\/logo\\\/image\\\/\",\"url\":\"https:\\\/\\\/vitablanca.ma\\\/wp-content\\\/uploads\\\/2025\\\/05\\\/cropped-vitablanca.png\",\"contentUrl\":\"https:\\\/\\\/vitablanca.ma\\\/wp-content\\\/uploads\\\/2025\\\/05\\\/cropped-vitablanca.png\",\"width\":360,\"height\":67,\"caption\":\"VitaBlanca\"},\"image\":{\"@id\":\"https:\\\/\\\/vitablanca.ma\\\/#\\\/schema\\\/logo\\\/image\\\/\"},\"sameAs\":[\"https:\\\/\\\/www.facebook.com\\\/profile.php?id=61576678196717\",\"https:\\\/\\\/www.tiktok.com\\\/@vitablanca.ma\",\"https:\\\/\\\/www.instagram.com\\\/vitablanca.ma\\\/\"]}]}<\/script>\n<!-- \/ Yoast SEO plugin. -->","yoast_head_json":{"title":"Sensodyne Active Fluoride Care Toothpaste 75ml - Morocco Price","description":"Sensodyne Dentifrice Soin Fluor Actif 75\u202fml renforce l\u2019\u00e9mail, prot\u00e8ge contre les caries et prend soin des dents sensibles pour une hygi\u00e8ne bucco-dentaire.","robots":{"index":"index","follow":"follow","max-snippet":"max-snippet:-1","max-image-preview":"max-image-preview:large","max-video-preview":"max-video-preview:-1"},"canonical":"https:\/\/vitablanca.ma\/en\/product\/sensodyne-dentifrice-soin-fluor-actif-75ml\/","og_locale":"en_US","og_type":"article","og_title":"Sensodyne Dentifrice Soin Fluor Actif 75ml - Maroc Prix","og_description":"Sensodyne Dentifrice Soin Fluor Actif 75\u202fml renforce l\u2019\u00e9mail, prot\u00e8ge contre les caries et prend soin des dents sensibles pour une hygi\u00e8ne bucco-dentaire.","og_url":"https:\/\/vitablanca.ma\/en\/product\/sensodyne-dentifrice-soin-fluor-actif-75ml\/","og_site_name":"Vitablanca.ma &ndash; Sant&eacute;, vitalit&eacute; et bien-&ecirc;tre pour tous les Marocains","article_publisher":"https:\/\/www.facebook.com\/profile.php?id=61576678196717","article_modified_time":"2026-02-04T23:33:51+00:00","og_image":[{"width":1000,"height":1000,"url":"https:\/\/vitablanca.ma\/wp-content\/uploads\/2025\/06\/Sensodyne-Dentifrice-Soin-Fluor-Actif-75ml-nova-parapharmacie-maroc.png","type":"image\/png"}],"twitter_card":"summary_large_image","twitter_misc":{"Est. reading time":"2 minutes"},"schema":{"@context":"https:\/\/schema.org","@graph":[{"@type":["WebPage","ItemPage"],"@id":"https:\/\/vitablanca.ma\/produit\/sensodyne-dentifrice-soin-fluor-actif-75ml\/","url":"https:\/\/vitablanca.ma\/produit\/sensodyne-dentifrice-soin-fluor-actif-75ml\/","name":"Sensodyne Active Fluoride Care Toothpaste 75ml - Morocco Price","isPartOf":{"@id":"https:\/\/vitablanca.ma\/#website"},"primaryImageOfPage":{"@id":"https:\/\/vitablanca.ma\/produit\/sensodyne-dentifrice-soin-fluor-actif-75ml\/#primaryimage"},"image":{"@id":"https:\/\/vitablanca.ma\/produit\/sensodyne-dentifrice-soin-fluor-actif-75ml\/#primaryimage"},"thumbnailUrl":"https:\/\/vitablanca.ma\/wp-content\/uploads\/2025\/06\/Sensodyne-Dentifrice-Soin-Fluor-Actif-75ml-nova-parapharmacie-maroc.png","datePublished":"2025-06-11T21:44:54+00:00","dateModified":"2026-02-04T23:33:51+00:00","description":"Sensodyne Dentifrice Soin Fluor Actif 75\u202fml renforce l\u2019\u00e9mail, prot\u00e8ge contre les caries et prend soin des dents sensibles pour une hygi\u00e8ne bucco-dentaire.","breadcrumb":{"@id":"https:\/\/vitablanca.ma\/produit\/sensodyne-dentifrice-soin-fluor-actif-75ml\/#breadcrumb"},"inLanguage":"en-US","potentialAction":[{"@type":"ReadAction","target":["https:\/\/vitablanca.ma\/produit\/sensodyne-dentifrice-soin-fluor-actif-75ml\/"]}]},{"@type":"ImageObject","inLanguage":"en-US","@id":"https:\/\/vitablanca.ma\/produit\/sensodyne-dentifrice-soin-fluor-actif-75ml\/#primaryimage","url":"https:\/\/vitablanca.ma\/wp-content\/uploads\/2025\/06\/Sensodyne-Dentifrice-Soin-Fluor-Actif-75ml-nova-parapharmacie-maroc.png","contentUrl":"https:\/\/vitablanca.ma\/wp-content\/uploads\/2025\/06\/Sensodyne-Dentifrice-Soin-Fluor-Actif-75ml-nova-parapharmacie-maroc.png","width":1000,"height":1000},{"@type":"BreadcrumbList","@id":"https:\/\/vitablanca.ma\/produit\/sensodyne-dentifrice-soin-fluor-actif-75ml\/#breadcrumb","itemListElement":[{"@type":"ListItem","position":1,"name":"Home","item":"https:\/\/vitablanca.ma\/"},{"@type":"ListItem","position":2,"name":"Tous Les Produits","item":"https:\/\/vitablanca.ma\/tous-les-produits\/"},{"@type":"ListItem","position":3,"name":"Sensodyne Dentifrice Soin Fluor Actif 75ml"}]},{"@type":"WebSite","@id":"https:\/\/vitablanca.ma\/#website","url":"https:\/\/vitablanca.ma\/","name":"VitaBlanca.ma | Food supplements, health &amp; beauty in Morocco","description":"sell premium vitamins and supplements from USA &amp; Canada, New Zealand, Morocco (NOW Foods, Solgar, Manuka). Fast delivery anywhere in Morocco.","publisher":{"@id":"https:\/\/vitablanca.ma\/#organization"},"alternateName":"VitaBlanca.ma","potentialAction":[{"@type":"SearchAction","target":{"@type":"EntryPoint","urlTemplate":"https:\/\/vitablanca.ma\/?s={search_term_string}"},"query-input":{"@type":"PropertyValueSpecification","valueRequired":true,"valueName":"search_term_string"}}],"inLanguage":"en-US"},{"@type":"Organization","@id":"https:\/\/vitablanca.ma\/#organization","name":"VitaBlanca","url":"https:\/\/vitablanca.ma\/","logo":{"@type":"ImageObject","inLanguage":"en-US","@id":"https:\/\/vitablanca.ma\/#\/schema\/logo\/image\/","url":"https:\/\/vitablanca.ma\/wp-content\/uploads\/2025\/05\/cropped-vitablanca.png","contentUrl":"https:\/\/vitablanca.ma\/wp-content\/uploads\/2025\/05\/cropped-vitablanca.png","width":360,"height":67,"caption":"VitaBlanca"},"image":{"@id":"https:\/\/vitablanca.ma\/#\/schema\/logo\/image\/"},"sameAs":["https:\/\/www.facebook.com\/profile.php?id=61576678196717","https:\/\/www.tiktok.com\/@vitablanca.ma","https:\/\/www.instagram.com\/vitablanca.ma\/"]}]}},"jetpack_sharing_enabled":true,"_links":{"self":[{"href":"https:\/\/vitablanca.ma\/en\/wp-json\/wp\/v2\/product\/22057","targetHints":{"allow":["GET"]}}],"collection":[{"href":"https:\/\/vitablanca.ma\/en\/wp-json\/wp\/v2\/product"}],"about":[{"href":"https:\/\/vitablanca.ma\/en\/wp-json\/wp\/v2\/types\/product"}],"wp:featuredmedia":[{"embeddable":true,"href":"https:\/\/vitablanca.ma\/en\/wp-json\/wp\/v2\/media\/22055"}],"wp:attachment":[{"href":"https:\/\/vitablanca.ma\/en\/wp-json\/wp\/v2\/media?parent=22057"}],"wp:term":[{"taxonomy":"product_brand","embeddable":true,"href":"https:\/\/vitablanca.ma\/en\/wp-json\/wp\/v2\/product_brand?post=22057"},{"taxonomy":"product_cat","embeddable":true,"href":"https:\/\/vitablanca.ma\/en\/wp-json\/wp\/v2\/product_cat?post=22057"},{"taxonomy":"product_tag","embeddable":true,"href":"https:\/\/vitablanca.ma\/en\/wp-json\/wp\/v2\/product_tag?post=22057"}],"curies":[{"name":"wp","href":"https:\/\/api.w.org\/{rel}","templated":true}]}}