{"id":22054,"date":"2025-06-11T21:44:50","date_gmt":"2025-06-11T21:44:50","guid":{"rendered":"https:\/\/vitablanca.ma\/product\/somatoline-cosmetic-amincissant-7-nuits-ultra-intensif-creme-400ml\/"},"modified":"2026-02-04T23:36:03","modified_gmt":"2026-02-04T23:36:03","slug":"somatoline-cosmetic-amincissant-7-nuits-ultra-intensif-creme-400ml","status":"publish","type":"product","link":"https:\/\/vitablanca.ma\/en\/product\/somatoline-cosmetic-amincissant-7-nuits-ultra-intensif-creme-400ml\/","title":{"rendered":"Somatoline Cosmetic Slimming 7 Nights Ultra Intensive Cream 400ml"},"content":{"rendered":"<h2 class=\"Nodes__P-sc-1ajf1ee-17 gKMFVh\"><span data-key=\"343\">Somatoline Cosmetic Slimming Ultra Intensive Cream helps to lose a few centimeters at the hips<\/span><\/h2>\n<p class=\"Nodes__P-sc-1ajf1ee-17 gKMFVh\"><span data-key=\"343\">A true slimming innovation, the\u00a0<span class=\"Nodes__Strong-sc-1ajf1ee-14 bIOMGh\">Somatoline Intensive 7 Night Slimming Cream<\/span>\u00a0helps you lose inches from your hips, buttocks, stomach, or thighs in just a few weeks. Formulated for use at night, when the skin is more permeable, it activates lipolysis, a process by which lipids are eliminated. In this way, it helps you\u00a0<span class=\"Nodes__Strong-sc-1ajf1ee-14 bIOMGh\">act against localized fat<\/span>\u00a0and to\u00a0<span class=\"Nodes__Strong-sc-1ajf1ee-14 bIOMGh\">reshape your figure<\/span>\u00a0in less than 2 weeks.<\/span><\/p>\n<p class=\"Nodes__P-sc-1ajf1ee-17 gKMFVh\"><span data-key=\"351\">Innovation in the slimming market, this\u00a0<\/span><strong><span data-key=\"353\">slimming product<\/span><\/strong><span data-key=\"354\">\u00a0offers 3 effects on your figure\u00a0<span class=\"Nodes__Strong-sc-1ajf1ee-14 bIOMGh\">:<\/span><\/span><\/p>\n<ul class=\"Nodes__Ul-sc-1ajf1ee-2 cmobta\">\n<li class=\"Nodes__Li-sc-1ajf1ee-9 hEwFfp\"><span data-key=\"358\"><span class=\"Nodes__Strong-sc-1ajf1ee-14 bIOMGh\">Lipolytic<\/span>\u00a0: to promote the reduction of localized fatty deposits<\/span><\/li>\n<li class=\"Nodes__Li-sc-1ajf1ee-9 hEwFfp\"><span data-key=\"361\"><span class=\"Nodes__Strong-sc-1ajf1ee-14 bIOMGh\">Draining<\/span>\u00a0: to facilitate the drainage of excess liquids and combat the\u00a0<span class=\"Nodes__Strong-sc-1ajf1ee-14 bIOMGh\">water retention<\/span><\/span><\/li>\n<li class=\"Nodes__Li-sc-1ajf1ee-9 hEwFfp\"><span data-key=\"365\"><span class=\"Nodes__Strong-sc-1ajf1ee-14 bIOMGh\">Anti-stockpiling<\/span>\u00a0: to prevent and fight against the formation of new fatty deposits<\/span><\/li>\n<\/ul>\n<p class=\"Nodes__P-sc-1ajf1ee-17 gKMFVh\"><span data-key=\"368\">In just a few weeks, Somatoline Cosmetic&#039;s Intensive Night Slimming Cream helps you reshape your figure. Unsightly bulges are eliminated, the stomach is flattened, and the silhouette appears visibly more harmonious.<\/span><\/p>\n<h3 class=\"Nodes__H3-sc-1ajf1ee-5 ewTEft\"><span data-key=\"370\">Natural active ingredients for proven effectiveness<\/span><\/h3>\n<p class=\"Nodes__P-sc-1ajf1ee-17 gKMFVh\"><span data-key=\"372\">Thanks to its complex of active ingredients of natural origin, this fast-acting formula promotes\u00a0<span class=\"Nodes__Strong-sc-1ajf1ee-14 bIOMGh\">visible results<\/span>\u00a0from 7 days.<\/span><\/p>\n<p class=\"Nodes__P-sc-1ajf1ee-17 gKMFVh\"><span data-key=\"376\">Somatoline Cosmetic Intensive 7 night cream contains PhytoUltraslim-complex, a complex which contains:<\/span><\/p>\n<ul class=\"Nodes__Ul-sc-1ajf1ee-2 cmobta\">\n<li class=\"Nodes__Li-sc-1ajf1ee-9 hEwFfp\"><span data-key=\"379\">from the extract of\u00a0<span class=\"Nodes__Strong-sc-1ajf1ee-14 bIOMGh\">pink pepper<\/span>, ideal for stimulating blood circulation, eliminating toxins and accumulated fats and acting against\u00a0<\/span><strong><span data-key=\"383\">cellulite<\/span><\/strong><span data-key=\"384\">.<\/span><\/li>\n<li class=\"Nodes__Li-sc-1ajf1ee-9 hEwFfp\"><span data-key=\"386\">From extracts of<span class=\"Nodes__Strong-sc-1ajf1ee-14 bIOMGh\">brown algae<\/span>, rich in iodine, trace elements and vitamins, for an anti-storage effect and better microcirculation<\/span><\/li>\n<li class=\"Nodes__Li-sc-1ajf1ee-9 hEwFfp\"><span data-key=\"390\">Of\u00a0<span class=\"Nodes__Strong-sc-1ajf1ee-14 bIOMGh\">sea salts<\/span>\u00a0which provide minerals to the skin: calcium, iron, zinc, potassium. These sea salts, thanks to their draining and exfoliating action, promote blood circulation, allow rapid and effective elimination of toxins and leave the skin soft and satiny.<\/span><\/li>\n<li class=\"Nodes__Li-sc-1ajf1ee-9 hEwFfp\"><span data-key=\"394\">of the<span class=\"Nodes__Strong-sc-1ajf1ee-14 bIOMGh\">Amazonian white clay<\/span>, rich in minerals, helps to purify and detoxify the epidermis.<\/span><\/li>\n<li class=\"Nodes__Li-sc-1ajf1ee-9 hEwFfp\"><span data-key=\"398\">of the\u00a0<span class=\"Nodes__Strong-sc-1ajf1ee-14 bIOMGh\">seaweed<\/span>\u00a0which help to remineralize and hydrate the skin.<\/span><\/li>\n<li class=\"Nodes__Li-sc-1ajf1ee-9 hEwFfp\"><span data-key=\"402\">of the\u00a0<span class=\"Nodes__Strong-sc-1ajf1ee-14 bIOMGh\">caffeine<\/span>\u00a0to dislodge fat and prevent its reappearance.<\/span><\/li>\n<li class=\"Nodes__Li-sc-1ajf1ee-9 hEwFfp\"><span data-key=\"406\">of the<span class=\"Nodes__Strong-sc-1ajf1ee-14 bIOMGh\">ethyl nicotinate<\/span>, an active ingredient that helps stimulate blood circulation.<\/span><\/li>\n<\/ul>\n<p class=\"Nodes__P-sc-1ajf1ee-17 gKMFVh\"><span data-key=\"410\">Thanks to its shea butter content, this treatment offers you all the comfort of a rich and melting texture, intensely hydrates your skin and preserves its elasticity.<\/span><\/p>\n<p class=\"Nodes__P-sc-1ajf1ee-17 gKMFVh\" style=\"text-align: center;\"><span data-key=\"410\">Discover Somatoline Cosmetic Slimming 7 Nights Ultra Intensive Cream, a product carefully selected to meet your specific needs, and enjoy an exceptional shopping experience on our site,\u00a0<strong>Vita Blanca Parapharmacie Maroc<\/strong><\/span><\/p>","protected":false},"excerpt":{"rendered":"<p>Somatoline Cosmetic Amincissant Ultra Intensif Cr\u00e8me aide \u00e0 perdre quelques centim\u00e8tres au niveau des hanches V\u00e9ritable innovation minceur, la\u00a0cr\u00e8me amincissante Somatoline Intensif 7 nuits\u00a0vous aide \u00e0 perdre quelques centim\u00e8tres au niveau des hanches, des fesses, du ventre ou des cuisses en quelques semaines seulement. Formul\u00e9e pour une utilisation la nuit, lorsque la peau est davantage [&hellip;]<\/p>\n","protected":false},"featured_media":22053,"template":"","meta":{"om_disable_all_campaigns":false},"product_brand":[],"product_cat":[15],"product_tag":[7953,8034,7939,7955,7941,7931,7930,7947,7956,7911],"class_list":{"0":"post-22054","1":"product","2":"type-product","3":"status-publish","4":"has-post-thumbnail","6":"product_cat-beaute-sante-complements-alimentaires-soins-et-bien-etre-au-meilleur-prix","7":"product_tag-amincissant-7-nuits","8":"product_tag-creme-minceur-nuit","9":"product_tag-minceur-ciblee","10":"product_tag-minceur-ultra-intensif","11":"product_tag-peau-ferme-et-lisse","12":"product_tag-raffermissant-peau","13":"product_tag-reduction-rondeurs","14":"product_tag-silhouette-affinee","15":"product_tag-soin-corps-nuit","16":"product_tag-somatoline-cosmetic","18":"first","19":"instock","20":"sale","21":"taxable","22":"shipping-taxable","23":"purchasable","24":"product-type-simple"},"yoast_head":"<!-- This site is optimized with the Yoast SEO plugin v27.4 - https:\/\/yoast.com\/product\/yoast-seo-wordpress\/ -->\n<title>Somatoline Cosmetic Amincissant 400ml - Maroc Prix<\/title>\n<meta name=\"description\" content=\"Somatoline Cosmetic Amincissant 7 Nuits Cr\u00e8me 400\u202fml r\u00e9duit les rondeurs, raffermit la peau et affine la silhouette pendant la nuit gr\u00e2ce \u00e0 sa formule .\" \/>\n<meta name=\"robots\" content=\"index, follow, max-snippet:-1, max-image-preview:large, max-video-preview:-1\" \/>\n<link rel=\"canonical\" href=\"https:\/\/vitablanca.ma\/en\/product\/somatoline-cosmetic-amincissant-7-nuits-ultra-intensif-creme-400ml\/\" \/>\n<meta property=\"og:locale\" content=\"en_US\" \/>\n<meta property=\"og:type\" content=\"article\" \/>\n<meta property=\"og:title\" content=\"Somatoline Cosmetic Amincissant 400ml - Maroc Prix\" \/>\n<meta property=\"og:description\" content=\"Somatoline Cosmetic Amincissant 7 Nuits Cr\u00e8me 400\u202fml r\u00e9duit les rondeurs, raffermit la peau et affine la silhouette pendant la nuit gr\u00e2ce \u00e0 sa formule .\" \/>\n<meta property=\"og:url\" content=\"https:\/\/vitablanca.ma\/en\/product\/somatoline-cosmetic-amincissant-7-nuits-ultra-intensif-creme-400ml\/\" \/>\n<meta property=\"og:site_name\" content=\"Vitablanca.ma &ndash; Sant&eacute;, vitalit&eacute; et bien-&ecirc;tre pour tous les Marocains\" \/>\n<meta property=\"article:publisher\" content=\"https:\/\/www.facebook.com\/profile.php?id=61576678196717\" \/>\n<meta property=\"article:modified_time\" content=\"2026-02-04T23:36:03+00:00\" \/>\n<meta property=\"og:image\" content=\"https:\/\/vitablanca.ma\/wp-content\/uploads\/2025\/06\/Somatoline-Cosmetic-Amincissant-7-Nuits-Ultra-Intensif-Creme-400ml-Nova-para-prix-Maroc.jpg\" \/>\n\t<meta property=\"og:image:width\" content=\"1000\" \/>\n\t<meta property=\"og:image:height\" content=\"1000\" \/>\n\t<meta property=\"og:image:type\" content=\"image\/jpeg\" \/>\n<meta name=\"twitter:card\" content=\"summary_large_image\" \/>\n<meta name=\"twitter:label1\" content=\"Est. reading time\" \/>\n\t<meta name=\"twitter:data1\" content=\"3 minutes\" \/>\n<script type=\"application\/ld+json\" class=\"yoast-schema-graph\">{\"@context\":\"https:\\\/\\\/schema.org\",\"@graph\":[{\"@type\":[\"WebPage\",\"ItemPage\"],\"@id\":\"https:\\\/\\\/vitablanca.ma\\\/produit\\\/somatoline-cosmetic-amincissant-7-nuits-ultra-intensif-creme-400ml\\\/\",\"url\":\"https:\\\/\\\/vitablanca.ma\\\/produit\\\/somatoline-cosmetic-amincissant-7-nuits-ultra-intensif-creme-400ml\\\/\",\"name\":\"Somatoline Cosmetic Amincissant 400ml - Maroc Prix\",\"isPartOf\":{\"@id\":\"https:\\\/\\\/vitablanca.ma\\\/#website\"},\"primaryImageOfPage\":{\"@id\":\"https:\\\/\\\/vitablanca.ma\\\/produit\\\/somatoline-cosmetic-amincissant-7-nuits-ultra-intensif-creme-400ml\\\/#primaryimage\"},\"image\":{\"@id\":\"https:\\\/\\\/vitablanca.ma\\\/produit\\\/somatoline-cosmetic-amincissant-7-nuits-ultra-intensif-creme-400ml\\\/#primaryimage\"},\"thumbnailUrl\":\"https:\\\/\\\/vitablanca.ma\\\/wp-content\\\/uploads\\\/2025\\\/06\\\/Somatoline-Cosmetic-Amincissant-7-Nuits-Ultra-Intensif-Creme-400ml-Nova-para-prix-Maroc.jpg\",\"datePublished\":\"2025-06-11T21:44:50+00:00\",\"dateModified\":\"2026-02-04T23:36:03+00:00\",\"description\":\"Somatoline Cosmetic Amincissant 7 Nuits Cr\u00e8me 400\u202fml r\u00e9duit les rondeurs, raffermit la peau et affine la silhouette pendant la nuit gr\u00e2ce \u00e0 sa formule .\",\"breadcrumb\":{\"@id\":\"https:\\\/\\\/vitablanca.ma\\\/produit\\\/somatoline-cosmetic-amincissant-7-nuits-ultra-intensif-creme-400ml\\\/#breadcrumb\"},\"inLanguage\":\"en-US\",\"potentialAction\":[{\"@type\":\"ReadAction\",\"target\":[\"https:\\\/\\\/vitablanca.ma\\\/produit\\\/somatoline-cosmetic-amincissant-7-nuits-ultra-intensif-creme-400ml\\\/\"]}]},{\"@type\":\"ImageObject\",\"inLanguage\":\"en-US\",\"@id\":\"https:\\\/\\\/vitablanca.ma\\\/produit\\\/somatoline-cosmetic-amincissant-7-nuits-ultra-intensif-creme-400ml\\\/#primaryimage\",\"url\":\"https:\\\/\\\/vitablanca.ma\\\/wp-content\\\/uploads\\\/2025\\\/06\\\/Somatoline-Cosmetic-Amincissant-7-Nuits-Ultra-Intensif-Creme-400ml-Nova-para-prix-Maroc.jpg\",\"contentUrl\":\"https:\\\/\\\/vitablanca.ma\\\/wp-content\\\/uploads\\\/2025\\\/06\\\/Somatoline-Cosmetic-Amincissant-7-Nuits-Ultra-Intensif-Creme-400ml-Nova-para-prix-Maroc.jpg\",\"width\":1000,\"height\":1000},{\"@type\":\"BreadcrumbList\",\"@id\":\"https:\\\/\\\/vitablanca.ma\\\/produit\\\/somatoline-cosmetic-amincissant-7-nuits-ultra-intensif-creme-400ml\\\/#breadcrumb\",\"itemListElement\":[{\"@type\":\"ListItem\",\"position\":1,\"name\":\"Home\",\"item\":\"https:\\\/\\\/vitablanca.ma\\\/\"},{\"@type\":\"ListItem\",\"position\":2,\"name\":\"Tous Les Produits\",\"item\":\"https:\\\/\\\/vitablanca.ma\\\/tous-les-produits\\\/\"},{\"@type\":\"ListItem\",\"position\":3,\"name\":\"Somatoline Cosmetic Amincissant 7 Nuits Ultra Intensif Cr\u00e8me 400ml\"}]},{\"@type\":\"WebSite\",\"@id\":\"https:\\\/\\\/vitablanca.ma\\\/#website\",\"url\":\"https:\\\/\\\/vitablanca.ma\\\/\",\"name\":\"VitaBlanca.ma | Compl\u00e9ments alimentaires, sant\u00e9 & beaut\u00e9 au Maroc\",\"description\":\"vendre vitamines et compl\u00e9ments premium des USA &amp; Canada, Nouvelle Z\u00e9lande,Maroc (NOW Foods, Solgar, Manuka). Livraison rapide partout au Maroc.\",\"publisher\":{\"@id\":\"https:\\\/\\\/vitablanca.ma\\\/#organization\"},\"alternateName\":\"VitaBlanca.ma\",\"potentialAction\":[{\"@type\":\"SearchAction\",\"target\":{\"@type\":\"EntryPoint\",\"urlTemplate\":\"https:\\\/\\\/vitablanca.ma\\\/?s={search_term_string}\"},\"query-input\":{\"@type\":\"PropertyValueSpecification\",\"valueRequired\":true,\"valueName\":\"search_term_string\"}}],\"inLanguage\":\"en-US\"},{\"@type\":\"Organization\",\"@id\":\"https:\\\/\\\/vitablanca.ma\\\/#organization\",\"name\":\"VitaBlanca\",\"url\":\"https:\\\/\\\/vitablanca.ma\\\/\",\"logo\":{\"@type\":\"ImageObject\",\"inLanguage\":\"en-US\",\"@id\":\"https:\\\/\\\/vitablanca.ma\\\/#\\\/schema\\\/logo\\\/image\\\/\",\"url\":\"https:\\\/\\\/vitablanca.ma\\\/wp-content\\\/uploads\\\/2025\\\/05\\\/cropped-vitablanca.png\",\"contentUrl\":\"https:\\\/\\\/vitablanca.ma\\\/wp-content\\\/uploads\\\/2025\\\/05\\\/cropped-vitablanca.png\",\"width\":360,\"height\":67,\"caption\":\"VitaBlanca\"},\"image\":{\"@id\":\"https:\\\/\\\/vitablanca.ma\\\/#\\\/schema\\\/logo\\\/image\\\/\"},\"sameAs\":[\"https:\\\/\\\/www.facebook.com\\\/profile.php?id=61576678196717\",\"https:\\\/\\\/www.tiktok.com\\\/@vitablanca.ma\",\"https:\\\/\\\/www.instagram.com\\\/vitablanca.ma\\\/\"]}]}<\/script>\n<!-- \/ Yoast SEO plugin. -->","yoast_head_json":{"title":"Somatoline Cosmetic Amincissant 400ml - Maroc Prix","description":"Somatoline Cosmetic Amincissant 7 Nuits Cr\u00e8me 400\u202fml r\u00e9duit les rondeurs, raffermit la peau et affine la silhouette pendant la nuit gr\u00e2ce \u00e0 sa formule .","robots":{"index":"index","follow":"follow","max-snippet":"max-snippet:-1","max-image-preview":"max-image-preview:large","max-video-preview":"max-video-preview:-1"},"canonical":"https:\/\/vitablanca.ma\/en\/product\/somatoline-cosmetic-amincissant-7-nuits-ultra-intensif-creme-400ml\/","og_locale":"en_US","og_type":"article","og_title":"Somatoline Cosmetic Amincissant 400ml - Maroc Prix","og_description":"Somatoline Cosmetic Amincissant 7 Nuits Cr\u00e8me 400\u202fml r\u00e9duit les rondeurs, raffermit la peau et affine la silhouette pendant la nuit gr\u00e2ce \u00e0 sa formule .","og_url":"https:\/\/vitablanca.ma\/en\/product\/somatoline-cosmetic-amincissant-7-nuits-ultra-intensif-creme-400ml\/","og_site_name":"Vitablanca.ma &ndash; Sant&eacute;, vitalit&eacute; et bien-&ecirc;tre pour tous les Marocains","article_publisher":"https:\/\/www.facebook.com\/profile.php?id=61576678196717","article_modified_time":"2026-02-04T23:36:03+00:00","og_image":[{"width":1000,"height":1000,"url":"https:\/\/vitablanca.ma\/wp-content\/uploads\/2025\/06\/Somatoline-Cosmetic-Amincissant-7-Nuits-Ultra-Intensif-Creme-400ml-Nova-para-prix-Maroc.jpg","type":"image\/jpeg"}],"twitter_card":"summary_large_image","twitter_misc":{"Est. reading time":"3 minutes"},"schema":{"@context":"https:\/\/schema.org","@graph":[{"@type":["WebPage","ItemPage"],"@id":"https:\/\/vitablanca.ma\/produit\/somatoline-cosmetic-amincissant-7-nuits-ultra-intensif-creme-400ml\/","url":"https:\/\/vitablanca.ma\/produit\/somatoline-cosmetic-amincissant-7-nuits-ultra-intensif-creme-400ml\/","name":"Somatoline Cosmetic Amincissant 400ml - Maroc Prix","isPartOf":{"@id":"https:\/\/vitablanca.ma\/#website"},"primaryImageOfPage":{"@id":"https:\/\/vitablanca.ma\/produit\/somatoline-cosmetic-amincissant-7-nuits-ultra-intensif-creme-400ml\/#primaryimage"},"image":{"@id":"https:\/\/vitablanca.ma\/produit\/somatoline-cosmetic-amincissant-7-nuits-ultra-intensif-creme-400ml\/#primaryimage"},"thumbnailUrl":"https:\/\/vitablanca.ma\/wp-content\/uploads\/2025\/06\/Somatoline-Cosmetic-Amincissant-7-Nuits-Ultra-Intensif-Creme-400ml-Nova-para-prix-Maroc.jpg","datePublished":"2025-06-11T21:44:50+00:00","dateModified":"2026-02-04T23:36:03+00:00","description":"Somatoline Cosmetic Amincissant 7 Nuits Cr\u00e8me 400\u202fml r\u00e9duit les rondeurs, raffermit la peau et affine la silhouette pendant la nuit gr\u00e2ce \u00e0 sa formule .","breadcrumb":{"@id":"https:\/\/vitablanca.ma\/produit\/somatoline-cosmetic-amincissant-7-nuits-ultra-intensif-creme-400ml\/#breadcrumb"},"inLanguage":"en-US","potentialAction":[{"@type":"ReadAction","target":["https:\/\/vitablanca.ma\/produit\/somatoline-cosmetic-amincissant-7-nuits-ultra-intensif-creme-400ml\/"]}]},{"@type":"ImageObject","inLanguage":"en-US","@id":"https:\/\/vitablanca.ma\/produit\/somatoline-cosmetic-amincissant-7-nuits-ultra-intensif-creme-400ml\/#primaryimage","url":"https:\/\/vitablanca.ma\/wp-content\/uploads\/2025\/06\/Somatoline-Cosmetic-Amincissant-7-Nuits-Ultra-Intensif-Creme-400ml-Nova-para-prix-Maroc.jpg","contentUrl":"https:\/\/vitablanca.ma\/wp-content\/uploads\/2025\/06\/Somatoline-Cosmetic-Amincissant-7-Nuits-Ultra-Intensif-Creme-400ml-Nova-para-prix-Maroc.jpg","width":1000,"height":1000},{"@type":"BreadcrumbList","@id":"https:\/\/vitablanca.ma\/produit\/somatoline-cosmetic-amincissant-7-nuits-ultra-intensif-creme-400ml\/#breadcrumb","itemListElement":[{"@type":"ListItem","position":1,"name":"Home","item":"https:\/\/vitablanca.ma\/"},{"@type":"ListItem","position":2,"name":"Tous Les Produits","item":"https:\/\/vitablanca.ma\/tous-les-produits\/"},{"@type":"ListItem","position":3,"name":"Somatoline Cosmetic Amincissant 7 Nuits Ultra Intensif Cr\u00e8me 400ml"}]},{"@type":"WebSite","@id":"https:\/\/vitablanca.ma\/#website","url":"https:\/\/vitablanca.ma\/","name":"VitaBlanca.ma | Food supplements, health &amp; beauty in Morocco","description":"sell premium vitamins and supplements from USA &amp; Canada, New Zealand, Morocco (NOW Foods, Solgar, Manuka). Fast delivery anywhere in Morocco.","publisher":{"@id":"https:\/\/vitablanca.ma\/#organization"},"alternateName":"VitaBlanca.ma","potentialAction":[{"@type":"SearchAction","target":{"@type":"EntryPoint","urlTemplate":"https:\/\/vitablanca.ma\/?s={search_term_string}"},"query-input":{"@type":"PropertyValueSpecification","valueRequired":true,"valueName":"search_term_string"}}],"inLanguage":"en-US"},{"@type":"Organization","@id":"https:\/\/vitablanca.ma\/#organization","name":"VitaBlanca","url":"https:\/\/vitablanca.ma\/","logo":{"@type":"ImageObject","inLanguage":"en-US","@id":"https:\/\/vitablanca.ma\/#\/schema\/logo\/image\/","url":"https:\/\/vitablanca.ma\/wp-content\/uploads\/2025\/05\/cropped-vitablanca.png","contentUrl":"https:\/\/vitablanca.ma\/wp-content\/uploads\/2025\/05\/cropped-vitablanca.png","width":360,"height":67,"caption":"VitaBlanca"},"image":{"@id":"https:\/\/vitablanca.ma\/#\/schema\/logo\/image\/"},"sameAs":["https:\/\/www.facebook.com\/profile.php?id=61576678196717","https:\/\/www.tiktok.com\/@vitablanca.ma","https:\/\/www.instagram.com\/vitablanca.ma\/"]}]}},"jetpack_sharing_enabled":true,"_links":{"self":[{"href":"https:\/\/vitablanca.ma\/en\/wp-json\/wp\/v2\/product\/22054","targetHints":{"allow":["GET"]}}],"collection":[{"href":"https:\/\/vitablanca.ma\/en\/wp-json\/wp\/v2\/product"}],"about":[{"href":"https:\/\/vitablanca.ma\/en\/wp-json\/wp\/v2\/types\/product"}],"wp:featuredmedia":[{"embeddable":true,"href":"https:\/\/vitablanca.ma\/en\/wp-json\/wp\/v2\/media\/22053"}],"wp:attachment":[{"href":"https:\/\/vitablanca.ma\/en\/wp-json\/wp\/v2\/media?parent=22054"}],"wp:term":[{"taxonomy":"product_brand","embeddable":true,"href":"https:\/\/vitablanca.ma\/en\/wp-json\/wp\/v2\/product_brand?post=22054"},{"taxonomy":"product_cat","embeddable":true,"href":"https:\/\/vitablanca.ma\/en\/wp-json\/wp\/v2\/product_cat?post=22054"},{"taxonomy":"product_tag","embeddable":true,"href":"https:\/\/vitablanca.ma\/en\/wp-json\/wp\/v2\/product_tag?post=22054"}],"curies":[{"name":"wp","href":"https:\/\/api.w.org\/{rel}","templated":true}]}}