{"id":22004,"date":"2025-06-11T21:42:44","date_gmt":"2025-06-11T21:42:44","guid":{"rendered":"https:\/\/vitablanca.ma\/product\/sensodyne-brosse-a-dents-medium-1-piece\/"},"modified":"2026-02-06T11:52:38","modified_gmt":"2026-02-06T11:52:38","slug":"sensodyne-brosse-a-dents-medium-1-piece","status":"publish","type":"product","link":"https:\/\/vitablanca.ma\/en\/product\/sensodyne-brosse-a-dents-medium-1-piece\/","title":{"rendered":"Sensodyne Medium Toothbrush 1 Piece"},"content":{"rendered":"<h2>Sensodyne Medium Toothbrush\u00a0<span data-mce-fragment=\"1\">effectively cleans your teeth without damaging them.\u00a0<\/span><\/h2>\n<div class=\"produit__description--item\">\n<h3 class=\"produit__description--headline\">Properties<\/h3>\n<p>The Sensodyne Precision Medium Toothbrush respects your sensitive teeth and gums.<\/p>\n<p>Its grip is comfortable, and its small head allows you to clean hard-to-reach areas.<\/p>\n<p>For greater effectiveness, it is recommended to use this toothbrush with a toothpaste that is gentle on sensitive gums.<\/p>\n<\/div>\n<div class=\"produit__description--item\">\n<h3 class=\"produit__description--headline\">Directions for use<\/h3>\n<p>It is recommended to brush your teeth 2 to 3 times a day, after meals.<\/p>\n<\/div>","protected":false},"excerpt":{"rendered":"<p>Sensodyne Brosse \u00e0 Dents M\u00e9dium\u00a0nettoie efficacement vos dents sans les agresser.\u00a0 Propri\u00e9t\u00e9s La brosse \u00e0 dents\u00a0Sensodyne Pr\u00e9cision Brosse \u00e0 Dents Medium respecte vos dents et gencives sensibles. Sa prise en main est confortable, et sa petite t\u00eate permet de nettoyer les zones difficiles d&rsquo;acc\u00e8s. Pour plus d&rsquo;efficacit\u00e9, il est recommand\u00e9 d&rsquo;utiliser cette brosse \u00e0 dents [&hellip;]<\/p>\n","protected":false},"featured_media":22001,"template":"","meta":{"om_disable_all_campaigns":false},"product_brand":[],"product_cat":[15],"product_tag":[8375,7717,8378,8373,8381,8379,8377,6254,8376,7903,8374,8380],"class_list":{"0":"post-22004","1":"product","2":"type-product","3":"status-publish","4":"has-post-thumbnail","6":"product_cat-beaute-sante-complements-alimentaires-soins-et-bien-etre-au-meilleur-prix","7":"product_tag-brosse-a-dents-1-piece","8":"product_tag-brosse-a-dents-medium","9":"product_tag-brosse-dents-medium-sensodyne","10":"product_tag-brosse-dents-sensodyne","11":"product_tag-dentifrice-compatible-sensodyne","12":"product_tag-dentisterie","13":"product_tag-gencives-saines","14":"product_tag-hygiene-bucco-dentaire","15":"product_tag-nettoyage-dents-efficace","16":"product_tag-sensodyne-brosse-a-dents","17":"product_tag-soins-dentaires","18":"product_tag-soins-quotidiens-dents","20":"first","21":"instock","22":"sale","23":"taxable","24":"shipping-taxable","25":"purchasable","26":"product-type-simple"},"yoast_head":"<!-- This site is optimized with the Yoast SEO plugin v27.4 - https:\/\/yoast.com\/product\/yoast-seo-wordpress\/ -->\n<title>Sensodyne Brosse \u00e0 Dents M\u00e9dium 1 Pi\u00e8ce - Maroc Prix<\/title>\n<meta name=\"description\" content=\"Sensodyne Brosse \u00e0 Dents M\u00e9dium 1 pi\u00e8ce : brosse \u00e0 dents efficace pour nettoyage quotidien, dents propres et gencives respect\u00e9es. Poils medium durables.\" \/>\n<meta name=\"robots\" content=\"index, follow, max-snippet:-1, max-image-preview:large, max-video-preview:-1\" \/>\n<link rel=\"canonical\" href=\"https:\/\/vitablanca.ma\/en\/product\/sensodyne-brosse-a-dents-medium-1-piece\/\" \/>\n<meta property=\"og:locale\" content=\"en_US\" \/>\n<meta property=\"og:type\" content=\"article\" \/>\n<meta property=\"og:title\" content=\"Sensodyne Brosse \u00e0 Dents M\u00e9dium 1 Pi\u00e8ce - Maroc Prix\" \/>\n<meta property=\"og:description\" content=\"Sensodyne Brosse \u00e0 Dents M\u00e9dium 1 pi\u00e8ce : brosse \u00e0 dents efficace pour nettoyage quotidien, dents propres et gencives respect\u00e9es. Poils medium durables.\" \/>\n<meta property=\"og:url\" content=\"https:\/\/vitablanca.ma\/en\/product\/sensodyne-brosse-a-dents-medium-1-piece\/\" \/>\n<meta property=\"og:site_name\" content=\"Vitablanca.ma &ndash; Sant&eacute;, vitalit&eacute; et bien-&ecirc;tre pour tous les Marocains\" \/>\n<meta property=\"article:publisher\" content=\"https:\/\/www.facebook.com\/profile.php?id=61576678196717\" \/>\n<meta property=\"article:modified_time\" content=\"2026-02-06T11:52:38+00:00\" \/>\n<meta property=\"og:image\" content=\"https:\/\/vitablanca.ma\/wp-content\/uploads\/2025\/06\/Sensodyne-Pro-Email-Brosse-A-Dents-Medium-nova-parapharmacie-maroc_cc4b0d8f-fa8d-4f9e-9381-16e1d05bc29f.png\" \/>\n\t<meta property=\"og:image:width\" content=\"1000\" \/>\n\t<meta property=\"og:image:height\" content=\"1000\" \/>\n\t<meta property=\"og:image:type\" content=\"image\/png\" \/>\n<meta name=\"twitter:card\" content=\"summary_large_image\" \/>\n<meta name=\"twitter:label1\" content=\"Est. reading time\" \/>\n\t<meta name=\"twitter:data1\" content=\"1 minute\" \/>\n<script type=\"application\/ld+json\" class=\"yoast-schema-graph\">{\"@context\":\"https:\\\/\\\/schema.org\",\"@graph\":[{\"@type\":[\"WebPage\",\"ItemPage\"],\"@id\":\"https:\\\/\\\/vitablanca.ma\\\/produit\\\/sensodyne-brosse-a-dents-medium-1-piece\\\/\",\"url\":\"https:\\\/\\\/vitablanca.ma\\\/produit\\\/sensodyne-brosse-a-dents-medium-1-piece\\\/\",\"name\":\"Sensodyne Brosse \u00e0 Dents M\u00e9dium 1 Pi\u00e8ce - Maroc Prix\",\"isPartOf\":{\"@id\":\"https:\\\/\\\/vitablanca.ma\\\/#website\"},\"primaryImageOfPage\":{\"@id\":\"https:\\\/\\\/vitablanca.ma\\\/produit\\\/sensodyne-brosse-a-dents-medium-1-piece\\\/#primaryimage\"},\"image\":{\"@id\":\"https:\\\/\\\/vitablanca.ma\\\/produit\\\/sensodyne-brosse-a-dents-medium-1-piece\\\/#primaryimage\"},\"thumbnailUrl\":\"https:\\\/\\\/vitablanca.ma\\\/wp-content\\\/uploads\\\/2025\\\/06\\\/Sensodyne-Pro-Email-Brosse-A-Dents-Medium-nova-parapharmacie-maroc_cc4b0d8f-fa8d-4f9e-9381-16e1d05bc29f.png\",\"datePublished\":\"2025-06-11T21:42:44+00:00\",\"dateModified\":\"2026-02-06T11:52:38+00:00\",\"description\":\"Sensodyne Brosse \u00e0 Dents M\u00e9dium 1 pi\u00e8ce : brosse \u00e0 dents efficace pour nettoyage quotidien, dents propres et gencives respect\u00e9es. Poils medium durables.\",\"breadcrumb\":{\"@id\":\"https:\\\/\\\/vitablanca.ma\\\/produit\\\/sensodyne-brosse-a-dents-medium-1-piece\\\/#breadcrumb\"},\"inLanguage\":\"en-US\",\"potentialAction\":[{\"@type\":\"ReadAction\",\"target\":[\"https:\\\/\\\/vitablanca.ma\\\/produit\\\/sensodyne-brosse-a-dents-medium-1-piece\\\/\"]}]},{\"@type\":\"ImageObject\",\"inLanguage\":\"en-US\",\"@id\":\"https:\\\/\\\/vitablanca.ma\\\/produit\\\/sensodyne-brosse-a-dents-medium-1-piece\\\/#primaryimage\",\"url\":\"https:\\\/\\\/vitablanca.ma\\\/wp-content\\\/uploads\\\/2025\\\/06\\\/Sensodyne-Pro-Email-Brosse-A-Dents-Medium-nova-parapharmacie-maroc_cc4b0d8f-fa8d-4f9e-9381-16e1d05bc29f.png\",\"contentUrl\":\"https:\\\/\\\/vitablanca.ma\\\/wp-content\\\/uploads\\\/2025\\\/06\\\/Sensodyne-Pro-Email-Brosse-A-Dents-Medium-nova-parapharmacie-maroc_cc4b0d8f-fa8d-4f9e-9381-16e1d05bc29f.png\",\"width\":1000,\"height\":1000},{\"@type\":\"BreadcrumbList\",\"@id\":\"https:\\\/\\\/vitablanca.ma\\\/produit\\\/sensodyne-brosse-a-dents-medium-1-piece\\\/#breadcrumb\",\"itemListElement\":[{\"@type\":\"ListItem\",\"position\":1,\"name\":\"Home\",\"item\":\"https:\\\/\\\/vitablanca.ma\\\/\"},{\"@type\":\"ListItem\",\"position\":2,\"name\":\"Tous Les Produits\",\"item\":\"https:\\\/\\\/vitablanca.ma\\\/tous-les-produits\\\/\"},{\"@type\":\"ListItem\",\"position\":3,\"name\":\"Sensodyne Brosse \u00e0 Dents M\u00e9dium 1 Pi\u00e8ce\"}]},{\"@type\":\"WebSite\",\"@id\":\"https:\\\/\\\/vitablanca.ma\\\/#website\",\"url\":\"https:\\\/\\\/vitablanca.ma\\\/\",\"name\":\"VitaBlanca.ma | Compl\u00e9ments alimentaires, sant\u00e9 & beaut\u00e9 au Maroc\",\"description\":\"vendre vitamines et compl\u00e9ments premium des USA &amp; Canada, Nouvelle Z\u00e9lande,Maroc (NOW Foods, Solgar, Manuka). Livraison rapide partout au Maroc.\",\"publisher\":{\"@id\":\"https:\\\/\\\/vitablanca.ma\\\/#organization\"},\"alternateName\":\"VitaBlanca.ma\",\"potentialAction\":[{\"@type\":\"SearchAction\",\"target\":{\"@type\":\"EntryPoint\",\"urlTemplate\":\"https:\\\/\\\/vitablanca.ma\\\/?s={search_term_string}\"},\"query-input\":{\"@type\":\"PropertyValueSpecification\",\"valueRequired\":true,\"valueName\":\"search_term_string\"}}],\"inLanguage\":\"en-US\"},{\"@type\":\"Organization\",\"@id\":\"https:\\\/\\\/vitablanca.ma\\\/#organization\",\"name\":\"VitaBlanca\",\"url\":\"https:\\\/\\\/vitablanca.ma\\\/\",\"logo\":{\"@type\":\"ImageObject\",\"inLanguage\":\"en-US\",\"@id\":\"https:\\\/\\\/vitablanca.ma\\\/#\\\/schema\\\/logo\\\/image\\\/\",\"url\":\"https:\\\/\\\/vitablanca.ma\\\/wp-content\\\/uploads\\\/2025\\\/05\\\/cropped-vitablanca.png\",\"contentUrl\":\"https:\\\/\\\/vitablanca.ma\\\/wp-content\\\/uploads\\\/2025\\\/05\\\/cropped-vitablanca.png\",\"width\":360,\"height\":67,\"caption\":\"VitaBlanca\"},\"image\":{\"@id\":\"https:\\\/\\\/vitablanca.ma\\\/#\\\/schema\\\/logo\\\/image\\\/\"},\"sameAs\":[\"https:\\\/\\\/www.facebook.com\\\/profile.php?id=61576678196717\",\"https:\\\/\\\/www.tiktok.com\\\/@vitablanca.ma\",\"https:\\\/\\\/www.instagram.com\\\/vitablanca.ma\\\/\"]}]}<\/script>\n<!-- \/ Yoast SEO plugin. -->","yoast_head_json":{"title":"Sensodyne Medium Toothbrush 1 Piece - Morocco Price","description":"Sensodyne Brosse \u00e0 Dents M\u00e9dium 1 pi\u00e8ce : brosse \u00e0 dents efficace pour nettoyage quotidien, dents propres et gencives respect\u00e9es. Poils medium durables.","robots":{"index":"index","follow":"follow","max-snippet":"max-snippet:-1","max-image-preview":"max-image-preview:large","max-video-preview":"max-video-preview:-1"},"canonical":"https:\/\/vitablanca.ma\/en\/product\/sensodyne-brosse-a-dents-medium-1-piece\/","og_locale":"en_US","og_type":"article","og_title":"Sensodyne Brosse \u00e0 Dents M\u00e9dium 1 Pi\u00e8ce - Maroc Prix","og_description":"Sensodyne Brosse \u00e0 Dents M\u00e9dium 1 pi\u00e8ce : brosse \u00e0 dents efficace pour nettoyage quotidien, dents propres et gencives respect\u00e9es. Poils medium durables.","og_url":"https:\/\/vitablanca.ma\/en\/product\/sensodyne-brosse-a-dents-medium-1-piece\/","og_site_name":"Vitablanca.ma &ndash; Sant&eacute;, vitalit&eacute; et bien-&ecirc;tre pour tous les Marocains","article_publisher":"https:\/\/www.facebook.com\/profile.php?id=61576678196717","article_modified_time":"2026-02-06T11:52:38+00:00","og_image":[{"width":1000,"height":1000,"url":"https:\/\/vitablanca.ma\/wp-content\/uploads\/2025\/06\/Sensodyne-Pro-Email-Brosse-A-Dents-Medium-nova-parapharmacie-maroc_cc4b0d8f-fa8d-4f9e-9381-16e1d05bc29f.png","type":"image\/png"}],"twitter_card":"summary_large_image","twitter_misc":{"Est. reading time":"1 minute"},"schema":{"@context":"https:\/\/schema.org","@graph":[{"@type":["WebPage","ItemPage"],"@id":"https:\/\/vitablanca.ma\/produit\/sensodyne-brosse-a-dents-medium-1-piece\/","url":"https:\/\/vitablanca.ma\/produit\/sensodyne-brosse-a-dents-medium-1-piece\/","name":"Sensodyne Medium Toothbrush 1 Piece - Morocco Price","isPartOf":{"@id":"https:\/\/vitablanca.ma\/#website"},"primaryImageOfPage":{"@id":"https:\/\/vitablanca.ma\/produit\/sensodyne-brosse-a-dents-medium-1-piece\/#primaryimage"},"image":{"@id":"https:\/\/vitablanca.ma\/produit\/sensodyne-brosse-a-dents-medium-1-piece\/#primaryimage"},"thumbnailUrl":"https:\/\/vitablanca.ma\/wp-content\/uploads\/2025\/06\/Sensodyne-Pro-Email-Brosse-A-Dents-Medium-nova-parapharmacie-maroc_cc4b0d8f-fa8d-4f9e-9381-16e1d05bc29f.png","datePublished":"2025-06-11T21:42:44+00:00","dateModified":"2026-02-06T11:52:38+00:00","description":"Sensodyne Brosse \u00e0 Dents M\u00e9dium 1 pi\u00e8ce : brosse \u00e0 dents efficace pour nettoyage quotidien, dents propres et gencives respect\u00e9es. Poils medium durables.","breadcrumb":{"@id":"https:\/\/vitablanca.ma\/produit\/sensodyne-brosse-a-dents-medium-1-piece\/#breadcrumb"},"inLanguage":"en-US","potentialAction":[{"@type":"ReadAction","target":["https:\/\/vitablanca.ma\/produit\/sensodyne-brosse-a-dents-medium-1-piece\/"]}]},{"@type":"ImageObject","inLanguage":"en-US","@id":"https:\/\/vitablanca.ma\/produit\/sensodyne-brosse-a-dents-medium-1-piece\/#primaryimage","url":"https:\/\/vitablanca.ma\/wp-content\/uploads\/2025\/06\/Sensodyne-Pro-Email-Brosse-A-Dents-Medium-nova-parapharmacie-maroc_cc4b0d8f-fa8d-4f9e-9381-16e1d05bc29f.png","contentUrl":"https:\/\/vitablanca.ma\/wp-content\/uploads\/2025\/06\/Sensodyne-Pro-Email-Brosse-A-Dents-Medium-nova-parapharmacie-maroc_cc4b0d8f-fa8d-4f9e-9381-16e1d05bc29f.png","width":1000,"height":1000},{"@type":"BreadcrumbList","@id":"https:\/\/vitablanca.ma\/produit\/sensodyne-brosse-a-dents-medium-1-piece\/#breadcrumb","itemListElement":[{"@type":"ListItem","position":1,"name":"Home","item":"https:\/\/vitablanca.ma\/"},{"@type":"ListItem","position":2,"name":"Tous Les Produits","item":"https:\/\/vitablanca.ma\/tous-les-produits\/"},{"@type":"ListItem","position":3,"name":"Sensodyne Brosse \u00e0 Dents M\u00e9dium 1 Pi\u00e8ce"}]},{"@type":"WebSite","@id":"https:\/\/vitablanca.ma\/#website","url":"https:\/\/vitablanca.ma\/","name":"VitaBlanca.ma | Food supplements, health &amp; beauty in Morocco","description":"sell premium vitamins and supplements from USA &amp; Canada, New Zealand, Morocco (NOW Foods, Solgar, Manuka). Fast delivery anywhere in Morocco.","publisher":{"@id":"https:\/\/vitablanca.ma\/#organization"},"alternateName":"VitaBlanca.ma","potentialAction":[{"@type":"SearchAction","target":{"@type":"EntryPoint","urlTemplate":"https:\/\/vitablanca.ma\/?s={search_term_string}"},"query-input":{"@type":"PropertyValueSpecification","valueRequired":true,"valueName":"search_term_string"}}],"inLanguage":"en-US"},{"@type":"Organization","@id":"https:\/\/vitablanca.ma\/#organization","name":"VitaBlanca","url":"https:\/\/vitablanca.ma\/","logo":{"@type":"ImageObject","inLanguage":"en-US","@id":"https:\/\/vitablanca.ma\/#\/schema\/logo\/image\/","url":"https:\/\/vitablanca.ma\/wp-content\/uploads\/2025\/05\/cropped-vitablanca.png","contentUrl":"https:\/\/vitablanca.ma\/wp-content\/uploads\/2025\/05\/cropped-vitablanca.png","width":360,"height":67,"caption":"VitaBlanca"},"image":{"@id":"https:\/\/vitablanca.ma\/#\/schema\/logo\/image\/"},"sameAs":["https:\/\/www.facebook.com\/profile.php?id=61576678196717","https:\/\/www.tiktok.com\/@vitablanca.ma","https:\/\/www.instagram.com\/vitablanca.ma\/"]}]}},"jetpack_sharing_enabled":true,"_links":{"self":[{"href":"https:\/\/vitablanca.ma\/en\/wp-json\/wp\/v2\/product\/22004","targetHints":{"allow":["GET"]}}],"collection":[{"href":"https:\/\/vitablanca.ma\/en\/wp-json\/wp\/v2\/product"}],"about":[{"href":"https:\/\/vitablanca.ma\/en\/wp-json\/wp\/v2\/types\/product"}],"wp:featuredmedia":[{"embeddable":true,"href":"https:\/\/vitablanca.ma\/en\/wp-json\/wp\/v2\/media\/22001"}],"wp:attachment":[{"href":"https:\/\/vitablanca.ma\/en\/wp-json\/wp\/v2\/media?parent=22004"}],"wp:term":[{"taxonomy":"product_brand","embeddable":true,"href":"https:\/\/vitablanca.ma\/en\/wp-json\/wp\/v2\/product_brand?post=22004"},{"taxonomy":"product_cat","embeddable":true,"href":"https:\/\/vitablanca.ma\/en\/wp-json\/wp\/v2\/product_cat?post=22004"},{"taxonomy":"product_tag","embeddable":true,"href":"https:\/\/vitablanca.ma\/en\/wp-json\/wp\/v2\/product_tag?post=22004"}],"curies":[{"name":"wp","href":"https:\/\/api.w.org\/{rel}","templated":true}]}}