{"id":21988,"date":"2025-06-11T21:42:25","date_gmt":"2025-06-11T21:42:25","guid":{"rendered":"https:\/\/vitablanca.ma\/product\/sensodyne-bain-de-bouche-menthe-fraiche-500ml\/"},"modified":"2026-02-06T12:30:18","modified_gmt":"2026-02-06T12:30:18","slug":"sensodyne-bain-de-bouche-menthe-fraiche-500ml","status":"publish","type":"product","link":"https:\/\/vitablanca.ma\/en\/product\/sensodyne-bain-de-bouche-menthe-fraiche-500ml\/","title":{"rendered":"Sensodyne Fresh Mint Mouthwash 500ml"},"content":{"rendered":"<h2>Sensodyne Fresh Mint Mouthwash\u00a0<span data-mce-fragment=\"1\">\u00a0works directly inside the tooth to soothe the nerve\u00a0<\/span><\/h2>\n<div class=\"box component section product-grey-box first odd\">\n<div id=\"1360190084\" class=\"component-content\">\n<div class=\"paragraphSystem content\">\n<div class=\"box component section left-box odd grid_6 alpha\">\n<div id=\"663075882\" class=\"component-content\">\n<div class=\"paragraphSystem content\">\n<div class=\"richText component section product-side-txt first odd\">\n<div class=\"component-content\">\n<div class=\"richText-content\">\n<p>Tooth sensitivity relief in a mouthwash!<\/p>\n<p>People with tooth sensitivity have a mouthwash specifically designed for them. Formulated with 3% potassium nitrate, Sensodyne Fresh Mint Mouthwash works directly inside the tooth to soothe the nerve and provide long-lasting protection against tooth sensitivity*.<\/p>\n<p>When used twice a day after brushing with a fluoride toothpaste, it provides long-lasting relief for your sensitive teeth. Its minty taste leaves a feeling of freshness and cleanliness.<\/p>\n<\/div>\n<\/div>\n<\/div>\n<div class=\"richText component section default-style even last\">\n<div class=\"component-content\">\n<div class=\"richText-content\">\n<p><span class=\"star\">*\u00a0<\/span><span class=\"note-txt\">When used as directed<\/span><\/p>\n<\/div>\n<\/div>\n<\/div>\n<\/div>\n<\/div>\n<\/div>\n<\/div>\n<\/div>\n<\/div>\n<div class=\"box component section product-details-box even\">\n<div id=\"1472615733\" class=\"component-content\">\n<div class=\"paragraphSystem content\">\n<div class=\"richText component section sensodyne-txt first odd last\">\n<div class=\"component-content\">\n<div class=\"richText-content\">\n<h3>Ingredients<\/h3>\n<p>Aqua, Glycerin, Sorbitol, Potassium Nitrate, PEG-60 Hydrogenated Castor Oil, Poloxamer 407, Sodium Benzoate, Aroma, Disodium Phosphate, Methylparaben, Propylparaben, Sodium Phosphate, Sodium Fluoride, Sodium Saccharin, CI 42090<\/p>\n<p>Contains 3% potassium nitrate and 0.048% sodium fluoride (217 ppm fluoride)<br \/>\nStore at a temperature below 30\u00b0C.<\/p>\n<h3>Directions for use<\/h3>\n<p>Use twice daily after brushing with fluoride toothpaste. Measure 10 ml and swish your mouth around for 1 minute, then spit out. Do not swallow. Do not rinse with water.<\/p>\n<h3>Warnings and Precautions<\/h3>\n<p>ALWAYS FOLLOW THESE TIPS.<\/p>\n<p>Keep out of reach of children. Do not give to children under 12 years of age without consulting a dentist or doctor. Sensitive teeth may indicate an underlying problem that requires treatment. If symptoms persist or worsen, consult your dentist. If irritation occurs, discontinue use. Do not drink directly from the bottle.<\/p>\n<\/div>\n<\/div>\n<\/div>\n<\/div>\n<\/div>\n<\/div>","protected":false},"excerpt":{"rendered":"<p>Sensodyne Bain De Bouche Menthe Fra\u00eeche\u00a0\u00a0agit directement \u00e0 l&rsquo;int\u00e9rieur de la dent pour apaiser le nerf\u00a0 Le soulagement de la sensibilit\u00e9 \u00a0dentaire dans un bain de bouche ! Les personnes souffrant de sensibilit\u00e9 dentaire ont un bain de bouche sp\u00e9cifiquement con\u00e7u \u00a0pour eux. Gr\u00e2ce \u00e0 sa formule avec 3% de nitrate de potassium, le bain [&hellip;]<\/p>\n","protected":false},"featured_media":21984,"template":"","meta":{"om_disable_all_campaigns":false},"product_brand":[],"product_cat":[15],"product_tag":[6569,8435,8381,6679,8438,6254,8406,8436,8434,8360,8437,8374],"class_list":{"0":"post-21988","1":"product","2":"type-product","3":"status-publish","4":"has-post-thumbnail","6":"product_cat-beaute-sante-complements-alimentaires-soins-et-bien-etre-au-meilleur-prix","7":"product_tag-bain-bouche-500-ml","8":"product_tag-bain-bouche-menthe-fraiche","9":"product_tag-dentifrice-compatible-sensodyne","10":"product_tag-haleine-fraiche","11":"product_tag-haleine-longue-duree","12":"product_tag-hygiene-bucco-dentaire","13":"product_tag-protection-dents-sensibles","14":"product_tag-renforcement-email","15":"product_tag-sensodyne-bain-de-bouche","16":"product_tag-sensodyne-maroc","17":"product_tag-soin-dents-quotidiennes","18":"product_tag-soins-dentaires","20":"first","21":"instock","22":"sale","23":"taxable","24":"shipping-taxable","25":"purchasable","26":"product-type-simple"},"yoast_head":"<!-- This site is optimized with the Yoast SEO plugin v27.4 - https:\/\/yoast.com\/product\/yoast-seo-wordpress\/ -->\n<title>Sensodyne Bain De Bouche Menthe Fra\u00eeche 500ml - Maroc Prix<\/title>\n<meta name=\"description\" content=\"Sensodyne Bain de Bouche Menthe Fra\u00eeche 500\u202fml : prot\u00e8ge les dents sensibles, renforce l\u2019\u00e9mail et offre une haleine fra\u00eeche et durable.\" \/>\n<meta name=\"robots\" content=\"index, follow, max-snippet:-1, max-image-preview:large, max-video-preview:-1\" \/>\n<link rel=\"canonical\" href=\"https:\/\/vitablanca.ma\/en\/product\/sensodyne-bain-de-bouche-menthe-fraiche-500ml\/\" \/>\n<meta property=\"og:locale\" content=\"en_US\" \/>\n<meta property=\"og:type\" content=\"article\" \/>\n<meta property=\"og:title\" content=\"Sensodyne Bain De Bouche Menthe Fra\u00eeche 500ml - Maroc Prix\" \/>\n<meta property=\"og:description\" content=\"Sensodyne Bain de Bouche Menthe Fra\u00eeche 500\u202fml : prot\u00e8ge les dents sensibles, renforce l\u2019\u00e9mail et offre une haleine fra\u00eeche et durable.\" \/>\n<meta property=\"og:url\" content=\"https:\/\/vitablanca.ma\/en\/product\/sensodyne-bain-de-bouche-menthe-fraiche-500ml\/\" \/>\n<meta property=\"og:site_name\" content=\"Vitablanca.ma &ndash; Sant&eacute;, vitalit&eacute; et bien-&ecirc;tre pour tous les Marocains\" \/>\n<meta property=\"article:publisher\" content=\"https:\/\/www.facebook.com\/profile.php?id=61576678196717\" \/>\n<meta property=\"article:modified_time\" content=\"2026-02-06T12:30:18+00:00\" \/>\n<meta property=\"og:image\" content=\"https:\/\/vitablanca.ma\/wp-content\/uploads\/2025\/06\/Sensodyne-Bain-De-Bouche-Menthe-Fraiche-500ml-nova-parapharmacie-maroc.png\" \/>\n\t<meta property=\"og:image:width\" content=\"1000\" \/>\n\t<meta property=\"og:image:height\" content=\"1000\" \/>\n\t<meta property=\"og:image:type\" content=\"image\/png\" \/>\n<meta name=\"twitter:card\" content=\"summary_large_image\" \/>\n<meta name=\"twitter:label1\" content=\"Est. reading time\" \/>\n\t<meta name=\"twitter:data1\" content=\"2 minutes\" \/>\n<script type=\"application\/ld+json\" class=\"yoast-schema-graph\">{\"@context\":\"https:\\\/\\\/schema.org\",\"@graph\":[{\"@type\":[\"WebPage\",\"ItemPage\"],\"@id\":\"https:\\\/\\\/vitablanca.ma\\\/produit\\\/sensodyne-bain-de-bouche-menthe-fraiche-500ml\\\/\",\"url\":\"https:\\\/\\\/vitablanca.ma\\\/produit\\\/sensodyne-bain-de-bouche-menthe-fraiche-500ml\\\/\",\"name\":\"Sensodyne Bain De Bouche Menthe Fra\u00eeche 500ml - Maroc Prix\",\"isPartOf\":{\"@id\":\"https:\\\/\\\/vitablanca.ma\\\/#website\"},\"primaryImageOfPage\":{\"@id\":\"https:\\\/\\\/vitablanca.ma\\\/produit\\\/sensodyne-bain-de-bouche-menthe-fraiche-500ml\\\/#primaryimage\"},\"image\":{\"@id\":\"https:\\\/\\\/vitablanca.ma\\\/produit\\\/sensodyne-bain-de-bouche-menthe-fraiche-500ml\\\/#primaryimage\"},\"thumbnailUrl\":\"https:\\\/\\\/vitablanca.ma\\\/wp-content\\\/uploads\\\/2025\\\/06\\\/Sensodyne-Bain-De-Bouche-Menthe-Fraiche-500ml-nova-parapharmacie-maroc.png\",\"datePublished\":\"2025-06-11T21:42:25+00:00\",\"dateModified\":\"2026-02-06T12:30:18+00:00\",\"description\":\"Sensodyne Bain de Bouche Menthe Fra\u00eeche 500\u202fml : prot\u00e8ge les dents sensibles, renforce l\u2019\u00e9mail et offre une haleine fra\u00eeche et durable.\",\"breadcrumb\":{\"@id\":\"https:\\\/\\\/vitablanca.ma\\\/produit\\\/sensodyne-bain-de-bouche-menthe-fraiche-500ml\\\/#breadcrumb\"},\"inLanguage\":\"en-US\",\"potentialAction\":[{\"@type\":\"ReadAction\",\"target\":[\"https:\\\/\\\/vitablanca.ma\\\/produit\\\/sensodyne-bain-de-bouche-menthe-fraiche-500ml\\\/\"]}]},{\"@type\":\"ImageObject\",\"inLanguage\":\"en-US\",\"@id\":\"https:\\\/\\\/vitablanca.ma\\\/produit\\\/sensodyne-bain-de-bouche-menthe-fraiche-500ml\\\/#primaryimage\",\"url\":\"https:\\\/\\\/vitablanca.ma\\\/wp-content\\\/uploads\\\/2025\\\/06\\\/Sensodyne-Bain-De-Bouche-Menthe-Fraiche-500ml-nova-parapharmacie-maroc.png\",\"contentUrl\":\"https:\\\/\\\/vitablanca.ma\\\/wp-content\\\/uploads\\\/2025\\\/06\\\/Sensodyne-Bain-De-Bouche-Menthe-Fraiche-500ml-nova-parapharmacie-maroc.png\",\"width\":1000,\"height\":1000},{\"@type\":\"BreadcrumbList\",\"@id\":\"https:\\\/\\\/vitablanca.ma\\\/produit\\\/sensodyne-bain-de-bouche-menthe-fraiche-500ml\\\/#breadcrumb\",\"itemListElement\":[{\"@type\":\"ListItem\",\"position\":1,\"name\":\"Home\",\"item\":\"https:\\\/\\\/vitablanca.ma\\\/\"},{\"@type\":\"ListItem\",\"position\":2,\"name\":\"Tous Les Produits\",\"item\":\"https:\\\/\\\/vitablanca.ma\\\/tous-les-produits\\\/\"},{\"@type\":\"ListItem\",\"position\":3,\"name\":\"Sensodyne Bain De Bouche Menthe Fra\u00eeche 500ml\"}]},{\"@type\":\"WebSite\",\"@id\":\"https:\\\/\\\/vitablanca.ma\\\/#website\",\"url\":\"https:\\\/\\\/vitablanca.ma\\\/\",\"name\":\"VitaBlanca.ma | Compl\u00e9ments alimentaires, sant\u00e9 & beaut\u00e9 au Maroc\",\"description\":\"vendre vitamines et compl\u00e9ments premium des USA &amp; Canada, Nouvelle Z\u00e9lande,Maroc (NOW Foods, Solgar, Manuka). Livraison rapide partout au Maroc.\",\"publisher\":{\"@id\":\"https:\\\/\\\/vitablanca.ma\\\/#organization\"},\"alternateName\":\"VitaBlanca.ma\",\"potentialAction\":[{\"@type\":\"SearchAction\",\"target\":{\"@type\":\"EntryPoint\",\"urlTemplate\":\"https:\\\/\\\/vitablanca.ma\\\/?s={search_term_string}\"},\"query-input\":{\"@type\":\"PropertyValueSpecification\",\"valueRequired\":true,\"valueName\":\"search_term_string\"}}],\"inLanguage\":\"en-US\"},{\"@type\":\"Organization\",\"@id\":\"https:\\\/\\\/vitablanca.ma\\\/#organization\",\"name\":\"VitaBlanca\",\"url\":\"https:\\\/\\\/vitablanca.ma\\\/\",\"logo\":{\"@type\":\"ImageObject\",\"inLanguage\":\"en-US\",\"@id\":\"https:\\\/\\\/vitablanca.ma\\\/#\\\/schema\\\/logo\\\/image\\\/\",\"url\":\"https:\\\/\\\/vitablanca.ma\\\/wp-content\\\/uploads\\\/2025\\\/05\\\/cropped-vitablanca.png\",\"contentUrl\":\"https:\\\/\\\/vitablanca.ma\\\/wp-content\\\/uploads\\\/2025\\\/05\\\/cropped-vitablanca.png\",\"width\":360,\"height\":67,\"caption\":\"VitaBlanca\"},\"image\":{\"@id\":\"https:\\\/\\\/vitablanca.ma\\\/#\\\/schema\\\/logo\\\/image\\\/\"},\"sameAs\":[\"https:\\\/\\\/www.facebook.com\\\/profile.php?id=61576678196717\",\"https:\\\/\\\/www.tiktok.com\\\/@vitablanca.ma\",\"https:\\\/\\\/www.instagram.com\\\/vitablanca.ma\\\/\"]}]}<\/script>\n<!-- \/ Yoast SEO plugin. -->","yoast_head_json":{"title":"Sensodyne Fresh Mint Mouthwash 500ml - Morocco Price","description":"Sensodyne Bain de Bouche Menthe Fra\u00eeche 500\u202fml : prot\u00e8ge les dents sensibles, renforce l\u2019\u00e9mail et offre une haleine fra\u00eeche et durable.","robots":{"index":"index","follow":"follow","max-snippet":"max-snippet:-1","max-image-preview":"max-image-preview:large","max-video-preview":"max-video-preview:-1"},"canonical":"https:\/\/vitablanca.ma\/en\/product\/sensodyne-bain-de-bouche-menthe-fraiche-500ml\/","og_locale":"en_US","og_type":"article","og_title":"Sensodyne Bain De Bouche Menthe Fra\u00eeche 500ml - Maroc Prix","og_description":"Sensodyne Bain de Bouche Menthe Fra\u00eeche 500\u202fml : prot\u00e8ge les dents sensibles, renforce l\u2019\u00e9mail et offre une haleine fra\u00eeche et durable.","og_url":"https:\/\/vitablanca.ma\/en\/product\/sensodyne-bain-de-bouche-menthe-fraiche-500ml\/","og_site_name":"Vitablanca.ma &ndash; Sant&eacute;, vitalit&eacute; et bien-&ecirc;tre pour tous les Marocains","article_publisher":"https:\/\/www.facebook.com\/profile.php?id=61576678196717","article_modified_time":"2026-02-06T12:30:18+00:00","og_image":[{"width":1000,"height":1000,"url":"https:\/\/vitablanca.ma\/wp-content\/uploads\/2025\/06\/Sensodyne-Bain-De-Bouche-Menthe-Fraiche-500ml-nova-parapharmacie-maroc.png","type":"image\/png"}],"twitter_card":"summary_large_image","twitter_misc":{"Est. reading time":"2 minutes"},"schema":{"@context":"https:\/\/schema.org","@graph":[{"@type":["WebPage","ItemPage"],"@id":"https:\/\/vitablanca.ma\/produit\/sensodyne-bain-de-bouche-menthe-fraiche-500ml\/","url":"https:\/\/vitablanca.ma\/produit\/sensodyne-bain-de-bouche-menthe-fraiche-500ml\/","name":"Sensodyne Fresh Mint Mouthwash 500ml - Morocco Price","isPartOf":{"@id":"https:\/\/vitablanca.ma\/#website"},"primaryImageOfPage":{"@id":"https:\/\/vitablanca.ma\/produit\/sensodyne-bain-de-bouche-menthe-fraiche-500ml\/#primaryimage"},"image":{"@id":"https:\/\/vitablanca.ma\/produit\/sensodyne-bain-de-bouche-menthe-fraiche-500ml\/#primaryimage"},"thumbnailUrl":"https:\/\/vitablanca.ma\/wp-content\/uploads\/2025\/06\/Sensodyne-Bain-De-Bouche-Menthe-Fraiche-500ml-nova-parapharmacie-maroc.png","datePublished":"2025-06-11T21:42:25+00:00","dateModified":"2026-02-06T12:30:18+00:00","description":"Sensodyne Bain de Bouche Menthe Fra\u00eeche 500\u202fml : prot\u00e8ge les dents sensibles, renforce l\u2019\u00e9mail et offre une haleine fra\u00eeche et durable.","breadcrumb":{"@id":"https:\/\/vitablanca.ma\/produit\/sensodyne-bain-de-bouche-menthe-fraiche-500ml\/#breadcrumb"},"inLanguage":"en-US","potentialAction":[{"@type":"ReadAction","target":["https:\/\/vitablanca.ma\/produit\/sensodyne-bain-de-bouche-menthe-fraiche-500ml\/"]}]},{"@type":"ImageObject","inLanguage":"en-US","@id":"https:\/\/vitablanca.ma\/produit\/sensodyne-bain-de-bouche-menthe-fraiche-500ml\/#primaryimage","url":"https:\/\/vitablanca.ma\/wp-content\/uploads\/2025\/06\/Sensodyne-Bain-De-Bouche-Menthe-Fraiche-500ml-nova-parapharmacie-maroc.png","contentUrl":"https:\/\/vitablanca.ma\/wp-content\/uploads\/2025\/06\/Sensodyne-Bain-De-Bouche-Menthe-Fraiche-500ml-nova-parapharmacie-maroc.png","width":1000,"height":1000},{"@type":"BreadcrumbList","@id":"https:\/\/vitablanca.ma\/produit\/sensodyne-bain-de-bouche-menthe-fraiche-500ml\/#breadcrumb","itemListElement":[{"@type":"ListItem","position":1,"name":"Home","item":"https:\/\/vitablanca.ma\/"},{"@type":"ListItem","position":2,"name":"Tous Les Produits","item":"https:\/\/vitablanca.ma\/tous-les-produits\/"},{"@type":"ListItem","position":3,"name":"Sensodyne Bain De Bouche Menthe Fra\u00eeche 500ml"}]},{"@type":"WebSite","@id":"https:\/\/vitablanca.ma\/#website","url":"https:\/\/vitablanca.ma\/","name":"VitaBlanca.ma | Food supplements, health &amp; beauty in Morocco","description":"sell premium vitamins and supplements from USA &amp; Canada, New Zealand, Morocco (NOW Foods, Solgar, Manuka). Fast delivery anywhere in Morocco.","publisher":{"@id":"https:\/\/vitablanca.ma\/#organization"},"alternateName":"VitaBlanca.ma","potentialAction":[{"@type":"SearchAction","target":{"@type":"EntryPoint","urlTemplate":"https:\/\/vitablanca.ma\/?s={search_term_string}"},"query-input":{"@type":"PropertyValueSpecification","valueRequired":true,"valueName":"search_term_string"}}],"inLanguage":"en-US"},{"@type":"Organization","@id":"https:\/\/vitablanca.ma\/#organization","name":"VitaBlanca","url":"https:\/\/vitablanca.ma\/","logo":{"@type":"ImageObject","inLanguage":"en-US","@id":"https:\/\/vitablanca.ma\/#\/schema\/logo\/image\/","url":"https:\/\/vitablanca.ma\/wp-content\/uploads\/2025\/05\/cropped-vitablanca.png","contentUrl":"https:\/\/vitablanca.ma\/wp-content\/uploads\/2025\/05\/cropped-vitablanca.png","width":360,"height":67,"caption":"VitaBlanca"},"image":{"@id":"https:\/\/vitablanca.ma\/#\/schema\/logo\/image\/"},"sameAs":["https:\/\/www.facebook.com\/profile.php?id=61576678196717","https:\/\/www.tiktok.com\/@vitablanca.ma","https:\/\/www.instagram.com\/vitablanca.ma\/"]}]}},"jetpack_sharing_enabled":true,"_links":{"self":[{"href":"https:\/\/vitablanca.ma\/en\/wp-json\/wp\/v2\/product\/21988","targetHints":{"allow":["GET"]}}],"collection":[{"href":"https:\/\/vitablanca.ma\/en\/wp-json\/wp\/v2\/product"}],"about":[{"href":"https:\/\/vitablanca.ma\/en\/wp-json\/wp\/v2\/types\/product"}],"wp:featuredmedia":[{"embeddable":true,"href":"https:\/\/vitablanca.ma\/en\/wp-json\/wp\/v2\/media\/21984"}],"wp:attachment":[{"href":"https:\/\/vitablanca.ma\/en\/wp-json\/wp\/v2\/media?parent=21988"}],"wp:term":[{"taxonomy":"product_brand","embeddable":true,"href":"https:\/\/vitablanca.ma\/en\/wp-json\/wp\/v2\/product_brand?post=21988"},{"taxonomy":"product_cat","embeddable":true,"href":"https:\/\/vitablanca.ma\/en\/wp-json\/wp\/v2\/product_cat?post=21988"},{"taxonomy":"product_tag","embeddable":true,"href":"https:\/\/vitablanca.ma\/en\/wp-json\/wp\/v2\/product_tag?post=21988"}],"curies":[{"name":"wp","href":"https:\/\/api.w.org\/{rel}","templated":true}]}}