{"id":21980,"date":"2025-06-11T21:42:11","date_gmt":"2025-06-11T21:42:11","guid":{"rendered":"https:\/\/vitablanca.ma\/product\/sensilis-sun-secret-body-spray-spf50-200ml\/"},"modified":"2026-02-06T12:37:36","modified_gmt":"2026-02-06T12:37:36","slug":"sensilis-sun-secret-body-spray-spf50-200ml","status":"publish","type":"product","link":"https:\/\/vitablanca.ma\/en\/product\/sensilis-sun-secret-body-spray-spf50-200ml\/","title":{"rendered":"Sensilis Sun Secret Body Spray SPF50+ 200ml"},"content":{"rendered":"<h2>Sensilis Sun Secret Body Spray SPF50+ <span data-mce-fragment=\"1\">protects your skin against solar radiation and photoaging\u00a0<\/span><\/h2>\n<div class=\"woocommerce-product-details__short-description\">\n<p>Notre Spray Sun Secret prot\u00e8ge votre peau contre le rayonnement solaire et le photovieillissement gr\u00e2ce \u00e0 sa formule complexe DNA safe et ses filtres solaires SPF50+.\u00a0Ce spray est r\u00e9sistant \u00e0 l\u2019eau et a une texture fra\u00eeche et transparente qui p\u00e9n\u00e8tre rapidement.\u00a0Il est simple \u00e0 appliquer et ne vous prendra pas plus de trois minutes.<\/p>\n<\/div>\n<h3>Application<\/h3>\n<div class=\"fila-sensilis\">\n<div class=\"fila-textos-consejo celda-80\">\n<ol>\n<li>Appliquer uniform\u00e9ment sur le visage au moins 30 minutes avant l\u2019exposition au soleil.<\/li>\n<\/ol>\n<\/div>\n<\/div>","protected":false},"excerpt":{"rendered":"<p>Sensilis Sun Secret Body Spray SPF50+ prot\u00e8ge votre peau contre le rayonnement solaire et le photovieillissement\u00a0 Notre Spray Sun Secret prot\u00e8ge votre peau contre le rayonnement solaire et le photovieillissement gr\u00e2ce \u00e0 sa formule complexe DNA safe et ses filtres solaires SPF50+.\u00a0Ce spray est r\u00e9sistant \u00e0 l\u2019eau et a une texture fra\u00eeche et transparente qui [&hellip;]<\/p>\n","protected":false},"featured_media":21979,"template":"","meta":{"om_disable_all_campaigns":false},"product_brand":[],"product_cat":[15],"product_tag":[8440,8445,8446,8444,7872,8442,8372,8439,8443,8448,8447,8441,8427],"class_list":{"0":"post-21980","1":"product","2":"type-product","3":"status-publish","4":"has-post-thumbnail","6":"product_cat-beaute-sante-complements-alimentaires-soins-et-bien-etre-au-meilleur-prix","7":"product_tag-body-spray-spf50","8":"product_tag-ecran-solaire-resistant-a-leau","9":"product_tag-fluide-solaire-corps","10":"product_tag-hydratation-uv","11":"product_tag-peau-protegee-soleil","12":"product_tag-protection-solaire-haute","13":"product_tag-sensilis-maroc","14":"product_tag-sensilis-sun-secret","15":"product_tag-soin-peau-sensible-soleil","16":"product_tag-solaire-hydratant","17":"product_tag-spf50-body-spray","18":"product_tag-spray-solaire-corps","19":"product_tag-sun-care-sensilis","21":"first","22":"instock","23":"sale","24":"taxable","25":"shipping-taxable","26":"purchasable","27":"product-type-simple"},"yoast_head":"<!-- This site is optimized with the Yoast SEO plugin v27.5 - https:\/\/yoast.com\/product\/yoast-seo-wordpress\/ -->\n<title>Sensilis Sun Secret Body Spray SPF50+ 200ml - Maroc Prix<\/title>\n<meta name=\"description\" content=\"Sensilis Sun Secret Body Spray SPF50+ 200\u202fml : spray solaire haute protection pour le corps, r\u00e9sistant \u00e0 l\u2019eau, hydrate et prot\u00e8ge les peaux sensibles.\" \/>\n<meta name=\"robots\" content=\"index, follow, max-snippet:-1, max-image-preview:large, max-video-preview:-1\" \/>\n<link rel=\"canonical\" href=\"https:\/\/vitablanca.ma\/en\/product\/sensilis-sun-secret-body-spray-spf50-200ml\/\" \/>\n<meta property=\"og:locale\" content=\"en_US\" \/>\n<meta property=\"og:type\" content=\"article\" \/>\n<meta property=\"og:title\" content=\"Sensilis Sun Secret Body Spray SPF50+ 200ml - Maroc Prix\" \/>\n<meta property=\"og:description\" content=\"Sensilis Sun Secret Body Spray SPF50+ 200\u202fml : spray solaire haute protection pour le corps, r\u00e9sistant \u00e0 l\u2019eau, hydrate et prot\u00e8ge les peaux sensibles.\" \/>\n<meta property=\"og:url\" content=\"https:\/\/vitablanca.ma\/en\/product\/sensilis-sun-secret-body-spray-spf50-200ml\/\" \/>\n<meta property=\"og:site_name\" content=\"Vitablanca.ma &ndash; Sant&eacute;, vitalit&eacute; et bien-&ecirc;tre pour tous les Marocains\" \/>\n<meta property=\"article:publisher\" content=\"https:\/\/www.facebook.com\/profile.php?id=61576678196717\" \/>\n<meta property=\"article:modified_time\" content=\"2026-02-06T12:37:36+00:00\" \/>\n<meta property=\"og:image\" content=\"https:\/\/vitablanca.ma\/wp-content\/uploads\/2025\/06\/Sensilis-Sun-Secret-Body-Spray-SPF50_-200ml-nova-prapharmacie-maroc.jpg\" \/>\n\t<meta property=\"og:image:width\" content=\"1000\" \/>\n\t<meta property=\"og:image:height\" content=\"1000\" \/>\n\t<meta property=\"og:image:type\" content=\"image\/jpeg\" \/>\n<meta name=\"twitter:card\" content=\"summary_large_image\" \/>\n<meta name=\"twitter:label1\" content=\"Est. reading time\" \/>\n\t<meta name=\"twitter:data1\" content=\"1 minute\" \/>\n<script type=\"application\/ld+json\" class=\"yoast-schema-graph\">{\"@context\":\"https:\\\/\\\/schema.org\",\"@graph\":[{\"@type\":[\"WebPage\",\"ItemPage\"],\"@id\":\"https:\\\/\\\/vitablanca.ma\\\/produit\\\/sensilis-sun-secret-body-spray-spf50-200ml\\\/\",\"url\":\"https:\\\/\\\/vitablanca.ma\\\/produit\\\/sensilis-sun-secret-body-spray-spf50-200ml\\\/\",\"name\":\"Sensilis Sun Secret Body Spray SPF50+ 200ml - Maroc Prix\",\"isPartOf\":{\"@id\":\"https:\\\/\\\/vitablanca.ma\\\/#website\"},\"primaryImageOfPage\":{\"@id\":\"https:\\\/\\\/vitablanca.ma\\\/produit\\\/sensilis-sun-secret-body-spray-spf50-200ml\\\/#primaryimage\"},\"image\":{\"@id\":\"https:\\\/\\\/vitablanca.ma\\\/produit\\\/sensilis-sun-secret-body-spray-spf50-200ml\\\/#primaryimage\"},\"thumbnailUrl\":\"https:\\\/\\\/vitablanca.ma\\\/wp-content\\\/uploads\\\/2025\\\/06\\\/Sensilis-Sun-Secret-Body-Spray-SPF50_-200ml-nova-prapharmacie-maroc.jpg\",\"datePublished\":\"2025-06-11T21:42:11+00:00\",\"dateModified\":\"2026-02-06T12:37:36+00:00\",\"description\":\"Sensilis Sun Secret Body Spray SPF50+ 200\u202fml : spray solaire haute protection pour le corps, r\u00e9sistant \u00e0 l\u2019eau, hydrate et prot\u00e8ge les peaux sensibles.\",\"breadcrumb\":{\"@id\":\"https:\\\/\\\/vitablanca.ma\\\/produit\\\/sensilis-sun-secret-body-spray-spf50-200ml\\\/#breadcrumb\"},\"inLanguage\":\"en-US\",\"potentialAction\":[{\"@type\":\"ReadAction\",\"target\":[\"https:\\\/\\\/vitablanca.ma\\\/produit\\\/sensilis-sun-secret-body-spray-spf50-200ml\\\/\"]}]},{\"@type\":\"ImageObject\",\"inLanguage\":\"en-US\",\"@id\":\"https:\\\/\\\/vitablanca.ma\\\/produit\\\/sensilis-sun-secret-body-spray-spf50-200ml\\\/#primaryimage\",\"url\":\"https:\\\/\\\/vitablanca.ma\\\/wp-content\\\/uploads\\\/2025\\\/06\\\/Sensilis-Sun-Secret-Body-Spray-SPF50_-200ml-nova-prapharmacie-maroc.jpg\",\"contentUrl\":\"https:\\\/\\\/vitablanca.ma\\\/wp-content\\\/uploads\\\/2025\\\/06\\\/Sensilis-Sun-Secret-Body-Spray-SPF50_-200ml-nova-prapharmacie-maroc.jpg\",\"width\":1000,\"height\":1000},{\"@type\":\"BreadcrumbList\",\"@id\":\"https:\\\/\\\/vitablanca.ma\\\/produit\\\/sensilis-sun-secret-body-spray-spf50-200ml\\\/#breadcrumb\",\"itemListElement\":[{\"@type\":\"ListItem\",\"position\":1,\"name\":\"Home\",\"item\":\"https:\\\/\\\/vitablanca.ma\\\/\"},{\"@type\":\"ListItem\",\"position\":2,\"name\":\"Tous Les Produits\",\"item\":\"https:\\\/\\\/vitablanca.ma\\\/tous-les-produits\\\/\"},{\"@type\":\"ListItem\",\"position\":3,\"name\":\"Sensilis Sun Secret Body Spray SPF50+ 200ml\"}]},{\"@type\":\"WebSite\",\"@id\":\"https:\\\/\\\/vitablanca.ma\\\/#website\",\"url\":\"https:\\\/\\\/vitablanca.ma\\\/\",\"name\":\"VitaBlanca.ma | Compl\u00e9ments alimentaires, sant\u00e9 & beaut\u00e9 au Maroc\",\"description\":\"vendre vitamines et compl\u00e9ments premium des USA &amp; Canada, Nouvelle Z\u00e9lande,Maroc (NOW Foods, Solgar, Manuka). Livraison rapide partout au Maroc.\",\"publisher\":{\"@id\":\"https:\\\/\\\/vitablanca.ma\\\/#organization\"},\"alternateName\":\"VitaBlanca.ma\",\"potentialAction\":[{\"@type\":\"SearchAction\",\"target\":{\"@type\":\"EntryPoint\",\"urlTemplate\":\"https:\\\/\\\/vitablanca.ma\\\/?s={search_term_string}\"},\"query-input\":{\"@type\":\"PropertyValueSpecification\",\"valueRequired\":true,\"valueName\":\"search_term_string\"}}],\"inLanguage\":\"en-US\"},{\"@type\":\"Organization\",\"@id\":\"https:\\\/\\\/vitablanca.ma\\\/#organization\",\"name\":\"VitaBlanca\",\"url\":\"https:\\\/\\\/vitablanca.ma\\\/\",\"logo\":{\"@type\":\"ImageObject\",\"inLanguage\":\"en-US\",\"@id\":\"https:\\\/\\\/vitablanca.ma\\\/#\\\/schema\\\/logo\\\/image\\\/\",\"url\":\"https:\\\/\\\/vitablanca.ma\\\/wp-content\\\/uploads\\\/2025\\\/05\\\/cropped-vitablanca.png\",\"contentUrl\":\"https:\\\/\\\/vitablanca.ma\\\/wp-content\\\/uploads\\\/2025\\\/05\\\/cropped-vitablanca.png\",\"width\":360,\"height\":67,\"caption\":\"VitaBlanca\"},\"image\":{\"@id\":\"https:\\\/\\\/vitablanca.ma\\\/#\\\/schema\\\/logo\\\/image\\\/\"},\"sameAs\":[\"https:\\\/\\\/www.facebook.com\\\/profile.php?id=61576678196717\",\"https:\\\/\\\/www.tiktok.com\\\/@vitablanca.ma\",\"https:\\\/\\\/www.instagram.com\\\/vitablanca.ma\\\/\"]}]}<\/script>\n<!-- \/ Yoast SEO plugin. -->","yoast_head_json":{"title":"Sensilis Sun Secret Body Spray SPF50+ 200ml - Morocco Price","description":"Sensilis Sun Secret Body Spray SPF50+ 200\u202fml : spray solaire haute protection pour le corps, r\u00e9sistant \u00e0 l\u2019eau, hydrate et prot\u00e8ge les peaux sensibles.","robots":{"index":"index","follow":"follow","max-snippet":"max-snippet:-1","max-image-preview":"max-image-preview:large","max-video-preview":"max-video-preview:-1"},"canonical":"https:\/\/vitablanca.ma\/en\/product\/sensilis-sun-secret-body-spray-spf50-200ml\/","og_locale":"en_US","og_type":"article","og_title":"Sensilis Sun Secret Body Spray SPF50+ 200ml - Maroc Prix","og_description":"Sensilis Sun Secret Body Spray SPF50+ 200\u202fml : spray solaire haute protection pour le corps, r\u00e9sistant \u00e0 l\u2019eau, hydrate et prot\u00e8ge les peaux sensibles.","og_url":"https:\/\/vitablanca.ma\/en\/product\/sensilis-sun-secret-body-spray-spf50-200ml\/","og_site_name":"Vitablanca.ma &ndash; Sant&eacute;, vitalit&eacute; et bien-&ecirc;tre pour tous les Marocains","article_publisher":"https:\/\/www.facebook.com\/profile.php?id=61576678196717","article_modified_time":"2026-02-06T12:37:36+00:00","og_image":[{"width":1000,"height":1000,"url":"https:\/\/vitablanca.ma\/wp-content\/uploads\/2025\/06\/Sensilis-Sun-Secret-Body-Spray-SPF50_-200ml-nova-prapharmacie-maroc.jpg","type":"image\/jpeg"}],"twitter_card":"summary_large_image","twitter_misc":{"Est. reading time":"1 minute"},"schema":{"@context":"https:\/\/schema.org","@graph":[{"@type":["WebPage","ItemPage"],"@id":"https:\/\/vitablanca.ma\/produit\/sensilis-sun-secret-body-spray-spf50-200ml\/","url":"https:\/\/vitablanca.ma\/produit\/sensilis-sun-secret-body-spray-spf50-200ml\/","name":"Sensilis Sun Secret Body Spray SPF50+ 200ml - Morocco Price","isPartOf":{"@id":"https:\/\/vitablanca.ma\/#website"},"primaryImageOfPage":{"@id":"https:\/\/vitablanca.ma\/produit\/sensilis-sun-secret-body-spray-spf50-200ml\/#primaryimage"},"image":{"@id":"https:\/\/vitablanca.ma\/produit\/sensilis-sun-secret-body-spray-spf50-200ml\/#primaryimage"},"thumbnailUrl":"https:\/\/vitablanca.ma\/wp-content\/uploads\/2025\/06\/Sensilis-Sun-Secret-Body-Spray-SPF50_-200ml-nova-prapharmacie-maroc.jpg","datePublished":"2025-06-11T21:42:11+00:00","dateModified":"2026-02-06T12:37:36+00:00","description":"Sensilis Sun Secret Body Spray SPF50+ 200\u202fml : spray solaire haute protection pour le corps, r\u00e9sistant \u00e0 l\u2019eau, hydrate et prot\u00e8ge les peaux sensibles.","breadcrumb":{"@id":"https:\/\/vitablanca.ma\/produit\/sensilis-sun-secret-body-spray-spf50-200ml\/#breadcrumb"},"inLanguage":"en-US","potentialAction":[{"@type":"ReadAction","target":["https:\/\/vitablanca.ma\/produit\/sensilis-sun-secret-body-spray-spf50-200ml\/"]}]},{"@type":"ImageObject","inLanguage":"en-US","@id":"https:\/\/vitablanca.ma\/produit\/sensilis-sun-secret-body-spray-spf50-200ml\/#primaryimage","url":"https:\/\/vitablanca.ma\/wp-content\/uploads\/2025\/06\/Sensilis-Sun-Secret-Body-Spray-SPF50_-200ml-nova-prapharmacie-maroc.jpg","contentUrl":"https:\/\/vitablanca.ma\/wp-content\/uploads\/2025\/06\/Sensilis-Sun-Secret-Body-Spray-SPF50_-200ml-nova-prapharmacie-maroc.jpg","width":1000,"height":1000},{"@type":"BreadcrumbList","@id":"https:\/\/vitablanca.ma\/produit\/sensilis-sun-secret-body-spray-spf50-200ml\/#breadcrumb","itemListElement":[{"@type":"ListItem","position":1,"name":"Home","item":"https:\/\/vitablanca.ma\/"},{"@type":"ListItem","position":2,"name":"Tous Les Produits","item":"https:\/\/vitablanca.ma\/tous-les-produits\/"},{"@type":"ListItem","position":3,"name":"Sensilis Sun Secret Body Spray SPF50+ 200ml"}]},{"@type":"WebSite","@id":"https:\/\/vitablanca.ma\/#website","url":"https:\/\/vitablanca.ma\/","name":"VitaBlanca.ma | Food supplements, health &amp; beauty in Morocco","description":"sell premium vitamins and supplements from USA &amp; Canada, New Zealand, Morocco (NOW Foods, Solgar, Manuka). Fast delivery anywhere in Morocco.","publisher":{"@id":"https:\/\/vitablanca.ma\/#organization"},"alternateName":"VitaBlanca.ma","potentialAction":[{"@type":"SearchAction","target":{"@type":"EntryPoint","urlTemplate":"https:\/\/vitablanca.ma\/?s={search_term_string}"},"query-input":{"@type":"PropertyValueSpecification","valueRequired":true,"valueName":"search_term_string"}}],"inLanguage":"en-US"},{"@type":"Organization","@id":"https:\/\/vitablanca.ma\/#organization","name":"VitaBlanca","url":"https:\/\/vitablanca.ma\/","logo":{"@type":"ImageObject","inLanguage":"en-US","@id":"https:\/\/vitablanca.ma\/#\/schema\/logo\/image\/","url":"https:\/\/vitablanca.ma\/wp-content\/uploads\/2025\/05\/cropped-vitablanca.png","contentUrl":"https:\/\/vitablanca.ma\/wp-content\/uploads\/2025\/05\/cropped-vitablanca.png","width":360,"height":67,"caption":"VitaBlanca"},"image":{"@id":"https:\/\/vitablanca.ma\/#\/schema\/logo\/image\/"},"sameAs":["https:\/\/www.facebook.com\/profile.php?id=61576678196717","https:\/\/www.tiktok.com\/@vitablanca.ma","https:\/\/www.instagram.com\/vitablanca.ma\/"]}]}},"jetpack_sharing_enabled":true,"_links":{"self":[{"href":"https:\/\/vitablanca.ma\/en\/wp-json\/wp\/v2\/product\/21980","targetHints":{"allow":["GET"]}}],"collection":[{"href":"https:\/\/vitablanca.ma\/en\/wp-json\/wp\/v2\/product"}],"about":[{"href":"https:\/\/vitablanca.ma\/en\/wp-json\/wp\/v2\/types\/product"}],"wp:featuredmedia":[{"embeddable":true,"href":"https:\/\/vitablanca.ma\/en\/wp-json\/wp\/v2\/media\/21979"}],"wp:attachment":[{"href":"https:\/\/vitablanca.ma\/en\/wp-json\/wp\/v2\/media?parent=21980"}],"wp:term":[{"taxonomy":"product_brand","embeddable":true,"href":"https:\/\/vitablanca.ma\/en\/wp-json\/wp\/v2\/product_brand?post=21980"},{"taxonomy":"product_cat","embeddable":true,"href":"https:\/\/vitablanca.ma\/en\/wp-json\/wp\/v2\/product_cat?post=21980"},{"taxonomy":"product_tag","embeddable":true,"href":"https:\/\/vitablanca.ma\/en\/wp-json\/wp\/v2\/product_tag?post=21980"}],"curies":[{"name":"wp","href":"https:\/\/api.w.org\/{rel}","templated":true}]}}