{"id":21941,"date":"2025-06-11T21:35:46","date_gmt":"2025-06-11T21:35:46","guid":{"rendered":"https:\/\/vitablanca.ma\/product\/sanogyl-brosse-a-dent-soin-gencives\/"},"modified":"2025-06-11T21:35:47","modified_gmt":"2025-06-11T21:35:47","slug":"sanogyl-brosse-a-dent-soin-gencives","status":"publish","type":"product","link":"https:\/\/vitablanca.ma\/en\/product\/sanogyl-brosse-a-dent-soin-gencives\/","title":{"rendered":"Sanogyl Gum Care Toothbrush"},"content":{"rendered":"<h2>Sanogyl Gum Care Toothbrush\u00a0<span data-mce-fragment=\"1\">allow\u00a0<\/span><strong data-mce-fragment=\"1\">gentle cleansing<\/strong><span data-mce-fragment=\"1\">\u00a0with all the mouth<\/span><br \/>\n<\/h2>\n<p><span>The Gum Care soft toothbrush allows\u00a0<\/span><strong>gentle cleansing<\/strong><span>\u00a0throughout the mouth, for healthy gums and stronger teeth. Its soft, flexible bristles\u00a0<\/span><strong>respect the gums<\/strong><span>\u00a0and offer a\u00a0<\/span><strong>excellent user comfort<\/strong><span>\u00a0during brushing.<\/span><\/p>\n<p><span>This toothbrush has a small, easy-to-use head with tapered bristles that allows for precise and gentle brushing of gums and enamel. For effective yet gentle brushing.<\/span><\/p>","protected":false},"excerpt":{"rendered":"<p>Sanogyl Brosse \u00e0 Dent Soin Gencives\u00a0permet\u00a0un nettoyage en douceur\u00a0de toute la bouche La\u00a0brosse \u00e0 dents souple\u00a0Soin Gencives permet\u00a0un nettoyage en douceur\u00a0de toute la bouche, pour des gencives saines et des dents plus fortes. Ses poils doux et souples\u00a0respectent les gencives\u00a0et offrent un\u00a0excellent confort d\u2019utilisation\u00a0durant le brossage. Cette brosse \u00e0 dents a une petite t\u00eate maniable [&hellip;]<\/p>\n","protected":false},"featured_media":21939,"template":"","meta":{"om_disable_all_campaigns":false},"product_brand":[],"product_cat":[15],"product_tag":[],"class_list":{"0":"post-21941","1":"product","2":"type-product","3":"status-publish","4":"has-post-thumbnail","6":"product_cat-beaute-sante-complements-alimentaires-soins-et-bien-etre-au-meilleur-prix","8":"first","9":"instock","10":"sale","11":"taxable","12":"shipping-taxable","13":"purchasable","14":"product-type-variable"},"yoast_head":"<!-- This site is optimized with the Yoast SEO plugin v27.5 - https:\/\/yoast.com\/product\/yoast-seo-wordpress\/ -->\n<title>Sanogyl Brosse \u00e0 Dent Soin Gencives - Maroc Prix<\/title>\n<meta name=\"description\" content=\"Sanogyl Brosse \u00e0 Dent Soin Gencives\" \/>\n<meta name=\"robots\" content=\"index, follow, max-snippet:-1, max-image-preview:large, max-video-preview:-1\" \/>\n<link rel=\"canonical\" href=\"https:\/\/vitablanca.ma\/en\/product\/sanogyl-brosse-a-dent-soin-gencives\/\" \/>\n<meta property=\"og:locale\" content=\"en_US\" \/>\n<meta property=\"og:type\" content=\"article\" \/>\n<meta property=\"og:title\" content=\"Sanogyl Brosse \u00e0 Dent Soin Gencives - Maroc Prix\" \/>\n<meta property=\"og:description\" content=\"Sanogyl Brosse \u00e0 Dent Soin Gencives\" \/>\n<meta property=\"og:url\" content=\"https:\/\/vitablanca.ma\/en\/product\/sanogyl-brosse-a-dent-soin-gencives\/\" \/>\n<meta property=\"og:site_name\" content=\"Vitablanca.ma &ndash; Sant&eacute;, vitalit&eacute; et bien-&ecirc;tre pour tous les Marocains\" \/>\n<meta property=\"article:publisher\" content=\"https:\/\/www.facebook.com\/profile.php?id=61576678196717\" \/>\n<meta property=\"article:modified_time\" content=\"2025-06-11T21:35:47+00:00\" \/>\n<meta property=\"og:image\" content=\"https:\/\/vitablanca.ma\/wp-content\/uploads\/2025\/06\/Sanogyl-Brosse-a-Dent-Soin-Gencives-souple-nova-prapharmacie-maroc.jpg\" \/>\n\t<meta property=\"og:image:width\" content=\"1000\" \/>\n\t<meta property=\"og:image:height\" content=\"1000\" \/>\n\t<meta property=\"og:image:type\" content=\"image\/jpeg\" \/>\n<meta name=\"twitter:card\" content=\"summary_large_image\" \/>\n<script type=\"application\/ld+json\" class=\"yoast-schema-graph\">{\"@context\":\"https:\\\/\\\/schema.org\",\"@graph\":[{\"@type\":[\"WebPage\",\"ItemPage\"],\"@id\":\"https:\\\/\\\/vitablanca.ma\\\/produit\\\/sanogyl-brosse-a-dent-soin-gencives\\\/\",\"url\":\"https:\\\/\\\/vitablanca.ma\\\/produit\\\/sanogyl-brosse-a-dent-soin-gencives\\\/\",\"name\":\"Sanogyl Brosse \u00e0 Dent Soin Gencives - Maroc Prix\",\"isPartOf\":{\"@id\":\"https:\\\/\\\/vitablanca.ma\\\/#website\"},\"primaryImageOfPage\":{\"@id\":\"https:\\\/\\\/vitablanca.ma\\\/produit\\\/sanogyl-brosse-a-dent-soin-gencives\\\/#primaryimage\"},\"image\":{\"@id\":\"https:\\\/\\\/vitablanca.ma\\\/produit\\\/sanogyl-brosse-a-dent-soin-gencives\\\/#primaryimage\"},\"thumbnailUrl\":\"https:\\\/\\\/vitablanca.ma\\\/wp-content\\\/uploads\\\/2025\\\/06\\\/Sanogyl-Brosse-a-Dent-Soin-Gencives-souple-nova-prapharmacie-maroc.jpg\",\"datePublished\":\"2025-06-11T21:35:46+00:00\",\"dateModified\":\"2025-06-11T21:35:47+00:00\",\"description\":\"Sanogyl Brosse \u00e0 Dent Soin Gencives\",\"breadcrumb\":{\"@id\":\"https:\\\/\\\/vitablanca.ma\\\/produit\\\/sanogyl-brosse-a-dent-soin-gencives\\\/#breadcrumb\"},\"inLanguage\":\"en-US\",\"potentialAction\":[{\"@type\":\"ReadAction\",\"target\":[\"https:\\\/\\\/vitablanca.ma\\\/produit\\\/sanogyl-brosse-a-dent-soin-gencives\\\/\"]}]},{\"@type\":\"ImageObject\",\"inLanguage\":\"en-US\",\"@id\":\"https:\\\/\\\/vitablanca.ma\\\/produit\\\/sanogyl-brosse-a-dent-soin-gencives\\\/#primaryimage\",\"url\":\"https:\\\/\\\/vitablanca.ma\\\/wp-content\\\/uploads\\\/2025\\\/06\\\/Sanogyl-Brosse-a-Dent-Soin-Gencives-souple-nova-prapharmacie-maroc.jpg\",\"contentUrl\":\"https:\\\/\\\/vitablanca.ma\\\/wp-content\\\/uploads\\\/2025\\\/06\\\/Sanogyl-Brosse-a-Dent-Soin-Gencives-souple-nova-prapharmacie-maroc.jpg\",\"width\":1000,\"height\":1000},{\"@type\":\"BreadcrumbList\",\"@id\":\"https:\\\/\\\/vitablanca.ma\\\/produit\\\/sanogyl-brosse-a-dent-soin-gencives\\\/#breadcrumb\",\"itemListElement\":[{\"@type\":\"ListItem\",\"position\":1,\"name\":\"Home\",\"item\":\"https:\\\/\\\/vitablanca.ma\\\/\"},{\"@type\":\"ListItem\",\"position\":2,\"name\":\"Tous Les Produits\",\"item\":\"https:\\\/\\\/vitablanca.ma\\\/tous-les-produits\\\/\"},{\"@type\":\"ListItem\",\"position\":3,\"name\":\"Sanogyl Brosse \u00e0 Dent Soin Gencives\"}]},{\"@type\":\"WebSite\",\"@id\":\"https:\\\/\\\/vitablanca.ma\\\/#website\",\"url\":\"https:\\\/\\\/vitablanca.ma\\\/\",\"name\":\"VitaBlanca.ma | Compl\u00e9ments alimentaires, sant\u00e9 & beaut\u00e9 au Maroc\",\"description\":\"vendre vitamines et compl\u00e9ments premium des USA &amp; Canada, Nouvelle Z\u00e9lande,Maroc (NOW Foods, Solgar, Manuka). Livraison rapide partout au Maroc.\",\"publisher\":{\"@id\":\"https:\\\/\\\/vitablanca.ma\\\/#organization\"},\"alternateName\":\"VitaBlanca.ma\",\"potentialAction\":[{\"@type\":\"SearchAction\",\"target\":{\"@type\":\"EntryPoint\",\"urlTemplate\":\"https:\\\/\\\/vitablanca.ma\\\/?s={search_term_string}\"},\"query-input\":{\"@type\":\"PropertyValueSpecification\",\"valueRequired\":true,\"valueName\":\"search_term_string\"}}],\"inLanguage\":\"en-US\"},{\"@type\":\"Organization\",\"@id\":\"https:\\\/\\\/vitablanca.ma\\\/#organization\",\"name\":\"VitaBlanca\",\"url\":\"https:\\\/\\\/vitablanca.ma\\\/\",\"logo\":{\"@type\":\"ImageObject\",\"inLanguage\":\"en-US\",\"@id\":\"https:\\\/\\\/vitablanca.ma\\\/#\\\/schema\\\/logo\\\/image\\\/\",\"url\":\"https:\\\/\\\/vitablanca.ma\\\/wp-content\\\/uploads\\\/2025\\\/05\\\/cropped-vitablanca.png\",\"contentUrl\":\"https:\\\/\\\/vitablanca.ma\\\/wp-content\\\/uploads\\\/2025\\\/05\\\/cropped-vitablanca.png\",\"width\":360,\"height\":67,\"caption\":\"VitaBlanca\"},\"image\":{\"@id\":\"https:\\\/\\\/vitablanca.ma\\\/#\\\/schema\\\/logo\\\/image\\\/\"},\"sameAs\":[\"https:\\\/\\\/www.facebook.com\\\/profile.php?id=61576678196717\",\"https:\\\/\\\/www.tiktok.com\\\/@vitablanca.ma\",\"https:\\\/\\\/www.instagram.com\\\/vitablanca.ma\\\/\"]}]}<\/script>\n<!-- \/ Yoast SEO plugin. -->","yoast_head_json":{"title":"Sanogyl Gum Care Toothbrush - Morocco Price","description":"Sanogyl Gum Care Toothbrush","robots":{"index":"index","follow":"follow","max-snippet":"max-snippet:-1","max-image-preview":"max-image-preview:large","max-video-preview":"max-video-preview:-1"},"canonical":"https:\/\/vitablanca.ma\/en\/product\/sanogyl-brosse-a-dent-soin-gencives\/","og_locale":"en_US","og_type":"article","og_title":"Sanogyl Brosse \u00e0 Dent Soin Gencives - Maroc Prix","og_description":"Sanogyl Brosse \u00e0 Dent Soin Gencives","og_url":"https:\/\/vitablanca.ma\/en\/product\/sanogyl-brosse-a-dent-soin-gencives\/","og_site_name":"Vitablanca.ma &ndash; Sant&eacute;, vitalit&eacute; et bien-&ecirc;tre pour tous les Marocains","article_publisher":"https:\/\/www.facebook.com\/profile.php?id=61576678196717","article_modified_time":"2025-06-11T21:35:47+00:00","og_image":[{"width":1000,"height":1000,"url":"https:\/\/vitablanca.ma\/wp-content\/uploads\/2025\/06\/Sanogyl-Brosse-a-Dent-Soin-Gencives-souple-nova-prapharmacie-maroc.jpg","type":"image\/jpeg"}],"twitter_card":"summary_large_image","schema":{"@context":"https:\/\/schema.org","@graph":[{"@type":["WebPage","ItemPage"],"@id":"https:\/\/vitablanca.ma\/produit\/sanogyl-brosse-a-dent-soin-gencives\/","url":"https:\/\/vitablanca.ma\/produit\/sanogyl-brosse-a-dent-soin-gencives\/","name":"Sanogyl Gum Care Toothbrush - Morocco Price","isPartOf":{"@id":"https:\/\/vitablanca.ma\/#website"},"primaryImageOfPage":{"@id":"https:\/\/vitablanca.ma\/produit\/sanogyl-brosse-a-dent-soin-gencives\/#primaryimage"},"image":{"@id":"https:\/\/vitablanca.ma\/produit\/sanogyl-brosse-a-dent-soin-gencives\/#primaryimage"},"thumbnailUrl":"https:\/\/vitablanca.ma\/wp-content\/uploads\/2025\/06\/Sanogyl-Brosse-a-Dent-Soin-Gencives-souple-nova-prapharmacie-maroc.jpg","datePublished":"2025-06-11T21:35:46+00:00","dateModified":"2025-06-11T21:35:47+00:00","description":"Sanogyl Gum Care Toothbrush","breadcrumb":{"@id":"https:\/\/vitablanca.ma\/produit\/sanogyl-brosse-a-dent-soin-gencives\/#breadcrumb"},"inLanguage":"en-US","potentialAction":[{"@type":"ReadAction","target":["https:\/\/vitablanca.ma\/produit\/sanogyl-brosse-a-dent-soin-gencives\/"]}]},{"@type":"ImageObject","inLanguage":"en-US","@id":"https:\/\/vitablanca.ma\/produit\/sanogyl-brosse-a-dent-soin-gencives\/#primaryimage","url":"https:\/\/vitablanca.ma\/wp-content\/uploads\/2025\/06\/Sanogyl-Brosse-a-Dent-Soin-Gencives-souple-nova-prapharmacie-maroc.jpg","contentUrl":"https:\/\/vitablanca.ma\/wp-content\/uploads\/2025\/06\/Sanogyl-Brosse-a-Dent-Soin-Gencives-souple-nova-prapharmacie-maroc.jpg","width":1000,"height":1000},{"@type":"BreadcrumbList","@id":"https:\/\/vitablanca.ma\/produit\/sanogyl-brosse-a-dent-soin-gencives\/#breadcrumb","itemListElement":[{"@type":"ListItem","position":1,"name":"Home","item":"https:\/\/vitablanca.ma\/"},{"@type":"ListItem","position":2,"name":"Tous Les Produits","item":"https:\/\/vitablanca.ma\/tous-les-produits\/"},{"@type":"ListItem","position":3,"name":"Sanogyl Brosse \u00e0 Dent Soin Gencives"}]},{"@type":"WebSite","@id":"https:\/\/vitablanca.ma\/#website","url":"https:\/\/vitablanca.ma\/","name":"VitaBlanca.ma | Food supplements, health &amp; beauty in Morocco","description":"sell premium vitamins and supplements from USA &amp; Canada, New Zealand, Morocco (NOW Foods, Solgar, Manuka). Fast delivery anywhere in Morocco.","publisher":{"@id":"https:\/\/vitablanca.ma\/#organization"},"alternateName":"VitaBlanca.ma","potentialAction":[{"@type":"SearchAction","target":{"@type":"EntryPoint","urlTemplate":"https:\/\/vitablanca.ma\/?s={search_term_string}"},"query-input":{"@type":"PropertyValueSpecification","valueRequired":true,"valueName":"search_term_string"}}],"inLanguage":"en-US"},{"@type":"Organization","@id":"https:\/\/vitablanca.ma\/#organization","name":"VitaBlanca","url":"https:\/\/vitablanca.ma\/","logo":{"@type":"ImageObject","inLanguage":"en-US","@id":"https:\/\/vitablanca.ma\/#\/schema\/logo\/image\/","url":"https:\/\/vitablanca.ma\/wp-content\/uploads\/2025\/05\/cropped-vitablanca.png","contentUrl":"https:\/\/vitablanca.ma\/wp-content\/uploads\/2025\/05\/cropped-vitablanca.png","width":360,"height":67,"caption":"VitaBlanca"},"image":{"@id":"https:\/\/vitablanca.ma\/#\/schema\/logo\/image\/"},"sameAs":["https:\/\/www.facebook.com\/profile.php?id=61576678196717","https:\/\/www.tiktok.com\/@vitablanca.ma","https:\/\/www.instagram.com\/vitablanca.ma\/"]}]}},"jetpack_sharing_enabled":true,"_links":{"self":[{"href":"https:\/\/vitablanca.ma\/en\/wp-json\/wp\/v2\/product\/21941","targetHints":{"allow":["GET"]}}],"collection":[{"href":"https:\/\/vitablanca.ma\/en\/wp-json\/wp\/v2\/product"}],"about":[{"href":"https:\/\/vitablanca.ma\/en\/wp-json\/wp\/v2\/types\/product"}],"wp:featuredmedia":[{"embeddable":true,"href":"https:\/\/vitablanca.ma\/en\/wp-json\/wp\/v2\/media\/21939"}],"wp:attachment":[{"href":"https:\/\/vitablanca.ma\/en\/wp-json\/wp\/v2\/media?parent=21941"}],"wp:term":[{"taxonomy":"product_brand","embeddable":true,"href":"https:\/\/vitablanca.ma\/en\/wp-json\/wp\/v2\/product_brand?post=21941"},{"taxonomy":"product_cat","embeddable":true,"href":"https:\/\/vitablanca.ma\/en\/wp-json\/wp\/v2\/product_cat?post=21941"},{"taxonomy":"product_tag","embeddable":true,"href":"https:\/\/vitablanca.ma\/en\/wp-json\/wp\/v2\/product_tag?post=21941"}],"curies":[{"name":"wp","href":"https:\/\/api.w.org\/{rel}","templated":true}]}}