{"id":21919,"date":"2025-06-11T21:32:48","date_gmt":"2025-06-11T21:32:48","guid":{"rendered":"https:\/\/vitablanca.ma\/product\/svr-sun-secure-eau-protectrice-biodegradable-spf50200ml\/"},"modified":"2026-01-21T17:42:21","modified_gmt":"2026-01-21T17:42:21","slug":"svr-sun-secure-eau-protectrice-biodegradable-spf50200ml","status":"publish","type":"product","link":"https:\/\/vitablanca.ma\/en\/product\/svr-sun-secure-eau-protectrice-biodegradable-spf50200ml\/","title":{"rendered":"SVR SUN SECURE BIODEGRADABLE PROTECTIVE WATER SPF50+ 200ML"},"content":{"rendered":"<h2 class=\"product_title entry-title wd-entities-title\">SVR SUN SECURE BIODEGRADABLE PROTECTIVE WATER SPF50+ 200ML<\/h2>\n<p>SVR Sun Secure Biodegradable Protective Sun Water SPF50+ 200 ml is a very high protection, refreshing and moisturizing sun water that resists perspiration, sand and friction.<br \/>It is perfectly suited to skin that is hypersensitive to the sun, for adults and children aged 3 and over.<\/p>\n<p>It offers very high dermatological protection incorporating a new patented combination of filters that respects the marine environment. Combined with antioxidant technology, it targets all types of rays:<\/p>\n<ul>\n<li>UVB + UVA thanks to 3 sun filters,<\/li>\n<li>Visible and infrared with its antioxidant technology.<\/li>\n<\/ul>\n<p>Its two-phase texture is composed of 40% of aqueous phase which lightens the 60% of oily phase containing the filters, to create the perfect combination of a fresh, light and invisible texture.<\/p>\n<p>Octocrylene free.<br \/>Non-comedogenic. Highly water resistant.<br \/>Dermatologically tested.<\/p>\n<h3><span><strong>Directions for use<\/strong><\/span><\/h3>\n<div id=\"type_info_prio_6_1\">\n<p>Before use: shake the bottle vigorously for at least 5 seconds.<\/p>\n<p>Once thoroughly mixed, apply generously and evenly before sun exposure. Reducing this amount significantly reduces the level of protection. A sunscreen never provides complete protection.<\/p>\n<p>Spray into hands before applying to face.<\/p>\n<p>Reapply frequently to maintain protection, especially after perspiring, swimming or toweling.<br \/>Before each re-application, remember to shake vigorously again. Avoid sun exposure during peak hours (between 12 and 4 p.m.), otherwise wear protective clothing.<br \/>Sunburn is dangerous, especially for children. Use sunscreen products appropriate for your skin type.<br \/>Using this product should not encourage prolonged sun exposure. Excessive sun exposure is dangerous. Do not expose babies and young children to direct sunlight. Always use protective clothing for your baby and apply sunscreen only to exposed areas.<\/p>\n<\/div>\n<div class=\"description_indication\">\n<span class=\"bold\">Indication<\/span>\u00a0:\u00a0<span id=\"type_info_prio_6_2_1\">Face and body. Adults and children from 3 years old.<\/span>\n<\/div>","protected":false},"excerpt":{"rendered":"<p>SVR SUN SECURE EAU PROTECTRICE BIODEGRADABLE SPF50+200ML SVR Sun Secure Eau Solaire Protectrice Biod\u00e9gradable SPF50+ 200 ml est une eau solaire tr\u00e8s haute protection rafra\u00eechissante et hydratante qui r\u00e9siste \u00e0 la transpiration, au sable et aux frottements.Elle conviendra parfaitement aux peaux hypersensibles au soleil, aux adultes et enfants \u00e0 partir de 3 ans. Elle offre [&hellip;]<\/p>\n","protected":false},"featured_media":21918,"template":"","meta":{"om_disable_all_campaigns":false},"product_brand":[5981],"product_cat":[18,15],"product_tag":[5982,5983,5984,5988,5987,5986,5985],"class_list":{"0":"post-21919","1":"product","2":"type-product","3":"status-publish","4":"has-post-thumbnail","6":"product_brand-svr-original-maroc-au-meilleur-prix","7":"product_cat-beaute-sante","8":"product_cat-beaute-sante-complements-alimentaires-soins-et-bien-etre-au-meilleur-prix","9":"product_tag-laboratoire-svr","10":"product_tag-marque-dermatologique-francaise","11":"product_tag-produits-svr-originaux","12":"product_tag-sun-secure-svr","13":"product_tag-svr","14":"product_tag-svr-laboratoire-dermatologique","15":"product_tag-svr-maroc","17":"first","18":"instock","19":"sale","20":"taxable","21":"shipping-taxable","22":"purchasable","23":"product-type-simple"},"yoast_head":"<!-- This site is optimized with the Yoast SEO plugin v27.4 - https:\/\/yoast.com\/product\/yoast-seo-wordpress\/ -->\n<title>SVR SUN SECURE EAU PROTECTRICE BIODEGRADABLE SPF50+200ML - Maroc Prix<\/title>\n<meta name=\"description\" content=\"SVR SUN SECURE EAU PROTECTRICE BIODEGRADABLE SPF50+200ML\" \/>\n<meta name=\"robots\" content=\"index, follow, max-snippet:-1, max-image-preview:large, max-video-preview:-1\" \/>\n<link rel=\"canonical\" href=\"https:\/\/vitablanca.ma\/en\/product\/svr-sun-secure-eau-protectrice-biodegradable-spf50200ml\/\" \/>\n<meta property=\"og:locale\" content=\"en_US\" \/>\n<meta property=\"og:type\" content=\"article\" \/>\n<meta property=\"og:title\" content=\"SVR SUN SECURE EAU PROTECTRICE BIODEGRADABLE SPF50+200ML - Maroc Prix\" \/>\n<meta property=\"og:description\" content=\"SVR SUN SECURE EAU PROTECTRICE BIODEGRADABLE SPF50+200ML\" \/>\n<meta property=\"og:url\" content=\"https:\/\/vitablanca.ma\/en\/product\/svr-sun-secure-eau-protectrice-biodegradable-spf50200ml\/\" \/>\n<meta property=\"og:site_name\" content=\"Vitablanca.ma &ndash; Sant&eacute;, vitalit&eacute; et bien-&ecirc;tre pour tous les Marocains\" \/>\n<meta property=\"article:publisher\" content=\"https:\/\/www.facebook.com\/profile.php?id=61576678196717\" \/>\n<meta property=\"article:modified_time\" content=\"2026-01-21T17:42:21+00:00\" \/>\n<meta property=\"og:image\" content=\"https:\/\/vitablanca.ma\/wp-content\/uploads\/2025\/06\/CORRECTEUR-UNIFORMISANT-ANTI-TACHES-SPF30-30ML-CLAIRIAL-SVR-Nova-para-prix-Maroc.jpg\" \/>\n\t<meta property=\"og:image:width\" content=\"1200\" \/>\n\t<meta property=\"og:image:height\" content=\"1200\" \/>\n\t<meta property=\"og:image:type\" content=\"image\/jpeg\" \/>\n<meta name=\"twitter:card\" content=\"summary_large_image\" \/>\n<meta name=\"twitter:label1\" content=\"Est. reading time\" \/>\n\t<meta name=\"twitter:data1\" content=\"2 minutes\" \/>\n<script type=\"application\/ld+json\" class=\"yoast-schema-graph\">{\"@context\":\"https:\\\/\\\/schema.org\",\"@graph\":[{\"@type\":[\"WebPage\",\"ItemPage\"],\"@id\":\"https:\\\/\\\/vitablanca.ma\\\/produit\\\/svr-sun-secure-eau-protectrice-biodegradable-spf50200ml\\\/\",\"url\":\"https:\\\/\\\/vitablanca.ma\\\/produit\\\/svr-sun-secure-eau-protectrice-biodegradable-spf50200ml\\\/\",\"name\":\"SVR SUN SECURE EAU PROTECTRICE BIODEGRADABLE SPF50+200ML - Maroc Prix\",\"isPartOf\":{\"@id\":\"https:\\\/\\\/vitablanca.ma\\\/#website\"},\"primaryImageOfPage\":{\"@id\":\"https:\\\/\\\/vitablanca.ma\\\/produit\\\/svr-sun-secure-eau-protectrice-biodegradable-spf50200ml\\\/#primaryimage\"},\"image\":{\"@id\":\"https:\\\/\\\/vitablanca.ma\\\/produit\\\/svr-sun-secure-eau-protectrice-biodegradable-spf50200ml\\\/#primaryimage\"},\"thumbnailUrl\":\"https:\\\/\\\/vitablanca.ma\\\/wp-content\\\/uploads\\\/2025\\\/06\\\/CORRECTEUR-UNIFORMISANT-ANTI-TACHES-SPF30-30ML-CLAIRIAL-SVR-Nova-para-prix-Maroc.jpg\",\"datePublished\":\"2025-06-11T21:32:48+00:00\",\"dateModified\":\"2026-01-21T17:42:21+00:00\",\"description\":\"SVR SUN SECURE EAU PROTECTRICE BIODEGRADABLE SPF50+200ML\",\"breadcrumb\":{\"@id\":\"https:\\\/\\\/vitablanca.ma\\\/produit\\\/svr-sun-secure-eau-protectrice-biodegradable-spf50200ml\\\/#breadcrumb\"},\"inLanguage\":\"en-US\",\"potentialAction\":[{\"@type\":\"ReadAction\",\"target\":[\"https:\\\/\\\/vitablanca.ma\\\/produit\\\/svr-sun-secure-eau-protectrice-biodegradable-spf50200ml\\\/\"]}]},{\"@type\":\"ImageObject\",\"inLanguage\":\"en-US\",\"@id\":\"https:\\\/\\\/vitablanca.ma\\\/produit\\\/svr-sun-secure-eau-protectrice-biodegradable-spf50200ml\\\/#primaryimage\",\"url\":\"https:\\\/\\\/vitablanca.ma\\\/wp-content\\\/uploads\\\/2025\\\/06\\\/CORRECTEUR-UNIFORMISANT-ANTI-TACHES-SPF30-30ML-CLAIRIAL-SVR-Nova-para-prix-Maroc.jpg\",\"contentUrl\":\"https:\\\/\\\/vitablanca.ma\\\/wp-content\\\/uploads\\\/2025\\\/06\\\/CORRECTEUR-UNIFORMISANT-ANTI-TACHES-SPF30-30ML-CLAIRIAL-SVR-Nova-para-prix-Maroc.jpg\",\"width\":1200,\"height\":1200},{\"@type\":\"BreadcrumbList\",\"@id\":\"https:\\\/\\\/vitablanca.ma\\\/produit\\\/svr-sun-secure-eau-protectrice-biodegradable-spf50200ml\\\/#breadcrumb\",\"itemListElement\":[{\"@type\":\"ListItem\",\"position\":1,\"name\":\"Home\",\"item\":\"https:\\\/\\\/vitablanca.ma\\\/\"},{\"@type\":\"ListItem\",\"position\":2,\"name\":\"Tous Les Produits\",\"item\":\"https:\\\/\\\/vitablanca.ma\\\/tous-les-produits\\\/\"},{\"@type\":\"ListItem\",\"position\":3,\"name\":\"SVR SUN SECURE EAU PROTECTRICE BIODEGRADABLE SPF50+200ML\"}]},{\"@type\":\"WebSite\",\"@id\":\"https:\\\/\\\/vitablanca.ma\\\/#website\",\"url\":\"https:\\\/\\\/vitablanca.ma\\\/\",\"name\":\"VitaBlanca.ma | Compl\u00e9ments alimentaires, sant\u00e9 & beaut\u00e9 au Maroc\",\"description\":\"vendre vitamines et compl\u00e9ments premium des USA &amp; Canada, Nouvelle Z\u00e9lande,Maroc (NOW Foods, Solgar, Manuka). Livraison rapide partout au Maroc.\",\"publisher\":{\"@id\":\"https:\\\/\\\/vitablanca.ma\\\/#organization\"},\"alternateName\":\"VitaBlanca.ma\",\"potentialAction\":[{\"@type\":\"SearchAction\",\"target\":{\"@type\":\"EntryPoint\",\"urlTemplate\":\"https:\\\/\\\/vitablanca.ma\\\/?s={search_term_string}\"},\"query-input\":{\"@type\":\"PropertyValueSpecification\",\"valueRequired\":true,\"valueName\":\"search_term_string\"}}],\"inLanguage\":\"en-US\"},{\"@type\":\"Organization\",\"@id\":\"https:\\\/\\\/vitablanca.ma\\\/#organization\",\"name\":\"VitaBlanca\",\"url\":\"https:\\\/\\\/vitablanca.ma\\\/\",\"logo\":{\"@type\":\"ImageObject\",\"inLanguage\":\"en-US\",\"@id\":\"https:\\\/\\\/vitablanca.ma\\\/#\\\/schema\\\/logo\\\/image\\\/\",\"url\":\"https:\\\/\\\/vitablanca.ma\\\/wp-content\\\/uploads\\\/2025\\\/05\\\/cropped-vitablanca.png\",\"contentUrl\":\"https:\\\/\\\/vitablanca.ma\\\/wp-content\\\/uploads\\\/2025\\\/05\\\/cropped-vitablanca.png\",\"width\":360,\"height\":67,\"caption\":\"VitaBlanca\"},\"image\":{\"@id\":\"https:\\\/\\\/vitablanca.ma\\\/#\\\/schema\\\/logo\\\/image\\\/\"},\"sameAs\":[\"https:\\\/\\\/www.facebook.com\\\/profile.php?id=61576678196717\",\"https:\\\/\\\/www.tiktok.com\\\/@vitablanca.ma\",\"https:\\\/\\\/www.instagram.com\\\/vitablanca.ma\\\/\"]}]}<\/script>\n<!-- \/ Yoast SEO plugin. -->","yoast_head_json":{"title":"SVR SUN SECURE BIODEGRADABLE PROTECTIVE WATER SPF50+ 200ML - Morocco Price","description":"SVR SUN SECURE BIODEGRADABLE PROTECTIVE WATER SPF50+ 200ML","robots":{"index":"index","follow":"follow","max-snippet":"max-snippet:-1","max-image-preview":"max-image-preview:large","max-video-preview":"max-video-preview:-1"},"canonical":"https:\/\/vitablanca.ma\/en\/product\/svr-sun-secure-eau-protectrice-biodegradable-spf50200ml\/","og_locale":"en_US","og_type":"article","og_title":"SVR SUN SECURE EAU PROTECTRICE BIODEGRADABLE SPF50+200ML - Maroc Prix","og_description":"SVR SUN SECURE EAU PROTECTRICE BIODEGRADABLE SPF50+200ML","og_url":"https:\/\/vitablanca.ma\/en\/product\/svr-sun-secure-eau-protectrice-biodegradable-spf50200ml\/","og_site_name":"Vitablanca.ma &ndash; Sant&eacute;, vitalit&eacute; et bien-&ecirc;tre pour tous les Marocains","article_publisher":"https:\/\/www.facebook.com\/profile.php?id=61576678196717","article_modified_time":"2026-01-21T17:42:21+00:00","og_image":[{"width":1200,"height":1200,"url":"https:\/\/vitablanca.ma\/wp-content\/uploads\/2025\/06\/CORRECTEUR-UNIFORMISANT-ANTI-TACHES-SPF30-30ML-CLAIRIAL-SVR-Nova-para-prix-Maroc.jpg","type":"image\/jpeg"}],"twitter_card":"summary_large_image","twitter_misc":{"Est. reading time":"2 minutes"},"schema":{"@context":"https:\/\/schema.org","@graph":[{"@type":["WebPage","ItemPage"],"@id":"https:\/\/vitablanca.ma\/produit\/svr-sun-secure-eau-protectrice-biodegradable-spf50200ml\/","url":"https:\/\/vitablanca.ma\/produit\/svr-sun-secure-eau-protectrice-biodegradable-spf50200ml\/","name":"SVR SUN SECURE BIODEGRADABLE PROTECTIVE WATER SPF50+ 200ML - Morocco Price","isPartOf":{"@id":"https:\/\/vitablanca.ma\/#website"},"primaryImageOfPage":{"@id":"https:\/\/vitablanca.ma\/produit\/svr-sun-secure-eau-protectrice-biodegradable-spf50200ml\/#primaryimage"},"image":{"@id":"https:\/\/vitablanca.ma\/produit\/svr-sun-secure-eau-protectrice-biodegradable-spf50200ml\/#primaryimage"},"thumbnailUrl":"https:\/\/vitablanca.ma\/wp-content\/uploads\/2025\/06\/CORRECTEUR-UNIFORMISANT-ANTI-TACHES-SPF30-30ML-CLAIRIAL-SVR-Nova-para-prix-Maroc.jpg","datePublished":"2025-06-11T21:32:48+00:00","dateModified":"2026-01-21T17:42:21+00:00","description":"SVR SUN SECURE BIODEGRADABLE PROTECTIVE WATER SPF50+ 200ML","breadcrumb":{"@id":"https:\/\/vitablanca.ma\/produit\/svr-sun-secure-eau-protectrice-biodegradable-spf50200ml\/#breadcrumb"},"inLanguage":"en-US","potentialAction":[{"@type":"ReadAction","target":["https:\/\/vitablanca.ma\/produit\/svr-sun-secure-eau-protectrice-biodegradable-spf50200ml\/"]}]},{"@type":"ImageObject","inLanguage":"en-US","@id":"https:\/\/vitablanca.ma\/produit\/svr-sun-secure-eau-protectrice-biodegradable-spf50200ml\/#primaryimage","url":"https:\/\/vitablanca.ma\/wp-content\/uploads\/2025\/06\/CORRECTEUR-UNIFORMISANT-ANTI-TACHES-SPF30-30ML-CLAIRIAL-SVR-Nova-para-prix-Maroc.jpg","contentUrl":"https:\/\/vitablanca.ma\/wp-content\/uploads\/2025\/06\/CORRECTEUR-UNIFORMISANT-ANTI-TACHES-SPF30-30ML-CLAIRIAL-SVR-Nova-para-prix-Maroc.jpg","width":1200,"height":1200},{"@type":"BreadcrumbList","@id":"https:\/\/vitablanca.ma\/produit\/svr-sun-secure-eau-protectrice-biodegradable-spf50200ml\/#breadcrumb","itemListElement":[{"@type":"ListItem","position":1,"name":"Home","item":"https:\/\/vitablanca.ma\/"},{"@type":"ListItem","position":2,"name":"Tous Les Produits","item":"https:\/\/vitablanca.ma\/tous-les-produits\/"},{"@type":"ListItem","position":3,"name":"SVR SUN SECURE EAU PROTECTRICE BIODEGRADABLE SPF50+200ML"}]},{"@type":"WebSite","@id":"https:\/\/vitablanca.ma\/#website","url":"https:\/\/vitablanca.ma\/","name":"VitaBlanca.ma | Food supplements, health &amp; beauty in Morocco","description":"sell premium vitamins and supplements from USA &amp; Canada, New Zealand, Morocco (NOW Foods, Solgar, Manuka). Fast delivery anywhere in Morocco.","publisher":{"@id":"https:\/\/vitablanca.ma\/#organization"},"alternateName":"VitaBlanca.ma","potentialAction":[{"@type":"SearchAction","target":{"@type":"EntryPoint","urlTemplate":"https:\/\/vitablanca.ma\/?s={search_term_string}"},"query-input":{"@type":"PropertyValueSpecification","valueRequired":true,"valueName":"search_term_string"}}],"inLanguage":"en-US"},{"@type":"Organization","@id":"https:\/\/vitablanca.ma\/#organization","name":"VitaBlanca","url":"https:\/\/vitablanca.ma\/","logo":{"@type":"ImageObject","inLanguage":"en-US","@id":"https:\/\/vitablanca.ma\/#\/schema\/logo\/image\/","url":"https:\/\/vitablanca.ma\/wp-content\/uploads\/2025\/05\/cropped-vitablanca.png","contentUrl":"https:\/\/vitablanca.ma\/wp-content\/uploads\/2025\/05\/cropped-vitablanca.png","width":360,"height":67,"caption":"VitaBlanca"},"image":{"@id":"https:\/\/vitablanca.ma\/#\/schema\/logo\/image\/"},"sameAs":["https:\/\/www.facebook.com\/profile.php?id=61576678196717","https:\/\/www.tiktok.com\/@vitablanca.ma","https:\/\/www.instagram.com\/vitablanca.ma\/"]}]}},"jetpack_sharing_enabled":true,"_links":{"self":[{"href":"https:\/\/vitablanca.ma\/en\/wp-json\/wp\/v2\/product\/21919","targetHints":{"allow":["GET"]}}],"collection":[{"href":"https:\/\/vitablanca.ma\/en\/wp-json\/wp\/v2\/product"}],"about":[{"href":"https:\/\/vitablanca.ma\/en\/wp-json\/wp\/v2\/types\/product"}],"wp:featuredmedia":[{"embeddable":true,"href":"https:\/\/vitablanca.ma\/en\/wp-json\/wp\/v2\/media\/21918"}],"wp:attachment":[{"href":"https:\/\/vitablanca.ma\/en\/wp-json\/wp\/v2\/media?parent=21919"}],"wp:term":[{"taxonomy":"product_brand","embeddable":true,"href":"https:\/\/vitablanca.ma\/en\/wp-json\/wp\/v2\/product_brand?post=21919"},{"taxonomy":"product_cat","embeddable":true,"href":"https:\/\/vitablanca.ma\/en\/wp-json\/wp\/v2\/product_cat?post=21919"},{"taxonomy":"product_tag","embeddable":true,"href":"https:\/\/vitablanca.ma\/en\/wp-json\/wp\/v2\/product_tag?post=21919"}],"curies":[{"name":"wp","href":"https:\/\/api.w.org\/{rel}","templated":true}]}}